{"id":29549,"date":"2022-04-27T15:45:24","date_gmt":"2022-04-27T12:45:24","guid":{"rendered":"https:\/\/www.gymnastica.fi\/tuote\/euro-gymnastic-equipment-sunken-landing-pit-with-foam-cubes\/"},"modified":"2025-10-31T16:05:22","modified_gmt":"2025-10-31T14:05:22","slug":"euro-gymnastic-equipment-sunken-landing-pit-with-foam-cubes","status":"publish","type":"product","link":"https:\/\/www.gymnastica.fi\/en\/tuote\/euro-gymnastic-equipment-sunken-landing-pit-with-foam-cubes\/","title":{"rendered":"Euro Gymnastic Equipment sunken landing pit with foam cubes"},"content":{"rendered":"<p>Euro Gymnastic Equipment upotettu alastulomonttu vaahtomuovikuutioilla. Tehokas alastulojen iskunvaimennus. Sis\u00e4lt\u00e4\u00e4 ymp\u00e4rikiert\u00e4v\u00e4n vaahtomuovirakenteisen reunasuojuksen, vaahtomuovikuutiot ja trampoliinirakenteisen pohjaosan.\u00a0Trampoliinirakenteisen pohjaosan verkko on kiinnitetty ter\u00e4sjousin n. 30 cm korkeuteen montun pohjasta mitattuna.\u00a0Syvyys 150 cm.<\/p>\n","protected":false},"excerpt":{"rendered":"<p>Euro Gymnastic Equipment upotettu alastulomonttu vaahtomuovikuutioilla. Tehokas alastulojen iskunvaimennus. Sis\u00e4lt\u00e4\u00e4 ymp\u00e4rikiert\u00e4v\u00e4n vaahtomuovirakenteisen reunasuojuksen, vaahtomuovikuutiot ja trampoliinirakenteisen pohjaosan.\u00a0Trampoliinirakenteisen pohjaosan verkko on kiinnitetty ter\u00e4sjousin n. 30 cm korkeuteen montun pohjasta mitattuna.\u00a0Syvyys 150 cm.<\/p>\n","protected":false},"featured_media":10437,"template":"","meta":{"_acf_changed":false,"_relevanssi_hide_post":"","_relevanssi_hide_content":"","_relevanssi_pin_for_all":"","_relevanssi_pin_keywords":"","_relevanssi_unpin_keywords":"","_relevanssi_related_keywords":"","_relevanssi_related_include_ids":"","_relevanssi_related_exclude_ids":"","_relevanssi_related_no_append":"","_relevanssi_related_not_related":"","_relevanssi_related_posts":"","_relevanssi_noindex_reason":""},"product_brand":[],"product_cat":[1633,2370,1925,1915,2378],"product_tag":[2371,2379],"manufacturers":[],"suppliers":[],"class_list":{"0":"post-29549","1":"product","2":"type-product","3":"status-publish","4":"has-post-thumbnail","6":"product_cat-brands","7":"product_cat-euro-gymnastic-equipment-en","8":"product_cat-sport-hall-products","9":"product_cat-artistic-gymnastics","10":"product_cat-landing-pits","11":"product_tag-euro-gymnastic-equipment-en","12":"product_tag-landing-pit","14":"first","15":"onbackorder","16":"taxable","17":"shipping-taxable","18":"product-type-simple"},"acf":[],"yoast_head":"<!-- This site is optimized with the Yoast SEO plugin v26.8 - https:\/\/yoast.com\/product\/yoast-seo-wordpress\/ -->\n<title>Euro Gymnastic Equipment sunken landing pit with foam cubes &#8212; Gymnastica<\/title>\n<meta name=\"robots\" content=\"index, follow, max-snippet:-1, max-image-preview:large, max-video-preview:-1\" \/>\n<link rel=\"canonical\" href=\"https:\/\/www.gymnastica.fi\/en\/tuote\/euro-gymnastic-equipment-sunken-landing-pit-with-foam-cubes\/\" \/>\n<meta property=\"og:locale\" content=\"en_US\" \/>\n<meta property=\"og:type\" content=\"article\" \/>\n<meta property=\"og:title\" content=\"Euro Gymnastic Equipment sunken landing pit with foam cubes &#8212; Gymnastica\" \/>\n<meta property=\"og:description\" content=\"Euro Gymnastic Equipment upotettu alastulomonttu vaahtomuovikuutioilla. Tehokas alastulojen iskunvaimennus. Sis\u00e4lt\u00e4\u00e4 ymp\u00e4rikiert\u00e4v\u00e4n vaahtomuovirakenteisen reunasuojuksen, vaahtomuovikuutiot ja trampoliinirakenteisen pohjaosan.\u00a0Trampoliinirakenteisen pohjaosan verkko on kiinnitetty ter\u00e4sjousin n. 30 cm korkeuteen montun pohjasta mitattuna.\u00a0Syvyys 150 cm.\" \/>\n<meta property=\"og:url\" content=\"https:\/\/www.gymnastica.fi\/en\/tuote\/euro-gymnastic-equipment-sunken-landing-pit-with-foam-cubes\/\" \/>\n<meta property=\"og:site_name\" content=\"Gymnastica\" \/>\n<meta property=\"article:modified_time\" content=\"2025-10-31T14:05:22+00:00\" \/>\n<meta name=\"twitter:card\" content=\"summary_large_image\" \/>\n<script type=\"application\/ld+json\" class=\"yoast-schema-graph\">{\"@context\":\"https:\/\/schema.org\",\"@graph\":[{\"@type\":\"WebPage\",\"@id\":\"https:\/\/www.gymnastica.fi\/en\/tuote\/euro-gymnastic-equipment-sunken-landing-pit-with-foam-cubes\/\",\"url\":\"https:\/\/www.gymnastica.fi\/en\/tuote\/euro-gymnastic-equipment-sunken-landing-pit-with-foam-cubes\/\",\"name\":\"Euro Gymnastic Equipment sunken landing pit with foam cubes &#8212; Gymnastica\",\"isPartOf\":{\"@id\":\"https:\/\/www.gymnastica.fi\/#website\"},\"primaryImageOfPage\":{\"@id\":\"https:\/\/www.gymnastica.fi\/en\/tuote\/euro-gymnastic-equipment-sunken-landing-pit-with-foam-cubes\/#primaryimage\"},\"image\":{\"@id\":\"https:\/\/www.gymnastica.fi\/en\/tuote\/euro-gymnastic-equipment-sunken-landing-pit-with-foam-cubes\/#primaryimage\"},\"thumbnailUrl\":\"https:\/\/www.gymnastica.fi\/app\/uploads\/2022\/04\/EG-006007.jpg\",\"datePublished\":\"2022-04-27T12:45:24+00:00\",\"dateModified\":\"2025-10-31T14:05:22+00:00\",\"breadcrumb\":{\"@id\":\"https:\/\/www.gymnastica.fi\/en\/tuote\/euro-gymnastic-equipment-sunken-landing-pit-with-foam-cubes\/#breadcrumb\"},\"inLanguage\":\"en-US\",\"potentialAction\":[{\"@type\":\"ReadAction\",\"target\":[\"https:\/\/www.gymnastica.fi\/en\/tuote\/euro-gymnastic-equipment-sunken-landing-pit-with-foam-cubes\/\"]}]},{\"@type\":\"ImageObject\",\"inLanguage\":\"en-US\",\"@id\":\"https:\/\/www.gymnastica.fi\/en\/tuote\/euro-gymnastic-equipment-sunken-landing-pit-with-foam-cubes\/#primaryimage\",\"url\":\"https:\/\/www.gymnastica.fi\/app\/uploads\/2022\/04\/EG-006007.jpg\",\"contentUrl\":\"https:\/\/www.gymnastica.fi\/app\/uploads\/2022\/04\/EG-006007.jpg\",\"width\":530,\"height\":463},{\"@type\":\"BreadcrumbList\",\"@id\":\"https:\/\/www.gymnastica.fi\/en\/tuote\/euro-gymnastic-equipment-sunken-landing-pit-with-foam-cubes\/#breadcrumb\",\"itemListElement\":[{\"@type\":\"ListItem\",\"position\":1,\"name\":\"Home\",\"item\":\"https:\/\/www.gymnastica.fi\/en\/\"},{\"@type\":\"ListItem\",\"position\":2,\"name\":\"Shop\",\"item\":\"https:\/\/www.gymnastica.fi\/en\/shop\/\"},{\"@type\":\"ListItem\",\"position\":3,\"name\":\"Euro Gymnastic Equipment sunken landing pit with foam cubes\"}]},{\"@type\":\"WebSite\",\"@id\":\"https:\/\/www.gymnastica.fi\/#website\",\"url\":\"https:\/\/www.gymnastica.fi\/\",\"name\":\"Gymnastica\",\"description\":\"Liikunta- ja urheilutilasuunnittelun ja v\u00e4lineiden asiantuntija\",\"publisher\":{\"@id\":\"https:\/\/www.gymnastica.fi\/#organization\"},\"potentialAction\":[{\"@type\":\"SearchAction\",\"target\":{\"@type\":\"EntryPoint\",\"urlTemplate\":\"https:\/\/www.gymnastica.fi\/?s={search_term_string}\"},\"query-input\":{\"@type\":\"PropertyValueSpecification\",\"valueRequired\":true,\"valueName\":\"search_term_string\"}}],\"inLanguage\":\"en-US\"},{\"@type\":\"Organization\",\"@id\":\"https:\/\/www.gymnastica.fi\/#organization\",\"name\":\"Gymnastica\",\"url\":\"https:\/\/www.gymnastica.fi\/\",\"logo\":{\"@type\":\"ImageObject\",\"inLanguage\":\"en-US\",\"@id\":\"https:\/\/www.gymnastica.fi\/#\/schema\/logo\/image\/\",\"url\":\"https:\/\/www.gymnastica.fi\/app\/uploads\/2021\/04\/logo.svg\",\"contentUrl\":\"https:\/\/www.gymnastica.fi\/app\/uploads\/2021\/04\/logo.svg\",\"width\":246,\"height\":59,\"caption\":\"Gymnastica\"},\"image\":{\"@id\":\"https:\/\/www.gymnastica.fi\/#\/schema\/logo\/image\/\"}}]}<\/script>\n<!-- \/ Yoast SEO plugin. -->","yoast_head_json":{"title":"Euro Gymnastic Equipment sunken landing pit with foam cubes &#8212; Gymnastica","robots":{"index":"index","follow":"follow","max-snippet":"max-snippet:-1","max-image-preview":"max-image-preview:large","max-video-preview":"max-video-preview:-1"},"canonical":"https:\/\/www.gymnastica.fi\/en\/tuote\/euro-gymnastic-equipment-sunken-landing-pit-with-foam-cubes\/","og_locale":"en_US","og_type":"article","og_title":"Euro Gymnastic Equipment sunken landing pit with foam cubes &#8212; Gymnastica","og_description":"Euro Gymnastic Equipment upotettu alastulomonttu vaahtomuovikuutioilla. Tehokas alastulojen iskunvaimennus. Sis\u00e4lt\u00e4\u00e4 ymp\u00e4rikiert\u00e4v\u00e4n vaahtomuovirakenteisen reunasuojuksen, vaahtomuovikuutiot ja trampoliinirakenteisen pohjaosan.\u00a0Trampoliinirakenteisen pohjaosan verkko on kiinnitetty ter\u00e4sjousin n. 30 cm korkeuteen montun pohjasta mitattuna.\u00a0Syvyys 150 cm.","og_url":"https:\/\/www.gymnastica.fi\/en\/tuote\/euro-gymnastic-equipment-sunken-landing-pit-with-foam-cubes\/","og_site_name":"Gymnastica","article_modified_time":"2025-10-31T14:05:22+00:00","twitter_card":"summary_large_image","schema":{"@context":"https:\/\/schema.org","@graph":[{"@type":"WebPage","@id":"https:\/\/www.gymnastica.fi\/en\/tuote\/euro-gymnastic-equipment-sunken-landing-pit-with-foam-cubes\/","url":"https:\/\/www.gymnastica.fi\/en\/tuote\/euro-gymnastic-equipment-sunken-landing-pit-with-foam-cubes\/","name":"Euro Gymnastic Equipment sunken landing pit with foam cubes &#8212; Gymnastica","isPartOf":{"@id":"https:\/\/www.gymnastica.fi\/#website"},"primaryImageOfPage":{"@id":"https:\/\/www.gymnastica.fi\/en\/tuote\/euro-gymnastic-equipment-sunken-landing-pit-with-foam-cubes\/#primaryimage"},"image":{"@id":"https:\/\/www.gymnastica.fi\/en\/tuote\/euro-gymnastic-equipment-sunken-landing-pit-with-foam-cubes\/#primaryimage"},"thumbnailUrl":"https:\/\/www.gymnastica.fi\/app\/uploads\/2022\/04\/EG-006007.jpg","datePublished":"2022-04-27T12:45:24+00:00","dateModified":"2025-10-31T14:05:22+00:00","breadcrumb":{"@id":"https:\/\/www.gymnastica.fi\/en\/tuote\/euro-gymnastic-equipment-sunken-landing-pit-with-foam-cubes\/#breadcrumb"},"inLanguage":"en-US","potentialAction":[{"@type":"ReadAction","target":["https:\/\/www.gymnastica.fi\/en\/tuote\/euro-gymnastic-equipment-sunken-landing-pit-with-foam-cubes\/"]}]},{"@type":"ImageObject","inLanguage":"en-US","@id":"https:\/\/www.gymnastica.fi\/en\/tuote\/euro-gymnastic-equipment-sunken-landing-pit-with-foam-cubes\/#primaryimage","url":"https:\/\/www.gymnastica.fi\/app\/uploads\/2022\/04\/EG-006007.jpg","contentUrl":"https:\/\/www.gymnastica.fi\/app\/uploads\/2022\/04\/EG-006007.jpg","width":530,"height":463},{"@type":"BreadcrumbList","@id":"https:\/\/www.gymnastica.fi\/en\/tuote\/euro-gymnastic-equipment-sunken-landing-pit-with-foam-cubes\/#breadcrumb","itemListElement":[{"@type":"ListItem","position":1,"name":"Home","item":"https:\/\/www.gymnastica.fi\/en\/"},{"@type":"ListItem","position":2,"name":"Shop","item":"https:\/\/www.gymnastica.fi\/en\/shop\/"},{"@type":"ListItem","position":3,"name":"Euro Gymnastic Equipment sunken landing pit with foam cubes"}]},{"@type":"WebSite","@id":"https:\/\/www.gymnastica.fi\/#website","url":"https:\/\/www.gymnastica.fi\/","name":"Gymnastica","description":"Liikunta- ja urheilutilasuunnittelun ja v\u00e4lineiden asiantuntija","publisher":{"@id":"https:\/\/www.gymnastica.fi\/#organization"},"potentialAction":[{"@type":"SearchAction","target":{"@type":"EntryPoint","urlTemplate":"https:\/\/www.gymnastica.fi\/?s={search_term_string}"},"query-input":{"@type":"PropertyValueSpecification","valueRequired":true,"valueName":"search_term_string"}}],"inLanguage":"en-US"},{"@type":"Organization","@id":"https:\/\/www.gymnastica.fi\/#organization","name":"Gymnastica","url":"https:\/\/www.gymnastica.fi\/","logo":{"@type":"ImageObject","inLanguage":"en-US","@id":"https:\/\/www.gymnastica.fi\/#\/schema\/logo\/image\/","url":"https:\/\/www.gymnastica.fi\/app\/uploads\/2021\/04\/logo.svg","contentUrl":"https:\/\/www.gymnastica.fi\/app\/uploads\/2021\/04\/logo.svg","width":246,"height":59,"caption":"Gymnastica"},"image":{"@id":"https:\/\/www.gymnastica.fi\/#\/schema\/logo\/image\/"}}]}},"_links":{"self":[{"href":"https:\/\/www.gymnastica.fi\/en\/wp-json\/wp\/v2\/product\/29549","targetHints":{"allow":["GET"]}}],"collection":[{"href":"https:\/\/www.gymnastica.fi\/en\/wp-json\/wp\/v2\/product"}],"about":[{"href":"https:\/\/www.gymnastica.fi\/en\/wp-json\/wp\/v2\/types\/product"}],"wp:featuredmedia":[{"embeddable":true,"href":"https:\/\/www.gymnastica.fi\/en\/wp-json\/wp\/v2\/media\/10437"}],"wp:attachment":[{"href":"https:\/\/www.gymnastica.fi\/en\/wp-json\/wp\/v2\/media?parent=29549"}],"wp:term":[{"taxonomy":"product_brand","embeddable":true,"href":"https:\/\/www.gymnastica.fi\/en\/wp-json\/wp\/v2\/product_brand?post=29549"},{"taxonomy":"product_cat","embeddable":true,"href":"https:\/\/www.gymnastica.fi\/en\/wp-json\/wp\/v2\/product_cat?post=29549"},{"taxonomy":"product_tag","embeddable":true,"href":"https:\/\/www.gymnastica.fi\/en\/wp-json\/wp\/v2\/product_tag?post=29549"},{"taxonomy":"manufacturers","embeddable":true,"href":"https:\/\/www.gymnastica.fi\/en\/wp-json\/wp\/v2\/manufacturers?post=29549"},{"taxonomy":"suppliers","embeddable":true,"href":"https:\/\/www.gymnastica.fi\/en\/wp-json\/wp\/v2\/suppliers?post=29549"}],"curies":[{"name":"wp","href":"https:\/\/api.w.org\/{rel}","templated":true}]}}