{"id":29879,"date":"2022-04-27T15:41:03","date_gmt":"2022-04-27T12:41:03","guid":{"rendered":"https:\/\/www.gymnastica.fi\/tuote\/airgym-inflatable-incline-m\/"},"modified":"2025-10-31T16:04:22","modified_gmt":"2025-10-31T14:04:22","slug":"airgym-inflatable-incline-m-ag-180-120-15-30","status":"publish","type":"product","link":"https:\/\/www.gymnastica.fi\/en\/tuote\/airgym-inflatable-incline-m-ag-180-120-15-30\/","title":{"rendered":"Airgym inflatable incline M AG-180-120-15\/30"},"content":{"rendered":"<p class=\"tw-data-text tw-text-large tw-ta\" dir=\"ltr\" data-placeholder=\"K\u00e4\u00e4nn\u00f6s\" data-ved=\"2ahUKEwiJkuL4mrGLAxVuKBAIHYpjLMYQ3ewLegQIBxAV\" aria-label=\"K\u00e4\u00e4nnetty teksti: Airgym inflatable wedge Medium e.g. for training jumps, different level plank movements and strength movements. Size 180 x 120 x 15\/30 cm. Carrying handles on the sides. The numbers help the gymnast visualize himself in relation to the air mattress. The hardness can be easily adjusted with the help of pressure control valves. The PVC cover does not contain phthalates. Includes carrying case and repair kit.\"><span class=\"Y2IQFc\" lang=\"en\">Size 180 x 120 x 15\/30 cm. Carrying handles on the sides.<br \/>\n<\/span><\/p>\n<p id=\"tw-target-text\" class=\"tw-data-text tw-text-large tw-ta\" dir=\"ltr\" data-placeholder=\"K\u00e4\u00e4nn\u00f6s\" data-ved=\"2ahUKEwiJkuL4mrGLAxVuKBAIHYpjLMYQ3ewLegQIBxAV\" aria-label=\"K\u00e4\u00e4nnetty teksti: Airgym inflatable wedge Medium e.g. for training jumps, different level plank movements and strength movements. Size 180 x 120 x 15\/30 cm. Carrying handles on the sides. The numbers help the gymnast visualize himself in relation to the air mattress. The hardness can be easily adjusted with the help of pressure control valves. The PVC cover does not contain phthalates. Includes carrying case and repair kit.\"><span class=\"Y2IQFc\" lang=\"en\">The PVC cover does not contain phthalates. Includes carrying case and repair kit.<\/span><\/p>\n<pre id=\"tw-target-text\" class=\"tw-data-text tw-text-large tw-ta\" dir=\"ltr\" data-placeholder=\"K\u00e4\u00e4nn\u00f6s\" data-ved=\"2ahUKEwiJkuL4mrGLAxVuKBAIHYpjLMYQ3ewLegQIBxAV\" aria-label=\"K\u00e4\u00e4nnetty teksti: Airgym inflatable wedge Medium e.g. for training jumps, different level plank movements and strength movements. Size 180 x 120 x 15\/30 cm. Carrying handles on the sides. The numbers help the gymnast visualize himself in relation to the air mattress. The hardness can be easily adjusted with the help of pressure control valves. The PVC cover does not contain phthalates. Includes carrying case and repair kit.\"><span class=\"Y2IQFc\" lang=\"en\">\u00a0<\/span><\/pre>\n","protected":false},"excerpt":{"rendered":"<p>Price by quotation<\/p>\n","protected":false},"featured_media":10076,"template":"","meta":{"_acf_changed":false,"_relevanssi_hide_post":"","_relevanssi_hide_content":"","_relevanssi_pin_for_all":"","_relevanssi_pin_keywords":"","_relevanssi_unpin_keywords":"","_relevanssi_related_keywords":"","_relevanssi_related_include_ids":"","_relevanssi_related_exclude_ids":"","_relevanssi_related_no_append":"","_relevanssi_related_not_related":"","_relevanssi_related_posts":"","_relevanssi_noindex_reason":""},"product_brand":[],"product_cat":[1633,2629,1925,2630],"product_tag":[2631,2632,2633],"manufacturers":[],"suppliers":[],"class_list":{"0":"post-29879","1":"product","2":"type-product","3":"status-publish","4":"has-post-thumbnail","6":"product_cat-brands","7":"product_cat-airgym-en","8":"product_cat-sport-hall-products","9":"product_cat-inflatable-range","10":"product_tag-airgym-en","11":"product_tag-inflatable-module","12":"product_tag-inflatable-wedge","14":"first","15":"onbackorder","16":"taxable","17":"shipping-taxable","18":"product-type-simple"},"acf":[],"yoast_head":"<!-- This site is optimized with the Yoast SEO plugin v26.8 - https:\/\/yoast.com\/product\/yoast-seo-wordpress\/ -->\n<title>Airgym inflatable incline M AG-180-120-15\/30 &#8212; Gymnastica<\/title>\n<meta name=\"robots\" content=\"index, follow, max-snippet:-1, max-image-preview:large, max-video-preview:-1\" \/>\n<link rel=\"canonical\" href=\"https:\/\/www.gymnastica.fi\/en\/tuote\/airgym-inflatable-incline-m-ag-180-120-15-30\/\" \/>\n<meta property=\"og:locale\" content=\"en_US\" \/>\n<meta property=\"og:type\" content=\"article\" \/>\n<meta property=\"og:title\" content=\"Airgym inflatable incline M AG-180-120-15\/30 &#8212; Gymnastica\" \/>\n<meta property=\"og:description\" content=\"Price by quotation\" \/>\n<meta property=\"og:url\" content=\"https:\/\/www.gymnastica.fi\/en\/tuote\/airgym-inflatable-incline-m-ag-180-120-15-30\/\" \/>\n<meta property=\"og:site_name\" content=\"Gymnastica\" \/>\n<meta property=\"article:modified_time\" content=\"2025-10-31T14:04:22+00:00\" \/>\n<meta name=\"twitter:card\" content=\"summary_large_image\" \/>\n<script type=\"application\/ld+json\" class=\"yoast-schema-graph\">{\"@context\":\"https:\/\/schema.org\",\"@graph\":[{\"@type\":\"WebPage\",\"@id\":\"https:\/\/www.gymnastica.fi\/en\/tuote\/airgym-inflatable-incline-m-ag-180-120-15-30\/\",\"url\":\"https:\/\/www.gymnastica.fi\/en\/tuote\/airgym-inflatable-incline-m-ag-180-120-15-30\/\",\"name\":\"Airgym inflatable incline M AG-180-120-15\/30 &#8212; Gymnastica\",\"isPartOf\":{\"@id\":\"https:\/\/www.gymnastica.fi\/#website\"},\"primaryImageOfPage\":{\"@id\":\"https:\/\/www.gymnastica.fi\/en\/tuote\/airgym-inflatable-incline-m-ag-180-120-15-30\/#primaryimage\"},\"image\":{\"@id\":\"https:\/\/www.gymnastica.fi\/en\/tuote\/airgym-inflatable-incline-m-ag-180-120-15-30\/#primaryimage\"},\"thumbnailUrl\":\"https:\/\/www.gymnastica.fi\/app\/uploads\/2022\/04\/AG-180-120-1530.jpg\",\"datePublished\":\"2022-04-27T12:41:03+00:00\",\"dateModified\":\"2025-10-31T14:04:22+00:00\",\"breadcrumb\":{\"@id\":\"https:\/\/www.gymnastica.fi\/en\/tuote\/airgym-inflatable-incline-m-ag-180-120-15-30\/#breadcrumb\"},\"inLanguage\":\"en-US\",\"potentialAction\":[{\"@type\":\"ReadAction\",\"target\":[\"https:\/\/www.gymnastica.fi\/en\/tuote\/airgym-inflatable-incline-m-ag-180-120-15-30\/\"]}]},{\"@type\":\"ImageObject\",\"inLanguage\":\"en-US\",\"@id\":\"https:\/\/www.gymnastica.fi\/en\/tuote\/airgym-inflatable-incline-m-ag-180-120-15-30\/#primaryimage\",\"url\":\"https:\/\/www.gymnastica.fi\/app\/uploads\/2022\/04\/AG-180-120-1530.jpg\",\"contentUrl\":\"https:\/\/www.gymnastica.fi\/app\/uploads\/2022\/04\/AG-180-120-1530.jpg\",\"width\":230,\"height\":160},{\"@type\":\"BreadcrumbList\",\"@id\":\"https:\/\/www.gymnastica.fi\/en\/tuote\/airgym-inflatable-incline-m-ag-180-120-15-30\/#breadcrumb\",\"itemListElement\":[{\"@type\":\"ListItem\",\"position\":1,\"name\":\"Home\",\"item\":\"https:\/\/www.gymnastica.fi\/en\/\"},{\"@type\":\"ListItem\",\"position\":2,\"name\":\"Shop\",\"item\":\"https:\/\/www.gymnastica.fi\/en\/shop\/\"},{\"@type\":\"ListItem\",\"position\":3,\"name\":\"Airgym inflatable incline M AG-180-120-15\/30\"}]},{\"@type\":\"WebSite\",\"@id\":\"https:\/\/www.gymnastica.fi\/#website\",\"url\":\"https:\/\/www.gymnastica.fi\/\",\"name\":\"Gymnastica\",\"description\":\"Liikunta- ja urheilutilasuunnittelun ja v\u00e4lineiden asiantuntija\",\"publisher\":{\"@id\":\"https:\/\/www.gymnastica.fi\/#organization\"},\"potentialAction\":[{\"@type\":\"SearchAction\",\"target\":{\"@type\":\"EntryPoint\",\"urlTemplate\":\"https:\/\/www.gymnastica.fi\/?s={search_term_string}\"},\"query-input\":{\"@type\":\"PropertyValueSpecification\",\"valueRequired\":true,\"valueName\":\"search_term_string\"}}],\"inLanguage\":\"en-US\"},{\"@type\":\"Organization\",\"@id\":\"https:\/\/www.gymnastica.fi\/#organization\",\"name\":\"Gymnastica\",\"url\":\"https:\/\/www.gymnastica.fi\/\",\"logo\":{\"@type\":\"ImageObject\",\"inLanguage\":\"en-US\",\"@id\":\"https:\/\/www.gymnastica.fi\/#\/schema\/logo\/image\/\",\"url\":\"https:\/\/www.gymnastica.fi\/app\/uploads\/2021\/04\/logo.svg\",\"contentUrl\":\"https:\/\/www.gymnastica.fi\/app\/uploads\/2021\/04\/logo.svg\",\"width\":246,\"height\":59,\"caption\":\"Gymnastica\"},\"image\":{\"@id\":\"https:\/\/www.gymnastica.fi\/#\/schema\/logo\/image\/\"}}]}<\/script>\n<!-- \/ Yoast SEO plugin. -->","yoast_head_json":{"title":"Airgym inflatable incline M AG-180-120-15\/30 &#8212; Gymnastica","robots":{"index":"index","follow":"follow","max-snippet":"max-snippet:-1","max-image-preview":"max-image-preview:large","max-video-preview":"max-video-preview:-1"},"canonical":"https:\/\/www.gymnastica.fi\/en\/tuote\/airgym-inflatable-incline-m-ag-180-120-15-30\/","og_locale":"en_US","og_type":"article","og_title":"Airgym inflatable incline M AG-180-120-15\/30 &#8212; Gymnastica","og_description":"Price by quotation","og_url":"https:\/\/www.gymnastica.fi\/en\/tuote\/airgym-inflatable-incline-m-ag-180-120-15-30\/","og_site_name":"Gymnastica","article_modified_time":"2025-10-31T14:04:22+00:00","twitter_card":"summary_large_image","schema":{"@context":"https:\/\/schema.org","@graph":[{"@type":"WebPage","@id":"https:\/\/www.gymnastica.fi\/en\/tuote\/airgym-inflatable-incline-m-ag-180-120-15-30\/","url":"https:\/\/www.gymnastica.fi\/en\/tuote\/airgym-inflatable-incline-m-ag-180-120-15-30\/","name":"Airgym inflatable incline M AG-180-120-15\/30 &#8212; Gymnastica","isPartOf":{"@id":"https:\/\/www.gymnastica.fi\/#website"},"primaryImageOfPage":{"@id":"https:\/\/www.gymnastica.fi\/en\/tuote\/airgym-inflatable-incline-m-ag-180-120-15-30\/#primaryimage"},"image":{"@id":"https:\/\/www.gymnastica.fi\/en\/tuote\/airgym-inflatable-incline-m-ag-180-120-15-30\/#primaryimage"},"thumbnailUrl":"https:\/\/www.gymnastica.fi\/app\/uploads\/2022\/04\/AG-180-120-1530.jpg","datePublished":"2022-04-27T12:41:03+00:00","dateModified":"2025-10-31T14:04:22+00:00","breadcrumb":{"@id":"https:\/\/www.gymnastica.fi\/en\/tuote\/airgym-inflatable-incline-m-ag-180-120-15-30\/#breadcrumb"},"inLanguage":"en-US","potentialAction":[{"@type":"ReadAction","target":["https:\/\/www.gymnastica.fi\/en\/tuote\/airgym-inflatable-incline-m-ag-180-120-15-30\/"]}]},{"@type":"ImageObject","inLanguage":"en-US","@id":"https:\/\/www.gymnastica.fi\/en\/tuote\/airgym-inflatable-incline-m-ag-180-120-15-30\/#primaryimage","url":"https:\/\/www.gymnastica.fi\/app\/uploads\/2022\/04\/AG-180-120-1530.jpg","contentUrl":"https:\/\/www.gymnastica.fi\/app\/uploads\/2022\/04\/AG-180-120-1530.jpg","width":230,"height":160},{"@type":"BreadcrumbList","@id":"https:\/\/www.gymnastica.fi\/en\/tuote\/airgym-inflatable-incline-m-ag-180-120-15-30\/#breadcrumb","itemListElement":[{"@type":"ListItem","position":1,"name":"Home","item":"https:\/\/www.gymnastica.fi\/en\/"},{"@type":"ListItem","position":2,"name":"Shop","item":"https:\/\/www.gymnastica.fi\/en\/shop\/"},{"@type":"ListItem","position":3,"name":"Airgym inflatable incline M AG-180-120-15\/30"}]},{"@type":"WebSite","@id":"https:\/\/www.gymnastica.fi\/#website","url":"https:\/\/www.gymnastica.fi\/","name":"Gymnastica","description":"Liikunta- ja urheilutilasuunnittelun ja v\u00e4lineiden asiantuntija","publisher":{"@id":"https:\/\/www.gymnastica.fi\/#organization"},"potentialAction":[{"@type":"SearchAction","target":{"@type":"EntryPoint","urlTemplate":"https:\/\/www.gymnastica.fi\/?s={search_term_string}"},"query-input":{"@type":"PropertyValueSpecification","valueRequired":true,"valueName":"search_term_string"}}],"inLanguage":"en-US"},{"@type":"Organization","@id":"https:\/\/www.gymnastica.fi\/#organization","name":"Gymnastica","url":"https:\/\/www.gymnastica.fi\/","logo":{"@type":"ImageObject","inLanguage":"en-US","@id":"https:\/\/www.gymnastica.fi\/#\/schema\/logo\/image\/","url":"https:\/\/www.gymnastica.fi\/app\/uploads\/2021\/04\/logo.svg","contentUrl":"https:\/\/www.gymnastica.fi\/app\/uploads\/2021\/04\/logo.svg","width":246,"height":59,"caption":"Gymnastica"},"image":{"@id":"https:\/\/www.gymnastica.fi\/#\/schema\/logo\/image\/"}}]}},"_links":{"self":[{"href":"https:\/\/www.gymnastica.fi\/en\/wp-json\/wp\/v2\/product\/29879","targetHints":{"allow":["GET"]}}],"collection":[{"href":"https:\/\/www.gymnastica.fi\/en\/wp-json\/wp\/v2\/product"}],"about":[{"href":"https:\/\/www.gymnastica.fi\/en\/wp-json\/wp\/v2\/types\/product"}],"wp:featuredmedia":[{"embeddable":true,"href":"https:\/\/www.gymnastica.fi\/en\/wp-json\/wp\/v2\/media\/10076"}],"wp:attachment":[{"href":"https:\/\/www.gymnastica.fi\/en\/wp-json\/wp\/v2\/media?parent=29879"}],"wp:term":[{"taxonomy":"product_brand","embeddable":true,"href":"https:\/\/www.gymnastica.fi\/en\/wp-json\/wp\/v2\/product_brand?post=29879"},{"taxonomy":"product_cat","embeddable":true,"href":"https:\/\/www.gymnastica.fi\/en\/wp-json\/wp\/v2\/product_cat?post=29879"},{"taxonomy":"product_tag","embeddable":true,"href":"https:\/\/www.gymnastica.fi\/en\/wp-json\/wp\/v2\/product_tag?post=29879"},{"taxonomy":"manufacturers","embeddable":true,"href":"https:\/\/www.gymnastica.fi\/en\/wp-json\/wp\/v2\/manufacturers?post=29879"},{"taxonomy":"suppliers","embeddable":true,"href":"https:\/\/www.gymnastica.fi\/en\/wp-json\/wp\/v2\/suppliers?post=29879"}],"curies":[{"name":"wp","href":"https:\/\/api.w.org\/{rel}","templated":true}]}}