{"id":29967,"date":"2022-04-27T15:26:46","date_gmt":"2022-04-27T12:26:46","guid":{"rendered":"https:\/\/www.gymnastica.fi\/tuote\/gymnova-educgym-vario-cylinder-module-100-x-90-cm\/"},"modified":"2025-10-31T16:04:00","modified_gmt":"2025-10-31T14:04:00","slug":"gymnova-educgym-vario-cylinder-module-100-x-90-cm","status":"publish","type":"product","link":"https:\/\/www.gymnastica.fi\/en\/tuote\/gymnova-educgym-vario-cylinder-module-100-x-90-cm\/","title":{"rendered":"Gymnova Educ\u2019Gym Vario cylinder module 100 x 90 cm\u00a0"},"content":{"rendered":"<p>Gymnova cylinder module 100 x 90 cm&nbsp;(\u00d8xL). 3 modules. Large module dimensions 100 x 90 cm (\u00d8xL). Medium module dimensions 80 x 90 cm (\u00d8xL). Small Module dimensions 60 x 90 cm (\u00d8xL). Weight: 33 kg.&nbsp;Foam module enables various play activities to be set up to encourage the development of coordination and balance in young children. The module can be used alone, in combination with other modules in the same range or with the wooden range. Designed for children from 18th months to 6 years. Set of 3 nesting teaching tunnels to be crossed over or passed through. Phtalate-free 1,000 denier PVC cover with M2 fire rating. Made from polyurethane foam with a density of 46 kg\/ m3.<\/p>\n","protected":false},"excerpt":{"rendered":"<p>Tarjouspyynt\u00f6tuote<\/p>\n","protected":false},"featured_media":9936,"template":"","meta":{"_acf_changed":false,"_relevanssi_hide_post":"","_relevanssi_hide_content":"","_relevanssi_pin_for_all":"","_relevanssi_pin_keywords":"","_relevanssi_unpin_keywords":"","_relevanssi_related_keywords":"","_relevanssi_related_include_ids":"","_relevanssi_related_exclude_ids":"","_relevanssi_related_no_append":"","_relevanssi_related_not_related":"","_relevanssi_related_posts":"","_relevanssi_noindex_reason":""},"product_brand":[],"product_cat":[1633,2645,1925,1915,2414,2422],"product_tag":[2432,2743],"manufacturers":[],"suppliers":[],"class_list":{"0":"post-29967","1":"product","2":"type-product","3":"status-publish","4":"has-post-thumbnail","6":"product_cat-brands","7":"product_cat-gymnova-en","8":"product_cat-sport-hall-products","9":"product_cat-artistic-gymnastics","10":"product_cat-soft-and-wooden-modules","11":"product_cat-mini-apparatus","12":"product_tag-gymnova-educgym-en","13":"product_tag-tunnel-module","15":"first","16":"instock","17":"taxable","18":"shipping-taxable","19":"product-type-simple"},"acf":[],"yoast_head":"<!-- This site is optimized with the Yoast SEO plugin v26.8 - https:\/\/yoast.com\/product\/yoast-seo-wordpress\/ -->\n<title>Gymnova Educ\u2019Gym Vario cylinder module 100 x 90 cm\u00a0 &#8212; Gymnastica<\/title>\n<meta name=\"robots\" content=\"index, follow, max-snippet:-1, max-image-preview:large, max-video-preview:-1\" \/>\n<link rel=\"canonical\" href=\"https:\/\/www.gymnastica.fi\/en\/tuote\/gymnova-educgym-vario-cylinder-module-100-x-90-cm\/\" \/>\n<meta property=\"og:locale\" content=\"en_US\" \/>\n<meta property=\"og:type\" content=\"article\" \/>\n<meta property=\"og:title\" content=\"Gymnova Educ\u2019Gym Vario cylinder module 100 x 90 cm\u00a0 &#8212; Gymnastica\" \/>\n<meta property=\"og:description\" content=\"Tarjouspyynt\u00f6tuote\" \/>\n<meta property=\"og:url\" content=\"https:\/\/www.gymnastica.fi\/en\/tuote\/gymnova-educgym-vario-cylinder-module-100-x-90-cm\/\" \/>\n<meta property=\"og:site_name\" content=\"Gymnastica\" \/>\n<meta property=\"article:modified_time\" content=\"2025-10-31T14:04:00+00:00\" \/>\n<meta name=\"twitter:card\" content=\"summary_large_image\" \/>\n<meta name=\"twitter:label1\" content=\"Est. reading time\" \/>\n\t<meta name=\"twitter:data1\" content=\"1 minute\" \/>\n<script type=\"application\/ld+json\" class=\"yoast-schema-graph\">{\"@context\":\"https:\/\/schema.org\",\"@graph\":[{\"@type\":\"WebPage\",\"@id\":\"https:\/\/www.gymnastica.fi\/en\/tuote\/gymnova-educgym-vario-cylinder-module-100-x-90-cm\/\",\"url\":\"https:\/\/www.gymnastica.fi\/en\/tuote\/gymnova-educgym-vario-cylinder-module-100-x-90-cm\/\",\"name\":\"Gymnova Educ\u2019Gym Vario cylinder module 100 x 90 cm\u00a0 &#8212; Gymnastica\",\"isPartOf\":{\"@id\":\"https:\/\/www.gymnastica.fi\/#website\"},\"primaryImageOfPage\":{\"@id\":\"https:\/\/www.gymnastica.fi\/en\/tuote\/gymnova-educgym-vario-cylinder-module-100-x-90-cm\/#primaryimage\"},\"image\":{\"@id\":\"https:\/\/www.gymnastica.fi\/en\/tuote\/gymnova-educgym-vario-cylinder-module-100-x-90-cm\/#primaryimage\"},\"thumbnailUrl\":\"https:\/\/www.gymnastica.fi\/app\/uploads\/2022\/04\/GY-0336.jpg\",\"datePublished\":\"2022-04-27T12:26:46+00:00\",\"dateModified\":\"2025-10-31T14:04:00+00:00\",\"breadcrumb\":{\"@id\":\"https:\/\/www.gymnastica.fi\/en\/tuote\/gymnova-educgym-vario-cylinder-module-100-x-90-cm\/#breadcrumb\"},\"inLanguage\":\"en-US\",\"potentialAction\":[{\"@type\":\"ReadAction\",\"target\":[\"https:\/\/www.gymnastica.fi\/en\/tuote\/gymnova-educgym-vario-cylinder-module-100-x-90-cm\/\"]}]},{\"@type\":\"ImageObject\",\"inLanguage\":\"en-US\",\"@id\":\"https:\/\/www.gymnastica.fi\/en\/tuote\/gymnova-educgym-vario-cylinder-module-100-x-90-cm\/#primaryimage\",\"url\":\"https:\/\/www.gymnastica.fi\/app\/uploads\/2022\/04\/GY-0336.jpg\",\"contentUrl\":\"https:\/\/www.gymnastica.fi\/app\/uploads\/2022\/04\/GY-0336.jpg\",\"width\":1024,\"height\":1024},{\"@type\":\"BreadcrumbList\",\"@id\":\"https:\/\/www.gymnastica.fi\/en\/tuote\/gymnova-educgym-vario-cylinder-module-100-x-90-cm\/#breadcrumb\",\"itemListElement\":[{\"@type\":\"ListItem\",\"position\":1,\"name\":\"Home\",\"item\":\"https:\/\/www.gymnastica.fi\/en\/\"},{\"@type\":\"ListItem\",\"position\":2,\"name\":\"Shop\",\"item\":\"https:\/\/www.gymnastica.fi\/en\/shop\/\"},{\"@type\":\"ListItem\",\"position\":3,\"name\":\"Gymnova Educ\u2019Gym Vario cylinder module 100 x 90 cm\u00a0\"}]},{\"@type\":\"WebSite\",\"@id\":\"https:\/\/www.gymnastica.fi\/#website\",\"url\":\"https:\/\/www.gymnastica.fi\/\",\"name\":\"Gymnastica\",\"description\":\"Liikunta- ja urheilutilasuunnittelun ja v\u00e4lineiden asiantuntija\",\"publisher\":{\"@id\":\"https:\/\/www.gymnastica.fi\/#organization\"},\"potentialAction\":[{\"@type\":\"SearchAction\",\"target\":{\"@type\":\"EntryPoint\",\"urlTemplate\":\"https:\/\/www.gymnastica.fi\/?s={search_term_string}\"},\"query-input\":{\"@type\":\"PropertyValueSpecification\",\"valueRequired\":true,\"valueName\":\"search_term_string\"}}],\"inLanguage\":\"en-US\"},{\"@type\":\"Organization\",\"@id\":\"https:\/\/www.gymnastica.fi\/#organization\",\"name\":\"Gymnastica\",\"url\":\"https:\/\/www.gymnastica.fi\/\",\"logo\":{\"@type\":\"ImageObject\",\"inLanguage\":\"en-US\",\"@id\":\"https:\/\/www.gymnastica.fi\/#\/schema\/logo\/image\/\",\"url\":\"https:\/\/www.gymnastica.fi\/app\/uploads\/2021\/04\/logo.svg\",\"contentUrl\":\"https:\/\/www.gymnastica.fi\/app\/uploads\/2021\/04\/logo.svg\",\"width\":246,\"height\":59,\"caption\":\"Gymnastica\"},\"image\":{\"@id\":\"https:\/\/www.gymnastica.fi\/#\/schema\/logo\/image\/\"}}]}<\/script>\n<!-- \/ Yoast SEO plugin. -->","yoast_head_json":{"title":"Gymnova Educ\u2019Gym Vario cylinder module 100 x 90 cm\u00a0 &#8212; Gymnastica","robots":{"index":"index","follow":"follow","max-snippet":"max-snippet:-1","max-image-preview":"max-image-preview:large","max-video-preview":"max-video-preview:-1"},"canonical":"https:\/\/www.gymnastica.fi\/en\/tuote\/gymnova-educgym-vario-cylinder-module-100-x-90-cm\/","og_locale":"en_US","og_type":"article","og_title":"Gymnova Educ\u2019Gym Vario cylinder module 100 x 90 cm\u00a0 &#8212; Gymnastica","og_description":"Tarjouspyynt\u00f6tuote","og_url":"https:\/\/www.gymnastica.fi\/en\/tuote\/gymnova-educgym-vario-cylinder-module-100-x-90-cm\/","og_site_name":"Gymnastica","article_modified_time":"2025-10-31T14:04:00+00:00","twitter_card":"summary_large_image","twitter_misc":{"Est. reading time":"1 minute"},"schema":{"@context":"https:\/\/schema.org","@graph":[{"@type":"WebPage","@id":"https:\/\/www.gymnastica.fi\/en\/tuote\/gymnova-educgym-vario-cylinder-module-100-x-90-cm\/","url":"https:\/\/www.gymnastica.fi\/en\/tuote\/gymnova-educgym-vario-cylinder-module-100-x-90-cm\/","name":"Gymnova Educ\u2019Gym Vario cylinder module 100 x 90 cm\u00a0 &#8212; Gymnastica","isPartOf":{"@id":"https:\/\/www.gymnastica.fi\/#website"},"primaryImageOfPage":{"@id":"https:\/\/www.gymnastica.fi\/en\/tuote\/gymnova-educgym-vario-cylinder-module-100-x-90-cm\/#primaryimage"},"image":{"@id":"https:\/\/www.gymnastica.fi\/en\/tuote\/gymnova-educgym-vario-cylinder-module-100-x-90-cm\/#primaryimage"},"thumbnailUrl":"https:\/\/www.gymnastica.fi\/app\/uploads\/2022\/04\/GY-0336.jpg","datePublished":"2022-04-27T12:26:46+00:00","dateModified":"2025-10-31T14:04:00+00:00","breadcrumb":{"@id":"https:\/\/www.gymnastica.fi\/en\/tuote\/gymnova-educgym-vario-cylinder-module-100-x-90-cm\/#breadcrumb"},"inLanguage":"en-US","potentialAction":[{"@type":"ReadAction","target":["https:\/\/www.gymnastica.fi\/en\/tuote\/gymnova-educgym-vario-cylinder-module-100-x-90-cm\/"]}]},{"@type":"ImageObject","inLanguage":"en-US","@id":"https:\/\/www.gymnastica.fi\/en\/tuote\/gymnova-educgym-vario-cylinder-module-100-x-90-cm\/#primaryimage","url":"https:\/\/www.gymnastica.fi\/app\/uploads\/2022\/04\/GY-0336.jpg","contentUrl":"https:\/\/www.gymnastica.fi\/app\/uploads\/2022\/04\/GY-0336.jpg","width":1024,"height":1024},{"@type":"BreadcrumbList","@id":"https:\/\/www.gymnastica.fi\/en\/tuote\/gymnova-educgym-vario-cylinder-module-100-x-90-cm\/#breadcrumb","itemListElement":[{"@type":"ListItem","position":1,"name":"Home","item":"https:\/\/www.gymnastica.fi\/en\/"},{"@type":"ListItem","position":2,"name":"Shop","item":"https:\/\/www.gymnastica.fi\/en\/shop\/"},{"@type":"ListItem","position":3,"name":"Gymnova Educ\u2019Gym Vario cylinder module 100 x 90 cm\u00a0"}]},{"@type":"WebSite","@id":"https:\/\/www.gymnastica.fi\/#website","url":"https:\/\/www.gymnastica.fi\/","name":"Gymnastica","description":"Liikunta- ja urheilutilasuunnittelun ja v\u00e4lineiden asiantuntija","publisher":{"@id":"https:\/\/www.gymnastica.fi\/#organization"},"potentialAction":[{"@type":"SearchAction","target":{"@type":"EntryPoint","urlTemplate":"https:\/\/www.gymnastica.fi\/?s={search_term_string}"},"query-input":{"@type":"PropertyValueSpecification","valueRequired":true,"valueName":"search_term_string"}}],"inLanguage":"en-US"},{"@type":"Organization","@id":"https:\/\/www.gymnastica.fi\/#organization","name":"Gymnastica","url":"https:\/\/www.gymnastica.fi\/","logo":{"@type":"ImageObject","inLanguage":"en-US","@id":"https:\/\/www.gymnastica.fi\/#\/schema\/logo\/image\/","url":"https:\/\/www.gymnastica.fi\/app\/uploads\/2021\/04\/logo.svg","contentUrl":"https:\/\/www.gymnastica.fi\/app\/uploads\/2021\/04\/logo.svg","width":246,"height":59,"caption":"Gymnastica"},"image":{"@id":"https:\/\/www.gymnastica.fi\/#\/schema\/logo\/image\/"}}]}},"_links":{"self":[{"href":"https:\/\/www.gymnastica.fi\/en\/wp-json\/wp\/v2\/product\/29967","targetHints":{"allow":["GET"]}}],"collection":[{"href":"https:\/\/www.gymnastica.fi\/en\/wp-json\/wp\/v2\/product"}],"about":[{"href":"https:\/\/www.gymnastica.fi\/en\/wp-json\/wp\/v2\/types\/product"}],"wp:featuredmedia":[{"embeddable":true,"href":"https:\/\/www.gymnastica.fi\/en\/wp-json\/wp\/v2\/media\/9936"}],"wp:attachment":[{"href":"https:\/\/www.gymnastica.fi\/en\/wp-json\/wp\/v2\/media?parent=29967"}],"wp:term":[{"taxonomy":"product_brand","embeddable":true,"href":"https:\/\/www.gymnastica.fi\/en\/wp-json\/wp\/v2\/product_brand?post=29967"},{"taxonomy":"product_cat","embeddable":true,"href":"https:\/\/www.gymnastica.fi\/en\/wp-json\/wp\/v2\/product_cat?post=29967"},{"taxonomy":"product_tag","embeddable":true,"href":"https:\/\/www.gymnastica.fi\/en\/wp-json\/wp\/v2\/product_tag?post=29967"},{"taxonomy":"manufacturers","embeddable":true,"href":"https:\/\/www.gymnastica.fi\/en\/wp-json\/wp\/v2\/manufacturers?post=29967"},{"taxonomy":"suppliers","embeddable":true,"href":"https:\/\/www.gymnastica.fi\/en\/wp-json\/wp\/v2\/suppliers?post=29967"}],"curies":[{"name":"wp","href":"https:\/\/api.w.org\/{rel}","templated":true}]}}