{"id":39147,"date":"2024-06-12T14:53:25","date_gmt":"2024-06-12T11:53:25","guid":{"rendered":"https:\/\/www.gymnastica.fi\/?page_id=39147"},"modified":"2025-02-07T14:59:28","modified_gmt":"2025-02-07T12:59:28","slug":"natbutikens-forsaljningsvillkor","status":"publish","type":"page","link":"https:\/\/www.gymnastica.fi\/sv\/natbutikens-forsaljningsvillkor\/","title":{"rendered":"N\u00c4TBUTIKENS F\u00d6RS\u00c4LJNINGSVILLKOR"},"content":{"rendered":"\n<p><strong>Dessa f\u00f6rs\u00e4ljningsvillkor g\u00e4ller Gymnastica Ab:s &nbsp;n\u00e4tbutik.<\/strong><\/p>\n\n\n\n<p>Gymnastica Ab f\u00f6ljer i all sin verksamhet de allm\u00e4nna regler och rekommendationer inom konsumentk\u00f6p, reklam och marknadsf\u00f6ring.<\/p>\n\n\n\n<p>Genom att godk\u00e4nna Gymnastica Ab:s f\u00f6rs\u00e4ljningsvillkor godk\u00e4nner ni med det samma \u00e4ven ansvarsf\u00f6rdelningen &nbsp;mellan anv\u00e4ndare och tj\u00e4nsteproducent.<\/p>\n\n\n\n<p>Best\u00e4llning via n\u00e4tbutiken<\/p>\n\n\n\n<p>Det g\u00e5r att best\u00e4lla produkter via n\u00e4tbutiken, per telefon, epost eller genom att bes\u00f6ka v\u00e5r butik.<\/p>\n\n\n\n<p>V\u00e4nligen observera att&nbsp;specialbest\u00e4llningsprodukter och f\u00f6renings-\/gruppbest\u00e4llningar kan endast best\u00e4llas genom att ringa, skicka e-mail eller direkt i v\u00e5r butik.&nbsp;<\/p>\n\n\n\n<p>Vi svarar g\u00e4rna p\u00e5 era fr\u00e5gor ang\u00e5ende best\u00e4llningar.<\/p>\n\n\n\n<p>N\u00e4r ni har godk\u00e4nt er best\u00e4llning, g\u00e5r det ej l\u00e4ngre att \u00e4ndra p\u00e5 den. Ifall ni \u00e4nd\u00e5 vill \u00e4ndra p\u00e5 er best\u00e4llning tag v\u00e4nligen omg\u00e5ende kontakt med oss p\u00e5 numret +358(0)9 6121366, s\u00e5 reder vi ut om \u00e4ndringar \u00e4r m\u00f6jliga. Best\u00e4llningarna \u00e4r trots allt huvudsakligen bindande. Vi kan ej garantera att det efter ett godk\u00e4nnande \u00e4r m\u00f6jligt att \u00e4ndra p\u00e5 best\u00e4llningen.<\/p>\n\n\n\n<p>Efter att ni skickat iv\u00e4g en best\u00e4llning f\u00e5r ni ett ordererk\u00e4nnande till den e-postadress ni angivit. Spara erk\u00e4nnandet f\u00f6r senare bruk.<\/p>\n\n\n\n<p>Betalning<\/p>\n\n\n\n<p>Produkter betalas till posten (postf\u00f6rskott) eller i v\u00e5r butik i samband med h\u00e4mtning av de best\u00e4llda varorna.<\/p>\n\n\n\n<p>St\u00e4der, kommuner, f\u00f6retag och f\u00f6reningar har kundspecifika betalningsvillkor.<\/p>\n\n\n\n<p>Leveranss\u00e4tt och \u2013kostnader<\/p>\n\n\n\n<ol class=\"wp-block-list\">\n<li><strong>Postf\u00f6rskott (endast Finland)&nbsp;&nbsp;<\/strong>Produkterna samt leveranskostnader betalas till n\u00e4rmaste postkontor i samband med avh\u00e4mtning av paket. Ni kan avh\u00e4mta paketet n\u00e4r ni mottagit ankomstavin. Kom ih\u00e5g att ta med personbevis n\u00e4r ni avh\u00e4mtar paketet.<\/li>\n<\/ol>\n\n\n\n<figure class=\"wp-block-table\"><table><tbody><tr><td><strong>Leveransmetod<\/strong><\/td><td><strong>Leverant\u00f6r<\/strong><\/td><td><strong>Vikt (kg) max<\/strong><\/td><td><strong>Leveranskostn<\/strong><strong>ader (\u20ac)<\/strong><\/td><\/tr><tr><td><\/td><td>&nbsp;<\/td><td>&nbsp;<\/td><td>&nbsp;<\/td><\/tr><tr><td>Post<\/td><td>Posti<\/td><td>0,050<\/td><td>10,00<\/td><\/tr><tr><td>Post<\/td><td>Posti<\/td><td>0,250<\/td><td>12,50<\/td><\/tr><tr><td>Post<\/td><td>Posti<\/td><td>1<\/td><td>17,50<\/td><\/tr><tr><td>Post<\/td><td>Posti<\/td><td>5<\/td><td>21,00<\/td><\/tr><tr><td>Post<\/td><td>Posti<\/td><td>10<\/td><td>24,00<\/td><\/tr><tr><td>Post<\/td><td>Posti<\/td><td>15<\/td><td>28,00<\/td><\/tr><tr><td>Post<\/td><td>Posti<\/td><td>35<\/td><td>38,00<\/td><\/tr><\/tbody><\/table><\/figure>\n\n\n\n<p><strong>Postf\u00f6rskott (till \u00c5land)&nbsp;&nbsp;<\/strong>Produkterna samt leveranskostnader betalas till n\u00e4rmaste postkontor i samband med avh\u00e4mtning av paket. Ni kan avh\u00e4mta paketet n\u00e4r ni mottagit ankomstavin. Kom ih\u00e5g att ta med personbevis n\u00e4r ni avh\u00e4mtar paketet.<\/p>\n\n\n\n<figure class=\"wp-block-table\"><table><tbody><tr><td><strong>Leveransmetod<\/strong><\/td><td><strong>Leverant\u00f6r<\/strong><\/td><td><strong>Vikt (kg) max<\/strong><\/td><td><strong>Leveranskostn<\/strong><strong>ader (\u20ac)<\/strong><\/td><\/tr><tr><td>&nbsp;<\/td><td>&nbsp;<\/td><td>&nbsp;<\/td><td>&nbsp;<\/td><\/tr><tr><td>Post<\/td><td>Posti<\/td><td>0-0,25<\/td><td>6,70<\/td><\/tr><tr><td>Post<\/td><td>Posti<\/td><td>0,25-0,5<\/td><td>9,10<\/td><\/tr><tr><td>Post<\/td><td>Posti<\/td><td>0,5-2<\/td><td>14,30<\/td><\/tr><tr><td>Post<\/td><td>Posti<\/td><td>2-5<\/td><td>16,20<\/td><\/tr><tr><td>Post<\/td><td>Posti<\/td><td>5-10<\/td><td>17,70<\/td><\/tr><tr><td>Post<\/td><td>Posti<\/td><td>10-15<\/td><td>18,70<\/td><\/tr><tr><td>Post<\/td><td>Posti<\/td><td>15-35<\/td><td>24,60<\/td><\/tr><\/tbody><\/table><\/figure>\n\n\n\n<ol class=\"wp-block-list\">\n<li><strong>Avh\u00e4mtning fr\u00e5n butiken<\/strong>&nbsp;Efter att ha f\u00e5tt ett sms, telefonsamtal eller e-postmeddelande fr\u00e5n oss kan ni h\u00e4mta er best\u00e4llning fr\u00e5n v\u00e5r butik. Avh\u00e4mtningen m\u00e5ste ske inom 3 dygn. Leveranstiden \u00e4r produktenlig.&nbsp; Ifall ni v\u00e4ljer avh\u00e4mtning fr\u00e5n butiken som leveranss\u00e4tt, betalas produkterna antingen i samband med avh\u00e4mtningen eller direkt i samband med best\u00e4llningen i v\u00e5r n\u00e4tbutik (kreditkort\/n\u00e4tbank). Observera att avh\u00e4mtning i butiken inte kan v\u00e4ljas f\u00f6r alla produkter. Om detta informeras i produktbeskrivningen i n\u00e4tbutiken.<\/li>\n\n\n\n<li><strong>Leverans och leveranskostnader f\u00f6r paket som skickas utomlands&nbsp;<\/strong>F\u00f6r paket som skickas utanf\u00f6r Finland verifieras leveranskostnaderna per e-mejl efter att kunden gjort sin prelimin\u00e4ra best\u00e4llning. Kunden uppmanas att logga in p\u00e5 nytt i n\u00e4tbutiken, checka sin varukorg och godk\u00e4nna de slutgiltiga leveranskostnaderna. Best\u00e4llningen betalas med kreditkort.<\/li>\n<\/ol>\n\n\n\n<p>Best\u00e4llning levereras till n\u00e4rmaste postkontor och ni f\u00e5r en avi d\u00e5 varorna kan h\u00e4mtas.Stora sporthallsprodukter samt vissa \u00f6vriga produkter kan ej levereras per post, utan de levereras direkt till den adress ni \u00f6nskar.<\/p>\n\n\n\n<p>Leveranstid<\/p>\n\n\n\n<p>Fabrikernas leveranstider varierar fr\u00e5n 1,5 vecka till 5 veckor, vissa produkter 2 m\u00e5nader.&nbsp; V\u00e4nligen kontakta oss f\u00f6re ni g\u00f6r en best\u00e4llning, ifall ni beh\u00f6ver produkterna till ett viss datum. Om ni best\u00e4ller flera produkter och alla produkter ej finns i v\u00e5rt lager, skickar vi produkterna till er antingen som delf\u00f6rs\u00e4ndelser (leveranskostnader per paket) eller v\u00e4ntar p\u00e5 att \u00e4ven de andra produkterna anl\u00e4nder fr\u00e5n fabriken, f\u00f6r att skicka allt som samleverans. Vi kontaktar kunden om en delfors\u00e4ndelse \u00e4r aktuell.<\/p>\n\n\n\n<p>D\u00e5 ni valt avh\u00e4mtning fr\u00e5n butiken som leveranss\u00e4tt, tar vi kontakt med er n\u00e4r produkterna kan avh\u00e4mtas. Produkterna b\u00f6r avh\u00e4mtas inom 3 dygn.<\/p>\n\n\n\n<p>Best\u00e4llningsbegr\u00e4nsingar<\/p>\n\n\n\n<p>Endast 18 \u00e5r fyllda personer kan g\u00f6ra best\u00e4llningar i Gymnasticas n\u00e4tbutik.<\/p>\n\n\n\n<p>Avsl\u00e5 best\u00e4llning<\/p>\n\n\n\n<p>Gymnastica f\u00f6rbeh\u00e5ller sig r\u00e4tten att vid behov avsl\u00e5 en best\u00e4llning. &nbsp;<\/p>\n\n\n\n<p>Prisfel<\/p>\n\n\n\n<p>Gymnastica f\u00f6rbeh\u00e5ller sig r\u00e4tten att \u00e4ndra en best\u00e4llning p.g.a. uppenbara fel i priset. Med uppenbara fel menas ett s\u00e5dant fel i priset, som skett av misstag i samband med priss\u00e4ttningen eller som m\u00e4rkbart skiljer sig fr\u00e5n produktens riktiga pris. D\u00e5 en produkt har ett uppenbart fel i priset f\u00f6rv\u00e4ntas kunden ha m\u00e4rkt felet.<\/p>\n\n\n\n<p>Uppenbara prisfel \u00e4r tillexempel:<\/p>\n\n\n\n<ol class=\"wp-block-list\">\n<li>ifall produktens pris \u00e4r 0,00 euro eller om produkten saknar pris \u00f6verhuvudtaget.<\/li>\n\n\n\n<li>ifall produktens pris skiljer sig m\u00e4rkbart fr\u00e5n det riktiga priset, t.ex. en siffra fattas fr\u00e5n priset.<\/li>\n<\/ol>\n\n\n\n<p>O\u00f6verkomligt hinder<\/p>\n\n\n\n<p>Gymnastica Ab svarar ej f\u00f6r f\u00f6rseningar eller skador, som orsakats av ett utomst\u00e5ende hinder som ligger utanf\u00f6r v\u00e5rt f\u00f6retags p\u00e5verkningsm\u00f6jligheter, som vi ej kunnat f\u00f6rutse eller vars f\u00f6ljder vi ej kunnat undvika. Som o\u00f6verkomliga hinder ses bl.a. personalens sjukdom, import- och exporthinder samt transportst\u00f6rningar. Om det o\u00f6verkomliga hindret forts\u00e4tter i \u00f6ver 3 m\u00e5nader, har b\u00e5de Gymnastica Ab och kunden r\u00e4tt att avsl\u00e5 best\u00e4llningen utan ers\u00e4ttnings- eller dr\u00f6jsm\u00e5lsp\u00e5f\u00f6ljder.<\/p>\n\n\n\n<p>&nbsp;Uppdatering och \u00e4ndring av villkor<\/p>\n\n\n\n<p>Gymnastica Ab har r\u00e4tt att uppdatera och \u00e4ndra best\u00e4llnings- och leveransvillkoren n\u00e4r sk\u00e4lig orsak till det f\u00f6religger.<\/p>\n\n\n\n<p>Ansvarsf\u00f6rdelningen mellan anv\u00e4ndare och tj\u00e4nsteproducent<\/p>\n\n\n\n<p><strong>Dessa anv\u00e4ndningsvillkor g\u00e4ller Gymnastica Ab:s &nbsp;n\u00e4tbutik.<\/strong><br>Tj\u00e4nsten \u00e4gs av Gymnastica Ab, Fredriksgatan 22, 00120 Helsingfors, FO-nummer: 1059726-9.<\/p>\n\n\n\n<p>Anv\u00e4ndingen av n\u00e4tbutiken f\u00f6ruts\u00e4tter godk\u00e4nnande av dessa villkor. En kund som ej samtycker till villkoren har ej r\u00e4tt att best\u00e4lla varor fr\u00e5n n\u00e4tbutiken.<\/p>\n\n\n\n<p>Gymnasticas immateriella r\u00e4ttigheter:<\/p>\n\n\n\n<p>Allt material som visas i n\u00e4tbutiken innehas av Gymnastica eller dess samarbetspartners. Olovlig anv\u00e4ndning eller kopiering av bild- och textmaterial \u00e4r f\u00f6rbjuden.<\/p>\n\n\n\n<p>Anv\u00e4ndarens ansvar:<\/p>\n\n\n\n<ol class=\"wp-block-list\">\n<li>Anv\u00e4ndaren ska fylla de krav som st\u00e4lls i best\u00e4llnings- och leveransvillkoren.<\/li>\n\n\n\n<li>Anv\u00e4ndaren f\u00f6rbinder sig att anlita Gymnasticas n\u00e4tbutik i enlighet med anvisningarna.<\/li>\n\n\n\n<li>Anv\u00e4ndaren f\u00f6rbinder sig att skriva in sanningsenliga kontaktuppgifter p\u00e5 registreringsblanketten och att utan dr\u00f6jsm\u00e5l r\u00e4tta till felaktiga uppgifter.<\/li>\n\n\n\n<li>Anv\u00e4ndaren godk\u00e4nner best\u00e4llnings- och leveransvillkoren som g\u00e4ller best\u00e4llningen.<\/li>\n\n\n\n<li>Anv\u00e4ndaren ansvarar f\u00f6r de f\u00f6ljder som olovligt bruk av Gymnasticas eller dess samarbetspartners material som skyddas genom upphovsr\u00e4tten har.<\/li>\n<\/ol>\n\n\n\n<p>Tj\u00e4nsteproducentens ansvar:<\/p>\n\n\n\n<ol class=\"wp-block-list\">\n<li>Gymnastica ansvarar f\u00f6r allt inneh\u00e5ll som l\u00e4ggs ut i n\u00e4tbutiken och att inneh\u00e5llet \u00f6verensst\u00e4mmer med Finlands lag.<\/li>\n\n\n\n<li>Gymnastica har r\u00e4ttigheter att \u00e4ndra, uppdatera och r\u00e4tta till inneh\u00e5llet i n\u00e4tbutiken.<\/li>\n\n\n\n<li>Gymnastica ansvarar inte f\u00f6r felaktig information som utomst\u00e5ende tj\u00e4nster eller f\u00f6retag ger om Gymnastica.<\/li>\n\n\n\n<li>Gymnastica ansvarar f\u00f6r all den kundinformation som samlas i f\u00f6retaget, samt att dessa f\u00f6rvaras \u00e4ndam\u00e5lsenligt.<\/li>\n\n\n\n<li>Gymnastica \u00f6verl\u00e5ter inte den information som f\u00f6retaget har samlat in i syfte att uppr\u00e4tth\u00e5lla n\u00e4tbutiken till utomst\u00e5ende.<\/li>\n\n\n\n<li>Gymnastica kan vid behov \u00e5terkalla en best\u00e4llning eller h\u00e4va en kundrelation. Missbruk anm\u00e4ls alltid till myndigheterna.<\/li>\n<\/ol>\n\n\n\n<p><strong>Dataskyddsbeskrivning 25.5.2018<\/strong><\/p>\n\n\n\n<p><strong>Registeransvarig:<\/strong><br>Gymnastica Oy<br>Fredriksgatan 22<br>00120 Helsingfors<br>FO-nummer: 1059726-9<br>info(at)gymnastica.fi<br>Kontaktperson: Kristian H\u00e4m\u00e4l\u00e4inen<\/p>\n\n\n\n<p><strong>R\u00e4ttslig grund och syftet med behandlingen av personuppgifter:<\/strong><br>Vi samlar personuppgifter f\u00f6r hantering av kundrelationer. Avtal med kund och r\u00e4ttsliga f\u00f6rpliktelser till f\u00f6ljd av detta utg\u00f6r r\u00e4ttsliga grunder f\u00f6r personuppgiftsbehandlingen. \u00d6verl\u00e4mning av personuppgifter \u00e4r en f\u00f6ruts\u00e4ttning f\u00f6r kontraktet. Med andra ord kan ni inte g\u00f6ra en best\u00e4llning i v\u00e5r n\u00e4tbutik utan att uppge era personuppgifter.<\/p>\n\n\n\n<p><strong>Personuppgifterna som behandlas:<\/strong><br>Vi behandlar endast s\u00e5dan information som ni sj\u00e4lv ger oss, till exempel:<br>\u2022 namn<br>\u2022 fakturerings- och\/eller leveransadress<br>\u2022 telefonnummer<br>\u2022 e-postadress<br>\u2022 best\u00e4llningshistorik<br>\u2022 IP-adress<br>Vi samlar \u00e4ven personuppgifter f\u00f6r marknadsf\u00f6ring. Som r\u00e4ttslig grund till att hantera personuppgifter har vi kundens samtycke.<\/p>\n\n\n\n<p><strong>Utl\u00e4mnande av personuppgifter:<\/strong><br>Era personuppgifter mottags av:<br>&#8211; v\u00e5rt f\u00f6retags arbetstagare<br>&#8211; f\u00f6rs\u00e4ljarna i Kisakallio, som behandlar best\u00e4llningar\/offerter ang\u00e5ende gymnastiksalsprodukter<br>&#8211; f\u00f6retag och banken som mottar er betalning<br>&#8211; logistikf\u00f6retaget som levererar produkten till er<br>&#8211; revisionsbyr\u00e5n som skriver in best\u00e4llningen i v\u00e5r redovisning<br>&#8211; revisorn som kontrollerar v\u00e5r redovisning<br>&#8211; f\u00f6retaget som uppr\u00e4tth\u00e5ller v\u00e5r n\u00e4tbutik<\/p>\n\n\n\n<p><strong>F\u00f6rvaringstid f\u00f6r personuppgifter:<\/strong><br>Vi f\u00f6rvarar era personuppgifter:<br>&#8211; i n\u00e4tbutiken i sju (7) \u00e5r<br>&#8211; i e-postarkivet i sju (7) \u00e5r<br>&#8211; i redovisningsmaterialet i sju (7) \u00e5r<\/p>\n\n\n\n<p><strong>Den registrerades r\u00e4ttigheter:<\/strong><br>Ni har f\u00f6ljande r\u00e4ttigheter:<br>&#8211; r\u00e4tt till tillg\u00e5ng till personuppgifter som g\u00e4ller er<br>&#8211; r\u00e4tt att korrigera personuppgifter som g\u00e4ller er<br>&#8211; r\u00e4tt att begr\u00e4nsa behandlingen av personuppgifter som g\u00e4ller er (ni kan till exempel f\u00f6rbjuda marknadsf\u00f6ring)<br>&#8211; r\u00e4tt att mots\u00e4tta er behandling av personuppgifter som g\u00e4ller er<br>&#8211; r\u00e4tt att \u00e5terkalla ert samtycke (ni kan till exempel ta tillbaka ert samtycke till marknadsf\u00f6ring)<br>&#8211; r\u00e4tt att inge klagom\u00e5l till tillsynsmyndigheten<br>&#8211; r\u00e4tt att be om att personuppgifter som g\u00e4ller er ska raderas<\/p>\n\n\n\n<p>Beg\u00e4ran ska skickas till adressen Gymnastica Oy, Fredriksgatan 22, 00120 Helsingfors eller per e-post till adressen info(at)gymnastica.fi.<\/p>\n\n\n\n<p>V\u00e4nligen notera att ni har r\u00e4tt att be att personuppgifter som g\u00e4ller er ska raderas, men vi kan radera dem endast om vi inte har en skyldighet enligt lag att forts\u00e4tta hantera personuppgifter som g\u00e4ller er.<\/p>\n\n\n\n<p>I behandlingen av personuppgifter och i de tekniska l\u00f6sningarna f\u00f6ljer vi god dataskyddspraxis.<\/p>\n","protected":false},"excerpt":{"rendered":"<p>Dessa f\u00f6rs\u00e4ljningsvillkor g\u00e4ller Gymnastica Ab:s &nbsp;n\u00e4tbutik. Gymnastica Ab f\u00f6ljer i all sin verksamhet de allm\u00e4nna regler och rekommendationer inom konsumentk\u00f6p, reklam och marknadsf\u00f6ring. Genom att godk\u00e4nna Gymnastica Ab:s f\u00f6rs\u00e4ljningsvillkor godk\u00e4nner ni med det samma \u00e4ven ansvarsf\u00f6rdelningen &nbsp;mellan anv\u00e4ndare och tj\u00e4nsteproducent. Best\u00e4llning via n\u00e4tbutiken Det g\u00e5r att best\u00e4lla produkter via n\u00e4tbutiken, per telefon, epost eller genom [&hellip;]<\/p>\n","protected":false},"author":11,"featured_media":0,"parent":0,"menu_order":0,"comment_status":"closed","ping_status":"closed","template":"","meta":{"_acf_changed":false,"_relevanssi_hide_post":"","_relevanssi_hide_content":"","_relevanssi_pin_for_all":"","_relevanssi_pin_keywords":"","_relevanssi_unpin_keywords":"","_relevanssi_related_keywords":"","_relevanssi_related_include_ids":"","_relevanssi_related_exclude_ids":"","_relevanssi_related_no_append":"","_relevanssi_related_not_related":"","_relevanssi_related_posts":"","_relevanssi_noindex_reason":"","footnotes":""},"class_list":["post-39147","page","type-page","status-publish","hentry"],"acf":[],"yoast_head":"<!-- This site is optimized with the Yoast SEO plugin v26.8 - https:\/\/yoast.com\/product\/yoast-seo-wordpress\/ -->\n<title>N\u00c4TBUTIKENS F\u00d6RS\u00c4LJNINGSVILLKOR &#8212; Gymnastica<\/title>\n<meta name=\"robots\" content=\"index, follow, max-snippet:-1, max-image-preview:large, max-video-preview:-1\" \/>\n<link rel=\"canonical\" href=\"https:\/\/www.gymnastica.fi\/sv\/natbutikens-forsaljningsvillkor\/\" \/>\n<meta property=\"og:locale\" content=\"sv_SE\" \/>\n<meta property=\"og:type\" content=\"article\" \/>\n<meta property=\"og:title\" content=\"N\u00c4TBUTIKENS F\u00d6RS\u00c4LJNINGSVILLKOR &#8212; Gymnastica\" \/>\n<meta property=\"og:description\" content=\"Dessa f\u00f6rs\u00e4ljningsvillkor g\u00e4ller Gymnastica Ab:s &nbsp;n\u00e4tbutik. Gymnastica Ab f\u00f6ljer i all sin verksamhet de allm\u00e4nna regler och rekommendationer inom konsumentk\u00f6p, reklam och marknadsf\u00f6ring. Genom att godk\u00e4nna Gymnastica Ab:s f\u00f6rs\u00e4ljningsvillkor godk\u00e4nner ni med det samma \u00e4ven ansvarsf\u00f6rdelningen &nbsp;mellan anv\u00e4ndare och tj\u00e4nsteproducent. Best\u00e4llning via n\u00e4tbutiken Det g\u00e5r att best\u00e4lla produkter via n\u00e4tbutiken, per telefon, epost eller genom [&hellip;]\" \/>\n<meta property=\"og:url\" content=\"https:\/\/www.gymnastica.fi\/sv\/natbutikens-forsaljningsvillkor\/\" \/>\n<meta property=\"og:site_name\" content=\"Gymnastica\" \/>\n<meta property=\"article:modified_time\" content=\"2025-02-07T12:59:28+00:00\" \/>\n<meta name=\"twitter:card\" content=\"summary_large_image\" \/>\n<meta name=\"twitter:label1\" content=\"Est. reading time\" \/>\n\t<meta name=\"twitter:data1\" content=\"9 minutes\" \/>\n<script type=\"application\/ld+json\" class=\"yoast-schema-graph\">{\"@context\":\"https:\/\/schema.org\",\"@graph\":[{\"@type\":\"WebPage\",\"@id\":\"https:\/\/www.gymnastica.fi\/sv\/natbutikens-forsaljningsvillkor\/\",\"url\":\"https:\/\/www.gymnastica.fi\/sv\/natbutikens-forsaljningsvillkor\/\",\"name\":\"N\u00c4TBUTIKENS F\u00d6RS\u00c4LJNINGSVILLKOR &#8212; Gymnastica\",\"isPartOf\":{\"@id\":\"https:\/\/www.gymnastica.fi\/#website\"},\"datePublished\":\"2024-06-12T11:53:25+00:00\",\"dateModified\":\"2025-02-07T12:59:28+00:00\",\"breadcrumb\":{\"@id\":\"https:\/\/www.gymnastica.fi\/sv\/natbutikens-forsaljningsvillkor\/#breadcrumb\"},\"inLanguage\":\"sv-SE\",\"potentialAction\":[{\"@type\":\"ReadAction\",\"target\":[\"https:\/\/www.gymnastica.fi\/sv\/natbutikens-forsaljningsvillkor\/\"]}]},{\"@type\":\"BreadcrumbList\",\"@id\":\"https:\/\/www.gymnastica.fi\/sv\/natbutikens-forsaljningsvillkor\/#breadcrumb\",\"itemListElement\":[{\"@type\":\"ListItem\",\"position\":1,\"name\":\"Home\",\"item\":\"https:\/\/www.gymnastica.fi\/sv\/\"},{\"@type\":\"ListItem\",\"position\":2,\"name\":\"N\u00c4TBUTIKENS F\u00d6RS\u00c4LJNINGSVILLKOR\"}]},{\"@type\":\"WebSite\",\"@id\":\"https:\/\/www.gymnastica.fi\/#website\",\"url\":\"https:\/\/www.gymnastica.fi\/\",\"name\":\"Gymnastica\",\"description\":\"Liikunta- ja urheilutilasuunnittelun ja v\u00e4lineiden asiantuntija\",\"publisher\":{\"@id\":\"https:\/\/www.gymnastica.fi\/#organization\"},\"potentialAction\":[{\"@type\":\"SearchAction\",\"target\":{\"@type\":\"EntryPoint\",\"urlTemplate\":\"https:\/\/www.gymnastica.fi\/?s={search_term_string}\"},\"query-input\":{\"@type\":\"PropertyValueSpecification\",\"valueRequired\":true,\"valueName\":\"search_term_string\"}}],\"inLanguage\":\"sv-SE\"},{\"@type\":\"Organization\",\"@id\":\"https:\/\/www.gymnastica.fi\/#organization\",\"name\":\"Gymnastica\",\"url\":\"https:\/\/www.gymnastica.fi\/\",\"logo\":{\"@type\":\"ImageObject\",\"inLanguage\":\"sv-SE\",\"@id\":\"https:\/\/www.gymnastica.fi\/#\/schema\/logo\/image\/\",\"url\":\"https:\/\/www.gymnastica.fi\/app\/uploads\/2021\/04\/logo.svg\",\"contentUrl\":\"https:\/\/www.gymnastica.fi\/app\/uploads\/2021\/04\/logo.svg\",\"width\":246,\"height\":59,\"caption\":\"Gymnastica\"},\"image\":{\"@id\":\"https:\/\/www.gymnastica.fi\/#\/schema\/logo\/image\/\"}}]}<\/script>\n<!-- \/ Yoast SEO plugin. -->","yoast_head_json":{"title":"N\u00c4TBUTIKENS F\u00d6RS\u00c4LJNINGSVILLKOR &#8212; Gymnastica","robots":{"index":"index","follow":"follow","max-snippet":"max-snippet:-1","max-image-preview":"max-image-preview:large","max-video-preview":"max-video-preview:-1"},"canonical":"https:\/\/www.gymnastica.fi\/sv\/natbutikens-forsaljningsvillkor\/","og_locale":"sv_SE","og_type":"article","og_title":"N\u00c4TBUTIKENS F\u00d6RS\u00c4LJNINGSVILLKOR &#8212; Gymnastica","og_description":"Dessa f\u00f6rs\u00e4ljningsvillkor g\u00e4ller Gymnastica Ab:s &nbsp;n\u00e4tbutik. Gymnastica Ab f\u00f6ljer i all sin verksamhet de allm\u00e4nna regler och rekommendationer inom konsumentk\u00f6p, reklam och marknadsf\u00f6ring. Genom att godk\u00e4nna Gymnastica Ab:s f\u00f6rs\u00e4ljningsvillkor godk\u00e4nner ni med det samma \u00e4ven ansvarsf\u00f6rdelningen &nbsp;mellan anv\u00e4ndare och tj\u00e4nsteproducent. Best\u00e4llning via n\u00e4tbutiken Det g\u00e5r att best\u00e4lla produkter via n\u00e4tbutiken, per telefon, epost eller genom [&hellip;]","og_url":"https:\/\/www.gymnastica.fi\/sv\/natbutikens-forsaljningsvillkor\/","og_site_name":"Gymnastica","article_modified_time":"2025-02-07T12:59:28+00:00","twitter_card":"summary_large_image","twitter_misc":{"Est. reading time":"9 minutes"},"schema":{"@context":"https:\/\/schema.org","@graph":[{"@type":"WebPage","@id":"https:\/\/www.gymnastica.fi\/sv\/natbutikens-forsaljningsvillkor\/","url":"https:\/\/www.gymnastica.fi\/sv\/natbutikens-forsaljningsvillkor\/","name":"N\u00c4TBUTIKENS F\u00d6RS\u00c4LJNINGSVILLKOR &#8212; Gymnastica","isPartOf":{"@id":"https:\/\/www.gymnastica.fi\/#website"},"datePublished":"2024-06-12T11:53:25+00:00","dateModified":"2025-02-07T12:59:28+00:00","breadcrumb":{"@id":"https:\/\/www.gymnastica.fi\/sv\/natbutikens-forsaljningsvillkor\/#breadcrumb"},"inLanguage":"sv-SE","potentialAction":[{"@type":"ReadAction","target":["https:\/\/www.gymnastica.fi\/sv\/natbutikens-forsaljningsvillkor\/"]}]},{"@type":"BreadcrumbList","@id":"https:\/\/www.gymnastica.fi\/sv\/natbutikens-forsaljningsvillkor\/#breadcrumb","itemListElement":[{"@type":"ListItem","position":1,"name":"Home","item":"https:\/\/www.gymnastica.fi\/sv\/"},{"@type":"ListItem","position":2,"name":"N\u00c4TBUTIKENS F\u00d6RS\u00c4LJNINGSVILLKOR"}]},{"@type":"WebSite","@id":"https:\/\/www.gymnastica.fi\/#website","url":"https:\/\/www.gymnastica.fi\/","name":"Gymnastica","description":"Liikunta- ja urheilutilasuunnittelun ja v\u00e4lineiden asiantuntija","publisher":{"@id":"https:\/\/www.gymnastica.fi\/#organization"},"potentialAction":[{"@type":"SearchAction","target":{"@type":"EntryPoint","urlTemplate":"https:\/\/www.gymnastica.fi\/?s={search_term_string}"},"query-input":{"@type":"PropertyValueSpecification","valueRequired":true,"valueName":"search_term_string"}}],"inLanguage":"sv-SE"},{"@type":"Organization","@id":"https:\/\/www.gymnastica.fi\/#organization","name":"Gymnastica","url":"https:\/\/www.gymnastica.fi\/","logo":{"@type":"ImageObject","inLanguage":"sv-SE","@id":"https:\/\/www.gymnastica.fi\/#\/schema\/logo\/image\/","url":"https:\/\/www.gymnastica.fi\/app\/uploads\/2021\/04\/logo.svg","contentUrl":"https:\/\/www.gymnastica.fi\/app\/uploads\/2021\/04\/logo.svg","width":246,"height":59,"caption":"Gymnastica"},"image":{"@id":"https:\/\/www.gymnastica.fi\/#\/schema\/logo\/image\/"}}]}},"_links":{"self":[{"href":"https:\/\/www.gymnastica.fi\/sv\/wp-json\/wp\/v2\/pages\/39147","targetHints":{"allow":["GET"]}}],"collection":[{"href":"https:\/\/www.gymnastica.fi\/sv\/wp-json\/wp\/v2\/pages"}],"about":[{"href":"https:\/\/www.gymnastica.fi\/sv\/wp-json\/wp\/v2\/types\/page"}],"author":[{"embeddable":true,"href":"https:\/\/www.gymnastica.fi\/sv\/wp-json\/wp\/v2\/users\/11"}],"replies":[{"embeddable":true,"href":"https:\/\/www.gymnastica.fi\/sv\/wp-json\/wp\/v2\/comments?post=39147"}],"version-history":[{"count":2,"href":"https:\/\/www.gymnastica.fi\/sv\/wp-json\/wp\/v2\/pages\/39147\/revisions"}],"predecessor-version":[{"id":42655,"href":"https:\/\/www.gymnastica.fi\/sv\/wp-json\/wp\/v2\/pages\/39147\/revisions\/42655"}],"wp:attachment":[{"href":"https:\/\/www.gymnastica.fi\/sv\/wp-json\/wp\/v2\/media?parent=39147"}],"curies":[{"name":"wp","href":"https:\/\/api.w.org\/{rel}","templated":true}]}}