{"id":51,"date":"2021-02-17T14:23:04","date_gmt":"2021-02-17T14:23:04","guid":{"rendered":"https:\/\/www.gymnastica.fi\/sample-page\/"},"modified":"2025-11-05T22:38:20","modified_gmt":"2025-11-05T20:38:20","slug":"sample-page","status":"publish","type":"page","link":"https:\/\/www.gymnastica.fi\/sv\/","title":{"rendered":"Framsida"},"content":{"rendered":"\n<div style=\"height:50px\" aria-hidden=\"true\" class=\"wp-block-spacer d-none d-lg-block pt-0\"><\/div>\n\n\n\n<div class=\"wp-block-columns alignwide is-layout-flex wp-container-core-columns-is-layout-9d6595d7 wp-block-columns-is-layout-flex\">\n<div class=\"wp-block-column is-layout-flow wp-block-column-is-layout-flow\">\n<div class=\"wp-block-cover alignwide is-light has-custom-content-position is-position-bottom-left\"><img loading=\"lazy\" decoding=\"async\" width=\"1272\" height=\"848\" class=\"wp-block-cover__image-background wp-image-45301\" alt=\"\" src=\"http:\/\/www.gymnastica.fi\/app\/uploads\/2025\/05\/GK-voimistelutavat-2.jpg\" data-object-fit=\"cover\" srcset=\"https:\/\/www.gymnastica.fi\/app\/uploads\/2025\/05\/GK-voimistelutavat-2.jpg 1272w, https:\/\/www.gymnastica.fi\/app\/uploads\/2025\/05\/GK-voimistelutavat-2-700x467.jpg 700w, https:\/\/www.gymnastica.fi\/app\/uploads\/2025\/05\/GK-voimistelutavat-2-768x512.jpg 768w, https:\/\/www.gymnastica.fi\/app\/uploads\/2025\/05\/GK-voimistelutavat-2-300x200.jpg 300w, https:\/\/www.gymnastica.fi\/app\/uploads\/2025\/05\/GK-voimistelutavat-2-600x400.jpg 600w\" sizes=\"auto, (max-width: 1272px) 100vw, 1272px\" \/><span aria-hidden=\"true\" class=\"wp-block-cover__background has-brand-dark-background-color has-background-dim-10 has-background-dim\"><\/span><div class=\"wp-block-cover__inner-container is-layout-flow wp-block-cover-is-layout-flow\">\n<h2 class=\"wp-block-heading has-white-color has-text-color\">Alla produkter<\/h2>\n\n\n\n<div class=\"wp-block-columns is-layout-flex wp-container-core-columns-is-layout-9d6595d7 wp-block-columns-is-layout-flex\">\n<div class=\"wp-block-column is-layout-flow wp-block-column-is-layout-flow\">\n<div class=\"wp-block-buttons is-layout-flex wp-block-buttons-is-layout-flex\">\n<div class=\"wp-block-button\"><a class=\"wp-block-button__link wp-element-button\" href=\"https:\/\/www.gymnastica.fi\/sv\/butik\/\">Bl\u00e4ddra bland produkter<\/a><\/div>\n<\/div>\n<\/div>\n<\/div>\n<\/div><\/div>\n<\/div>\n\n\n\n<div class=\"wp-block-column is-layout-flow wp-block-column-is-layout-flow\">\n<div class=\"wp-block-cover alignwide\"><img loading=\"lazy\" decoding=\"async\" width=\"1120\" height=\"1480\" class=\"wp-block-cover__image-background wp-image-45298\" alt=\"\" src=\"http:\/\/www.gymnastica.fi\/app\/uploads\/2025\/05\/simone-biles.jpg\" data-object-fit=\"cover\" srcset=\"https:\/\/www.gymnastica.fi\/app\/uploads\/2025\/05\/simone-biles.jpg 1120w, https:\/\/www.gymnastica.fi\/app\/uploads\/2025\/05\/simone-biles-530x700.jpg 530w, https:\/\/www.gymnastica.fi\/app\/uploads\/2025\/05\/simone-biles-768x1015.jpg 768w, https:\/\/www.gymnastica.fi\/app\/uploads\/2025\/05\/simone-biles-300x396.jpg 300w, https:\/\/www.gymnastica.fi\/app\/uploads\/2025\/05\/simone-biles-600x793.jpg 600w\" sizes=\"auto, (max-width: 1120px) 100vw, 1120px\" \/><span aria-hidden=\"true\" class=\"wp-block-cover__background has-brand-dark-background-color has-background-dim-0 has-background-dim\"><\/span><div class=\"wp-block-cover__inner-container is-layout-flow wp-block-cover-is-layout-flow\">\n<h2 class=\"wp-block-heading has-text-align-left\">GK Gymnastikdr\u00e4kter<\/h2>\n\n\n\n<figure class=\"wp-block-image size-large is-resized\"><img loading=\"lazy\" decoding=\"async\" width=\"246\" height=\"59\" src=\"https:\/\/www.gymnastica.fi\/app\/uploads\/2021\/04\/logo.svg\" alt=\"Gymnastica\" class=\"wp-image-12\" style=\"width:101px;height:25px\"\/><\/figure>\n\n\n\n<div class=\"wp-block-buttons is-layout-flex wp-block-buttons-is-layout-flex\">\n<div class=\"wp-block-button\"><a class=\"wp-block-button__link wp-element-button\" href=\"https:\/\/www.gymnastica.fi\/sv\/produktavdelning\/marken\/gk-sv\/\">Bl\u00e4ddra bland kollektionen<\/a><\/div>\n<\/div>\n<\/div><\/div>\n<\/div>\n<\/div>\n\n\n\n<div style=\"height:2em\" aria-hidden=\"true\" class=\"wp-block-spacer\"><\/div>\n\n\n\n<div class=\"wp-block-columns alignwide is-layout-flex wp-container-core-columns-is-layout-9d6595d7 wp-block-columns-is-layout-flex\">\n<div class=\"wp-block-column is-layout-flow wp-block-column-is-layout-flow\">\n<div class=\"wp-block-cover alignwide has-custom-content-position is-position-bottom-left\"><img loading=\"lazy\" decoding=\"async\" width=\"1189\" height=\"786\" class=\"wp-block-cover__image-background wp-image-36889\" alt=\"\" src=\"http:\/\/www.gymnastica.fi\/app\/uploads\/2023\/12\/Reisport.jpg\" data-object-fit=\"cover\" srcset=\"https:\/\/www.gymnastica.fi\/app\/uploads\/2023\/12\/Reisport.jpg 1189w, https:\/\/www.gymnastica.fi\/app\/uploads\/2023\/12\/Reisport-700x463.jpg 700w, https:\/\/www.gymnastica.fi\/app\/uploads\/2023\/12\/Reisport-768x508.jpg 768w, https:\/\/www.gymnastica.fi\/app\/uploads\/2023\/12\/Reisport-300x198.jpg 300w, https:\/\/www.gymnastica.fi\/app\/uploads\/2023\/12\/Reisport-600x397.jpg 600w\" sizes=\"auto, (max-width: 1189px) 100vw, 1189px\" \/><span aria-hidden=\"true\" class=\"wp-block-cover__background has-brand-dark-background-color has-background-dim-0 has-background-dim\"><\/span><div class=\"wp-block-cover__inner-container is-layout-flow wp-block-cover-is-layout-flow\">\n<h2 class=\"wp-block-heading has-text-align-center has-l-font-size\">F\u00f6r artistisk gymnastik<\/h2>\n\n\n\n<div class=\"wp-block-columns is-layout-flex wp-container-core-columns-is-layout-9d6595d7 wp-block-columns-is-layout-flex\">\n<div class=\"wp-block-column is-layout-flow wp-block-column-is-layout-flow\" style=\"flex-basis:100%\">\n<div class=\"wp-block-buttons is-layout-flex wp-block-buttons-is-layout-flex\">\n<div class=\"wp-block-button is-style-fill mb-3\"><a class=\"wp-block-button__link has-text-align-center wp-element-button\" href=\"https:\/\/www.gymnastica.fi\/sv\/produktavdelning\/damer\/hand-skydd-och-muddar\/\">R\u00e4ckskydd f\u00f6r kvinnor<\/a><\/div>\n<\/div>\n\n\n\n<div class=\"wp-block-buttons is-layout-flex wp-block-buttons-is-layout-flex\">\n<div class=\"wp-block-button is-style-fill\"><a class=\"wp-block-button__link wp-element-button\" href=\"https:\/\/www.gymnastica.fi\/sv\/produktavdelning\/herrar\/handskydd-och-muddar\/\">R\u00e4ckskydd f\u00f6r m\u00e4n<\/a><\/div>\n<\/div>\n<\/div>\n<\/div>\n<\/div><\/div>\n<\/div>\n\n\n\n<div class=\"wp-block-column is-layout-flow wp-block-column-is-layout-flow\">\n<div class=\"wp-block-cover alignwide is-light\"><img loading=\"lazy\" decoding=\"async\" width=\"1000\" height=\"1000\" class=\"wp-block-cover__image-background wp-image-721\" alt=\"\" src=\"http:\/\/www.gymnastica.fi\/app\/uploads\/2021\/04\/competition-rope.jpg\" data-object-fit=\"cover\" srcset=\"https:\/\/www.gymnastica.fi\/app\/uploads\/2021\/04\/competition-rope.jpg 1000w, https:\/\/www.gymnastica.fi\/app\/uploads\/2021\/04\/competition-rope-300x300.jpg 300w, https:\/\/www.gymnastica.fi\/app\/uploads\/2021\/04\/competition-rope-100x100.jpg 100w, https:\/\/www.gymnastica.fi\/app\/uploads\/2021\/04\/competition-rope-600x600.jpg 600w, https:\/\/www.gymnastica.fi\/app\/uploads\/2021\/04\/competition-rope-700x700.jpg 700w, https:\/\/www.gymnastica.fi\/app\/uploads\/2021\/04\/competition-rope-768x768.jpg 768w\" sizes=\"auto, (max-width: 1000px) 100vw, 1000px\" \/><span aria-hidden=\"true\" class=\"wp-block-cover__background has-brand-dark-background-color has-background-dim-10 has-background-dim\"><\/span><div class=\"wp-block-cover__inner-container is-layout-flow wp-block-cover-is-layout-flow\">\n<h2 class=\"wp-block-heading has-text-align-left has-white-color has-text-color has-link-color has-l-font-size wp-elements-b65d5b03075fd7e507f4601c3049044e\">Rytmisk- och estetisk truppgymnastik<\/h2>\n\n\n\n<div class=\"wp-block-columns is-layout-flex wp-container-core-columns-is-layout-9d6595d7 wp-block-columns-is-layout-flex\">\n<div class=\"wp-block-column is-layout-flow wp-block-column-is-layout-flow\">\n<div class=\"wp-block-buttons is-layout-flex wp-block-buttons-is-layout-flex\">\n<div class=\"wp-block-button\"><a class=\"wp-block-button__link wp-element-button\" href=\"https:\/\/www.gymnastica.fi\/sv\/produktavdelning\/sporthallprodukter-2\/rytmisk-och-estetisk-truppgymnastik\/\">Bl\u00e4ddra bland produkter<\/a><\/div>\n<\/div>\n<\/div>\n<\/div>\n<\/div><\/div>\n<\/div>\n<\/div>\n\n\n\n<div style=\"height:100px\" aria-hidden=\"true\" class=\"wp-block-spacer\"><\/div>\n\n\n\n<div style=\"height:100px\" aria-hidden=\"true\" class=\"wp-block-spacer\"><\/div>\n","protected":false},"excerpt":{"rendered":"","protected":false},"author":1,"featured_media":0,"parent":0,"menu_order":0,"comment_status":"closed","ping_status":"open","template":"views\/template-full-width.php","meta":{"_acf_changed":false,"_relevanssi_hide_post":"","_relevanssi_hide_content":"","_relevanssi_pin_for_all":"","_relevanssi_pin_keywords":"","_relevanssi_unpin_keywords":"","_relevanssi_related_keywords":"","_relevanssi_related_include_ids":"","_relevanssi_related_exclude_ids":"","_relevanssi_related_no_append":"","_relevanssi_related_not_related":"","_relevanssi_related_posts":"","_relevanssi_noindex_reason":"","footnotes":""},"class_list":["post-51","page","type-page","status-publish","hentry"],"acf":[],"yoast_head":"<!-- This site is optimized with the Yoast SEO plugin v26.8 - https:\/\/yoast.com\/product\/yoast-seo-wordpress\/ -->\n<title>Framsida &#8212; Gymnastica<\/title>\n<meta name=\"robots\" content=\"index, follow, max-snippet:-1, max-image-preview:large, max-video-preview:-1\" \/>\n<link rel=\"canonical\" href=\"https:\/\/www.gymnastica.fi\/sv\/\" \/>\n<meta property=\"og:locale\" content=\"sv_SE\" \/>\n<meta property=\"og:type\" content=\"article\" \/>\n<meta property=\"og:title\" content=\"Framsida &#8212; Gymnastica\" \/>\n<meta property=\"og:url\" content=\"https:\/\/www.gymnastica.fi\/sv\/\" \/>\n<meta property=\"og:site_name\" content=\"Gymnastica\" \/>\n<meta property=\"article:modified_time\" content=\"2025-11-05T20:38:20+00:00\" \/>\n<meta property=\"og:image\" content=\"https:\/\/www.gymnastica.fi\/app\/uploads\/2025\/05\/GK-voimistelutavat-2.jpg\" \/>\n\t<meta property=\"og:image:width\" content=\"1272\" \/>\n\t<meta property=\"og:image:height\" content=\"848\" \/>\n\t<meta property=\"og:image:type\" content=\"image\/jpeg\" \/>\n<meta name=\"twitter:card\" content=\"summary_large_image\" \/>\n<meta name=\"twitter:label1\" content=\"Est. reading time\" \/>\n\t<meta name=\"twitter:data1\" content=\"2 minutes\" \/>\n<script type=\"application\/ld+json\" class=\"yoast-schema-graph\">{\"@context\":\"https:\/\/schema.org\",\"@graph\":[{\"@type\":\"WebPage\",\"@id\":\"https:\/\/www.gymnastica.fi\/sv\/\",\"url\":\"https:\/\/www.gymnastica.fi\/sv\/\",\"name\":\"Framsida &#8212; Gymnastica\",\"isPartOf\":{\"@id\":\"https:\/\/www.gymnastica.fi\/#website\"},\"primaryImageOfPage\":{\"@id\":\"https:\/\/www.gymnastica.fi\/sv\/#primaryimage\"},\"image\":{\"@id\":\"https:\/\/www.gymnastica.fi\/sv\/#primaryimage\"},\"thumbnailUrl\":\"http:\/\/www.gymnastica.fi\/app\/uploads\/2025\/05\/GK-voimistelutavat-2.jpg\",\"datePublished\":\"2021-02-17T14:23:04+00:00\",\"dateModified\":\"2025-11-05T20:38:20+00:00\",\"breadcrumb\":{\"@id\":\"https:\/\/www.gymnastica.fi\/sv\/#breadcrumb\"},\"inLanguage\":\"sv-SE\",\"potentialAction\":[{\"@type\":\"ReadAction\",\"target\":[\"https:\/\/www.gymnastica.fi\/sv\/\"]}]},{\"@type\":\"ImageObject\",\"inLanguage\":\"sv-SE\",\"@id\":\"https:\/\/www.gymnastica.fi\/sv\/#primaryimage\",\"url\":\"http:\/\/www.gymnastica.fi\/app\/uploads\/2025\/05\/GK-voimistelutavat-2.jpg\",\"contentUrl\":\"http:\/\/www.gymnastica.fi\/app\/uploads\/2025\/05\/GK-voimistelutavat-2.jpg\"},{\"@type\":\"BreadcrumbList\",\"@id\":\"https:\/\/www.gymnastica.fi\/sv\/#breadcrumb\",\"itemListElement\":[{\"@type\":\"ListItem\",\"position\":1,\"name\":\"Home\",\"item\":\"https:\/\/www.gymnastica.fi\/sv\/\"},{\"@type\":\"ListItem\",\"position\":2,\"name\":\"Framsida\"}]},{\"@type\":\"WebSite\",\"@id\":\"https:\/\/www.gymnastica.fi\/#website\",\"url\":\"https:\/\/www.gymnastica.fi\/\",\"name\":\"Gymnastica\",\"description\":\"Liikunta- ja urheilutilasuunnittelun ja v\u00e4lineiden asiantuntija\",\"publisher\":{\"@id\":\"https:\/\/www.gymnastica.fi\/#organization\"},\"potentialAction\":[{\"@type\":\"SearchAction\",\"target\":{\"@type\":\"EntryPoint\",\"urlTemplate\":\"https:\/\/www.gymnastica.fi\/?s={search_term_string}\"},\"query-input\":{\"@type\":\"PropertyValueSpecification\",\"valueRequired\":true,\"valueName\":\"search_term_string\"}}],\"inLanguage\":\"sv-SE\"},{\"@type\":\"Organization\",\"@id\":\"https:\/\/www.gymnastica.fi\/#organization\",\"name\":\"Gymnastica\",\"url\":\"https:\/\/www.gymnastica.fi\/\",\"logo\":{\"@type\":\"ImageObject\",\"inLanguage\":\"sv-SE\",\"@id\":\"https:\/\/www.gymnastica.fi\/#\/schema\/logo\/image\/\",\"url\":\"https:\/\/www.gymnastica.fi\/app\/uploads\/2021\/04\/logo.svg\",\"contentUrl\":\"https:\/\/www.gymnastica.fi\/app\/uploads\/2021\/04\/logo.svg\",\"width\":246,\"height\":59,\"caption\":\"Gymnastica\"},\"image\":{\"@id\":\"https:\/\/www.gymnastica.fi\/#\/schema\/logo\/image\/\"}}]}<\/script>\n<!-- \/ Yoast SEO plugin. -->","yoast_head_json":{"title":"Framsida &#8212; Gymnastica","robots":{"index":"index","follow":"follow","max-snippet":"max-snippet:-1","max-image-preview":"max-image-preview:large","max-video-preview":"max-video-preview:-1"},"canonical":"https:\/\/www.gymnastica.fi\/sv\/","og_locale":"sv_SE","og_type":"article","og_title":"Framsida &#8212; Gymnastica","og_url":"https:\/\/www.gymnastica.fi\/sv\/","og_site_name":"Gymnastica","article_modified_time":"2025-11-05T20:38:20+00:00","og_image":[{"width":1272,"height":848,"url":"https:\/\/www.gymnastica.fi\/app\/uploads\/2025\/05\/GK-voimistelutavat-2.jpg","type":"image\/jpeg"}],"twitter_card":"summary_large_image","twitter_misc":{"Est. reading time":"2 minutes"},"schema":{"@context":"https:\/\/schema.org","@graph":[{"@type":"WebPage","@id":"https:\/\/www.gymnastica.fi\/sv\/","url":"https:\/\/www.gymnastica.fi\/sv\/","name":"Framsida &#8212; Gymnastica","isPartOf":{"@id":"https:\/\/www.gymnastica.fi\/#website"},"primaryImageOfPage":{"@id":"https:\/\/www.gymnastica.fi\/sv\/#primaryimage"},"image":{"@id":"https:\/\/www.gymnastica.fi\/sv\/#primaryimage"},"thumbnailUrl":"http:\/\/www.gymnastica.fi\/app\/uploads\/2025\/05\/GK-voimistelutavat-2.jpg","datePublished":"2021-02-17T14:23:04+00:00","dateModified":"2025-11-05T20:38:20+00:00","breadcrumb":{"@id":"https:\/\/www.gymnastica.fi\/sv\/#breadcrumb"},"inLanguage":"sv-SE","potentialAction":[{"@type":"ReadAction","target":["https:\/\/www.gymnastica.fi\/sv\/"]}]},{"@type":"ImageObject","inLanguage":"sv-SE","@id":"https:\/\/www.gymnastica.fi\/sv\/#primaryimage","url":"http:\/\/www.gymnastica.fi\/app\/uploads\/2025\/05\/GK-voimistelutavat-2.jpg","contentUrl":"http:\/\/www.gymnastica.fi\/app\/uploads\/2025\/05\/GK-voimistelutavat-2.jpg"},{"@type":"BreadcrumbList","@id":"https:\/\/www.gymnastica.fi\/sv\/#breadcrumb","itemListElement":[{"@type":"ListItem","position":1,"name":"Home","item":"https:\/\/www.gymnastica.fi\/sv\/"},{"@type":"ListItem","position":2,"name":"Framsida"}]},{"@type":"WebSite","@id":"https:\/\/www.gymnastica.fi\/#website","url":"https:\/\/www.gymnastica.fi\/","name":"Gymnastica","description":"Liikunta- ja urheilutilasuunnittelun ja v\u00e4lineiden asiantuntija","publisher":{"@id":"https:\/\/www.gymnastica.fi\/#organization"},"potentialAction":[{"@type":"SearchAction","target":{"@type":"EntryPoint","urlTemplate":"https:\/\/www.gymnastica.fi\/?s={search_term_string}"},"query-input":{"@type":"PropertyValueSpecification","valueRequired":true,"valueName":"search_term_string"}}],"inLanguage":"sv-SE"},{"@type":"Organization","@id":"https:\/\/www.gymnastica.fi\/#organization","name":"Gymnastica","url":"https:\/\/www.gymnastica.fi\/","logo":{"@type":"ImageObject","inLanguage":"sv-SE","@id":"https:\/\/www.gymnastica.fi\/#\/schema\/logo\/image\/","url":"https:\/\/www.gymnastica.fi\/app\/uploads\/2021\/04\/logo.svg","contentUrl":"https:\/\/www.gymnastica.fi\/app\/uploads\/2021\/04\/logo.svg","width":246,"height":59,"caption":"Gymnastica"},"image":{"@id":"https:\/\/www.gymnastica.fi\/#\/schema\/logo\/image\/"}}]}},"_links":{"self":[{"href":"https:\/\/www.gymnastica.fi\/sv\/wp-json\/wp\/v2\/pages\/51","targetHints":{"allow":["GET"]}}],"collection":[{"href":"https:\/\/www.gymnastica.fi\/sv\/wp-json\/wp\/v2\/pages"}],"about":[{"href":"https:\/\/www.gymnastica.fi\/sv\/wp-json\/wp\/v2\/types\/page"}],"author":[{"embeddable":true,"href":"https:\/\/www.gymnastica.fi\/sv\/wp-json\/wp\/v2\/users\/1"}],"replies":[{"embeddable":true,"href":"https:\/\/www.gymnastica.fi\/sv\/wp-json\/wp\/v2\/comments?post=51"}],"version-history":[{"count":7,"href":"https:\/\/www.gymnastica.fi\/sv\/wp-json\/wp\/v2\/pages\/51\/revisions"}],"predecessor-version":[{"id":45360,"href":"https:\/\/www.gymnastica.fi\/sv\/wp-json\/wp\/v2\/pages\/51\/revisions\/45360"}],"wp:attachment":[{"href":"https:\/\/www.gymnastica.fi\/sv\/wp-json\/wp\/v2\/media?parent=51"}],"curies":[{"name":"wp","href":"https:\/\/api.w.org\/{rel}","templated":true}]}}