{"id":21881,"date":"2023-05-16T16:22:06","date_gmt":"2023-05-16T13:22:06","guid":{"rendered":"https:\/\/www.gymnastica.fi\/tuote\/gymnastikdrakt-jade-carey-gk-e4844\/"},"modified":"2024-03-13T14:14:02","modified_gmt":"2024-03-13T12:14:02","slug":"gymnastikdrakt-jade-carey-gk-e4844","status":"publish","type":"product","link":"https:\/\/www.gymnastica.fi\/sv\/tuote\/gymnastikdrakt-jade-carey-gk-e4844\/","title":{"rendered":"Gymnastikdr\u00e4kt Jade Carey GK E4844"},"content":{"rendered":"<p>Gymnastikdr\u00e4kt i sublimerad subfuse. Matchande h\u00e5rsnodd medf\u00f6ljer.<\/p>\n<p>OBS!<\/p>\n<p>Sm\u00e5 &#8220;noppor&#8221; kan uppst\u00e5 p\u00e5 tryckta polytek- och subfuse-tyger n\u00e4r de kommer i kontakt med kardborreband och andra vassa\/oj\u00e4mna ytor. Baksidan\/nedre delen av dr\u00e4kten \u00e4r de mest utsatta delarna. Tyv\u00e4rr \u00e4r detta n\u00e5got som inte kan undvikas p\u00e5 grund av tygets natur. Leverant\u00f6ren GK Elite Sportswear kan inte h\u00e5llas ansvarig f\u00f6r att byta ut eller reparera din dr\u00e4kt om &#8220;noppor&#8221; uppst\u00e5r.<\/p>\n","protected":false},"excerpt":{"rendered":"<p>Gymnastikdr\u00e4kt i sublimerad subfuse. Matchande h\u00e5rsnodd medf\u00f6ljer. OBS! Sm\u00e5 &#8220;noppor&#8221; kan uppst\u00e5 p\u00e5 tryckta polytek- och subfuse-tyger n\u00e4r de kommer i kontakt med kardborreband och andra vassa\/oj\u00e4mna ytor. Baksidan\/nedre delen av dr\u00e4kten \u00e4r de mest utsatta delarna. Tyv\u00e4rr \u00e4r detta n\u00e5got som inte kan undvikas p\u00e5 grund av tygets natur. Leverant\u00f6ren GK Elite Sportswear kan [&hellip;]<\/p>\n","protected":false},"featured_media":21804,"template":"","meta":{"_acf_changed":false,"_relevanssi_hide_post":"","_relevanssi_hide_content":"","_relevanssi_pin_for_all":"","_relevanssi_pin_keywords":"","_relevanssi_unpin_keywords":"","_relevanssi_related_keywords":"","_relevanssi_related_include_ids":"","_relevanssi_related_exclude_ids":"","_relevanssi_related_no_append":"","_relevanssi_related_not_related":"","_relevanssi_related_posts":"","_relevanssi_noindex_reason":""},"product_brand":[],"product_cat":[1654,1655,1656,1657,1658,3856,3859],"product_tag":[1747,1748],"manufacturers":[],"suppliers":[],"class_list":{"0":"post-21881","1":"product","2":"type-product","3":"status-publish","4":"has-post-thumbnail","6":"product_cat-marken","7":"product_cat-gk-sv","8":"product_cat-damer","9":"product_cat-gymnastikdrakter","10":"product_cat-armlosa-gymnastikdrakter","11":"product_cat-gk-sasongsdrakter","12":"product_cat-gk-signerade-drakter","13":"product_tag-gk-seasonal-essentials-sv","14":"product_tag-jade-carey-sv","16":"first","17":"instock","18":"taxable","19":"shipping-taxable","20":"purchasable","21":"product-type-variable"},"acf":[],"yoast_head":"<!-- This site is optimized with the Yoast SEO plugin v26.8 - https:\/\/yoast.com\/product\/yoast-seo-wordpress\/ -->\n<title>Gymnastikdr\u00e4kt Jade Carey GK E4844 &#8212; Gymnastica<\/title>\n<meta name=\"robots\" content=\"index, follow, max-snippet:-1, max-image-preview:large, max-video-preview:-1\" \/>\n<link rel=\"canonical\" href=\"https:\/\/www.gymnastica.fi\/en\/tuote\/leotard-jade-carey-gk-e4844\/\" \/>\n<meta property=\"og:locale\" content=\"sv_SE\" \/>\n<meta property=\"og:type\" content=\"article\" \/>\n<meta property=\"og:title\" content=\"Gymnastikdr\u00e4kt Jade Carey GK E4844 &#8212; Gymnastica\" \/>\n<meta property=\"og:description\" content=\"Gymnastikdr\u00e4kt i sublimerad subfuse. Matchande h\u00e5rsnodd medf\u00f6ljer. OBS! Sm\u00e5 &#8220;noppor&#8221; kan uppst\u00e5 p\u00e5 tryckta polytek- och subfuse-tyger n\u00e4r de kommer i kontakt med kardborreband och andra vassa\/oj\u00e4mna ytor. Baksidan\/nedre delen av dr\u00e4kten \u00e4r de mest utsatta delarna. Tyv\u00e4rr \u00e4r detta n\u00e5got som inte kan undvikas p\u00e5 grund av tygets natur. Leverant\u00f6ren GK Elite Sportswear kan [&hellip;]\" \/>\n<meta property=\"og:url\" content=\"https:\/\/www.gymnastica.fi\/en\/tuote\/leotard-jade-carey-gk-e4844\/\" \/>\n<meta property=\"og:site_name\" content=\"Gymnastica\" \/>\n<meta property=\"article:modified_time\" content=\"2024-03-13T12:14:02+00:00\" \/>\n<meta property=\"og:image\" content=\"https:\/\/www.gymnastica.fi\/app\/uploads\/2023\/05\/GK-E4844.jpg\" \/>\n\t<meta property=\"og:image:width\" content=\"696\" \/>\n\t<meta property=\"og:image:height\" content=\"925\" \/>\n\t<meta property=\"og:image:type\" content=\"image\/jpeg\" \/>\n<meta name=\"twitter:card\" content=\"summary_large_image\" \/>\n<script type=\"application\/ld+json\" class=\"yoast-schema-graph\">{\"@context\":\"https:\/\/schema.org\",\"@graph\":[{\"@type\":\"WebPage\",\"@id\":\"https:\/\/www.gymnastica.fi\/en\/tuote\/leotard-jade-carey-gk-e4844\/\",\"url\":\"https:\/\/www.gymnastica.fi\/en\/tuote\/leotard-jade-carey-gk-e4844\/\",\"name\":\"Gymnastikdr\u00e4kt Jade Carey GK E4844 &#8212; Gymnastica\",\"isPartOf\":{\"@id\":\"https:\/\/www.gymnastica.fi\/#website\"},\"primaryImageOfPage\":{\"@id\":\"https:\/\/www.gymnastica.fi\/en\/tuote\/leotard-jade-carey-gk-e4844\/#primaryimage\"},\"image\":{\"@id\":\"https:\/\/www.gymnastica.fi\/en\/tuote\/leotard-jade-carey-gk-e4844\/#primaryimage\"},\"thumbnailUrl\":\"https:\/\/www.gymnastica.fi\/app\/uploads\/2023\/05\/GK-E4844.jpg\",\"datePublished\":\"2023-05-16T13:22:06+00:00\",\"dateModified\":\"2024-03-13T12:14:02+00:00\",\"breadcrumb\":{\"@id\":\"https:\/\/www.gymnastica.fi\/en\/tuote\/leotard-jade-carey-gk-e4844\/#breadcrumb\"},\"inLanguage\":\"sv-SE\",\"potentialAction\":[{\"@type\":\"ReadAction\",\"target\":[\"https:\/\/www.gymnastica.fi\/en\/tuote\/leotard-jade-carey-gk-e4844\/\"]}]},{\"@type\":\"ImageObject\",\"inLanguage\":\"sv-SE\",\"@id\":\"https:\/\/www.gymnastica.fi\/en\/tuote\/leotard-jade-carey-gk-e4844\/#primaryimage\",\"url\":\"https:\/\/www.gymnastica.fi\/app\/uploads\/2023\/05\/GK-E4844.jpg\",\"contentUrl\":\"https:\/\/www.gymnastica.fi\/app\/uploads\/2023\/05\/GK-E4844.jpg\",\"width\":696,\"height\":925},{\"@type\":\"BreadcrumbList\",\"@id\":\"https:\/\/www.gymnastica.fi\/en\/tuote\/leotard-jade-carey-gk-e4844\/#breadcrumb\",\"itemListElement\":[{\"@type\":\"ListItem\",\"position\":1,\"name\":\"Home\",\"item\":\"https:\/\/www.gymnastica.fi\/sv\/\"},{\"@type\":\"ListItem\",\"position\":2,\"name\":\"Butik\",\"item\":\"https:\/\/www.gymnastica.fi\/sv\/butik\/\"},{\"@type\":\"ListItem\",\"position\":3,\"name\":\"Gymnastikdr\u00e4kt Jade Carey GK E4844\"}]},{\"@type\":\"WebSite\",\"@id\":\"https:\/\/www.gymnastica.fi\/#website\",\"url\":\"https:\/\/www.gymnastica.fi\/\",\"name\":\"Gymnastica\",\"description\":\"Liikunta- ja urheilutilasuunnittelun ja v\u00e4lineiden asiantuntija\",\"publisher\":{\"@id\":\"https:\/\/www.gymnastica.fi\/#organization\"},\"potentialAction\":[{\"@type\":\"SearchAction\",\"target\":{\"@type\":\"EntryPoint\",\"urlTemplate\":\"https:\/\/www.gymnastica.fi\/?s={search_term_string}\"},\"query-input\":{\"@type\":\"PropertyValueSpecification\",\"valueRequired\":true,\"valueName\":\"search_term_string\"}}],\"inLanguage\":\"sv-SE\"},{\"@type\":\"Organization\",\"@id\":\"https:\/\/www.gymnastica.fi\/#organization\",\"name\":\"Gymnastica\",\"url\":\"https:\/\/www.gymnastica.fi\/\",\"logo\":{\"@type\":\"ImageObject\",\"inLanguage\":\"sv-SE\",\"@id\":\"https:\/\/www.gymnastica.fi\/#\/schema\/logo\/image\/\",\"url\":\"https:\/\/www.gymnastica.fi\/app\/uploads\/2021\/04\/logo.svg\",\"contentUrl\":\"https:\/\/www.gymnastica.fi\/app\/uploads\/2021\/04\/logo.svg\",\"width\":246,\"height\":59,\"caption\":\"Gymnastica\"},\"image\":{\"@id\":\"https:\/\/www.gymnastica.fi\/#\/schema\/logo\/image\/\"}}]}<\/script>\n<!-- \/ Yoast SEO plugin. -->","yoast_head_json":{"title":"Gymnastikdr\u00e4kt Jade Carey GK E4844 &#8212; Gymnastica","robots":{"index":"index","follow":"follow","max-snippet":"max-snippet:-1","max-image-preview":"max-image-preview:large","max-video-preview":"max-video-preview:-1"},"canonical":"https:\/\/www.gymnastica.fi\/en\/tuote\/leotard-jade-carey-gk-e4844\/","og_locale":"sv_SE","og_type":"article","og_title":"Gymnastikdr\u00e4kt Jade Carey GK E4844 &#8212; Gymnastica","og_description":"Gymnastikdr\u00e4kt i sublimerad subfuse. Matchande h\u00e5rsnodd medf\u00f6ljer. OBS! Sm\u00e5 &#8220;noppor&#8221; kan uppst\u00e5 p\u00e5 tryckta polytek- och subfuse-tyger n\u00e4r de kommer i kontakt med kardborreband och andra vassa\/oj\u00e4mna ytor. Baksidan\/nedre delen av dr\u00e4kten \u00e4r de mest utsatta delarna. Tyv\u00e4rr \u00e4r detta n\u00e5got som inte kan undvikas p\u00e5 grund av tygets natur. Leverant\u00f6ren GK Elite Sportswear kan [&hellip;]","og_url":"https:\/\/www.gymnastica.fi\/en\/tuote\/leotard-jade-carey-gk-e4844\/","og_site_name":"Gymnastica","article_modified_time":"2024-03-13T12:14:02+00:00","og_image":[{"width":696,"height":925,"url":"https:\/\/www.gymnastica.fi\/app\/uploads\/2023\/05\/GK-E4844.jpg","type":"image\/jpeg"}],"twitter_card":"summary_large_image","schema":{"@context":"https:\/\/schema.org","@graph":[{"@type":"WebPage","@id":"https:\/\/www.gymnastica.fi\/en\/tuote\/leotard-jade-carey-gk-e4844\/","url":"https:\/\/www.gymnastica.fi\/en\/tuote\/leotard-jade-carey-gk-e4844\/","name":"Gymnastikdr\u00e4kt Jade Carey GK E4844 &#8212; Gymnastica","isPartOf":{"@id":"https:\/\/www.gymnastica.fi\/#website"},"primaryImageOfPage":{"@id":"https:\/\/www.gymnastica.fi\/en\/tuote\/leotard-jade-carey-gk-e4844\/#primaryimage"},"image":{"@id":"https:\/\/www.gymnastica.fi\/en\/tuote\/leotard-jade-carey-gk-e4844\/#primaryimage"},"thumbnailUrl":"https:\/\/www.gymnastica.fi\/app\/uploads\/2023\/05\/GK-E4844.jpg","datePublished":"2023-05-16T13:22:06+00:00","dateModified":"2024-03-13T12:14:02+00:00","breadcrumb":{"@id":"https:\/\/www.gymnastica.fi\/en\/tuote\/leotard-jade-carey-gk-e4844\/#breadcrumb"},"inLanguage":"sv-SE","potentialAction":[{"@type":"ReadAction","target":["https:\/\/www.gymnastica.fi\/en\/tuote\/leotard-jade-carey-gk-e4844\/"]}]},{"@type":"ImageObject","inLanguage":"sv-SE","@id":"https:\/\/www.gymnastica.fi\/en\/tuote\/leotard-jade-carey-gk-e4844\/#primaryimage","url":"https:\/\/www.gymnastica.fi\/app\/uploads\/2023\/05\/GK-E4844.jpg","contentUrl":"https:\/\/www.gymnastica.fi\/app\/uploads\/2023\/05\/GK-E4844.jpg","width":696,"height":925},{"@type":"BreadcrumbList","@id":"https:\/\/www.gymnastica.fi\/en\/tuote\/leotard-jade-carey-gk-e4844\/#breadcrumb","itemListElement":[{"@type":"ListItem","position":1,"name":"Home","item":"https:\/\/www.gymnastica.fi\/sv\/"},{"@type":"ListItem","position":2,"name":"Butik","item":"https:\/\/www.gymnastica.fi\/sv\/butik\/"},{"@type":"ListItem","position":3,"name":"Gymnastikdr\u00e4kt Jade Carey GK E4844"}]},{"@type":"WebSite","@id":"https:\/\/www.gymnastica.fi\/#website","url":"https:\/\/www.gymnastica.fi\/","name":"Gymnastica","description":"Liikunta- ja urheilutilasuunnittelun ja v\u00e4lineiden asiantuntija","publisher":{"@id":"https:\/\/www.gymnastica.fi\/#organization"},"potentialAction":[{"@type":"SearchAction","target":{"@type":"EntryPoint","urlTemplate":"https:\/\/www.gymnastica.fi\/?s={search_term_string}"},"query-input":{"@type":"PropertyValueSpecification","valueRequired":true,"valueName":"search_term_string"}}],"inLanguage":"sv-SE"},{"@type":"Organization","@id":"https:\/\/www.gymnastica.fi\/#organization","name":"Gymnastica","url":"https:\/\/www.gymnastica.fi\/","logo":{"@type":"ImageObject","inLanguage":"sv-SE","@id":"https:\/\/www.gymnastica.fi\/#\/schema\/logo\/image\/","url":"https:\/\/www.gymnastica.fi\/app\/uploads\/2021\/04\/logo.svg","contentUrl":"https:\/\/www.gymnastica.fi\/app\/uploads\/2021\/04\/logo.svg","width":246,"height":59,"caption":"Gymnastica"},"image":{"@id":"https:\/\/www.gymnastica.fi\/#\/schema\/logo\/image\/"}}]}},"_links":{"self":[{"href":"https:\/\/www.gymnastica.fi\/sv\/wp-json\/wp\/v2\/product\/21881","targetHints":{"allow":["GET"]}}],"collection":[{"href":"https:\/\/www.gymnastica.fi\/sv\/wp-json\/wp\/v2\/product"}],"about":[{"href":"https:\/\/www.gymnastica.fi\/sv\/wp-json\/wp\/v2\/types\/product"}],"wp:featuredmedia":[{"embeddable":true,"href":"https:\/\/www.gymnastica.fi\/sv\/wp-json\/wp\/v2\/media\/21804"}],"wp:attachment":[{"href":"https:\/\/www.gymnastica.fi\/sv\/wp-json\/wp\/v2\/media?parent=21881"}],"wp:term":[{"taxonomy":"product_brand","embeddable":true,"href":"https:\/\/www.gymnastica.fi\/sv\/wp-json\/wp\/v2\/product_brand?post=21881"},{"taxonomy":"product_cat","embeddable":true,"href":"https:\/\/www.gymnastica.fi\/sv\/wp-json\/wp\/v2\/product_cat?post=21881"},{"taxonomy":"product_tag","embeddable":true,"href":"https:\/\/www.gymnastica.fi\/sv\/wp-json\/wp\/v2\/product_tag?post=21881"},{"taxonomy":"manufacturers","embeddable":true,"href":"https:\/\/www.gymnastica.fi\/sv\/wp-json\/wp\/v2\/manufacturers?post=21881"},{"taxonomy":"suppliers","embeddable":true,"href":"https:\/\/www.gymnastica.fi\/sv\/wp-json\/wp\/v2\/suppliers?post=21881"}],"curies":[{"name":"wp","href":"https:\/\/api.w.org\/{rel}","templated":true}]}}