{"id":23372,"date":"2023-02-15T16:14:59","date_gmt":"2023-02-15T14:14:59","guid":{"rendered":"https:\/\/www.gymnastica.fi\/tuote\/plastkaglor-fluo-pink-455-cm\/"},"modified":"2023-08-24T14:57:57","modified_gmt":"2023-08-24T11:57:57","slug":"pastorelli-plastkaglor-fluo-pink-455-cm","status":"publish","type":"product","link":"https:\/\/www.gymnastica.fi\/sv\/tuote\/pastorelli-plastkaglor-fluo-pink-455-cm\/","title":{"rendered":"Pastorelli plastk\u00e4glor fluo pink 45,5 cm"},"content":{"rendered":"<p>Pastorelli plastk\u00e4glor. F\u00e4rg fluo pink. L\u00e4ngd 45,5 cm, vikt 150 g. K\u00e4glorna g\u00e5r att koppla ihop med varandra. FIG godk\u00e4nda.<\/p>\n","protected":false},"excerpt":{"rendered":"<p>Pastorelli plastk\u00e4glor. F\u00e4rg fluo pink. L\u00e4ngd 45,5 cm, vikt 150 g. K\u00e4glorna g\u00e5r att koppla ihop med varandra. FIG godk\u00e4nda.<\/p>\n","protected":false},"featured_media":19973,"template":"","meta":{"_acf_changed":false,"_relevanssi_hide_post":"","_relevanssi_hide_content":"","_relevanssi_pin_for_all":"","_relevanssi_pin_keywords":"","_relevanssi_unpin_keywords":"","_relevanssi_related_keywords":"","_relevanssi_related_include_ids":"","_relevanssi_related_exclude_ids":"","_relevanssi_related_no_append":"","_relevanssi_related_not_related":"","_relevanssi_related_posts":"","_relevanssi_noindex_reason":""},"product_brand":[],"product_cat":[1654,1808,1807,1809,1810],"product_tag":[1811],"manufacturers":[],"suppliers":[],"class_list":{"0":"post-23372","1":"product","2":"type-product","3":"status-publish","4":"has-post-thumbnail","6":"product_cat-marken","7":"product_cat-pastorelli-sv","8":"product_cat-handredskap","9":"product_cat-kaglor","10":"product_cat-kaglor-452-cm","11":"product_tag-pastorelli-sv","13":"first","14":"onbackorder","15":"taxable","16":"shipping-taxable","17":"purchasable","18":"product-type-simple"},"acf":[],"yoast_head":"<!-- This site is optimized with the Yoast SEO plugin v26.8 - https:\/\/yoast.com\/product\/yoast-seo-wordpress\/ -->\n<title>Pastorelli plastk\u00e4glor fluo pink 45,5 cm &#8212; Gymnastica<\/title>\n<meta name=\"robots\" content=\"index, follow, max-snippet:-1, max-image-preview:large, max-video-preview:-1\" \/>\n<link rel=\"canonical\" href=\"https:\/\/www.gymnastica.fi\/en\/tuote\/pastorelli-plastic-clubs-fluo-pink-455-cm\/\" \/>\n<meta property=\"og:locale\" content=\"sv_SE\" \/>\n<meta property=\"og:type\" content=\"article\" \/>\n<meta property=\"og:title\" content=\"Pastorelli plastk\u00e4glor fluo pink 45,5 cm &#8212; Gymnastica\" \/>\n<meta property=\"og:description\" content=\"Pastorelli plastk\u00e4glor. F\u00e4rg fluo pink. L\u00e4ngd 45,5 cm, vikt 150 g. K\u00e4glorna g\u00e5r att koppla ihop med varandra. FIG godk\u00e4nda.\" \/>\n<meta property=\"og:url\" content=\"https:\/\/www.gymnastica.fi\/en\/tuote\/pastorelli-plastic-clubs-fluo-pink-455-cm\/\" \/>\n<meta property=\"og:site_name\" content=\"Gymnastica\" \/>\n<meta property=\"article:modified_time\" content=\"2023-08-24T11:57:57+00:00\" \/>\n<meta property=\"og:image\" content=\"https:\/\/www.gymnastica.fi\/app\/uploads\/2023\/02\/PA-03173.jpg\" \/>\n\t<meta property=\"og:image:width\" content=\"1200\" \/>\n\t<meta property=\"og:image:height\" content=\"1200\" \/>\n\t<meta property=\"og:image:type\" content=\"image\/jpeg\" \/>\n<meta name=\"twitter:card\" content=\"summary_large_image\" \/>\n<script type=\"application\/ld+json\" class=\"yoast-schema-graph\">{\"@context\":\"https:\/\/schema.org\",\"@graph\":[{\"@type\":\"WebPage\",\"@id\":\"https:\/\/www.gymnastica.fi\/en\/tuote\/pastorelli-plastic-clubs-fluo-pink-455-cm\/\",\"url\":\"https:\/\/www.gymnastica.fi\/en\/tuote\/pastorelli-plastic-clubs-fluo-pink-455-cm\/\",\"name\":\"Pastorelli plastk\u00e4glor fluo pink 45,5 cm &#8212; Gymnastica\",\"isPartOf\":{\"@id\":\"https:\/\/www.gymnastica.fi\/#website\"},\"primaryImageOfPage\":{\"@id\":\"https:\/\/www.gymnastica.fi\/en\/tuote\/pastorelli-plastic-clubs-fluo-pink-455-cm\/#primaryimage\"},\"image\":{\"@id\":\"https:\/\/www.gymnastica.fi\/en\/tuote\/pastorelli-plastic-clubs-fluo-pink-455-cm\/#primaryimage\"},\"thumbnailUrl\":\"https:\/\/www.gymnastica.fi\/app\/uploads\/2023\/02\/PA-03173.jpg\",\"datePublished\":\"2023-02-15T14:14:59+00:00\",\"dateModified\":\"2023-08-24T11:57:57+00:00\",\"breadcrumb\":{\"@id\":\"https:\/\/www.gymnastica.fi\/en\/tuote\/pastorelli-plastic-clubs-fluo-pink-455-cm\/#breadcrumb\"},\"inLanguage\":\"sv-SE\",\"potentialAction\":[{\"@type\":\"ReadAction\",\"target\":[\"https:\/\/www.gymnastica.fi\/en\/tuote\/pastorelli-plastic-clubs-fluo-pink-455-cm\/\"]}]},{\"@type\":\"ImageObject\",\"inLanguage\":\"sv-SE\",\"@id\":\"https:\/\/www.gymnastica.fi\/en\/tuote\/pastorelli-plastic-clubs-fluo-pink-455-cm\/#primaryimage\",\"url\":\"https:\/\/www.gymnastica.fi\/app\/uploads\/2023\/02\/PA-03173.jpg\",\"contentUrl\":\"https:\/\/www.gymnastica.fi\/app\/uploads\/2023\/02\/PA-03173.jpg\",\"width\":1200,\"height\":1200},{\"@type\":\"BreadcrumbList\",\"@id\":\"https:\/\/www.gymnastica.fi\/en\/tuote\/pastorelli-plastic-clubs-fluo-pink-455-cm\/#breadcrumb\",\"itemListElement\":[{\"@type\":\"ListItem\",\"position\":1,\"name\":\"Home\",\"item\":\"https:\/\/www.gymnastica.fi\/sv\/\"},{\"@type\":\"ListItem\",\"position\":2,\"name\":\"Butik\",\"item\":\"https:\/\/www.gymnastica.fi\/sv\/butik\/\"},{\"@type\":\"ListItem\",\"position\":3,\"name\":\"Pastorelli plastk\u00e4glor fluo pink 45,5 cm\"}]},{\"@type\":\"WebSite\",\"@id\":\"https:\/\/www.gymnastica.fi\/#website\",\"url\":\"https:\/\/www.gymnastica.fi\/\",\"name\":\"Gymnastica\",\"description\":\"Liikunta- ja urheilutilasuunnittelun ja v\u00e4lineiden asiantuntija\",\"publisher\":{\"@id\":\"https:\/\/www.gymnastica.fi\/#organization\"},\"potentialAction\":[{\"@type\":\"SearchAction\",\"target\":{\"@type\":\"EntryPoint\",\"urlTemplate\":\"https:\/\/www.gymnastica.fi\/?s={search_term_string}\"},\"query-input\":{\"@type\":\"PropertyValueSpecification\",\"valueRequired\":true,\"valueName\":\"search_term_string\"}}],\"inLanguage\":\"sv-SE\"},{\"@type\":\"Organization\",\"@id\":\"https:\/\/www.gymnastica.fi\/#organization\",\"name\":\"Gymnastica\",\"url\":\"https:\/\/www.gymnastica.fi\/\",\"logo\":{\"@type\":\"ImageObject\",\"inLanguage\":\"sv-SE\",\"@id\":\"https:\/\/www.gymnastica.fi\/#\/schema\/logo\/image\/\",\"url\":\"https:\/\/www.gymnastica.fi\/app\/uploads\/2021\/04\/logo.svg\",\"contentUrl\":\"https:\/\/www.gymnastica.fi\/app\/uploads\/2021\/04\/logo.svg\",\"width\":246,\"height\":59,\"caption\":\"Gymnastica\"},\"image\":{\"@id\":\"https:\/\/www.gymnastica.fi\/#\/schema\/logo\/image\/\"}}]}<\/script>\n<!-- \/ Yoast SEO plugin. -->","yoast_head_json":{"title":"Pastorelli plastk\u00e4glor fluo pink 45,5 cm &#8212; Gymnastica","robots":{"index":"index","follow":"follow","max-snippet":"max-snippet:-1","max-image-preview":"max-image-preview:large","max-video-preview":"max-video-preview:-1"},"canonical":"https:\/\/www.gymnastica.fi\/en\/tuote\/pastorelli-plastic-clubs-fluo-pink-455-cm\/","og_locale":"sv_SE","og_type":"article","og_title":"Pastorelli plastk\u00e4glor fluo pink 45,5 cm &#8212; Gymnastica","og_description":"Pastorelli plastk\u00e4glor. F\u00e4rg fluo pink. L\u00e4ngd 45,5 cm, vikt 150 g. K\u00e4glorna g\u00e5r att koppla ihop med varandra. FIG godk\u00e4nda.","og_url":"https:\/\/www.gymnastica.fi\/en\/tuote\/pastorelli-plastic-clubs-fluo-pink-455-cm\/","og_site_name":"Gymnastica","article_modified_time":"2023-08-24T11:57:57+00:00","og_image":[{"width":1200,"height":1200,"url":"https:\/\/www.gymnastica.fi\/app\/uploads\/2023\/02\/PA-03173.jpg","type":"image\/jpeg"}],"twitter_card":"summary_large_image","schema":{"@context":"https:\/\/schema.org","@graph":[{"@type":"WebPage","@id":"https:\/\/www.gymnastica.fi\/en\/tuote\/pastorelli-plastic-clubs-fluo-pink-455-cm\/","url":"https:\/\/www.gymnastica.fi\/en\/tuote\/pastorelli-plastic-clubs-fluo-pink-455-cm\/","name":"Pastorelli plastk\u00e4glor fluo pink 45,5 cm &#8212; Gymnastica","isPartOf":{"@id":"https:\/\/www.gymnastica.fi\/#website"},"primaryImageOfPage":{"@id":"https:\/\/www.gymnastica.fi\/en\/tuote\/pastorelli-plastic-clubs-fluo-pink-455-cm\/#primaryimage"},"image":{"@id":"https:\/\/www.gymnastica.fi\/en\/tuote\/pastorelli-plastic-clubs-fluo-pink-455-cm\/#primaryimage"},"thumbnailUrl":"https:\/\/www.gymnastica.fi\/app\/uploads\/2023\/02\/PA-03173.jpg","datePublished":"2023-02-15T14:14:59+00:00","dateModified":"2023-08-24T11:57:57+00:00","breadcrumb":{"@id":"https:\/\/www.gymnastica.fi\/en\/tuote\/pastorelli-plastic-clubs-fluo-pink-455-cm\/#breadcrumb"},"inLanguage":"sv-SE","potentialAction":[{"@type":"ReadAction","target":["https:\/\/www.gymnastica.fi\/en\/tuote\/pastorelli-plastic-clubs-fluo-pink-455-cm\/"]}]},{"@type":"ImageObject","inLanguage":"sv-SE","@id":"https:\/\/www.gymnastica.fi\/en\/tuote\/pastorelli-plastic-clubs-fluo-pink-455-cm\/#primaryimage","url":"https:\/\/www.gymnastica.fi\/app\/uploads\/2023\/02\/PA-03173.jpg","contentUrl":"https:\/\/www.gymnastica.fi\/app\/uploads\/2023\/02\/PA-03173.jpg","width":1200,"height":1200},{"@type":"BreadcrumbList","@id":"https:\/\/www.gymnastica.fi\/en\/tuote\/pastorelli-plastic-clubs-fluo-pink-455-cm\/#breadcrumb","itemListElement":[{"@type":"ListItem","position":1,"name":"Home","item":"https:\/\/www.gymnastica.fi\/sv\/"},{"@type":"ListItem","position":2,"name":"Butik","item":"https:\/\/www.gymnastica.fi\/sv\/butik\/"},{"@type":"ListItem","position":3,"name":"Pastorelli plastk\u00e4glor fluo pink 45,5 cm"}]},{"@type":"WebSite","@id":"https:\/\/www.gymnastica.fi\/#website","url":"https:\/\/www.gymnastica.fi\/","name":"Gymnastica","description":"Liikunta- ja urheilutilasuunnittelun ja v\u00e4lineiden asiantuntija","publisher":{"@id":"https:\/\/www.gymnastica.fi\/#organization"},"potentialAction":[{"@type":"SearchAction","target":{"@type":"EntryPoint","urlTemplate":"https:\/\/www.gymnastica.fi\/?s={search_term_string}"},"query-input":{"@type":"PropertyValueSpecification","valueRequired":true,"valueName":"search_term_string"}}],"inLanguage":"sv-SE"},{"@type":"Organization","@id":"https:\/\/www.gymnastica.fi\/#organization","name":"Gymnastica","url":"https:\/\/www.gymnastica.fi\/","logo":{"@type":"ImageObject","inLanguage":"sv-SE","@id":"https:\/\/www.gymnastica.fi\/#\/schema\/logo\/image\/","url":"https:\/\/www.gymnastica.fi\/app\/uploads\/2021\/04\/logo.svg","contentUrl":"https:\/\/www.gymnastica.fi\/app\/uploads\/2021\/04\/logo.svg","width":246,"height":59,"caption":"Gymnastica"},"image":{"@id":"https:\/\/www.gymnastica.fi\/#\/schema\/logo\/image\/"}}]}},"_links":{"self":[{"href":"https:\/\/www.gymnastica.fi\/sv\/wp-json\/wp\/v2\/product\/23372","targetHints":{"allow":["GET"]}}],"collection":[{"href":"https:\/\/www.gymnastica.fi\/sv\/wp-json\/wp\/v2\/product"}],"about":[{"href":"https:\/\/www.gymnastica.fi\/sv\/wp-json\/wp\/v2\/types\/product"}],"wp:featuredmedia":[{"embeddable":true,"href":"https:\/\/www.gymnastica.fi\/sv\/wp-json\/wp\/v2\/media\/19973"}],"wp:attachment":[{"href":"https:\/\/www.gymnastica.fi\/sv\/wp-json\/wp\/v2\/media?parent=23372"}],"wp:term":[{"taxonomy":"product_brand","embeddable":true,"href":"https:\/\/www.gymnastica.fi\/sv\/wp-json\/wp\/v2\/product_brand?post=23372"},{"taxonomy":"product_cat","embeddable":true,"href":"https:\/\/www.gymnastica.fi\/sv\/wp-json\/wp\/v2\/product_cat?post=23372"},{"taxonomy":"product_tag","embeddable":true,"href":"https:\/\/www.gymnastica.fi\/sv\/wp-json\/wp\/v2\/product_tag?post=23372"},{"taxonomy":"manufacturers","embeddable":true,"href":"https:\/\/www.gymnastica.fi\/sv\/wp-json\/wp\/v2\/manufacturers?post=23372"},{"taxonomy":"suppliers","embeddable":true,"href":"https:\/\/www.gymnastica.fi\/sv\/wp-json\/wp\/v2\/suppliers?post=23372"}],"curies":[{"name":"wp","href":"https:\/\/api.w.org\/{rel}","templated":true}]}}