{"id":24923,"date":"2022-07-13T14:16:17","date_gmt":"2022-07-13T11:16:17","guid":{"rendered":"https:\/\/www.gymnastica.fi\/tuote\/tillbehorspase-g\/"},"modified":"2023-06-06T12:58:49","modified_gmt":"2023-06-06T09:58:49","slug":"tillbehorspase-g","status":"publish","type":"product","link":"https:\/\/www.gymnastica.fi\/sv\/tuote\/tillbehorspase-g\/","title":{"rendered":"Tillbeh\u00f6rsp\u00e5se G"},"content":{"rendered":"<p>Liten tillbeh\u00f6rsp\u00e5se\/gympap\u00e5se i glittrigt tyg med diamant G-logga. Utm\u00e4rkt f\u00f6r f\u00f6rvaring av barrhandskar, muddar och remmar.<\/p>\n","protected":false},"excerpt":{"rendered":"<p>Liten tillbeh\u00f6rsp\u00e5se\/gympap\u00e5se i glittrigt tyg med diamant G-logga. Utm\u00e4rkt f\u00f6r f\u00f6rvaring av barrhandskar, muddar och remmar.<\/p>\n","protected":false},"featured_media":762,"template":"","meta":{"_acf_changed":false,"_relevanssi_hide_post":"","_relevanssi_hide_content":"","_relevanssi_pin_for_all":"","_relevanssi_pin_keywords":"","_relevanssi_unpin_keywords":"","_relevanssi_related_keywords":"","_relevanssi_related_include_ids":"","_relevanssi_related_exclude_ids":"","_relevanssi_related_no_append":"","_relevanssi_related_not_related":"","_relevanssi_related_posts":"","_relevanssi_noindex_reason":""},"product_brand":[],"product_cat":[3947,1654,1713,1709,1710],"product_tag":[],"manufacturers":[],"suppliers":[],"class_list":{"0":"post-24923","1":"product","2":"type-product","3":"status-publish","4":"has-post-thumbnail","6":"product_cat-vaskor-och-pasar-sv","7":"product_cat-marken","8":"product_cat-g-sv","9":"product_cat-ovriga-produkter","10":"product_cat-vaskor-och-gympasar","12":"first","13":"instock","14":"taxable","15":"shipping-taxable","16":"purchasable","17":"product-type-variable"},"acf":[],"yoast_head":"<!-- This site is optimized with the Yoast SEO plugin v26.8 - https:\/\/yoast.com\/product\/yoast-seo-wordpress\/ -->\n<title>Tillbeh\u00f6rsp\u00e5se G &#8212; Gymnastica<\/title>\n<meta name=\"robots\" content=\"index, follow, max-snippet:-1, max-image-preview:large, max-video-preview:-1\" \/>\n<link rel=\"canonical\" href=\"https:\/\/www.gymnastica.fi\/sv\/tuote\/tillbehorspase-g\/\" \/>\n<meta property=\"og:locale\" content=\"sv_SE\" \/>\n<meta property=\"og:type\" content=\"article\" \/>\n<meta property=\"og:title\" content=\"Tillbeh\u00f6rsp\u00e5se G &#8212; Gymnastica\" \/>\n<meta property=\"og:description\" content=\"Liten tillbeh\u00f6rsp\u00e5se\/gympap\u00e5se i glittrigt tyg med diamant G-logga. Utm\u00e4rkt f\u00f6r f\u00f6rvaring av barrhandskar, muddar och remmar.\" \/>\n<meta property=\"og:url\" content=\"https:\/\/www.gymnastica.fi\/sv\/tuote\/tillbehorspase-g\/\" \/>\n<meta property=\"og:site_name\" content=\"Gymnastica\" \/>\n<meta property=\"article:modified_time\" content=\"2023-06-06T09:58:49+00:00\" \/>\n<meta property=\"og:image\" content=\"https:\/\/www.gymnastica.fi\/app\/uploads\/2021\/04\/G-2067.jpg\" \/>\n\t<meta property=\"og:image:width\" content=\"411\" \/>\n\t<meta property=\"og:image:height\" content=\"500\" \/>\n\t<meta property=\"og:image:type\" content=\"image\/jpeg\" \/>\n<meta name=\"twitter:card\" content=\"summary_large_image\" \/>\n<script type=\"application\/ld+json\" class=\"yoast-schema-graph\">{\"@context\":\"https:\/\/schema.org\",\"@graph\":[{\"@type\":\"WebPage\",\"@id\":\"https:\/\/www.gymnastica.fi\/sv\/tuote\/tillbehorspase-g\/\",\"url\":\"https:\/\/www.gymnastica.fi\/sv\/tuote\/tillbehorspase-g\/\",\"name\":\"Tillbeh\u00f6rsp\u00e5se G &#8212; Gymnastica\",\"isPartOf\":{\"@id\":\"https:\/\/www.gymnastica.fi\/#website\"},\"primaryImageOfPage\":{\"@id\":\"https:\/\/www.gymnastica.fi\/sv\/tuote\/tillbehorspase-g\/#primaryimage\"},\"image\":{\"@id\":\"https:\/\/www.gymnastica.fi\/sv\/tuote\/tillbehorspase-g\/#primaryimage\"},\"thumbnailUrl\":\"https:\/\/www.gymnastica.fi\/app\/uploads\/2021\/04\/G-2067.jpg\",\"datePublished\":\"2022-07-13T11:16:17+00:00\",\"dateModified\":\"2023-06-06T09:58:49+00:00\",\"breadcrumb\":{\"@id\":\"https:\/\/www.gymnastica.fi\/sv\/tuote\/tillbehorspase-g\/#breadcrumb\"},\"inLanguage\":\"sv-SE\",\"potentialAction\":[{\"@type\":\"ReadAction\",\"target\":[\"https:\/\/www.gymnastica.fi\/sv\/tuote\/tillbehorspase-g\/\"]}]},{\"@type\":\"ImageObject\",\"inLanguage\":\"sv-SE\",\"@id\":\"https:\/\/www.gymnastica.fi\/sv\/tuote\/tillbehorspase-g\/#primaryimage\",\"url\":\"https:\/\/www.gymnastica.fi\/app\/uploads\/2021\/04\/G-2067.jpg\",\"contentUrl\":\"https:\/\/www.gymnastica.fi\/app\/uploads\/2021\/04\/G-2067.jpg\",\"width\":411,\"height\":500},{\"@type\":\"BreadcrumbList\",\"@id\":\"https:\/\/www.gymnastica.fi\/sv\/tuote\/tillbehorspase-g\/#breadcrumb\",\"itemListElement\":[{\"@type\":\"ListItem\",\"position\":1,\"name\":\"Home\",\"item\":\"https:\/\/www.gymnastica.fi\/sv\/\"},{\"@type\":\"ListItem\",\"position\":2,\"name\":\"Butik\",\"item\":\"https:\/\/www.gymnastica.fi\/sv\/butik\/\"},{\"@type\":\"ListItem\",\"position\":3,\"name\":\"Tillbeh\u00f6rsp\u00e5se G\"}]},{\"@type\":\"WebSite\",\"@id\":\"https:\/\/www.gymnastica.fi\/#website\",\"url\":\"https:\/\/www.gymnastica.fi\/\",\"name\":\"Gymnastica\",\"description\":\"Liikunta- ja urheilutilasuunnittelun ja v\u00e4lineiden asiantuntija\",\"publisher\":{\"@id\":\"https:\/\/www.gymnastica.fi\/#organization\"},\"potentialAction\":[{\"@type\":\"SearchAction\",\"target\":{\"@type\":\"EntryPoint\",\"urlTemplate\":\"https:\/\/www.gymnastica.fi\/?s={search_term_string}\"},\"query-input\":{\"@type\":\"PropertyValueSpecification\",\"valueRequired\":true,\"valueName\":\"search_term_string\"}}],\"inLanguage\":\"sv-SE\"},{\"@type\":\"Organization\",\"@id\":\"https:\/\/www.gymnastica.fi\/#organization\",\"name\":\"Gymnastica\",\"url\":\"https:\/\/www.gymnastica.fi\/\",\"logo\":{\"@type\":\"ImageObject\",\"inLanguage\":\"sv-SE\",\"@id\":\"https:\/\/www.gymnastica.fi\/#\/schema\/logo\/image\/\",\"url\":\"https:\/\/www.gymnastica.fi\/app\/uploads\/2021\/04\/logo.svg\",\"contentUrl\":\"https:\/\/www.gymnastica.fi\/app\/uploads\/2021\/04\/logo.svg\",\"width\":246,\"height\":59,\"caption\":\"Gymnastica\"},\"image\":{\"@id\":\"https:\/\/www.gymnastica.fi\/#\/schema\/logo\/image\/\"}}]}<\/script>\n<!-- \/ Yoast SEO plugin. -->","yoast_head_json":{"title":"Tillbeh\u00f6rsp\u00e5se G &#8212; Gymnastica","robots":{"index":"index","follow":"follow","max-snippet":"max-snippet:-1","max-image-preview":"max-image-preview:large","max-video-preview":"max-video-preview:-1"},"canonical":"https:\/\/www.gymnastica.fi\/sv\/tuote\/tillbehorspase-g\/","og_locale":"sv_SE","og_type":"article","og_title":"Tillbeh\u00f6rsp\u00e5se G &#8212; Gymnastica","og_description":"Liten tillbeh\u00f6rsp\u00e5se\/gympap\u00e5se i glittrigt tyg med diamant G-logga. Utm\u00e4rkt f\u00f6r f\u00f6rvaring av barrhandskar, muddar och remmar.","og_url":"https:\/\/www.gymnastica.fi\/sv\/tuote\/tillbehorspase-g\/","og_site_name":"Gymnastica","article_modified_time":"2023-06-06T09:58:49+00:00","og_image":[{"width":411,"height":500,"url":"https:\/\/www.gymnastica.fi\/app\/uploads\/2021\/04\/G-2067.jpg","type":"image\/jpeg"}],"twitter_card":"summary_large_image","schema":{"@context":"https:\/\/schema.org","@graph":[{"@type":"WebPage","@id":"https:\/\/www.gymnastica.fi\/sv\/tuote\/tillbehorspase-g\/","url":"https:\/\/www.gymnastica.fi\/sv\/tuote\/tillbehorspase-g\/","name":"Tillbeh\u00f6rsp\u00e5se G &#8212; Gymnastica","isPartOf":{"@id":"https:\/\/www.gymnastica.fi\/#website"},"primaryImageOfPage":{"@id":"https:\/\/www.gymnastica.fi\/sv\/tuote\/tillbehorspase-g\/#primaryimage"},"image":{"@id":"https:\/\/www.gymnastica.fi\/sv\/tuote\/tillbehorspase-g\/#primaryimage"},"thumbnailUrl":"https:\/\/www.gymnastica.fi\/app\/uploads\/2021\/04\/G-2067.jpg","datePublished":"2022-07-13T11:16:17+00:00","dateModified":"2023-06-06T09:58:49+00:00","breadcrumb":{"@id":"https:\/\/www.gymnastica.fi\/sv\/tuote\/tillbehorspase-g\/#breadcrumb"},"inLanguage":"sv-SE","potentialAction":[{"@type":"ReadAction","target":["https:\/\/www.gymnastica.fi\/sv\/tuote\/tillbehorspase-g\/"]}]},{"@type":"ImageObject","inLanguage":"sv-SE","@id":"https:\/\/www.gymnastica.fi\/sv\/tuote\/tillbehorspase-g\/#primaryimage","url":"https:\/\/www.gymnastica.fi\/app\/uploads\/2021\/04\/G-2067.jpg","contentUrl":"https:\/\/www.gymnastica.fi\/app\/uploads\/2021\/04\/G-2067.jpg","width":411,"height":500},{"@type":"BreadcrumbList","@id":"https:\/\/www.gymnastica.fi\/sv\/tuote\/tillbehorspase-g\/#breadcrumb","itemListElement":[{"@type":"ListItem","position":1,"name":"Home","item":"https:\/\/www.gymnastica.fi\/sv\/"},{"@type":"ListItem","position":2,"name":"Butik","item":"https:\/\/www.gymnastica.fi\/sv\/butik\/"},{"@type":"ListItem","position":3,"name":"Tillbeh\u00f6rsp\u00e5se G"}]},{"@type":"WebSite","@id":"https:\/\/www.gymnastica.fi\/#website","url":"https:\/\/www.gymnastica.fi\/","name":"Gymnastica","description":"Liikunta- ja urheilutilasuunnittelun ja v\u00e4lineiden asiantuntija","publisher":{"@id":"https:\/\/www.gymnastica.fi\/#organization"},"potentialAction":[{"@type":"SearchAction","target":{"@type":"EntryPoint","urlTemplate":"https:\/\/www.gymnastica.fi\/?s={search_term_string}"},"query-input":{"@type":"PropertyValueSpecification","valueRequired":true,"valueName":"search_term_string"}}],"inLanguage":"sv-SE"},{"@type":"Organization","@id":"https:\/\/www.gymnastica.fi\/#organization","name":"Gymnastica","url":"https:\/\/www.gymnastica.fi\/","logo":{"@type":"ImageObject","inLanguage":"sv-SE","@id":"https:\/\/www.gymnastica.fi\/#\/schema\/logo\/image\/","url":"https:\/\/www.gymnastica.fi\/app\/uploads\/2021\/04\/logo.svg","contentUrl":"https:\/\/www.gymnastica.fi\/app\/uploads\/2021\/04\/logo.svg","width":246,"height":59,"caption":"Gymnastica"},"image":{"@id":"https:\/\/www.gymnastica.fi\/#\/schema\/logo\/image\/"}}]}},"_links":{"self":[{"href":"https:\/\/www.gymnastica.fi\/sv\/wp-json\/wp\/v2\/product\/24923","targetHints":{"allow":["GET"]}}],"collection":[{"href":"https:\/\/www.gymnastica.fi\/sv\/wp-json\/wp\/v2\/product"}],"about":[{"href":"https:\/\/www.gymnastica.fi\/sv\/wp-json\/wp\/v2\/types\/product"}],"wp:featuredmedia":[{"embeddable":true,"href":"https:\/\/www.gymnastica.fi\/sv\/wp-json\/wp\/v2\/media\/762"}],"wp:attachment":[{"href":"https:\/\/www.gymnastica.fi\/sv\/wp-json\/wp\/v2\/media?parent=24923"}],"wp:term":[{"taxonomy":"product_brand","embeddable":true,"href":"https:\/\/www.gymnastica.fi\/sv\/wp-json\/wp\/v2\/product_brand?post=24923"},{"taxonomy":"product_cat","embeddable":true,"href":"https:\/\/www.gymnastica.fi\/sv\/wp-json\/wp\/v2\/product_cat?post=24923"},{"taxonomy":"product_tag","embeddable":true,"href":"https:\/\/www.gymnastica.fi\/sv\/wp-json\/wp\/v2\/product_tag?post=24923"},{"taxonomy":"manufacturers","embeddable":true,"href":"https:\/\/www.gymnastica.fi\/sv\/wp-json\/wp\/v2\/manufacturers?post=24923"},{"taxonomy":"suppliers","embeddable":true,"href":"https:\/\/www.gymnastica.fi\/sv\/wp-json\/wp\/v2\/suppliers?post=24923"}],"curies":[{"name":"wp","href":"https:\/\/api.w.org\/{rel}","templated":true}]}}