{"id":24972,"date":"2022-06-02T12:40:47","date_gmt":"2022-06-02T09:40:47","guid":{"rendered":"https:\/\/www.gymnastica.fi\/tuote\/1102sa01-specialbestallningsprodukt\/"},"modified":"2025-02-06T12:07:12","modified_gmt":"2025-02-06T10:07:12","slug":"gk-specialbestallningsprodukt-1102sa01","status":"publish","type":"product","link":"https:\/\/www.gymnastica.fi\/sv\/tuote\/gk-specialbestallningsprodukt-1102sa01\/","title":{"rendered":"GK Specialbest\u00e4llningsprodukt 1102SA01"},"content":{"rendered":"<p>Tr\u00e4nings-\/t\u00e4vlingsbody i nylon\/spandex, polytek och techmesh.<\/p>\n<p><strong>Specialbest\u00e4llningsprodukt<\/strong><\/p>\n<p>V\u00e4nligen notera att body:n som visas p\u00e5 bilden endast \u00e4r ett designf\u00f6rslag. Kunden b\u00f6r v\u00e4lja f\u00e4rg och och logo enligt eget tycke. Leveranstid ca 8-12 veckor. V\u00e4nligen tag kontakt, info@gymnastica.fi eller (09) 6121 366, om ni har prisf\u00f6rfr\u00e5gningar eller vill g\u00f6ra en best\u00e4llning.<\/p>\n<p>OBS!<\/p>\n<p>Sm\u00e5 &#8220;noppor&#8221; kan uppst\u00e5 p\u00e5 tryckta polytek- och subfuse-tyger n\u00e4r de kommer i kontakt med kardborreband och andra vassa\/oj\u00e4mna ytor. Baksidan\/nedre delen av dr\u00e4kten \u00e4r de mest utsatta delarna. Tyv\u00e4rr \u00e4r detta n\u00e5got som inte kan undvikas p\u00e5 grund av tygets natur. Leverant\u00f6ren GK Elite Sportswear kan inte h\u00e5llas ansvarig f\u00f6r att byta ut eller reparera din dr\u00e4kt om &#8220;noppor&#8221; uppst\u00e5r.<\/p>\n<p>&nbsp;<\/p>\n","protected":false},"excerpt":{"rendered":"<p>Tr\u00e4nings-\/t\u00e4vlingsbody i nylon\/spandex, polytek och techmesh. Specialbest\u00e4llningsprodukt V\u00e4nligen notera att body:n som visas p\u00e5 bilden endast \u00e4r ett designf\u00f6rslag. Kunden b\u00f6r v\u00e4lja f\u00e4rg och och logo enligt eget tycke. Leveranstid ca 8-12 veckor. V\u00e4nligen tag kontakt, info@gymnastica.fi eller (09) 6121 366, om ni har prisf\u00f6rfr\u00e5gningar eller vill g\u00f6ra en best\u00e4llning. OBS! Sm\u00e5 &#8220;noppor&#8221; kan uppst\u00e5 [&hellip;]<\/p>\n","protected":false},"featured_media":17101,"template":"","meta":{"_acf_changed":false,"_relevanssi_hide_post":"","_relevanssi_hide_content":"","_relevanssi_pin_for_all":"","_relevanssi_pin_keywords":"","_relevanssi_unpin_keywords":"","_relevanssi_related_keywords":"","_relevanssi_related_include_ids":"","_relevanssi_related_exclude_ids":"","_relevanssi_related_no_append":"","_relevanssi_related_not_related":"","_relevanssi_related_posts":"","_relevanssi_noindex_reason":""},"product_brand":[],"product_cat":[1654,1655,1678,1682,1799],"product_tag":[],"manufacturers":[],"suppliers":[],"class_list":{"0":"post-24972","1":"product","2":"type-product","3":"status-publish","4":"has-post-thumbnail","6":"product_cat-marken","7":"product_cat-gk-sv","8":"product_cat-herrar","9":"product_cat-herrdrakter","10":"product_cat-specialbestallda-tavlingsdrakter-sv","12":"first","13":"onbackorder","14":"taxable","15":"shipping-taxable","16":"purchasable","17":"product-type-simple"},"acf":[],"yoast_head":"<!-- This site is optimized with the Yoast SEO plugin v26.8 - https:\/\/yoast.com\/product\/yoast-seo-wordpress\/ -->\n<title>GK Specialbest\u00e4llningsprodukt 1102SA01 &#8212; Gymnastica<\/title>\n<meta name=\"robots\" content=\"index, follow, max-snippet:-1, max-image-preview:large, max-video-preview:-1\" \/>\n<link rel=\"canonical\" href=\"https:\/\/www.gymnastica.fi\/en\/tuote\/gk-special-order-product-1102sa01\/\" \/>\n<meta property=\"og:locale\" content=\"sv_SE\" \/>\n<meta property=\"og:type\" content=\"article\" \/>\n<meta property=\"og:title\" content=\"GK Specialbest\u00e4llningsprodukt 1102SA01 &#8212; Gymnastica\" \/>\n<meta property=\"og:description\" content=\"Tr\u00e4nings-\/t\u00e4vlingsbody i nylon\/spandex, polytek och techmesh. Specialbest\u00e4llningsprodukt V\u00e4nligen notera att body:n som visas p\u00e5 bilden endast \u00e4r ett designf\u00f6rslag. Kunden b\u00f6r v\u00e4lja f\u00e4rg och och logo enligt eget tycke. Leveranstid ca 8-12 veckor. V\u00e4nligen tag kontakt, info@gymnastica.fi eller (09) 6121 366, om ni har prisf\u00f6rfr\u00e5gningar eller vill g\u00f6ra en best\u00e4llning. OBS! Sm\u00e5 &#8220;noppor&#8221; kan uppst\u00e5 [&hellip;]\" \/>\n<meta property=\"og:url\" content=\"https:\/\/www.gymnastica.fi\/en\/tuote\/gk-special-order-product-1102sa01\/\" \/>\n<meta property=\"og:site_name\" content=\"Gymnastica\" \/>\n<meta property=\"article:modified_time\" content=\"2025-02-06T10:07:12+00:00\" \/>\n<meta property=\"og:image\" content=\"https:\/\/www.gymnastica.fi\/app\/uploads\/2022\/06\/GK-1102SA01.jpg\" \/>\n\t<meta property=\"og:image:width\" content=\"375\" \/>\n\t<meta property=\"og:image:height\" content=\"500\" \/>\n\t<meta property=\"og:image:type\" content=\"image\/jpeg\" \/>\n<meta name=\"twitter:card\" content=\"summary_large_image\" \/>\n<meta name=\"twitter:label1\" content=\"Est. reading time\" \/>\n\t<meta name=\"twitter:data1\" content=\"1 minute\" \/>\n<script type=\"application\/ld+json\" class=\"yoast-schema-graph\">{\"@context\":\"https:\/\/schema.org\",\"@graph\":[{\"@type\":\"WebPage\",\"@id\":\"https:\/\/www.gymnastica.fi\/en\/tuote\/gk-special-order-product-1102sa01\/\",\"url\":\"https:\/\/www.gymnastica.fi\/en\/tuote\/gk-special-order-product-1102sa01\/\",\"name\":\"GK Specialbest\u00e4llningsprodukt 1102SA01 &#8212; Gymnastica\",\"isPartOf\":{\"@id\":\"https:\/\/www.gymnastica.fi\/#website\"},\"primaryImageOfPage\":{\"@id\":\"https:\/\/www.gymnastica.fi\/en\/tuote\/gk-special-order-product-1102sa01\/#primaryimage\"},\"image\":{\"@id\":\"https:\/\/www.gymnastica.fi\/en\/tuote\/gk-special-order-product-1102sa01\/#primaryimage\"},\"thumbnailUrl\":\"https:\/\/www.gymnastica.fi\/app\/uploads\/2022\/06\/GK-1102SA01.jpg\",\"datePublished\":\"2022-06-02T09:40:47+00:00\",\"dateModified\":\"2025-02-06T10:07:12+00:00\",\"breadcrumb\":{\"@id\":\"https:\/\/www.gymnastica.fi\/en\/tuote\/gk-special-order-product-1102sa01\/#breadcrumb\"},\"inLanguage\":\"sv-SE\",\"potentialAction\":[{\"@type\":\"ReadAction\",\"target\":[\"https:\/\/www.gymnastica.fi\/en\/tuote\/gk-special-order-product-1102sa01\/\"]}]},{\"@type\":\"ImageObject\",\"inLanguage\":\"sv-SE\",\"@id\":\"https:\/\/www.gymnastica.fi\/en\/tuote\/gk-special-order-product-1102sa01\/#primaryimage\",\"url\":\"https:\/\/www.gymnastica.fi\/app\/uploads\/2022\/06\/GK-1102SA01.jpg\",\"contentUrl\":\"https:\/\/www.gymnastica.fi\/app\/uploads\/2022\/06\/GK-1102SA01.jpg\",\"width\":375,\"height\":500},{\"@type\":\"BreadcrumbList\",\"@id\":\"https:\/\/www.gymnastica.fi\/en\/tuote\/gk-special-order-product-1102sa01\/#breadcrumb\",\"itemListElement\":[{\"@type\":\"ListItem\",\"position\":1,\"name\":\"Home\",\"item\":\"https:\/\/www.gymnastica.fi\/sv\/\"},{\"@type\":\"ListItem\",\"position\":2,\"name\":\"Butik\",\"item\":\"https:\/\/www.gymnastica.fi\/sv\/butik\/\"},{\"@type\":\"ListItem\",\"position\":3,\"name\":\"GK Specialbest\u00e4llningsprodukt 1102SA01\"}]},{\"@type\":\"WebSite\",\"@id\":\"https:\/\/www.gymnastica.fi\/#website\",\"url\":\"https:\/\/www.gymnastica.fi\/\",\"name\":\"Gymnastica\",\"description\":\"Liikunta- ja urheilutilasuunnittelun ja v\u00e4lineiden asiantuntija\",\"publisher\":{\"@id\":\"https:\/\/www.gymnastica.fi\/#organization\"},\"potentialAction\":[{\"@type\":\"SearchAction\",\"target\":{\"@type\":\"EntryPoint\",\"urlTemplate\":\"https:\/\/www.gymnastica.fi\/?s={search_term_string}\"},\"query-input\":{\"@type\":\"PropertyValueSpecification\",\"valueRequired\":true,\"valueName\":\"search_term_string\"}}],\"inLanguage\":\"sv-SE\"},{\"@type\":\"Organization\",\"@id\":\"https:\/\/www.gymnastica.fi\/#organization\",\"name\":\"Gymnastica\",\"url\":\"https:\/\/www.gymnastica.fi\/\",\"logo\":{\"@type\":\"ImageObject\",\"inLanguage\":\"sv-SE\",\"@id\":\"https:\/\/www.gymnastica.fi\/#\/schema\/logo\/image\/\",\"url\":\"https:\/\/www.gymnastica.fi\/app\/uploads\/2021\/04\/logo.svg\",\"contentUrl\":\"https:\/\/www.gymnastica.fi\/app\/uploads\/2021\/04\/logo.svg\",\"width\":246,\"height\":59,\"caption\":\"Gymnastica\"},\"image\":{\"@id\":\"https:\/\/www.gymnastica.fi\/#\/schema\/logo\/image\/\"}}]}<\/script>\n<!-- \/ Yoast SEO plugin. -->","yoast_head_json":{"title":"GK Specialbest\u00e4llningsprodukt 1102SA01 &#8212; Gymnastica","robots":{"index":"index","follow":"follow","max-snippet":"max-snippet:-1","max-image-preview":"max-image-preview:large","max-video-preview":"max-video-preview:-1"},"canonical":"https:\/\/www.gymnastica.fi\/en\/tuote\/gk-special-order-product-1102sa01\/","og_locale":"sv_SE","og_type":"article","og_title":"GK Specialbest\u00e4llningsprodukt 1102SA01 &#8212; Gymnastica","og_description":"Tr\u00e4nings-\/t\u00e4vlingsbody i nylon\/spandex, polytek och techmesh. Specialbest\u00e4llningsprodukt V\u00e4nligen notera att body:n som visas p\u00e5 bilden endast \u00e4r ett designf\u00f6rslag. Kunden b\u00f6r v\u00e4lja f\u00e4rg och och logo enligt eget tycke. Leveranstid ca 8-12 veckor. V\u00e4nligen tag kontakt, info@gymnastica.fi eller (09) 6121 366, om ni har prisf\u00f6rfr\u00e5gningar eller vill g\u00f6ra en best\u00e4llning. OBS! Sm\u00e5 &#8220;noppor&#8221; kan uppst\u00e5 [&hellip;]","og_url":"https:\/\/www.gymnastica.fi\/en\/tuote\/gk-special-order-product-1102sa01\/","og_site_name":"Gymnastica","article_modified_time":"2025-02-06T10:07:12+00:00","og_image":[{"width":375,"height":500,"url":"https:\/\/www.gymnastica.fi\/app\/uploads\/2022\/06\/GK-1102SA01.jpg","type":"image\/jpeg"}],"twitter_card":"summary_large_image","twitter_misc":{"Est. reading time":"1 minute"},"schema":{"@context":"https:\/\/schema.org","@graph":[{"@type":"WebPage","@id":"https:\/\/www.gymnastica.fi\/en\/tuote\/gk-special-order-product-1102sa01\/","url":"https:\/\/www.gymnastica.fi\/en\/tuote\/gk-special-order-product-1102sa01\/","name":"GK Specialbest\u00e4llningsprodukt 1102SA01 &#8212; Gymnastica","isPartOf":{"@id":"https:\/\/www.gymnastica.fi\/#website"},"primaryImageOfPage":{"@id":"https:\/\/www.gymnastica.fi\/en\/tuote\/gk-special-order-product-1102sa01\/#primaryimage"},"image":{"@id":"https:\/\/www.gymnastica.fi\/en\/tuote\/gk-special-order-product-1102sa01\/#primaryimage"},"thumbnailUrl":"https:\/\/www.gymnastica.fi\/app\/uploads\/2022\/06\/GK-1102SA01.jpg","datePublished":"2022-06-02T09:40:47+00:00","dateModified":"2025-02-06T10:07:12+00:00","breadcrumb":{"@id":"https:\/\/www.gymnastica.fi\/en\/tuote\/gk-special-order-product-1102sa01\/#breadcrumb"},"inLanguage":"sv-SE","potentialAction":[{"@type":"ReadAction","target":["https:\/\/www.gymnastica.fi\/en\/tuote\/gk-special-order-product-1102sa01\/"]}]},{"@type":"ImageObject","inLanguage":"sv-SE","@id":"https:\/\/www.gymnastica.fi\/en\/tuote\/gk-special-order-product-1102sa01\/#primaryimage","url":"https:\/\/www.gymnastica.fi\/app\/uploads\/2022\/06\/GK-1102SA01.jpg","contentUrl":"https:\/\/www.gymnastica.fi\/app\/uploads\/2022\/06\/GK-1102SA01.jpg","width":375,"height":500},{"@type":"BreadcrumbList","@id":"https:\/\/www.gymnastica.fi\/en\/tuote\/gk-special-order-product-1102sa01\/#breadcrumb","itemListElement":[{"@type":"ListItem","position":1,"name":"Home","item":"https:\/\/www.gymnastica.fi\/sv\/"},{"@type":"ListItem","position":2,"name":"Butik","item":"https:\/\/www.gymnastica.fi\/sv\/butik\/"},{"@type":"ListItem","position":3,"name":"GK Specialbest\u00e4llningsprodukt 1102SA01"}]},{"@type":"WebSite","@id":"https:\/\/www.gymnastica.fi\/#website","url":"https:\/\/www.gymnastica.fi\/","name":"Gymnastica","description":"Liikunta- ja urheilutilasuunnittelun ja v\u00e4lineiden asiantuntija","publisher":{"@id":"https:\/\/www.gymnastica.fi\/#organization"},"potentialAction":[{"@type":"SearchAction","target":{"@type":"EntryPoint","urlTemplate":"https:\/\/www.gymnastica.fi\/?s={search_term_string}"},"query-input":{"@type":"PropertyValueSpecification","valueRequired":true,"valueName":"search_term_string"}}],"inLanguage":"sv-SE"},{"@type":"Organization","@id":"https:\/\/www.gymnastica.fi\/#organization","name":"Gymnastica","url":"https:\/\/www.gymnastica.fi\/","logo":{"@type":"ImageObject","inLanguage":"sv-SE","@id":"https:\/\/www.gymnastica.fi\/#\/schema\/logo\/image\/","url":"https:\/\/www.gymnastica.fi\/app\/uploads\/2021\/04\/logo.svg","contentUrl":"https:\/\/www.gymnastica.fi\/app\/uploads\/2021\/04\/logo.svg","width":246,"height":59,"caption":"Gymnastica"},"image":{"@id":"https:\/\/www.gymnastica.fi\/#\/schema\/logo\/image\/"}}]}},"_links":{"self":[{"href":"https:\/\/www.gymnastica.fi\/sv\/wp-json\/wp\/v2\/product\/24972","targetHints":{"allow":["GET"]}}],"collection":[{"href":"https:\/\/www.gymnastica.fi\/sv\/wp-json\/wp\/v2\/product"}],"about":[{"href":"https:\/\/www.gymnastica.fi\/sv\/wp-json\/wp\/v2\/types\/product"}],"wp:featuredmedia":[{"embeddable":true,"href":"https:\/\/www.gymnastica.fi\/sv\/wp-json\/wp\/v2\/media\/17101"}],"wp:attachment":[{"href":"https:\/\/www.gymnastica.fi\/sv\/wp-json\/wp\/v2\/media?parent=24972"}],"wp:term":[{"taxonomy":"product_brand","embeddable":true,"href":"https:\/\/www.gymnastica.fi\/sv\/wp-json\/wp\/v2\/product_brand?post=24972"},{"taxonomy":"product_cat","embeddable":true,"href":"https:\/\/www.gymnastica.fi\/sv\/wp-json\/wp\/v2\/product_cat?post=24972"},{"taxonomy":"product_tag","embeddable":true,"href":"https:\/\/www.gymnastica.fi\/sv\/wp-json\/wp\/v2\/product_tag?post=24972"},{"taxonomy":"manufacturers","embeddable":true,"href":"https:\/\/www.gymnastica.fi\/sv\/wp-json\/wp\/v2\/manufacturers?post=24972"},{"taxonomy":"suppliers","embeddable":true,"href":"https:\/\/www.gymnastica.fi\/sv\/wp-json\/wp\/v2\/suppliers?post=24972"}],"curies":[{"name":"wp","href":"https:\/\/api.w.org\/{rel}","templated":true}]}}