{"id":25127,"date":"2022-05-30T16:37:35","date_gmt":"2022-05-30T13:37:35","guid":{"rendered":"https:\/\/www.gymnastica.fi\/tuote\/gk-sporttopp\/"},"modified":"2024-03-13T14:27:14","modified_gmt":"2024-03-13T12:27:14","slug":"gk-sporttopp","status":"publish","type":"product","link":"https:\/\/www.gymnastica.fi\/sv\/tuote\/gk-sporttopp\/","title":{"rendered":"GK Sporttopp"},"content":{"rendered":"<p><strong>Tv\u00e4ttinstruktioner f\u00f6r gymnastikdr\u00e4kter med foiltyger<\/strong><\/p>\n<ol>\n<li>Produkterna kan ha \u00f6verlopps f\u00e4rg p\u00e5 sig efter produktionen. F\u00f6r att undvika allergiska reaktioner eller fl\u00e4ckar p\u00e5 \u00f6vriga kl\u00e4der rekommenderar vi att ni tv\u00e4ttar dr\u00e4kten innan anv\u00e4ndning.<\/li>\n<li>Genom att tv\u00e4tta dr\u00e4kten ut och in\u00e5t v\u00e4nd f\u00f6rvaras f\u00e4rgerna l\u00e4ngre.<\/li>\n<li>Tv\u00e4ttas skiljt fr\u00e5n andra plagg.<\/li>\n<li>Skontv\u00e4tt i 30 C. Ej bl\u00f6tl\u00e4ggning.<\/li>\n<li>Anv\u00e4nd flytande tv\u00e4ttmedel som inte inneh\u00e5ller blekningsmedel, optiska vitmedel eller parfymer. T.ex. Erisan fintv\u00e4ttmedel. Ej sk\u00f6ljmedel.<\/li>\n<li>Ej torktumlare.<\/li>\n<\/ol>\n","protected":false},"excerpt":{"rendered":"<p>Tv\u00e4ttinstruktioner f\u00f6r gymnastikdr\u00e4kter med foiltyger Produkterna kan ha \u00f6verlopps f\u00e4rg p\u00e5 sig efter produktionen. F\u00f6r att undvika allergiska reaktioner eller fl\u00e4ckar p\u00e5 \u00f6vriga kl\u00e4der rekommenderar vi att ni tv\u00e4ttar dr\u00e4kten innan anv\u00e4ndning. Genom att tv\u00e4tta dr\u00e4kten ut och in\u00e5t v\u00e4nd f\u00f6rvaras f\u00e4rgerna l\u00e4ngre. Tv\u00e4ttas skiljt fr\u00e5n andra plagg. Skontv\u00e4tt i 30 C. Ej bl\u00f6tl\u00e4ggning. Anv\u00e4nd [&hellip;]<\/p>\n","protected":false},"featured_media":16629,"template":"","meta":{"_acf_changed":false,"_relevanssi_hide_post":"","_relevanssi_hide_content":"","_relevanssi_pin_for_all":"","_relevanssi_pin_keywords":"","_relevanssi_unpin_keywords":"","_relevanssi_related_keywords":"","_relevanssi_related_include_ids":"","_relevanssi_related_exclude_ids":"","_relevanssi_related_no_append":"","_relevanssi_related_not_related":"","_relevanssi_related_posts":"","_relevanssi_noindex_reason":""},"product_brand":[],"product_cat":[1654,1655,1656,1760,1761,2027,2028],"product_tag":[],"manufacturers":[],"suppliers":[],"class_list":{"0":"post-25127","1":"product","2":"type-product","3":"status-publish","4":"has-post-thumbnail","6":"product_cat-marken","7":"product_cat-gk-sv","8":"product_cat-damer","9":"product_cat-underklader","10":"product_cat-undertoppar","11":"product_cat-toppar-och-shortor","12":"product_cat-toppar","14":"first","15":"instock","16":"taxable","17":"shipping-taxable","18":"purchasable","19":"product-type-variable"},"acf":[],"yoast_head":"<!-- This site is optimized with the Yoast SEO plugin v26.8 - https:\/\/yoast.com\/product\/yoast-seo-wordpress\/ -->\n<title>GK Sporttopp &#8212; Gymnastica<\/title>\n<meta name=\"robots\" content=\"index, follow, max-snippet:-1, max-image-preview:large, max-video-preview:-1\" \/>\n<link rel=\"canonical\" href=\"https:\/\/www.gymnastica.fi\/sv\/tuote\/gk-sporttopp\/\" \/>\n<meta property=\"og:locale\" content=\"sv_SE\" \/>\n<meta property=\"og:type\" content=\"article\" \/>\n<meta property=\"og:title\" content=\"GK Sporttopp &#8212; Gymnastica\" \/>\n<meta property=\"og:description\" content=\"Tv\u00e4ttinstruktioner f\u00f6r gymnastikdr\u00e4kter med foiltyger Produkterna kan ha \u00f6verlopps f\u00e4rg p\u00e5 sig efter produktionen. F\u00f6r att undvika allergiska reaktioner eller fl\u00e4ckar p\u00e5 \u00f6vriga kl\u00e4der rekommenderar vi att ni tv\u00e4ttar dr\u00e4kten innan anv\u00e4ndning. Genom att tv\u00e4tta dr\u00e4kten ut och in\u00e5t v\u00e4nd f\u00f6rvaras f\u00e4rgerna l\u00e4ngre. Tv\u00e4ttas skiljt fr\u00e5n andra plagg. Skontv\u00e4tt i 30 C. Ej bl\u00f6tl\u00e4ggning. Anv\u00e4nd [&hellip;]\" \/>\n<meta property=\"og:url\" content=\"https:\/\/www.gymnastica.fi\/sv\/tuote\/gk-sporttopp\/\" \/>\n<meta property=\"og:site_name\" content=\"Gymnastica\" \/>\n<meta property=\"article:modified_time\" content=\"2024-03-13T12:27:14+00:00\" \/>\n<meta property=\"og:image\" content=\"https:\/\/www.gymnastica.fi\/app\/uploads\/2022\/05\/GK-CB245.jpg\" \/>\n\t<meta property=\"og:image:width\" content=\"1120\" \/>\n\t<meta property=\"og:image:height\" content=\"1480\" \/>\n\t<meta property=\"og:image:type\" content=\"image\/jpeg\" \/>\n<meta name=\"twitter:card\" content=\"summary_large_image\" \/>\n<script type=\"application\/ld+json\" class=\"yoast-schema-graph\">{\"@context\":\"https:\/\/schema.org\",\"@graph\":[{\"@type\":\"WebPage\",\"@id\":\"https:\/\/www.gymnastica.fi\/sv\/tuote\/gk-sporttopp\/\",\"url\":\"https:\/\/www.gymnastica.fi\/sv\/tuote\/gk-sporttopp\/\",\"name\":\"GK Sporttopp &#8212; Gymnastica\",\"isPartOf\":{\"@id\":\"https:\/\/www.gymnastica.fi\/#website\"},\"primaryImageOfPage\":{\"@id\":\"https:\/\/www.gymnastica.fi\/sv\/tuote\/gk-sporttopp\/#primaryimage\"},\"image\":{\"@id\":\"https:\/\/www.gymnastica.fi\/sv\/tuote\/gk-sporttopp\/#primaryimage\"},\"thumbnailUrl\":\"https:\/\/www.gymnastica.fi\/app\/uploads\/2022\/05\/GK-CB245.jpg\",\"datePublished\":\"2022-05-30T13:37:35+00:00\",\"dateModified\":\"2024-03-13T12:27:14+00:00\",\"breadcrumb\":{\"@id\":\"https:\/\/www.gymnastica.fi\/sv\/tuote\/gk-sporttopp\/#breadcrumb\"},\"inLanguage\":\"sv-SE\",\"potentialAction\":[{\"@type\":\"ReadAction\",\"target\":[\"https:\/\/www.gymnastica.fi\/sv\/tuote\/gk-sporttopp\/\"]}]},{\"@type\":\"ImageObject\",\"inLanguage\":\"sv-SE\",\"@id\":\"https:\/\/www.gymnastica.fi\/sv\/tuote\/gk-sporttopp\/#primaryimage\",\"url\":\"https:\/\/www.gymnastica.fi\/app\/uploads\/2022\/05\/GK-CB245.jpg\",\"contentUrl\":\"https:\/\/www.gymnastica.fi\/app\/uploads\/2022\/05\/GK-CB245.jpg\",\"width\":1120,\"height\":1480},{\"@type\":\"BreadcrumbList\",\"@id\":\"https:\/\/www.gymnastica.fi\/sv\/tuote\/gk-sporttopp\/#breadcrumb\",\"itemListElement\":[{\"@type\":\"ListItem\",\"position\":1,\"name\":\"Home\",\"item\":\"https:\/\/www.gymnastica.fi\/sv\/\"},{\"@type\":\"ListItem\",\"position\":2,\"name\":\"Butik\",\"item\":\"https:\/\/www.gymnastica.fi\/sv\/butik\/\"},{\"@type\":\"ListItem\",\"position\":3,\"name\":\"GK Sporttopp\"}]},{\"@type\":\"WebSite\",\"@id\":\"https:\/\/www.gymnastica.fi\/#website\",\"url\":\"https:\/\/www.gymnastica.fi\/\",\"name\":\"Gymnastica\",\"description\":\"Liikunta- ja urheilutilasuunnittelun ja v\u00e4lineiden asiantuntija\",\"publisher\":{\"@id\":\"https:\/\/www.gymnastica.fi\/#organization\"},\"potentialAction\":[{\"@type\":\"SearchAction\",\"target\":{\"@type\":\"EntryPoint\",\"urlTemplate\":\"https:\/\/www.gymnastica.fi\/?s={search_term_string}\"},\"query-input\":{\"@type\":\"PropertyValueSpecification\",\"valueRequired\":true,\"valueName\":\"search_term_string\"}}],\"inLanguage\":\"sv-SE\"},{\"@type\":\"Organization\",\"@id\":\"https:\/\/www.gymnastica.fi\/#organization\",\"name\":\"Gymnastica\",\"url\":\"https:\/\/www.gymnastica.fi\/\",\"logo\":{\"@type\":\"ImageObject\",\"inLanguage\":\"sv-SE\",\"@id\":\"https:\/\/www.gymnastica.fi\/#\/schema\/logo\/image\/\",\"url\":\"https:\/\/www.gymnastica.fi\/app\/uploads\/2021\/04\/logo.svg\",\"contentUrl\":\"https:\/\/www.gymnastica.fi\/app\/uploads\/2021\/04\/logo.svg\",\"width\":246,\"height\":59,\"caption\":\"Gymnastica\"},\"image\":{\"@id\":\"https:\/\/www.gymnastica.fi\/#\/schema\/logo\/image\/\"}}]}<\/script>\n<!-- \/ Yoast SEO plugin. -->","yoast_head_json":{"title":"GK Sporttopp &#8212; Gymnastica","robots":{"index":"index","follow":"follow","max-snippet":"max-snippet:-1","max-image-preview":"max-image-preview:large","max-video-preview":"max-video-preview:-1"},"canonical":"https:\/\/www.gymnastica.fi\/sv\/tuote\/gk-sporttopp\/","og_locale":"sv_SE","og_type":"article","og_title":"GK Sporttopp &#8212; Gymnastica","og_description":"Tv\u00e4ttinstruktioner f\u00f6r gymnastikdr\u00e4kter med foiltyger Produkterna kan ha \u00f6verlopps f\u00e4rg p\u00e5 sig efter produktionen. F\u00f6r att undvika allergiska reaktioner eller fl\u00e4ckar p\u00e5 \u00f6vriga kl\u00e4der rekommenderar vi att ni tv\u00e4ttar dr\u00e4kten innan anv\u00e4ndning. Genom att tv\u00e4tta dr\u00e4kten ut och in\u00e5t v\u00e4nd f\u00f6rvaras f\u00e4rgerna l\u00e4ngre. Tv\u00e4ttas skiljt fr\u00e5n andra plagg. Skontv\u00e4tt i 30 C. Ej bl\u00f6tl\u00e4ggning. Anv\u00e4nd [&hellip;]","og_url":"https:\/\/www.gymnastica.fi\/sv\/tuote\/gk-sporttopp\/","og_site_name":"Gymnastica","article_modified_time":"2024-03-13T12:27:14+00:00","og_image":[{"width":1120,"height":1480,"url":"https:\/\/www.gymnastica.fi\/app\/uploads\/2022\/05\/GK-CB245.jpg","type":"image\/jpeg"}],"twitter_card":"summary_large_image","schema":{"@context":"https:\/\/schema.org","@graph":[{"@type":"WebPage","@id":"https:\/\/www.gymnastica.fi\/sv\/tuote\/gk-sporttopp\/","url":"https:\/\/www.gymnastica.fi\/sv\/tuote\/gk-sporttopp\/","name":"GK Sporttopp &#8212; Gymnastica","isPartOf":{"@id":"https:\/\/www.gymnastica.fi\/#website"},"primaryImageOfPage":{"@id":"https:\/\/www.gymnastica.fi\/sv\/tuote\/gk-sporttopp\/#primaryimage"},"image":{"@id":"https:\/\/www.gymnastica.fi\/sv\/tuote\/gk-sporttopp\/#primaryimage"},"thumbnailUrl":"https:\/\/www.gymnastica.fi\/app\/uploads\/2022\/05\/GK-CB245.jpg","datePublished":"2022-05-30T13:37:35+00:00","dateModified":"2024-03-13T12:27:14+00:00","breadcrumb":{"@id":"https:\/\/www.gymnastica.fi\/sv\/tuote\/gk-sporttopp\/#breadcrumb"},"inLanguage":"sv-SE","potentialAction":[{"@type":"ReadAction","target":["https:\/\/www.gymnastica.fi\/sv\/tuote\/gk-sporttopp\/"]}]},{"@type":"ImageObject","inLanguage":"sv-SE","@id":"https:\/\/www.gymnastica.fi\/sv\/tuote\/gk-sporttopp\/#primaryimage","url":"https:\/\/www.gymnastica.fi\/app\/uploads\/2022\/05\/GK-CB245.jpg","contentUrl":"https:\/\/www.gymnastica.fi\/app\/uploads\/2022\/05\/GK-CB245.jpg","width":1120,"height":1480},{"@type":"BreadcrumbList","@id":"https:\/\/www.gymnastica.fi\/sv\/tuote\/gk-sporttopp\/#breadcrumb","itemListElement":[{"@type":"ListItem","position":1,"name":"Home","item":"https:\/\/www.gymnastica.fi\/sv\/"},{"@type":"ListItem","position":2,"name":"Butik","item":"https:\/\/www.gymnastica.fi\/sv\/butik\/"},{"@type":"ListItem","position":3,"name":"GK Sporttopp"}]},{"@type":"WebSite","@id":"https:\/\/www.gymnastica.fi\/#website","url":"https:\/\/www.gymnastica.fi\/","name":"Gymnastica","description":"Liikunta- ja urheilutilasuunnittelun ja v\u00e4lineiden asiantuntija","publisher":{"@id":"https:\/\/www.gymnastica.fi\/#organization"},"potentialAction":[{"@type":"SearchAction","target":{"@type":"EntryPoint","urlTemplate":"https:\/\/www.gymnastica.fi\/?s={search_term_string}"},"query-input":{"@type":"PropertyValueSpecification","valueRequired":true,"valueName":"search_term_string"}}],"inLanguage":"sv-SE"},{"@type":"Organization","@id":"https:\/\/www.gymnastica.fi\/#organization","name":"Gymnastica","url":"https:\/\/www.gymnastica.fi\/","logo":{"@type":"ImageObject","inLanguage":"sv-SE","@id":"https:\/\/www.gymnastica.fi\/#\/schema\/logo\/image\/","url":"https:\/\/www.gymnastica.fi\/app\/uploads\/2021\/04\/logo.svg","contentUrl":"https:\/\/www.gymnastica.fi\/app\/uploads\/2021\/04\/logo.svg","width":246,"height":59,"caption":"Gymnastica"},"image":{"@id":"https:\/\/www.gymnastica.fi\/#\/schema\/logo\/image\/"}}]}},"_links":{"self":[{"href":"https:\/\/www.gymnastica.fi\/sv\/wp-json\/wp\/v2\/product\/25127","targetHints":{"allow":["GET"]}}],"collection":[{"href":"https:\/\/www.gymnastica.fi\/sv\/wp-json\/wp\/v2\/product"}],"about":[{"href":"https:\/\/www.gymnastica.fi\/sv\/wp-json\/wp\/v2\/types\/product"}],"wp:featuredmedia":[{"embeddable":true,"href":"https:\/\/www.gymnastica.fi\/sv\/wp-json\/wp\/v2\/media\/16629"}],"wp:attachment":[{"href":"https:\/\/www.gymnastica.fi\/sv\/wp-json\/wp\/v2\/media?parent=25127"}],"wp:term":[{"taxonomy":"product_brand","embeddable":true,"href":"https:\/\/www.gymnastica.fi\/sv\/wp-json\/wp\/v2\/product_brand?post=25127"},{"taxonomy":"product_cat","embeddable":true,"href":"https:\/\/www.gymnastica.fi\/sv\/wp-json\/wp\/v2\/product_cat?post=25127"},{"taxonomy":"product_tag","embeddable":true,"href":"https:\/\/www.gymnastica.fi\/sv\/wp-json\/wp\/v2\/product_tag?post=25127"},{"taxonomy":"manufacturers","embeddable":true,"href":"https:\/\/www.gymnastica.fi\/sv\/wp-json\/wp\/v2\/manufacturers?post=25127"},{"taxonomy":"suppliers","embeddable":true,"href":"https:\/\/www.gymnastica.fi\/sv\/wp-json\/wp\/v2\/suppliers?post=25127"}],"curies":[{"name":"wp","href":"https:\/\/api.w.org\/{rel}","templated":true}]}}