{"id":29379,"date":"2022-04-27T16:39:39","date_gmt":"2022-04-27T13:39:39","guid":{"rendered":"https:\/\/www.gymnastica.fi\/tuote\/reisport-hyper-protect-grips-for-man-for-rack\/"},"modified":"2025-02-19T14:33:59","modified_gmt":"2025-02-19T12:33:59","slug":"reisport-hyper-protect-racksydd-med-spanne-for-man-re-533","status":"publish","type":"product","link":"https:\/\/www.gymnastica.fi\/sv\/tuote\/reisport-hyper-protect-racksydd-med-spanne-for-man-re-533\/","title":{"rendered":"Reisport Hyper Protect r\u00e4cksydd med sp\u00e4nne f\u00f6r m\u00e4n RE-533"},"content":{"rendered":"<p>Reipsport r\u00e4cksydd med sp\u00e4nne och\u00a0f\u00f6rst\u00e4rkt lamindrat l\u00e4der. 3 h\u00e5l f\u00f6r fingar.\u00a0Justerbar med dubbla remmar och fastsp\u00e4nns med sp\u00e4nne.\u00a0Reisport\u00a0r\u00e4cksydd tillverkas av h\u00f6gkvalitativt l\u00e4der. S\u00e4ljs parvis.<\/p>\n<p>Under r\u00e4cksydden\u00a0beh\u00f6vs l\u00e5nga muddar (produktkod: G-100), som s\u00e4ljs skilt.<\/p>\n<p>M\u00e4t fr\u00e5n handleden till \u00e4ndan av l\u00e5ngfingret.<\/p>\n<p>0\u00a0\u00a0\u00a0\u00a0\u00a0\u00a0\u00a0\u00a0\u00a0\u00a0\u00a0\u00a0\u00a0\u00a0\u00a0\u00a0\u00a0\u00a0\u00a0\u00a0\u00a0\u00a0\u00a0\u00a0\u00a0\u00a0 &lt;16.50 cm<\/p>\n<p>1\u00a0\u00a0\u00a0\u00a0\u00a0\u00a0\u00a0\u00a0\u00a0\u00a0\u00a0\u00a0\u00a0\u00a0\u00a0\u00a0\u00a0\u00a0\u00a0\u00a0\u00a0\u00a0\u00a0\u00a0\u00a0\u00a0 16.50-17.50 cm<\/p>\n<p>2\u00a0\u00a0\u00a0\u00a0\u00a0\u00a0\u00a0\u00a0\u00a0\u00a0\u00a0\u00a0\u00a0\u00a0\u00a0\u00a0\u00a0\u00a0\u00a0\u00a0\u00a0\u00a0\u00a0\u00a0\u00a0\u00a0 17.50-19.00 cm<\/p>\n<p>3\u00a0\u00a0\u00a0\u00a0\u00a0\u00a0\u00a0\u00a0\u00a0\u00a0\u00a0\u00a0\u00a0\u00a0\u00a0\u00a0\u00a0\u00a0\u00a0\u00a0\u00a0\u00a0\u00a0\u00a0\u00a0\u00a0 19.00&lt; cm<\/p>\n","protected":false},"excerpt":{"rendered":"<p>Reipsport r\u00e4cksydd med sp\u00e4nne och\u00a0f\u00f6rst\u00e4rkt lamindrat l\u00e4der. 3 h\u00e5l f\u00f6r fingar.\u00a0Justerbar med dubbla remmar och fastsp\u00e4nns med sp\u00e4nne.\u00a0Reisport\u00a0r\u00e4cksydd tillverkas av h\u00f6gkvalitativt l\u00e4der. S\u00e4ljs parvis. Under r\u00e4cksydden\u00a0beh\u00f6vs l\u00e5nga muddar (produktkod: G-100), som s\u00e4ljs skilt. M\u00e4t fr\u00e5n handleden till \u00e4ndan av l\u00e5ngfingret. 0\u00a0\u00a0\u00a0\u00a0\u00a0\u00a0\u00a0\u00a0\u00a0\u00a0\u00a0\u00a0\u00a0\u00a0\u00a0\u00a0\u00a0\u00a0\u00a0\u00a0\u00a0\u00a0\u00a0\u00a0\u00a0\u00a0 &lt;16.50 cm 1\u00a0\u00a0\u00a0\u00a0\u00a0\u00a0\u00a0\u00a0\u00a0\u00a0\u00a0\u00a0\u00a0\u00a0\u00a0\u00a0\u00a0\u00a0\u00a0\u00a0\u00a0\u00a0\u00a0\u00a0\u00a0\u00a0 16.50-17.50 cm 2\u00a0\u00a0\u00a0\u00a0\u00a0\u00a0\u00a0\u00a0\u00a0\u00a0\u00a0\u00a0\u00a0\u00a0\u00a0\u00a0\u00a0\u00a0\u00a0\u00a0\u00a0\u00a0\u00a0\u00a0\u00a0\u00a0 17.50-19.00 cm 3\u00a0\u00a0\u00a0\u00a0\u00a0\u00a0\u00a0\u00a0\u00a0\u00a0\u00a0\u00a0\u00a0\u00a0\u00a0\u00a0\u00a0\u00a0\u00a0\u00a0\u00a0\u00a0\u00a0\u00a0\u00a0\u00a0 19.00&lt; cm<\/p>\n","protected":false},"featured_media":840,"template":"","meta":{"_acf_changed":false,"_relevanssi_hide_post":"","_relevanssi_hide_content":"","_relevanssi_pin_for_all":"","_relevanssi_pin_keywords":"","_relevanssi_unpin_keywords":"","_relevanssi_related_keywords":"","_relevanssi_related_include_ids":"","_relevanssi_related_exclude_ids":"","_relevanssi_related_no_append":"","_relevanssi_related_not_related":"","_relevanssi_related_posts":"","_relevanssi_noindex_reason":""},"product_brand":[],"product_cat":[1654,2187,1678,1699,1700],"product_tag":[],"manufacturers":[1521],"suppliers":[],"class_list":{"0":"post-29379","1":"product","2":"type-product","3":"status-publish","4":"has-post-thumbnail","6":"product_cat-marken","7":"product_cat-reisport-sv","8":"product_cat-herrar","9":"product_cat-handskydd-och-muddar","10":"product_cat-rackskydd","11":"manufacturers-reisport","13":"first","14":"instock","15":"taxable","16":"shipping-taxable","17":"purchasable","18":"product-type-variable"},"acf":[],"yoast_head":"<!-- This site is optimized with the Yoast SEO plugin v26.8 - https:\/\/yoast.com\/product\/yoast-seo-wordpress\/ -->\n<title>Reisport Hyper Protect r\u00e4cksydd med sp\u00e4nne f\u00f6r m\u00e4n RE-533 &#8212; Gymnastica<\/title>\n<meta name=\"robots\" content=\"index, follow, max-snippet:-1, max-image-preview:large, max-video-preview:-1\" \/>\n<link rel=\"canonical\" href=\"https:\/\/www.gymnastica.fi\/en\/tuote\/reisport-hyper-protect-grips-with-straps-for-men-for-high-bar-re-533\/\" \/>\n<meta property=\"og:locale\" content=\"sv_SE\" \/>\n<meta property=\"og:type\" content=\"article\" \/>\n<meta property=\"og:title\" content=\"Reisport Hyper Protect r\u00e4cksydd med sp\u00e4nne f\u00f6r m\u00e4n RE-533 &#8212; Gymnastica\" \/>\n<meta property=\"og:description\" content=\"Reipsport r\u00e4cksydd med sp\u00e4nne och\u00a0f\u00f6rst\u00e4rkt lamindrat l\u00e4der. 3 h\u00e5l f\u00f6r fingar.\u00a0Justerbar med dubbla remmar och fastsp\u00e4nns med sp\u00e4nne.\u00a0Reisport\u00a0r\u00e4cksydd tillverkas av h\u00f6gkvalitativt l\u00e4der. S\u00e4ljs parvis. Under r\u00e4cksydden\u00a0beh\u00f6vs l\u00e5nga muddar (produktkod: G-100), som s\u00e4ljs skilt. M\u00e4t fr\u00e5n handleden till \u00e4ndan av l\u00e5ngfingret. 0\u00a0\u00a0\u00a0\u00a0\u00a0\u00a0\u00a0\u00a0\u00a0\u00a0\u00a0\u00a0\u00a0\u00a0\u00a0\u00a0\u00a0\u00a0\u00a0\u00a0\u00a0\u00a0\u00a0\u00a0\u00a0\u00a0 &lt;16.50 cm 1\u00a0\u00a0\u00a0\u00a0\u00a0\u00a0\u00a0\u00a0\u00a0\u00a0\u00a0\u00a0\u00a0\u00a0\u00a0\u00a0\u00a0\u00a0\u00a0\u00a0\u00a0\u00a0\u00a0\u00a0\u00a0\u00a0 16.50-17.50 cm 2\u00a0\u00a0\u00a0\u00a0\u00a0\u00a0\u00a0\u00a0\u00a0\u00a0\u00a0\u00a0\u00a0\u00a0\u00a0\u00a0\u00a0\u00a0\u00a0\u00a0\u00a0\u00a0\u00a0\u00a0\u00a0\u00a0 17.50-19.00 cm 3\u00a0\u00a0\u00a0\u00a0\u00a0\u00a0\u00a0\u00a0\u00a0\u00a0\u00a0\u00a0\u00a0\u00a0\u00a0\u00a0\u00a0\u00a0\u00a0\u00a0\u00a0\u00a0\u00a0\u00a0\u00a0\u00a0 19.00&lt; cm\" \/>\n<meta property=\"og:url\" content=\"https:\/\/www.gymnastica.fi\/en\/tuote\/reisport-hyper-protect-grips-with-straps-for-men-for-high-bar-re-533\/\" \/>\n<meta property=\"og:site_name\" content=\"Gymnastica\" \/>\n<meta property=\"article:modified_time\" content=\"2025-02-19T12:33:59+00:00\" \/>\n<meta property=\"og:image\" content=\"https:\/\/www.gymnastica.fi\/app\/uploads\/2021\/05\/RE-533.jpg\" \/>\n\t<meta property=\"og:image:width\" content=\"472\" \/>\n\t<meta property=\"og:image:height\" content=\"301\" \/>\n\t<meta property=\"og:image:type\" content=\"image\/jpeg\" \/>\n<meta name=\"twitter:card\" content=\"summary_large_image\" \/>\n<script type=\"application\/ld+json\" class=\"yoast-schema-graph\">{\"@context\":\"https:\/\/schema.org\",\"@graph\":[{\"@type\":\"WebPage\",\"@id\":\"https:\/\/www.gymnastica.fi\/en\/tuote\/reisport-hyper-protect-grips-with-straps-for-men-for-high-bar-re-533\/\",\"url\":\"https:\/\/www.gymnastica.fi\/en\/tuote\/reisport-hyper-protect-grips-with-straps-for-men-for-high-bar-re-533\/\",\"name\":\"Reisport Hyper Protect r\u00e4cksydd med sp\u00e4nne f\u00f6r m\u00e4n RE-533 &#8212; Gymnastica\",\"isPartOf\":{\"@id\":\"https:\/\/www.gymnastica.fi\/#website\"},\"primaryImageOfPage\":{\"@id\":\"https:\/\/www.gymnastica.fi\/en\/tuote\/reisport-hyper-protect-grips-with-straps-for-men-for-high-bar-re-533\/#primaryimage\"},\"image\":{\"@id\":\"https:\/\/www.gymnastica.fi\/en\/tuote\/reisport-hyper-protect-grips-with-straps-for-men-for-high-bar-re-533\/#primaryimage\"},\"thumbnailUrl\":\"https:\/\/www.gymnastica.fi\/app\/uploads\/2021\/05\/RE-533.jpg\",\"datePublished\":\"2022-04-27T13:39:39+00:00\",\"dateModified\":\"2025-02-19T12:33:59+00:00\",\"breadcrumb\":{\"@id\":\"https:\/\/www.gymnastica.fi\/en\/tuote\/reisport-hyper-protect-grips-with-straps-for-men-for-high-bar-re-533\/#breadcrumb\"},\"inLanguage\":\"sv-SE\",\"potentialAction\":[{\"@type\":\"ReadAction\",\"target\":[\"https:\/\/www.gymnastica.fi\/en\/tuote\/reisport-hyper-protect-grips-with-straps-for-men-for-high-bar-re-533\/\"]}]},{\"@type\":\"ImageObject\",\"inLanguage\":\"sv-SE\",\"@id\":\"https:\/\/www.gymnastica.fi\/en\/tuote\/reisport-hyper-protect-grips-with-straps-for-men-for-high-bar-re-533\/#primaryimage\",\"url\":\"https:\/\/www.gymnastica.fi\/app\/uploads\/2021\/05\/RE-533.jpg\",\"contentUrl\":\"https:\/\/www.gymnastica.fi\/app\/uploads\/2021\/05\/RE-533.jpg\",\"width\":472,\"height\":301},{\"@type\":\"BreadcrumbList\",\"@id\":\"https:\/\/www.gymnastica.fi\/en\/tuote\/reisport-hyper-protect-grips-with-straps-for-men-for-high-bar-re-533\/#breadcrumb\",\"itemListElement\":[{\"@type\":\"ListItem\",\"position\":1,\"name\":\"Home\",\"item\":\"https:\/\/www.gymnastica.fi\/sv\/\"},{\"@type\":\"ListItem\",\"position\":2,\"name\":\"Butik\",\"item\":\"https:\/\/www.gymnastica.fi\/sv\/butik\/\"},{\"@type\":\"ListItem\",\"position\":3,\"name\":\"Reisport Hyper Protect r\u00e4cksydd med sp\u00e4nne f\u00f6r m\u00e4n RE-533\"}]},{\"@type\":\"WebSite\",\"@id\":\"https:\/\/www.gymnastica.fi\/#website\",\"url\":\"https:\/\/www.gymnastica.fi\/\",\"name\":\"Gymnastica\",\"description\":\"Liikunta- ja urheilutilasuunnittelun ja v\u00e4lineiden asiantuntija\",\"publisher\":{\"@id\":\"https:\/\/www.gymnastica.fi\/#organization\"},\"potentialAction\":[{\"@type\":\"SearchAction\",\"target\":{\"@type\":\"EntryPoint\",\"urlTemplate\":\"https:\/\/www.gymnastica.fi\/?s={search_term_string}\"},\"query-input\":{\"@type\":\"PropertyValueSpecification\",\"valueRequired\":true,\"valueName\":\"search_term_string\"}}],\"inLanguage\":\"sv-SE\"},{\"@type\":\"Organization\",\"@id\":\"https:\/\/www.gymnastica.fi\/#organization\",\"name\":\"Gymnastica\",\"url\":\"https:\/\/www.gymnastica.fi\/\",\"logo\":{\"@type\":\"ImageObject\",\"inLanguage\":\"sv-SE\",\"@id\":\"https:\/\/www.gymnastica.fi\/#\/schema\/logo\/image\/\",\"url\":\"https:\/\/www.gymnastica.fi\/app\/uploads\/2021\/04\/logo.svg\",\"contentUrl\":\"https:\/\/www.gymnastica.fi\/app\/uploads\/2021\/04\/logo.svg\",\"width\":246,\"height\":59,\"caption\":\"Gymnastica\"},\"image\":{\"@id\":\"https:\/\/www.gymnastica.fi\/#\/schema\/logo\/image\/\"}}]}<\/script>\n<!-- \/ Yoast SEO plugin. -->","yoast_head_json":{"title":"Reisport Hyper Protect r\u00e4cksydd med sp\u00e4nne f\u00f6r m\u00e4n RE-533 &#8212; Gymnastica","robots":{"index":"index","follow":"follow","max-snippet":"max-snippet:-1","max-image-preview":"max-image-preview:large","max-video-preview":"max-video-preview:-1"},"canonical":"https:\/\/www.gymnastica.fi\/en\/tuote\/reisport-hyper-protect-grips-with-straps-for-men-for-high-bar-re-533\/","og_locale":"sv_SE","og_type":"article","og_title":"Reisport Hyper Protect r\u00e4cksydd med sp\u00e4nne f\u00f6r m\u00e4n RE-533 &#8212; Gymnastica","og_description":"Reipsport r\u00e4cksydd med sp\u00e4nne och\u00a0f\u00f6rst\u00e4rkt lamindrat l\u00e4der. 3 h\u00e5l f\u00f6r fingar.\u00a0Justerbar med dubbla remmar och fastsp\u00e4nns med sp\u00e4nne.\u00a0Reisport\u00a0r\u00e4cksydd tillverkas av h\u00f6gkvalitativt l\u00e4der. S\u00e4ljs parvis. Under r\u00e4cksydden\u00a0beh\u00f6vs l\u00e5nga muddar (produktkod: G-100), som s\u00e4ljs skilt. M\u00e4t fr\u00e5n handleden till \u00e4ndan av l\u00e5ngfingret. 0\u00a0\u00a0\u00a0\u00a0\u00a0\u00a0\u00a0\u00a0\u00a0\u00a0\u00a0\u00a0\u00a0\u00a0\u00a0\u00a0\u00a0\u00a0\u00a0\u00a0\u00a0\u00a0\u00a0\u00a0\u00a0\u00a0 &lt;16.50 cm 1\u00a0\u00a0\u00a0\u00a0\u00a0\u00a0\u00a0\u00a0\u00a0\u00a0\u00a0\u00a0\u00a0\u00a0\u00a0\u00a0\u00a0\u00a0\u00a0\u00a0\u00a0\u00a0\u00a0\u00a0\u00a0\u00a0 16.50-17.50 cm 2\u00a0\u00a0\u00a0\u00a0\u00a0\u00a0\u00a0\u00a0\u00a0\u00a0\u00a0\u00a0\u00a0\u00a0\u00a0\u00a0\u00a0\u00a0\u00a0\u00a0\u00a0\u00a0\u00a0\u00a0\u00a0\u00a0 17.50-19.00 cm 3\u00a0\u00a0\u00a0\u00a0\u00a0\u00a0\u00a0\u00a0\u00a0\u00a0\u00a0\u00a0\u00a0\u00a0\u00a0\u00a0\u00a0\u00a0\u00a0\u00a0\u00a0\u00a0\u00a0\u00a0\u00a0\u00a0 19.00&lt; cm","og_url":"https:\/\/www.gymnastica.fi\/en\/tuote\/reisport-hyper-protect-grips-with-straps-for-men-for-high-bar-re-533\/","og_site_name":"Gymnastica","article_modified_time":"2025-02-19T12:33:59+00:00","og_image":[{"width":472,"height":301,"url":"https:\/\/www.gymnastica.fi\/app\/uploads\/2021\/05\/RE-533.jpg","type":"image\/jpeg"}],"twitter_card":"summary_large_image","schema":{"@context":"https:\/\/schema.org","@graph":[{"@type":"WebPage","@id":"https:\/\/www.gymnastica.fi\/en\/tuote\/reisport-hyper-protect-grips-with-straps-for-men-for-high-bar-re-533\/","url":"https:\/\/www.gymnastica.fi\/en\/tuote\/reisport-hyper-protect-grips-with-straps-for-men-for-high-bar-re-533\/","name":"Reisport Hyper Protect r\u00e4cksydd med sp\u00e4nne f\u00f6r m\u00e4n RE-533 &#8212; Gymnastica","isPartOf":{"@id":"https:\/\/www.gymnastica.fi\/#website"},"primaryImageOfPage":{"@id":"https:\/\/www.gymnastica.fi\/en\/tuote\/reisport-hyper-protect-grips-with-straps-for-men-for-high-bar-re-533\/#primaryimage"},"image":{"@id":"https:\/\/www.gymnastica.fi\/en\/tuote\/reisport-hyper-protect-grips-with-straps-for-men-for-high-bar-re-533\/#primaryimage"},"thumbnailUrl":"https:\/\/www.gymnastica.fi\/app\/uploads\/2021\/05\/RE-533.jpg","datePublished":"2022-04-27T13:39:39+00:00","dateModified":"2025-02-19T12:33:59+00:00","breadcrumb":{"@id":"https:\/\/www.gymnastica.fi\/en\/tuote\/reisport-hyper-protect-grips-with-straps-for-men-for-high-bar-re-533\/#breadcrumb"},"inLanguage":"sv-SE","potentialAction":[{"@type":"ReadAction","target":["https:\/\/www.gymnastica.fi\/en\/tuote\/reisport-hyper-protect-grips-with-straps-for-men-for-high-bar-re-533\/"]}]},{"@type":"ImageObject","inLanguage":"sv-SE","@id":"https:\/\/www.gymnastica.fi\/en\/tuote\/reisport-hyper-protect-grips-with-straps-for-men-for-high-bar-re-533\/#primaryimage","url":"https:\/\/www.gymnastica.fi\/app\/uploads\/2021\/05\/RE-533.jpg","contentUrl":"https:\/\/www.gymnastica.fi\/app\/uploads\/2021\/05\/RE-533.jpg","width":472,"height":301},{"@type":"BreadcrumbList","@id":"https:\/\/www.gymnastica.fi\/en\/tuote\/reisport-hyper-protect-grips-with-straps-for-men-for-high-bar-re-533\/#breadcrumb","itemListElement":[{"@type":"ListItem","position":1,"name":"Home","item":"https:\/\/www.gymnastica.fi\/sv\/"},{"@type":"ListItem","position":2,"name":"Butik","item":"https:\/\/www.gymnastica.fi\/sv\/butik\/"},{"@type":"ListItem","position":3,"name":"Reisport Hyper Protect r\u00e4cksydd med sp\u00e4nne f\u00f6r m\u00e4n RE-533"}]},{"@type":"WebSite","@id":"https:\/\/www.gymnastica.fi\/#website","url":"https:\/\/www.gymnastica.fi\/","name":"Gymnastica","description":"Liikunta- ja urheilutilasuunnittelun ja v\u00e4lineiden asiantuntija","publisher":{"@id":"https:\/\/www.gymnastica.fi\/#organization"},"potentialAction":[{"@type":"SearchAction","target":{"@type":"EntryPoint","urlTemplate":"https:\/\/www.gymnastica.fi\/?s={search_term_string}"},"query-input":{"@type":"PropertyValueSpecification","valueRequired":true,"valueName":"search_term_string"}}],"inLanguage":"sv-SE"},{"@type":"Organization","@id":"https:\/\/www.gymnastica.fi\/#organization","name":"Gymnastica","url":"https:\/\/www.gymnastica.fi\/","logo":{"@type":"ImageObject","inLanguage":"sv-SE","@id":"https:\/\/www.gymnastica.fi\/#\/schema\/logo\/image\/","url":"https:\/\/www.gymnastica.fi\/app\/uploads\/2021\/04\/logo.svg","contentUrl":"https:\/\/www.gymnastica.fi\/app\/uploads\/2021\/04\/logo.svg","width":246,"height":59,"caption":"Gymnastica"},"image":{"@id":"https:\/\/www.gymnastica.fi\/#\/schema\/logo\/image\/"}}]}},"_links":{"self":[{"href":"https:\/\/www.gymnastica.fi\/sv\/wp-json\/wp\/v2\/product\/29379","targetHints":{"allow":["GET"]}}],"collection":[{"href":"https:\/\/www.gymnastica.fi\/sv\/wp-json\/wp\/v2\/product"}],"about":[{"href":"https:\/\/www.gymnastica.fi\/sv\/wp-json\/wp\/v2\/types\/product"}],"wp:featuredmedia":[{"embeddable":true,"href":"https:\/\/www.gymnastica.fi\/sv\/wp-json\/wp\/v2\/media\/840"}],"wp:attachment":[{"href":"https:\/\/www.gymnastica.fi\/sv\/wp-json\/wp\/v2\/media?parent=29379"}],"wp:term":[{"taxonomy":"product_brand","embeddable":true,"href":"https:\/\/www.gymnastica.fi\/sv\/wp-json\/wp\/v2\/product_brand?post=29379"},{"taxonomy":"product_cat","embeddable":true,"href":"https:\/\/www.gymnastica.fi\/sv\/wp-json\/wp\/v2\/product_cat?post=29379"},{"taxonomy":"product_tag","embeddable":true,"href":"https:\/\/www.gymnastica.fi\/sv\/wp-json\/wp\/v2\/product_tag?post=29379"},{"taxonomy":"manufacturers","embeddable":true,"href":"https:\/\/www.gymnastica.fi\/sv\/wp-json\/wp\/v2\/manufacturers?post=29379"},{"taxonomy":"suppliers","embeddable":true,"href":"https:\/\/www.gymnastica.fi\/sv\/wp-json\/wp\/v2\/suppliers?post=29379"}],"curies":[{"name":"wp","href":"https:\/\/api.w.org\/{rel}","templated":true}]}}