{"id":29558,"date":"2022-04-27T15:45:20","date_gmt":"2022-04-27T12:45:20","guid":{"rendered":"https:\/\/www.gymnastica.fi\/tuote\/euro-gymnastic-equipment-mjukt-landningsfalt\/"},"modified":"2022-04-27T15:45:20","modified_gmt":"2022-04-27T12:45:20","slug":"euro-gymnastic-equipment-mjukt-landningsfalt","status":"publish","type":"product","link":"https:\/\/www.gymnastica.fi\/sv\/tuote\/euro-gymnastic-equipment-mjukt-landningsfalt\/","title":{"rendered":"Euro Gymnastic Equipment mjukt landningsf\u00e4lt"},"content":{"rendered":"<p>Euro Gymnastic Equipment katettu alastulomonttu. Tehokas alastulojen iskunvaimennus. Sis\u00e4lt\u00e4\u00e4 95 cm korkean vaahtomuovirakenteisen pehmusteosan, ymp\u00e4rikiert\u00e4v\u00e4n vaahtomuovirakenteisen reunasuojuksen ja trampoliinirakenteisen pohjaosan. Pehmusteosa koostuu useista erilaisista ja erikovuisista vaahtomuovikerroksista. Ylin vaahtomuovikerros eritt\u00e4in pehmest\u00e4 ja kest\u00e4v\u00e4st\u00e4 hypervaahtomuovista, joka tehokkaasti absorboi laskeutumiset 4-5 m korkeudesta ja samalla mahdollistaa vaivattoman poistumisen montusta. Alastluomontun p\u00e4\u00e4llisen sivu -ja pohjaosa kest\u00e4v\u00e4\u00e4 PVC-p\u00e4\u00e4llystetty\u00e4 polyamidikangasta ja p\u00e4\u00e4llinen eritt\u00e4in joustaa joustokangasta, jossa punainen merkkiviiva helpottamaan alastulojen visualisointia. Trampoliinirakenteisen pohjaosan verkko on kiinnitetty ter\u00e4sjousin n. 30 cm korkeuteen montun pohjasta mitattuna. Syvyys 150 cm.<\/p>\n","protected":false},"excerpt":{"rendered":"<p>Euro Gymnastic Equipment katettu alastulomonttu. Tehokas alastulojen iskunvaimennus. Sis\u00e4lt\u00e4\u00e4 95 cm korkean vaahtomuovirakenteisen pehmusteosan, ymp\u00e4rikiert\u00e4v\u00e4n vaahtomuovirakenteisen reunasuojuksen ja trampoliinirakenteisen pohjaosan. Pehmusteosa koostuu useista erilaisista ja erikovuisista vaahtomuovikerroksista. Ylin vaahtomuovikerros eritt\u00e4in pehmest\u00e4 ja kest\u00e4v\u00e4st\u00e4 hypervaahtomuovista, joka tehokkaasti absorboi laskeutumiset 4-5 m korkeudesta ja samalla mahdollistaa vaivattoman poistumisen montusta. Alastluomontun p\u00e4\u00e4llisen sivu -ja pohjaosa kest\u00e4v\u00e4\u00e4 PVC-p\u00e4\u00e4llystetty\u00e4 polyamidikangasta [&hellip;]<\/p>\n","protected":false},"featured_media":10428,"template":"","meta":{"_acf_changed":false,"_relevanssi_hide_post":"","_relevanssi_hide_content":"","_relevanssi_pin_for_all":"","_relevanssi_pin_keywords":"","_relevanssi_unpin_keywords":"","_relevanssi_related_keywords":"","_relevanssi_related_include_ids":"","_relevanssi_related_exclude_ids":"","_relevanssi_related_no_append":"","_relevanssi_related_not_related":"","_relevanssi_related_posts":"","_relevanssi_noindex_reason":""},"product_brand":[],"product_cat":[1654,2375,1933,1918,2380],"product_tag":[2376,2381],"manufacturers":[],"suppliers":[],"class_list":{"0":"post-29558","1":"product","2":"type-product","3":"status-publish","4":"has-post-thumbnail","6":"product_cat-marken","7":"product_cat-euro-gymnastic-equipment-sv","8":"product_cat-sporthallprodukter-2","9":"product_cat-redskapsgymnastik","10":"product_cat-landningsgropar","11":"product_tag-euro-gymnastic-equipment-sv","12":"product_tag-landningsgrop","14":"first","15":"onbackorder","16":"taxable","17":"shipping-taxable","18":"product-type-simple"},"acf":[],"yoast_head":"<!-- This site is optimized with the Yoast SEO plugin v26.8 - https:\/\/yoast.com\/product\/yoast-seo-wordpress\/ -->\n<title>Euro Gymnastic Equipment mjukt landningsf\u00e4lt &#8212; Gymnastica<\/title>\n<meta name=\"robots\" content=\"index, follow, max-snippet:-1, max-image-preview:large, max-video-preview:-1\" \/>\n<link rel=\"canonical\" href=\"https:\/\/www.gymnastica.fi\/en\/tuote\/euro-gymnastic-equipment-decked-landing-pit\/\" \/>\n<meta property=\"og:locale\" content=\"sv_SE\" \/>\n<meta property=\"og:type\" content=\"article\" \/>\n<meta property=\"og:title\" content=\"Euro Gymnastic Equipment mjukt landningsf\u00e4lt &#8212; Gymnastica\" \/>\n<meta property=\"og:description\" content=\"Euro Gymnastic Equipment katettu alastulomonttu. Tehokas alastulojen iskunvaimennus. Sis\u00e4lt\u00e4\u00e4 95 cm korkean vaahtomuovirakenteisen pehmusteosan, ymp\u00e4rikiert\u00e4v\u00e4n vaahtomuovirakenteisen reunasuojuksen ja trampoliinirakenteisen pohjaosan. Pehmusteosa koostuu useista erilaisista ja erikovuisista vaahtomuovikerroksista. Ylin vaahtomuovikerros eritt\u00e4in pehmest\u00e4 ja kest\u00e4v\u00e4st\u00e4 hypervaahtomuovista, joka tehokkaasti absorboi laskeutumiset 4-5 m korkeudesta ja samalla mahdollistaa vaivattoman poistumisen montusta. Alastluomontun p\u00e4\u00e4llisen sivu -ja pohjaosa kest\u00e4v\u00e4\u00e4 PVC-p\u00e4\u00e4llystetty\u00e4 polyamidikangasta [&hellip;]\" \/>\n<meta property=\"og:url\" content=\"https:\/\/www.gymnastica.fi\/en\/tuote\/euro-gymnastic-equipment-decked-landing-pit\/\" \/>\n<meta property=\"og:site_name\" content=\"Gymnastica\" \/>\n<meta name=\"twitter:card\" content=\"summary_large_image\" \/>\n<script type=\"application\/ld+json\" class=\"yoast-schema-graph\">{\"@context\":\"https:\/\/schema.org\",\"@graph\":[{\"@type\":\"WebPage\",\"@id\":\"https:\/\/www.gymnastica.fi\/en\/tuote\/euro-gymnastic-equipment-decked-landing-pit\/\",\"url\":\"https:\/\/www.gymnastica.fi\/en\/tuote\/euro-gymnastic-equipment-decked-landing-pit\/\",\"name\":\"Euro Gymnastic Equipment mjukt landningsf\u00e4lt &#8212; Gymnastica\",\"isPartOf\":{\"@id\":\"https:\/\/www.gymnastica.fi\/#website\"},\"primaryImageOfPage\":{\"@id\":\"https:\/\/www.gymnastica.fi\/en\/tuote\/euro-gymnastic-equipment-decked-landing-pit\/#primaryimage\"},\"image\":{\"@id\":\"https:\/\/www.gymnastica.fi\/en\/tuote\/euro-gymnastic-equipment-decked-landing-pit\/#primaryimage\"},\"thumbnailUrl\":\"https:\/\/www.gymnastica.fi\/app\/uploads\/2022\/04\/EG-006000.jpg\",\"datePublished\":\"2022-04-27T12:45:20+00:00\",\"breadcrumb\":{\"@id\":\"https:\/\/www.gymnastica.fi\/en\/tuote\/euro-gymnastic-equipment-decked-landing-pit\/#breadcrumb\"},\"inLanguage\":\"sv-SE\",\"potentialAction\":[{\"@type\":\"ReadAction\",\"target\":[\"https:\/\/www.gymnastica.fi\/en\/tuote\/euro-gymnastic-equipment-decked-landing-pit\/\"]}]},{\"@type\":\"ImageObject\",\"inLanguage\":\"sv-SE\",\"@id\":\"https:\/\/www.gymnastica.fi\/en\/tuote\/euro-gymnastic-equipment-decked-landing-pit\/#primaryimage\",\"url\":\"https:\/\/www.gymnastica.fi\/app\/uploads\/2022\/04\/EG-006000.jpg\",\"contentUrl\":\"https:\/\/www.gymnastica.fi\/app\/uploads\/2022\/04\/EG-006000.jpg\",\"width\":500,\"height\":254},{\"@type\":\"BreadcrumbList\",\"@id\":\"https:\/\/www.gymnastica.fi\/en\/tuote\/euro-gymnastic-equipment-decked-landing-pit\/#breadcrumb\",\"itemListElement\":[{\"@type\":\"ListItem\",\"position\":1,\"name\":\"Home\",\"item\":\"https:\/\/www.gymnastica.fi\/sv\/\"},{\"@type\":\"ListItem\",\"position\":2,\"name\":\"Butik\",\"item\":\"https:\/\/www.gymnastica.fi\/sv\/butik\/\"},{\"@type\":\"ListItem\",\"position\":3,\"name\":\"Euro Gymnastic Equipment mjukt landningsf\u00e4lt\"}]},{\"@type\":\"WebSite\",\"@id\":\"https:\/\/www.gymnastica.fi\/#website\",\"url\":\"https:\/\/www.gymnastica.fi\/\",\"name\":\"Gymnastica\",\"description\":\"Liikunta- ja urheilutilasuunnittelun ja v\u00e4lineiden asiantuntija\",\"publisher\":{\"@id\":\"https:\/\/www.gymnastica.fi\/#organization\"},\"potentialAction\":[{\"@type\":\"SearchAction\",\"target\":{\"@type\":\"EntryPoint\",\"urlTemplate\":\"https:\/\/www.gymnastica.fi\/?s={search_term_string}\"},\"query-input\":{\"@type\":\"PropertyValueSpecification\",\"valueRequired\":true,\"valueName\":\"search_term_string\"}}],\"inLanguage\":\"sv-SE\"},{\"@type\":\"Organization\",\"@id\":\"https:\/\/www.gymnastica.fi\/#organization\",\"name\":\"Gymnastica\",\"url\":\"https:\/\/www.gymnastica.fi\/\",\"logo\":{\"@type\":\"ImageObject\",\"inLanguage\":\"sv-SE\",\"@id\":\"https:\/\/www.gymnastica.fi\/#\/schema\/logo\/image\/\",\"url\":\"https:\/\/www.gymnastica.fi\/app\/uploads\/2021\/04\/logo.svg\",\"contentUrl\":\"https:\/\/www.gymnastica.fi\/app\/uploads\/2021\/04\/logo.svg\",\"width\":246,\"height\":59,\"caption\":\"Gymnastica\"},\"image\":{\"@id\":\"https:\/\/www.gymnastica.fi\/#\/schema\/logo\/image\/\"}}]}<\/script>\n<!-- \/ Yoast SEO plugin. -->","yoast_head_json":{"title":"Euro Gymnastic Equipment mjukt landningsf\u00e4lt &#8212; Gymnastica","robots":{"index":"index","follow":"follow","max-snippet":"max-snippet:-1","max-image-preview":"max-image-preview:large","max-video-preview":"max-video-preview:-1"},"canonical":"https:\/\/www.gymnastica.fi\/en\/tuote\/euro-gymnastic-equipment-decked-landing-pit\/","og_locale":"sv_SE","og_type":"article","og_title":"Euro Gymnastic Equipment mjukt landningsf\u00e4lt &#8212; Gymnastica","og_description":"Euro Gymnastic Equipment katettu alastulomonttu. Tehokas alastulojen iskunvaimennus. Sis\u00e4lt\u00e4\u00e4 95 cm korkean vaahtomuovirakenteisen pehmusteosan, ymp\u00e4rikiert\u00e4v\u00e4n vaahtomuovirakenteisen reunasuojuksen ja trampoliinirakenteisen pohjaosan. Pehmusteosa koostuu useista erilaisista ja erikovuisista vaahtomuovikerroksista. Ylin vaahtomuovikerros eritt\u00e4in pehmest\u00e4 ja kest\u00e4v\u00e4st\u00e4 hypervaahtomuovista, joka tehokkaasti absorboi laskeutumiset 4-5 m korkeudesta ja samalla mahdollistaa vaivattoman poistumisen montusta. Alastluomontun p\u00e4\u00e4llisen sivu -ja pohjaosa kest\u00e4v\u00e4\u00e4 PVC-p\u00e4\u00e4llystetty\u00e4 polyamidikangasta [&hellip;]","og_url":"https:\/\/www.gymnastica.fi\/en\/tuote\/euro-gymnastic-equipment-decked-landing-pit\/","og_site_name":"Gymnastica","twitter_card":"summary_large_image","schema":{"@context":"https:\/\/schema.org","@graph":[{"@type":"WebPage","@id":"https:\/\/www.gymnastica.fi\/en\/tuote\/euro-gymnastic-equipment-decked-landing-pit\/","url":"https:\/\/www.gymnastica.fi\/en\/tuote\/euro-gymnastic-equipment-decked-landing-pit\/","name":"Euro Gymnastic Equipment mjukt landningsf\u00e4lt &#8212; Gymnastica","isPartOf":{"@id":"https:\/\/www.gymnastica.fi\/#website"},"primaryImageOfPage":{"@id":"https:\/\/www.gymnastica.fi\/en\/tuote\/euro-gymnastic-equipment-decked-landing-pit\/#primaryimage"},"image":{"@id":"https:\/\/www.gymnastica.fi\/en\/tuote\/euro-gymnastic-equipment-decked-landing-pit\/#primaryimage"},"thumbnailUrl":"https:\/\/www.gymnastica.fi\/app\/uploads\/2022\/04\/EG-006000.jpg","datePublished":"2022-04-27T12:45:20+00:00","breadcrumb":{"@id":"https:\/\/www.gymnastica.fi\/en\/tuote\/euro-gymnastic-equipment-decked-landing-pit\/#breadcrumb"},"inLanguage":"sv-SE","potentialAction":[{"@type":"ReadAction","target":["https:\/\/www.gymnastica.fi\/en\/tuote\/euro-gymnastic-equipment-decked-landing-pit\/"]}]},{"@type":"ImageObject","inLanguage":"sv-SE","@id":"https:\/\/www.gymnastica.fi\/en\/tuote\/euro-gymnastic-equipment-decked-landing-pit\/#primaryimage","url":"https:\/\/www.gymnastica.fi\/app\/uploads\/2022\/04\/EG-006000.jpg","contentUrl":"https:\/\/www.gymnastica.fi\/app\/uploads\/2022\/04\/EG-006000.jpg","width":500,"height":254},{"@type":"BreadcrumbList","@id":"https:\/\/www.gymnastica.fi\/en\/tuote\/euro-gymnastic-equipment-decked-landing-pit\/#breadcrumb","itemListElement":[{"@type":"ListItem","position":1,"name":"Home","item":"https:\/\/www.gymnastica.fi\/sv\/"},{"@type":"ListItem","position":2,"name":"Butik","item":"https:\/\/www.gymnastica.fi\/sv\/butik\/"},{"@type":"ListItem","position":3,"name":"Euro Gymnastic Equipment mjukt landningsf\u00e4lt"}]},{"@type":"WebSite","@id":"https:\/\/www.gymnastica.fi\/#website","url":"https:\/\/www.gymnastica.fi\/","name":"Gymnastica","description":"Liikunta- ja urheilutilasuunnittelun ja v\u00e4lineiden asiantuntija","publisher":{"@id":"https:\/\/www.gymnastica.fi\/#organization"},"potentialAction":[{"@type":"SearchAction","target":{"@type":"EntryPoint","urlTemplate":"https:\/\/www.gymnastica.fi\/?s={search_term_string}"},"query-input":{"@type":"PropertyValueSpecification","valueRequired":true,"valueName":"search_term_string"}}],"inLanguage":"sv-SE"},{"@type":"Organization","@id":"https:\/\/www.gymnastica.fi\/#organization","name":"Gymnastica","url":"https:\/\/www.gymnastica.fi\/","logo":{"@type":"ImageObject","inLanguage":"sv-SE","@id":"https:\/\/www.gymnastica.fi\/#\/schema\/logo\/image\/","url":"https:\/\/www.gymnastica.fi\/app\/uploads\/2021\/04\/logo.svg","contentUrl":"https:\/\/www.gymnastica.fi\/app\/uploads\/2021\/04\/logo.svg","width":246,"height":59,"caption":"Gymnastica"},"image":{"@id":"https:\/\/www.gymnastica.fi\/#\/schema\/logo\/image\/"}}]}},"_links":{"self":[{"href":"https:\/\/www.gymnastica.fi\/sv\/wp-json\/wp\/v2\/product\/29558","targetHints":{"allow":["GET"]}}],"collection":[{"href":"https:\/\/www.gymnastica.fi\/sv\/wp-json\/wp\/v2\/product"}],"about":[{"href":"https:\/\/www.gymnastica.fi\/sv\/wp-json\/wp\/v2\/types\/product"}],"wp:featuredmedia":[{"embeddable":true,"href":"https:\/\/www.gymnastica.fi\/sv\/wp-json\/wp\/v2\/media\/10428"}],"wp:attachment":[{"href":"https:\/\/www.gymnastica.fi\/sv\/wp-json\/wp\/v2\/media?parent=29558"}],"wp:term":[{"taxonomy":"product_brand","embeddable":true,"href":"https:\/\/www.gymnastica.fi\/sv\/wp-json\/wp\/v2\/product_brand?post=29558"},{"taxonomy":"product_cat","embeddable":true,"href":"https:\/\/www.gymnastica.fi\/sv\/wp-json\/wp\/v2\/product_cat?post=29558"},{"taxonomy":"product_tag","embeddable":true,"href":"https:\/\/www.gymnastica.fi\/sv\/wp-json\/wp\/v2\/product_tag?post=29558"},{"taxonomy":"manufacturers","embeddable":true,"href":"https:\/\/www.gymnastica.fi\/sv\/wp-json\/wp\/v2\/manufacturers?post=29558"},{"taxonomy":"suppliers","embeddable":true,"href":"https:\/\/www.gymnastica.fi\/sv\/wp-json\/wp\/v2\/suppliers?post=29558"}],"curies":[{"name":"wp","href":"https:\/\/api.w.org\/{rel}","templated":true}]}}