{"id":29590,"date":"2022-04-27T15:44:41","date_gmt":"2022-04-27T12:44:41","guid":{"rendered":"https:\/\/www.gymnastica.fi\/tuote\/ojump-landningsmatta-400-x-200-x-40-cm\/"},"modified":"2022-04-27T15:44:41","modified_gmt":"2022-04-27T12:44:41","slug":"ojump-landningsmatta-400-x-200-x-40-cm","status":"publish","type":"product","link":"https:\/\/www.gymnastica.fi\/sv\/tuote\/ojump-landningsmatta-400-x-200-x-40-cm\/","title":{"rendered":"O\u2019jump landningsmatta 400 x 200 x 40 cm"},"content":{"rendered":"<p>O\u2019Jump landningsmatta 400 x 200 x 40 cm (LxBxH).\u00a0Speciellt utformat f\u00f6r idrott och idrott. Ger en j\u00e4mn landningsyta och erbjuder optimal komfort. Det \u00e4r enkelt att transportera och lagra tack vare b\u00e4rhandtagen. Tillverkad av polyuretanskum med ftalatfritt, 1000 denier PVC-skydd med klass M2 brandklassificering. Skumdensitet 17 kg\/m3. Utrustad med fyra b\u00e4rhandtag och en halkskydd. Finns i gr\u00e5, r\u00f6d, gul, gr\u00f6n, tv\u00e5f\u00e4rgad bl\u00e5, violett och svart f\u00e4rg. F\u00e4rg skall anges vid best\u00e4llning.\u00a0Vikt 69 kg.<\/p>\n<p>Produktkonden f\u00f6r \u00f6verdraget OJ-423.<\/p>\n","protected":false},"excerpt":{"rendered":"<p>O\u2019Jump landningsmatta 400 x 200 x 40 cm (LxBxH).\u00a0Speciellt utformat f\u00f6r idrott och idrott. Ger en j\u00e4mn landningsyta och erbjuder optimal komfort. Det \u00e4r enkelt att transportera och lagra tack vare b\u00e4rhandtagen. Tillverkad av polyuretanskum med ftalatfritt, 1000 denier PVC-skydd med klass M2 brandklassificering. Skumdensitet 17 kg\/m3. Utrustad med fyra b\u00e4rhandtag och en halkskydd. Finns [&hellip;]<\/p>\n","protected":false},"featured_media":10378,"template":"","meta":{"_acf_changed":false,"_relevanssi_hide_post":"","_relevanssi_hide_content":"","_relevanssi_pin_for_all":"","_relevanssi_pin_keywords":"","_relevanssi_unpin_keywords":"","_relevanssi_related_keywords":"","_relevanssi_related_include_ids":"","_relevanssi_related_exclude_ids":"","_relevanssi_related_no_append":"","_relevanssi_related_not_related":"","_relevanssi_related_posts":"","_relevanssi_noindex_reason":""},"product_brand":[],"product_cat":[1654,2397,1933,1918,2406,2407,2408],"product_tag":[2409,2400],"manufacturers":[],"suppliers":[],"class_list":{"0":"post-29590","1":"product","2":"type-product","3":"status-publish","4":"has-post-thumbnail","6":"product_cat-marken","7":"product_cat-ojump-sv","8":"product_cat-sporthallprodukter-2","9":"product_cat-redskapsgymnastik","10":"product_cat-mattor-och-skydd-sv-2","11":"product_cat-skolgymnastiksalar","12":"product_cat-mattor-och-skydd-sv-3","13":"product_tag-landningsmatta","14":"product_tag-ojump-sv","16":"first","17":"onbackorder","18":"taxable","19":"shipping-taxable","20":"product-type-simple"},"acf":[],"yoast_head":"<!-- This site is optimized with the Yoast SEO plugin v26.8 - https:\/\/yoast.com\/product\/yoast-seo-wordpress\/ -->\n<title>O\u2019jump landningsmatta 400 x 200 x 40 cm &#8212; Gymnastica<\/title>\n<meta name=\"robots\" content=\"index, follow, max-snippet:-1, max-image-preview:large, max-video-preview:-1\" \/>\n<link rel=\"canonical\" href=\"https:\/\/www.gymnastica.fi\/en\/tuote\/ojump-landing-area-400-x-200-x-40-cm\/\" \/>\n<meta property=\"og:locale\" content=\"sv_SE\" \/>\n<meta property=\"og:type\" content=\"article\" \/>\n<meta property=\"og:title\" content=\"O\u2019jump landningsmatta 400 x 200 x 40 cm &#8212; Gymnastica\" \/>\n<meta property=\"og:description\" content=\"O\u2019Jump landningsmatta 400 x 200 x 40 cm (LxBxH).\u00a0Speciellt utformat f\u00f6r idrott och idrott. Ger en j\u00e4mn landningsyta och erbjuder optimal komfort. Det \u00e4r enkelt att transportera och lagra tack vare b\u00e4rhandtagen. Tillverkad av polyuretanskum med ftalatfritt, 1000 denier PVC-skydd med klass M2 brandklassificering. Skumdensitet 17 kg\/m3. Utrustad med fyra b\u00e4rhandtag och en halkskydd. Finns [&hellip;]\" \/>\n<meta property=\"og:url\" content=\"https:\/\/www.gymnastica.fi\/en\/tuote\/ojump-landing-area-400-x-200-x-40-cm\/\" \/>\n<meta property=\"og:site_name\" content=\"Gymnastica\" \/>\n<meta name=\"twitter:card\" content=\"summary_large_image\" \/>\n<script type=\"application\/ld+json\" class=\"yoast-schema-graph\">{\"@context\":\"https:\/\/schema.org\",\"@graph\":[{\"@type\":\"WebPage\",\"@id\":\"https:\/\/www.gymnastica.fi\/en\/tuote\/ojump-landing-area-400-x-200-x-40-cm\/\",\"url\":\"https:\/\/www.gymnastica.fi\/en\/tuote\/ojump-landing-area-400-x-200-x-40-cm\/\",\"name\":\"O\u2019jump landningsmatta 400 x 200 x 40 cm &#8212; Gymnastica\",\"isPartOf\":{\"@id\":\"https:\/\/www.gymnastica.fi\/#website\"},\"primaryImageOfPage\":{\"@id\":\"https:\/\/www.gymnastica.fi\/en\/tuote\/ojump-landing-area-400-x-200-x-40-cm\/#primaryimage\"},\"image\":{\"@id\":\"https:\/\/www.gymnastica.fi\/en\/tuote\/ojump-landing-area-400-x-200-x-40-cm\/#primaryimage\"},\"thumbnailUrl\":\"https:\/\/www.gymnastica.fi\/app\/uploads\/2022\/04\/OJ-413.jpg\",\"datePublished\":\"2022-04-27T12:44:41+00:00\",\"breadcrumb\":{\"@id\":\"https:\/\/www.gymnastica.fi\/en\/tuote\/ojump-landing-area-400-x-200-x-40-cm\/#breadcrumb\"},\"inLanguage\":\"sv-SE\",\"potentialAction\":[{\"@type\":\"ReadAction\",\"target\":[\"https:\/\/www.gymnastica.fi\/en\/tuote\/ojump-landing-area-400-x-200-x-40-cm\/\"]}]},{\"@type\":\"ImageObject\",\"inLanguage\":\"sv-SE\",\"@id\":\"https:\/\/www.gymnastica.fi\/en\/tuote\/ojump-landing-area-400-x-200-x-40-cm\/#primaryimage\",\"url\":\"https:\/\/www.gymnastica.fi\/app\/uploads\/2022\/04\/OJ-413.jpg\",\"contentUrl\":\"https:\/\/www.gymnastica.fi\/app\/uploads\/2022\/04\/OJ-413.jpg\",\"width\":1024,\"height\":1024},{\"@type\":\"BreadcrumbList\",\"@id\":\"https:\/\/www.gymnastica.fi\/en\/tuote\/ojump-landing-area-400-x-200-x-40-cm\/#breadcrumb\",\"itemListElement\":[{\"@type\":\"ListItem\",\"position\":1,\"name\":\"Home\",\"item\":\"https:\/\/www.gymnastica.fi\/sv\/\"},{\"@type\":\"ListItem\",\"position\":2,\"name\":\"Butik\",\"item\":\"https:\/\/www.gymnastica.fi\/sv\/butik\/\"},{\"@type\":\"ListItem\",\"position\":3,\"name\":\"O\u2019jump landningsmatta 400 x 200 x 40 cm\"}]},{\"@type\":\"WebSite\",\"@id\":\"https:\/\/www.gymnastica.fi\/#website\",\"url\":\"https:\/\/www.gymnastica.fi\/\",\"name\":\"Gymnastica\",\"description\":\"Liikunta- ja urheilutilasuunnittelun ja v\u00e4lineiden asiantuntija\",\"publisher\":{\"@id\":\"https:\/\/www.gymnastica.fi\/#organization\"},\"potentialAction\":[{\"@type\":\"SearchAction\",\"target\":{\"@type\":\"EntryPoint\",\"urlTemplate\":\"https:\/\/www.gymnastica.fi\/?s={search_term_string}\"},\"query-input\":{\"@type\":\"PropertyValueSpecification\",\"valueRequired\":true,\"valueName\":\"search_term_string\"}}],\"inLanguage\":\"sv-SE\"},{\"@type\":\"Organization\",\"@id\":\"https:\/\/www.gymnastica.fi\/#organization\",\"name\":\"Gymnastica\",\"url\":\"https:\/\/www.gymnastica.fi\/\",\"logo\":{\"@type\":\"ImageObject\",\"inLanguage\":\"sv-SE\",\"@id\":\"https:\/\/www.gymnastica.fi\/#\/schema\/logo\/image\/\",\"url\":\"https:\/\/www.gymnastica.fi\/app\/uploads\/2021\/04\/logo.svg\",\"contentUrl\":\"https:\/\/www.gymnastica.fi\/app\/uploads\/2021\/04\/logo.svg\",\"width\":246,\"height\":59,\"caption\":\"Gymnastica\"},\"image\":{\"@id\":\"https:\/\/www.gymnastica.fi\/#\/schema\/logo\/image\/\"}}]}<\/script>\n<!-- \/ Yoast SEO plugin. -->","yoast_head_json":{"title":"O\u2019jump landningsmatta 400 x 200 x 40 cm &#8212; Gymnastica","robots":{"index":"index","follow":"follow","max-snippet":"max-snippet:-1","max-image-preview":"max-image-preview:large","max-video-preview":"max-video-preview:-1"},"canonical":"https:\/\/www.gymnastica.fi\/en\/tuote\/ojump-landing-area-400-x-200-x-40-cm\/","og_locale":"sv_SE","og_type":"article","og_title":"O\u2019jump landningsmatta 400 x 200 x 40 cm &#8212; Gymnastica","og_description":"O\u2019Jump landningsmatta 400 x 200 x 40 cm (LxBxH).\u00a0Speciellt utformat f\u00f6r idrott och idrott. Ger en j\u00e4mn landningsyta och erbjuder optimal komfort. Det \u00e4r enkelt att transportera och lagra tack vare b\u00e4rhandtagen. Tillverkad av polyuretanskum med ftalatfritt, 1000 denier PVC-skydd med klass M2 brandklassificering. Skumdensitet 17 kg\/m3. Utrustad med fyra b\u00e4rhandtag och en halkskydd. Finns [&hellip;]","og_url":"https:\/\/www.gymnastica.fi\/en\/tuote\/ojump-landing-area-400-x-200-x-40-cm\/","og_site_name":"Gymnastica","twitter_card":"summary_large_image","schema":{"@context":"https:\/\/schema.org","@graph":[{"@type":"WebPage","@id":"https:\/\/www.gymnastica.fi\/en\/tuote\/ojump-landing-area-400-x-200-x-40-cm\/","url":"https:\/\/www.gymnastica.fi\/en\/tuote\/ojump-landing-area-400-x-200-x-40-cm\/","name":"O\u2019jump landningsmatta 400 x 200 x 40 cm &#8212; Gymnastica","isPartOf":{"@id":"https:\/\/www.gymnastica.fi\/#website"},"primaryImageOfPage":{"@id":"https:\/\/www.gymnastica.fi\/en\/tuote\/ojump-landing-area-400-x-200-x-40-cm\/#primaryimage"},"image":{"@id":"https:\/\/www.gymnastica.fi\/en\/tuote\/ojump-landing-area-400-x-200-x-40-cm\/#primaryimage"},"thumbnailUrl":"https:\/\/www.gymnastica.fi\/app\/uploads\/2022\/04\/OJ-413.jpg","datePublished":"2022-04-27T12:44:41+00:00","breadcrumb":{"@id":"https:\/\/www.gymnastica.fi\/en\/tuote\/ojump-landing-area-400-x-200-x-40-cm\/#breadcrumb"},"inLanguage":"sv-SE","potentialAction":[{"@type":"ReadAction","target":["https:\/\/www.gymnastica.fi\/en\/tuote\/ojump-landing-area-400-x-200-x-40-cm\/"]}]},{"@type":"ImageObject","inLanguage":"sv-SE","@id":"https:\/\/www.gymnastica.fi\/en\/tuote\/ojump-landing-area-400-x-200-x-40-cm\/#primaryimage","url":"https:\/\/www.gymnastica.fi\/app\/uploads\/2022\/04\/OJ-413.jpg","contentUrl":"https:\/\/www.gymnastica.fi\/app\/uploads\/2022\/04\/OJ-413.jpg","width":1024,"height":1024},{"@type":"BreadcrumbList","@id":"https:\/\/www.gymnastica.fi\/en\/tuote\/ojump-landing-area-400-x-200-x-40-cm\/#breadcrumb","itemListElement":[{"@type":"ListItem","position":1,"name":"Home","item":"https:\/\/www.gymnastica.fi\/sv\/"},{"@type":"ListItem","position":2,"name":"Butik","item":"https:\/\/www.gymnastica.fi\/sv\/butik\/"},{"@type":"ListItem","position":3,"name":"O\u2019jump landningsmatta 400 x 200 x 40 cm"}]},{"@type":"WebSite","@id":"https:\/\/www.gymnastica.fi\/#website","url":"https:\/\/www.gymnastica.fi\/","name":"Gymnastica","description":"Liikunta- ja urheilutilasuunnittelun ja v\u00e4lineiden asiantuntija","publisher":{"@id":"https:\/\/www.gymnastica.fi\/#organization"},"potentialAction":[{"@type":"SearchAction","target":{"@type":"EntryPoint","urlTemplate":"https:\/\/www.gymnastica.fi\/?s={search_term_string}"},"query-input":{"@type":"PropertyValueSpecification","valueRequired":true,"valueName":"search_term_string"}}],"inLanguage":"sv-SE"},{"@type":"Organization","@id":"https:\/\/www.gymnastica.fi\/#organization","name":"Gymnastica","url":"https:\/\/www.gymnastica.fi\/","logo":{"@type":"ImageObject","inLanguage":"sv-SE","@id":"https:\/\/www.gymnastica.fi\/#\/schema\/logo\/image\/","url":"https:\/\/www.gymnastica.fi\/app\/uploads\/2021\/04\/logo.svg","contentUrl":"https:\/\/www.gymnastica.fi\/app\/uploads\/2021\/04\/logo.svg","width":246,"height":59,"caption":"Gymnastica"},"image":{"@id":"https:\/\/www.gymnastica.fi\/#\/schema\/logo\/image\/"}}]}},"_links":{"self":[{"href":"https:\/\/www.gymnastica.fi\/sv\/wp-json\/wp\/v2\/product\/29590","targetHints":{"allow":["GET"]}}],"collection":[{"href":"https:\/\/www.gymnastica.fi\/sv\/wp-json\/wp\/v2\/product"}],"about":[{"href":"https:\/\/www.gymnastica.fi\/sv\/wp-json\/wp\/v2\/types\/product"}],"wp:featuredmedia":[{"embeddable":true,"href":"https:\/\/www.gymnastica.fi\/sv\/wp-json\/wp\/v2\/media\/10378"}],"wp:attachment":[{"href":"https:\/\/www.gymnastica.fi\/sv\/wp-json\/wp\/v2\/media?parent=29590"}],"wp:term":[{"taxonomy":"product_brand","embeddable":true,"href":"https:\/\/www.gymnastica.fi\/sv\/wp-json\/wp\/v2\/product_brand?post=29590"},{"taxonomy":"product_cat","embeddable":true,"href":"https:\/\/www.gymnastica.fi\/sv\/wp-json\/wp\/v2\/product_cat?post=29590"},{"taxonomy":"product_tag","embeddable":true,"href":"https:\/\/www.gymnastica.fi\/sv\/wp-json\/wp\/v2\/product_tag?post=29590"},{"taxonomy":"manufacturers","embeddable":true,"href":"https:\/\/www.gymnastica.fi\/sv\/wp-json\/wp\/v2\/manufacturers?post=29590"},{"taxonomy":"suppliers","embeddable":true,"href":"https:\/\/www.gymnastica.fi\/sv\/wp-json\/wp\/v2\/suppliers?post=29590"}],"curies":[{"name":"wp","href":"https:\/\/api.w.org\/{rel}","templated":true}]}}