{"id":29612,"date":"2022-04-27T15:43:52","date_gmt":"2022-04-27T12:43:52","guid":{"rendered":"https:\/\/www.gymnastica.fi\/tuote\/ojump-sats-av-5-st-gymnastikmattor-200-x-100-x-6-cm\/"},"modified":"2022-04-27T15:43:52","modified_gmt":"2022-04-27T12:43:52","slug":"ojump-sats-av-5-st-gymnastikmattor-200-x-100-x-6-cm","status":"publish","type":"product","link":"https:\/\/www.gymnastica.fi\/sv\/tuote\/ojump-sats-av-5-st-gymnastikmattor-200-x-100-x-6-cm\/","title":{"rendered":"O\u2019Jump sats av 5 st gymnastikmattor 200 x 100 x 6 cm"},"content":{"rendered":"<p>O\u2019Jump\u00a0sats av 5 st gymnastikmattor 200 x 100 x 6,0 cm (LxBxH). Kardborreflik p\u00e5 bredden och l\u00e4ngden f\u00f6r att f\u00e4sta mattan ihop med andra mattor. Halkskydd. Polyetylenskum. Ftalatfrit \u00f6verdrag. F\u00e4rgalternativ gr\u00e5, r\u00f6d, gul, gr\u00f6n, ljusbl\u00e5, m\u00f6rkbl\u00e5, svart, lila. Ange f\u00e4rg vid best\u00e4llning. OJ-127 inneh\u00e5ller 5 st OJ-126 mattor. Vikt 6 kg per matta.<\/p>\n","protected":false},"excerpt":{"rendered":"<p>O\u2019Jump\u00a0sats av 5 st gymnastikmattor 200 x 100 x 6,0 cm (LxBxH). Kardborreflik p\u00e5 bredden och l\u00e4ngden f\u00f6r att f\u00e4sta mattan ihop med andra mattor. Halkskydd. Polyetylenskum. Ftalatfrit \u00f6verdrag. F\u00e4rgalternativ gr\u00e5, r\u00f6d, gul, gr\u00f6n, ljusbl\u00e5, m\u00f6rkbl\u00e5, svart, lila. Ange f\u00e4rg vid best\u00e4llning. OJ-127 inneh\u00e5ller 5 st OJ-126 mattor. Vikt 6 kg per matta.<\/p>\n","protected":false},"featured_media":10317,"template":"","meta":{"_acf_changed":false,"_relevanssi_hide_post":"","_relevanssi_hide_content":"","_relevanssi_pin_for_all":"","_relevanssi_pin_keywords":"","_relevanssi_unpin_keywords":"","_relevanssi_related_keywords":"","_relevanssi_related_include_ids":"","_relevanssi_related_exclude_ids":"","_relevanssi_related_no_append":"","_relevanssi_related_not_related":"","_relevanssi_related_posts":"","_relevanssi_noindex_reason":""},"product_brand":[],"product_cat":[1654,2397,1933,1934,1918,2406,2407,2408],"product_tag":[2400,2437],"manufacturers":[],"suppliers":[],"class_list":{"0":"post-29612","1":"product","2":"type-product","3":"status-publish","4":"has-post-thumbnail","6":"product_cat-marken","7":"product_cat-ojump-sv","8":"product_cat-sporthallprodukter-2","9":"product_cat-mattor-och-skydd","10":"product_cat-redskapsgymnastik","11":"product_cat-mattor-och-skydd-sv-2","12":"product_cat-skolgymnastiksalar","13":"product_cat-mattor-och-skydd-sv-3","14":"product_tag-ojump-sv","15":"product_tag-sats-av-mattor","17":"first","18":"onbackorder","19":"taxable","20":"shipping-taxable","21":"product-type-simple"},"acf":[],"yoast_head":"<!-- This site is optimized with the Yoast SEO plugin v26.8 - https:\/\/yoast.com\/product\/yoast-seo-wordpress\/ -->\n<title>O\u2019Jump sats av 5 st gymnastikmattor 200 x 100 x 6 cm &#8212; Gymnastica<\/title>\n<meta name=\"robots\" content=\"index, follow, max-snippet:-1, max-image-preview:large, max-video-preview:-1\" \/>\n<link rel=\"canonical\" href=\"https:\/\/www.gymnastica.fi\/en\/tuote\/ojump-set-of-5-pcs-gymnastic-mats-200-x-100-x-6-cm\/\" \/>\n<meta property=\"og:locale\" content=\"sv_SE\" \/>\n<meta property=\"og:type\" content=\"article\" \/>\n<meta property=\"og:title\" content=\"O\u2019Jump sats av 5 st gymnastikmattor 200 x 100 x 6 cm &#8212; Gymnastica\" \/>\n<meta property=\"og:description\" content=\"O\u2019Jump\u00a0sats av 5 st gymnastikmattor 200 x 100 x 6,0 cm (LxBxH). Kardborreflik p\u00e5 bredden och l\u00e4ngden f\u00f6r att f\u00e4sta mattan ihop med andra mattor. Halkskydd. Polyetylenskum. Ftalatfrit \u00f6verdrag. F\u00e4rgalternativ gr\u00e5, r\u00f6d, gul, gr\u00f6n, ljusbl\u00e5, m\u00f6rkbl\u00e5, svart, lila. Ange f\u00e4rg vid best\u00e4llning. OJ-127 inneh\u00e5ller 5 st OJ-126 mattor. Vikt 6 kg per matta.\" \/>\n<meta property=\"og:url\" content=\"https:\/\/www.gymnastica.fi\/en\/tuote\/ojump-set-of-5-pcs-gymnastic-mats-200-x-100-x-6-cm\/\" \/>\n<meta property=\"og:site_name\" content=\"Gymnastica\" \/>\n<meta name=\"twitter:card\" content=\"summary_large_image\" \/>\n<script type=\"application\/ld+json\" class=\"yoast-schema-graph\">{\"@context\":\"https:\/\/schema.org\",\"@graph\":[{\"@type\":\"WebPage\",\"@id\":\"https:\/\/www.gymnastica.fi\/en\/tuote\/ojump-set-of-5-pcs-gymnastic-mats-200-x-100-x-6-cm\/\",\"url\":\"https:\/\/www.gymnastica.fi\/en\/tuote\/ojump-set-of-5-pcs-gymnastic-mats-200-x-100-x-6-cm\/\",\"name\":\"O\u2019Jump sats av 5 st gymnastikmattor 200 x 100 x 6 cm &#8212; Gymnastica\",\"isPartOf\":{\"@id\":\"https:\/\/www.gymnastica.fi\/#website\"},\"primaryImageOfPage\":{\"@id\":\"https:\/\/www.gymnastica.fi\/en\/tuote\/ojump-set-of-5-pcs-gymnastic-mats-200-x-100-x-6-cm\/#primaryimage\"},\"image\":{\"@id\":\"https:\/\/www.gymnastica.fi\/en\/tuote\/ojump-set-of-5-pcs-gymnastic-mats-200-x-100-x-6-cm\/#primaryimage\"},\"thumbnailUrl\":\"https:\/\/www.gymnastica.fi\/app\/uploads\/2022\/04\/OJ-127.jpg\",\"datePublished\":\"2022-04-27T12:43:52+00:00\",\"breadcrumb\":{\"@id\":\"https:\/\/www.gymnastica.fi\/en\/tuote\/ojump-set-of-5-pcs-gymnastic-mats-200-x-100-x-6-cm\/#breadcrumb\"},\"inLanguage\":\"sv-SE\",\"potentialAction\":[{\"@type\":\"ReadAction\",\"target\":[\"https:\/\/www.gymnastica.fi\/en\/tuote\/ojump-set-of-5-pcs-gymnastic-mats-200-x-100-x-6-cm\/\"]}]},{\"@type\":\"ImageObject\",\"inLanguage\":\"sv-SE\",\"@id\":\"https:\/\/www.gymnastica.fi\/en\/tuote\/ojump-set-of-5-pcs-gymnastic-mats-200-x-100-x-6-cm\/#primaryimage\",\"url\":\"https:\/\/www.gymnastica.fi\/app\/uploads\/2022\/04\/OJ-127.jpg\",\"contentUrl\":\"https:\/\/www.gymnastica.fi\/app\/uploads\/2022\/04\/OJ-127.jpg\",\"width\":1024,\"height\":1024},{\"@type\":\"BreadcrumbList\",\"@id\":\"https:\/\/www.gymnastica.fi\/en\/tuote\/ojump-set-of-5-pcs-gymnastic-mats-200-x-100-x-6-cm\/#breadcrumb\",\"itemListElement\":[{\"@type\":\"ListItem\",\"position\":1,\"name\":\"Home\",\"item\":\"https:\/\/www.gymnastica.fi\/sv\/\"},{\"@type\":\"ListItem\",\"position\":2,\"name\":\"Butik\",\"item\":\"https:\/\/www.gymnastica.fi\/sv\/butik\/\"},{\"@type\":\"ListItem\",\"position\":3,\"name\":\"O\u2019Jump sats av 5 st gymnastikmattor 200 x 100 x 6 cm\"}]},{\"@type\":\"WebSite\",\"@id\":\"https:\/\/www.gymnastica.fi\/#website\",\"url\":\"https:\/\/www.gymnastica.fi\/\",\"name\":\"Gymnastica\",\"description\":\"Liikunta- ja urheilutilasuunnittelun ja v\u00e4lineiden asiantuntija\",\"publisher\":{\"@id\":\"https:\/\/www.gymnastica.fi\/#organization\"},\"potentialAction\":[{\"@type\":\"SearchAction\",\"target\":{\"@type\":\"EntryPoint\",\"urlTemplate\":\"https:\/\/www.gymnastica.fi\/?s={search_term_string}\"},\"query-input\":{\"@type\":\"PropertyValueSpecification\",\"valueRequired\":true,\"valueName\":\"search_term_string\"}}],\"inLanguage\":\"sv-SE\"},{\"@type\":\"Organization\",\"@id\":\"https:\/\/www.gymnastica.fi\/#organization\",\"name\":\"Gymnastica\",\"url\":\"https:\/\/www.gymnastica.fi\/\",\"logo\":{\"@type\":\"ImageObject\",\"inLanguage\":\"sv-SE\",\"@id\":\"https:\/\/www.gymnastica.fi\/#\/schema\/logo\/image\/\",\"url\":\"https:\/\/www.gymnastica.fi\/app\/uploads\/2021\/04\/logo.svg\",\"contentUrl\":\"https:\/\/www.gymnastica.fi\/app\/uploads\/2021\/04\/logo.svg\",\"width\":246,\"height\":59,\"caption\":\"Gymnastica\"},\"image\":{\"@id\":\"https:\/\/www.gymnastica.fi\/#\/schema\/logo\/image\/\"}}]}<\/script>\n<!-- \/ Yoast SEO plugin. -->","yoast_head_json":{"title":"O\u2019Jump sats av 5 st gymnastikmattor 200 x 100 x 6 cm &#8212; Gymnastica","robots":{"index":"index","follow":"follow","max-snippet":"max-snippet:-1","max-image-preview":"max-image-preview:large","max-video-preview":"max-video-preview:-1"},"canonical":"https:\/\/www.gymnastica.fi\/en\/tuote\/ojump-set-of-5-pcs-gymnastic-mats-200-x-100-x-6-cm\/","og_locale":"sv_SE","og_type":"article","og_title":"O\u2019Jump sats av 5 st gymnastikmattor 200 x 100 x 6 cm &#8212; Gymnastica","og_description":"O\u2019Jump\u00a0sats av 5 st gymnastikmattor 200 x 100 x 6,0 cm (LxBxH). Kardborreflik p\u00e5 bredden och l\u00e4ngden f\u00f6r att f\u00e4sta mattan ihop med andra mattor. Halkskydd. Polyetylenskum. Ftalatfrit \u00f6verdrag. F\u00e4rgalternativ gr\u00e5, r\u00f6d, gul, gr\u00f6n, ljusbl\u00e5, m\u00f6rkbl\u00e5, svart, lila. Ange f\u00e4rg vid best\u00e4llning. OJ-127 inneh\u00e5ller 5 st OJ-126 mattor. Vikt 6 kg per matta.","og_url":"https:\/\/www.gymnastica.fi\/en\/tuote\/ojump-set-of-5-pcs-gymnastic-mats-200-x-100-x-6-cm\/","og_site_name":"Gymnastica","twitter_card":"summary_large_image","schema":{"@context":"https:\/\/schema.org","@graph":[{"@type":"WebPage","@id":"https:\/\/www.gymnastica.fi\/en\/tuote\/ojump-set-of-5-pcs-gymnastic-mats-200-x-100-x-6-cm\/","url":"https:\/\/www.gymnastica.fi\/en\/tuote\/ojump-set-of-5-pcs-gymnastic-mats-200-x-100-x-6-cm\/","name":"O\u2019Jump sats av 5 st gymnastikmattor 200 x 100 x 6 cm &#8212; Gymnastica","isPartOf":{"@id":"https:\/\/www.gymnastica.fi\/#website"},"primaryImageOfPage":{"@id":"https:\/\/www.gymnastica.fi\/en\/tuote\/ojump-set-of-5-pcs-gymnastic-mats-200-x-100-x-6-cm\/#primaryimage"},"image":{"@id":"https:\/\/www.gymnastica.fi\/en\/tuote\/ojump-set-of-5-pcs-gymnastic-mats-200-x-100-x-6-cm\/#primaryimage"},"thumbnailUrl":"https:\/\/www.gymnastica.fi\/app\/uploads\/2022\/04\/OJ-127.jpg","datePublished":"2022-04-27T12:43:52+00:00","breadcrumb":{"@id":"https:\/\/www.gymnastica.fi\/en\/tuote\/ojump-set-of-5-pcs-gymnastic-mats-200-x-100-x-6-cm\/#breadcrumb"},"inLanguage":"sv-SE","potentialAction":[{"@type":"ReadAction","target":["https:\/\/www.gymnastica.fi\/en\/tuote\/ojump-set-of-5-pcs-gymnastic-mats-200-x-100-x-6-cm\/"]}]},{"@type":"ImageObject","inLanguage":"sv-SE","@id":"https:\/\/www.gymnastica.fi\/en\/tuote\/ojump-set-of-5-pcs-gymnastic-mats-200-x-100-x-6-cm\/#primaryimage","url":"https:\/\/www.gymnastica.fi\/app\/uploads\/2022\/04\/OJ-127.jpg","contentUrl":"https:\/\/www.gymnastica.fi\/app\/uploads\/2022\/04\/OJ-127.jpg","width":1024,"height":1024},{"@type":"BreadcrumbList","@id":"https:\/\/www.gymnastica.fi\/en\/tuote\/ojump-set-of-5-pcs-gymnastic-mats-200-x-100-x-6-cm\/#breadcrumb","itemListElement":[{"@type":"ListItem","position":1,"name":"Home","item":"https:\/\/www.gymnastica.fi\/sv\/"},{"@type":"ListItem","position":2,"name":"Butik","item":"https:\/\/www.gymnastica.fi\/sv\/butik\/"},{"@type":"ListItem","position":3,"name":"O\u2019Jump sats av 5 st gymnastikmattor 200 x 100 x 6 cm"}]},{"@type":"WebSite","@id":"https:\/\/www.gymnastica.fi\/#website","url":"https:\/\/www.gymnastica.fi\/","name":"Gymnastica","description":"Liikunta- ja urheilutilasuunnittelun ja v\u00e4lineiden asiantuntija","publisher":{"@id":"https:\/\/www.gymnastica.fi\/#organization"},"potentialAction":[{"@type":"SearchAction","target":{"@type":"EntryPoint","urlTemplate":"https:\/\/www.gymnastica.fi\/?s={search_term_string}"},"query-input":{"@type":"PropertyValueSpecification","valueRequired":true,"valueName":"search_term_string"}}],"inLanguage":"sv-SE"},{"@type":"Organization","@id":"https:\/\/www.gymnastica.fi\/#organization","name":"Gymnastica","url":"https:\/\/www.gymnastica.fi\/","logo":{"@type":"ImageObject","inLanguage":"sv-SE","@id":"https:\/\/www.gymnastica.fi\/#\/schema\/logo\/image\/","url":"https:\/\/www.gymnastica.fi\/app\/uploads\/2021\/04\/logo.svg","contentUrl":"https:\/\/www.gymnastica.fi\/app\/uploads\/2021\/04\/logo.svg","width":246,"height":59,"caption":"Gymnastica"},"image":{"@id":"https:\/\/www.gymnastica.fi\/#\/schema\/logo\/image\/"}}]}},"_links":{"self":[{"href":"https:\/\/www.gymnastica.fi\/sv\/wp-json\/wp\/v2\/product\/29612","targetHints":{"allow":["GET"]}}],"collection":[{"href":"https:\/\/www.gymnastica.fi\/sv\/wp-json\/wp\/v2\/product"}],"about":[{"href":"https:\/\/www.gymnastica.fi\/sv\/wp-json\/wp\/v2\/types\/product"}],"wp:featuredmedia":[{"embeddable":true,"href":"https:\/\/www.gymnastica.fi\/sv\/wp-json\/wp\/v2\/media\/10317"}],"wp:attachment":[{"href":"https:\/\/www.gymnastica.fi\/sv\/wp-json\/wp\/v2\/media?parent=29612"}],"wp:term":[{"taxonomy":"product_brand","embeddable":true,"href":"https:\/\/www.gymnastica.fi\/sv\/wp-json\/wp\/v2\/product_brand?post=29612"},{"taxonomy":"product_cat","embeddable":true,"href":"https:\/\/www.gymnastica.fi\/sv\/wp-json\/wp\/v2\/product_cat?post=29612"},{"taxonomy":"product_tag","embeddable":true,"href":"https:\/\/www.gymnastica.fi\/sv\/wp-json\/wp\/v2\/product_tag?post=29612"},{"taxonomy":"manufacturers","embeddable":true,"href":"https:\/\/www.gymnastica.fi\/sv\/wp-json\/wp\/v2\/manufacturers?post=29612"},{"taxonomy":"suppliers","embeddable":true,"href":"https:\/\/www.gymnastica.fi\/sv\/wp-json\/wp\/v2\/suppliers?post=29612"}],"curies":[{"name":"wp","href":"https:\/\/api.w.org\/{rel}","templated":true}]}}