{"id":29776,"date":"2022-04-27T15:42:17","date_gmt":"2022-04-27T12:42:17","guid":{"rendered":"https:\/\/www.gymnastica.fi\/tuote\/kgm-forvarings-och-transportvagn-for-4-st-gymnova-rullmattor\/"},"modified":"2022-04-27T15:42:17","modified_gmt":"2022-04-27T12:42:17","slug":"kgm-forvarings-och-transportvagn-for-4-st-gymnova-rullmattor","status":"publish","type":"product","link":"https:\/\/www.gymnastica.fi\/sv\/tuote\/kgm-forvarings-och-transportvagn-for-4-st-gymnova-rullmattor\/","title":{"rendered":"KGM f\u00f6rvarings- och transportvagn f\u00f6r 4 st Gymnova rullmattor"},"content":{"rendered":"<p>KGM f\u00f6rvarings- och transportvagn f\u00f6r 400 cm och 200 cm breda rullmattor. Vagnens l\u00e4ngd 500 cm, djuplek 130 cm och h\u00f6jd 100 cm. Vikt 147 kg. F\u00f6r upprullning, f\u00f6rvaring och transportering av GY-6655 eller GY-6657 artistisk gymnastik GY-6570, GY-6775 eller GY-6777 rullmatta.\u00a0 1 st\u00a0f\u00f6rvarings- och transportvagn rymmer en komplett GY-6655 eller GY-6657.1 st f\u00f6rvarings- och transportvagn rymmer en komplett rullmatta av GY-6570 eller GY-6775 eller GY-6777.<\/p>\n","protected":false},"excerpt":{"rendered":"<p>Tarjouspyynt\u00f6tuote<\/p>\n","protected":false},"featured_media":10169,"template":"","meta":{"_acf_changed":false,"_relevanssi_hide_post":"","_relevanssi_hide_content":"","_relevanssi_pin_for_all":"","_relevanssi_pin_keywords":"","_relevanssi_unpin_keywords":"","_relevanssi_related_keywords":"","_relevanssi_related_include_ids":"","_relevanssi_related_exclude_ids":"","_relevanssi_related_no_append":"","_relevanssi_related_not_related":"","_relevanssi_related_posts":"","_relevanssi_noindex_reason":""},"product_brand":[],"product_cat":[1654,2442,1933,2541,2542,2407,2463],"product_tag":[2465,2444,2467,2464],"manufacturers":[],"suppliers":[],"class_list":{"0":"post-29776","1":"product","2":"type-product","3":"status-publish","4":"has-post-thumbnail","6":"product_cat-marken","7":"product_cat-kgm-sv","8":"product_cat-sporthallprodukter-2","9":"product_cat-rytmisk-och-estetisk-truppgymnastik","10":"product_cat-transport-och-forvaringsvagnar-for-gymnastikmattor","11":"product_cat-skolgymnastiksalar","12":"product_cat-forvaringssystem","13":"product_tag-forvaringsvagn","14":"product_tag-kgm-sv","15":"product_tag-mattvagn","16":"product_tag-transportvagn","18":"first","19":"onbackorder","20":"taxable","21":"shipping-taxable","22":"product-type-simple"},"acf":[],"yoast_head":"<!-- This site is optimized with the Yoast SEO plugin v26.8 - https:\/\/yoast.com\/product\/yoast-seo-wordpress\/ -->\n<title>KGM f\u00f6rvarings- och transportvagn f\u00f6r 4 st Gymnova rullmattor &#8212; Gymnastica<\/title>\n<meta name=\"robots\" content=\"index, follow, max-snippet:-1, max-image-preview:large, max-video-preview:-1\" \/>\n<link rel=\"canonical\" href=\"https:\/\/www.gymnastica.fi\/en\/tuote\/kgm-carpet-reel-trolley-for-400-cm-and-200-cm-wide-floor-carpets\/\" \/>\n<meta property=\"og:locale\" content=\"sv_SE\" \/>\n<meta property=\"og:type\" content=\"article\" \/>\n<meta property=\"og:title\" content=\"KGM f\u00f6rvarings- och transportvagn f\u00f6r 4 st Gymnova rullmattor &#8212; Gymnastica\" \/>\n<meta property=\"og:description\" content=\"Tarjouspyynt\u00f6tuote\" \/>\n<meta property=\"og:url\" content=\"https:\/\/www.gymnastica.fi\/en\/tuote\/kgm-carpet-reel-trolley-for-400-cm-and-200-cm-wide-floor-carpets\/\" \/>\n<meta property=\"og:site_name\" content=\"Gymnastica\" \/>\n<meta name=\"twitter:card\" content=\"summary_large_image\" \/>\n<script type=\"application\/ld+json\" class=\"yoast-schema-graph\">{\"@context\":\"https:\/\/schema.org\",\"@graph\":[{\"@type\":\"WebPage\",\"@id\":\"https:\/\/www.gymnastica.fi\/en\/tuote\/kgm-carpet-reel-trolley-for-400-cm-and-200-cm-wide-floor-carpets\/\",\"url\":\"https:\/\/www.gymnastica.fi\/en\/tuote\/kgm-carpet-reel-trolley-for-400-cm-and-200-cm-wide-floor-carpets\/\",\"name\":\"KGM f\u00f6rvarings- och transportvagn f\u00f6r 4 st Gymnova rullmattor &#8212; Gymnastica\",\"isPartOf\":{\"@id\":\"https:\/\/www.gymnastica.fi\/#website\"},\"primaryImageOfPage\":{\"@id\":\"https:\/\/www.gymnastica.fi\/en\/tuote\/kgm-carpet-reel-trolley-for-400-cm-and-200-cm-wide-floor-carpets\/#primaryimage\"},\"image\":{\"@id\":\"https:\/\/www.gymnastica.fi\/en\/tuote\/kgm-carpet-reel-trolley-for-400-cm-and-200-cm-wide-floor-carpets\/#primaryimage\"},\"thumbnailUrl\":\"https:\/\/www.gymnastica.fi\/app\/uploads\/2022\/04\/KG-135514-01.jpg\",\"datePublished\":\"2022-04-27T12:42:17+00:00\",\"breadcrumb\":{\"@id\":\"https:\/\/www.gymnastica.fi\/en\/tuote\/kgm-carpet-reel-trolley-for-400-cm-and-200-cm-wide-floor-carpets\/#breadcrumb\"},\"inLanguage\":\"sv-SE\",\"potentialAction\":[{\"@type\":\"ReadAction\",\"target\":[\"https:\/\/www.gymnastica.fi\/en\/tuote\/kgm-carpet-reel-trolley-for-400-cm-and-200-cm-wide-floor-carpets\/\"]}]},{\"@type\":\"ImageObject\",\"inLanguage\":\"sv-SE\",\"@id\":\"https:\/\/www.gymnastica.fi\/en\/tuote\/kgm-carpet-reel-trolley-for-400-cm-and-200-cm-wide-floor-carpets\/#primaryimage\",\"url\":\"https:\/\/www.gymnastica.fi\/app\/uploads\/2022\/04\/KG-135514-01.jpg\",\"contentUrl\":\"https:\/\/www.gymnastica.fi\/app\/uploads\/2022\/04\/KG-135514-01.jpg\",\"width\":468,\"height\":327},{\"@type\":\"BreadcrumbList\",\"@id\":\"https:\/\/www.gymnastica.fi\/en\/tuote\/kgm-carpet-reel-trolley-for-400-cm-and-200-cm-wide-floor-carpets\/#breadcrumb\",\"itemListElement\":[{\"@type\":\"ListItem\",\"position\":1,\"name\":\"Home\",\"item\":\"https:\/\/www.gymnastica.fi\/sv\/\"},{\"@type\":\"ListItem\",\"position\":2,\"name\":\"Butik\",\"item\":\"https:\/\/www.gymnastica.fi\/sv\/butik\/\"},{\"@type\":\"ListItem\",\"position\":3,\"name\":\"KGM f\u00f6rvarings- och transportvagn f\u00f6r 4 st Gymnova rullmattor\"}]},{\"@type\":\"WebSite\",\"@id\":\"https:\/\/www.gymnastica.fi\/#website\",\"url\":\"https:\/\/www.gymnastica.fi\/\",\"name\":\"Gymnastica\",\"description\":\"Liikunta- ja urheilutilasuunnittelun ja v\u00e4lineiden asiantuntija\",\"publisher\":{\"@id\":\"https:\/\/www.gymnastica.fi\/#organization\"},\"potentialAction\":[{\"@type\":\"SearchAction\",\"target\":{\"@type\":\"EntryPoint\",\"urlTemplate\":\"https:\/\/www.gymnastica.fi\/?s={search_term_string}\"},\"query-input\":{\"@type\":\"PropertyValueSpecification\",\"valueRequired\":true,\"valueName\":\"search_term_string\"}}],\"inLanguage\":\"sv-SE\"},{\"@type\":\"Organization\",\"@id\":\"https:\/\/www.gymnastica.fi\/#organization\",\"name\":\"Gymnastica\",\"url\":\"https:\/\/www.gymnastica.fi\/\",\"logo\":{\"@type\":\"ImageObject\",\"inLanguage\":\"sv-SE\",\"@id\":\"https:\/\/www.gymnastica.fi\/#\/schema\/logo\/image\/\",\"url\":\"https:\/\/www.gymnastica.fi\/app\/uploads\/2021\/04\/logo.svg\",\"contentUrl\":\"https:\/\/www.gymnastica.fi\/app\/uploads\/2021\/04\/logo.svg\",\"width\":246,\"height\":59,\"caption\":\"Gymnastica\"},\"image\":{\"@id\":\"https:\/\/www.gymnastica.fi\/#\/schema\/logo\/image\/\"}}]}<\/script>\n<!-- \/ Yoast SEO plugin. -->","yoast_head_json":{"title":"KGM f\u00f6rvarings- och transportvagn f\u00f6r 4 st Gymnova rullmattor &#8212; Gymnastica","robots":{"index":"index","follow":"follow","max-snippet":"max-snippet:-1","max-image-preview":"max-image-preview:large","max-video-preview":"max-video-preview:-1"},"canonical":"https:\/\/www.gymnastica.fi\/en\/tuote\/kgm-carpet-reel-trolley-for-400-cm-and-200-cm-wide-floor-carpets\/","og_locale":"sv_SE","og_type":"article","og_title":"KGM f\u00f6rvarings- och transportvagn f\u00f6r 4 st Gymnova rullmattor &#8212; Gymnastica","og_description":"Tarjouspyynt\u00f6tuote","og_url":"https:\/\/www.gymnastica.fi\/en\/tuote\/kgm-carpet-reel-trolley-for-400-cm-and-200-cm-wide-floor-carpets\/","og_site_name":"Gymnastica","twitter_card":"summary_large_image","schema":{"@context":"https:\/\/schema.org","@graph":[{"@type":"WebPage","@id":"https:\/\/www.gymnastica.fi\/en\/tuote\/kgm-carpet-reel-trolley-for-400-cm-and-200-cm-wide-floor-carpets\/","url":"https:\/\/www.gymnastica.fi\/en\/tuote\/kgm-carpet-reel-trolley-for-400-cm-and-200-cm-wide-floor-carpets\/","name":"KGM f\u00f6rvarings- och transportvagn f\u00f6r 4 st Gymnova rullmattor &#8212; Gymnastica","isPartOf":{"@id":"https:\/\/www.gymnastica.fi\/#website"},"primaryImageOfPage":{"@id":"https:\/\/www.gymnastica.fi\/en\/tuote\/kgm-carpet-reel-trolley-for-400-cm-and-200-cm-wide-floor-carpets\/#primaryimage"},"image":{"@id":"https:\/\/www.gymnastica.fi\/en\/tuote\/kgm-carpet-reel-trolley-for-400-cm-and-200-cm-wide-floor-carpets\/#primaryimage"},"thumbnailUrl":"https:\/\/www.gymnastica.fi\/app\/uploads\/2022\/04\/KG-135514-01.jpg","datePublished":"2022-04-27T12:42:17+00:00","breadcrumb":{"@id":"https:\/\/www.gymnastica.fi\/en\/tuote\/kgm-carpet-reel-trolley-for-400-cm-and-200-cm-wide-floor-carpets\/#breadcrumb"},"inLanguage":"sv-SE","potentialAction":[{"@type":"ReadAction","target":["https:\/\/www.gymnastica.fi\/en\/tuote\/kgm-carpet-reel-trolley-for-400-cm-and-200-cm-wide-floor-carpets\/"]}]},{"@type":"ImageObject","inLanguage":"sv-SE","@id":"https:\/\/www.gymnastica.fi\/en\/tuote\/kgm-carpet-reel-trolley-for-400-cm-and-200-cm-wide-floor-carpets\/#primaryimage","url":"https:\/\/www.gymnastica.fi\/app\/uploads\/2022\/04\/KG-135514-01.jpg","contentUrl":"https:\/\/www.gymnastica.fi\/app\/uploads\/2022\/04\/KG-135514-01.jpg","width":468,"height":327},{"@type":"BreadcrumbList","@id":"https:\/\/www.gymnastica.fi\/en\/tuote\/kgm-carpet-reel-trolley-for-400-cm-and-200-cm-wide-floor-carpets\/#breadcrumb","itemListElement":[{"@type":"ListItem","position":1,"name":"Home","item":"https:\/\/www.gymnastica.fi\/sv\/"},{"@type":"ListItem","position":2,"name":"Butik","item":"https:\/\/www.gymnastica.fi\/sv\/butik\/"},{"@type":"ListItem","position":3,"name":"KGM f\u00f6rvarings- och transportvagn f\u00f6r 4 st Gymnova rullmattor"}]},{"@type":"WebSite","@id":"https:\/\/www.gymnastica.fi\/#website","url":"https:\/\/www.gymnastica.fi\/","name":"Gymnastica","description":"Liikunta- ja urheilutilasuunnittelun ja v\u00e4lineiden asiantuntija","publisher":{"@id":"https:\/\/www.gymnastica.fi\/#organization"},"potentialAction":[{"@type":"SearchAction","target":{"@type":"EntryPoint","urlTemplate":"https:\/\/www.gymnastica.fi\/?s={search_term_string}"},"query-input":{"@type":"PropertyValueSpecification","valueRequired":true,"valueName":"search_term_string"}}],"inLanguage":"sv-SE"},{"@type":"Organization","@id":"https:\/\/www.gymnastica.fi\/#organization","name":"Gymnastica","url":"https:\/\/www.gymnastica.fi\/","logo":{"@type":"ImageObject","inLanguage":"sv-SE","@id":"https:\/\/www.gymnastica.fi\/#\/schema\/logo\/image\/","url":"https:\/\/www.gymnastica.fi\/app\/uploads\/2021\/04\/logo.svg","contentUrl":"https:\/\/www.gymnastica.fi\/app\/uploads\/2021\/04\/logo.svg","width":246,"height":59,"caption":"Gymnastica"},"image":{"@id":"https:\/\/www.gymnastica.fi\/#\/schema\/logo\/image\/"}}]}},"_links":{"self":[{"href":"https:\/\/www.gymnastica.fi\/sv\/wp-json\/wp\/v2\/product\/29776","targetHints":{"allow":["GET"]}}],"collection":[{"href":"https:\/\/www.gymnastica.fi\/sv\/wp-json\/wp\/v2\/product"}],"about":[{"href":"https:\/\/www.gymnastica.fi\/sv\/wp-json\/wp\/v2\/types\/product"}],"wp:featuredmedia":[{"embeddable":true,"href":"https:\/\/www.gymnastica.fi\/sv\/wp-json\/wp\/v2\/media\/10169"}],"wp:attachment":[{"href":"https:\/\/www.gymnastica.fi\/sv\/wp-json\/wp\/v2\/media?parent=29776"}],"wp:term":[{"taxonomy":"product_brand","embeddable":true,"href":"https:\/\/www.gymnastica.fi\/sv\/wp-json\/wp\/v2\/product_brand?post=29776"},{"taxonomy":"product_cat","embeddable":true,"href":"https:\/\/www.gymnastica.fi\/sv\/wp-json\/wp\/v2\/product_cat?post=29776"},{"taxonomy":"product_tag","embeddable":true,"href":"https:\/\/www.gymnastica.fi\/sv\/wp-json\/wp\/v2\/product_tag?post=29776"},{"taxonomy":"manufacturers","embeddable":true,"href":"https:\/\/www.gymnastica.fi\/sv\/wp-json\/wp\/v2\/manufacturers?post=29776"},{"taxonomy":"suppliers","embeddable":true,"href":"https:\/\/www.gymnastica.fi\/sv\/wp-json\/wp\/v2\/suppliers?post=29776"}],"curies":[{"name":"wp","href":"https:\/\/api.w.org\/{rel}","templated":true}]}}