{"id":29882,"date":"2022-04-27T15:41:01","date_gmt":"2022-04-27T12:41:01","guid":{"rendered":"https:\/\/www.gymnastica.fi\/tuote\/airgym-airfloor-pro-uppblasbart-fristaende-golv-126-x-126-x-033-m\/"},"modified":"2022-04-27T15:41:01","modified_gmt":"2022-04-27T12:41:01","slug":"airgym-airfloor-pro-uppblasbart-fristaende-golv-126-x-126-x-033-m","status":"publish","type":"product","link":"https:\/\/www.gymnastica.fi\/sv\/tuote\/airgym-airfloor-pro-uppblasbart-fristaende-golv-126-x-126-x-033-m\/","title":{"rendered":"Airgym Airfloor Pro uppbl\u00e5sbart frist\u00e5ende golv 12,6 x 12,6 x 0,33 m"},"content":{"rendered":"<p>Airgym Airfloor Pro uppbl\u00e5sbart frist\u00e5ende golv. L\u00e4ngd 12,6, bredd 12,6 och h\u00f6jd 0,33 m. Tr\u00e4ningsomr\u00e5de markerat. L\u00e4tt att hantera en g\u00e5ng uppbl\u00e5st tack vare 16 handtag (4 p\u00e5 varje sida). Den \u00e4r tryggt att utf\u00f6ra r\u00f6relser p\u00e5 den sl\u00e4ta och j\u00e4mna ytan som ger stabilitet och precision vid kontaktpunkten. Golvet ger en mycket bra absorption p\u00e5 landningar och hj\u00e4lper till att minska p\u00e5frestningar p\u00e5 handleder och vrister. Det kommer att f\u00f6rbli uppbl\u00e5st under hela din dagliga tr\u00e4nings\u00f6vning s\u00e5 det finns inget behov att anv\u00e4nda luftpumparna under en session. Det kan l\u00e4tt anpassas till alla typer av tr\u00e4ning och f\u00f6r olika stora gymnaster genom att helt enkelt variera lufttrycket med hj\u00e4lp av tryckregleringsventilerna.\u00a0Golvet \u00e4r l\u00e4tt att pumpa upp (5 minuter med 4 luftpumpar), flytta p\u00e5 och ta ner. \u00a0Luftpumparna beh\u00f6vs enbart n\u00e4r golvet ska fyllas med luft eller t\u00f6mmas.\u00a0Endast 5 personer beh\u00f6vs f\u00f6r att installera golvet. Det kan enkelt lagras och kan transporteras i en liten sk\u00e5pbil. Slitstark\u00a0dubbel v\u00e4ggstruktur Double Wall Fabric (DWF).\u00a0Levereras med 1 transportvagn, 1 f\u00f6rvaringsp\u00e5se,\u00a01 lufttrycksm\u00e4tare,\u00a04 st elektriska luftpumpar som pumpar in eller suger ut luft. Effektbehov 220 volt. I\u00a0enlighet med den europeiska standarden EN-14-960 och REACH-standarden. Vikt 460 kg.<\/p>\n","protected":false},"excerpt":{"rendered":"<p>Tarjouspyynt\u00f6tuote<\/p>\n","protected":false},"featured_media":10070,"template":"","meta":{"_acf_changed":false,"_relevanssi_hide_post":"","_relevanssi_hide_content":"","_relevanssi_pin_for_all":"","_relevanssi_pin_keywords":"","_relevanssi_unpin_keywords":"","_relevanssi_related_keywords":"","_relevanssi_related_include_ids":"","_relevanssi_related_exclude_ids":"","_relevanssi_related_no_append":"","_relevanssi_related_not_related":"","_relevanssi_related_posts":"","_relevanssi_noindex_reason":""},"product_brand":[],"product_cat":[1654,2634,1933,2635,1918,2797],"product_tag":[2636,2642,2641],"manufacturers":[],"suppliers":[],"class_list":{"0":"post-29882","1":"product","2":"type-product","3":"status-publish","4":"has-post-thumbnail","6":"product_cat-marken","7":"product_cat-airgym-sv","8":"product_cat-sporthallprodukter-2","9":"product_cat-uppblasbara-redskap","10":"product_cat-redskapsgymnastik","11":"product_cat-fristaende-golv","12":"product_tag-airgym-sv","13":"product_tag-airgym-airfloor-pro-h33-sv","14":"product_tag-uppblasbart-fristaende-golv","16":"first","17":"onbackorder","18":"taxable","19":"shipping-taxable","20":"product-type-simple"},"acf":[],"yoast_head":"<!-- This site is optimized with the Yoast SEO plugin v26.8 - https:\/\/yoast.com\/product\/yoast-seo-wordpress\/ -->\n<title>Airgym Airfloor Pro uppbl\u00e5sbart frist\u00e5ende golv 12,6 x 12,6 x 0,33 m &#8212; Gymnastica<\/title>\n<meta name=\"robots\" content=\"index, follow, max-snippet:-1, max-image-preview:large, max-video-preview:-1\" \/>\n<link rel=\"canonical\" href=\"https:\/\/www.gymnastica.fi\/en\/tuote\/airgym-airfloor-pro-inflatable-exercise-floor-12-60-x-12-60-m-x-33-cm\/\" \/>\n<meta property=\"og:locale\" content=\"sv_SE\" \/>\n<meta property=\"og:type\" content=\"article\" \/>\n<meta property=\"og:title\" content=\"Airgym Airfloor Pro uppbl\u00e5sbart frist\u00e5ende golv 12,6 x 12,6 x 0,33 m &#8212; Gymnastica\" \/>\n<meta property=\"og:description\" content=\"Tarjouspyynt\u00f6tuote\" \/>\n<meta property=\"og:url\" content=\"https:\/\/www.gymnastica.fi\/en\/tuote\/airgym-airfloor-pro-inflatable-exercise-floor-12-60-x-12-60-m-x-33-cm\/\" \/>\n<meta property=\"og:site_name\" content=\"Gymnastica\" \/>\n<meta name=\"twitter:card\" content=\"summary_large_image\" \/>\n<meta name=\"twitter:label1\" content=\"Est. reading time\" \/>\n\t<meta name=\"twitter:data1\" content=\"1 minute\" \/>\n<script type=\"application\/ld+json\" class=\"yoast-schema-graph\">{\"@context\":\"https:\/\/schema.org\",\"@graph\":[{\"@type\":\"WebPage\",\"@id\":\"https:\/\/www.gymnastica.fi\/en\/tuote\/airgym-airfloor-pro-inflatable-exercise-floor-12-60-x-12-60-m-x-33-cm\/\",\"url\":\"https:\/\/www.gymnastica.fi\/en\/tuote\/airgym-airfloor-pro-inflatable-exercise-floor-12-60-x-12-60-m-x-33-cm\/\",\"name\":\"Airgym Airfloor Pro uppbl\u00e5sbart frist\u00e5ende golv 12,6 x 12,6 x 0,33 m &#8212; Gymnastica\",\"isPartOf\":{\"@id\":\"https:\/\/www.gymnastica.fi\/#website\"},\"primaryImageOfPage\":{\"@id\":\"https:\/\/www.gymnastica.fi\/en\/tuote\/airgym-airfloor-pro-inflatable-exercise-floor-12-60-x-12-60-m-x-33-cm\/#primaryimage\"},\"image\":{\"@id\":\"https:\/\/www.gymnastica.fi\/en\/tuote\/airgym-airfloor-pro-inflatable-exercise-floor-12-60-x-12-60-m-x-33-cm\/#primaryimage\"},\"thumbnailUrl\":\"https:\/\/www.gymnastica.fi\/app\/uploads\/2022\/04\/AG-1260-1260-33.jpg\",\"datePublished\":\"2022-04-27T12:41:01+00:00\",\"breadcrumb\":{\"@id\":\"https:\/\/www.gymnastica.fi\/en\/tuote\/airgym-airfloor-pro-inflatable-exercise-floor-12-60-x-12-60-m-x-33-cm\/#breadcrumb\"},\"inLanguage\":\"sv-SE\",\"potentialAction\":[{\"@type\":\"ReadAction\",\"target\":[\"https:\/\/www.gymnastica.fi\/en\/tuote\/airgym-airfloor-pro-inflatable-exercise-floor-12-60-x-12-60-m-x-33-cm\/\"]}]},{\"@type\":\"ImageObject\",\"inLanguage\":\"sv-SE\",\"@id\":\"https:\/\/www.gymnastica.fi\/en\/tuote\/airgym-airfloor-pro-inflatable-exercise-floor-12-60-x-12-60-m-x-33-cm\/#primaryimage\",\"url\":\"https:\/\/www.gymnastica.fi\/app\/uploads\/2022\/04\/AG-1260-1260-33.jpg\",\"contentUrl\":\"https:\/\/www.gymnastica.fi\/app\/uploads\/2022\/04\/AG-1260-1260-33.jpg\",\"width\":794,\"height\":500},{\"@type\":\"BreadcrumbList\",\"@id\":\"https:\/\/www.gymnastica.fi\/en\/tuote\/airgym-airfloor-pro-inflatable-exercise-floor-12-60-x-12-60-m-x-33-cm\/#breadcrumb\",\"itemListElement\":[{\"@type\":\"ListItem\",\"position\":1,\"name\":\"Home\",\"item\":\"https:\/\/www.gymnastica.fi\/sv\/\"},{\"@type\":\"ListItem\",\"position\":2,\"name\":\"Butik\",\"item\":\"https:\/\/www.gymnastica.fi\/sv\/butik\/\"},{\"@type\":\"ListItem\",\"position\":3,\"name\":\"Airgym Airfloor Pro uppbl\u00e5sbart frist\u00e5ende golv 12,6 x 12,6 x 0,33 m\"}]},{\"@type\":\"WebSite\",\"@id\":\"https:\/\/www.gymnastica.fi\/#website\",\"url\":\"https:\/\/www.gymnastica.fi\/\",\"name\":\"Gymnastica\",\"description\":\"Liikunta- ja urheilutilasuunnittelun ja v\u00e4lineiden asiantuntija\",\"publisher\":{\"@id\":\"https:\/\/www.gymnastica.fi\/#organization\"},\"potentialAction\":[{\"@type\":\"SearchAction\",\"target\":{\"@type\":\"EntryPoint\",\"urlTemplate\":\"https:\/\/www.gymnastica.fi\/?s={search_term_string}\"},\"query-input\":{\"@type\":\"PropertyValueSpecification\",\"valueRequired\":true,\"valueName\":\"search_term_string\"}}],\"inLanguage\":\"sv-SE\"},{\"@type\":\"Organization\",\"@id\":\"https:\/\/www.gymnastica.fi\/#organization\",\"name\":\"Gymnastica\",\"url\":\"https:\/\/www.gymnastica.fi\/\",\"logo\":{\"@type\":\"ImageObject\",\"inLanguage\":\"sv-SE\",\"@id\":\"https:\/\/www.gymnastica.fi\/#\/schema\/logo\/image\/\",\"url\":\"https:\/\/www.gymnastica.fi\/app\/uploads\/2021\/04\/logo.svg\",\"contentUrl\":\"https:\/\/www.gymnastica.fi\/app\/uploads\/2021\/04\/logo.svg\",\"width\":246,\"height\":59,\"caption\":\"Gymnastica\"},\"image\":{\"@id\":\"https:\/\/www.gymnastica.fi\/#\/schema\/logo\/image\/\"}}]}<\/script>\n<!-- \/ Yoast SEO plugin. -->","yoast_head_json":{"title":"Airgym Airfloor Pro uppbl\u00e5sbart frist\u00e5ende golv 12,6 x 12,6 x 0,33 m &#8212; Gymnastica","robots":{"index":"index","follow":"follow","max-snippet":"max-snippet:-1","max-image-preview":"max-image-preview:large","max-video-preview":"max-video-preview:-1"},"canonical":"https:\/\/www.gymnastica.fi\/en\/tuote\/airgym-airfloor-pro-inflatable-exercise-floor-12-60-x-12-60-m-x-33-cm\/","og_locale":"sv_SE","og_type":"article","og_title":"Airgym Airfloor Pro uppbl\u00e5sbart frist\u00e5ende golv 12,6 x 12,6 x 0,33 m &#8212; Gymnastica","og_description":"Tarjouspyynt\u00f6tuote","og_url":"https:\/\/www.gymnastica.fi\/en\/tuote\/airgym-airfloor-pro-inflatable-exercise-floor-12-60-x-12-60-m-x-33-cm\/","og_site_name":"Gymnastica","twitter_card":"summary_large_image","twitter_misc":{"Est. reading time":"1 minute"},"schema":{"@context":"https:\/\/schema.org","@graph":[{"@type":"WebPage","@id":"https:\/\/www.gymnastica.fi\/en\/tuote\/airgym-airfloor-pro-inflatable-exercise-floor-12-60-x-12-60-m-x-33-cm\/","url":"https:\/\/www.gymnastica.fi\/en\/tuote\/airgym-airfloor-pro-inflatable-exercise-floor-12-60-x-12-60-m-x-33-cm\/","name":"Airgym Airfloor Pro uppbl\u00e5sbart frist\u00e5ende golv 12,6 x 12,6 x 0,33 m &#8212; Gymnastica","isPartOf":{"@id":"https:\/\/www.gymnastica.fi\/#website"},"primaryImageOfPage":{"@id":"https:\/\/www.gymnastica.fi\/en\/tuote\/airgym-airfloor-pro-inflatable-exercise-floor-12-60-x-12-60-m-x-33-cm\/#primaryimage"},"image":{"@id":"https:\/\/www.gymnastica.fi\/en\/tuote\/airgym-airfloor-pro-inflatable-exercise-floor-12-60-x-12-60-m-x-33-cm\/#primaryimage"},"thumbnailUrl":"https:\/\/www.gymnastica.fi\/app\/uploads\/2022\/04\/AG-1260-1260-33.jpg","datePublished":"2022-04-27T12:41:01+00:00","breadcrumb":{"@id":"https:\/\/www.gymnastica.fi\/en\/tuote\/airgym-airfloor-pro-inflatable-exercise-floor-12-60-x-12-60-m-x-33-cm\/#breadcrumb"},"inLanguage":"sv-SE","potentialAction":[{"@type":"ReadAction","target":["https:\/\/www.gymnastica.fi\/en\/tuote\/airgym-airfloor-pro-inflatable-exercise-floor-12-60-x-12-60-m-x-33-cm\/"]}]},{"@type":"ImageObject","inLanguage":"sv-SE","@id":"https:\/\/www.gymnastica.fi\/en\/tuote\/airgym-airfloor-pro-inflatable-exercise-floor-12-60-x-12-60-m-x-33-cm\/#primaryimage","url":"https:\/\/www.gymnastica.fi\/app\/uploads\/2022\/04\/AG-1260-1260-33.jpg","contentUrl":"https:\/\/www.gymnastica.fi\/app\/uploads\/2022\/04\/AG-1260-1260-33.jpg","width":794,"height":500},{"@type":"BreadcrumbList","@id":"https:\/\/www.gymnastica.fi\/en\/tuote\/airgym-airfloor-pro-inflatable-exercise-floor-12-60-x-12-60-m-x-33-cm\/#breadcrumb","itemListElement":[{"@type":"ListItem","position":1,"name":"Home","item":"https:\/\/www.gymnastica.fi\/sv\/"},{"@type":"ListItem","position":2,"name":"Butik","item":"https:\/\/www.gymnastica.fi\/sv\/butik\/"},{"@type":"ListItem","position":3,"name":"Airgym Airfloor Pro uppbl\u00e5sbart frist\u00e5ende golv 12,6 x 12,6 x 0,33 m"}]},{"@type":"WebSite","@id":"https:\/\/www.gymnastica.fi\/#website","url":"https:\/\/www.gymnastica.fi\/","name":"Gymnastica","description":"Liikunta- ja urheilutilasuunnittelun ja v\u00e4lineiden asiantuntija","publisher":{"@id":"https:\/\/www.gymnastica.fi\/#organization"},"potentialAction":[{"@type":"SearchAction","target":{"@type":"EntryPoint","urlTemplate":"https:\/\/www.gymnastica.fi\/?s={search_term_string}"},"query-input":{"@type":"PropertyValueSpecification","valueRequired":true,"valueName":"search_term_string"}}],"inLanguage":"sv-SE"},{"@type":"Organization","@id":"https:\/\/www.gymnastica.fi\/#organization","name":"Gymnastica","url":"https:\/\/www.gymnastica.fi\/","logo":{"@type":"ImageObject","inLanguage":"sv-SE","@id":"https:\/\/www.gymnastica.fi\/#\/schema\/logo\/image\/","url":"https:\/\/www.gymnastica.fi\/app\/uploads\/2021\/04\/logo.svg","contentUrl":"https:\/\/www.gymnastica.fi\/app\/uploads\/2021\/04\/logo.svg","width":246,"height":59,"caption":"Gymnastica"},"image":{"@id":"https:\/\/www.gymnastica.fi\/#\/schema\/logo\/image\/"}}]}},"_links":{"self":[{"href":"https:\/\/www.gymnastica.fi\/sv\/wp-json\/wp\/v2\/product\/29882","targetHints":{"allow":["GET"]}}],"collection":[{"href":"https:\/\/www.gymnastica.fi\/sv\/wp-json\/wp\/v2\/product"}],"about":[{"href":"https:\/\/www.gymnastica.fi\/sv\/wp-json\/wp\/v2\/types\/product"}],"wp:featuredmedia":[{"embeddable":true,"href":"https:\/\/www.gymnastica.fi\/sv\/wp-json\/wp\/v2\/media\/10070"}],"wp:attachment":[{"href":"https:\/\/www.gymnastica.fi\/sv\/wp-json\/wp\/v2\/media?parent=29882"}],"wp:term":[{"taxonomy":"product_brand","embeddable":true,"href":"https:\/\/www.gymnastica.fi\/sv\/wp-json\/wp\/v2\/product_brand?post=29882"},{"taxonomy":"product_cat","embeddable":true,"href":"https:\/\/www.gymnastica.fi\/sv\/wp-json\/wp\/v2\/product_cat?post=29882"},{"taxonomy":"product_tag","embeddable":true,"href":"https:\/\/www.gymnastica.fi\/sv\/wp-json\/wp\/v2\/product_tag?post=29882"},{"taxonomy":"manufacturers","embeddable":true,"href":"https:\/\/www.gymnastica.fi\/sv\/wp-json\/wp\/v2\/manufacturers?post=29882"},{"taxonomy":"suppliers","embeddable":true,"href":"https:\/\/www.gymnastica.fi\/sv\/wp-json\/wp\/v2\/suppliers?post=29882"}],"curies":[{"name":"wp","href":"https:\/\/api.w.org\/{rel}","templated":true}]}}