{"id":29942,"date":"2022-04-27T15:27:22","date_gmt":"2022-04-27T12:27:22","guid":{"rendered":"https:\/\/www.gymnastica.fi\/tuote\/gymnova-standard-hoppbord-med-tva-ben\/"},"modified":"2022-04-27T15:27:22","modified_gmt":"2022-04-27T12:27:22","slug":"gymnova-standard-hoppbord-med-tva-ben","status":"publish","type":"product","link":"https:\/\/www.gymnastica.fi\/sv\/tuote\/gymnova-standard-hoppbord-med-tva-ben\/","title":{"rendered":"Gymnova standard hoppbord med tv\u00e5 ben"},"content":{"rendered":"<p>Gymnova hoppbord med tv\u00e5 ben utrustade med en ny kropp som \u00e4r identisk med FIG godk\u00e4nt hoppbord GY-3404; tv\u00e5f\u00e4rgad dynamisk kropp med en mjuk framdel f\u00f6r st\u00f6td\u00e4mpning och en skr\u00e4ddarsydd topp som t\u00e4cker handplaceringsomr\u00e5det. Med en kropp som best\u00e5r ett komplex av dynamiskt skum och fj\u00e4drar, ger hoppbordet gymnaster en snabbt och dynamiskt respons. Hoppbordet \u00e4r v\u00e4ldigt bekv\u00e4mt att anv\u00e4nda och reducerar gymnasts r\u00e4dsla tack vare sin betryggande form och dess komfortlager \u00f6ver hela handplaceringsomr\u00e5det f\u00f6r att mjuka st\u00f6t. Levereras med f\u00f6rankringssystem (kedja + justerbar sp\u00e4nnare) f\u00f6r golv. H\u00f6jdjustering fr\u00e5n 95 till 145 cm med hj\u00e4lp av sp\u00e4nnhake och sp\u00e4nnskruv. Transportvagn GY-3695 och benskydd GY-2920 som option.<\/p>\n","protected":false},"excerpt":{"rendered":"<p>Tarjouspyynt\u00f6tuote<\/p>\n","protected":false},"featured_media":9978,"template":"","meta":{"_acf_changed":false,"_relevanssi_hide_post":"","_relevanssi_hide_content":"","_relevanssi_pin_for_all":"","_relevanssi_pin_keywords":"","_relevanssi_unpin_keywords":"","_relevanssi_related_keywords":"","_relevanssi_related_include_ids":"","_relevanssi_related_exclude_ids":"","_relevanssi_related_no_append":"","_relevanssi_related_not_related":"","_relevanssi_related_posts":"","_relevanssi_noindex_reason":""},"product_brand":[],"product_cat":[1654,2648,1933,1918,2512],"product_tag":[2726],"manufacturers":[],"suppliers":[],"class_list":{"0":"post-29942","1":"product","2":"type-product","3":"status-publish","4":"has-post-thumbnail","6":"product_cat-marken","7":"product_cat-gymnova-sv","8":"product_cat-sporthallprodukter-2","9":"product_cat-redskapsgymnastik","10":"product_cat-hoppredskap-och-bockar","11":"product_tag-gymnova-standard-sv","13":"first","14":"instock","15":"taxable","16":"shipping-taxable","17":"product-type-simple"},"acf":[],"yoast_head":"<!-- This site is optimized with the Yoast SEO plugin v26.8 - https:\/\/yoast.com\/product\/yoast-seo-wordpress\/ -->\n<title>Gymnova standard hoppbord med tv\u00e5 ben &#8212; Gymnastica<\/title>\n<meta name=\"robots\" content=\"index, follow, max-snippet:-1, max-image-preview:large, max-video-preview:-1\" \/>\n<link rel=\"canonical\" href=\"https:\/\/www.gymnastica.fi\/en\/tuote\/gymnova-standard-vaulting-table-with-two-legs\/\" \/>\n<meta property=\"og:locale\" content=\"sv_SE\" \/>\n<meta property=\"og:type\" content=\"article\" \/>\n<meta property=\"og:title\" content=\"Gymnova standard hoppbord med tv\u00e5 ben &#8212; Gymnastica\" \/>\n<meta property=\"og:description\" content=\"Tarjouspyynt\u00f6tuote\" \/>\n<meta property=\"og:url\" content=\"https:\/\/www.gymnastica.fi\/en\/tuote\/gymnova-standard-vaulting-table-with-two-legs\/\" \/>\n<meta property=\"og:site_name\" content=\"Gymnastica\" \/>\n<meta name=\"twitter:card\" content=\"summary_large_image\" \/>\n<meta name=\"twitter:label1\" content=\"Est. reading time\" \/>\n\t<meta name=\"twitter:data1\" content=\"1 minute\" \/>\n<script type=\"application\/ld+json\" class=\"yoast-schema-graph\">{\"@context\":\"https:\/\/schema.org\",\"@graph\":[{\"@type\":\"WebPage\",\"@id\":\"https:\/\/www.gymnastica.fi\/en\/tuote\/gymnova-standard-vaulting-table-with-two-legs\/\",\"url\":\"https:\/\/www.gymnastica.fi\/en\/tuote\/gymnova-standard-vaulting-table-with-two-legs\/\",\"name\":\"Gymnova standard hoppbord med tv\u00e5 ben &#8212; Gymnastica\",\"isPartOf\":{\"@id\":\"https:\/\/www.gymnastica.fi\/#website\"},\"primaryImageOfPage\":{\"@id\":\"https:\/\/www.gymnastica.fi\/en\/tuote\/gymnova-standard-vaulting-table-with-two-legs\/#primaryimage\"},\"image\":{\"@id\":\"https:\/\/www.gymnastica.fi\/en\/tuote\/gymnova-standard-vaulting-table-with-two-legs\/#primaryimage\"},\"thumbnailUrl\":\"https:\/\/www.gymnastica.fi\/app\/uploads\/2022\/04\/GY-3455.jpg\",\"datePublished\":\"2022-04-27T12:27:22+00:00\",\"breadcrumb\":{\"@id\":\"https:\/\/www.gymnastica.fi\/en\/tuote\/gymnova-standard-vaulting-table-with-two-legs\/#breadcrumb\"},\"inLanguage\":\"sv-SE\",\"potentialAction\":[{\"@type\":\"ReadAction\",\"target\":[\"https:\/\/www.gymnastica.fi\/en\/tuote\/gymnova-standard-vaulting-table-with-two-legs\/\"]}]},{\"@type\":\"ImageObject\",\"inLanguage\":\"sv-SE\",\"@id\":\"https:\/\/www.gymnastica.fi\/en\/tuote\/gymnova-standard-vaulting-table-with-two-legs\/#primaryimage\",\"url\":\"https:\/\/www.gymnastica.fi\/app\/uploads\/2022\/04\/GY-3455.jpg\",\"contentUrl\":\"https:\/\/www.gymnastica.fi\/app\/uploads\/2022\/04\/GY-3455.jpg\",\"width\":1024,\"height\":1024},{\"@type\":\"BreadcrumbList\",\"@id\":\"https:\/\/www.gymnastica.fi\/en\/tuote\/gymnova-standard-vaulting-table-with-two-legs\/#breadcrumb\",\"itemListElement\":[{\"@type\":\"ListItem\",\"position\":1,\"name\":\"Home\",\"item\":\"https:\/\/www.gymnastica.fi\/sv\/\"},{\"@type\":\"ListItem\",\"position\":2,\"name\":\"Butik\",\"item\":\"https:\/\/www.gymnastica.fi\/sv\/butik\/\"},{\"@type\":\"ListItem\",\"position\":3,\"name\":\"Gymnova standard hoppbord med tv\u00e5 ben\"}]},{\"@type\":\"WebSite\",\"@id\":\"https:\/\/www.gymnastica.fi\/#website\",\"url\":\"https:\/\/www.gymnastica.fi\/\",\"name\":\"Gymnastica\",\"description\":\"Liikunta- ja urheilutilasuunnittelun ja v\u00e4lineiden asiantuntija\",\"publisher\":{\"@id\":\"https:\/\/www.gymnastica.fi\/#organization\"},\"potentialAction\":[{\"@type\":\"SearchAction\",\"target\":{\"@type\":\"EntryPoint\",\"urlTemplate\":\"https:\/\/www.gymnastica.fi\/?s={search_term_string}\"},\"query-input\":{\"@type\":\"PropertyValueSpecification\",\"valueRequired\":true,\"valueName\":\"search_term_string\"}}],\"inLanguage\":\"sv-SE\"},{\"@type\":\"Organization\",\"@id\":\"https:\/\/www.gymnastica.fi\/#organization\",\"name\":\"Gymnastica\",\"url\":\"https:\/\/www.gymnastica.fi\/\",\"logo\":{\"@type\":\"ImageObject\",\"inLanguage\":\"sv-SE\",\"@id\":\"https:\/\/www.gymnastica.fi\/#\/schema\/logo\/image\/\",\"url\":\"https:\/\/www.gymnastica.fi\/app\/uploads\/2021\/04\/logo.svg\",\"contentUrl\":\"https:\/\/www.gymnastica.fi\/app\/uploads\/2021\/04\/logo.svg\",\"width\":246,\"height\":59,\"caption\":\"Gymnastica\"},\"image\":{\"@id\":\"https:\/\/www.gymnastica.fi\/#\/schema\/logo\/image\/\"}}]}<\/script>\n<!-- \/ Yoast SEO plugin. -->","yoast_head_json":{"title":"Gymnova standard hoppbord med tv\u00e5 ben &#8212; Gymnastica","robots":{"index":"index","follow":"follow","max-snippet":"max-snippet:-1","max-image-preview":"max-image-preview:large","max-video-preview":"max-video-preview:-1"},"canonical":"https:\/\/www.gymnastica.fi\/en\/tuote\/gymnova-standard-vaulting-table-with-two-legs\/","og_locale":"sv_SE","og_type":"article","og_title":"Gymnova standard hoppbord med tv\u00e5 ben &#8212; Gymnastica","og_description":"Tarjouspyynt\u00f6tuote","og_url":"https:\/\/www.gymnastica.fi\/en\/tuote\/gymnova-standard-vaulting-table-with-two-legs\/","og_site_name":"Gymnastica","twitter_card":"summary_large_image","twitter_misc":{"Est. reading time":"1 minute"},"schema":{"@context":"https:\/\/schema.org","@graph":[{"@type":"WebPage","@id":"https:\/\/www.gymnastica.fi\/en\/tuote\/gymnova-standard-vaulting-table-with-two-legs\/","url":"https:\/\/www.gymnastica.fi\/en\/tuote\/gymnova-standard-vaulting-table-with-two-legs\/","name":"Gymnova standard hoppbord med tv\u00e5 ben &#8212; Gymnastica","isPartOf":{"@id":"https:\/\/www.gymnastica.fi\/#website"},"primaryImageOfPage":{"@id":"https:\/\/www.gymnastica.fi\/en\/tuote\/gymnova-standard-vaulting-table-with-two-legs\/#primaryimage"},"image":{"@id":"https:\/\/www.gymnastica.fi\/en\/tuote\/gymnova-standard-vaulting-table-with-two-legs\/#primaryimage"},"thumbnailUrl":"https:\/\/www.gymnastica.fi\/app\/uploads\/2022\/04\/GY-3455.jpg","datePublished":"2022-04-27T12:27:22+00:00","breadcrumb":{"@id":"https:\/\/www.gymnastica.fi\/en\/tuote\/gymnova-standard-vaulting-table-with-two-legs\/#breadcrumb"},"inLanguage":"sv-SE","potentialAction":[{"@type":"ReadAction","target":["https:\/\/www.gymnastica.fi\/en\/tuote\/gymnova-standard-vaulting-table-with-two-legs\/"]}]},{"@type":"ImageObject","inLanguage":"sv-SE","@id":"https:\/\/www.gymnastica.fi\/en\/tuote\/gymnova-standard-vaulting-table-with-two-legs\/#primaryimage","url":"https:\/\/www.gymnastica.fi\/app\/uploads\/2022\/04\/GY-3455.jpg","contentUrl":"https:\/\/www.gymnastica.fi\/app\/uploads\/2022\/04\/GY-3455.jpg","width":1024,"height":1024},{"@type":"BreadcrumbList","@id":"https:\/\/www.gymnastica.fi\/en\/tuote\/gymnova-standard-vaulting-table-with-two-legs\/#breadcrumb","itemListElement":[{"@type":"ListItem","position":1,"name":"Home","item":"https:\/\/www.gymnastica.fi\/sv\/"},{"@type":"ListItem","position":2,"name":"Butik","item":"https:\/\/www.gymnastica.fi\/sv\/butik\/"},{"@type":"ListItem","position":3,"name":"Gymnova standard hoppbord med tv\u00e5 ben"}]},{"@type":"WebSite","@id":"https:\/\/www.gymnastica.fi\/#website","url":"https:\/\/www.gymnastica.fi\/","name":"Gymnastica","description":"Liikunta- ja urheilutilasuunnittelun ja v\u00e4lineiden asiantuntija","publisher":{"@id":"https:\/\/www.gymnastica.fi\/#organization"},"potentialAction":[{"@type":"SearchAction","target":{"@type":"EntryPoint","urlTemplate":"https:\/\/www.gymnastica.fi\/?s={search_term_string}"},"query-input":{"@type":"PropertyValueSpecification","valueRequired":true,"valueName":"search_term_string"}}],"inLanguage":"sv-SE"},{"@type":"Organization","@id":"https:\/\/www.gymnastica.fi\/#organization","name":"Gymnastica","url":"https:\/\/www.gymnastica.fi\/","logo":{"@type":"ImageObject","inLanguage":"sv-SE","@id":"https:\/\/www.gymnastica.fi\/#\/schema\/logo\/image\/","url":"https:\/\/www.gymnastica.fi\/app\/uploads\/2021\/04\/logo.svg","contentUrl":"https:\/\/www.gymnastica.fi\/app\/uploads\/2021\/04\/logo.svg","width":246,"height":59,"caption":"Gymnastica"},"image":{"@id":"https:\/\/www.gymnastica.fi\/#\/schema\/logo\/image\/"}}]}},"_links":{"self":[{"href":"https:\/\/www.gymnastica.fi\/sv\/wp-json\/wp\/v2\/product\/29942","targetHints":{"allow":["GET"]}}],"collection":[{"href":"https:\/\/www.gymnastica.fi\/sv\/wp-json\/wp\/v2\/product"}],"about":[{"href":"https:\/\/www.gymnastica.fi\/sv\/wp-json\/wp\/v2\/types\/product"}],"wp:featuredmedia":[{"embeddable":true,"href":"https:\/\/www.gymnastica.fi\/sv\/wp-json\/wp\/v2\/media\/9978"}],"wp:attachment":[{"href":"https:\/\/www.gymnastica.fi\/sv\/wp-json\/wp\/v2\/media?parent=29942"}],"wp:term":[{"taxonomy":"product_brand","embeddable":true,"href":"https:\/\/www.gymnastica.fi\/sv\/wp-json\/wp\/v2\/product_brand?post=29942"},{"taxonomy":"product_cat","embeddable":true,"href":"https:\/\/www.gymnastica.fi\/sv\/wp-json\/wp\/v2\/product_cat?post=29942"},{"taxonomy":"product_tag","embeddable":true,"href":"https:\/\/www.gymnastica.fi\/sv\/wp-json\/wp\/v2\/product_tag?post=29942"},{"taxonomy":"manufacturers","embeddable":true,"href":"https:\/\/www.gymnastica.fi\/sv\/wp-json\/wp\/v2\/manufacturers?post=29942"},{"taxonomy":"suppliers","embeddable":true,"href":"https:\/\/www.gymnastica.fi\/sv\/wp-json\/wp\/v2\/suppliers?post=29942"}],"curies":[{"name":"wp","href":"https:\/\/api.w.org\/{rel}","templated":true}]}}