{"id":30036,"date":"2022-04-27T15:25:11","date_gmt":"2022-04-27T12:25:11","guid":{"rendered":"https:\/\/www.gymnastica.fi\/tuote\/gymnova-fristaende-golv-montreal-med-akrobatimatta-slalfjadrarna-installerade-14-x-14-m\/"},"modified":"2024-07-23T15:04:03","modified_gmt":"2024-07-23T12:04:03","slug":"gymnova-fristaende-golv-montreal-evolution-med-akrobatikmatta14-x-14-m-fig-stalfjardrarna-monterade-gy-6776","status":"publish","type":"product","link":"https:\/\/www.gymnastica.fi\/sv\/tuote\/gymnova-fristaende-golv-montreal-evolution-med-akrobatikmatta14-x-14-m-fig-stalfjardrarna-monterade-gy-6776\/","title":{"rendered":"Gymnova frist\u00e5ende golv Montreal Evolution med akrobatikmatta14 x 14 m FIG, st\u00e5lfj\u00e4rdrarna monterade GY-6776"},"content":{"rendered":"<p>Gymnova frist\u00e5ende golv Montreal Evolution med 7 st akrobatikmattor. St\u00e5lfj\u00e4drarna monterade. Storlek 14 x 14 m, h\u00f6jd 20 cm. FIG godk\u00e4nt.<\/p>\n<p>Sammans\u00e4ttning:<\/p>\n<p>1. 7 st akrobatikmattor: Komforten skapas av de 38 mm tjocka akrobatikmattor med laminerat cellplastlager. Ett n\u00e4t placerat mellan mattan och skummet \u00f6kar motst\u00e5ndet mot stansning och formstabilitet. Mattorna f\u00e4sts vid varandra med kardborreband. Sidoskydd runt kanterna. F\u00f6r att s\u00e4kerst\u00e4lla perfekt inriktning \u00e4r mattorna sammankopplade med r\u00f6df\u00e4rgade kardborreband.<\/p>\n<p>2. Skumunderl\u00e4gg: Ett 24 mm tjockt skumunderlag med en tjocklek p\u00e5 25 kg\/m3 bidrar till komfort och d\u00e4mpning av st\u00f6tar.<\/p>\n<p>3. Dynamiskt plywoodgolv och st\u00e5lfj\u00e4drar: Den maximala elasticiteten uppn\u00e5s med hj\u00e4lp av de 2709 st 125 mm h\u00f6ga st\u00e5lfj\u00e4drar. Den strategiska f\u00f6rdelningen av fj\u00e4drar och plywoodskivornas flexibilitet ger optimal dynamik och homogenitet vid st\u00f6tar. 14 cm tjockt golv. Kanterna avslutas med PVC-remsor.<\/p>\n<p>Levereras med antirotationsmekanism som h\u00e5ller golvet p\u00e5 plats. Fj\u00e4drarna, mer flexibla med en h\u00f6jd p\u00e5 125 mm, \u00e4r strategiskt placerade p\u00e5 golvet f\u00f6r mer konsekvent studs och g\u00f6r det m\u00f6jligt f\u00f6r gymnasten att f\u00e5 mer r\u00f6relse.<\/p>\n","protected":false},"excerpt":{"rendered":"<p>Tarjouspyynt\u00f6tuote<\/p>\n","protected":false},"featured_media":39747,"template":"","meta":{"_acf_changed":false,"_relevanssi_hide_post":"","_relevanssi_hide_content":"","_relevanssi_pin_for_all":"","_relevanssi_pin_keywords":"","_relevanssi_unpin_keywords":"","_relevanssi_related_keywords":"","_relevanssi_related_include_ids":"","_relevanssi_related_exclude_ids":"","_relevanssi_related_no_append":"","_relevanssi_related_not_related":"","_relevanssi_related_posts":"","_relevanssi_noindex_reason":""},"product_brand":[],"product_cat":[1654,2648,1933,1918,2797],"product_tag":[2715,2708],"manufacturers":[],"suppliers":[],"class_list":{"0":"post-30036","1":"product","2":"type-product","3":"status-publish","4":"has-post-thumbnail","6":"product_cat-marken","7":"product_cat-gymnova-sv","8":"product_cat-sporthallprodukter-2","9":"product_cat-redskapsgymnastik","10":"product_cat-fristaende-golv","11":"product_tag-gymnastikgolv","12":"product_tag-gymnova-montreal-sv","14":"first","15":"instock","16":"taxable","17":"shipping-taxable","18":"product-type-simple"},"acf":[],"yoast_head":"<!-- This site is optimized with the Yoast SEO plugin v26.8 - https:\/\/yoast.com\/product\/yoast-seo-wordpress\/ -->\n<title>Gymnova frist\u00e5ende golv Montreal Evolution med akrobatikmatta14 x 14 m FIG, st\u00e5lfj\u00e4rdrarna monterade GY-6776 &#8212; Gymnastica<\/title>\n<meta name=\"robots\" content=\"index, follow, max-snippet:-1, max-image-preview:large, max-video-preview:-1\" \/>\n<link rel=\"canonical\" href=\"https:\/\/www.gymnastica.fi\/en\/tuote\/gymnova-competition-exercise-floor-montreal-evolution-with-roll-up-mats14-x-14-m-fig-springs-assembled-gy-6776\/\" \/>\n<meta property=\"og:locale\" content=\"sv_SE\" \/>\n<meta property=\"og:type\" content=\"article\" \/>\n<meta property=\"og:title\" content=\"Gymnova frist\u00e5ende golv Montreal Evolution med akrobatikmatta14 x 14 m FIG, st\u00e5lfj\u00e4rdrarna monterade GY-6776 &#8212; Gymnastica\" \/>\n<meta property=\"og:description\" content=\"Tarjouspyynt\u00f6tuote\" \/>\n<meta property=\"og:url\" content=\"https:\/\/www.gymnastica.fi\/en\/tuote\/gymnova-competition-exercise-floor-montreal-evolution-with-roll-up-mats14-x-14-m-fig-springs-assembled-gy-6776\/\" \/>\n<meta property=\"og:site_name\" content=\"Gymnastica\" \/>\n<meta property=\"article:modified_time\" content=\"2024-07-23T12:04:03+00:00\" \/>\n<meta property=\"og:image\" content=\"https:\/\/www.gymnastica.fi\/app\/uploads\/2022\/04\/GY-6776DE.jpg\" \/>\n\t<meta property=\"og:image:width\" content=\"750\" \/>\n\t<meta property=\"og:image:height\" content=\"500\" \/>\n\t<meta property=\"og:image:type\" content=\"image\/jpeg\" \/>\n<meta name=\"twitter:card\" content=\"summary_large_image\" \/>\n<meta name=\"twitter:label1\" content=\"Est. reading time\" \/>\n\t<meta name=\"twitter:data1\" content=\"1 minute\" \/>\n<script type=\"application\/ld+json\" class=\"yoast-schema-graph\">{\"@context\":\"https:\/\/schema.org\",\"@graph\":[{\"@type\":\"WebPage\",\"@id\":\"https:\/\/www.gymnastica.fi\/en\/tuote\/gymnova-competition-exercise-floor-montreal-evolution-with-roll-up-mats14-x-14-m-fig-springs-assembled-gy-6776\/\",\"url\":\"https:\/\/www.gymnastica.fi\/en\/tuote\/gymnova-competition-exercise-floor-montreal-evolution-with-roll-up-mats14-x-14-m-fig-springs-assembled-gy-6776\/\",\"name\":\"Gymnova frist\u00e5ende golv Montreal Evolution med akrobatikmatta14 x 14 m FIG, st\u00e5lfj\u00e4rdrarna monterade GY-6776 &#8212; Gymnastica\",\"isPartOf\":{\"@id\":\"https:\/\/www.gymnastica.fi\/#website\"},\"primaryImageOfPage\":{\"@id\":\"https:\/\/www.gymnastica.fi\/en\/tuote\/gymnova-competition-exercise-floor-montreal-evolution-with-roll-up-mats14-x-14-m-fig-springs-assembled-gy-6776\/#primaryimage\"},\"image\":{\"@id\":\"https:\/\/www.gymnastica.fi\/en\/tuote\/gymnova-competition-exercise-floor-montreal-evolution-with-roll-up-mats14-x-14-m-fig-springs-assembled-gy-6776\/#primaryimage\"},\"thumbnailUrl\":\"https:\/\/www.gymnastica.fi\/app\/uploads\/2022\/04\/GY-6776DE.jpg\",\"datePublished\":\"2022-04-27T12:25:11+00:00\",\"dateModified\":\"2024-07-23T12:04:03+00:00\",\"breadcrumb\":{\"@id\":\"https:\/\/www.gymnastica.fi\/en\/tuote\/gymnova-competition-exercise-floor-montreal-evolution-with-roll-up-mats14-x-14-m-fig-springs-assembled-gy-6776\/#breadcrumb\"},\"inLanguage\":\"sv-SE\",\"potentialAction\":[{\"@type\":\"ReadAction\",\"target\":[\"https:\/\/www.gymnastica.fi\/en\/tuote\/gymnova-competition-exercise-floor-montreal-evolution-with-roll-up-mats14-x-14-m-fig-springs-assembled-gy-6776\/\"]}]},{\"@type\":\"ImageObject\",\"inLanguage\":\"sv-SE\",\"@id\":\"https:\/\/www.gymnastica.fi\/en\/tuote\/gymnova-competition-exercise-floor-montreal-evolution-with-roll-up-mats14-x-14-m-fig-springs-assembled-gy-6776\/#primaryimage\",\"url\":\"https:\/\/www.gymnastica.fi\/app\/uploads\/2022\/04\/GY-6776DE.jpg\",\"contentUrl\":\"https:\/\/www.gymnastica.fi\/app\/uploads\/2022\/04\/GY-6776DE.jpg\",\"width\":750,\"height\":500},{\"@type\":\"BreadcrumbList\",\"@id\":\"https:\/\/www.gymnastica.fi\/en\/tuote\/gymnova-competition-exercise-floor-montreal-evolution-with-roll-up-mats14-x-14-m-fig-springs-assembled-gy-6776\/#breadcrumb\",\"itemListElement\":[{\"@type\":\"ListItem\",\"position\":1,\"name\":\"Home\",\"item\":\"https:\/\/www.gymnastica.fi\/sv\/\"},{\"@type\":\"ListItem\",\"position\":2,\"name\":\"Butik\",\"item\":\"https:\/\/www.gymnastica.fi\/sv\/butik\/\"},{\"@type\":\"ListItem\",\"position\":3,\"name\":\"Gymnova frist\u00e5ende golv Montreal Evolution med akrobatikmatta14 x 14 m FIG, st\u00e5lfj\u00e4rdrarna monterade GY-6776\"}]},{\"@type\":\"WebSite\",\"@id\":\"https:\/\/www.gymnastica.fi\/#website\",\"url\":\"https:\/\/www.gymnastica.fi\/\",\"name\":\"Gymnastica\",\"description\":\"Liikunta- ja urheilutilasuunnittelun ja v\u00e4lineiden asiantuntija\",\"publisher\":{\"@id\":\"https:\/\/www.gymnastica.fi\/#organization\"},\"potentialAction\":[{\"@type\":\"SearchAction\",\"target\":{\"@type\":\"EntryPoint\",\"urlTemplate\":\"https:\/\/www.gymnastica.fi\/?s={search_term_string}\"},\"query-input\":{\"@type\":\"PropertyValueSpecification\",\"valueRequired\":true,\"valueName\":\"search_term_string\"}}],\"inLanguage\":\"sv-SE\"},{\"@type\":\"Organization\",\"@id\":\"https:\/\/www.gymnastica.fi\/#organization\",\"name\":\"Gymnastica\",\"url\":\"https:\/\/www.gymnastica.fi\/\",\"logo\":{\"@type\":\"ImageObject\",\"inLanguage\":\"sv-SE\",\"@id\":\"https:\/\/www.gymnastica.fi\/#\/schema\/logo\/image\/\",\"url\":\"https:\/\/www.gymnastica.fi\/app\/uploads\/2021\/04\/logo.svg\",\"contentUrl\":\"https:\/\/www.gymnastica.fi\/app\/uploads\/2021\/04\/logo.svg\",\"width\":246,\"height\":59,\"caption\":\"Gymnastica\"},\"image\":{\"@id\":\"https:\/\/www.gymnastica.fi\/#\/schema\/logo\/image\/\"}}]}<\/script>\n<!-- \/ Yoast SEO plugin. -->","yoast_head_json":{"title":"Gymnova frist\u00e5ende golv Montreal Evolution med akrobatikmatta14 x 14 m FIG, st\u00e5lfj\u00e4rdrarna monterade GY-6776 &#8212; Gymnastica","robots":{"index":"index","follow":"follow","max-snippet":"max-snippet:-1","max-image-preview":"max-image-preview:large","max-video-preview":"max-video-preview:-1"},"canonical":"https:\/\/www.gymnastica.fi\/en\/tuote\/gymnova-competition-exercise-floor-montreal-evolution-with-roll-up-mats14-x-14-m-fig-springs-assembled-gy-6776\/","og_locale":"sv_SE","og_type":"article","og_title":"Gymnova frist\u00e5ende golv Montreal Evolution med akrobatikmatta14 x 14 m FIG, st\u00e5lfj\u00e4rdrarna monterade GY-6776 &#8212; Gymnastica","og_description":"Tarjouspyynt\u00f6tuote","og_url":"https:\/\/www.gymnastica.fi\/en\/tuote\/gymnova-competition-exercise-floor-montreal-evolution-with-roll-up-mats14-x-14-m-fig-springs-assembled-gy-6776\/","og_site_name":"Gymnastica","article_modified_time":"2024-07-23T12:04:03+00:00","og_image":[{"width":750,"height":500,"url":"https:\/\/www.gymnastica.fi\/app\/uploads\/2022\/04\/GY-6776DE.jpg","type":"image\/jpeg"}],"twitter_card":"summary_large_image","twitter_misc":{"Est. reading time":"1 minute"},"schema":{"@context":"https:\/\/schema.org","@graph":[{"@type":"WebPage","@id":"https:\/\/www.gymnastica.fi\/en\/tuote\/gymnova-competition-exercise-floor-montreal-evolution-with-roll-up-mats14-x-14-m-fig-springs-assembled-gy-6776\/","url":"https:\/\/www.gymnastica.fi\/en\/tuote\/gymnova-competition-exercise-floor-montreal-evolution-with-roll-up-mats14-x-14-m-fig-springs-assembled-gy-6776\/","name":"Gymnova frist\u00e5ende golv Montreal Evolution med akrobatikmatta14 x 14 m FIG, st\u00e5lfj\u00e4rdrarna monterade GY-6776 &#8212; Gymnastica","isPartOf":{"@id":"https:\/\/www.gymnastica.fi\/#website"},"primaryImageOfPage":{"@id":"https:\/\/www.gymnastica.fi\/en\/tuote\/gymnova-competition-exercise-floor-montreal-evolution-with-roll-up-mats14-x-14-m-fig-springs-assembled-gy-6776\/#primaryimage"},"image":{"@id":"https:\/\/www.gymnastica.fi\/en\/tuote\/gymnova-competition-exercise-floor-montreal-evolution-with-roll-up-mats14-x-14-m-fig-springs-assembled-gy-6776\/#primaryimage"},"thumbnailUrl":"https:\/\/www.gymnastica.fi\/app\/uploads\/2022\/04\/GY-6776DE.jpg","datePublished":"2022-04-27T12:25:11+00:00","dateModified":"2024-07-23T12:04:03+00:00","breadcrumb":{"@id":"https:\/\/www.gymnastica.fi\/en\/tuote\/gymnova-competition-exercise-floor-montreal-evolution-with-roll-up-mats14-x-14-m-fig-springs-assembled-gy-6776\/#breadcrumb"},"inLanguage":"sv-SE","potentialAction":[{"@type":"ReadAction","target":["https:\/\/www.gymnastica.fi\/en\/tuote\/gymnova-competition-exercise-floor-montreal-evolution-with-roll-up-mats14-x-14-m-fig-springs-assembled-gy-6776\/"]}]},{"@type":"ImageObject","inLanguage":"sv-SE","@id":"https:\/\/www.gymnastica.fi\/en\/tuote\/gymnova-competition-exercise-floor-montreal-evolution-with-roll-up-mats14-x-14-m-fig-springs-assembled-gy-6776\/#primaryimage","url":"https:\/\/www.gymnastica.fi\/app\/uploads\/2022\/04\/GY-6776DE.jpg","contentUrl":"https:\/\/www.gymnastica.fi\/app\/uploads\/2022\/04\/GY-6776DE.jpg","width":750,"height":500},{"@type":"BreadcrumbList","@id":"https:\/\/www.gymnastica.fi\/en\/tuote\/gymnova-competition-exercise-floor-montreal-evolution-with-roll-up-mats14-x-14-m-fig-springs-assembled-gy-6776\/#breadcrumb","itemListElement":[{"@type":"ListItem","position":1,"name":"Home","item":"https:\/\/www.gymnastica.fi\/sv\/"},{"@type":"ListItem","position":2,"name":"Butik","item":"https:\/\/www.gymnastica.fi\/sv\/butik\/"},{"@type":"ListItem","position":3,"name":"Gymnova frist\u00e5ende golv Montreal Evolution med akrobatikmatta14 x 14 m FIG, st\u00e5lfj\u00e4rdrarna monterade GY-6776"}]},{"@type":"WebSite","@id":"https:\/\/www.gymnastica.fi\/#website","url":"https:\/\/www.gymnastica.fi\/","name":"Gymnastica","description":"Liikunta- ja urheilutilasuunnittelun ja v\u00e4lineiden asiantuntija","publisher":{"@id":"https:\/\/www.gymnastica.fi\/#organization"},"potentialAction":[{"@type":"SearchAction","target":{"@type":"EntryPoint","urlTemplate":"https:\/\/www.gymnastica.fi\/?s={search_term_string}"},"query-input":{"@type":"PropertyValueSpecification","valueRequired":true,"valueName":"search_term_string"}}],"inLanguage":"sv-SE"},{"@type":"Organization","@id":"https:\/\/www.gymnastica.fi\/#organization","name":"Gymnastica","url":"https:\/\/www.gymnastica.fi\/","logo":{"@type":"ImageObject","inLanguage":"sv-SE","@id":"https:\/\/www.gymnastica.fi\/#\/schema\/logo\/image\/","url":"https:\/\/www.gymnastica.fi\/app\/uploads\/2021\/04\/logo.svg","contentUrl":"https:\/\/www.gymnastica.fi\/app\/uploads\/2021\/04\/logo.svg","width":246,"height":59,"caption":"Gymnastica"},"image":{"@id":"https:\/\/www.gymnastica.fi\/#\/schema\/logo\/image\/"}}]}},"_links":{"self":[{"href":"https:\/\/www.gymnastica.fi\/sv\/wp-json\/wp\/v2\/product\/30036","targetHints":{"allow":["GET"]}}],"collection":[{"href":"https:\/\/www.gymnastica.fi\/sv\/wp-json\/wp\/v2\/product"}],"about":[{"href":"https:\/\/www.gymnastica.fi\/sv\/wp-json\/wp\/v2\/types\/product"}],"wp:featuredmedia":[{"embeddable":true,"href":"https:\/\/www.gymnastica.fi\/sv\/wp-json\/wp\/v2\/media\/39747"}],"wp:attachment":[{"href":"https:\/\/www.gymnastica.fi\/sv\/wp-json\/wp\/v2\/media?parent=30036"}],"wp:term":[{"taxonomy":"product_brand","embeddable":true,"href":"https:\/\/www.gymnastica.fi\/sv\/wp-json\/wp\/v2\/product_brand?post=30036"},{"taxonomy":"product_cat","embeddable":true,"href":"https:\/\/www.gymnastica.fi\/sv\/wp-json\/wp\/v2\/product_cat?post=30036"},{"taxonomy":"product_tag","embeddable":true,"href":"https:\/\/www.gymnastica.fi\/sv\/wp-json\/wp\/v2\/product_tag?post=30036"},{"taxonomy":"manufacturers","embeddable":true,"href":"https:\/\/www.gymnastica.fi\/sv\/wp-json\/wp\/v2\/manufacturers?post=30036"},{"taxonomy":"suppliers","embeddable":true,"href":"https:\/\/www.gymnastica.fi\/sv\/wp-json\/wp\/v2\/suppliers?post=30036"}],"curies":[{"name":"wp","href":"https:\/\/api.w.org\/{rel}","templated":true}]}}