{"id":30182,"date":"2022-04-27T15:22:31","date_gmt":"2022-04-27T12:22:31","guid":{"rendered":"https:\/\/www.gymnastica.fi\/tuote\/kgm-vagn-for-junior-handbollsmal\/"},"modified":"2022-04-27T15:22:31","modified_gmt":"2022-04-27T12:22:31","slug":"kgm-vagn-for-junior-handbollsmal","status":"publish","type":"product","link":"https:\/\/www.gymnastica.fi\/sv\/tuote\/kgm-vagn-for-junior-handbollsmal\/","title":{"rendered":"KGM vagn f\u00f6r junior handbollsm\u00e5l"},"content":{"rendered":"<p>KGM vagn f\u00f6r juniorhandbollsm\u00e5l. H\u00f6jd 1955 mm, bredd 1000 mm och l\u00e4ngd 1700 mm. H\u00f6jd 1980 mm inklusive 1-4 st KG-F230035 minihandbollsm\u00e5l. Rymmer 4 st m\u00e5lramar. Pulverlackerad vit metalvagn.<\/p>\n","protected":false},"excerpt":{"rendered":"<p>Tarjouspyynt\u00f6tuote<\/p>\n","protected":false},"featured_media":9621,"template":"","meta":{"_acf_changed":false,"_relevanssi_hide_post":"","_relevanssi_hide_content":"","_relevanssi_pin_for_all":"","_relevanssi_pin_keywords":"","_relevanssi_unpin_keywords":"","_relevanssi_related_keywords":"","_relevanssi_related_include_ids":"","_relevanssi_related_exclude_ids":"","_relevanssi_related_no_append":"","_relevanssi_related_not_related":"","_relevanssi_related_posts":"","_relevanssi_noindex_reason":""},"product_brand":[],"product_cat":[1654,2442,1933,2407,2516,2463],"product_tag":[2465,2856,2444,2464],"manufacturers":[],"suppliers":[],"class_list":{"0":"post-30182","1":"product","2":"type-product","3":"status-publish","4":"has-post-thumbnail","6":"product_cat-marken","7":"product_cat-kgm-sv","8":"product_cat-sporthallprodukter-2","9":"product_cat-skolgymnastiksalar","10":"product_cat-handboll","11":"product_cat-forvaringssystem","12":"product_tag-forvaringsvagn","13":"product_tag-handbollsmal","14":"product_tag-kgm-sv","15":"product_tag-transportvagn","17":"first","18":"instock","19":"taxable","20":"shipping-taxable","21":"product-type-simple"},"acf":[],"yoast_head":"<!-- This site is optimized with the Yoast SEO plugin v26.8 - https:\/\/yoast.com\/product\/yoast-seo-wordpress\/ -->\n<title>KGM vagn f\u00f6r junior handbollsm\u00e5l &#8212; Gymnastica<\/title>\n<meta name=\"robots\" content=\"index, follow, max-snippet:-1, max-image-preview:large, max-video-preview:-1\" \/>\n<link rel=\"canonical\" href=\"https:\/\/www.gymnastica.fi\/en\/tuote\/kgm-junior-handball-goals-transport-and-storage-trolley\/\" \/>\n<meta property=\"og:locale\" content=\"sv_SE\" \/>\n<meta property=\"og:type\" content=\"article\" \/>\n<meta property=\"og:title\" content=\"KGM vagn f\u00f6r junior handbollsm\u00e5l &#8212; Gymnastica\" \/>\n<meta property=\"og:description\" content=\"Tarjouspyynt\u00f6tuote\" \/>\n<meta property=\"og:url\" content=\"https:\/\/www.gymnastica.fi\/en\/tuote\/kgm-junior-handball-goals-transport-and-storage-trolley\/\" \/>\n<meta property=\"og:site_name\" content=\"Gymnastica\" \/>\n<meta name=\"twitter:card\" content=\"summary_large_image\" \/>\n<script type=\"application\/ld+json\" class=\"yoast-schema-graph\">{\"@context\":\"https:\/\/schema.org\",\"@graph\":[{\"@type\":\"WebPage\",\"@id\":\"https:\/\/www.gymnastica.fi\/en\/tuote\/kgm-junior-handball-goals-transport-and-storage-trolley\/\",\"url\":\"https:\/\/www.gymnastica.fi\/en\/tuote\/kgm-junior-handball-goals-transport-and-storage-trolley\/\",\"name\":\"KGM vagn f\u00f6r junior handbollsm\u00e5l &#8212; Gymnastica\",\"isPartOf\":{\"@id\":\"https:\/\/www.gymnastica.fi\/#website\"},\"primaryImageOfPage\":{\"@id\":\"https:\/\/www.gymnastica.fi\/en\/tuote\/kgm-junior-handball-goals-transport-and-storage-trolley\/#primaryimage\"},\"image\":{\"@id\":\"https:\/\/www.gymnastica.fi\/en\/tuote\/kgm-junior-handball-goals-transport-and-storage-trolley\/#primaryimage\"},\"thumbnailUrl\":\"https:\/\/www.gymnastica.fi\/app\/uploads\/2022\/04\/KG-F265215.jpg\",\"datePublished\":\"2022-04-27T12:22:31+00:00\",\"breadcrumb\":{\"@id\":\"https:\/\/www.gymnastica.fi\/en\/tuote\/kgm-junior-handball-goals-transport-and-storage-trolley\/#breadcrumb\"},\"inLanguage\":\"sv-SE\",\"potentialAction\":[{\"@type\":\"ReadAction\",\"target\":[\"https:\/\/www.gymnastica.fi\/en\/tuote\/kgm-junior-handball-goals-transport-and-storage-trolley\/\"]}]},{\"@type\":\"ImageObject\",\"inLanguage\":\"sv-SE\",\"@id\":\"https:\/\/www.gymnastica.fi\/en\/tuote\/kgm-junior-handball-goals-transport-and-storage-trolley\/#primaryimage\",\"url\":\"https:\/\/www.gymnastica.fi\/app\/uploads\/2022\/04\/KG-F265215.jpg\",\"contentUrl\":\"https:\/\/www.gymnastica.fi\/app\/uploads\/2022\/04\/KG-F265215.jpg\",\"width\":422,\"height\":500},{\"@type\":\"BreadcrumbList\",\"@id\":\"https:\/\/www.gymnastica.fi\/en\/tuote\/kgm-junior-handball-goals-transport-and-storage-trolley\/#breadcrumb\",\"itemListElement\":[{\"@type\":\"ListItem\",\"position\":1,\"name\":\"Home\",\"item\":\"https:\/\/www.gymnastica.fi\/sv\/\"},{\"@type\":\"ListItem\",\"position\":2,\"name\":\"Butik\",\"item\":\"https:\/\/www.gymnastica.fi\/sv\/butik\/\"},{\"@type\":\"ListItem\",\"position\":3,\"name\":\"KGM vagn f\u00f6r junior handbollsm\u00e5l\"}]},{\"@type\":\"WebSite\",\"@id\":\"https:\/\/www.gymnastica.fi\/#website\",\"url\":\"https:\/\/www.gymnastica.fi\/\",\"name\":\"Gymnastica\",\"description\":\"Liikunta- ja urheilutilasuunnittelun ja v\u00e4lineiden asiantuntija\",\"publisher\":{\"@id\":\"https:\/\/www.gymnastica.fi\/#organization\"},\"potentialAction\":[{\"@type\":\"SearchAction\",\"target\":{\"@type\":\"EntryPoint\",\"urlTemplate\":\"https:\/\/www.gymnastica.fi\/?s={search_term_string}\"},\"query-input\":{\"@type\":\"PropertyValueSpecification\",\"valueRequired\":true,\"valueName\":\"search_term_string\"}}],\"inLanguage\":\"sv-SE\"},{\"@type\":\"Organization\",\"@id\":\"https:\/\/www.gymnastica.fi\/#organization\",\"name\":\"Gymnastica\",\"url\":\"https:\/\/www.gymnastica.fi\/\",\"logo\":{\"@type\":\"ImageObject\",\"inLanguage\":\"sv-SE\",\"@id\":\"https:\/\/www.gymnastica.fi\/#\/schema\/logo\/image\/\",\"url\":\"https:\/\/www.gymnastica.fi\/app\/uploads\/2021\/04\/logo.svg\",\"contentUrl\":\"https:\/\/www.gymnastica.fi\/app\/uploads\/2021\/04\/logo.svg\",\"width\":246,\"height\":59,\"caption\":\"Gymnastica\"},\"image\":{\"@id\":\"https:\/\/www.gymnastica.fi\/#\/schema\/logo\/image\/\"}}]}<\/script>\n<!-- \/ Yoast SEO plugin. -->","yoast_head_json":{"title":"KGM vagn f\u00f6r junior handbollsm\u00e5l &#8212; Gymnastica","robots":{"index":"index","follow":"follow","max-snippet":"max-snippet:-1","max-image-preview":"max-image-preview:large","max-video-preview":"max-video-preview:-1"},"canonical":"https:\/\/www.gymnastica.fi\/en\/tuote\/kgm-junior-handball-goals-transport-and-storage-trolley\/","og_locale":"sv_SE","og_type":"article","og_title":"KGM vagn f\u00f6r junior handbollsm\u00e5l &#8212; Gymnastica","og_description":"Tarjouspyynt\u00f6tuote","og_url":"https:\/\/www.gymnastica.fi\/en\/tuote\/kgm-junior-handball-goals-transport-and-storage-trolley\/","og_site_name":"Gymnastica","twitter_card":"summary_large_image","schema":{"@context":"https:\/\/schema.org","@graph":[{"@type":"WebPage","@id":"https:\/\/www.gymnastica.fi\/en\/tuote\/kgm-junior-handball-goals-transport-and-storage-trolley\/","url":"https:\/\/www.gymnastica.fi\/en\/tuote\/kgm-junior-handball-goals-transport-and-storage-trolley\/","name":"KGM vagn f\u00f6r junior handbollsm\u00e5l &#8212; Gymnastica","isPartOf":{"@id":"https:\/\/www.gymnastica.fi\/#website"},"primaryImageOfPage":{"@id":"https:\/\/www.gymnastica.fi\/en\/tuote\/kgm-junior-handball-goals-transport-and-storage-trolley\/#primaryimage"},"image":{"@id":"https:\/\/www.gymnastica.fi\/en\/tuote\/kgm-junior-handball-goals-transport-and-storage-trolley\/#primaryimage"},"thumbnailUrl":"https:\/\/www.gymnastica.fi\/app\/uploads\/2022\/04\/KG-F265215.jpg","datePublished":"2022-04-27T12:22:31+00:00","breadcrumb":{"@id":"https:\/\/www.gymnastica.fi\/en\/tuote\/kgm-junior-handball-goals-transport-and-storage-trolley\/#breadcrumb"},"inLanguage":"sv-SE","potentialAction":[{"@type":"ReadAction","target":["https:\/\/www.gymnastica.fi\/en\/tuote\/kgm-junior-handball-goals-transport-and-storage-trolley\/"]}]},{"@type":"ImageObject","inLanguage":"sv-SE","@id":"https:\/\/www.gymnastica.fi\/en\/tuote\/kgm-junior-handball-goals-transport-and-storage-trolley\/#primaryimage","url":"https:\/\/www.gymnastica.fi\/app\/uploads\/2022\/04\/KG-F265215.jpg","contentUrl":"https:\/\/www.gymnastica.fi\/app\/uploads\/2022\/04\/KG-F265215.jpg","width":422,"height":500},{"@type":"BreadcrumbList","@id":"https:\/\/www.gymnastica.fi\/en\/tuote\/kgm-junior-handball-goals-transport-and-storage-trolley\/#breadcrumb","itemListElement":[{"@type":"ListItem","position":1,"name":"Home","item":"https:\/\/www.gymnastica.fi\/sv\/"},{"@type":"ListItem","position":2,"name":"Butik","item":"https:\/\/www.gymnastica.fi\/sv\/butik\/"},{"@type":"ListItem","position":3,"name":"KGM vagn f\u00f6r junior handbollsm\u00e5l"}]},{"@type":"WebSite","@id":"https:\/\/www.gymnastica.fi\/#website","url":"https:\/\/www.gymnastica.fi\/","name":"Gymnastica","description":"Liikunta- ja urheilutilasuunnittelun ja v\u00e4lineiden asiantuntija","publisher":{"@id":"https:\/\/www.gymnastica.fi\/#organization"},"potentialAction":[{"@type":"SearchAction","target":{"@type":"EntryPoint","urlTemplate":"https:\/\/www.gymnastica.fi\/?s={search_term_string}"},"query-input":{"@type":"PropertyValueSpecification","valueRequired":true,"valueName":"search_term_string"}}],"inLanguage":"sv-SE"},{"@type":"Organization","@id":"https:\/\/www.gymnastica.fi\/#organization","name":"Gymnastica","url":"https:\/\/www.gymnastica.fi\/","logo":{"@type":"ImageObject","inLanguage":"sv-SE","@id":"https:\/\/www.gymnastica.fi\/#\/schema\/logo\/image\/","url":"https:\/\/www.gymnastica.fi\/app\/uploads\/2021\/04\/logo.svg","contentUrl":"https:\/\/www.gymnastica.fi\/app\/uploads\/2021\/04\/logo.svg","width":246,"height":59,"caption":"Gymnastica"},"image":{"@id":"https:\/\/www.gymnastica.fi\/#\/schema\/logo\/image\/"}}]}},"_links":{"self":[{"href":"https:\/\/www.gymnastica.fi\/sv\/wp-json\/wp\/v2\/product\/30182","targetHints":{"allow":["GET"]}}],"collection":[{"href":"https:\/\/www.gymnastica.fi\/sv\/wp-json\/wp\/v2\/product"}],"about":[{"href":"https:\/\/www.gymnastica.fi\/sv\/wp-json\/wp\/v2\/types\/product"}],"wp:featuredmedia":[{"embeddable":true,"href":"https:\/\/www.gymnastica.fi\/sv\/wp-json\/wp\/v2\/media\/9621"}],"wp:attachment":[{"href":"https:\/\/www.gymnastica.fi\/sv\/wp-json\/wp\/v2\/media?parent=30182"}],"wp:term":[{"taxonomy":"product_brand","embeddable":true,"href":"https:\/\/www.gymnastica.fi\/sv\/wp-json\/wp\/v2\/product_brand?post=30182"},{"taxonomy":"product_cat","embeddable":true,"href":"https:\/\/www.gymnastica.fi\/sv\/wp-json\/wp\/v2\/product_cat?post=30182"},{"taxonomy":"product_tag","embeddable":true,"href":"https:\/\/www.gymnastica.fi\/sv\/wp-json\/wp\/v2\/product_tag?post=30182"},{"taxonomy":"manufacturers","embeddable":true,"href":"https:\/\/www.gymnastica.fi\/sv\/wp-json\/wp\/v2\/manufacturers?post=30182"},{"taxonomy":"suppliers","embeddable":true,"href":"https:\/\/www.gymnastica.fi\/sv\/wp-json\/wp\/v2\/suppliers?post=30182"}],"curies":[{"name":"wp","href":"https:\/\/api.w.org\/{rel}","templated":true}]}}