{"id":30923,"date":"2022-04-27T15:11:49","date_gmt":"2022-04-27T12:11:49","guid":{"rendered":"https:\/\/www.gymnastica.fi\/tuote\/gymnova-fifty-fifty-styrketraningsredskap\/"},"modified":"2025-03-04T12:50:20","modified_gmt":"2025-03-04T10:50:20","slug":"gymnova-fifty-fifty-styrketraningsredskap","status":"publish","type":"product","link":"https:\/\/www.gymnastica.fi\/sv\/tuote\/gymnova-fifty-fifty-styrketraningsredskap\/","title":{"rendered":"Gymnova Fifty-Fifty styrketr\u00e4ningsredskap GY-3795"},"content":{"rendered":"<p>Gymnova Fifty-Fifty styrketr\u00e4ningsredskap.\u00a0G\u00f6r det m\u00f6jligt att l\u00e4ttare kunna tr\u00e4na tunga tekniska element genom att halvera gymnastens kroppsvikt. Passar till alla Gymnova ringramar och voltb\u00e4lten. Initialh\u00f6jd m\u00e5ste vara 280 cm fr\u00e5n golvet f\u00f6r att Fifty-Fifty ska kunna anv\u00e4ndas p\u00e5 hela sitt anv\u00e4ndningsomr\u00e5de. Ringarnas h\u00f6jd kan justeras till voltb\u00e4ltets h\u00f6jd och gymnastens l\u00e4ngd. Justerbara ringar upp till 280 cm. Fifty-fifty levereras med rep, block och sv\u00e4ngbara krokar. Voltb\u00e4lte och ringar ing\u00e5r ej. Vi rekommenderar att\u00a0 voltb\u00e4ltmodeller GY-2830 eller GY-2840 anv\u00e4nds i Fifty-Fifty.<\/p>\n","protected":false},"excerpt":{"rendered":"<p>Be om offert<\/p>\n","protected":false},"featured_media":8876,"template":"","meta":{"_acf_changed":false,"_relevanssi_hide_post":"","_relevanssi_hide_content":"","_relevanssi_pin_for_all":"","_relevanssi_pin_keywords":"","_relevanssi_unpin_keywords":"","_relevanssi_related_keywords":"","_relevanssi_related_include_ids":"","_relevanssi_related_exclude_ids":"","_relevanssi_related_no_append":"","_relevanssi_related_not_related":"","_relevanssi_related_posts":"","_relevanssi_noindex_reason":""},"product_brand":[],"product_cat":[1654,2648,1933,1918,2536],"product_tag":[],"manufacturers":[],"suppliers":[],"class_list":{"0":"post-30923","1":"product","2":"type-product","3":"status-publish","4":"has-post-thumbnail","6":"product_cat-marken","7":"product_cat-gymnova-sv","8":"product_cat-sporthallprodukter-2","9":"product_cat-redskapsgymnastik","10":"product_cat-gymnastikringar","12":"first","13":"onbackorder","14":"taxable","15":"shipping-taxable","16":"product-type-simple"},"acf":[],"yoast_head":"<!-- This site is optimized with the Yoast SEO plugin v26.8 - https:\/\/yoast.com\/product\/yoast-seo-wordpress\/ -->\n<title>Gymnova Fifty-Fifty styrketr\u00e4ningsredskap GY-3795 &#8212; Gymnastica<\/title>\n<meta name=\"robots\" content=\"index, follow, max-snippet:-1, max-image-preview:large, max-video-preview:-1\" \/>\n<link rel=\"canonical\" href=\"https:\/\/www.gymnastica.fi\/en\/tuote\/gymnova-fifty-fifty-strength-exercises-equipment\/\" \/>\n<meta property=\"og:locale\" content=\"sv_SE\" \/>\n<meta property=\"og:type\" content=\"article\" \/>\n<meta property=\"og:title\" content=\"Gymnova Fifty-Fifty styrketr\u00e4ningsredskap GY-3795 &#8212; Gymnastica\" \/>\n<meta property=\"og:description\" content=\"Be om offert\" \/>\n<meta property=\"og:url\" content=\"https:\/\/www.gymnastica.fi\/en\/tuote\/gymnova-fifty-fifty-strength-exercises-equipment\/\" \/>\n<meta property=\"og:site_name\" content=\"Gymnastica\" \/>\n<meta property=\"article:modified_time\" content=\"2025-03-04T10:50:20+00:00\" \/>\n<meta name=\"twitter:card\" content=\"summary_large_image\" \/>\n<meta name=\"twitter:label1\" content=\"Est. reading time\" \/>\n\t<meta name=\"twitter:data1\" content=\"1 minute\" \/>\n<script type=\"application\/ld+json\" class=\"yoast-schema-graph\">{\"@context\":\"https:\/\/schema.org\",\"@graph\":[{\"@type\":\"WebPage\",\"@id\":\"https:\/\/www.gymnastica.fi\/en\/tuote\/gymnova-fifty-fifty-strength-exercises-equipment\/\",\"url\":\"https:\/\/www.gymnastica.fi\/en\/tuote\/gymnova-fifty-fifty-strength-exercises-equipment\/\",\"name\":\"Gymnova Fifty-Fifty styrketr\u00e4ningsredskap GY-3795 &#8212; Gymnastica\",\"isPartOf\":{\"@id\":\"https:\/\/www.gymnastica.fi\/#website\"},\"primaryImageOfPage\":{\"@id\":\"https:\/\/www.gymnastica.fi\/en\/tuote\/gymnova-fifty-fifty-strength-exercises-equipment\/#primaryimage\"},\"image\":{\"@id\":\"https:\/\/www.gymnastica.fi\/en\/tuote\/gymnova-fifty-fifty-strength-exercises-equipment\/#primaryimage\"},\"thumbnailUrl\":\"https:\/\/www.gymnastica.fi\/app\/uploads\/2022\/04\/GY-3795.jpg\",\"datePublished\":\"2022-04-27T12:11:49+00:00\",\"dateModified\":\"2025-03-04T10:50:20+00:00\",\"breadcrumb\":{\"@id\":\"https:\/\/www.gymnastica.fi\/en\/tuote\/gymnova-fifty-fifty-strength-exercises-equipment\/#breadcrumb\"},\"inLanguage\":\"sv-SE\",\"potentialAction\":[{\"@type\":\"ReadAction\",\"target\":[\"https:\/\/www.gymnastica.fi\/en\/tuote\/gymnova-fifty-fifty-strength-exercises-equipment\/\"]}]},{\"@type\":\"ImageObject\",\"inLanguage\":\"sv-SE\",\"@id\":\"https:\/\/www.gymnastica.fi\/en\/tuote\/gymnova-fifty-fifty-strength-exercises-equipment\/#primaryimage\",\"url\":\"https:\/\/www.gymnastica.fi\/app\/uploads\/2022\/04\/GY-3795.jpg\",\"contentUrl\":\"https:\/\/www.gymnastica.fi\/app\/uploads\/2022\/04\/GY-3795.jpg\",\"width\":1024,\"height\":1024},{\"@type\":\"BreadcrumbList\",\"@id\":\"https:\/\/www.gymnastica.fi\/en\/tuote\/gymnova-fifty-fifty-strength-exercises-equipment\/#breadcrumb\",\"itemListElement\":[{\"@type\":\"ListItem\",\"position\":1,\"name\":\"Home\",\"item\":\"https:\/\/www.gymnastica.fi\/sv\/\"},{\"@type\":\"ListItem\",\"position\":2,\"name\":\"Butik\",\"item\":\"https:\/\/www.gymnastica.fi\/sv\/butik\/\"},{\"@type\":\"ListItem\",\"position\":3,\"name\":\"Gymnova Fifty-Fifty styrketr\u00e4ningsredskap GY-3795\"}]},{\"@type\":\"WebSite\",\"@id\":\"https:\/\/www.gymnastica.fi\/#website\",\"url\":\"https:\/\/www.gymnastica.fi\/\",\"name\":\"Gymnastica\",\"description\":\"Liikunta- ja urheilutilasuunnittelun ja v\u00e4lineiden asiantuntija\",\"publisher\":{\"@id\":\"https:\/\/www.gymnastica.fi\/#organization\"},\"potentialAction\":[{\"@type\":\"SearchAction\",\"target\":{\"@type\":\"EntryPoint\",\"urlTemplate\":\"https:\/\/www.gymnastica.fi\/?s={search_term_string}\"},\"query-input\":{\"@type\":\"PropertyValueSpecification\",\"valueRequired\":true,\"valueName\":\"search_term_string\"}}],\"inLanguage\":\"sv-SE\"},{\"@type\":\"Organization\",\"@id\":\"https:\/\/www.gymnastica.fi\/#organization\",\"name\":\"Gymnastica\",\"url\":\"https:\/\/www.gymnastica.fi\/\",\"logo\":{\"@type\":\"ImageObject\",\"inLanguage\":\"sv-SE\",\"@id\":\"https:\/\/www.gymnastica.fi\/#\/schema\/logo\/image\/\",\"url\":\"https:\/\/www.gymnastica.fi\/app\/uploads\/2021\/04\/logo.svg\",\"contentUrl\":\"https:\/\/www.gymnastica.fi\/app\/uploads\/2021\/04\/logo.svg\",\"width\":246,\"height\":59,\"caption\":\"Gymnastica\"},\"image\":{\"@id\":\"https:\/\/www.gymnastica.fi\/#\/schema\/logo\/image\/\"}}]}<\/script>\n<!-- \/ Yoast SEO plugin. -->","yoast_head_json":{"title":"Gymnova Fifty-Fifty styrketr\u00e4ningsredskap GY-3795 &#8212; Gymnastica","robots":{"index":"index","follow":"follow","max-snippet":"max-snippet:-1","max-image-preview":"max-image-preview:large","max-video-preview":"max-video-preview:-1"},"canonical":"https:\/\/www.gymnastica.fi\/en\/tuote\/gymnova-fifty-fifty-strength-exercises-equipment\/","og_locale":"sv_SE","og_type":"article","og_title":"Gymnova Fifty-Fifty styrketr\u00e4ningsredskap GY-3795 &#8212; Gymnastica","og_description":"Be om offert","og_url":"https:\/\/www.gymnastica.fi\/en\/tuote\/gymnova-fifty-fifty-strength-exercises-equipment\/","og_site_name":"Gymnastica","article_modified_time":"2025-03-04T10:50:20+00:00","twitter_card":"summary_large_image","twitter_misc":{"Est. reading time":"1 minute"},"schema":{"@context":"https:\/\/schema.org","@graph":[{"@type":"WebPage","@id":"https:\/\/www.gymnastica.fi\/en\/tuote\/gymnova-fifty-fifty-strength-exercises-equipment\/","url":"https:\/\/www.gymnastica.fi\/en\/tuote\/gymnova-fifty-fifty-strength-exercises-equipment\/","name":"Gymnova Fifty-Fifty styrketr\u00e4ningsredskap GY-3795 &#8212; Gymnastica","isPartOf":{"@id":"https:\/\/www.gymnastica.fi\/#website"},"primaryImageOfPage":{"@id":"https:\/\/www.gymnastica.fi\/en\/tuote\/gymnova-fifty-fifty-strength-exercises-equipment\/#primaryimage"},"image":{"@id":"https:\/\/www.gymnastica.fi\/en\/tuote\/gymnova-fifty-fifty-strength-exercises-equipment\/#primaryimage"},"thumbnailUrl":"https:\/\/www.gymnastica.fi\/app\/uploads\/2022\/04\/GY-3795.jpg","datePublished":"2022-04-27T12:11:49+00:00","dateModified":"2025-03-04T10:50:20+00:00","breadcrumb":{"@id":"https:\/\/www.gymnastica.fi\/en\/tuote\/gymnova-fifty-fifty-strength-exercises-equipment\/#breadcrumb"},"inLanguage":"sv-SE","potentialAction":[{"@type":"ReadAction","target":["https:\/\/www.gymnastica.fi\/en\/tuote\/gymnova-fifty-fifty-strength-exercises-equipment\/"]}]},{"@type":"ImageObject","inLanguage":"sv-SE","@id":"https:\/\/www.gymnastica.fi\/en\/tuote\/gymnova-fifty-fifty-strength-exercises-equipment\/#primaryimage","url":"https:\/\/www.gymnastica.fi\/app\/uploads\/2022\/04\/GY-3795.jpg","contentUrl":"https:\/\/www.gymnastica.fi\/app\/uploads\/2022\/04\/GY-3795.jpg","width":1024,"height":1024},{"@type":"BreadcrumbList","@id":"https:\/\/www.gymnastica.fi\/en\/tuote\/gymnova-fifty-fifty-strength-exercises-equipment\/#breadcrumb","itemListElement":[{"@type":"ListItem","position":1,"name":"Home","item":"https:\/\/www.gymnastica.fi\/sv\/"},{"@type":"ListItem","position":2,"name":"Butik","item":"https:\/\/www.gymnastica.fi\/sv\/butik\/"},{"@type":"ListItem","position":3,"name":"Gymnova Fifty-Fifty styrketr\u00e4ningsredskap GY-3795"}]},{"@type":"WebSite","@id":"https:\/\/www.gymnastica.fi\/#website","url":"https:\/\/www.gymnastica.fi\/","name":"Gymnastica","description":"Liikunta- ja urheilutilasuunnittelun ja v\u00e4lineiden asiantuntija","publisher":{"@id":"https:\/\/www.gymnastica.fi\/#organization"},"potentialAction":[{"@type":"SearchAction","target":{"@type":"EntryPoint","urlTemplate":"https:\/\/www.gymnastica.fi\/?s={search_term_string}"},"query-input":{"@type":"PropertyValueSpecification","valueRequired":true,"valueName":"search_term_string"}}],"inLanguage":"sv-SE"},{"@type":"Organization","@id":"https:\/\/www.gymnastica.fi\/#organization","name":"Gymnastica","url":"https:\/\/www.gymnastica.fi\/","logo":{"@type":"ImageObject","inLanguage":"sv-SE","@id":"https:\/\/www.gymnastica.fi\/#\/schema\/logo\/image\/","url":"https:\/\/www.gymnastica.fi\/app\/uploads\/2021\/04\/logo.svg","contentUrl":"https:\/\/www.gymnastica.fi\/app\/uploads\/2021\/04\/logo.svg","width":246,"height":59,"caption":"Gymnastica"},"image":{"@id":"https:\/\/www.gymnastica.fi\/#\/schema\/logo\/image\/"}}]}},"_links":{"self":[{"href":"https:\/\/www.gymnastica.fi\/sv\/wp-json\/wp\/v2\/product\/30923","targetHints":{"allow":["GET"]}}],"collection":[{"href":"https:\/\/www.gymnastica.fi\/sv\/wp-json\/wp\/v2\/product"}],"about":[{"href":"https:\/\/www.gymnastica.fi\/sv\/wp-json\/wp\/v2\/types\/product"}],"wp:featuredmedia":[{"embeddable":true,"href":"https:\/\/www.gymnastica.fi\/sv\/wp-json\/wp\/v2\/media\/8876"}],"wp:attachment":[{"href":"https:\/\/www.gymnastica.fi\/sv\/wp-json\/wp\/v2\/media?parent=30923"}],"wp:term":[{"taxonomy":"product_brand","embeddable":true,"href":"https:\/\/www.gymnastica.fi\/sv\/wp-json\/wp\/v2\/product_brand?post=30923"},{"taxonomy":"product_cat","embeddable":true,"href":"https:\/\/www.gymnastica.fi\/sv\/wp-json\/wp\/v2\/product_cat?post=30923"},{"taxonomy":"product_tag","embeddable":true,"href":"https:\/\/www.gymnastica.fi\/sv\/wp-json\/wp\/v2\/product_tag?post=30923"},{"taxonomy":"manufacturers","embeddable":true,"href":"https:\/\/www.gymnastica.fi\/sv\/wp-json\/wp\/v2\/manufacturers?post=30923"},{"taxonomy":"suppliers","embeddable":true,"href":"https:\/\/www.gymnastica.fi\/sv\/wp-json\/wp\/v2\/suppliers?post=30923"}],"curies":[{"name":"wp","href":"https:\/\/api.w.org\/{rel}","templated":true}]}}