{"id":31685,"date":"2022-04-27T15:02:12","date_gmt":"2022-04-27T12:02:12","guid":{"rendered":"https:\/\/www.gymnastica.fi\/tuote\/gymnova-fig-rio-dambarr-med-kort-kabelsystem-barrholmar-med-trayta\/"},"modified":"2022-04-27T15:02:12","modified_gmt":"2022-04-27T12:02:12","slug":"gymnova-fig-rio-dambarr-med-kort-kabelsystem-barrholmar-med-trayta","status":"publish","type":"product","link":"https:\/\/www.gymnastica.fi\/sv\/tuote\/gymnova-fig-rio-dambarr-med-kort-kabelsystem-barrholmar-med-trayta\/","title":{"rendered":"Gymnova FIG Rio dambarr med kort kabelsystem barrholmar med tr\u00e4yta"},"content":{"rendered":"<p>Gymnova \u201dRio\u201d dambarr med kort kabelsystem. Nedre holmen reglerbar fr\u00e5n 160 till 190 cm (med 5 cm steg). \u00d6vre holmen reglerbar fr\u00e5n 245 cm till 275 cm (med 5 cm steg). Reglerbar bredd mellan holmarna fr\u00e5n 120 cm till 209 cm (FIG inst\u00e4llning 180 cm). Smidig justering av wire med hj\u00e4lp av snabbl\u00e5sanordning. Nya fan\u00e9rbekl\u00e4dda kolfiber-glasfiber holmar; mer dynamiska holmar med snabbare responstid. Nya mer ergonomiska sp\u00e4nnskruvar. Nya sp\u00e4rrhakar av aluminium med klara FIG m\u00e5tt. Nedre holmen avtagbar f\u00f6r anv\u00e4ndning av endast \u00f6vre holmen. L\u00e4tt att byta \u00f6vre holmen till r\u00e4ckst\u00e5ng GY-3110. Golvyta 4,0 x 2,1 m.<\/p>\n","protected":false},"excerpt":{"rendered":"<p>Tarjouspyynt\u00f6tuote<\/p>\n","protected":false},"featured_media":8229,"template":"","meta":{"_acf_changed":false,"_relevanssi_hide_post":"","_relevanssi_hide_content":"","_relevanssi_pin_for_all":"","_relevanssi_pin_keywords":"","_relevanssi_unpin_keywords":"","_relevanssi_related_keywords":"","_relevanssi_related_include_ids":"","_relevanssi_related_exclude_ids":"","_relevanssi_related_no_append":"","_relevanssi_related_not_related":"","_relevanssi_related_posts":"","_relevanssi_noindex_reason":""},"product_brand":[],"product_cat":[1654,2648,1933,1918,2673],"product_tag":[2674,3286],"manufacturers":[],"suppliers":[],"class_list":{"0":"post-31685","1":"product","2":"type-product","3":"status-publish","4":"has-post-thumbnail","6":"product_cat-marken","7":"product_cat-gymnova-sv","8":"product_cat-sporthallprodukter-2","9":"product_cat-redskapsgymnastik","10":"product_cat-dambarr","11":"product_tag-dambarr","12":"product_tag-gymnova-fig-rio-sv","14":"first","15":"instock","16":"taxable","17":"shipping-taxable","18":"product-type-simple"},"acf":[],"yoast_head":"<!-- This site is optimized with the Yoast SEO plugin v26.8 - https:\/\/yoast.com\/product\/yoast-seo-wordpress\/ -->\n<title>Gymnova FIG Rio dambarr med kort kabelsystem barrholmar med tr\u00e4yta &#8212; Gymnastica<\/title>\n<meta name=\"robots\" content=\"index, follow, max-snippet:-1, max-image-preview:large, max-video-preview:-1\" \/>\n<link rel=\"canonical\" href=\"https:\/\/www.gymnastica.fi\/en\/tuote\/gymnova-fig-rio-asymmetric-bars-with-short-cable-system-standard-wooden-hand-rail\/\" \/>\n<meta property=\"og:locale\" content=\"sv_SE\" \/>\n<meta property=\"og:type\" content=\"article\" \/>\n<meta property=\"og:title\" content=\"Gymnova FIG Rio dambarr med kort kabelsystem barrholmar med tr\u00e4yta &#8212; Gymnastica\" \/>\n<meta property=\"og:description\" content=\"Tarjouspyynt\u00f6tuote\" \/>\n<meta property=\"og:url\" content=\"https:\/\/www.gymnastica.fi\/en\/tuote\/gymnova-fig-rio-asymmetric-bars-with-short-cable-system-standard-wooden-hand-rail\/\" \/>\n<meta property=\"og:site_name\" content=\"Gymnastica\" \/>\n<meta name=\"twitter:card\" content=\"summary_large_image\" \/>\n<meta name=\"twitter:label1\" content=\"Est. reading time\" \/>\n\t<meta name=\"twitter:data1\" content=\"1 minute\" \/>\n<script type=\"application\/ld+json\" class=\"yoast-schema-graph\">{\"@context\":\"https:\/\/schema.org\",\"@graph\":[{\"@type\":\"WebPage\",\"@id\":\"https:\/\/www.gymnastica.fi\/en\/tuote\/gymnova-fig-rio-asymmetric-bars-with-short-cable-system-standard-wooden-hand-rail\/\",\"url\":\"https:\/\/www.gymnastica.fi\/en\/tuote\/gymnova-fig-rio-asymmetric-bars-with-short-cable-system-standard-wooden-hand-rail\/\",\"name\":\"Gymnova FIG Rio dambarr med kort kabelsystem barrholmar med tr\u00e4yta &#8212; Gymnastica\",\"isPartOf\":{\"@id\":\"https:\/\/www.gymnastica.fi\/#website\"},\"primaryImageOfPage\":{\"@id\":\"https:\/\/www.gymnastica.fi\/en\/tuote\/gymnova-fig-rio-asymmetric-bars-with-short-cable-system-standard-wooden-hand-rail\/#primaryimage\"},\"image\":{\"@id\":\"https:\/\/www.gymnastica.fi\/en\/tuote\/gymnova-fig-rio-asymmetric-bars-with-short-cable-system-standard-wooden-hand-rail\/#primaryimage\"},\"thumbnailUrl\":\"https:\/\/www.gymnastica.fi\/app\/uploads\/2022\/04\/GY-3235.jpg\",\"datePublished\":\"2022-04-27T12:02:12+00:00\",\"breadcrumb\":{\"@id\":\"https:\/\/www.gymnastica.fi\/en\/tuote\/gymnova-fig-rio-asymmetric-bars-with-short-cable-system-standard-wooden-hand-rail\/#breadcrumb\"},\"inLanguage\":\"sv-SE\",\"potentialAction\":[{\"@type\":\"ReadAction\",\"target\":[\"https:\/\/www.gymnastica.fi\/en\/tuote\/gymnova-fig-rio-asymmetric-bars-with-short-cable-system-standard-wooden-hand-rail\/\"]}]},{\"@type\":\"ImageObject\",\"inLanguage\":\"sv-SE\",\"@id\":\"https:\/\/www.gymnastica.fi\/en\/tuote\/gymnova-fig-rio-asymmetric-bars-with-short-cable-system-standard-wooden-hand-rail\/#primaryimage\",\"url\":\"https:\/\/www.gymnastica.fi\/app\/uploads\/2022\/04\/GY-3235.jpg\",\"contentUrl\":\"https:\/\/www.gymnastica.fi\/app\/uploads\/2022\/04\/GY-3235.jpg\",\"width\":1024,\"height\":1024},{\"@type\":\"BreadcrumbList\",\"@id\":\"https:\/\/www.gymnastica.fi\/en\/tuote\/gymnova-fig-rio-asymmetric-bars-with-short-cable-system-standard-wooden-hand-rail\/#breadcrumb\",\"itemListElement\":[{\"@type\":\"ListItem\",\"position\":1,\"name\":\"Home\",\"item\":\"https:\/\/www.gymnastica.fi\/sv\/\"},{\"@type\":\"ListItem\",\"position\":2,\"name\":\"Butik\",\"item\":\"https:\/\/www.gymnastica.fi\/sv\/butik\/\"},{\"@type\":\"ListItem\",\"position\":3,\"name\":\"Gymnova FIG Rio dambarr med kort kabelsystem barrholmar med tr\u00e4yta\"}]},{\"@type\":\"WebSite\",\"@id\":\"https:\/\/www.gymnastica.fi\/#website\",\"url\":\"https:\/\/www.gymnastica.fi\/\",\"name\":\"Gymnastica\",\"description\":\"Liikunta- ja urheilutilasuunnittelun ja v\u00e4lineiden asiantuntija\",\"publisher\":{\"@id\":\"https:\/\/www.gymnastica.fi\/#organization\"},\"potentialAction\":[{\"@type\":\"SearchAction\",\"target\":{\"@type\":\"EntryPoint\",\"urlTemplate\":\"https:\/\/www.gymnastica.fi\/?s={search_term_string}\"},\"query-input\":{\"@type\":\"PropertyValueSpecification\",\"valueRequired\":true,\"valueName\":\"search_term_string\"}}],\"inLanguage\":\"sv-SE\"},{\"@type\":\"Organization\",\"@id\":\"https:\/\/www.gymnastica.fi\/#organization\",\"name\":\"Gymnastica\",\"url\":\"https:\/\/www.gymnastica.fi\/\",\"logo\":{\"@type\":\"ImageObject\",\"inLanguage\":\"sv-SE\",\"@id\":\"https:\/\/www.gymnastica.fi\/#\/schema\/logo\/image\/\",\"url\":\"https:\/\/www.gymnastica.fi\/app\/uploads\/2021\/04\/logo.svg\",\"contentUrl\":\"https:\/\/www.gymnastica.fi\/app\/uploads\/2021\/04\/logo.svg\",\"width\":246,\"height\":59,\"caption\":\"Gymnastica\"},\"image\":{\"@id\":\"https:\/\/www.gymnastica.fi\/#\/schema\/logo\/image\/\"}}]}<\/script>\n<!-- \/ Yoast SEO plugin. -->","yoast_head_json":{"title":"Gymnova FIG Rio dambarr med kort kabelsystem barrholmar med tr\u00e4yta &#8212; Gymnastica","robots":{"index":"index","follow":"follow","max-snippet":"max-snippet:-1","max-image-preview":"max-image-preview:large","max-video-preview":"max-video-preview:-1"},"canonical":"https:\/\/www.gymnastica.fi\/en\/tuote\/gymnova-fig-rio-asymmetric-bars-with-short-cable-system-standard-wooden-hand-rail\/","og_locale":"sv_SE","og_type":"article","og_title":"Gymnova FIG Rio dambarr med kort kabelsystem barrholmar med tr\u00e4yta &#8212; Gymnastica","og_description":"Tarjouspyynt\u00f6tuote","og_url":"https:\/\/www.gymnastica.fi\/en\/tuote\/gymnova-fig-rio-asymmetric-bars-with-short-cable-system-standard-wooden-hand-rail\/","og_site_name":"Gymnastica","twitter_card":"summary_large_image","twitter_misc":{"Est. reading time":"1 minute"},"schema":{"@context":"https:\/\/schema.org","@graph":[{"@type":"WebPage","@id":"https:\/\/www.gymnastica.fi\/en\/tuote\/gymnova-fig-rio-asymmetric-bars-with-short-cable-system-standard-wooden-hand-rail\/","url":"https:\/\/www.gymnastica.fi\/en\/tuote\/gymnova-fig-rio-asymmetric-bars-with-short-cable-system-standard-wooden-hand-rail\/","name":"Gymnova FIG Rio dambarr med kort kabelsystem barrholmar med tr\u00e4yta &#8212; Gymnastica","isPartOf":{"@id":"https:\/\/www.gymnastica.fi\/#website"},"primaryImageOfPage":{"@id":"https:\/\/www.gymnastica.fi\/en\/tuote\/gymnova-fig-rio-asymmetric-bars-with-short-cable-system-standard-wooden-hand-rail\/#primaryimage"},"image":{"@id":"https:\/\/www.gymnastica.fi\/en\/tuote\/gymnova-fig-rio-asymmetric-bars-with-short-cable-system-standard-wooden-hand-rail\/#primaryimage"},"thumbnailUrl":"https:\/\/www.gymnastica.fi\/app\/uploads\/2022\/04\/GY-3235.jpg","datePublished":"2022-04-27T12:02:12+00:00","breadcrumb":{"@id":"https:\/\/www.gymnastica.fi\/en\/tuote\/gymnova-fig-rio-asymmetric-bars-with-short-cable-system-standard-wooden-hand-rail\/#breadcrumb"},"inLanguage":"sv-SE","potentialAction":[{"@type":"ReadAction","target":["https:\/\/www.gymnastica.fi\/en\/tuote\/gymnova-fig-rio-asymmetric-bars-with-short-cable-system-standard-wooden-hand-rail\/"]}]},{"@type":"ImageObject","inLanguage":"sv-SE","@id":"https:\/\/www.gymnastica.fi\/en\/tuote\/gymnova-fig-rio-asymmetric-bars-with-short-cable-system-standard-wooden-hand-rail\/#primaryimage","url":"https:\/\/www.gymnastica.fi\/app\/uploads\/2022\/04\/GY-3235.jpg","contentUrl":"https:\/\/www.gymnastica.fi\/app\/uploads\/2022\/04\/GY-3235.jpg","width":1024,"height":1024},{"@type":"BreadcrumbList","@id":"https:\/\/www.gymnastica.fi\/en\/tuote\/gymnova-fig-rio-asymmetric-bars-with-short-cable-system-standard-wooden-hand-rail\/#breadcrumb","itemListElement":[{"@type":"ListItem","position":1,"name":"Home","item":"https:\/\/www.gymnastica.fi\/sv\/"},{"@type":"ListItem","position":2,"name":"Butik","item":"https:\/\/www.gymnastica.fi\/sv\/butik\/"},{"@type":"ListItem","position":3,"name":"Gymnova FIG Rio dambarr med kort kabelsystem barrholmar med tr\u00e4yta"}]},{"@type":"WebSite","@id":"https:\/\/www.gymnastica.fi\/#website","url":"https:\/\/www.gymnastica.fi\/","name":"Gymnastica","description":"Liikunta- ja urheilutilasuunnittelun ja v\u00e4lineiden asiantuntija","publisher":{"@id":"https:\/\/www.gymnastica.fi\/#organization"},"potentialAction":[{"@type":"SearchAction","target":{"@type":"EntryPoint","urlTemplate":"https:\/\/www.gymnastica.fi\/?s={search_term_string}"},"query-input":{"@type":"PropertyValueSpecification","valueRequired":true,"valueName":"search_term_string"}}],"inLanguage":"sv-SE"},{"@type":"Organization","@id":"https:\/\/www.gymnastica.fi\/#organization","name":"Gymnastica","url":"https:\/\/www.gymnastica.fi\/","logo":{"@type":"ImageObject","inLanguage":"sv-SE","@id":"https:\/\/www.gymnastica.fi\/#\/schema\/logo\/image\/","url":"https:\/\/www.gymnastica.fi\/app\/uploads\/2021\/04\/logo.svg","contentUrl":"https:\/\/www.gymnastica.fi\/app\/uploads\/2021\/04\/logo.svg","width":246,"height":59,"caption":"Gymnastica"},"image":{"@id":"https:\/\/www.gymnastica.fi\/#\/schema\/logo\/image\/"}}]}},"_links":{"self":[{"href":"https:\/\/www.gymnastica.fi\/sv\/wp-json\/wp\/v2\/product\/31685","targetHints":{"allow":["GET"]}}],"collection":[{"href":"https:\/\/www.gymnastica.fi\/sv\/wp-json\/wp\/v2\/product"}],"about":[{"href":"https:\/\/www.gymnastica.fi\/sv\/wp-json\/wp\/v2\/types\/product"}],"wp:featuredmedia":[{"embeddable":true,"href":"https:\/\/www.gymnastica.fi\/sv\/wp-json\/wp\/v2\/media\/8229"}],"wp:attachment":[{"href":"https:\/\/www.gymnastica.fi\/sv\/wp-json\/wp\/v2\/media?parent=31685"}],"wp:term":[{"taxonomy":"product_brand","embeddable":true,"href":"https:\/\/www.gymnastica.fi\/sv\/wp-json\/wp\/v2\/product_brand?post=31685"},{"taxonomy":"product_cat","embeddable":true,"href":"https:\/\/www.gymnastica.fi\/sv\/wp-json\/wp\/v2\/product_cat?post=31685"},{"taxonomy":"product_tag","embeddable":true,"href":"https:\/\/www.gymnastica.fi\/sv\/wp-json\/wp\/v2\/product_tag?post=31685"},{"taxonomy":"manufacturers","embeddable":true,"href":"https:\/\/www.gymnastica.fi\/sv\/wp-json\/wp\/v2\/manufacturers?post=31685"},{"taxonomy":"suppliers","embeddable":true,"href":"https:\/\/www.gymnastica.fi\/sv\/wp-json\/wp\/v2\/suppliers?post=31685"}],"curies":[{"name":"wp","href":"https:\/\/api.w.org\/{rel}","templated":true}]}}