{"id":32299,"date":"2022-04-27T14:44:30","date_gmt":"2022-04-27T11:44:30","guid":{"rendered":"https:\/\/www.gymnastica.fi\/tuote\/gymnova-upphojt-podium-for-gymnastik-och-idrottshallar-200-x-100-x-80-cm\/"},"modified":"2025-02-19T10:14:27","modified_gmt":"2025-02-19T08:14:27","slug":"gymnova-upphojt-podium-for-gymnastik-och-idrottshallar-200-x-100-x-80-cm","status":"publish","type":"product","link":"https:\/\/www.gymnastica.fi\/sv\/tuote\/gymnova-upphojt-podium-for-gymnastik-och-idrottshallar-200-x-100-x-80-cm\/","title":{"rendered":"Gymnova upph\u00f6jt podium f\u00f6r gymnastik- och idrottshallar 200 x 100 x 80 cm GY-Podium"},"content":{"rendered":"<p>Tekniska specifikationer f\u00f6r ett podiumbord: m\u00e5tt 200 x 100 cm, tjocklek p\u00e5 bordselement utan ben 12 cm och totalh\u00f6jd med ben 80 cm. B\u00e4rf\u00f6rm\u00e5gan f\u00f6r ett bord \u00e4r 750 kg per m2 och vikt 35 kg. Alla de \u00f6vre delarna av pallborden \u00e4r gjorda av mycket styv plywood (tjocklek = 18 mm) och kanterna \u00e4r av dubbelr\u00e4fflade aluminiumprofiler som m\u00f6jligg\u00f6r l\u00e4nkning. De 50 x 50 mm aluminiumr\u00f6rbenen \u00e4r f\u00f6rsedda med halkskydd. Standardh\u00f6jden p\u00e5 ett pallbord \u00e4r 80 cm (ej justerbar) men olika h\u00f6jder \u00e4r \u00e4nd\u00e5 m\u00f6jliga p\u00e5 beg\u00e4ran fr\u00e5n 12 cm till 100 cm.<\/p>\n","protected":false},"excerpt":{"rendered":"<p>Be om offert<\/p>\n","protected":false},"featured_media":7460,"template":"","meta":{"_acf_changed":false,"_relevanssi_hide_post":"","_relevanssi_hide_content":"","_relevanssi_pin_for_all":"","_relevanssi_pin_keywords":"","_relevanssi_unpin_keywords":"","_relevanssi_related_keywords":"","_relevanssi_related_include_ids":"","_relevanssi_related_exclude_ids":"","_relevanssi_related_no_append":"","_relevanssi_related_not_related":"","_relevanssi_related_posts":"","_relevanssi_noindex_reason":""},"product_brand":[],"product_cat":[1654,2648,1933,1918,2406,2407,2485],"product_tag":[2649],"manufacturers":[],"suppliers":[],"class_list":{"0":"post-32299","1":"product","2":"type-product","3":"status-publish","4":"has-post-thumbnail","6":"product_cat-marken","7":"product_cat-gymnova-sv","8":"product_cat-sporthallprodukter-2","9":"product_cat-redskapsgymnastik","10":"product_cat-mattor-och-skydd-sv-2","11":"product_cat-skolgymnastiksalar","12":"product_cat-ribbstolar-och-scener","13":"product_tag-gymnova-sv","15":"first","16":"instock","17":"taxable","18":"shipping-taxable","19":"product-type-simple"},"acf":[],"yoast_head":"<!-- This site is optimized with the Yoast SEO plugin v26.8 - https:\/\/yoast.com\/product\/yoast-seo-wordpress\/ -->\n<title>Gymnova upph\u00f6jt podium f\u00f6r gymnastik- och idrottshallar 200 x 100 x 80 cm GY-Podium &#8212; Gymnastica<\/title>\n<meta name=\"robots\" content=\"index, follow, max-snippet:-1, max-image-preview:large, max-video-preview:-1\" \/>\n<link rel=\"canonical\" href=\"https:\/\/www.gymnastica.fi\/en\/tuote\/gymnova-raised-podium-table-for-gymnastics-and-sports-halls-200-x-100-x-80-cm\/\" \/>\n<meta property=\"og:locale\" content=\"sv_SE\" \/>\n<meta property=\"og:type\" content=\"article\" \/>\n<meta property=\"og:title\" content=\"Gymnova upph\u00f6jt podium f\u00f6r gymnastik- och idrottshallar 200 x 100 x 80 cm GY-Podium &#8212; Gymnastica\" \/>\n<meta property=\"og:description\" content=\"Be om offert\" \/>\n<meta property=\"og:url\" content=\"https:\/\/www.gymnastica.fi\/en\/tuote\/gymnova-raised-podium-table-for-gymnastics-and-sports-halls-200-x-100-x-80-cm\/\" \/>\n<meta property=\"og:site_name\" content=\"Gymnastica\" \/>\n<meta property=\"article:modified_time\" content=\"2025-02-19T08:14:27+00:00\" \/>\n<meta name=\"twitter:card\" content=\"summary_large_image\" \/>\n<script type=\"application\/ld+json\" class=\"yoast-schema-graph\">{\"@context\":\"https:\/\/schema.org\",\"@graph\":[{\"@type\":\"WebPage\",\"@id\":\"https:\/\/www.gymnastica.fi\/en\/tuote\/gymnova-raised-podium-table-for-gymnastics-and-sports-halls-200-x-100-x-80-cm\/\",\"url\":\"https:\/\/www.gymnastica.fi\/en\/tuote\/gymnova-raised-podium-table-for-gymnastics-and-sports-halls-200-x-100-x-80-cm\/\",\"name\":\"Gymnova upph\u00f6jt podium f\u00f6r gymnastik- och idrottshallar 200 x 100 x 80 cm GY-Podium &#8212; Gymnastica\",\"isPartOf\":{\"@id\":\"https:\/\/www.gymnastica.fi\/#website\"},\"primaryImageOfPage\":{\"@id\":\"https:\/\/www.gymnastica.fi\/en\/tuote\/gymnova-raised-podium-table-for-gymnastics-and-sports-halls-200-x-100-x-80-cm\/#primaryimage\"},\"image\":{\"@id\":\"https:\/\/www.gymnastica.fi\/en\/tuote\/gymnova-raised-podium-table-for-gymnastics-and-sports-halls-200-x-100-x-80-cm\/#primaryimage\"},\"thumbnailUrl\":\"https:\/\/www.gymnastica.fi\/app\/uploads\/2022\/04\/GY-Podium.jpg\",\"datePublished\":\"2022-04-27T11:44:30+00:00\",\"dateModified\":\"2025-02-19T08:14:27+00:00\",\"breadcrumb\":{\"@id\":\"https:\/\/www.gymnastica.fi\/en\/tuote\/gymnova-raised-podium-table-for-gymnastics-and-sports-halls-200-x-100-x-80-cm\/#breadcrumb\"},\"inLanguage\":\"sv-SE\",\"potentialAction\":[{\"@type\":\"ReadAction\",\"target\":[\"https:\/\/www.gymnastica.fi\/en\/tuote\/gymnova-raised-podium-table-for-gymnastics-and-sports-halls-200-x-100-x-80-cm\/\"]}]},{\"@type\":\"ImageObject\",\"inLanguage\":\"sv-SE\",\"@id\":\"https:\/\/www.gymnastica.fi\/en\/tuote\/gymnova-raised-podium-table-for-gymnastics-and-sports-halls-200-x-100-x-80-cm\/#primaryimage\",\"url\":\"https:\/\/www.gymnastica.fi\/app\/uploads\/2022\/04\/GY-Podium.jpg\",\"contentUrl\":\"https:\/\/www.gymnastica.fi\/app\/uploads\/2022\/04\/GY-Podium.jpg\",\"width\":1140,\"height\":500},{\"@type\":\"BreadcrumbList\",\"@id\":\"https:\/\/www.gymnastica.fi\/en\/tuote\/gymnova-raised-podium-table-for-gymnastics-and-sports-halls-200-x-100-x-80-cm\/#breadcrumb\",\"itemListElement\":[{\"@type\":\"ListItem\",\"position\":1,\"name\":\"Home\",\"item\":\"https:\/\/www.gymnastica.fi\/sv\/\"},{\"@type\":\"ListItem\",\"position\":2,\"name\":\"Butik\",\"item\":\"https:\/\/www.gymnastica.fi\/sv\/butik\/\"},{\"@type\":\"ListItem\",\"position\":3,\"name\":\"Gymnova upph\u00f6jt podium f\u00f6r gymnastik- och idrottshallar 200 x 100 x 80 cm GY-Podium\"}]},{\"@type\":\"WebSite\",\"@id\":\"https:\/\/www.gymnastica.fi\/#website\",\"url\":\"https:\/\/www.gymnastica.fi\/\",\"name\":\"Gymnastica\",\"description\":\"Liikunta- ja urheilutilasuunnittelun ja v\u00e4lineiden asiantuntija\",\"publisher\":{\"@id\":\"https:\/\/www.gymnastica.fi\/#organization\"},\"potentialAction\":[{\"@type\":\"SearchAction\",\"target\":{\"@type\":\"EntryPoint\",\"urlTemplate\":\"https:\/\/www.gymnastica.fi\/?s={search_term_string}\"},\"query-input\":{\"@type\":\"PropertyValueSpecification\",\"valueRequired\":true,\"valueName\":\"search_term_string\"}}],\"inLanguage\":\"sv-SE\"},{\"@type\":\"Organization\",\"@id\":\"https:\/\/www.gymnastica.fi\/#organization\",\"name\":\"Gymnastica\",\"url\":\"https:\/\/www.gymnastica.fi\/\",\"logo\":{\"@type\":\"ImageObject\",\"inLanguage\":\"sv-SE\",\"@id\":\"https:\/\/www.gymnastica.fi\/#\/schema\/logo\/image\/\",\"url\":\"https:\/\/www.gymnastica.fi\/app\/uploads\/2021\/04\/logo.svg\",\"contentUrl\":\"https:\/\/www.gymnastica.fi\/app\/uploads\/2021\/04\/logo.svg\",\"width\":246,\"height\":59,\"caption\":\"Gymnastica\"},\"image\":{\"@id\":\"https:\/\/www.gymnastica.fi\/#\/schema\/logo\/image\/\"}}]}<\/script>\n<!-- \/ Yoast SEO plugin. -->","yoast_head_json":{"title":"Gymnova upph\u00f6jt podium f\u00f6r gymnastik- och idrottshallar 200 x 100 x 80 cm GY-Podium &#8212; Gymnastica","robots":{"index":"index","follow":"follow","max-snippet":"max-snippet:-1","max-image-preview":"max-image-preview:large","max-video-preview":"max-video-preview:-1"},"canonical":"https:\/\/www.gymnastica.fi\/en\/tuote\/gymnova-raised-podium-table-for-gymnastics-and-sports-halls-200-x-100-x-80-cm\/","og_locale":"sv_SE","og_type":"article","og_title":"Gymnova upph\u00f6jt podium f\u00f6r gymnastik- och idrottshallar 200 x 100 x 80 cm GY-Podium &#8212; Gymnastica","og_description":"Be om offert","og_url":"https:\/\/www.gymnastica.fi\/en\/tuote\/gymnova-raised-podium-table-for-gymnastics-and-sports-halls-200-x-100-x-80-cm\/","og_site_name":"Gymnastica","article_modified_time":"2025-02-19T08:14:27+00:00","twitter_card":"summary_large_image","schema":{"@context":"https:\/\/schema.org","@graph":[{"@type":"WebPage","@id":"https:\/\/www.gymnastica.fi\/en\/tuote\/gymnova-raised-podium-table-for-gymnastics-and-sports-halls-200-x-100-x-80-cm\/","url":"https:\/\/www.gymnastica.fi\/en\/tuote\/gymnova-raised-podium-table-for-gymnastics-and-sports-halls-200-x-100-x-80-cm\/","name":"Gymnova upph\u00f6jt podium f\u00f6r gymnastik- och idrottshallar 200 x 100 x 80 cm GY-Podium &#8212; Gymnastica","isPartOf":{"@id":"https:\/\/www.gymnastica.fi\/#website"},"primaryImageOfPage":{"@id":"https:\/\/www.gymnastica.fi\/en\/tuote\/gymnova-raised-podium-table-for-gymnastics-and-sports-halls-200-x-100-x-80-cm\/#primaryimage"},"image":{"@id":"https:\/\/www.gymnastica.fi\/en\/tuote\/gymnova-raised-podium-table-for-gymnastics-and-sports-halls-200-x-100-x-80-cm\/#primaryimage"},"thumbnailUrl":"https:\/\/www.gymnastica.fi\/app\/uploads\/2022\/04\/GY-Podium.jpg","datePublished":"2022-04-27T11:44:30+00:00","dateModified":"2025-02-19T08:14:27+00:00","breadcrumb":{"@id":"https:\/\/www.gymnastica.fi\/en\/tuote\/gymnova-raised-podium-table-for-gymnastics-and-sports-halls-200-x-100-x-80-cm\/#breadcrumb"},"inLanguage":"sv-SE","potentialAction":[{"@type":"ReadAction","target":["https:\/\/www.gymnastica.fi\/en\/tuote\/gymnova-raised-podium-table-for-gymnastics-and-sports-halls-200-x-100-x-80-cm\/"]}]},{"@type":"ImageObject","inLanguage":"sv-SE","@id":"https:\/\/www.gymnastica.fi\/en\/tuote\/gymnova-raised-podium-table-for-gymnastics-and-sports-halls-200-x-100-x-80-cm\/#primaryimage","url":"https:\/\/www.gymnastica.fi\/app\/uploads\/2022\/04\/GY-Podium.jpg","contentUrl":"https:\/\/www.gymnastica.fi\/app\/uploads\/2022\/04\/GY-Podium.jpg","width":1140,"height":500},{"@type":"BreadcrumbList","@id":"https:\/\/www.gymnastica.fi\/en\/tuote\/gymnova-raised-podium-table-for-gymnastics-and-sports-halls-200-x-100-x-80-cm\/#breadcrumb","itemListElement":[{"@type":"ListItem","position":1,"name":"Home","item":"https:\/\/www.gymnastica.fi\/sv\/"},{"@type":"ListItem","position":2,"name":"Butik","item":"https:\/\/www.gymnastica.fi\/sv\/butik\/"},{"@type":"ListItem","position":3,"name":"Gymnova upph\u00f6jt podium f\u00f6r gymnastik- och idrottshallar 200 x 100 x 80 cm GY-Podium"}]},{"@type":"WebSite","@id":"https:\/\/www.gymnastica.fi\/#website","url":"https:\/\/www.gymnastica.fi\/","name":"Gymnastica","description":"Liikunta- ja urheilutilasuunnittelun ja v\u00e4lineiden asiantuntija","publisher":{"@id":"https:\/\/www.gymnastica.fi\/#organization"},"potentialAction":[{"@type":"SearchAction","target":{"@type":"EntryPoint","urlTemplate":"https:\/\/www.gymnastica.fi\/?s={search_term_string}"},"query-input":{"@type":"PropertyValueSpecification","valueRequired":true,"valueName":"search_term_string"}}],"inLanguage":"sv-SE"},{"@type":"Organization","@id":"https:\/\/www.gymnastica.fi\/#organization","name":"Gymnastica","url":"https:\/\/www.gymnastica.fi\/","logo":{"@type":"ImageObject","inLanguage":"sv-SE","@id":"https:\/\/www.gymnastica.fi\/#\/schema\/logo\/image\/","url":"https:\/\/www.gymnastica.fi\/app\/uploads\/2021\/04\/logo.svg","contentUrl":"https:\/\/www.gymnastica.fi\/app\/uploads\/2021\/04\/logo.svg","width":246,"height":59,"caption":"Gymnastica"},"image":{"@id":"https:\/\/www.gymnastica.fi\/#\/schema\/logo\/image\/"}}]}},"_links":{"self":[{"href":"https:\/\/www.gymnastica.fi\/sv\/wp-json\/wp\/v2\/product\/32299","targetHints":{"allow":["GET"]}}],"collection":[{"href":"https:\/\/www.gymnastica.fi\/sv\/wp-json\/wp\/v2\/product"}],"about":[{"href":"https:\/\/www.gymnastica.fi\/sv\/wp-json\/wp\/v2\/types\/product"}],"wp:featuredmedia":[{"embeddable":true,"href":"https:\/\/www.gymnastica.fi\/sv\/wp-json\/wp\/v2\/media\/7460"}],"wp:attachment":[{"href":"https:\/\/www.gymnastica.fi\/sv\/wp-json\/wp\/v2\/media?parent=32299"}],"wp:term":[{"taxonomy":"product_brand","embeddable":true,"href":"https:\/\/www.gymnastica.fi\/sv\/wp-json\/wp\/v2\/product_brand?post=32299"},{"taxonomy":"product_cat","embeddable":true,"href":"https:\/\/www.gymnastica.fi\/sv\/wp-json\/wp\/v2\/product_cat?post=32299"},{"taxonomy":"product_tag","embeddable":true,"href":"https:\/\/www.gymnastica.fi\/sv\/wp-json\/wp\/v2\/product_tag?post=32299"},{"taxonomy":"manufacturers","embeddable":true,"href":"https:\/\/www.gymnastica.fi\/sv\/wp-json\/wp\/v2\/manufacturers?post=32299"},{"taxonomy":"suppliers","embeddable":true,"href":"https:\/\/www.gymnastica.fi\/sv\/wp-json\/wp\/v2\/suppliers?post=32299"}],"curies":[{"name":"wp","href":"https:\/\/api.w.org\/{rel}","templated":true}]}}