{"id":32317,"date":"2022-04-27T14:44:19","date_gmt":"2022-04-27T11:44:19","guid":{"rendered":"https:\/\/www.gymnastica.fi\/tuote\/gymnova-fristaende-golv-montreal-slalfjadrarna-oinstallerade-13-x-13-m\/"},"modified":"2025-02-07T14:01:26","modified_gmt":"2025-02-07T12:01:26","slug":"gymnova-fristaende-golv-montreal-slalfjadrarna-omonterade-13-x-13-m","status":"publish","type":"product","link":"https:\/\/www.gymnastica.fi\/sv\/tuote\/gymnova-fristaende-golv-montreal-slalfjadrarna-omonterade-13-x-13-m\/","title":{"rendered":"Gymnova frist\u00e5ende golv Montreal sl\u00e5lfj\u00e4drarna omonterade 13 x 13 m GY-6777DE"},"content":{"rendered":"<p>Gymnova frist\u00e5ende golv\u00a0Montreal\u00a0sl\u00e5lfj\u00e4drarna omonterade 13 x 13 m. Storlek 13 x 13 m, h\u00f6jd 20 cm.<\/p>\n<p>Struktur:<\/p>\n<p>1.Tv\u00e5f\u00e4rgad matta med bekv\u00e4m yta. Mattan best\u00e5r av flera mattv\u00e5der av olika bredd. Mattv\u00e5derna f\u00e4sts vid varandra med kardborreband. Mattornas integrerade antirotationsmekanism h\u00e5ller dem p\u00e5 plats. Den ljusa gr\u00e4ddf\u00e4rgade t\u00e4vlingsytan p\u00e5 12 x 12 m omg\u00e4rdas av ett klart urskiljbart r\u00f6tt sido-omr\u00e5de. Sidoskydd runt kanterna.<\/p>\n<p>2. 56 mm tjocka laminerade elastiska cellplastlagret best\u00e5r av tre olika h\u00e5rdheter; ytters ett mycket mjukt 16 mm tjockt bekv\u00e4mhetslager som g\u00f6r ytan dynamisk, stabil och behaglig. Det g\u00e5r l\u00e4tt och snabbt att installera det &#8220;dragspelsformade&#8221; elastiska cellplastlagret.\u00a0Elastiska plywoodskivorna f\u00e4stes till varandra med f\u00e4stninsprofiler och f\u00e4stningsskivor.<\/p>\n<p>3. 125 mm h\u00f6ga st\u00e5lfj\u00e4drarna \u00e4r placerade s\u00e5, att de erbjuder en j\u00e4mn och optimal elasticitet. St\u00e5lfj\u00e4drarna \u00e4r\u00a02424 till antalet. Inneh\u00e5ller en anti-rotationsmekanism som h\u00e5ller golvet p\u00e5 plats.<\/p>\n","protected":false},"excerpt":{"rendered":"<p>Be om offert<\/p>\n","protected":false},"featured_media":7438,"template":"","meta":{"_acf_changed":false,"_relevanssi_hide_post":"","_relevanssi_hide_content":"","_relevanssi_pin_for_all":"","_relevanssi_pin_keywords":"","_relevanssi_unpin_keywords":"","_relevanssi_related_keywords":"","_relevanssi_related_include_ids":"","_relevanssi_related_exclude_ids":"","_relevanssi_related_no_append":"","_relevanssi_related_not_related":"","_relevanssi_related_posts":"","_relevanssi_noindex_reason":""},"product_brand":[],"product_cat":[1654,2648,1933,1918,2797],"product_tag":[2715,2708],"manufacturers":[],"suppliers":[],"class_list":{"0":"post-32317","1":"product","2":"type-product","3":"status-publish","4":"has-post-thumbnail","6":"product_cat-marken","7":"product_cat-gymnova-sv","8":"product_cat-sporthallprodukter-2","9":"product_cat-redskapsgymnastik","10":"product_cat-fristaende-golv","11":"product_tag-gymnastikgolv","12":"product_tag-gymnova-montreal-sv","14":"first","15":"instock","16":"taxable","17":"shipping-taxable","18":"product-type-simple"},"acf":[],"yoast_head":"<!-- This site is optimized with the Yoast SEO plugin v26.8 - https:\/\/yoast.com\/product\/yoast-seo-wordpress\/ -->\n<title>Gymnova frist\u00e5ende golv Montreal sl\u00e5lfj\u00e4drarna omonterade 13 x 13 m GY-6777DE &#8212; Gymnastica<\/title>\n<meta name=\"robots\" content=\"index, follow, max-snippet:-1, max-image-preview:large, max-video-preview:-1\" \/>\n<link rel=\"canonical\" href=\"https:\/\/www.gymnastica.fi\/en\/tuote\/gymnova-competition-exercise-floor-montreal-springs-not-assembled-13-x-13-m\/\" \/>\n<meta property=\"og:locale\" content=\"sv_SE\" \/>\n<meta property=\"og:type\" content=\"article\" \/>\n<meta property=\"og:title\" content=\"Gymnova frist\u00e5ende golv Montreal sl\u00e5lfj\u00e4drarna omonterade 13 x 13 m GY-6777DE &#8212; Gymnastica\" \/>\n<meta property=\"og:description\" content=\"Be om offert\" \/>\n<meta property=\"og:url\" content=\"https:\/\/www.gymnastica.fi\/en\/tuote\/gymnova-competition-exercise-floor-montreal-springs-not-assembled-13-x-13-m\/\" \/>\n<meta property=\"og:site_name\" content=\"Gymnastica\" \/>\n<meta property=\"article:modified_time\" content=\"2025-02-07T12:01:26+00:00\" \/>\n<meta name=\"twitter:card\" content=\"summary_large_image\" \/>\n<meta name=\"twitter:label1\" content=\"Est. reading time\" \/>\n\t<meta name=\"twitter:data1\" content=\"1 minute\" \/>\n<script type=\"application\/ld+json\" class=\"yoast-schema-graph\">{\"@context\":\"https:\/\/schema.org\",\"@graph\":[{\"@type\":\"WebPage\",\"@id\":\"https:\/\/www.gymnastica.fi\/en\/tuote\/gymnova-competition-exercise-floor-montreal-springs-not-assembled-13-x-13-m\/\",\"url\":\"https:\/\/www.gymnastica.fi\/en\/tuote\/gymnova-competition-exercise-floor-montreal-springs-not-assembled-13-x-13-m\/\",\"name\":\"Gymnova frist\u00e5ende golv Montreal sl\u00e5lfj\u00e4drarna omonterade 13 x 13 m GY-6777DE &#8212; Gymnastica\",\"isPartOf\":{\"@id\":\"https:\/\/www.gymnastica.fi\/#website\"},\"primaryImageOfPage\":{\"@id\":\"https:\/\/www.gymnastica.fi\/en\/tuote\/gymnova-competition-exercise-floor-montreal-springs-not-assembled-13-x-13-m\/#primaryimage\"},\"image\":{\"@id\":\"https:\/\/www.gymnastica.fi\/en\/tuote\/gymnova-competition-exercise-floor-montreal-springs-not-assembled-13-x-13-m\/#primaryimage\"},\"thumbnailUrl\":\"https:\/\/www.gymnastica.fi\/app\/uploads\/2022\/04\/GY-6777.jpg\",\"datePublished\":\"2022-04-27T11:44:19+00:00\",\"dateModified\":\"2025-02-07T12:01:26+00:00\",\"breadcrumb\":{\"@id\":\"https:\/\/www.gymnastica.fi\/en\/tuote\/gymnova-competition-exercise-floor-montreal-springs-not-assembled-13-x-13-m\/#breadcrumb\"},\"inLanguage\":\"sv-SE\",\"potentialAction\":[{\"@type\":\"ReadAction\",\"target\":[\"https:\/\/www.gymnastica.fi\/en\/tuote\/gymnova-competition-exercise-floor-montreal-springs-not-assembled-13-x-13-m\/\"]}]},{\"@type\":\"ImageObject\",\"inLanguage\":\"sv-SE\",\"@id\":\"https:\/\/www.gymnastica.fi\/en\/tuote\/gymnova-competition-exercise-floor-montreal-springs-not-assembled-13-x-13-m\/#primaryimage\",\"url\":\"https:\/\/www.gymnastica.fi\/app\/uploads\/2022\/04\/GY-6777.jpg\",\"contentUrl\":\"https:\/\/www.gymnastica.fi\/app\/uploads\/2022\/04\/GY-6777.jpg\",\"width\":1024,\"height\":1024},{\"@type\":\"BreadcrumbList\",\"@id\":\"https:\/\/www.gymnastica.fi\/en\/tuote\/gymnova-competition-exercise-floor-montreal-springs-not-assembled-13-x-13-m\/#breadcrumb\",\"itemListElement\":[{\"@type\":\"ListItem\",\"position\":1,\"name\":\"Home\",\"item\":\"https:\/\/www.gymnastica.fi\/sv\/\"},{\"@type\":\"ListItem\",\"position\":2,\"name\":\"Butik\",\"item\":\"https:\/\/www.gymnastica.fi\/sv\/butik\/\"},{\"@type\":\"ListItem\",\"position\":3,\"name\":\"Gymnova frist\u00e5ende golv Montreal sl\u00e5lfj\u00e4drarna omonterade 13 x 13 m GY-6777DE\"}]},{\"@type\":\"WebSite\",\"@id\":\"https:\/\/www.gymnastica.fi\/#website\",\"url\":\"https:\/\/www.gymnastica.fi\/\",\"name\":\"Gymnastica\",\"description\":\"Liikunta- ja urheilutilasuunnittelun ja v\u00e4lineiden asiantuntija\",\"publisher\":{\"@id\":\"https:\/\/www.gymnastica.fi\/#organization\"},\"potentialAction\":[{\"@type\":\"SearchAction\",\"target\":{\"@type\":\"EntryPoint\",\"urlTemplate\":\"https:\/\/www.gymnastica.fi\/?s={search_term_string}\"},\"query-input\":{\"@type\":\"PropertyValueSpecification\",\"valueRequired\":true,\"valueName\":\"search_term_string\"}}],\"inLanguage\":\"sv-SE\"},{\"@type\":\"Organization\",\"@id\":\"https:\/\/www.gymnastica.fi\/#organization\",\"name\":\"Gymnastica\",\"url\":\"https:\/\/www.gymnastica.fi\/\",\"logo\":{\"@type\":\"ImageObject\",\"inLanguage\":\"sv-SE\",\"@id\":\"https:\/\/www.gymnastica.fi\/#\/schema\/logo\/image\/\",\"url\":\"https:\/\/www.gymnastica.fi\/app\/uploads\/2021\/04\/logo.svg\",\"contentUrl\":\"https:\/\/www.gymnastica.fi\/app\/uploads\/2021\/04\/logo.svg\",\"width\":246,\"height\":59,\"caption\":\"Gymnastica\"},\"image\":{\"@id\":\"https:\/\/www.gymnastica.fi\/#\/schema\/logo\/image\/\"}}]}<\/script>\n<!-- \/ Yoast SEO plugin. -->","yoast_head_json":{"title":"Gymnova frist\u00e5ende golv Montreal sl\u00e5lfj\u00e4drarna omonterade 13 x 13 m GY-6777DE &#8212; Gymnastica","robots":{"index":"index","follow":"follow","max-snippet":"max-snippet:-1","max-image-preview":"max-image-preview:large","max-video-preview":"max-video-preview:-1"},"canonical":"https:\/\/www.gymnastica.fi\/en\/tuote\/gymnova-competition-exercise-floor-montreal-springs-not-assembled-13-x-13-m\/","og_locale":"sv_SE","og_type":"article","og_title":"Gymnova frist\u00e5ende golv Montreal sl\u00e5lfj\u00e4drarna omonterade 13 x 13 m GY-6777DE &#8212; Gymnastica","og_description":"Be om offert","og_url":"https:\/\/www.gymnastica.fi\/en\/tuote\/gymnova-competition-exercise-floor-montreal-springs-not-assembled-13-x-13-m\/","og_site_name":"Gymnastica","article_modified_time":"2025-02-07T12:01:26+00:00","twitter_card":"summary_large_image","twitter_misc":{"Est. reading time":"1 minute"},"schema":{"@context":"https:\/\/schema.org","@graph":[{"@type":"WebPage","@id":"https:\/\/www.gymnastica.fi\/en\/tuote\/gymnova-competition-exercise-floor-montreal-springs-not-assembled-13-x-13-m\/","url":"https:\/\/www.gymnastica.fi\/en\/tuote\/gymnova-competition-exercise-floor-montreal-springs-not-assembled-13-x-13-m\/","name":"Gymnova frist\u00e5ende golv Montreal sl\u00e5lfj\u00e4drarna omonterade 13 x 13 m GY-6777DE &#8212; Gymnastica","isPartOf":{"@id":"https:\/\/www.gymnastica.fi\/#website"},"primaryImageOfPage":{"@id":"https:\/\/www.gymnastica.fi\/en\/tuote\/gymnova-competition-exercise-floor-montreal-springs-not-assembled-13-x-13-m\/#primaryimage"},"image":{"@id":"https:\/\/www.gymnastica.fi\/en\/tuote\/gymnova-competition-exercise-floor-montreal-springs-not-assembled-13-x-13-m\/#primaryimage"},"thumbnailUrl":"https:\/\/www.gymnastica.fi\/app\/uploads\/2022\/04\/GY-6777.jpg","datePublished":"2022-04-27T11:44:19+00:00","dateModified":"2025-02-07T12:01:26+00:00","breadcrumb":{"@id":"https:\/\/www.gymnastica.fi\/en\/tuote\/gymnova-competition-exercise-floor-montreal-springs-not-assembled-13-x-13-m\/#breadcrumb"},"inLanguage":"sv-SE","potentialAction":[{"@type":"ReadAction","target":["https:\/\/www.gymnastica.fi\/en\/tuote\/gymnova-competition-exercise-floor-montreal-springs-not-assembled-13-x-13-m\/"]}]},{"@type":"ImageObject","inLanguage":"sv-SE","@id":"https:\/\/www.gymnastica.fi\/en\/tuote\/gymnova-competition-exercise-floor-montreal-springs-not-assembled-13-x-13-m\/#primaryimage","url":"https:\/\/www.gymnastica.fi\/app\/uploads\/2022\/04\/GY-6777.jpg","contentUrl":"https:\/\/www.gymnastica.fi\/app\/uploads\/2022\/04\/GY-6777.jpg","width":1024,"height":1024},{"@type":"BreadcrumbList","@id":"https:\/\/www.gymnastica.fi\/en\/tuote\/gymnova-competition-exercise-floor-montreal-springs-not-assembled-13-x-13-m\/#breadcrumb","itemListElement":[{"@type":"ListItem","position":1,"name":"Home","item":"https:\/\/www.gymnastica.fi\/sv\/"},{"@type":"ListItem","position":2,"name":"Butik","item":"https:\/\/www.gymnastica.fi\/sv\/butik\/"},{"@type":"ListItem","position":3,"name":"Gymnova frist\u00e5ende golv Montreal sl\u00e5lfj\u00e4drarna omonterade 13 x 13 m GY-6777DE"}]},{"@type":"WebSite","@id":"https:\/\/www.gymnastica.fi\/#website","url":"https:\/\/www.gymnastica.fi\/","name":"Gymnastica","description":"Liikunta- ja urheilutilasuunnittelun ja v\u00e4lineiden asiantuntija","publisher":{"@id":"https:\/\/www.gymnastica.fi\/#organization"},"potentialAction":[{"@type":"SearchAction","target":{"@type":"EntryPoint","urlTemplate":"https:\/\/www.gymnastica.fi\/?s={search_term_string}"},"query-input":{"@type":"PropertyValueSpecification","valueRequired":true,"valueName":"search_term_string"}}],"inLanguage":"sv-SE"},{"@type":"Organization","@id":"https:\/\/www.gymnastica.fi\/#organization","name":"Gymnastica","url":"https:\/\/www.gymnastica.fi\/","logo":{"@type":"ImageObject","inLanguage":"sv-SE","@id":"https:\/\/www.gymnastica.fi\/#\/schema\/logo\/image\/","url":"https:\/\/www.gymnastica.fi\/app\/uploads\/2021\/04\/logo.svg","contentUrl":"https:\/\/www.gymnastica.fi\/app\/uploads\/2021\/04\/logo.svg","width":246,"height":59,"caption":"Gymnastica"},"image":{"@id":"https:\/\/www.gymnastica.fi\/#\/schema\/logo\/image\/"}}]}},"_links":{"self":[{"href":"https:\/\/www.gymnastica.fi\/sv\/wp-json\/wp\/v2\/product\/32317","targetHints":{"allow":["GET"]}}],"collection":[{"href":"https:\/\/www.gymnastica.fi\/sv\/wp-json\/wp\/v2\/product"}],"about":[{"href":"https:\/\/www.gymnastica.fi\/sv\/wp-json\/wp\/v2\/types\/product"}],"wp:featuredmedia":[{"embeddable":true,"href":"https:\/\/www.gymnastica.fi\/sv\/wp-json\/wp\/v2\/media\/7438"}],"wp:attachment":[{"href":"https:\/\/www.gymnastica.fi\/sv\/wp-json\/wp\/v2\/media?parent=32317"}],"wp:term":[{"taxonomy":"product_brand","embeddable":true,"href":"https:\/\/www.gymnastica.fi\/sv\/wp-json\/wp\/v2\/product_brand?post=32317"},{"taxonomy":"product_cat","embeddable":true,"href":"https:\/\/www.gymnastica.fi\/sv\/wp-json\/wp\/v2\/product_cat?post=32317"},{"taxonomy":"product_tag","embeddable":true,"href":"https:\/\/www.gymnastica.fi\/sv\/wp-json\/wp\/v2\/product_tag?post=32317"},{"taxonomy":"manufacturers","embeddable":true,"href":"https:\/\/www.gymnastica.fi\/sv\/wp-json\/wp\/v2\/manufacturers?post=32317"},{"taxonomy":"suppliers","embeddable":true,"href":"https:\/\/www.gymnastica.fi\/sv\/wp-json\/wp\/v2\/suppliers?post=32317"}],"curies":[{"name":"wp","href":"https:\/\/api.w.org\/{rel}","templated":true}]}}