{"id":32327,"date":"2022-04-27T14:44:06","date_gmt":"2022-04-27T11:44:06","guid":{"rendered":"https:\/\/www.gymnastica.fi\/tuote\/gymnova-fig-evolution-komplett-tavlingsgolv-med-komfortlager-och-matta-for-rytmisk-gymnastik\/"},"modified":"2025-02-07T13:57:09","modified_gmt":"2025-02-07T11:57:09","slug":"gymnova-fig-evolution-komplett-tavlingsgolv-med-komfortlager-och-matta-for-rytmisk-gymnastik","status":"publish","type":"product","link":"https:\/\/www.gymnastica.fi\/sv\/tuote\/gymnova-fig-evolution-komplett-tavlingsgolv-med-komfortlager-och-matta-for-rytmisk-gymnastik\/","title":{"rendered":"Gymnova FIG Evolution komplett t\u00e4vlingsgolv med komfortlager och matta f\u00f6r rytmisk gymnastik GY-6668"},"content":{"rendered":"<p>Gymnova\u00a0&#8220;Evolution&#8221; komplett t\u00e4vlingsgolv med komfortlager och matta f\u00f6r\u00a0 rytmisk gymnastik. Golvet ger gymnasten ett dynamiskt, mjukt och j\u00e4mnt t\u00e4vlingsomr\u00e5de. Komfortlagret ger utm\u00e4rkt st\u00f6td\u00e4mpning f\u00f6r vrister, handleder, kn\u00e4n och rygg, vilket minimerar risken f\u00f6r skador. Installationen \u00e4r snabb och enkel. 13 x 13 m yta \u00e4r tydligt markerad med en 5 cm bred markeringstejp. GY-6668 best\u00e5r av matta GY-6655 14 x 14 m (tre v\u00e5der p\u00e5 14 m x 4 m och en v\u00e5d p\u00e5 14 m x 2 m), golvbas GY-6665 13,50 x 13,50 m, tjocklek 40 mm och komfortlager GY-6660 tjocklek 8 mm, densitet 23 kg\/m<sup>3<\/sup>. Komfortlagret best\u00e5r av 7 rullar p\u00e5 2,0 x 13,5 m. FIG godk\u00e4nd.<\/p>\n","protected":false},"excerpt":{"rendered":"<p>Be om offert<\/p>\n","protected":false},"featured_media":7425,"template":"","meta":{"_acf_changed":false,"_relevanssi_hide_post":"","_relevanssi_hide_content":"","_relevanssi_pin_for_all":"","_relevanssi_pin_keywords":"","_relevanssi_unpin_keywords":"","_relevanssi_related_keywords":"","_relevanssi_related_include_ids":"","_relevanssi_related_exclude_ids":"","_relevanssi_related_no_append":"","_relevanssi_related_not_related":"","_relevanssi_related_posts":"","_relevanssi_noindex_reason":""},"product_brand":[],"product_cat":[1654,2648,1933,2541,2714],"product_tag":[2715,3382],"manufacturers":[],"suppliers":[],"class_list":{"0":"post-32327","1":"product","2":"type-product","3":"status-publish","4":"has-post-thumbnail","6":"product_cat-marken","7":"product_cat-gymnova-sv","8":"product_cat-sporthallprodukter-2","9":"product_cat-rytmisk-och-estetisk-truppgymnastik","10":"product_cat-gymnastikgolv","11":"product_tag-gymnastikgolv","12":"product_tag-gymnova-evolution-sv","14":"first","15":"onbackorder","16":"taxable","17":"shipping-taxable","18":"product-type-simple"},"acf":[],"yoast_head":"<!-- This site is optimized with the Yoast SEO plugin v26.8 - https:\/\/yoast.com\/product\/yoast-seo-wordpress\/ -->\n<title>Gymnova FIG Evolution komplett t\u00e4vlingsgolv med komfortlager och matta f\u00f6r rytmisk gymnastik GY-6668 &#8212; Gymnastica<\/title>\n<meta name=\"robots\" content=\"index, follow, max-snippet:-1, max-image-preview:large, max-video-preview:-1\" \/>\n<link rel=\"canonical\" href=\"https:\/\/www.gymnastica.fi\/en\/tuote\/gymnova-fig-evolution-complete-competition-floor-for-rhythmic-gymnastics\/\" \/>\n<meta property=\"og:locale\" content=\"sv_SE\" \/>\n<meta property=\"og:type\" content=\"article\" \/>\n<meta property=\"og:title\" content=\"Gymnova FIG Evolution komplett t\u00e4vlingsgolv med komfortlager och matta f\u00f6r rytmisk gymnastik GY-6668 &#8212; Gymnastica\" \/>\n<meta property=\"og:description\" content=\"Be om offert\" \/>\n<meta property=\"og:url\" content=\"https:\/\/www.gymnastica.fi\/en\/tuote\/gymnova-fig-evolution-complete-competition-floor-for-rhythmic-gymnastics\/\" \/>\n<meta property=\"og:site_name\" content=\"Gymnastica\" \/>\n<meta property=\"article:modified_time\" content=\"2025-02-07T11:57:09+00:00\" \/>\n<meta name=\"twitter:card\" content=\"summary_large_image\" \/>\n<meta name=\"twitter:label1\" content=\"Est. reading time\" \/>\n\t<meta name=\"twitter:data1\" content=\"1 minute\" \/>\n<script type=\"application\/ld+json\" class=\"yoast-schema-graph\">{\"@context\":\"https:\/\/schema.org\",\"@graph\":[{\"@type\":\"WebPage\",\"@id\":\"https:\/\/www.gymnastica.fi\/en\/tuote\/gymnova-fig-evolution-complete-competition-floor-for-rhythmic-gymnastics\/\",\"url\":\"https:\/\/www.gymnastica.fi\/en\/tuote\/gymnova-fig-evolution-complete-competition-floor-for-rhythmic-gymnastics\/\",\"name\":\"Gymnova FIG Evolution komplett t\u00e4vlingsgolv med komfortlager och matta f\u00f6r rytmisk gymnastik GY-6668 &#8212; Gymnastica\",\"isPartOf\":{\"@id\":\"https:\/\/www.gymnastica.fi\/#website\"},\"primaryImageOfPage\":{\"@id\":\"https:\/\/www.gymnastica.fi\/en\/tuote\/gymnova-fig-evolution-complete-competition-floor-for-rhythmic-gymnastics\/#primaryimage\"},\"image\":{\"@id\":\"https:\/\/www.gymnastica.fi\/en\/tuote\/gymnova-fig-evolution-complete-competition-floor-for-rhythmic-gymnastics\/#primaryimage\"},\"thumbnailUrl\":\"https:\/\/www.gymnastica.fi\/app\/uploads\/2022\/04\/GY-6668.jpg\",\"datePublished\":\"2022-04-27T11:44:06+00:00\",\"dateModified\":\"2025-02-07T11:57:09+00:00\",\"breadcrumb\":{\"@id\":\"https:\/\/www.gymnastica.fi\/en\/tuote\/gymnova-fig-evolution-complete-competition-floor-for-rhythmic-gymnastics\/#breadcrumb\"},\"inLanguage\":\"sv-SE\",\"potentialAction\":[{\"@type\":\"ReadAction\",\"target\":[\"https:\/\/www.gymnastica.fi\/en\/tuote\/gymnova-fig-evolution-complete-competition-floor-for-rhythmic-gymnastics\/\"]}]},{\"@type\":\"ImageObject\",\"inLanguage\":\"sv-SE\",\"@id\":\"https:\/\/www.gymnastica.fi\/en\/tuote\/gymnova-fig-evolution-complete-competition-floor-for-rhythmic-gymnastics\/#primaryimage\",\"url\":\"https:\/\/www.gymnastica.fi\/app\/uploads\/2022\/04\/GY-6668.jpg\",\"contentUrl\":\"https:\/\/www.gymnastica.fi\/app\/uploads\/2022\/04\/GY-6668.jpg\",\"width\":1024,\"height\":1024},{\"@type\":\"BreadcrumbList\",\"@id\":\"https:\/\/www.gymnastica.fi\/en\/tuote\/gymnova-fig-evolution-complete-competition-floor-for-rhythmic-gymnastics\/#breadcrumb\",\"itemListElement\":[{\"@type\":\"ListItem\",\"position\":1,\"name\":\"Home\",\"item\":\"https:\/\/www.gymnastica.fi\/sv\/\"},{\"@type\":\"ListItem\",\"position\":2,\"name\":\"Butik\",\"item\":\"https:\/\/www.gymnastica.fi\/sv\/butik\/\"},{\"@type\":\"ListItem\",\"position\":3,\"name\":\"Gymnova FIG Evolution komplett t\u00e4vlingsgolv med komfortlager och matta f\u00f6r rytmisk gymnastik GY-6668\"}]},{\"@type\":\"WebSite\",\"@id\":\"https:\/\/www.gymnastica.fi\/#website\",\"url\":\"https:\/\/www.gymnastica.fi\/\",\"name\":\"Gymnastica\",\"description\":\"Liikunta- ja urheilutilasuunnittelun ja v\u00e4lineiden asiantuntija\",\"publisher\":{\"@id\":\"https:\/\/www.gymnastica.fi\/#organization\"},\"potentialAction\":[{\"@type\":\"SearchAction\",\"target\":{\"@type\":\"EntryPoint\",\"urlTemplate\":\"https:\/\/www.gymnastica.fi\/?s={search_term_string}\"},\"query-input\":{\"@type\":\"PropertyValueSpecification\",\"valueRequired\":true,\"valueName\":\"search_term_string\"}}],\"inLanguage\":\"sv-SE\"},{\"@type\":\"Organization\",\"@id\":\"https:\/\/www.gymnastica.fi\/#organization\",\"name\":\"Gymnastica\",\"url\":\"https:\/\/www.gymnastica.fi\/\",\"logo\":{\"@type\":\"ImageObject\",\"inLanguage\":\"sv-SE\",\"@id\":\"https:\/\/www.gymnastica.fi\/#\/schema\/logo\/image\/\",\"url\":\"https:\/\/www.gymnastica.fi\/app\/uploads\/2021\/04\/logo.svg\",\"contentUrl\":\"https:\/\/www.gymnastica.fi\/app\/uploads\/2021\/04\/logo.svg\",\"width\":246,\"height\":59,\"caption\":\"Gymnastica\"},\"image\":{\"@id\":\"https:\/\/www.gymnastica.fi\/#\/schema\/logo\/image\/\"}}]}<\/script>\n<!-- \/ Yoast SEO plugin. -->","yoast_head_json":{"title":"Gymnova FIG Evolution komplett t\u00e4vlingsgolv med komfortlager och matta f\u00f6r rytmisk gymnastik GY-6668 &#8212; Gymnastica","robots":{"index":"index","follow":"follow","max-snippet":"max-snippet:-1","max-image-preview":"max-image-preview:large","max-video-preview":"max-video-preview:-1"},"canonical":"https:\/\/www.gymnastica.fi\/en\/tuote\/gymnova-fig-evolution-complete-competition-floor-for-rhythmic-gymnastics\/","og_locale":"sv_SE","og_type":"article","og_title":"Gymnova FIG Evolution komplett t\u00e4vlingsgolv med komfortlager och matta f\u00f6r rytmisk gymnastik GY-6668 &#8212; Gymnastica","og_description":"Be om offert","og_url":"https:\/\/www.gymnastica.fi\/en\/tuote\/gymnova-fig-evolution-complete-competition-floor-for-rhythmic-gymnastics\/","og_site_name":"Gymnastica","article_modified_time":"2025-02-07T11:57:09+00:00","twitter_card":"summary_large_image","twitter_misc":{"Est. reading time":"1 minute"},"schema":{"@context":"https:\/\/schema.org","@graph":[{"@type":"WebPage","@id":"https:\/\/www.gymnastica.fi\/en\/tuote\/gymnova-fig-evolution-complete-competition-floor-for-rhythmic-gymnastics\/","url":"https:\/\/www.gymnastica.fi\/en\/tuote\/gymnova-fig-evolution-complete-competition-floor-for-rhythmic-gymnastics\/","name":"Gymnova FIG Evolution komplett t\u00e4vlingsgolv med komfortlager och matta f\u00f6r rytmisk gymnastik GY-6668 &#8212; Gymnastica","isPartOf":{"@id":"https:\/\/www.gymnastica.fi\/#website"},"primaryImageOfPage":{"@id":"https:\/\/www.gymnastica.fi\/en\/tuote\/gymnova-fig-evolution-complete-competition-floor-for-rhythmic-gymnastics\/#primaryimage"},"image":{"@id":"https:\/\/www.gymnastica.fi\/en\/tuote\/gymnova-fig-evolution-complete-competition-floor-for-rhythmic-gymnastics\/#primaryimage"},"thumbnailUrl":"https:\/\/www.gymnastica.fi\/app\/uploads\/2022\/04\/GY-6668.jpg","datePublished":"2022-04-27T11:44:06+00:00","dateModified":"2025-02-07T11:57:09+00:00","breadcrumb":{"@id":"https:\/\/www.gymnastica.fi\/en\/tuote\/gymnova-fig-evolution-complete-competition-floor-for-rhythmic-gymnastics\/#breadcrumb"},"inLanguage":"sv-SE","potentialAction":[{"@type":"ReadAction","target":["https:\/\/www.gymnastica.fi\/en\/tuote\/gymnova-fig-evolution-complete-competition-floor-for-rhythmic-gymnastics\/"]}]},{"@type":"ImageObject","inLanguage":"sv-SE","@id":"https:\/\/www.gymnastica.fi\/en\/tuote\/gymnova-fig-evolution-complete-competition-floor-for-rhythmic-gymnastics\/#primaryimage","url":"https:\/\/www.gymnastica.fi\/app\/uploads\/2022\/04\/GY-6668.jpg","contentUrl":"https:\/\/www.gymnastica.fi\/app\/uploads\/2022\/04\/GY-6668.jpg","width":1024,"height":1024},{"@type":"BreadcrumbList","@id":"https:\/\/www.gymnastica.fi\/en\/tuote\/gymnova-fig-evolution-complete-competition-floor-for-rhythmic-gymnastics\/#breadcrumb","itemListElement":[{"@type":"ListItem","position":1,"name":"Home","item":"https:\/\/www.gymnastica.fi\/sv\/"},{"@type":"ListItem","position":2,"name":"Butik","item":"https:\/\/www.gymnastica.fi\/sv\/butik\/"},{"@type":"ListItem","position":3,"name":"Gymnova FIG Evolution komplett t\u00e4vlingsgolv med komfortlager och matta f\u00f6r rytmisk gymnastik GY-6668"}]},{"@type":"WebSite","@id":"https:\/\/www.gymnastica.fi\/#website","url":"https:\/\/www.gymnastica.fi\/","name":"Gymnastica","description":"Liikunta- ja urheilutilasuunnittelun ja v\u00e4lineiden asiantuntija","publisher":{"@id":"https:\/\/www.gymnastica.fi\/#organization"},"potentialAction":[{"@type":"SearchAction","target":{"@type":"EntryPoint","urlTemplate":"https:\/\/www.gymnastica.fi\/?s={search_term_string}"},"query-input":{"@type":"PropertyValueSpecification","valueRequired":true,"valueName":"search_term_string"}}],"inLanguage":"sv-SE"},{"@type":"Organization","@id":"https:\/\/www.gymnastica.fi\/#organization","name":"Gymnastica","url":"https:\/\/www.gymnastica.fi\/","logo":{"@type":"ImageObject","inLanguage":"sv-SE","@id":"https:\/\/www.gymnastica.fi\/#\/schema\/logo\/image\/","url":"https:\/\/www.gymnastica.fi\/app\/uploads\/2021\/04\/logo.svg","contentUrl":"https:\/\/www.gymnastica.fi\/app\/uploads\/2021\/04\/logo.svg","width":246,"height":59,"caption":"Gymnastica"},"image":{"@id":"https:\/\/www.gymnastica.fi\/#\/schema\/logo\/image\/"}}]}},"_links":{"self":[{"href":"https:\/\/www.gymnastica.fi\/sv\/wp-json\/wp\/v2\/product\/32327","targetHints":{"allow":["GET"]}}],"collection":[{"href":"https:\/\/www.gymnastica.fi\/sv\/wp-json\/wp\/v2\/product"}],"about":[{"href":"https:\/\/www.gymnastica.fi\/sv\/wp-json\/wp\/v2\/types\/product"}],"wp:featuredmedia":[{"embeddable":true,"href":"https:\/\/www.gymnastica.fi\/sv\/wp-json\/wp\/v2\/media\/7425"}],"wp:attachment":[{"href":"https:\/\/www.gymnastica.fi\/sv\/wp-json\/wp\/v2\/media?parent=32327"}],"wp:term":[{"taxonomy":"product_brand","embeddable":true,"href":"https:\/\/www.gymnastica.fi\/sv\/wp-json\/wp\/v2\/product_brand?post=32327"},{"taxonomy":"product_cat","embeddable":true,"href":"https:\/\/www.gymnastica.fi\/sv\/wp-json\/wp\/v2\/product_cat?post=32327"},{"taxonomy":"product_tag","embeddable":true,"href":"https:\/\/www.gymnastica.fi\/sv\/wp-json\/wp\/v2\/product_tag?post=32327"},{"taxonomy":"manufacturers","embeddable":true,"href":"https:\/\/www.gymnastica.fi\/sv\/wp-json\/wp\/v2\/manufacturers?post=32327"},{"taxonomy":"suppliers","embeddable":true,"href":"https:\/\/www.gymnastica.fi\/sv\/wp-json\/wp\/v2\/suppliers?post=32327"}],"curies":[{"name":"wp","href":"https:\/\/api.w.org\/{rel}","templated":true}]}}