{"id":32445,"date":"2022-04-27T14:39:10","date_gmt":"2022-04-27T11:39:10","guid":{"rendered":"https:\/\/www.gymnastica.fi\/tuote\/airgym-air-beam-uppblasbar-bom-5m-2\/"},"modified":"2025-03-04T11:21:24","modified_gmt":"2025-03-04T09:21:24","slug":"airgym-air-beam-uppblasbar-bom-5m-2","status":"publish","type":"product","link":"https:\/\/www.gymnastica.fi\/sv\/tuote\/airgym-air-beam-uppblasbar-bom-5m-2\/","title":{"rendered":"Airgym Air Beam uppbl\u00e5sbar bom 5m"},"content":{"rendered":"<p>Airgym Air Beam uppbl\u00e5sbar gymnastikbom. L\u00e4ngd 500 cm, bredd 40 cm och h\u00f6jd 20 cm. Den 10 cm breda och 2,5 mm h\u00f6ga mittlinjen hj\u00e4lper gymnasten att visualisera mitten av gymnastikbalken. H\u00e5rdheten kan enkelt justeras med tryckregleringsventilen. PVC-\u00f6verdraget inneh\u00e5ller inga ftalater. F\u00e4rg bl\u00e5\/ljusgr\u00e5. Inkluderar en f\u00f6rvaringsv\u00e4ska. Fotpump AG-3006 kan best\u00e4llas separat. Storlek tom i f\u00f6rvaringsp\u00e5se 19 x 25 x 60 cm. Vikt 9 kg.<\/p>\n","protected":false},"excerpt":{"rendered":"<p>Airgym Air Beam uppbl\u00e5sbar gymnastikbom. L\u00e4ngd 500 cm, bredd 40 cm och h\u00f6jd 20 cm. Den 10 cm breda och 2,5 mm h\u00f6ga mittlinjen hj\u00e4lper gymnasten att visualisera mitten av gymnastikbalken. H\u00e5rdheten kan enkelt justeras med tryckregleringsventilen. PVC-\u00f6verdraget inneh\u00e5ller inga ftalater. F\u00e4rg bl\u00e5\/ljusgr\u00e5. Inkluderar en f\u00f6rvaringsv\u00e4ska. Fotpump AG-3006 kan best\u00e4llas separat. Storlek tom i f\u00f6rvaringsp\u00e5se [&hellip;]<\/p>\n","protected":false},"featured_media":7225,"template":"","meta":{"_acf_changed":false,"_relevanssi_hide_post":"","_relevanssi_hide_content":"","_relevanssi_pin_for_all":"","_relevanssi_pin_keywords":"","_relevanssi_unpin_keywords":"","_relevanssi_related_keywords":"","_relevanssi_related_include_ids":"","_relevanssi_related_exclude_ids":"","_relevanssi_related_no_append":"","_relevanssi_related_not_related":"","_relevanssi_related_posts":"","_relevanssi_noindex_reason":""},"product_brand":[],"product_cat":[1654,2634,1933,2635,1918,1919],"product_tag":[3408,3407],"manufacturers":[],"suppliers":[],"class_list":{"0":"post-32445","1":"product","2":"type-product","3":"status-publish","4":"has-post-thumbnail","6":"product_cat-marken","7":"product_cat-airgym-sv","8":"product_cat-sporthallprodukter-2","9":"product_cat-uppblasbara-redskap","10":"product_cat-redskapsgymnastik","11":"product_cat-bommar","12":"product_tag-airgym-air-beam-sv","13":"product_tag-uppblasbar-bom","15":"first","16":"instock","17":"taxable","18":"shipping-taxable","19":"purchasable","20":"product-type-simple"},"acf":[],"yoast_head":"<!-- This site is optimized with the Yoast SEO plugin v26.8 - https:\/\/yoast.com\/product\/yoast-seo-wordpress\/ -->\n<title>Airgym Air Beam uppbl\u00e5sbar bom 5m &#8212; Gymnastica<\/title>\n<meta name=\"robots\" content=\"index, follow, max-snippet:-1, max-image-preview:large, max-video-preview:-1\" \/>\n<link rel=\"canonical\" href=\"https:\/\/www.gymnastica.fi\/en\/tuote\/airgym-air-beam-inflatable-5m\/\" \/>\n<meta property=\"og:locale\" content=\"sv_SE\" \/>\n<meta property=\"og:type\" content=\"article\" \/>\n<meta property=\"og:title\" content=\"Airgym Air Beam uppbl\u00e5sbar bom 5m &#8212; Gymnastica\" \/>\n<meta property=\"og:description\" content=\"Airgym Air Beam uppbl\u00e5sbar gymnastikbom. L\u00e4ngd 500 cm, bredd 40 cm och h\u00f6jd 20 cm. Den 10 cm breda och 2,5 mm h\u00f6ga mittlinjen hj\u00e4lper gymnasten att visualisera mitten av gymnastikbalken. H\u00e5rdheten kan enkelt justeras med tryckregleringsventilen. PVC-\u00f6verdraget inneh\u00e5ller inga ftalater. F\u00e4rg bl\u00e5\/ljusgr\u00e5. Inkluderar en f\u00f6rvaringsv\u00e4ska. Fotpump AG-3006 kan best\u00e4llas separat. Storlek tom i f\u00f6rvaringsp\u00e5se [&hellip;]\" \/>\n<meta property=\"og:url\" content=\"https:\/\/www.gymnastica.fi\/en\/tuote\/airgym-air-beam-inflatable-5m\/\" \/>\n<meta property=\"og:site_name\" content=\"Gymnastica\" \/>\n<meta property=\"article:modified_time\" content=\"2025-03-04T09:21:24+00:00\" \/>\n<meta name=\"twitter:card\" content=\"summary_large_image\" \/>\n<script type=\"application\/ld+json\" class=\"yoast-schema-graph\">{\"@context\":\"https:\/\/schema.org\",\"@graph\":[{\"@type\":\"WebPage\",\"@id\":\"https:\/\/www.gymnastica.fi\/en\/tuote\/airgym-air-beam-inflatable-5m\/\",\"url\":\"https:\/\/www.gymnastica.fi\/en\/tuote\/airgym-air-beam-inflatable-5m\/\",\"name\":\"Airgym Air Beam uppbl\u00e5sbar bom 5m &#8212; Gymnastica\",\"isPartOf\":{\"@id\":\"https:\/\/www.gymnastica.fi\/#website\"},\"primaryImageOfPage\":{\"@id\":\"https:\/\/www.gymnastica.fi\/en\/tuote\/airgym-air-beam-inflatable-5m\/#primaryimage\"},\"image\":{\"@id\":\"https:\/\/www.gymnastica.fi\/en\/tuote\/airgym-air-beam-inflatable-5m\/#primaryimage\"},\"thumbnailUrl\":\"https:\/\/www.gymnastica.fi\/app\/uploads\/2022\/04\/AG-40-5-20.jpg\",\"datePublished\":\"2022-04-27T11:39:10+00:00\",\"dateModified\":\"2025-03-04T09:21:24+00:00\",\"breadcrumb\":{\"@id\":\"https:\/\/www.gymnastica.fi\/en\/tuote\/airgym-air-beam-inflatable-5m\/#breadcrumb\"},\"inLanguage\":\"sv-SE\",\"potentialAction\":[{\"@type\":\"ReadAction\",\"target\":[\"https:\/\/www.gymnastica.fi\/en\/tuote\/airgym-air-beam-inflatable-5m\/\"]}]},{\"@type\":\"ImageObject\",\"inLanguage\":\"sv-SE\",\"@id\":\"https:\/\/www.gymnastica.fi\/en\/tuote\/airgym-air-beam-inflatable-5m\/#primaryimage\",\"url\":\"https:\/\/www.gymnastica.fi\/app\/uploads\/2022\/04\/AG-40-5-20.jpg\",\"contentUrl\":\"https:\/\/www.gymnastica.fi\/app\/uploads\/2022\/04\/AG-40-5-20.jpg\",\"width\":1472,\"height\":449},{\"@type\":\"BreadcrumbList\",\"@id\":\"https:\/\/www.gymnastica.fi\/en\/tuote\/airgym-air-beam-inflatable-5m\/#breadcrumb\",\"itemListElement\":[{\"@type\":\"ListItem\",\"position\":1,\"name\":\"Home\",\"item\":\"https:\/\/www.gymnastica.fi\/sv\/\"},{\"@type\":\"ListItem\",\"position\":2,\"name\":\"Butik\",\"item\":\"https:\/\/www.gymnastica.fi\/sv\/butik\/\"},{\"@type\":\"ListItem\",\"position\":3,\"name\":\"Airgym Air Beam uppbl\u00e5sbar bom 5m\"}]},{\"@type\":\"WebSite\",\"@id\":\"https:\/\/www.gymnastica.fi\/#website\",\"url\":\"https:\/\/www.gymnastica.fi\/\",\"name\":\"Gymnastica\",\"description\":\"Liikunta- ja urheilutilasuunnittelun ja v\u00e4lineiden asiantuntija\",\"publisher\":{\"@id\":\"https:\/\/www.gymnastica.fi\/#organization\"},\"potentialAction\":[{\"@type\":\"SearchAction\",\"target\":{\"@type\":\"EntryPoint\",\"urlTemplate\":\"https:\/\/www.gymnastica.fi\/?s={search_term_string}\"},\"query-input\":{\"@type\":\"PropertyValueSpecification\",\"valueRequired\":true,\"valueName\":\"search_term_string\"}}],\"inLanguage\":\"sv-SE\"},{\"@type\":\"Organization\",\"@id\":\"https:\/\/www.gymnastica.fi\/#organization\",\"name\":\"Gymnastica\",\"url\":\"https:\/\/www.gymnastica.fi\/\",\"logo\":{\"@type\":\"ImageObject\",\"inLanguage\":\"sv-SE\",\"@id\":\"https:\/\/www.gymnastica.fi\/#\/schema\/logo\/image\/\",\"url\":\"https:\/\/www.gymnastica.fi\/app\/uploads\/2021\/04\/logo.svg\",\"contentUrl\":\"https:\/\/www.gymnastica.fi\/app\/uploads\/2021\/04\/logo.svg\",\"width\":246,\"height\":59,\"caption\":\"Gymnastica\"},\"image\":{\"@id\":\"https:\/\/www.gymnastica.fi\/#\/schema\/logo\/image\/\"}}]}<\/script>\n<!-- \/ Yoast SEO plugin. -->","yoast_head_json":{"title":"Airgym Air Beam uppbl\u00e5sbar bom 5m &#8212; Gymnastica","robots":{"index":"index","follow":"follow","max-snippet":"max-snippet:-1","max-image-preview":"max-image-preview:large","max-video-preview":"max-video-preview:-1"},"canonical":"https:\/\/www.gymnastica.fi\/en\/tuote\/airgym-air-beam-inflatable-5m\/","og_locale":"sv_SE","og_type":"article","og_title":"Airgym Air Beam uppbl\u00e5sbar bom 5m &#8212; Gymnastica","og_description":"Airgym Air Beam uppbl\u00e5sbar gymnastikbom. L\u00e4ngd 500 cm, bredd 40 cm och h\u00f6jd 20 cm. Den 10 cm breda och 2,5 mm h\u00f6ga mittlinjen hj\u00e4lper gymnasten att visualisera mitten av gymnastikbalken. H\u00e5rdheten kan enkelt justeras med tryckregleringsventilen. PVC-\u00f6verdraget inneh\u00e5ller inga ftalater. F\u00e4rg bl\u00e5\/ljusgr\u00e5. Inkluderar en f\u00f6rvaringsv\u00e4ska. Fotpump AG-3006 kan best\u00e4llas separat. Storlek tom i f\u00f6rvaringsp\u00e5se [&hellip;]","og_url":"https:\/\/www.gymnastica.fi\/en\/tuote\/airgym-air-beam-inflatable-5m\/","og_site_name":"Gymnastica","article_modified_time":"2025-03-04T09:21:24+00:00","twitter_card":"summary_large_image","schema":{"@context":"https:\/\/schema.org","@graph":[{"@type":"WebPage","@id":"https:\/\/www.gymnastica.fi\/en\/tuote\/airgym-air-beam-inflatable-5m\/","url":"https:\/\/www.gymnastica.fi\/en\/tuote\/airgym-air-beam-inflatable-5m\/","name":"Airgym Air Beam uppbl\u00e5sbar bom 5m &#8212; Gymnastica","isPartOf":{"@id":"https:\/\/www.gymnastica.fi\/#website"},"primaryImageOfPage":{"@id":"https:\/\/www.gymnastica.fi\/en\/tuote\/airgym-air-beam-inflatable-5m\/#primaryimage"},"image":{"@id":"https:\/\/www.gymnastica.fi\/en\/tuote\/airgym-air-beam-inflatable-5m\/#primaryimage"},"thumbnailUrl":"https:\/\/www.gymnastica.fi\/app\/uploads\/2022\/04\/AG-40-5-20.jpg","datePublished":"2022-04-27T11:39:10+00:00","dateModified":"2025-03-04T09:21:24+00:00","breadcrumb":{"@id":"https:\/\/www.gymnastica.fi\/en\/tuote\/airgym-air-beam-inflatable-5m\/#breadcrumb"},"inLanguage":"sv-SE","potentialAction":[{"@type":"ReadAction","target":["https:\/\/www.gymnastica.fi\/en\/tuote\/airgym-air-beam-inflatable-5m\/"]}]},{"@type":"ImageObject","inLanguage":"sv-SE","@id":"https:\/\/www.gymnastica.fi\/en\/tuote\/airgym-air-beam-inflatable-5m\/#primaryimage","url":"https:\/\/www.gymnastica.fi\/app\/uploads\/2022\/04\/AG-40-5-20.jpg","contentUrl":"https:\/\/www.gymnastica.fi\/app\/uploads\/2022\/04\/AG-40-5-20.jpg","width":1472,"height":449},{"@type":"BreadcrumbList","@id":"https:\/\/www.gymnastica.fi\/en\/tuote\/airgym-air-beam-inflatable-5m\/#breadcrumb","itemListElement":[{"@type":"ListItem","position":1,"name":"Home","item":"https:\/\/www.gymnastica.fi\/sv\/"},{"@type":"ListItem","position":2,"name":"Butik","item":"https:\/\/www.gymnastica.fi\/sv\/butik\/"},{"@type":"ListItem","position":3,"name":"Airgym Air Beam uppbl\u00e5sbar bom 5m"}]},{"@type":"WebSite","@id":"https:\/\/www.gymnastica.fi\/#website","url":"https:\/\/www.gymnastica.fi\/","name":"Gymnastica","description":"Liikunta- ja urheilutilasuunnittelun ja v\u00e4lineiden asiantuntija","publisher":{"@id":"https:\/\/www.gymnastica.fi\/#organization"},"potentialAction":[{"@type":"SearchAction","target":{"@type":"EntryPoint","urlTemplate":"https:\/\/www.gymnastica.fi\/?s={search_term_string}"},"query-input":{"@type":"PropertyValueSpecification","valueRequired":true,"valueName":"search_term_string"}}],"inLanguage":"sv-SE"},{"@type":"Organization","@id":"https:\/\/www.gymnastica.fi\/#organization","name":"Gymnastica","url":"https:\/\/www.gymnastica.fi\/","logo":{"@type":"ImageObject","inLanguage":"sv-SE","@id":"https:\/\/www.gymnastica.fi\/#\/schema\/logo\/image\/","url":"https:\/\/www.gymnastica.fi\/app\/uploads\/2021\/04\/logo.svg","contentUrl":"https:\/\/www.gymnastica.fi\/app\/uploads\/2021\/04\/logo.svg","width":246,"height":59,"caption":"Gymnastica"},"image":{"@id":"https:\/\/www.gymnastica.fi\/#\/schema\/logo\/image\/"}}]}},"_links":{"self":[{"href":"https:\/\/www.gymnastica.fi\/sv\/wp-json\/wp\/v2\/product\/32445","targetHints":{"allow":["GET"]}}],"collection":[{"href":"https:\/\/www.gymnastica.fi\/sv\/wp-json\/wp\/v2\/product"}],"about":[{"href":"https:\/\/www.gymnastica.fi\/sv\/wp-json\/wp\/v2\/types\/product"}],"wp:featuredmedia":[{"embeddable":true,"href":"https:\/\/www.gymnastica.fi\/sv\/wp-json\/wp\/v2\/media\/7225"}],"wp:attachment":[{"href":"https:\/\/www.gymnastica.fi\/sv\/wp-json\/wp\/v2\/media?parent=32445"}],"wp:term":[{"taxonomy":"product_brand","embeddable":true,"href":"https:\/\/www.gymnastica.fi\/sv\/wp-json\/wp\/v2\/product_brand?post=32445"},{"taxonomy":"product_cat","embeddable":true,"href":"https:\/\/www.gymnastica.fi\/sv\/wp-json\/wp\/v2\/product_cat?post=32445"},{"taxonomy":"product_tag","embeddable":true,"href":"https:\/\/www.gymnastica.fi\/sv\/wp-json\/wp\/v2\/product_tag?post=32445"},{"taxonomy":"manufacturers","embeddable":true,"href":"https:\/\/www.gymnastica.fi\/sv\/wp-json\/wp\/v2\/manufacturers?post=32445"},{"taxonomy":"suppliers","embeddable":true,"href":"https:\/\/www.gymnastica.fi\/sv\/wp-json\/wp\/v2\/suppliers?post=32445"}],"curies":[{"name":"wp","href":"https:\/\/api.w.org\/{rel}","templated":true}]}}