{"id":32453,"date":"2022-04-27T14:39:06","date_gmt":"2022-04-27T11:39:06","guid":{"rendered":"https:\/\/www.gymnastica.fi\/tuote\/airgym-airmat-pit-h10-pro-uppblasbar-sakerhetsmatta-for-hoppgrop\/"},"modified":"2025-02-07T10:56:18","modified_gmt":"2025-02-07T08:56:18","slug":"airgym-airmat-pit-h10-pro-uppblasbar-sakerhetsmatta-for-hoppgrop","status":"publish","type":"product","link":"https:\/\/www.gymnastica.fi\/sv\/tuote\/airgym-airmat-pit-h10-pro-uppblasbar-sakerhetsmatta-for-hoppgrop\/","title":{"rendered":"Airgym Airmat Pit H10 Pro uppbl\u00e5sbar s\u00e4kerhetsmatta f\u00f6r hoppgrop 400 x 200 x 10 cm AG-400-200-10"},"content":{"rendered":"<p>Airgym Airmat Pit H10 Pro uppbl\u00e5sbar s\u00e4kerhetsmatta f\u00f6r hoppgrop 400 x 200 x 10 cm. Placeras ovanp\u00e5 landningsplattan f\u00f6r att \u00f6ka st\u00f6td\u00e4mpningen och s\u00e4kerheten vid landningar.\u00a0 H\u00e5rdheten kan enkelt justeras med hj\u00e4lp av tryckregleringsventiler. Linjerna hj\u00e4lper gymnasten att visualisera landningen. \u00c4ven l\u00e4mplig f\u00f6r att tr\u00e4na akrobatiska r\u00f6relser p\u00e5 frist\u00e5ende. Tack vare kardborrebanden i b\u00e5da \u00e4ndar kan mattan kopplas ihop med andra 10 cm tjocka mattor. PVC-\u00f6verdraget inneh\u00e5ller inga ftalater. F\u00e4rgen p\u00e5 den \u00f6vre ytan \u00e4r bl\u00e5, kanterna och botten \u00e4r ljusgr\u00e5. Inkluderar en f\u00f6rvaringsv\u00e4ska.<\/p>\n","protected":false},"excerpt":{"rendered":"<p>Be om offert<\/p>\n","protected":false},"featured_media":7211,"template":"","meta":{"_acf_changed":false,"_relevanssi_hide_post":"","_relevanssi_hide_content":"","_relevanssi_pin_for_all":"","_relevanssi_pin_keywords":"","_relevanssi_unpin_keywords":"","_relevanssi_related_keywords":"","_relevanssi_related_include_ids":"","_relevanssi_related_exclude_ids":"","_relevanssi_related_no_append":"","_relevanssi_related_not_related":"","_relevanssi_related_posts":"","_relevanssi_noindex_reason":""},"product_brand":[],"product_cat":[1654,2634,1933,2635],"product_tag":[3414],"manufacturers":[],"suppliers":[],"class_list":{"0":"post-32453","1":"product","2":"type-product","3":"status-publish","4":"has-post-thumbnail","6":"product_cat-marken","7":"product_cat-airgym-sv","8":"product_cat-sporthallprodukter-2","9":"product_cat-uppblasbara-redskap","10":"product_tag-uppblasbar-sakerhetsmatta","12":"first","13":"instock","14":"taxable","15":"shipping-taxable","16":"product-type-simple"},"acf":[],"yoast_head":"<!-- This site is optimized with the Yoast SEO plugin v26.8 - https:\/\/yoast.com\/product\/yoast-seo-wordpress\/ -->\n<title>Airgym Airmat Pit H10 Pro uppbl\u00e5sbar s\u00e4kerhetsmatta f\u00f6r hoppgrop 400 x 200 x 10 cm AG-400-200-10 &#8212; Gymnastica<\/title>\n<meta name=\"robots\" content=\"index, follow, max-snippet:-1, max-image-preview:large, max-video-preview:-1\" \/>\n<link rel=\"canonical\" href=\"https:\/\/www.gymnastica.fi\/en\/tuote\/air-mat-for-pits-h10-pro\/\" \/>\n<meta property=\"og:locale\" content=\"sv_SE\" \/>\n<meta property=\"og:type\" content=\"article\" \/>\n<meta property=\"og:title\" content=\"Airgym Airmat Pit H10 Pro uppbl\u00e5sbar s\u00e4kerhetsmatta f\u00f6r hoppgrop 400 x 200 x 10 cm AG-400-200-10 &#8212; Gymnastica\" \/>\n<meta property=\"og:description\" content=\"Be om offert\" \/>\n<meta property=\"og:url\" content=\"https:\/\/www.gymnastica.fi\/en\/tuote\/air-mat-for-pits-h10-pro\/\" \/>\n<meta property=\"og:site_name\" content=\"Gymnastica\" \/>\n<meta property=\"article:modified_time\" content=\"2025-02-07T08:56:18+00:00\" \/>\n<meta name=\"twitter:card\" content=\"summary_large_image\" \/>\n<meta name=\"twitter:label1\" content=\"Est. reading time\" \/>\n\t<meta name=\"twitter:data1\" content=\"1 minute\" \/>\n<script type=\"application\/ld+json\" class=\"yoast-schema-graph\">{\"@context\":\"https:\/\/schema.org\",\"@graph\":[{\"@type\":\"WebPage\",\"@id\":\"https:\/\/www.gymnastica.fi\/en\/tuote\/air-mat-for-pits-h10-pro\/\",\"url\":\"https:\/\/www.gymnastica.fi\/en\/tuote\/air-mat-for-pits-h10-pro\/\",\"name\":\"Airgym Airmat Pit H10 Pro uppbl\u00e5sbar s\u00e4kerhetsmatta f\u00f6r hoppgrop 400 x 200 x 10 cm AG-400-200-10 &#8212; Gymnastica\",\"isPartOf\":{\"@id\":\"https:\/\/www.gymnastica.fi\/#website\"},\"primaryImageOfPage\":{\"@id\":\"https:\/\/www.gymnastica.fi\/en\/tuote\/air-mat-for-pits-h10-pro\/#primaryimage\"},\"image\":{\"@id\":\"https:\/\/www.gymnastica.fi\/en\/tuote\/air-mat-for-pits-h10-pro\/#primaryimage\"},\"thumbnailUrl\":\"https:\/\/www.gymnastica.fi\/app\/uploads\/2022\/04\/AG-400-200-10.jpg\",\"datePublished\":\"2022-04-27T11:39:06+00:00\",\"dateModified\":\"2025-02-07T08:56:18+00:00\",\"breadcrumb\":{\"@id\":\"https:\/\/www.gymnastica.fi\/en\/tuote\/air-mat-for-pits-h10-pro\/#breadcrumb\"},\"inLanguage\":\"sv-SE\",\"potentialAction\":[{\"@type\":\"ReadAction\",\"target\":[\"https:\/\/www.gymnastica.fi\/en\/tuote\/air-mat-for-pits-h10-pro\/\"]}]},{\"@type\":\"ImageObject\",\"inLanguage\":\"sv-SE\",\"@id\":\"https:\/\/www.gymnastica.fi\/en\/tuote\/air-mat-for-pits-h10-pro\/#primaryimage\",\"url\":\"https:\/\/www.gymnastica.fi\/app\/uploads\/2022\/04\/AG-400-200-10.jpg\",\"contentUrl\":\"https:\/\/www.gymnastica.fi\/app\/uploads\/2022\/04\/AG-400-200-10.jpg\",\"width\":576,\"height\":500},{\"@type\":\"BreadcrumbList\",\"@id\":\"https:\/\/www.gymnastica.fi\/en\/tuote\/air-mat-for-pits-h10-pro\/#breadcrumb\",\"itemListElement\":[{\"@type\":\"ListItem\",\"position\":1,\"name\":\"Home\",\"item\":\"https:\/\/www.gymnastica.fi\/sv\/\"},{\"@type\":\"ListItem\",\"position\":2,\"name\":\"Butik\",\"item\":\"https:\/\/www.gymnastica.fi\/sv\/butik\/\"},{\"@type\":\"ListItem\",\"position\":3,\"name\":\"Airgym Airmat Pit H10 Pro uppbl\u00e5sbar s\u00e4kerhetsmatta f\u00f6r hoppgrop 400 x 200 x 10 cm AG-400-200-10\"}]},{\"@type\":\"WebSite\",\"@id\":\"https:\/\/www.gymnastica.fi\/#website\",\"url\":\"https:\/\/www.gymnastica.fi\/\",\"name\":\"Gymnastica\",\"description\":\"Liikunta- ja urheilutilasuunnittelun ja v\u00e4lineiden asiantuntija\",\"publisher\":{\"@id\":\"https:\/\/www.gymnastica.fi\/#organization\"},\"potentialAction\":[{\"@type\":\"SearchAction\",\"target\":{\"@type\":\"EntryPoint\",\"urlTemplate\":\"https:\/\/www.gymnastica.fi\/?s={search_term_string}\"},\"query-input\":{\"@type\":\"PropertyValueSpecification\",\"valueRequired\":true,\"valueName\":\"search_term_string\"}}],\"inLanguage\":\"sv-SE\"},{\"@type\":\"Organization\",\"@id\":\"https:\/\/www.gymnastica.fi\/#organization\",\"name\":\"Gymnastica\",\"url\":\"https:\/\/www.gymnastica.fi\/\",\"logo\":{\"@type\":\"ImageObject\",\"inLanguage\":\"sv-SE\",\"@id\":\"https:\/\/www.gymnastica.fi\/#\/schema\/logo\/image\/\",\"url\":\"https:\/\/www.gymnastica.fi\/app\/uploads\/2021\/04\/logo.svg\",\"contentUrl\":\"https:\/\/www.gymnastica.fi\/app\/uploads\/2021\/04\/logo.svg\",\"width\":246,\"height\":59,\"caption\":\"Gymnastica\"},\"image\":{\"@id\":\"https:\/\/www.gymnastica.fi\/#\/schema\/logo\/image\/\"}}]}<\/script>\n<!-- \/ Yoast SEO plugin. -->","yoast_head_json":{"title":"Airgym Airmat Pit H10 Pro uppbl\u00e5sbar s\u00e4kerhetsmatta f\u00f6r hoppgrop 400 x 200 x 10 cm AG-400-200-10 &#8212; Gymnastica","robots":{"index":"index","follow":"follow","max-snippet":"max-snippet:-1","max-image-preview":"max-image-preview:large","max-video-preview":"max-video-preview:-1"},"canonical":"https:\/\/www.gymnastica.fi\/en\/tuote\/air-mat-for-pits-h10-pro\/","og_locale":"sv_SE","og_type":"article","og_title":"Airgym Airmat Pit H10 Pro uppbl\u00e5sbar s\u00e4kerhetsmatta f\u00f6r hoppgrop 400 x 200 x 10 cm AG-400-200-10 &#8212; Gymnastica","og_description":"Be om offert","og_url":"https:\/\/www.gymnastica.fi\/en\/tuote\/air-mat-for-pits-h10-pro\/","og_site_name":"Gymnastica","article_modified_time":"2025-02-07T08:56:18+00:00","twitter_card":"summary_large_image","twitter_misc":{"Est. reading time":"1 minute"},"schema":{"@context":"https:\/\/schema.org","@graph":[{"@type":"WebPage","@id":"https:\/\/www.gymnastica.fi\/en\/tuote\/air-mat-for-pits-h10-pro\/","url":"https:\/\/www.gymnastica.fi\/en\/tuote\/air-mat-for-pits-h10-pro\/","name":"Airgym Airmat Pit H10 Pro uppbl\u00e5sbar s\u00e4kerhetsmatta f\u00f6r hoppgrop 400 x 200 x 10 cm AG-400-200-10 &#8212; Gymnastica","isPartOf":{"@id":"https:\/\/www.gymnastica.fi\/#website"},"primaryImageOfPage":{"@id":"https:\/\/www.gymnastica.fi\/en\/tuote\/air-mat-for-pits-h10-pro\/#primaryimage"},"image":{"@id":"https:\/\/www.gymnastica.fi\/en\/tuote\/air-mat-for-pits-h10-pro\/#primaryimage"},"thumbnailUrl":"https:\/\/www.gymnastica.fi\/app\/uploads\/2022\/04\/AG-400-200-10.jpg","datePublished":"2022-04-27T11:39:06+00:00","dateModified":"2025-02-07T08:56:18+00:00","breadcrumb":{"@id":"https:\/\/www.gymnastica.fi\/en\/tuote\/air-mat-for-pits-h10-pro\/#breadcrumb"},"inLanguage":"sv-SE","potentialAction":[{"@type":"ReadAction","target":["https:\/\/www.gymnastica.fi\/en\/tuote\/air-mat-for-pits-h10-pro\/"]}]},{"@type":"ImageObject","inLanguage":"sv-SE","@id":"https:\/\/www.gymnastica.fi\/en\/tuote\/air-mat-for-pits-h10-pro\/#primaryimage","url":"https:\/\/www.gymnastica.fi\/app\/uploads\/2022\/04\/AG-400-200-10.jpg","contentUrl":"https:\/\/www.gymnastica.fi\/app\/uploads\/2022\/04\/AG-400-200-10.jpg","width":576,"height":500},{"@type":"BreadcrumbList","@id":"https:\/\/www.gymnastica.fi\/en\/tuote\/air-mat-for-pits-h10-pro\/#breadcrumb","itemListElement":[{"@type":"ListItem","position":1,"name":"Home","item":"https:\/\/www.gymnastica.fi\/sv\/"},{"@type":"ListItem","position":2,"name":"Butik","item":"https:\/\/www.gymnastica.fi\/sv\/butik\/"},{"@type":"ListItem","position":3,"name":"Airgym Airmat Pit H10 Pro uppbl\u00e5sbar s\u00e4kerhetsmatta f\u00f6r hoppgrop 400 x 200 x 10 cm AG-400-200-10"}]},{"@type":"WebSite","@id":"https:\/\/www.gymnastica.fi\/#website","url":"https:\/\/www.gymnastica.fi\/","name":"Gymnastica","description":"Liikunta- ja urheilutilasuunnittelun ja v\u00e4lineiden asiantuntija","publisher":{"@id":"https:\/\/www.gymnastica.fi\/#organization"},"potentialAction":[{"@type":"SearchAction","target":{"@type":"EntryPoint","urlTemplate":"https:\/\/www.gymnastica.fi\/?s={search_term_string}"},"query-input":{"@type":"PropertyValueSpecification","valueRequired":true,"valueName":"search_term_string"}}],"inLanguage":"sv-SE"},{"@type":"Organization","@id":"https:\/\/www.gymnastica.fi\/#organization","name":"Gymnastica","url":"https:\/\/www.gymnastica.fi\/","logo":{"@type":"ImageObject","inLanguage":"sv-SE","@id":"https:\/\/www.gymnastica.fi\/#\/schema\/logo\/image\/","url":"https:\/\/www.gymnastica.fi\/app\/uploads\/2021\/04\/logo.svg","contentUrl":"https:\/\/www.gymnastica.fi\/app\/uploads\/2021\/04\/logo.svg","width":246,"height":59,"caption":"Gymnastica"},"image":{"@id":"https:\/\/www.gymnastica.fi\/#\/schema\/logo\/image\/"}}]}},"_links":{"self":[{"href":"https:\/\/www.gymnastica.fi\/sv\/wp-json\/wp\/v2\/product\/32453","targetHints":{"allow":["GET"]}}],"collection":[{"href":"https:\/\/www.gymnastica.fi\/sv\/wp-json\/wp\/v2\/product"}],"about":[{"href":"https:\/\/www.gymnastica.fi\/sv\/wp-json\/wp\/v2\/types\/product"}],"wp:featuredmedia":[{"embeddable":true,"href":"https:\/\/www.gymnastica.fi\/sv\/wp-json\/wp\/v2\/media\/7211"}],"wp:attachment":[{"href":"https:\/\/www.gymnastica.fi\/sv\/wp-json\/wp\/v2\/media?parent=32453"}],"wp:term":[{"taxonomy":"product_brand","embeddable":true,"href":"https:\/\/www.gymnastica.fi\/sv\/wp-json\/wp\/v2\/product_brand?post=32453"},{"taxonomy":"product_cat","embeddable":true,"href":"https:\/\/www.gymnastica.fi\/sv\/wp-json\/wp\/v2\/product_cat?post=32453"},{"taxonomy":"product_tag","embeddable":true,"href":"https:\/\/www.gymnastica.fi\/sv\/wp-json\/wp\/v2\/product_tag?post=32453"},{"taxonomy":"manufacturers","embeddable":true,"href":"https:\/\/www.gymnastica.fi\/sv\/wp-json\/wp\/v2\/manufacturers?post=32453"},{"taxonomy":"suppliers","embeddable":true,"href":"https:\/\/www.gymnastica.fi\/sv\/wp-json\/wp\/v2\/suppliers?post=32453"}],"curies":[{"name":"wp","href":"https:\/\/api.w.org\/{rel}","templated":true}]}}