{"id":32632,"date":"2022-04-27T14:09:21","date_gmt":"2022-04-27T11:09:21","guid":{"rendered":"https:\/\/www.gymnastica.fi\/tuote\/kgm-stramatel-452-me-800-resultattavla\/"},"modified":"2025-02-06T14:36:04","modified_gmt":"2025-02-06T12:36:04","slug":"kgm-stramatel-452-me-800-resultattavla","status":"publish","type":"product","link":"https:\/\/www.gymnastica.fi\/sv\/tuote\/kgm-stramatel-452-me-800-resultattavla\/","title":{"rendered":"KGM Stramatel 452 ME 800 resultattavla KG-255220"},"content":{"rendered":"<p>M\u00e5tt 1000 x 640 x 90 mm. Text h\u00f6jd: 150mm, l\u00e4savst\u00e5nd 60m. 1 f\u00e4rg. Radio- eller kabelstyrd. Programmerad f\u00f6r 14 sporter.<\/p>\n","protected":false},"excerpt":{"rendered":"<p>Tarjouspyynt\u00f6tuote<\/p>\n","protected":false},"featured_media":6959,"template":"","meta":{"_acf_changed":false,"_relevanssi_hide_post":"","_relevanssi_hide_content":"","_relevanssi_pin_for_all":"","_relevanssi_pin_keywords":"","_relevanssi_unpin_keywords":"","_relevanssi_related_keywords":"","_relevanssi_related_include_ids":"","_relevanssi_related_exclude_ids":"","_relevanssi_related_no_append":"","_relevanssi_related_not_related":"","_relevanssi_related_posts":"","_relevanssi_noindex_reason":""},"product_brand":[],"product_cat":[1654,2442,1933,3249],"product_tag":[2444,3446],"manufacturers":[],"suppliers":[],"class_list":{"0":"post-32632","1":"product","2":"type-product","3":"status-publish","4":"has-post-thumbnail","6":"product_cat-marken","7":"product_cat-kgm-sv","8":"product_cat-sporthallprodukter-2","9":"product_cat-tidtagning-och-resultat-sporthallprodukter-2","10":"product_tag-kgm-sv","11":"product_tag-resultattavla","13":"first","14":"instock","15":"taxable","16":"shipping-taxable","17":"product-type-simple"},"acf":[],"yoast_head":"<!-- This site is optimized with the Yoast SEO plugin v26.8 - https:\/\/yoast.com\/product\/yoast-seo-wordpress\/ -->\n<title>KGM Stramatel 452 ME 800 resultattavla KG-255220 &#8212; Gymnastica<\/title>\n<meta name=\"robots\" content=\"index, follow, max-snippet:-1, max-image-preview:large, max-video-preview:-1\" \/>\n<link rel=\"canonical\" href=\"https:\/\/www.gymnastica.fi\/en\/tuote\/kgm-stramatel-452-me-800-scoreboard\/\" \/>\n<meta property=\"og:locale\" content=\"sv_SE\" \/>\n<meta property=\"og:type\" content=\"article\" \/>\n<meta property=\"og:title\" content=\"KGM Stramatel 452 ME 800 resultattavla KG-255220 &#8212; Gymnastica\" \/>\n<meta property=\"og:description\" content=\"Tarjouspyynt\u00f6tuote\" \/>\n<meta property=\"og:url\" content=\"https:\/\/www.gymnastica.fi\/en\/tuote\/kgm-stramatel-452-me-800-scoreboard\/\" \/>\n<meta property=\"og:site_name\" content=\"Gymnastica\" \/>\n<meta property=\"article:modified_time\" content=\"2025-02-06T12:36:04+00:00\" \/>\n<meta name=\"twitter:card\" content=\"summary_large_image\" \/>\n<script type=\"application\/ld+json\" class=\"yoast-schema-graph\">{\"@context\":\"https:\/\/schema.org\",\"@graph\":[{\"@type\":\"WebPage\",\"@id\":\"https:\/\/www.gymnastica.fi\/en\/tuote\/kgm-stramatel-452-me-800-scoreboard\/\",\"url\":\"https:\/\/www.gymnastica.fi\/en\/tuote\/kgm-stramatel-452-me-800-scoreboard\/\",\"name\":\"KGM Stramatel 452 ME 800 resultattavla KG-255220 &#8212; Gymnastica\",\"isPartOf\":{\"@id\":\"https:\/\/www.gymnastica.fi\/#website\"},\"primaryImageOfPage\":{\"@id\":\"https:\/\/www.gymnastica.fi\/en\/tuote\/kgm-stramatel-452-me-800-scoreboard\/#primaryimage\"},\"image\":{\"@id\":\"https:\/\/www.gymnastica.fi\/en\/tuote\/kgm-stramatel-452-me-800-scoreboard\/#primaryimage\"},\"thumbnailUrl\":\"https:\/\/www.gymnastica.fi\/app\/uploads\/2022\/04\/KG-255220.jpg\",\"datePublished\":\"2022-04-27T11:09:21+00:00\",\"dateModified\":\"2025-02-06T12:36:04+00:00\",\"breadcrumb\":{\"@id\":\"https:\/\/www.gymnastica.fi\/en\/tuote\/kgm-stramatel-452-me-800-scoreboard\/#breadcrumb\"},\"inLanguage\":\"sv-SE\",\"potentialAction\":[{\"@type\":\"ReadAction\",\"target\":[\"https:\/\/www.gymnastica.fi\/en\/tuote\/kgm-stramatel-452-me-800-scoreboard\/\"]}]},{\"@type\":\"ImageObject\",\"inLanguage\":\"sv-SE\",\"@id\":\"https:\/\/www.gymnastica.fi\/en\/tuote\/kgm-stramatel-452-me-800-scoreboard\/#primaryimage\",\"url\":\"https:\/\/www.gymnastica.fi\/app\/uploads\/2022\/04\/KG-255220.jpg\",\"contentUrl\":\"https:\/\/www.gymnastica.fi\/app\/uploads\/2022\/04\/KG-255220.jpg\",\"width\":480,\"height\":480},{\"@type\":\"BreadcrumbList\",\"@id\":\"https:\/\/www.gymnastica.fi\/en\/tuote\/kgm-stramatel-452-me-800-scoreboard\/#breadcrumb\",\"itemListElement\":[{\"@type\":\"ListItem\",\"position\":1,\"name\":\"Home\",\"item\":\"https:\/\/www.gymnastica.fi\/sv\/\"},{\"@type\":\"ListItem\",\"position\":2,\"name\":\"Butik\",\"item\":\"https:\/\/www.gymnastica.fi\/sv\/butik\/\"},{\"@type\":\"ListItem\",\"position\":3,\"name\":\"KGM Stramatel 452 ME 800 resultattavla KG-255220\"}]},{\"@type\":\"WebSite\",\"@id\":\"https:\/\/www.gymnastica.fi\/#website\",\"url\":\"https:\/\/www.gymnastica.fi\/\",\"name\":\"Gymnastica\",\"description\":\"Liikunta- ja urheilutilasuunnittelun ja v\u00e4lineiden asiantuntija\",\"publisher\":{\"@id\":\"https:\/\/www.gymnastica.fi\/#organization\"},\"potentialAction\":[{\"@type\":\"SearchAction\",\"target\":{\"@type\":\"EntryPoint\",\"urlTemplate\":\"https:\/\/www.gymnastica.fi\/?s={search_term_string}\"},\"query-input\":{\"@type\":\"PropertyValueSpecification\",\"valueRequired\":true,\"valueName\":\"search_term_string\"}}],\"inLanguage\":\"sv-SE\"},{\"@type\":\"Organization\",\"@id\":\"https:\/\/www.gymnastica.fi\/#organization\",\"name\":\"Gymnastica\",\"url\":\"https:\/\/www.gymnastica.fi\/\",\"logo\":{\"@type\":\"ImageObject\",\"inLanguage\":\"sv-SE\",\"@id\":\"https:\/\/www.gymnastica.fi\/#\/schema\/logo\/image\/\",\"url\":\"https:\/\/www.gymnastica.fi\/app\/uploads\/2021\/04\/logo.svg\",\"contentUrl\":\"https:\/\/www.gymnastica.fi\/app\/uploads\/2021\/04\/logo.svg\",\"width\":246,\"height\":59,\"caption\":\"Gymnastica\"},\"image\":{\"@id\":\"https:\/\/www.gymnastica.fi\/#\/schema\/logo\/image\/\"}}]}<\/script>\n<!-- \/ Yoast SEO plugin. -->","yoast_head_json":{"title":"KGM Stramatel 452 ME 800 resultattavla KG-255220 &#8212; Gymnastica","robots":{"index":"index","follow":"follow","max-snippet":"max-snippet:-1","max-image-preview":"max-image-preview:large","max-video-preview":"max-video-preview:-1"},"canonical":"https:\/\/www.gymnastica.fi\/en\/tuote\/kgm-stramatel-452-me-800-scoreboard\/","og_locale":"sv_SE","og_type":"article","og_title":"KGM Stramatel 452 ME 800 resultattavla KG-255220 &#8212; Gymnastica","og_description":"Tarjouspyynt\u00f6tuote","og_url":"https:\/\/www.gymnastica.fi\/en\/tuote\/kgm-stramatel-452-me-800-scoreboard\/","og_site_name":"Gymnastica","article_modified_time":"2025-02-06T12:36:04+00:00","twitter_card":"summary_large_image","schema":{"@context":"https:\/\/schema.org","@graph":[{"@type":"WebPage","@id":"https:\/\/www.gymnastica.fi\/en\/tuote\/kgm-stramatel-452-me-800-scoreboard\/","url":"https:\/\/www.gymnastica.fi\/en\/tuote\/kgm-stramatel-452-me-800-scoreboard\/","name":"KGM Stramatel 452 ME 800 resultattavla KG-255220 &#8212; Gymnastica","isPartOf":{"@id":"https:\/\/www.gymnastica.fi\/#website"},"primaryImageOfPage":{"@id":"https:\/\/www.gymnastica.fi\/en\/tuote\/kgm-stramatel-452-me-800-scoreboard\/#primaryimage"},"image":{"@id":"https:\/\/www.gymnastica.fi\/en\/tuote\/kgm-stramatel-452-me-800-scoreboard\/#primaryimage"},"thumbnailUrl":"https:\/\/www.gymnastica.fi\/app\/uploads\/2022\/04\/KG-255220.jpg","datePublished":"2022-04-27T11:09:21+00:00","dateModified":"2025-02-06T12:36:04+00:00","breadcrumb":{"@id":"https:\/\/www.gymnastica.fi\/en\/tuote\/kgm-stramatel-452-me-800-scoreboard\/#breadcrumb"},"inLanguage":"sv-SE","potentialAction":[{"@type":"ReadAction","target":["https:\/\/www.gymnastica.fi\/en\/tuote\/kgm-stramatel-452-me-800-scoreboard\/"]}]},{"@type":"ImageObject","inLanguage":"sv-SE","@id":"https:\/\/www.gymnastica.fi\/en\/tuote\/kgm-stramatel-452-me-800-scoreboard\/#primaryimage","url":"https:\/\/www.gymnastica.fi\/app\/uploads\/2022\/04\/KG-255220.jpg","contentUrl":"https:\/\/www.gymnastica.fi\/app\/uploads\/2022\/04\/KG-255220.jpg","width":480,"height":480},{"@type":"BreadcrumbList","@id":"https:\/\/www.gymnastica.fi\/en\/tuote\/kgm-stramatel-452-me-800-scoreboard\/#breadcrumb","itemListElement":[{"@type":"ListItem","position":1,"name":"Home","item":"https:\/\/www.gymnastica.fi\/sv\/"},{"@type":"ListItem","position":2,"name":"Butik","item":"https:\/\/www.gymnastica.fi\/sv\/butik\/"},{"@type":"ListItem","position":3,"name":"KGM Stramatel 452 ME 800 resultattavla KG-255220"}]},{"@type":"WebSite","@id":"https:\/\/www.gymnastica.fi\/#website","url":"https:\/\/www.gymnastica.fi\/","name":"Gymnastica","description":"Liikunta- ja urheilutilasuunnittelun ja v\u00e4lineiden asiantuntija","publisher":{"@id":"https:\/\/www.gymnastica.fi\/#organization"},"potentialAction":[{"@type":"SearchAction","target":{"@type":"EntryPoint","urlTemplate":"https:\/\/www.gymnastica.fi\/?s={search_term_string}"},"query-input":{"@type":"PropertyValueSpecification","valueRequired":true,"valueName":"search_term_string"}}],"inLanguage":"sv-SE"},{"@type":"Organization","@id":"https:\/\/www.gymnastica.fi\/#organization","name":"Gymnastica","url":"https:\/\/www.gymnastica.fi\/","logo":{"@type":"ImageObject","inLanguage":"sv-SE","@id":"https:\/\/www.gymnastica.fi\/#\/schema\/logo\/image\/","url":"https:\/\/www.gymnastica.fi\/app\/uploads\/2021\/04\/logo.svg","contentUrl":"https:\/\/www.gymnastica.fi\/app\/uploads\/2021\/04\/logo.svg","width":246,"height":59,"caption":"Gymnastica"},"image":{"@id":"https:\/\/www.gymnastica.fi\/#\/schema\/logo\/image\/"}}]}},"_links":{"self":[{"href":"https:\/\/www.gymnastica.fi\/sv\/wp-json\/wp\/v2\/product\/32632","targetHints":{"allow":["GET"]}}],"collection":[{"href":"https:\/\/www.gymnastica.fi\/sv\/wp-json\/wp\/v2\/product"}],"about":[{"href":"https:\/\/www.gymnastica.fi\/sv\/wp-json\/wp\/v2\/types\/product"}],"wp:featuredmedia":[{"embeddable":true,"href":"https:\/\/www.gymnastica.fi\/sv\/wp-json\/wp\/v2\/media\/6959"}],"wp:attachment":[{"href":"https:\/\/www.gymnastica.fi\/sv\/wp-json\/wp\/v2\/media?parent=32632"}],"wp:term":[{"taxonomy":"product_brand","embeddable":true,"href":"https:\/\/www.gymnastica.fi\/sv\/wp-json\/wp\/v2\/product_brand?post=32632"},{"taxonomy":"product_cat","embeddable":true,"href":"https:\/\/www.gymnastica.fi\/sv\/wp-json\/wp\/v2\/product_cat?post=32632"},{"taxonomy":"product_tag","embeddable":true,"href":"https:\/\/www.gymnastica.fi\/sv\/wp-json\/wp\/v2\/product_tag?post=32632"},{"taxonomy":"manufacturers","embeddable":true,"href":"https:\/\/www.gymnastica.fi\/sv\/wp-json\/wp\/v2\/manufacturers?post=32632"},{"taxonomy":"suppliers","embeddable":true,"href":"https:\/\/www.gymnastica.fi\/sv\/wp-json\/wp\/v2\/suppliers?post=32632"}],"curies":[{"name":"wp","href":"https:\/\/api.w.org\/{rel}","templated":true}]}}