{"id":32793,"date":"2022-04-27T13:35:34","date_gmt":"2022-04-27T10:35:34","guid":{"rendered":"https:\/\/www.gymnastica.fi\/tuote\/7670sa02-specialbestallningsprodukt\/"},"modified":"2022-04-27T13:35:34","modified_gmt":"2022-04-27T10:35:34","slug":"7670sa02-specialbestallningsprodukt","status":"publish","type":"product","link":"https:\/\/www.gymnastica.fi\/sv\/tuote\/7670sa02-specialbestallningsprodukt\/","title":{"rendered":"7670SA02 Specialbest\u00e4llningsprodukt"},"content":{"rendered":"<p><strong>Specialbest\u00e4llningsprodukt<\/strong><\/p>\n<p>L\u00e5ng\u00e4rmad sublimerad gymnastikdr\u00e4kt.<\/p>\n<p>I detta pris ing\u00e5r inte diamantdekorationer.<\/p>\n<p><strong>V\u00e4nligen notera att dr\u00e4kten som visas p\u00e5 bilden endast \u00e4r ett designf\u00f6rslag. Kunden b\u00f6r v\u00e4lja tyger, f\u00e4rg och m\u00f6jliga diamantdekorationer enligt eget tycke.<\/strong>\u00a0Dr\u00e4ktens leveranstid \u00e4r 8-12 veckor. V\u00e4nligen tag kontakt, info(at)gymnastica.fi eller (09) 6121 366, om ni har prisf\u00f6rfr\u00e5gningar eller vill g\u00f6ra en best\u00e4llning.<\/p>\n<p>&nbsp;<\/p>\n","protected":false},"excerpt":{"rendered":"<p>Specialbest\u00e4llningsprodukt L\u00e5ng\u00e4rmad sublimerad gymnastikdr\u00e4kt. I detta pris ing\u00e5r inte diamantdekorationer. V\u00e4nligen notera att dr\u00e4kten som visas p\u00e5 bilden endast \u00e4r ett designf\u00f6rslag. Kunden b\u00f6r v\u00e4lja tyger, f\u00e4rg och m\u00f6jliga diamantdekorationer enligt eget tycke.\u00a0Dr\u00e4ktens leveranstid \u00e4r 8-12 veckor. V\u00e4nligen tag kontakt, info(at)gymnastica.fi eller (09) 6121 366, om ni har prisf\u00f6rfr\u00e5gningar eller vill g\u00f6ra en best\u00e4llning. &nbsp;<\/p>\n","protected":false},"featured_media":3756,"template":"","meta":{"_acf_changed":false,"_relevanssi_hide_post":"","_relevanssi_hide_content":"","_relevanssi_pin_for_all":"","_relevanssi_pin_keywords":"","_relevanssi_unpin_keywords":"","_relevanssi_related_keywords":"","_relevanssi_related_include_ids":"","_relevanssi_related_exclude_ids":"","_relevanssi_related_no_append":"","_relevanssi_related_not_related":"","_relevanssi_related_posts":"","_relevanssi_noindex_reason":""},"product_brand":[],"product_cat":[1654,1655,1656,1657,1743],"product_tag":[1744],"manufacturers":[],"suppliers":[],"class_list":{"0":"post-32793","1":"product","2":"type-product","3":"status-publish","4":"has-post-thumbnail","6":"product_cat-marken","7":"product_cat-gk-sv","8":"product_cat-damer","9":"product_cat-gymnastikdrakter","10":"product_cat-specialbestallda-tavlingsdrakter","11":"product_tag-gk-specialbestallda-tavlingsdrakter","13":"first","14":"onbackorder","15":"taxable","16":"shipping-taxable","17":"purchasable","18":"product-type-simple"},"acf":[],"yoast_head":"<!-- This site is optimized with the Yoast SEO plugin v26.8 - https:\/\/yoast.com\/product\/yoast-seo-wordpress\/ -->\n<title>7670SA02 Specialbest\u00e4llningsprodukt &#8212; Gymnastica<\/title>\n<meta name=\"robots\" content=\"index, follow, max-snippet:-1, max-image-preview:large, max-video-preview:-1\" \/>\n<link rel=\"canonical\" href=\"https:\/\/www.gymnastica.fi\/en\/tuote\/7670sa02-special-order-product\/\" \/>\n<meta property=\"og:locale\" content=\"sv_SE\" \/>\n<meta property=\"og:type\" content=\"article\" \/>\n<meta property=\"og:title\" content=\"7670SA02 Specialbest\u00e4llningsprodukt &#8212; Gymnastica\" \/>\n<meta property=\"og:description\" content=\"Specialbest\u00e4llningsprodukt L\u00e5ng\u00e4rmad sublimerad gymnastikdr\u00e4kt. I detta pris ing\u00e5r inte diamantdekorationer. V\u00e4nligen notera att dr\u00e4kten som visas p\u00e5 bilden endast \u00e4r ett designf\u00f6rslag. Kunden b\u00f6r v\u00e4lja tyger, f\u00e4rg och m\u00f6jliga diamantdekorationer enligt eget tycke.\u00a0Dr\u00e4ktens leveranstid \u00e4r 8-12 veckor. V\u00e4nligen tag kontakt, info(at)gymnastica.fi eller (09) 6121 366, om ni har prisf\u00f6rfr\u00e5gningar eller vill g\u00f6ra en best\u00e4llning. &nbsp;\" \/>\n<meta property=\"og:url\" content=\"https:\/\/www.gymnastica.fi\/en\/tuote\/7670sa02-special-order-product\/\" \/>\n<meta property=\"og:site_name\" content=\"Gymnastica\" \/>\n<meta property=\"og:image\" content=\"https:\/\/www.gymnastica.fi\/app\/uploads\/2021\/07\/GK-7670SA02.jpg\" \/>\n\t<meta property=\"og:image:width\" content=\"1120\" \/>\n\t<meta property=\"og:image:height\" content=\"1480\" \/>\n\t<meta property=\"og:image:type\" content=\"image\/jpeg\" \/>\n<meta name=\"twitter:card\" content=\"summary_large_image\" \/>\n<script type=\"application\/ld+json\" class=\"yoast-schema-graph\">{\"@context\":\"https:\/\/schema.org\",\"@graph\":[{\"@type\":\"WebPage\",\"@id\":\"https:\/\/www.gymnastica.fi\/en\/tuote\/7670sa02-special-order-product\/\",\"url\":\"https:\/\/www.gymnastica.fi\/en\/tuote\/7670sa02-special-order-product\/\",\"name\":\"7670SA02 Specialbest\u00e4llningsprodukt &#8212; Gymnastica\",\"isPartOf\":{\"@id\":\"https:\/\/www.gymnastica.fi\/#website\"},\"primaryImageOfPage\":{\"@id\":\"https:\/\/www.gymnastica.fi\/en\/tuote\/7670sa02-special-order-product\/#primaryimage\"},\"image\":{\"@id\":\"https:\/\/www.gymnastica.fi\/en\/tuote\/7670sa02-special-order-product\/#primaryimage\"},\"thumbnailUrl\":\"https:\/\/www.gymnastica.fi\/app\/uploads\/2021\/07\/GK-7670SA02.jpg\",\"datePublished\":\"2022-04-27T10:35:34+00:00\",\"breadcrumb\":{\"@id\":\"https:\/\/www.gymnastica.fi\/en\/tuote\/7670sa02-special-order-product\/#breadcrumb\"},\"inLanguage\":\"sv-SE\",\"potentialAction\":[{\"@type\":\"ReadAction\",\"target\":[\"https:\/\/www.gymnastica.fi\/en\/tuote\/7670sa02-special-order-product\/\"]}]},{\"@type\":\"ImageObject\",\"inLanguage\":\"sv-SE\",\"@id\":\"https:\/\/www.gymnastica.fi\/en\/tuote\/7670sa02-special-order-product\/#primaryimage\",\"url\":\"https:\/\/www.gymnastica.fi\/app\/uploads\/2021\/07\/GK-7670SA02.jpg\",\"contentUrl\":\"https:\/\/www.gymnastica.fi\/app\/uploads\/2021\/07\/GK-7670SA02.jpg\",\"width\":1120,\"height\":1480},{\"@type\":\"BreadcrumbList\",\"@id\":\"https:\/\/www.gymnastica.fi\/en\/tuote\/7670sa02-special-order-product\/#breadcrumb\",\"itemListElement\":[{\"@type\":\"ListItem\",\"position\":1,\"name\":\"Home\",\"item\":\"https:\/\/www.gymnastica.fi\/sv\/\"},{\"@type\":\"ListItem\",\"position\":2,\"name\":\"Butik\",\"item\":\"https:\/\/www.gymnastica.fi\/sv\/butik\/\"},{\"@type\":\"ListItem\",\"position\":3,\"name\":\"7670SA02 Specialbest\u00e4llningsprodukt\"}]},{\"@type\":\"WebSite\",\"@id\":\"https:\/\/www.gymnastica.fi\/#website\",\"url\":\"https:\/\/www.gymnastica.fi\/\",\"name\":\"Gymnastica\",\"description\":\"Liikunta- ja urheilutilasuunnittelun ja v\u00e4lineiden asiantuntija\",\"publisher\":{\"@id\":\"https:\/\/www.gymnastica.fi\/#organization\"},\"potentialAction\":[{\"@type\":\"SearchAction\",\"target\":{\"@type\":\"EntryPoint\",\"urlTemplate\":\"https:\/\/www.gymnastica.fi\/?s={search_term_string}\"},\"query-input\":{\"@type\":\"PropertyValueSpecification\",\"valueRequired\":true,\"valueName\":\"search_term_string\"}}],\"inLanguage\":\"sv-SE\"},{\"@type\":\"Organization\",\"@id\":\"https:\/\/www.gymnastica.fi\/#organization\",\"name\":\"Gymnastica\",\"url\":\"https:\/\/www.gymnastica.fi\/\",\"logo\":{\"@type\":\"ImageObject\",\"inLanguage\":\"sv-SE\",\"@id\":\"https:\/\/www.gymnastica.fi\/#\/schema\/logo\/image\/\",\"url\":\"https:\/\/www.gymnastica.fi\/app\/uploads\/2021\/04\/logo.svg\",\"contentUrl\":\"https:\/\/www.gymnastica.fi\/app\/uploads\/2021\/04\/logo.svg\",\"width\":246,\"height\":59,\"caption\":\"Gymnastica\"},\"image\":{\"@id\":\"https:\/\/www.gymnastica.fi\/#\/schema\/logo\/image\/\"}}]}<\/script>\n<!-- \/ Yoast SEO plugin. -->","yoast_head_json":{"title":"7670SA02 Specialbest\u00e4llningsprodukt &#8212; Gymnastica","robots":{"index":"index","follow":"follow","max-snippet":"max-snippet:-1","max-image-preview":"max-image-preview:large","max-video-preview":"max-video-preview:-1"},"canonical":"https:\/\/www.gymnastica.fi\/en\/tuote\/7670sa02-special-order-product\/","og_locale":"sv_SE","og_type":"article","og_title":"7670SA02 Specialbest\u00e4llningsprodukt &#8212; Gymnastica","og_description":"Specialbest\u00e4llningsprodukt L\u00e5ng\u00e4rmad sublimerad gymnastikdr\u00e4kt. I detta pris ing\u00e5r inte diamantdekorationer. V\u00e4nligen notera att dr\u00e4kten som visas p\u00e5 bilden endast \u00e4r ett designf\u00f6rslag. Kunden b\u00f6r v\u00e4lja tyger, f\u00e4rg och m\u00f6jliga diamantdekorationer enligt eget tycke.\u00a0Dr\u00e4ktens leveranstid \u00e4r 8-12 veckor. V\u00e4nligen tag kontakt, info(at)gymnastica.fi eller (09) 6121 366, om ni har prisf\u00f6rfr\u00e5gningar eller vill g\u00f6ra en best\u00e4llning. &nbsp;","og_url":"https:\/\/www.gymnastica.fi\/en\/tuote\/7670sa02-special-order-product\/","og_site_name":"Gymnastica","og_image":[{"width":1120,"height":1480,"url":"https:\/\/www.gymnastica.fi\/app\/uploads\/2021\/07\/GK-7670SA02.jpg","type":"image\/jpeg"}],"twitter_card":"summary_large_image","schema":{"@context":"https:\/\/schema.org","@graph":[{"@type":"WebPage","@id":"https:\/\/www.gymnastica.fi\/en\/tuote\/7670sa02-special-order-product\/","url":"https:\/\/www.gymnastica.fi\/en\/tuote\/7670sa02-special-order-product\/","name":"7670SA02 Specialbest\u00e4llningsprodukt &#8212; Gymnastica","isPartOf":{"@id":"https:\/\/www.gymnastica.fi\/#website"},"primaryImageOfPage":{"@id":"https:\/\/www.gymnastica.fi\/en\/tuote\/7670sa02-special-order-product\/#primaryimage"},"image":{"@id":"https:\/\/www.gymnastica.fi\/en\/tuote\/7670sa02-special-order-product\/#primaryimage"},"thumbnailUrl":"https:\/\/www.gymnastica.fi\/app\/uploads\/2021\/07\/GK-7670SA02.jpg","datePublished":"2022-04-27T10:35:34+00:00","breadcrumb":{"@id":"https:\/\/www.gymnastica.fi\/en\/tuote\/7670sa02-special-order-product\/#breadcrumb"},"inLanguage":"sv-SE","potentialAction":[{"@type":"ReadAction","target":["https:\/\/www.gymnastica.fi\/en\/tuote\/7670sa02-special-order-product\/"]}]},{"@type":"ImageObject","inLanguage":"sv-SE","@id":"https:\/\/www.gymnastica.fi\/en\/tuote\/7670sa02-special-order-product\/#primaryimage","url":"https:\/\/www.gymnastica.fi\/app\/uploads\/2021\/07\/GK-7670SA02.jpg","contentUrl":"https:\/\/www.gymnastica.fi\/app\/uploads\/2021\/07\/GK-7670SA02.jpg","width":1120,"height":1480},{"@type":"BreadcrumbList","@id":"https:\/\/www.gymnastica.fi\/en\/tuote\/7670sa02-special-order-product\/#breadcrumb","itemListElement":[{"@type":"ListItem","position":1,"name":"Home","item":"https:\/\/www.gymnastica.fi\/sv\/"},{"@type":"ListItem","position":2,"name":"Butik","item":"https:\/\/www.gymnastica.fi\/sv\/butik\/"},{"@type":"ListItem","position":3,"name":"7670SA02 Specialbest\u00e4llningsprodukt"}]},{"@type":"WebSite","@id":"https:\/\/www.gymnastica.fi\/#website","url":"https:\/\/www.gymnastica.fi\/","name":"Gymnastica","description":"Liikunta- ja urheilutilasuunnittelun ja v\u00e4lineiden asiantuntija","publisher":{"@id":"https:\/\/www.gymnastica.fi\/#organization"},"potentialAction":[{"@type":"SearchAction","target":{"@type":"EntryPoint","urlTemplate":"https:\/\/www.gymnastica.fi\/?s={search_term_string}"},"query-input":{"@type":"PropertyValueSpecification","valueRequired":true,"valueName":"search_term_string"}}],"inLanguage":"sv-SE"},{"@type":"Organization","@id":"https:\/\/www.gymnastica.fi\/#organization","name":"Gymnastica","url":"https:\/\/www.gymnastica.fi\/","logo":{"@type":"ImageObject","inLanguage":"sv-SE","@id":"https:\/\/www.gymnastica.fi\/#\/schema\/logo\/image\/","url":"https:\/\/www.gymnastica.fi\/app\/uploads\/2021\/04\/logo.svg","contentUrl":"https:\/\/www.gymnastica.fi\/app\/uploads\/2021\/04\/logo.svg","width":246,"height":59,"caption":"Gymnastica"},"image":{"@id":"https:\/\/www.gymnastica.fi\/#\/schema\/logo\/image\/"}}]}},"_links":{"self":[{"href":"https:\/\/www.gymnastica.fi\/sv\/wp-json\/wp\/v2\/product\/32793","targetHints":{"allow":["GET"]}}],"collection":[{"href":"https:\/\/www.gymnastica.fi\/sv\/wp-json\/wp\/v2\/product"}],"about":[{"href":"https:\/\/www.gymnastica.fi\/sv\/wp-json\/wp\/v2\/types\/product"}],"wp:featuredmedia":[{"embeddable":true,"href":"https:\/\/www.gymnastica.fi\/sv\/wp-json\/wp\/v2\/media\/3756"}],"wp:attachment":[{"href":"https:\/\/www.gymnastica.fi\/sv\/wp-json\/wp\/v2\/media?parent=32793"}],"wp:term":[{"taxonomy":"product_brand","embeddable":true,"href":"https:\/\/www.gymnastica.fi\/sv\/wp-json\/wp\/v2\/product_brand?post=32793"},{"taxonomy":"product_cat","embeddable":true,"href":"https:\/\/www.gymnastica.fi\/sv\/wp-json\/wp\/v2\/product_cat?post=32793"},{"taxonomy":"product_tag","embeddable":true,"href":"https:\/\/www.gymnastica.fi\/sv\/wp-json\/wp\/v2\/product_tag?post=32793"},{"taxonomy":"manufacturers","embeddable":true,"href":"https:\/\/www.gymnastica.fi\/sv\/wp-json\/wp\/v2\/manufacturers?post=32793"},{"taxonomy":"suppliers","embeddable":true,"href":"https:\/\/www.gymnastica.fi\/sv\/wp-json\/wp\/v2\/suppliers?post=32793"}],"curies":[{"name":"wp","href":"https:\/\/api.w.org\/{rel}","templated":true}]}}