{"id":33370,"date":"2023-08-31T12:21:30","date_gmt":"2023-08-31T09:21:30","guid":{"rendered":"https:\/\/www.gymnastica.fi\/tuote\/pastorelli-new-generation-junior-rg-boll\/"},"modified":"2023-08-31T12:21:30","modified_gmt":"2023-08-31T09:21:30","slug":"pastorelli-new-generation-junior-rg-boll","status":"publish","type":"product","link":"https:\/\/www.gymnastica.fi\/sv\/tuote\/pastorelli-new-generation-junior-rg-boll\/","title":{"rendered":"Pastorelli New generation junior RG-boll"},"content":{"rendered":"<p>Bollpumpens n\u00e5l b\u00f6r sm\u00f6rjas f\u00f6re bollen pumpas, s\u00e5 att ventilen inte r\u00f6r p\u00e5 sig och skadas. Vi rekommenderar att bollen f\u00f6rvaras i en bollp\u00e5se.<\/p>\n<p>Diameter 16 cm. Vikt 320 gram.<\/p>\n<p>Bollen f\u00e5r ej pumpas \u00f6ver 16 cm.<\/p>\n","protected":false},"excerpt":{"rendered":"<p>Bollpumpens n\u00e5l b\u00f6r sm\u00f6rjas f\u00f6re bollen pumpas, s\u00e5 att ventilen inte r\u00f6r p\u00e5 sig och skadas. Vi rekommenderar att bollen f\u00f6rvaras i en bollp\u00e5se. Diameter 16 cm. Vikt 320 gram. Bollen f\u00e5r ej pumpas \u00f6ver 16 cm.<\/p>\n","protected":false},"featured_media":32965,"template":"","meta":{"_acf_changed":false,"_relevanssi_hide_post":"","_relevanssi_hide_content":"","_relevanssi_pin_for_all":"","_relevanssi_pin_keywords":"","_relevanssi_unpin_keywords":"","_relevanssi_related_keywords":"","_relevanssi_related_include_ids":"","_relevanssi_related_exclude_ids":"","_relevanssi_related_no_append":"","_relevanssi_related_not_related":"","_relevanssi_related_posts":"","_relevanssi_noindex_reason":""},"product_brand":[],"product_cat":[1654,1808,1807,1999,2004],"product_tag":[],"manufacturers":[],"suppliers":[],"class_list":{"0":"post-33370","1":"product","2":"type-product","3":"status-publish","4":"has-post-thumbnail","6":"product_cat-marken","7":"product_cat-pastorelli-sv","8":"product_cat-handredskap","9":"product_cat-bollar-och-bollpumpar","10":"product_cat-bollar-16-cm","12":"first","13":"instock","14":"taxable","15":"shipping-taxable","16":"purchasable","17":"product-type-variable"},"acf":[],"yoast_head":"<!-- This site is optimized with the Yoast SEO plugin v26.8 - https:\/\/yoast.com\/product\/yoast-seo-wordpress\/ -->\n<title>Pastorelli New generation junior RG-boll &#8212; Gymnastica<\/title>\n<meta name=\"robots\" content=\"index, follow, max-snippet:-1, max-image-preview:large, max-video-preview:-1\" \/>\n<link rel=\"canonical\" href=\"https:\/\/www.gymnastica.fi\/sv\/tuote\/pastorelli-new-generation-junior-rg-boll\/\" \/>\n<meta property=\"og:locale\" content=\"sv_SE\" \/>\n<meta property=\"og:type\" content=\"article\" \/>\n<meta property=\"og:title\" content=\"Pastorelli New generation junior RG-boll &#8212; Gymnastica\" \/>\n<meta property=\"og:description\" content=\"Bollpumpens n\u00e5l b\u00f6r sm\u00f6rjas f\u00f6re bollen pumpas, s\u00e5 att ventilen inte r\u00f6r p\u00e5 sig och skadas. Vi rekommenderar att bollen f\u00f6rvaras i en bollp\u00e5se. Diameter 16 cm. Vikt 320 gram. Bollen f\u00e5r ej pumpas \u00f6ver 16 cm.\" \/>\n<meta property=\"og:url\" content=\"https:\/\/www.gymnastica.fi\/sv\/tuote\/pastorelli-new-generation-junior-rg-boll\/\" \/>\n<meta property=\"og:site_name\" content=\"Gymnastica\" \/>\n<meta property=\"og:image\" content=\"https:\/\/www.gymnastica.fi\/app\/uploads\/2023\/08\/PA-00228.jpg\" \/>\n\t<meta property=\"og:image:width\" content=\"450\" \/>\n\t<meta property=\"og:image:height\" content=\"450\" \/>\n\t<meta property=\"og:image:type\" content=\"image\/jpeg\" \/>\n<meta name=\"twitter:card\" content=\"summary_large_image\" \/>\n<script type=\"application\/ld+json\" class=\"yoast-schema-graph\">{\"@context\":\"https:\/\/schema.org\",\"@graph\":[{\"@type\":\"WebPage\",\"@id\":\"https:\/\/www.gymnastica.fi\/sv\/tuote\/pastorelli-new-generation-junior-rg-boll\/\",\"url\":\"https:\/\/www.gymnastica.fi\/sv\/tuote\/pastorelli-new-generation-junior-rg-boll\/\",\"name\":\"Pastorelli New generation junior RG-boll &#8212; Gymnastica\",\"isPartOf\":{\"@id\":\"https:\/\/www.gymnastica.fi\/#website\"},\"primaryImageOfPage\":{\"@id\":\"https:\/\/www.gymnastica.fi\/sv\/tuote\/pastorelli-new-generation-junior-rg-boll\/#primaryimage\"},\"image\":{\"@id\":\"https:\/\/www.gymnastica.fi\/sv\/tuote\/pastorelli-new-generation-junior-rg-boll\/#primaryimage\"},\"thumbnailUrl\":\"https:\/\/www.gymnastica.fi\/app\/uploads\/2023\/08\/PA-00228.jpg\",\"datePublished\":\"2023-08-31T09:21:30+00:00\",\"breadcrumb\":{\"@id\":\"https:\/\/www.gymnastica.fi\/sv\/tuote\/pastorelli-new-generation-junior-rg-boll\/#breadcrumb\"},\"inLanguage\":\"sv-SE\",\"potentialAction\":[{\"@type\":\"ReadAction\",\"target\":[\"https:\/\/www.gymnastica.fi\/sv\/tuote\/pastorelli-new-generation-junior-rg-boll\/\"]}]},{\"@type\":\"ImageObject\",\"inLanguage\":\"sv-SE\",\"@id\":\"https:\/\/www.gymnastica.fi\/sv\/tuote\/pastorelli-new-generation-junior-rg-boll\/#primaryimage\",\"url\":\"https:\/\/www.gymnastica.fi\/app\/uploads\/2023\/08\/PA-00228.jpg\",\"contentUrl\":\"https:\/\/www.gymnastica.fi\/app\/uploads\/2023\/08\/PA-00228.jpg\",\"width\":450,\"height\":450},{\"@type\":\"BreadcrumbList\",\"@id\":\"https:\/\/www.gymnastica.fi\/sv\/tuote\/pastorelli-new-generation-junior-rg-boll\/#breadcrumb\",\"itemListElement\":[{\"@type\":\"ListItem\",\"position\":1,\"name\":\"Home\",\"item\":\"https:\/\/www.gymnastica.fi\/sv\/\"},{\"@type\":\"ListItem\",\"position\":2,\"name\":\"Butik\",\"item\":\"https:\/\/www.gymnastica.fi\/sv\/butik\/\"},{\"@type\":\"ListItem\",\"position\":3,\"name\":\"Pastorelli New generation junior RG-boll\"}]},{\"@type\":\"WebSite\",\"@id\":\"https:\/\/www.gymnastica.fi\/#website\",\"url\":\"https:\/\/www.gymnastica.fi\/\",\"name\":\"Gymnastica\",\"description\":\"Liikunta- ja urheilutilasuunnittelun ja v\u00e4lineiden asiantuntija\",\"publisher\":{\"@id\":\"https:\/\/www.gymnastica.fi\/#organization\"},\"potentialAction\":[{\"@type\":\"SearchAction\",\"target\":{\"@type\":\"EntryPoint\",\"urlTemplate\":\"https:\/\/www.gymnastica.fi\/?s={search_term_string}\"},\"query-input\":{\"@type\":\"PropertyValueSpecification\",\"valueRequired\":true,\"valueName\":\"search_term_string\"}}],\"inLanguage\":\"sv-SE\"},{\"@type\":\"Organization\",\"@id\":\"https:\/\/www.gymnastica.fi\/#organization\",\"name\":\"Gymnastica\",\"url\":\"https:\/\/www.gymnastica.fi\/\",\"logo\":{\"@type\":\"ImageObject\",\"inLanguage\":\"sv-SE\",\"@id\":\"https:\/\/www.gymnastica.fi\/#\/schema\/logo\/image\/\",\"url\":\"https:\/\/www.gymnastica.fi\/app\/uploads\/2021\/04\/logo.svg\",\"contentUrl\":\"https:\/\/www.gymnastica.fi\/app\/uploads\/2021\/04\/logo.svg\",\"width\":246,\"height\":59,\"caption\":\"Gymnastica\"},\"image\":{\"@id\":\"https:\/\/www.gymnastica.fi\/#\/schema\/logo\/image\/\"}}]}<\/script>\n<!-- \/ Yoast SEO plugin. -->","yoast_head_json":{"title":"Pastorelli New generation junior RG-boll &#8212; Gymnastica","robots":{"index":"index","follow":"follow","max-snippet":"max-snippet:-1","max-image-preview":"max-image-preview:large","max-video-preview":"max-video-preview:-1"},"canonical":"https:\/\/www.gymnastica.fi\/sv\/tuote\/pastorelli-new-generation-junior-rg-boll\/","og_locale":"sv_SE","og_type":"article","og_title":"Pastorelli New generation junior RG-boll &#8212; Gymnastica","og_description":"Bollpumpens n\u00e5l b\u00f6r sm\u00f6rjas f\u00f6re bollen pumpas, s\u00e5 att ventilen inte r\u00f6r p\u00e5 sig och skadas. Vi rekommenderar att bollen f\u00f6rvaras i en bollp\u00e5se. Diameter 16 cm. Vikt 320 gram. Bollen f\u00e5r ej pumpas \u00f6ver 16 cm.","og_url":"https:\/\/www.gymnastica.fi\/sv\/tuote\/pastorelli-new-generation-junior-rg-boll\/","og_site_name":"Gymnastica","og_image":[{"width":450,"height":450,"url":"https:\/\/www.gymnastica.fi\/app\/uploads\/2023\/08\/PA-00228.jpg","type":"image\/jpeg"}],"twitter_card":"summary_large_image","schema":{"@context":"https:\/\/schema.org","@graph":[{"@type":"WebPage","@id":"https:\/\/www.gymnastica.fi\/sv\/tuote\/pastorelli-new-generation-junior-rg-boll\/","url":"https:\/\/www.gymnastica.fi\/sv\/tuote\/pastorelli-new-generation-junior-rg-boll\/","name":"Pastorelli New generation junior RG-boll &#8212; Gymnastica","isPartOf":{"@id":"https:\/\/www.gymnastica.fi\/#website"},"primaryImageOfPage":{"@id":"https:\/\/www.gymnastica.fi\/sv\/tuote\/pastorelli-new-generation-junior-rg-boll\/#primaryimage"},"image":{"@id":"https:\/\/www.gymnastica.fi\/sv\/tuote\/pastorelli-new-generation-junior-rg-boll\/#primaryimage"},"thumbnailUrl":"https:\/\/www.gymnastica.fi\/app\/uploads\/2023\/08\/PA-00228.jpg","datePublished":"2023-08-31T09:21:30+00:00","breadcrumb":{"@id":"https:\/\/www.gymnastica.fi\/sv\/tuote\/pastorelli-new-generation-junior-rg-boll\/#breadcrumb"},"inLanguage":"sv-SE","potentialAction":[{"@type":"ReadAction","target":["https:\/\/www.gymnastica.fi\/sv\/tuote\/pastorelli-new-generation-junior-rg-boll\/"]}]},{"@type":"ImageObject","inLanguage":"sv-SE","@id":"https:\/\/www.gymnastica.fi\/sv\/tuote\/pastorelli-new-generation-junior-rg-boll\/#primaryimage","url":"https:\/\/www.gymnastica.fi\/app\/uploads\/2023\/08\/PA-00228.jpg","contentUrl":"https:\/\/www.gymnastica.fi\/app\/uploads\/2023\/08\/PA-00228.jpg","width":450,"height":450},{"@type":"BreadcrumbList","@id":"https:\/\/www.gymnastica.fi\/sv\/tuote\/pastorelli-new-generation-junior-rg-boll\/#breadcrumb","itemListElement":[{"@type":"ListItem","position":1,"name":"Home","item":"https:\/\/www.gymnastica.fi\/sv\/"},{"@type":"ListItem","position":2,"name":"Butik","item":"https:\/\/www.gymnastica.fi\/sv\/butik\/"},{"@type":"ListItem","position":3,"name":"Pastorelli New generation junior RG-boll"}]},{"@type":"WebSite","@id":"https:\/\/www.gymnastica.fi\/#website","url":"https:\/\/www.gymnastica.fi\/","name":"Gymnastica","description":"Liikunta- ja urheilutilasuunnittelun ja v\u00e4lineiden asiantuntija","publisher":{"@id":"https:\/\/www.gymnastica.fi\/#organization"},"potentialAction":[{"@type":"SearchAction","target":{"@type":"EntryPoint","urlTemplate":"https:\/\/www.gymnastica.fi\/?s={search_term_string}"},"query-input":{"@type":"PropertyValueSpecification","valueRequired":true,"valueName":"search_term_string"}}],"inLanguage":"sv-SE"},{"@type":"Organization","@id":"https:\/\/www.gymnastica.fi\/#organization","name":"Gymnastica","url":"https:\/\/www.gymnastica.fi\/","logo":{"@type":"ImageObject","inLanguage":"sv-SE","@id":"https:\/\/www.gymnastica.fi\/#\/schema\/logo\/image\/","url":"https:\/\/www.gymnastica.fi\/app\/uploads\/2021\/04\/logo.svg","contentUrl":"https:\/\/www.gymnastica.fi\/app\/uploads\/2021\/04\/logo.svg","width":246,"height":59,"caption":"Gymnastica"},"image":{"@id":"https:\/\/www.gymnastica.fi\/#\/schema\/logo\/image\/"}}]}},"_links":{"self":[{"href":"https:\/\/www.gymnastica.fi\/sv\/wp-json\/wp\/v2\/product\/33370","targetHints":{"allow":["GET"]}}],"collection":[{"href":"https:\/\/www.gymnastica.fi\/sv\/wp-json\/wp\/v2\/product"}],"about":[{"href":"https:\/\/www.gymnastica.fi\/sv\/wp-json\/wp\/v2\/types\/product"}],"wp:featuredmedia":[{"embeddable":true,"href":"https:\/\/www.gymnastica.fi\/sv\/wp-json\/wp\/v2\/media\/32965"}],"wp:attachment":[{"href":"https:\/\/www.gymnastica.fi\/sv\/wp-json\/wp\/v2\/media?parent=33370"}],"wp:term":[{"taxonomy":"product_brand","embeddable":true,"href":"https:\/\/www.gymnastica.fi\/sv\/wp-json\/wp\/v2\/product_brand?post=33370"},{"taxonomy":"product_cat","embeddable":true,"href":"https:\/\/www.gymnastica.fi\/sv\/wp-json\/wp\/v2\/product_cat?post=33370"},{"taxonomy":"product_tag","embeddable":true,"href":"https:\/\/www.gymnastica.fi\/sv\/wp-json\/wp\/v2\/product_tag?post=33370"},{"taxonomy":"manufacturers","embeddable":true,"href":"https:\/\/www.gymnastica.fi\/sv\/wp-json\/wp\/v2\/manufacturers?post=33370"},{"taxonomy":"suppliers","embeddable":true,"href":"https:\/\/www.gymnastica.fi\/sv\/wp-json\/wp\/v2\/suppliers?post=33370"}],"curies":[{"name":"wp","href":"https:\/\/api.w.org\/{rel}","templated":true}]}}