{"id":35059,"date":"2022-04-27T13:34:50","date_gmt":"2022-04-27T10:34:50","guid":{"rendered":"https:\/\/www.gymnastica.fi\/tuote\/oelastisk-sporttejp\/"},"modified":"2022-04-27T13:34:50","modified_gmt":"2022-04-27T10:34:50","slug":"oelastisk-sporttejp","status":"publish","type":"product","link":"https:\/\/www.gymnastica.fi\/sv\/tuote\/oelastisk-sporttejp\/","title":{"rendered":"Oelastisk sporttejp"},"content":{"rendered":"<p>Stark och oelastisk sporttejp med god f\u00e4stf\u00f6rm\u00e5ga 38 mm bred, hudf\u00e4rgad. Stabil, slitstark sporttejp som anv\u00e4nds som avlastning och som st\u00f6df\u00f6rband samt f\u00f6r att f\u00f6rebygga ledbands- och muskelskador. Bra vid tejpning av t.ex. fotled f\u00f6r stabilitet, st\u00f6d och avlastning.<\/p>\n","protected":false},"excerpt":{"rendered":"<p>Stark och oelastisk sporttejp med god f\u00e4stf\u00f6rm\u00e5ga 38 mm bred, hudf\u00e4rgad. Stabil, slitstark sporttejp som anv\u00e4nds som avlastning och som st\u00f6df\u00f6rband samt f\u00f6r att f\u00f6rebygga ledbands- och muskelskador. Bra vid tejpning av t.ex. fotled f\u00f6r stabilitet, st\u00f6d och avlastning.<\/p>\n","protected":false},"featured_media":938,"template":"","meta":{"_acf_changed":false,"_relevanssi_hide_post":"","_relevanssi_hide_content":"","_relevanssi_pin_for_all":"","_relevanssi_pin_keywords":"","_relevanssi_unpin_keywords":"","_relevanssi_related_keywords":"","_relevanssi_related_include_ids":"","_relevanssi_related_exclude_ids":"","_relevanssi_related_no_append":"","_relevanssi_related_not_related":"","_relevanssi_related_posts":"","_relevanssi_noindex_reason":""},"product_brand":[],"product_cat":[1654,1713,1709,3680],"product_tag":[],"manufacturers":[],"suppliers":[],"class_list":{"0":"post-35059","1":"product","2":"type-product","3":"status-publish","4":"has-post-thumbnail","6":"product_cat-marken","7":"product_cat-g-sv","8":"product_cat-ovriga-produkter","9":"product_cat-sporttejp-ovriga-produkter","11":"first","12":"instock","13":"taxable","14":"shipping-taxable","15":"purchasable","16":"product-type-simple"},"acf":[],"yoast_head":"<!-- This site is optimized with the Yoast SEO plugin v26.8 - https:\/\/yoast.com\/product\/yoast-seo-wordpress\/ -->\n<title>Oelastisk sporttejp &#8212; Gymnastica<\/title>\n<meta name=\"robots\" content=\"index, follow, max-snippet:-1, max-image-preview:large, max-video-preview:-1\" \/>\n<link rel=\"canonical\" href=\"https:\/\/www.gymnastica.fi\/en\/tuote\/non-elastic-sports-tape\/\" \/>\n<meta property=\"og:locale\" content=\"sv_SE\" \/>\n<meta property=\"og:type\" content=\"article\" \/>\n<meta property=\"og:title\" content=\"Oelastisk sporttejp &#8212; Gymnastica\" \/>\n<meta property=\"og:description\" content=\"Stark och oelastisk sporttejp med god f\u00e4stf\u00f6rm\u00e5ga 38 mm bred, hudf\u00e4rgad. Stabil, slitstark sporttejp som anv\u00e4nds som avlastning och som st\u00f6df\u00f6rband samt f\u00f6r att f\u00f6rebygga ledbands- och muskelskador. Bra vid tejpning av t.ex. fotled f\u00f6r stabilitet, st\u00f6d och avlastning.\" \/>\n<meta property=\"og:url\" content=\"https:\/\/www.gymnastica.fi\/en\/tuote\/non-elastic-sports-tape\/\" \/>\n<meta property=\"og:site_name\" content=\"Gymnastica\" \/>\n<meta property=\"og:image\" content=\"https:\/\/www.gymnastica.fi\/app\/uploads\/2021\/05\/G-1234.jpg\" \/>\n\t<meta property=\"og:image:width\" content=\"293\" \/>\n\t<meta property=\"og:image:height\" content=\"320\" \/>\n\t<meta property=\"og:image:type\" content=\"image\/jpeg\" \/>\n<meta name=\"twitter:card\" content=\"summary_large_image\" \/>\n<script type=\"application\/ld+json\" class=\"yoast-schema-graph\">{\"@context\":\"https:\/\/schema.org\",\"@graph\":[{\"@type\":\"WebPage\",\"@id\":\"https:\/\/www.gymnastica.fi\/en\/tuote\/non-elastic-sports-tape\/\",\"url\":\"https:\/\/www.gymnastica.fi\/en\/tuote\/non-elastic-sports-tape\/\",\"name\":\"Oelastisk sporttejp &#8212; Gymnastica\",\"isPartOf\":{\"@id\":\"https:\/\/www.gymnastica.fi\/#website\"},\"primaryImageOfPage\":{\"@id\":\"https:\/\/www.gymnastica.fi\/en\/tuote\/non-elastic-sports-tape\/#primaryimage\"},\"image\":{\"@id\":\"https:\/\/www.gymnastica.fi\/en\/tuote\/non-elastic-sports-tape\/#primaryimage\"},\"thumbnailUrl\":\"https:\/\/www.gymnastica.fi\/app\/uploads\/2021\/05\/G-1234.jpg\",\"datePublished\":\"2022-04-27T10:34:50+00:00\",\"breadcrumb\":{\"@id\":\"https:\/\/www.gymnastica.fi\/en\/tuote\/non-elastic-sports-tape\/#breadcrumb\"},\"inLanguage\":\"sv-SE\",\"potentialAction\":[{\"@type\":\"ReadAction\",\"target\":[\"https:\/\/www.gymnastica.fi\/en\/tuote\/non-elastic-sports-tape\/\"]}]},{\"@type\":\"ImageObject\",\"inLanguage\":\"sv-SE\",\"@id\":\"https:\/\/www.gymnastica.fi\/en\/tuote\/non-elastic-sports-tape\/#primaryimage\",\"url\":\"https:\/\/www.gymnastica.fi\/app\/uploads\/2021\/05\/G-1234.jpg\",\"contentUrl\":\"https:\/\/www.gymnastica.fi\/app\/uploads\/2021\/05\/G-1234.jpg\",\"width\":293,\"height\":320},{\"@type\":\"BreadcrumbList\",\"@id\":\"https:\/\/www.gymnastica.fi\/en\/tuote\/non-elastic-sports-tape\/#breadcrumb\",\"itemListElement\":[{\"@type\":\"ListItem\",\"position\":1,\"name\":\"Home\",\"item\":\"https:\/\/www.gymnastica.fi\/sv\/\"},{\"@type\":\"ListItem\",\"position\":2,\"name\":\"Butik\",\"item\":\"https:\/\/www.gymnastica.fi\/sv\/butik\/\"},{\"@type\":\"ListItem\",\"position\":3,\"name\":\"Oelastisk sporttejp\"}]},{\"@type\":\"WebSite\",\"@id\":\"https:\/\/www.gymnastica.fi\/#website\",\"url\":\"https:\/\/www.gymnastica.fi\/\",\"name\":\"Gymnastica\",\"description\":\"Liikunta- ja urheilutilasuunnittelun ja v\u00e4lineiden asiantuntija\",\"publisher\":{\"@id\":\"https:\/\/www.gymnastica.fi\/#organization\"},\"potentialAction\":[{\"@type\":\"SearchAction\",\"target\":{\"@type\":\"EntryPoint\",\"urlTemplate\":\"https:\/\/www.gymnastica.fi\/?s={search_term_string}\"},\"query-input\":{\"@type\":\"PropertyValueSpecification\",\"valueRequired\":true,\"valueName\":\"search_term_string\"}}],\"inLanguage\":\"sv-SE\"},{\"@type\":\"Organization\",\"@id\":\"https:\/\/www.gymnastica.fi\/#organization\",\"name\":\"Gymnastica\",\"url\":\"https:\/\/www.gymnastica.fi\/\",\"logo\":{\"@type\":\"ImageObject\",\"inLanguage\":\"sv-SE\",\"@id\":\"https:\/\/www.gymnastica.fi\/#\/schema\/logo\/image\/\",\"url\":\"https:\/\/www.gymnastica.fi\/app\/uploads\/2021\/04\/logo.svg\",\"contentUrl\":\"https:\/\/www.gymnastica.fi\/app\/uploads\/2021\/04\/logo.svg\",\"width\":246,\"height\":59,\"caption\":\"Gymnastica\"},\"image\":{\"@id\":\"https:\/\/www.gymnastica.fi\/#\/schema\/logo\/image\/\"}}]}<\/script>\n<!-- \/ Yoast SEO plugin. -->","yoast_head_json":{"title":"Oelastisk sporttejp &#8212; Gymnastica","robots":{"index":"index","follow":"follow","max-snippet":"max-snippet:-1","max-image-preview":"max-image-preview:large","max-video-preview":"max-video-preview:-1"},"canonical":"https:\/\/www.gymnastica.fi\/en\/tuote\/non-elastic-sports-tape\/","og_locale":"sv_SE","og_type":"article","og_title":"Oelastisk sporttejp &#8212; Gymnastica","og_description":"Stark och oelastisk sporttejp med god f\u00e4stf\u00f6rm\u00e5ga 38 mm bred, hudf\u00e4rgad. Stabil, slitstark sporttejp som anv\u00e4nds som avlastning och som st\u00f6df\u00f6rband samt f\u00f6r att f\u00f6rebygga ledbands- och muskelskador. Bra vid tejpning av t.ex. fotled f\u00f6r stabilitet, st\u00f6d och avlastning.","og_url":"https:\/\/www.gymnastica.fi\/en\/tuote\/non-elastic-sports-tape\/","og_site_name":"Gymnastica","og_image":[{"width":293,"height":320,"url":"https:\/\/www.gymnastica.fi\/app\/uploads\/2021\/05\/G-1234.jpg","type":"image\/jpeg"}],"twitter_card":"summary_large_image","schema":{"@context":"https:\/\/schema.org","@graph":[{"@type":"WebPage","@id":"https:\/\/www.gymnastica.fi\/en\/tuote\/non-elastic-sports-tape\/","url":"https:\/\/www.gymnastica.fi\/en\/tuote\/non-elastic-sports-tape\/","name":"Oelastisk sporttejp &#8212; Gymnastica","isPartOf":{"@id":"https:\/\/www.gymnastica.fi\/#website"},"primaryImageOfPage":{"@id":"https:\/\/www.gymnastica.fi\/en\/tuote\/non-elastic-sports-tape\/#primaryimage"},"image":{"@id":"https:\/\/www.gymnastica.fi\/en\/tuote\/non-elastic-sports-tape\/#primaryimage"},"thumbnailUrl":"https:\/\/www.gymnastica.fi\/app\/uploads\/2021\/05\/G-1234.jpg","datePublished":"2022-04-27T10:34:50+00:00","breadcrumb":{"@id":"https:\/\/www.gymnastica.fi\/en\/tuote\/non-elastic-sports-tape\/#breadcrumb"},"inLanguage":"sv-SE","potentialAction":[{"@type":"ReadAction","target":["https:\/\/www.gymnastica.fi\/en\/tuote\/non-elastic-sports-tape\/"]}]},{"@type":"ImageObject","inLanguage":"sv-SE","@id":"https:\/\/www.gymnastica.fi\/en\/tuote\/non-elastic-sports-tape\/#primaryimage","url":"https:\/\/www.gymnastica.fi\/app\/uploads\/2021\/05\/G-1234.jpg","contentUrl":"https:\/\/www.gymnastica.fi\/app\/uploads\/2021\/05\/G-1234.jpg","width":293,"height":320},{"@type":"BreadcrumbList","@id":"https:\/\/www.gymnastica.fi\/en\/tuote\/non-elastic-sports-tape\/#breadcrumb","itemListElement":[{"@type":"ListItem","position":1,"name":"Home","item":"https:\/\/www.gymnastica.fi\/sv\/"},{"@type":"ListItem","position":2,"name":"Butik","item":"https:\/\/www.gymnastica.fi\/sv\/butik\/"},{"@type":"ListItem","position":3,"name":"Oelastisk sporttejp"}]},{"@type":"WebSite","@id":"https:\/\/www.gymnastica.fi\/#website","url":"https:\/\/www.gymnastica.fi\/","name":"Gymnastica","description":"Liikunta- ja urheilutilasuunnittelun ja v\u00e4lineiden asiantuntija","publisher":{"@id":"https:\/\/www.gymnastica.fi\/#organization"},"potentialAction":[{"@type":"SearchAction","target":{"@type":"EntryPoint","urlTemplate":"https:\/\/www.gymnastica.fi\/?s={search_term_string}"},"query-input":{"@type":"PropertyValueSpecification","valueRequired":true,"valueName":"search_term_string"}}],"inLanguage":"sv-SE"},{"@type":"Organization","@id":"https:\/\/www.gymnastica.fi\/#organization","name":"Gymnastica","url":"https:\/\/www.gymnastica.fi\/","logo":{"@type":"ImageObject","inLanguage":"sv-SE","@id":"https:\/\/www.gymnastica.fi\/#\/schema\/logo\/image\/","url":"https:\/\/www.gymnastica.fi\/app\/uploads\/2021\/04\/logo.svg","contentUrl":"https:\/\/www.gymnastica.fi\/app\/uploads\/2021\/04\/logo.svg","width":246,"height":59,"caption":"Gymnastica"},"image":{"@id":"https:\/\/www.gymnastica.fi\/#\/schema\/logo\/image\/"}}]}},"_links":{"self":[{"href":"https:\/\/www.gymnastica.fi\/sv\/wp-json\/wp\/v2\/product\/35059","targetHints":{"allow":["GET"]}}],"collection":[{"href":"https:\/\/www.gymnastica.fi\/sv\/wp-json\/wp\/v2\/product"}],"about":[{"href":"https:\/\/www.gymnastica.fi\/sv\/wp-json\/wp\/v2\/types\/product"}],"wp:featuredmedia":[{"embeddable":true,"href":"https:\/\/www.gymnastica.fi\/sv\/wp-json\/wp\/v2\/media\/938"}],"wp:attachment":[{"href":"https:\/\/www.gymnastica.fi\/sv\/wp-json\/wp\/v2\/media?parent=35059"}],"wp:term":[{"taxonomy":"product_brand","embeddable":true,"href":"https:\/\/www.gymnastica.fi\/sv\/wp-json\/wp\/v2\/product_brand?post=35059"},{"taxonomy":"product_cat","embeddable":true,"href":"https:\/\/www.gymnastica.fi\/sv\/wp-json\/wp\/v2\/product_cat?post=35059"},{"taxonomy":"product_tag","embeddable":true,"href":"https:\/\/www.gymnastica.fi\/sv\/wp-json\/wp\/v2\/product_tag?post=35059"},{"taxonomy":"manufacturers","embeddable":true,"href":"https:\/\/www.gymnastica.fi\/sv\/wp-json\/wp\/v2\/manufacturers?post=35059"},{"taxonomy":"suppliers","embeddable":true,"href":"https:\/\/www.gymnastica.fi\/sv\/wp-json\/wp\/v2\/suppliers?post=35059"}],"curies":[{"name":"wp","href":"https:\/\/api.w.org\/{rel}","templated":true}]}}