{"id":37734,"date":"2024-03-19T14:17:33","date_gmt":"2024-03-19T12:17:33","guid":{"rendered":"https:\/\/www.gymnastica.fi\/tuote\/kgm-airtrack-basic-track-10-m-x-2-m-x-20-cm\/"},"modified":"2025-02-07T13:21:42","modified_gmt":"2025-02-07T11:21:42","slug":"kgm-airtrack-basic-voltbana-10-m-x-2-m-x-20-cm","status":"publish","type":"product","link":"https:\/\/www.gymnastica.fi\/sv\/tuote\/kgm-airtrack-basic-voltbana-10-m-x-2-m-x-20-cm\/","title":{"rendered":"KGM Airtrack Basic voltbana 10 m x 2 m x 20 cm KG-F1301550100"},"content":{"rendered":"<p>Tillverkare: KGM<\/p>\n<p>KGM Airtrack Basic voltbana . L\u00e4ngd 10 m, bredd 2 m och h\u00f6jd 20 cm. Den \u00f6vre ytan p\u00e5 den uppbl\u00e5sbara voltbanan \u00e4r helt sl\u00e4t och j\u00e4mn, tack vare vilken det \u00e4r s\u00e4kert att utf\u00f6ra b\u00e5de enkla och sv\u00e5ra r\u00f6relser och upps\u00e4ttningar av r\u00f6relser. Voltbana \u00e4r l\u00e4tt och snabbt att ta ut och st\u00e4lla undan. H\u00e5rdheten p\u00e5 voltbanan kan enkelt justeras med hj\u00e4lp av tryckregleringsventiler. PVC-\u00f6verdraget inneh\u00e5ller inga ftalater. F\u00e4rgen p\u00e5 voltbana \u00e4r bl\u00e5 och ljusgr\u00e5. Inneh\u00e5ller en f\u00f6rvaringsp\u00e5se, en elektrisk luftfl\u00e4kt med p\u00e5fyllnings- och t\u00f6mningsfunktion samt ett lim- och lappreparationsset.<\/p>\n","protected":false},"excerpt":{"rendered":"<p>Be om offert<\/p>\n","protected":false},"featured_media":37711,"template":"","meta":{"_acf_changed":false,"_relevanssi_hide_post":"","_relevanssi_hide_content":"","_relevanssi_pin_for_all":"","_relevanssi_pin_keywords":"","_relevanssi_unpin_keywords":"","_relevanssi_related_keywords":"","_relevanssi_related_include_ids":"","_relevanssi_related_exclude_ids":"","_relevanssi_related_no_append":"","_relevanssi_related_not_related":"","_relevanssi_related_posts":"","_relevanssi_noindex_reason":""},"product_brand":[],"product_cat":[1654,2442,2635],"product_tag":[3880],"manufacturers":[],"suppliers":[],"class_list":{"0":"post-37734","1":"product","2":"type-product","3":"status-publish","4":"has-post-thumbnail","6":"product_cat-marken","7":"product_cat-kgm-sv","8":"product_cat-uppblasbara-redskap","9":"product_tag-kgm-airtrack-sv","11":"first","12":"onbackorder","13":"taxable","14":"shipping-taxable","15":"product-type-simple"},"acf":[],"yoast_head":"<!-- This site is optimized with the Yoast SEO plugin v26.8 - https:\/\/yoast.com\/product\/yoast-seo-wordpress\/ -->\n<title>KGM Airtrack Basic voltbana 10 m x 2 m x 20 cm KG-F1301550100 &#8212; Gymnastica<\/title>\n<meta name=\"robots\" content=\"index, follow, max-snippet:-1, max-image-preview:large, max-video-preview:-1\" \/>\n<link rel=\"canonical\" href=\"https:\/\/www.gymnastica.fi\/sv\/tuote\/kgm-airtrack-basic-voltbana-10-m-x-2-m-x-20-cm\/\" \/>\n<meta property=\"og:locale\" content=\"sv_SE\" \/>\n<meta property=\"og:type\" content=\"article\" \/>\n<meta property=\"og:title\" content=\"KGM Airtrack Basic voltbana 10 m x 2 m x 20 cm KG-F1301550100 &#8212; Gymnastica\" \/>\n<meta property=\"og:description\" content=\"Be om offert\" \/>\n<meta property=\"og:url\" content=\"https:\/\/www.gymnastica.fi\/sv\/tuote\/kgm-airtrack-basic-voltbana-10-m-x-2-m-x-20-cm\/\" \/>\n<meta property=\"og:site_name\" content=\"Gymnastica\" \/>\n<meta property=\"article:modified_time\" content=\"2025-02-07T11:21:42+00:00\" \/>\n<meta property=\"og:image\" content=\"https:\/\/www.gymnastica.fi\/app\/uploads\/2024\/03\/KG-F1301550100.jpg\" \/>\n\t<meta property=\"og:image:width\" content=\"738\" \/>\n\t<meta property=\"og:image:height\" content=\"478\" \/>\n\t<meta property=\"og:image:type\" content=\"image\/jpeg\" \/>\n<meta name=\"twitter:card\" content=\"summary_large_image\" \/>\n<meta name=\"twitter:label1\" content=\"Est. reading time\" \/>\n\t<meta name=\"twitter:data1\" content=\"1 minute\" \/>\n<script type=\"application\/ld+json\" class=\"yoast-schema-graph\">{\"@context\":\"https:\/\/schema.org\",\"@graph\":[{\"@type\":\"WebPage\",\"@id\":\"https:\/\/www.gymnastica.fi\/sv\/tuote\/kgm-airtrack-basic-voltbana-10-m-x-2-m-x-20-cm\/\",\"url\":\"https:\/\/www.gymnastica.fi\/sv\/tuote\/kgm-airtrack-basic-voltbana-10-m-x-2-m-x-20-cm\/\",\"name\":\"KGM Airtrack Basic voltbana 10 m x 2 m x 20 cm KG-F1301550100 &#8212; Gymnastica\",\"isPartOf\":{\"@id\":\"https:\/\/www.gymnastica.fi\/#website\"},\"primaryImageOfPage\":{\"@id\":\"https:\/\/www.gymnastica.fi\/sv\/tuote\/kgm-airtrack-basic-voltbana-10-m-x-2-m-x-20-cm\/#primaryimage\"},\"image\":{\"@id\":\"https:\/\/www.gymnastica.fi\/sv\/tuote\/kgm-airtrack-basic-voltbana-10-m-x-2-m-x-20-cm\/#primaryimage\"},\"thumbnailUrl\":\"https:\/\/www.gymnastica.fi\/app\/uploads\/2024\/03\/KG-F1301550100.jpg\",\"datePublished\":\"2024-03-19T12:17:33+00:00\",\"dateModified\":\"2025-02-07T11:21:42+00:00\",\"breadcrumb\":{\"@id\":\"https:\/\/www.gymnastica.fi\/sv\/tuote\/kgm-airtrack-basic-voltbana-10-m-x-2-m-x-20-cm\/#breadcrumb\"},\"inLanguage\":\"sv-SE\",\"potentialAction\":[{\"@type\":\"ReadAction\",\"target\":[\"https:\/\/www.gymnastica.fi\/sv\/tuote\/kgm-airtrack-basic-voltbana-10-m-x-2-m-x-20-cm\/\"]}]},{\"@type\":\"ImageObject\",\"inLanguage\":\"sv-SE\",\"@id\":\"https:\/\/www.gymnastica.fi\/sv\/tuote\/kgm-airtrack-basic-voltbana-10-m-x-2-m-x-20-cm\/#primaryimage\",\"url\":\"https:\/\/www.gymnastica.fi\/app\/uploads\/2024\/03\/KG-F1301550100.jpg\",\"contentUrl\":\"https:\/\/www.gymnastica.fi\/app\/uploads\/2024\/03\/KG-F1301550100.jpg\",\"width\":738,\"height\":478},{\"@type\":\"BreadcrumbList\",\"@id\":\"https:\/\/www.gymnastica.fi\/sv\/tuote\/kgm-airtrack-basic-voltbana-10-m-x-2-m-x-20-cm\/#breadcrumb\",\"itemListElement\":[{\"@type\":\"ListItem\",\"position\":1,\"name\":\"Home\",\"item\":\"https:\/\/www.gymnastica.fi\/sv\/\"},{\"@type\":\"ListItem\",\"position\":2,\"name\":\"Butik\",\"item\":\"https:\/\/www.gymnastica.fi\/sv\/butik\/\"},{\"@type\":\"ListItem\",\"position\":3,\"name\":\"KGM Airtrack Basic voltbana 10 m x 2 m x 20 cm KG-F1301550100\"}]},{\"@type\":\"WebSite\",\"@id\":\"https:\/\/www.gymnastica.fi\/#website\",\"url\":\"https:\/\/www.gymnastica.fi\/\",\"name\":\"Gymnastica\",\"description\":\"Liikunta- ja urheilutilasuunnittelun ja v\u00e4lineiden asiantuntija\",\"publisher\":{\"@id\":\"https:\/\/www.gymnastica.fi\/#organization\"},\"potentialAction\":[{\"@type\":\"SearchAction\",\"target\":{\"@type\":\"EntryPoint\",\"urlTemplate\":\"https:\/\/www.gymnastica.fi\/?s={search_term_string}\"},\"query-input\":{\"@type\":\"PropertyValueSpecification\",\"valueRequired\":true,\"valueName\":\"search_term_string\"}}],\"inLanguage\":\"sv-SE\"},{\"@type\":\"Organization\",\"@id\":\"https:\/\/www.gymnastica.fi\/#organization\",\"name\":\"Gymnastica\",\"url\":\"https:\/\/www.gymnastica.fi\/\",\"logo\":{\"@type\":\"ImageObject\",\"inLanguage\":\"sv-SE\",\"@id\":\"https:\/\/www.gymnastica.fi\/#\/schema\/logo\/image\/\",\"url\":\"https:\/\/www.gymnastica.fi\/app\/uploads\/2021\/04\/logo.svg\",\"contentUrl\":\"https:\/\/www.gymnastica.fi\/app\/uploads\/2021\/04\/logo.svg\",\"width\":246,\"height\":59,\"caption\":\"Gymnastica\"},\"image\":{\"@id\":\"https:\/\/www.gymnastica.fi\/#\/schema\/logo\/image\/\"}}]}<\/script>\n<!-- \/ Yoast SEO plugin. -->","yoast_head_json":{"title":"KGM Airtrack Basic voltbana 10 m x 2 m x 20 cm KG-F1301550100 &#8212; Gymnastica","robots":{"index":"index","follow":"follow","max-snippet":"max-snippet:-1","max-image-preview":"max-image-preview:large","max-video-preview":"max-video-preview:-1"},"canonical":"https:\/\/www.gymnastica.fi\/sv\/tuote\/kgm-airtrack-basic-voltbana-10-m-x-2-m-x-20-cm\/","og_locale":"sv_SE","og_type":"article","og_title":"KGM Airtrack Basic voltbana 10 m x 2 m x 20 cm KG-F1301550100 &#8212; Gymnastica","og_description":"Be om offert","og_url":"https:\/\/www.gymnastica.fi\/sv\/tuote\/kgm-airtrack-basic-voltbana-10-m-x-2-m-x-20-cm\/","og_site_name":"Gymnastica","article_modified_time":"2025-02-07T11:21:42+00:00","og_image":[{"width":738,"height":478,"url":"https:\/\/www.gymnastica.fi\/app\/uploads\/2024\/03\/KG-F1301550100.jpg","type":"image\/jpeg"}],"twitter_card":"summary_large_image","twitter_misc":{"Est. reading time":"1 minute"},"schema":{"@context":"https:\/\/schema.org","@graph":[{"@type":"WebPage","@id":"https:\/\/www.gymnastica.fi\/sv\/tuote\/kgm-airtrack-basic-voltbana-10-m-x-2-m-x-20-cm\/","url":"https:\/\/www.gymnastica.fi\/sv\/tuote\/kgm-airtrack-basic-voltbana-10-m-x-2-m-x-20-cm\/","name":"KGM Airtrack Basic voltbana 10 m x 2 m x 20 cm KG-F1301550100 &#8212; Gymnastica","isPartOf":{"@id":"https:\/\/www.gymnastica.fi\/#website"},"primaryImageOfPage":{"@id":"https:\/\/www.gymnastica.fi\/sv\/tuote\/kgm-airtrack-basic-voltbana-10-m-x-2-m-x-20-cm\/#primaryimage"},"image":{"@id":"https:\/\/www.gymnastica.fi\/sv\/tuote\/kgm-airtrack-basic-voltbana-10-m-x-2-m-x-20-cm\/#primaryimage"},"thumbnailUrl":"https:\/\/www.gymnastica.fi\/app\/uploads\/2024\/03\/KG-F1301550100.jpg","datePublished":"2024-03-19T12:17:33+00:00","dateModified":"2025-02-07T11:21:42+00:00","breadcrumb":{"@id":"https:\/\/www.gymnastica.fi\/sv\/tuote\/kgm-airtrack-basic-voltbana-10-m-x-2-m-x-20-cm\/#breadcrumb"},"inLanguage":"sv-SE","potentialAction":[{"@type":"ReadAction","target":["https:\/\/www.gymnastica.fi\/sv\/tuote\/kgm-airtrack-basic-voltbana-10-m-x-2-m-x-20-cm\/"]}]},{"@type":"ImageObject","inLanguage":"sv-SE","@id":"https:\/\/www.gymnastica.fi\/sv\/tuote\/kgm-airtrack-basic-voltbana-10-m-x-2-m-x-20-cm\/#primaryimage","url":"https:\/\/www.gymnastica.fi\/app\/uploads\/2024\/03\/KG-F1301550100.jpg","contentUrl":"https:\/\/www.gymnastica.fi\/app\/uploads\/2024\/03\/KG-F1301550100.jpg","width":738,"height":478},{"@type":"BreadcrumbList","@id":"https:\/\/www.gymnastica.fi\/sv\/tuote\/kgm-airtrack-basic-voltbana-10-m-x-2-m-x-20-cm\/#breadcrumb","itemListElement":[{"@type":"ListItem","position":1,"name":"Home","item":"https:\/\/www.gymnastica.fi\/sv\/"},{"@type":"ListItem","position":2,"name":"Butik","item":"https:\/\/www.gymnastica.fi\/sv\/butik\/"},{"@type":"ListItem","position":3,"name":"KGM Airtrack Basic voltbana 10 m x 2 m x 20 cm KG-F1301550100"}]},{"@type":"WebSite","@id":"https:\/\/www.gymnastica.fi\/#website","url":"https:\/\/www.gymnastica.fi\/","name":"Gymnastica","description":"Liikunta- ja urheilutilasuunnittelun ja v\u00e4lineiden asiantuntija","publisher":{"@id":"https:\/\/www.gymnastica.fi\/#organization"},"potentialAction":[{"@type":"SearchAction","target":{"@type":"EntryPoint","urlTemplate":"https:\/\/www.gymnastica.fi\/?s={search_term_string}"},"query-input":{"@type":"PropertyValueSpecification","valueRequired":true,"valueName":"search_term_string"}}],"inLanguage":"sv-SE"},{"@type":"Organization","@id":"https:\/\/www.gymnastica.fi\/#organization","name":"Gymnastica","url":"https:\/\/www.gymnastica.fi\/","logo":{"@type":"ImageObject","inLanguage":"sv-SE","@id":"https:\/\/www.gymnastica.fi\/#\/schema\/logo\/image\/","url":"https:\/\/www.gymnastica.fi\/app\/uploads\/2021\/04\/logo.svg","contentUrl":"https:\/\/www.gymnastica.fi\/app\/uploads\/2021\/04\/logo.svg","width":246,"height":59,"caption":"Gymnastica"},"image":{"@id":"https:\/\/www.gymnastica.fi\/#\/schema\/logo\/image\/"}}]}},"_links":{"self":[{"href":"https:\/\/www.gymnastica.fi\/sv\/wp-json\/wp\/v2\/product\/37734","targetHints":{"allow":["GET"]}}],"collection":[{"href":"https:\/\/www.gymnastica.fi\/sv\/wp-json\/wp\/v2\/product"}],"about":[{"href":"https:\/\/www.gymnastica.fi\/sv\/wp-json\/wp\/v2\/types\/product"}],"wp:featuredmedia":[{"embeddable":true,"href":"https:\/\/www.gymnastica.fi\/sv\/wp-json\/wp\/v2\/media\/37711"}],"wp:attachment":[{"href":"https:\/\/www.gymnastica.fi\/sv\/wp-json\/wp\/v2\/media?parent=37734"}],"wp:term":[{"taxonomy":"product_brand","embeddable":true,"href":"https:\/\/www.gymnastica.fi\/sv\/wp-json\/wp\/v2\/product_brand?post=37734"},{"taxonomy":"product_cat","embeddable":true,"href":"https:\/\/www.gymnastica.fi\/sv\/wp-json\/wp\/v2\/product_cat?post=37734"},{"taxonomy":"product_tag","embeddable":true,"href":"https:\/\/www.gymnastica.fi\/sv\/wp-json\/wp\/v2\/product_tag?post=37734"},{"taxonomy":"manufacturers","embeddable":true,"href":"https:\/\/www.gymnastica.fi\/sv\/wp-json\/wp\/v2\/manufacturers?post=37734"},{"taxonomy":"suppliers","embeddable":true,"href":"https:\/\/www.gymnastica.fi\/sv\/wp-json\/wp\/v2\/suppliers?post=37734"}],"curies":[{"name":"wp","href":"https:\/\/api.w.org\/{rel}","templated":true}]}}