{"id":37740,"date":"2024-03-19T14:51:17","date_gmt":"2024-03-19T12:51:17","guid":{"rendered":"https:\/\/www.gymnastica.fi\/tuote\/ojump-monikayttoinen-alastulomatto-vahvistetuilla-kulmilla-300-x-200-x-30-cm\/"},"modified":"2025-02-19T11:37:47","modified_gmt":"2025-02-19T09:37:47","slug":"ojump-standard-landningsmatta-med-forstarkta-horn-300-x-200-x-30-cm","status":"publish","type":"product","link":"https:\/\/www.gymnastica.fi\/sv\/tuote\/ojump-standard-landningsmatta-med-forstarkta-horn-300-x-200-x-30-cm\/","title":{"rendered":"O\u2019jump Standard landningsmatta med f\u00f6rst\u00e4rkta h\u00f6rn 300 x 200 x 30 cm OJ-307"},"content":{"rendered":"<p>O\u2019Jump nedslagsmatta 300 x 200 x 30 cm med f\u00f6rst\u00e4rkta h\u00f6rn. Mattan \u00e4r speciellt designad f\u00f6r intensiv anv\u00e4ndning. Idealisk f\u00f6r anv\u00e4ndning i skolor och idrottshallar, den kan placeras under apparater (bommar, barrar, r\u00e4ck, m.m.) f\u00f6r b\u00e4ttre s\u00e4kerhet. Kan ocks\u00e5 anv\u00e4ndas p\u00e5 golv f\u00f6r att tr\u00e4na landningar, och den \u00e4r l\u00e4tt att flyttas\u00a0 med hj\u00e4lp av handtagen. Finns i sju f\u00e4rger: gr\u00e5, r\u00f6d, gul, gr\u00f6n, tv\u00e5f\u00e4rgad bl\u00e5, lila och svart. Tillverkad av polyuretanskum p\u00e5 25 kg\/m3. Ftalatfritt 1000-denier PVC-\u00f6verdrag med klass M2 brandklassning. Utrustad med halkskydd och b\u00e4rhandtag. Luftventilationsh\u00e5l runt sidorna och dragkedja. Vikt 45 kg. Referens f\u00f6r endast PVC-\u00f6verdrag \u00e4r OJ-326.<\/p>\n","protected":false},"excerpt":{"rendered":"<p>Be om offert<\/p>\n","protected":false},"featured_media":0,"template":"","meta":{"_acf_changed":false,"_relevanssi_hide_post":"","_relevanssi_hide_content":"","_relevanssi_pin_for_all":"","_relevanssi_pin_keywords":"","_relevanssi_unpin_keywords":"","_relevanssi_related_keywords":"","_relevanssi_related_include_ids":"","_relevanssi_related_exclude_ids":"","_relevanssi_related_no_append":"","_relevanssi_related_not_related":"","_relevanssi_related_posts":"","_relevanssi_noindex_reason":""},"product_brand":[],"product_cat":[1654,2397,1933,2557,2811,1934,2385,2406,2589],"product_tag":[],"manufacturers":[],"suppliers":[],"class_list":{"0":"post-37740","1":"product","2":"type-product","3":"status-publish","5":"product_cat-marken","6":"product_cat-ojump-sv","7":"product_cat-sporthallprodukter-2","8":"product_cat-mattor-och-skydd-sv-4","9":"product_cat-mattor-och-skydd-sv-6","10":"product_cat-mattor-och-skydd","11":"product_cat-mattor-och-skydd-sv","12":"product_cat-mattor-och-skydd-sv-2","13":"product_cat-mattor-och-skydd-sv-5","15":"first","16":"onbackorder","17":"taxable","18":"shipping-taxable","19":"product-type-simple"},"acf":[],"yoast_head":"<!-- This site is optimized with the Yoast SEO plugin v26.8 - https:\/\/yoast.com\/product\/yoast-seo-wordpress\/ -->\n<title>O\u2019jump Standard landningsmatta med f\u00f6rst\u00e4rkta h\u00f6rn 300 x 200 x 30 cm OJ-307 &#8212; Gymnastica<\/title>\n<meta name=\"robots\" content=\"index, follow, max-snippet:-1, max-image-preview:large, max-video-preview:-1\" \/>\n<link rel=\"canonical\" href=\"https:\/\/www.gymnastica.fi\/sv\/tuote\/ojump-standard-landningsmatta-med-forstarkta-horn-300-x-200-x-30-cm\/\" \/>\n<meta property=\"og:locale\" content=\"sv_SE\" \/>\n<meta property=\"og:type\" content=\"article\" \/>\n<meta property=\"og:title\" content=\"O\u2019jump Standard landningsmatta med f\u00f6rst\u00e4rkta h\u00f6rn 300 x 200 x 30 cm OJ-307 &#8212; Gymnastica\" \/>\n<meta property=\"og:description\" content=\"Be om offert\" \/>\n<meta property=\"og:url\" content=\"https:\/\/www.gymnastica.fi\/sv\/tuote\/ojump-standard-landningsmatta-med-forstarkta-horn-300-x-200-x-30-cm\/\" \/>\n<meta property=\"og:site_name\" content=\"Gymnastica\" \/>\n<meta property=\"article:modified_time\" content=\"2025-02-19T09:37:47+00:00\" \/>\n<meta name=\"twitter:card\" content=\"summary_large_image\" \/>\n<meta name=\"twitter:label1\" content=\"Est. reading time\" \/>\n\t<meta name=\"twitter:data1\" content=\"1 minute\" \/>\n<script type=\"application\/ld+json\" class=\"yoast-schema-graph\">{\"@context\":\"https:\/\/schema.org\",\"@graph\":[{\"@type\":\"WebPage\",\"@id\":\"https:\/\/www.gymnastica.fi\/sv\/tuote\/ojump-standard-landningsmatta-med-forstarkta-horn-300-x-200-x-30-cm\/\",\"url\":\"https:\/\/www.gymnastica.fi\/sv\/tuote\/ojump-standard-landningsmatta-med-forstarkta-horn-300-x-200-x-30-cm\/\",\"name\":\"O\u2019jump Standard landningsmatta med f\u00f6rst\u00e4rkta h\u00f6rn 300 x 200 x 30 cm OJ-307 &#8212; Gymnastica\",\"isPartOf\":{\"@id\":\"https:\/\/www.gymnastica.fi\/#website\"},\"datePublished\":\"2024-03-19T12:51:17+00:00\",\"dateModified\":\"2025-02-19T09:37:47+00:00\",\"breadcrumb\":{\"@id\":\"https:\/\/www.gymnastica.fi\/sv\/tuote\/ojump-standard-landningsmatta-med-forstarkta-horn-300-x-200-x-30-cm\/#breadcrumb\"},\"inLanguage\":\"sv-SE\",\"potentialAction\":[{\"@type\":\"ReadAction\",\"target\":[\"https:\/\/www.gymnastica.fi\/sv\/tuote\/ojump-standard-landningsmatta-med-forstarkta-horn-300-x-200-x-30-cm\/\"]}]},{\"@type\":\"BreadcrumbList\",\"@id\":\"https:\/\/www.gymnastica.fi\/sv\/tuote\/ojump-standard-landningsmatta-med-forstarkta-horn-300-x-200-x-30-cm\/#breadcrumb\",\"itemListElement\":[{\"@type\":\"ListItem\",\"position\":1,\"name\":\"Home\",\"item\":\"https:\/\/www.gymnastica.fi\/sv\/\"},{\"@type\":\"ListItem\",\"position\":2,\"name\":\"Butik\",\"item\":\"https:\/\/www.gymnastica.fi\/sv\/butik\/\"},{\"@type\":\"ListItem\",\"position\":3,\"name\":\"O\u2019jump Standard landningsmatta med f\u00f6rst\u00e4rkta h\u00f6rn 300 x 200 x 30 cm OJ-307\"}]},{\"@type\":\"WebSite\",\"@id\":\"https:\/\/www.gymnastica.fi\/#website\",\"url\":\"https:\/\/www.gymnastica.fi\/\",\"name\":\"Gymnastica\",\"description\":\"Liikunta- ja urheilutilasuunnittelun ja v\u00e4lineiden asiantuntija\",\"publisher\":{\"@id\":\"https:\/\/www.gymnastica.fi\/#organization\"},\"potentialAction\":[{\"@type\":\"SearchAction\",\"target\":{\"@type\":\"EntryPoint\",\"urlTemplate\":\"https:\/\/www.gymnastica.fi\/?s={search_term_string}\"},\"query-input\":{\"@type\":\"PropertyValueSpecification\",\"valueRequired\":true,\"valueName\":\"search_term_string\"}}],\"inLanguage\":\"sv-SE\"},{\"@type\":\"Organization\",\"@id\":\"https:\/\/www.gymnastica.fi\/#organization\",\"name\":\"Gymnastica\",\"url\":\"https:\/\/www.gymnastica.fi\/\",\"logo\":{\"@type\":\"ImageObject\",\"inLanguage\":\"sv-SE\",\"@id\":\"https:\/\/www.gymnastica.fi\/#\/schema\/logo\/image\/\",\"url\":\"https:\/\/www.gymnastica.fi\/app\/uploads\/2021\/04\/logo.svg\",\"contentUrl\":\"https:\/\/www.gymnastica.fi\/app\/uploads\/2021\/04\/logo.svg\",\"width\":246,\"height\":59,\"caption\":\"Gymnastica\"},\"image\":{\"@id\":\"https:\/\/www.gymnastica.fi\/#\/schema\/logo\/image\/\"}}]}<\/script>\n<!-- \/ Yoast SEO plugin. -->","yoast_head_json":{"title":"O\u2019jump Standard landningsmatta med f\u00f6rst\u00e4rkta h\u00f6rn 300 x 200 x 30 cm OJ-307 &#8212; Gymnastica","robots":{"index":"index","follow":"follow","max-snippet":"max-snippet:-1","max-image-preview":"max-image-preview:large","max-video-preview":"max-video-preview:-1"},"canonical":"https:\/\/www.gymnastica.fi\/sv\/tuote\/ojump-standard-landningsmatta-med-forstarkta-horn-300-x-200-x-30-cm\/","og_locale":"sv_SE","og_type":"article","og_title":"O\u2019jump Standard landningsmatta med f\u00f6rst\u00e4rkta h\u00f6rn 300 x 200 x 30 cm OJ-307 &#8212; Gymnastica","og_description":"Be om offert","og_url":"https:\/\/www.gymnastica.fi\/sv\/tuote\/ojump-standard-landningsmatta-med-forstarkta-horn-300-x-200-x-30-cm\/","og_site_name":"Gymnastica","article_modified_time":"2025-02-19T09:37:47+00:00","twitter_card":"summary_large_image","twitter_misc":{"Est. reading time":"1 minute"},"schema":{"@context":"https:\/\/schema.org","@graph":[{"@type":"WebPage","@id":"https:\/\/www.gymnastica.fi\/sv\/tuote\/ojump-standard-landningsmatta-med-forstarkta-horn-300-x-200-x-30-cm\/","url":"https:\/\/www.gymnastica.fi\/sv\/tuote\/ojump-standard-landningsmatta-med-forstarkta-horn-300-x-200-x-30-cm\/","name":"O\u2019jump Standard landningsmatta med f\u00f6rst\u00e4rkta h\u00f6rn 300 x 200 x 30 cm OJ-307 &#8212; Gymnastica","isPartOf":{"@id":"https:\/\/www.gymnastica.fi\/#website"},"datePublished":"2024-03-19T12:51:17+00:00","dateModified":"2025-02-19T09:37:47+00:00","breadcrumb":{"@id":"https:\/\/www.gymnastica.fi\/sv\/tuote\/ojump-standard-landningsmatta-med-forstarkta-horn-300-x-200-x-30-cm\/#breadcrumb"},"inLanguage":"sv-SE","potentialAction":[{"@type":"ReadAction","target":["https:\/\/www.gymnastica.fi\/sv\/tuote\/ojump-standard-landningsmatta-med-forstarkta-horn-300-x-200-x-30-cm\/"]}]},{"@type":"BreadcrumbList","@id":"https:\/\/www.gymnastica.fi\/sv\/tuote\/ojump-standard-landningsmatta-med-forstarkta-horn-300-x-200-x-30-cm\/#breadcrumb","itemListElement":[{"@type":"ListItem","position":1,"name":"Home","item":"https:\/\/www.gymnastica.fi\/sv\/"},{"@type":"ListItem","position":2,"name":"Butik","item":"https:\/\/www.gymnastica.fi\/sv\/butik\/"},{"@type":"ListItem","position":3,"name":"O\u2019jump Standard landningsmatta med f\u00f6rst\u00e4rkta h\u00f6rn 300 x 200 x 30 cm OJ-307"}]},{"@type":"WebSite","@id":"https:\/\/www.gymnastica.fi\/#website","url":"https:\/\/www.gymnastica.fi\/","name":"Gymnastica","description":"Liikunta- ja urheilutilasuunnittelun ja v\u00e4lineiden asiantuntija","publisher":{"@id":"https:\/\/www.gymnastica.fi\/#organization"},"potentialAction":[{"@type":"SearchAction","target":{"@type":"EntryPoint","urlTemplate":"https:\/\/www.gymnastica.fi\/?s={search_term_string}"},"query-input":{"@type":"PropertyValueSpecification","valueRequired":true,"valueName":"search_term_string"}}],"inLanguage":"sv-SE"},{"@type":"Organization","@id":"https:\/\/www.gymnastica.fi\/#organization","name":"Gymnastica","url":"https:\/\/www.gymnastica.fi\/","logo":{"@type":"ImageObject","inLanguage":"sv-SE","@id":"https:\/\/www.gymnastica.fi\/#\/schema\/logo\/image\/","url":"https:\/\/www.gymnastica.fi\/app\/uploads\/2021\/04\/logo.svg","contentUrl":"https:\/\/www.gymnastica.fi\/app\/uploads\/2021\/04\/logo.svg","width":246,"height":59,"caption":"Gymnastica"},"image":{"@id":"https:\/\/www.gymnastica.fi\/#\/schema\/logo\/image\/"}}]}},"_links":{"self":[{"href":"https:\/\/www.gymnastica.fi\/sv\/wp-json\/wp\/v2\/product\/37740","targetHints":{"allow":["GET"]}}],"collection":[{"href":"https:\/\/www.gymnastica.fi\/sv\/wp-json\/wp\/v2\/product"}],"about":[{"href":"https:\/\/www.gymnastica.fi\/sv\/wp-json\/wp\/v2\/types\/product"}],"wp:attachment":[{"href":"https:\/\/www.gymnastica.fi\/sv\/wp-json\/wp\/v2\/media?parent=37740"}],"wp:term":[{"taxonomy":"product_brand","embeddable":true,"href":"https:\/\/www.gymnastica.fi\/sv\/wp-json\/wp\/v2\/product_brand?post=37740"},{"taxonomy":"product_cat","embeddable":true,"href":"https:\/\/www.gymnastica.fi\/sv\/wp-json\/wp\/v2\/product_cat?post=37740"},{"taxonomy":"product_tag","embeddable":true,"href":"https:\/\/www.gymnastica.fi\/sv\/wp-json\/wp\/v2\/product_tag?post=37740"},{"taxonomy":"manufacturers","embeddable":true,"href":"https:\/\/www.gymnastica.fi\/sv\/wp-json\/wp\/v2\/manufacturers?post=37740"},{"taxonomy":"suppliers","embeddable":true,"href":"https:\/\/www.gymnastica.fi\/sv\/wp-json\/wp\/v2\/suppliers?post=37740"}],"curies":[{"name":"wp","href":"https:\/\/api.w.org\/{rel}","templated":true}]}}