{"id":38570,"date":"2024-04-29T12:47:03","date_gmt":"2024-04-29T09:47:03","guid":{"rendered":"https:\/\/www.gymnastica.fi\/tuote\/gymnastikdrakt-gk-bca49\/"},"modified":"2024-04-29T12:47:03","modified_gmt":"2024-04-29T09:47:03","slug":"gymnastikdrakt-gk-bca49","status":"publish","type":"product","link":"https:\/\/www.gymnastica.fi\/sv\/tuote\/gymnastikdrakt-gk-bca49\/","title":{"rendered":"Gymnastikdr\u00e4kt GK BCA49"},"content":{"rendered":"<p>\u00c4rml\u00f6s gymnastikdr\u00e4kt i subfuse och primatex. Matchande h\u00e5rsnodd medf\u00f6ljer.<\/p>\n<p>Gk donerar av dr\u00e4ktens pris till Unite for HER en non-profit organisation som jobbar f\u00f6r att sprida kunskap om br\u00f6stcancer.<\/p>\n<p>OBS!<\/p>\n<p>Sm\u00e5 &#8220;noppor&#8221; kan uppst\u00e5 p\u00e5 tryckta polytek- och subfuse-tyger n\u00e4r de kommer i kontakt med kardborreband och andra vassa\/oj\u00e4mna ytor. Baksidan\/nedre delen av dr\u00e4kten \u00e4r de mest utsatta delarna. Tyv\u00e4rr \u00e4r detta n\u00e5got som inte kan undvikas p\u00e5 grund av tygets natur. Leverant\u00f6ren GK Elite Sportswear kan inte h\u00e5llas ansvarig f\u00f6r att byta ut eller reparera din dr\u00e4kt om &#8220;noppor&#8221; uppst\u00e5r.<\/p>\n","protected":false},"excerpt":{"rendered":"<p>\u00c4rml\u00f6s gymnastikdr\u00e4kt i subfuse och primatex. Matchande h\u00e5rsnodd medf\u00f6ljer. Gk donerar av dr\u00e4ktens pris till Unite for HER en non-profit organisation som jobbar f\u00f6r att sprida kunskap om br\u00f6stcancer. OBS! Sm\u00e5 &#8220;noppor&#8221; kan uppst\u00e5 p\u00e5 tryckta polytek- och subfuse-tyger n\u00e4r de kommer i kontakt med kardborreband och andra vassa\/oj\u00e4mna ytor. Baksidan\/nedre delen av dr\u00e4kten \u00e4r [&hellip;]<\/p>\n","protected":false},"featured_media":37852,"template":"","meta":{"_acf_changed":false,"_relevanssi_hide_post":"","_relevanssi_hide_content":"","_relevanssi_pin_for_all":"","_relevanssi_pin_keywords":"","_relevanssi_unpin_keywords":"","_relevanssi_related_keywords":"","_relevanssi_related_include_ids":"","_relevanssi_related_exclude_ids":"","_relevanssi_related_no_append":"","_relevanssi_related_not_related":"","_relevanssi_related_posts":"","_relevanssi_noindex_reason":""},"product_brand":[],"product_cat":[1654,1655,1656,1657,1658,3848],"product_tag":[1706,1660],"manufacturers":[],"suppliers":[],"class_list":{"0":"post-38570","1":"product","2":"type-product","3":"status-publish","4":"has-post-thumbnail","6":"product_cat-marken","7":"product_cat-gk-sv","8":"product_cat-damer","9":"product_cat-gymnastikdrakter","10":"product_cat-armlosa-gymnastikdrakter","11":"product_cat-gk-in-stock-sv","12":"product_tag-bca-sv","13":"product_tag-gk-in-stock-sv","15":"first","16":"onbackorder","17":"taxable","18":"shipping-taxable","19":"purchasable","20":"product-type-variable"},"acf":[],"yoast_head":"<!-- This site is optimized with the Yoast SEO plugin v26.8 - https:\/\/yoast.com\/product\/yoast-seo-wordpress\/ -->\n<title>Gymnastikdr\u00e4kt GK BCA49 &#8212; Gymnastica<\/title>\n<meta name=\"robots\" content=\"index, follow, max-snippet:-1, max-image-preview:large, max-video-preview:-1\" \/>\n<link rel=\"canonical\" href=\"https:\/\/www.gymnastica.fi\/tuote\/voimistelupuku-gk-bca49\/\" \/>\n<meta property=\"og:locale\" content=\"sv_SE\" \/>\n<meta property=\"og:type\" content=\"article\" \/>\n<meta property=\"og:title\" content=\"Gymnastikdr\u00e4kt GK BCA49 &#8212; Gymnastica\" \/>\n<meta property=\"og:description\" content=\"\u00c4rml\u00f6s gymnastikdr\u00e4kt i subfuse och primatex. Matchande h\u00e5rsnodd medf\u00f6ljer. Gk donerar av dr\u00e4ktens pris till Unite for HER en non-profit organisation som jobbar f\u00f6r att sprida kunskap om br\u00f6stcancer. OBS! Sm\u00e5 &#8220;noppor&#8221; kan uppst\u00e5 p\u00e5 tryckta polytek- och subfuse-tyger n\u00e4r de kommer i kontakt med kardborreband och andra vassa\/oj\u00e4mna ytor. Baksidan\/nedre delen av dr\u00e4kten \u00e4r [&hellip;]\" \/>\n<meta property=\"og:url\" content=\"https:\/\/www.gymnastica.fi\/tuote\/voimistelupuku-gk-bca49\/\" \/>\n<meta property=\"og:site_name\" content=\"Gymnastica\" \/>\n<meta property=\"og:image\" content=\"https:\/\/www.gymnastica.fi\/app\/uploads\/2024\/04\/GK-BCA49.jpg\" \/>\n\t<meta property=\"og:image:width\" content=\"1120\" \/>\n\t<meta property=\"og:image:height\" content=\"1480\" \/>\n\t<meta property=\"og:image:type\" content=\"image\/jpeg\" \/>\n<meta name=\"twitter:card\" content=\"summary_large_image\" \/>\n<meta name=\"twitter:label1\" content=\"Est. reading time\" \/>\n\t<meta name=\"twitter:data1\" content=\"1 minute\" \/>\n<script type=\"application\/ld+json\" class=\"yoast-schema-graph\">{\"@context\":\"https:\/\/schema.org\",\"@graph\":[{\"@type\":\"WebPage\",\"@id\":\"https:\/\/www.gymnastica.fi\/tuote\/voimistelupuku-gk-bca49\/\",\"url\":\"https:\/\/www.gymnastica.fi\/tuote\/voimistelupuku-gk-bca49\/\",\"name\":\"Gymnastikdr\u00e4kt GK BCA49 &#8212; Gymnastica\",\"isPartOf\":{\"@id\":\"https:\/\/www.gymnastica.fi\/#website\"},\"primaryImageOfPage\":{\"@id\":\"https:\/\/www.gymnastica.fi\/tuote\/voimistelupuku-gk-bca49\/#primaryimage\"},\"image\":{\"@id\":\"https:\/\/www.gymnastica.fi\/tuote\/voimistelupuku-gk-bca49\/#primaryimage\"},\"thumbnailUrl\":\"https:\/\/www.gymnastica.fi\/app\/uploads\/2024\/04\/GK-BCA49.jpg\",\"datePublished\":\"2024-04-29T09:47:03+00:00\",\"breadcrumb\":{\"@id\":\"https:\/\/www.gymnastica.fi\/tuote\/voimistelupuku-gk-bca49\/#breadcrumb\"},\"inLanguage\":\"sv-SE\",\"potentialAction\":[{\"@type\":\"ReadAction\",\"target\":[\"https:\/\/www.gymnastica.fi\/tuote\/voimistelupuku-gk-bca49\/\"]}]},{\"@type\":\"ImageObject\",\"inLanguage\":\"sv-SE\",\"@id\":\"https:\/\/www.gymnastica.fi\/tuote\/voimistelupuku-gk-bca49\/#primaryimage\",\"url\":\"https:\/\/www.gymnastica.fi\/app\/uploads\/2024\/04\/GK-BCA49.jpg\",\"contentUrl\":\"https:\/\/www.gymnastica.fi\/app\/uploads\/2024\/04\/GK-BCA49.jpg\",\"width\":1120,\"height\":1480},{\"@type\":\"BreadcrumbList\",\"@id\":\"https:\/\/www.gymnastica.fi\/tuote\/voimistelupuku-gk-bca49\/#breadcrumb\",\"itemListElement\":[{\"@type\":\"ListItem\",\"position\":1,\"name\":\"Home\",\"item\":\"https:\/\/www.gymnastica.fi\/sv\/\"},{\"@type\":\"ListItem\",\"position\":2,\"name\":\"Butik\",\"item\":\"https:\/\/www.gymnastica.fi\/sv\/butik\/\"},{\"@type\":\"ListItem\",\"position\":3,\"name\":\"Gymnastikdr\u00e4kt GK BCA49\"}]},{\"@type\":\"WebSite\",\"@id\":\"https:\/\/www.gymnastica.fi\/#website\",\"url\":\"https:\/\/www.gymnastica.fi\/\",\"name\":\"Gymnastica\",\"description\":\"Liikunta- ja urheilutilasuunnittelun ja v\u00e4lineiden asiantuntija\",\"publisher\":{\"@id\":\"https:\/\/www.gymnastica.fi\/#organization\"},\"potentialAction\":[{\"@type\":\"SearchAction\",\"target\":{\"@type\":\"EntryPoint\",\"urlTemplate\":\"https:\/\/www.gymnastica.fi\/?s={search_term_string}\"},\"query-input\":{\"@type\":\"PropertyValueSpecification\",\"valueRequired\":true,\"valueName\":\"search_term_string\"}}],\"inLanguage\":\"sv-SE\"},{\"@type\":\"Organization\",\"@id\":\"https:\/\/www.gymnastica.fi\/#organization\",\"name\":\"Gymnastica\",\"url\":\"https:\/\/www.gymnastica.fi\/\",\"logo\":{\"@type\":\"ImageObject\",\"inLanguage\":\"sv-SE\",\"@id\":\"https:\/\/www.gymnastica.fi\/#\/schema\/logo\/image\/\",\"url\":\"https:\/\/www.gymnastica.fi\/app\/uploads\/2021\/04\/logo.svg\",\"contentUrl\":\"https:\/\/www.gymnastica.fi\/app\/uploads\/2021\/04\/logo.svg\",\"width\":246,\"height\":59,\"caption\":\"Gymnastica\"},\"image\":{\"@id\":\"https:\/\/www.gymnastica.fi\/#\/schema\/logo\/image\/\"}}]}<\/script>\n<!-- \/ Yoast SEO plugin. -->","yoast_head_json":{"title":"Gymnastikdr\u00e4kt GK BCA49 &#8212; Gymnastica","robots":{"index":"index","follow":"follow","max-snippet":"max-snippet:-1","max-image-preview":"max-image-preview:large","max-video-preview":"max-video-preview:-1"},"canonical":"https:\/\/www.gymnastica.fi\/tuote\/voimistelupuku-gk-bca49\/","og_locale":"sv_SE","og_type":"article","og_title":"Gymnastikdr\u00e4kt GK BCA49 &#8212; Gymnastica","og_description":"\u00c4rml\u00f6s gymnastikdr\u00e4kt i subfuse och primatex. Matchande h\u00e5rsnodd medf\u00f6ljer. Gk donerar av dr\u00e4ktens pris till Unite for HER en non-profit organisation som jobbar f\u00f6r att sprida kunskap om br\u00f6stcancer. OBS! Sm\u00e5 &#8220;noppor&#8221; kan uppst\u00e5 p\u00e5 tryckta polytek- och subfuse-tyger n\u00e4r de kommer i kontakt med kardborreband och andra vassa\/oj\u00e4mna ytor. Baksidan\/nedre delen av dr\u00e4kten \u00e4r [&hellip;]","og_url":"https:\/\/www.gymnastica.fi\/tuote\/voimistelupuku-gk-bca49\/","og_site_name":"Gymnastica","og_image":[{"width":1120,"height":1480,"url":"https:\/\/www.gymnastica.fi\/app\/uploads\/2024\/04\/GK-BCA49.jpg","type":"image\/jpeg"}],"twitter_card":"summary_large_image","twitter_misc":{"Est. reading time":"1 minute"},"schema":{"@context":"https:\/\/schema.org","@graph":[{"@type":"WebPage","@id":"https:\/\/www.gymnastica.fi\/tuote\/voimistelupuku-gk-bca49\/","url":"https:\/\/www.gymnastica.fi\/tuote\/voimistelupuku-gk-bca49\/","name":"Gymnastikdr\u00e4kt GK BCA49 &#8212; Gymnastica","isPartOf":{"@id":"https:\/\/www.gymnastica.fi\/#website"},"primaryImageOfPage":{"@id":"https:\/\/www.gymnastica.fi\/tuote\/voimistelupuku-gk-bca49\/#primaryimage"},"image":{"@id":"https:\/\/www.gymnastica.fi\/tuote\/voimistelupuku-gk-bca49\/#primaryimage"},"thumbnailUrl":"https:\/\/www.gymnastica.fi\/app\/uploads\/2024\/04\/GK-BCA49.jpg","datePublished":"2024-04-29T09:47:03+00:00","breadcrumb":{"@id":"https:\/\/www.gymnastica.fi\/tuote\/voimistelupuku-gk-bca49\/#breadcrumb"},"inLanguage":"sv-SE","potentialAction":[{"@type":"ReadAction","target":["https:\/\/www.gymnastica.fi\/tuote\/voimistelupuku-gk-bca49\/"]}]},{"@type":"ImageObject","inLanguage":"sv-SE","@id":"https:\/\/www.gymnastica.fi\/tuote\/voimistelupuku-gk-bca49\/#primaryimage","url":"https:\/\/www.gymnastica.fi\/app\/uploads\/2024\/04\/GK-BCA49.jpg","contentUrl":"https:\/\/www.gymnastica.fi\/app\/uploads\/2024\/04\/GK-BCA49.jpg","width":1120,"height":1480},{"@type":"BreadcrumbList","@id":"https:\/\/www.gymnastica.fi\/tuote\/voimistelupuku-gk-bca49\/#breadcrumb","itemListElement":[{"@type":"ListItem","position":1,"name":"Home","item":"https:\/\/www.gymnastica.fi\/sv\/"},{"@type":"ListItem","position":2,"name":"Butik","item":"https:\/\/www.gymnastica.fi\/sv\/butik\/"},{"@type":"ListItem","position":3,"name":"Gymnastikdr\u00e4kt GK BCA49"}]},{"@type":"WebSite","@id":"https:\/\/www.gymnastica.fi\/#website","url":"https:\/\/www.gymnastica.fi\/","name":"Gymnastica","description":"Liikunta- ja urheilutilasuunnittelun ja v\u00e4lineiden asiantuntija","publisher":{"@id":"https:\/\/www.gymnastica.fi\/#organization"},"potentialAction":[{"@type":"SearchAction","target":{"@type":"EntryPoint","urlTemplate":"https:\/\/www.gymnastica.fi\/?s={search_term_string}"},"query-input":{"@type":"PropertyValueSpecification","valueRequired":true,"valueName":"search_term_string"}}],"inLanguage":"sv-SE"},{"@type":"Organization","@id":"https:\/\/www.gymnastica.fi\/#organization","name":"Gymnastica","url":"https:\/\/www.gymnastica.fi\/","logo":{"@type":"ImageObject","inLanguage":"sv-SE","@id":"https:\/\/www.gymnastica.fi\/#\/schema\/logo\/image\/","url":"https:\/\/www.gymnastica.fi\/app\/uploads\/2021\/04\/logo.svg","contentUrl":"https:\/\/www.gymnastica.fi\/app\/uploads\/2021\/04\/logo.svg","width":246,"height":59,"caption":"Gymnastica"},"image":{"@id":"https:\/\/www.gymnastica.fi\/#\/schema\/logo\/image\/"}}]}},"_links":{"self":[{"href":"https:\/\/www.gymnastica.fi\/sv\/wp-json\/wp\/v2\/product\/38570","targetHints":{"allow":["GET"]}}],"collection":[{"href":"https:\/\/www.gymnastica.fi\/sv\/wp-json\/wp\/v2\/product"}],"about":[{"href":"https:\/\/www.gymnastica.fi\/sv\/wp-json\/wp\/v2\/types\/product"}],"wp:featuredmedia":[{"embeddable":true,"href":"https:\/\/www.gymnastica.fi\/sv\/wp-json\/wp\/v2\/media\/37852"}],"wp:attachment":[{"href":"https:\/\/www.gymnastica.fi\/sv\/wp-json\/wp\/v2\/media?parent=38570"}],"wp:term":[{"taxonomy":"product_brand","embeddable":true,"href":"https:\/\/www.gymnastica.fi\/sv\/wp-json\/wp\/v2\/product_brand?post=38570"},{"taxonomy":"product_cat","embeddable":true,"href":"https:\/\/www.gymnastica.fi\/sv\/wp-json\/wp\/v2\/product_cat?post=38570"},{"taxonomy":"product_tag","embeddable":true,"href":"https:\/\/www.gymnastica.fi\/sv\/wp-json\/wp\/v2\/product_tag?post=38570"},{"taxonomy":"manufacturers","embeddable":true,"href":"https:\/\/www.gymnastica.fi\/sv\/wp-json\/wp\/v2\/manufacturers?post=38570"},{"taxonomy":"suppliers","embeddable":true,"href":"https:\/\/www.gymnastica.fi\/sv\/wp-json\/wp\/v2\/suppliers?post=38570"}],"curies":[{"name":"wp","href":"https:\/\/api.w.org\/{rel}","templated":true}]}}