{"id":39105,"date":"2024-06-11T15:13:49","date_gmt":"2024-06-11T12:13:49","guid":{"rendered":"https:\/\/www.gymnastica.fi\/tuote\/amaya-elastiskt-stretch-latexband\/"},"modified":"2024-06-11T15:13:49","modified_gmt":"2024-06-11T12:13:49","slug":"amaya-elastiskt-stretch-latexband","status":"publish","type":"product","link":"https:\/\/www.gymnastica.fi\/sv\/tuote\/amaya-elastiskt-stretch-latexband\/","title":{"rendered":"AMAYA elastiskt stretch latexband"},"content":{"rendered":"<p>AMAYA elastiskt stretch latexband. L\u00e4tt, medium eller starkt motst\u00e5nd. F\u00e4rg bl\u00e5. Bredd 15 cm. Material latex. 25 m i en rulle.<\/p>\n<p>OBS! Produkten kan inte bytas eller returneras.<\/p>\n","protected":false},"excerpt":{"rendered":"<p>AMAYA elastiskt stretch latexband. L\u00e4tt, medium eller starkt motst\u00e5nd. F\u00e4rg bl\u00e5. Bredd 15 cm. Material latex. 25 m i en rulle. OBS! Produkten kan inte bytas eller returneras.<\/p>\n","protected":false},"featured_media":39089,"template":"","meta":{"_acf_changed":false,"_relevanssi_hide_post":"","_relevanssi_hide_content":"","_relevanssi_pin_for_all":"","_relevanssi_pin_keywords":"","_relevanssi_unpin_keywords":"","_relevanssi_related_keywords":"","_relevanssi_related_include_ids":"","_relevanssi_related_exclude_ids":"","_relevanssi_related_no_append":"","_relevanssi_related_not_related":"","_relevanssi_related_posts":"","_relevanssi_noindex_reason":""},"product_brand":[],"product_cat":[1654,1906,1709,2817],"product_tag":[],"manufacturers":[],"suppliers":[],"class_list":{"0":"post-39105","1":"product","2":"type-product","3":"status-publish","4":"has-post-thumbnail","6":"product_cat-marken","7":"product_cat-amaya-sv","8":"product_cat-ovriga-produkter","9":"product_cat-stretch-band","11":"first","12":"instock","13":"taxable","14":"shipping-taxable","15":"purchasable","16":"product-type-variable"},"acf":[],"yoast_head":"<!-- This site is optimized with the Yoast SEO plugin v26.8 - https:\/\/yoast.com\/product\/yoast-seo-wordpress\/ -->\n<title>AMAYA elastiskt stretch latexband &#8212; Gymnastica<\/title>\n<meta name=\"robots\" content=\"index, follow, max-snippet:-1, max-image-preview:large, max-video-preview:-1\" \/>\n<link rel=\"canonical\" href=\"https:\/\/www.gymnastica.fi\/sv\/tuote\/amaya-elastiskt-stretch-latexband\/\" \/>\n<meta property=\"og:locale\" content=\"sv_SE\" \/>\n<meta property=\"og:type\" content=\"article\" \/>\n<meta property=\"og:title\" content=\"AMAYA elastiskt stretch latexband &#8212; Gymnastica\" \/>\n<meta property=\"og:description\" content=\"AMAYA elastiskt stretch latexband. L\u00e4tt, medium eller starkt motst\u00e5nd. F\u00e4rg bl\u00e5. Bredd 15 cm. Material latex. 25 m i en rulle. OBS! Produkten kan inte bytas eller returneras.\" \/>\n<meta property=\"og:url\" content=\"https:\/\/www.gymnastica.fi\/sv\/tuote\/amaya-elastiskt-stretch-latexband\/\" \/>\n<meta property=\"og:site_name\" content=\"Gymnastica\" \/>\n<meta property=\"og:image\" content=\"https:\/\/www.gymnastica.fi\/app\/uploads\/2024\/06\/AM-61007500.jpg\" \/>\n\t<meta property=\"og:image:width\" content=\"697\" \/>\n\t<meta property=\"og:image:height\" content=\"500\" \/>\n\t<meta property=\"og:image:type\" content=\"image\/jpeg\" \/>\n<meta name=\"twitter:card\" content=\"summary_large_image\" \/>\n<script type=\"application\/ld+json\" class=\"yoast-schema-graph\">{\"@context\":\"https:\/\/schema.org\",\"@graph\":[{\"@type\":\"WebPage\",\"@id\":\"https:\/\/www.gymnastica.fi\/sv\/tuote\/amaya-elastiskt-stretch-latexband\/\",\"url\":\"https:\/\/www.gymnastica.fi\/sv\/tuote\/amaya-elastiskt-stretch-latexband\/\",\"name\":\"AMAYA elastiskt stretch latexband &#8212; Gymnastica\",\"isPartOf\":{\"@id\":\"https:\/\/www.gymnastica.fi\/#website\"},\"primaryImageOfPage\":{\"@id\":\"https:\/\/www.gymnastica.fi\/sv\/tuote\/amaya-elastiskt-stretch-latexband\/#primaryimage\"},\"image\":{\"@id\":\"https:\/\/www.gymnastica.fi\/sv\/tuote\/amaya-elastiskt-stretch-latexband\/#primaryimage\"},\"thumbnailUrl\":\"https:\/\/www.gymnastica.fi\/app\/uploads\/2024\/06\/AM-61007500.jpg\",\"datePublished\":\"2024-06-11T12:13:49+00:00\",\"breadcrumb\":{\"@id\":\"https:\/\/www.gymnastica.fi\/sv\/tuote\/amaya-elastiskt-stretch-latexband\/#breadcrumb\"},\"inLanguage\":\"sv-SE\",\"potentialAction\":[{\"@type\":\"ReadAction\",\"target\":[\"https:\/\/www.gymnastica.fi\/sv\/tuote\/amaya-elastiskt-stretch-latexband\/\"]}]},{\"@type\":\"ImageObject\",\"inLanguage\":\"sv-SE\",\"@id\":\"https:\/\/www.gymnastica.fi\/sv\/tuote\/amaya-elastiskt-stretch-latexband\/#primaryimage\",\"url\":\"https:\/\/www.gymnastica.fi\/app\/uploads\/2024\/06\/AM-61007500.jpg\",\"contentUrl\":\"https:\/\/www.gymnastica.fi\/app\/uploads\/2024\/06\/AM-61007500.jpg\",\"width\":697,\"height\":500},{\"@type\":\"BreadcrumbList\",\"@id\":\"https:\/\/www.gymnastica.fi\/sv\/tuote\/amaya-elastiskt-stretch-latexband\/#breadcrumb\",\"itemListElement\":[{\"@type\":\"ListItem\",\"position\":1,\"name\":\"Home\",\"item\":\"https:\/\/www.gymnastica.fi\/sv\/\"},{\"@type\":\"ListItem\",\"position\":2,\"name\":\"Butik\",\"item\":\"https:\/\/www.gymnastica.fi\/sv\/butik\/\"},{\"@type\":\"ListItem\",\"position\":3,\"name\":\"AMAYA elastiskt stretch latexband\"}]},{\"@type\":\"WebSite\",\"@id\":\"https:\/\/www.gymnastica.fi\/#website\",\"url\":\"https:\/\/www.gymnastica.fi\/\",\"name\":\"Gymnastica\",\"description\":\"Liikunta- ja urheilutilasuunnittelun ja v\u00e4lineiden asiantuntija\",\"publisher\":{\"@id\":\"https:\/\/www.gymnastica.fi\/#organization\"},\"potentialAction\":[{\"@type\":\"SearchAction\",\"target\":{\"@type\":\"EntryPoint\",\"urlTemplate\":\"https:\/\/www.gymnastica.fi\/?s={search_term_string}\"},\"query-input\":{\"@type\":\"PropertyValueSpecification\",\"valueRequired\":true,\"valueName\":\"search_term_string\"}}],\"inLanguage\":\"sv-SE\"},{\"@type\":\"Organization\",\"@id\":\"https:\/\/www.gymnastica.fi\/#organization\",\"name\":\"Gymnastica\",\"url\":\"https:\/\/www.gymnastica.fi\/\",\"logo\":{\"@type\":\"ImageObject\",\"inLanguage\":\"sv-SE\",\"@id\":\"https:\/\/www.gymnastica.fi\/#\/schema\/logo\/image\/\",\"url\":\"https:\/\/www.gymnastica.fi\/app\/uploads\/2021\/04\/logo.svg\",\"contentUrl\":\"https:\/\/www.gymnastica.fi\/app\/uploads\/2021\/04\/logo.svg\",\"width\":246,\"height\":59,\"caption\":\"Gymnastica\"},\"image\":{\"@id\":\"https:\/\/www.gymnastica.fi\/#\/schema\/logo\/image\/\"}}]}<\/script>\n<!-- \/ Yoast SEO plugin. -->","yoast_head_json":{"title":"AMAYA elastiskt stretch latexband &#8212; Gymnastica","robots":{"index":"index","follow":"follow","max-snippet":"max-snippet:-1","max-image-preview":"max-image-preview:large","max-video-preview":"max-video-preview:-1"},"canonical":"https:\/\/www.gymnastica.fi\/sv\/tuote\/amaya-elastiskt-stretch-latexband\/","og_locale":"sv_SE","og_type":"article","og_title":"AMAYA elastiskt stretch latexband &#8212; Gymnastica","og_description":"AMAYA elastiskt stretch latexband. L\u00e4tt, medium eller starkt motst\u00e5nd. F\u00e4rg bl\u00e5. Bredd 15 cm. Material latex. 25 m i en rulle. OBS! Produkten kan inte bytas eller returneras.","og_url":"https:\/\/www.gymnastica.fi\/sv\/tuote\/amaya-elastiskt-stretch-latexband\/","og_site_name":"Gymnastica","og_image":[{"width":697,"height":500,"url":"https:\/\/www.gymnastica.fi\/app\/uploads\/2024\/06\/AM-61007500.jpg","type":"image\/jpeg"}],"twitter_card":"summary_large_image","schema":{"@context":"https:\/\/schema.org","@graph":[{"@type":"WebPage","@id":"https:\/\/www.gymnastica.fi\/sv\/tuote\/amaya-elastiskt-stretch-latexband\/","url":"https:\/\/www.gymnastica.fi\/sv\/tuote\/amaya-elastiskt-stretch-latexband\/","name":"AMAYA elastiskt stretch latexband &#8212; Gymnastica","isPartOf":{"@id":"https:\/\/www.gymnastica.fi\/#website"},"primaryImageOfPage":{"@id":"https:\/\/www.gymnastica.fi\/sv\/tuote\/amaya-elastiskt-stretch-latexband\/#primaryimage"},"image":{"@id":"https:\/\/www.gymnastica.fi\/sv\/tuote\/amaya-elastiskt-stretch-latexband\/#primaryimage"},"thumbnailUrl":"https:\/\/www.gymnastica.fi\/app\/uploads\/2024\/06\/AM-61007500.jpg","datePublished":"2024-06-11T12:13:49+00:00","breadcrumb":{"@id":"https:\/\/www.gymnastica.fi\/sv\/tuote\/amaya-elastiskt-stretch-latexband\/#breadcrumb"},"inLanguage":"sv-SE","potentialAction":[{"@type":"ReadAction","target":["https:\/\/www.gymnastica.fi\/sv\/tuote\/amaya-elastiskt-stretch-latexband\/"]}]},{"@type":"ImageObject","inLanguage":"sv-SE","@id":"https:\/\/www.gymnastica.fi\/sv\/tuote\/amaya-elastiskt-stretch-latexband\/#primaryimage","url":"https:\/\/www.gymnastica.fi\/app\/uploads\/2024\/06\/AM-61007500.jpg","contentUrl":"https:\/\/www.gymnastica.fi\/app\/uploads\/2024\/06\/AM-61007500.jpg","width":697,"height":500},{"@type":"BreadcrumbList","@id":"https:\/\/www.gymnastica.fi\/sv\/tuote\/amaya-elastiskt-stretch-latexband\/#breadcrumb","itemListElement":[{"@type":"ListItem","position":1,"name":"Home","item":"https:\/\/www.gymnastica.fi\/sv\/"},{"@type":"ListItem","position":2,"name":"Butik","item":"https:\/\/www.gymnastica.fi\/sv\/butik\/"},{"@type":"ListItem","position":3,"name":"AMAYA elastiskt stretch latexband"}]},{"@type":"WebSite","@id":"https:\/\/www.gymnastica.fi\/#website","url":"https:\/\/www.gymnastica.fi\/","name":"Gymnastica","description":"Liikunta- ja urheilutilasuunnittelun ja v\u00e4lineiden asiantuntija","publisher":{"@id":"https:\/\/www.gymnastica.fi\/#organization"},"potentialAction":[{"@type":"SearchAction","target":{"@type":"EntryPoint","urlTemplate":"https:\/\/www.gymnastica.fi\/?s={search_term_string}"},"query-input":{"@type":"PropertyValueSpecification","valueRequired":true,"valueName":"search_term_string"}}],"inLanguage":"sv-SE"},{"@type":"Organization","@id":"https:\/\/www.gymnastica.fi\/#organization","name":"Gymnastica","url":"https:\/\/www.gymnastica.fi\/","logo":{"@type":"ImageObject","inLanguage":"sv-SE","@id":"https:\/\/www.gymnastica.fi\/#\/schema\/logo\/image\/","url":"https:\/\/www.gymnastica.fi\/app\/uploads\/2021\/04\/logo.svg","contentUrl":"https:\/\/www.gymnastica.fi\/app\/uploads\/2021\/04\/logo.svg","width":246,"height":59,"caption":"Gymnastica"},"image":{"@id":"https:\/\/www.gymnastica.fi\/#\/schema\/logo\/image\/"}}]}},"_links":{"self":[{"href":"https:\/\/www.gymnastica.fi\/sv\/wp-json\/wp\/v2\/product\/39105","targetHints":{"allow":["GET"]}}],"collection":[{"href":"https:\/\/www.gymnastica.fi\/sv\/wp-json\/wp\/v2\/product"}],"about":[{"href":"https:\/\/www.gymnastica.fi\/sv\/wp-json\/wp\/v2\/types\/product"}],"wp:featuredmedia":[{"embeddable":true,"href":"https:\/\/www.gymnastica.fi\/sv\/wp-json\/wp\/v2\/media\/39089"}],"wp:attachment":[{"href":"https:\/\/www.gymnastica.fi\/sv\/wp-json\/wp\/v2\/media?parent=39105"}],"wp:term":[{"taxonomy":"product_brand","embeddable":true,"href":"https:\/\/www.gymnastica.fi\/sv\/wp-json\/wp\/v2\/product_brand?post=39105"},{"taxonomy":"product_cat","embeddable":true,"href":"https:\/\/www.gymnastica.fi\/sv\/wp-json\/wp\/v2\/product_cat?post=39105"},{"taxonomy":"product_tag","embeddable":true,"href":"https:\/\/www.gymnastica.fi\/sv\/wp-json\/wp\/v2\/product_tag?post=39105"},{"taxonomy":"manufacturers","embeddable":true,"href":"https:\/\/www.gymnastica.fi\/sv\/wp-json\/wp\/v2\/manufacturers?post=39105"},{"taxonomy":"suppliers","embeddable":true,"href":"https:\/\/www.gymnastica.fi\/sv\/wp-json\/wp\/v2\/suppliers?post=39105"}],"curies":[{"name":"wp","href":"https:\/\/api.w.org\/{rel}","templated":true}]}}