{"id":39113,"date":"2024-06-11T15:32:07","date_gmt":"2024-06-11T12:32:07","guid":{"rendered":"https:\/\/www.gymnastica.fi\/tuote\/gymnova-chalk-cream-magnesiumkram\/"},"modified":"2024-06-11T15:32:07","modified_gmt":"2024-06-11T12:32:07","slug":"gymnova-chalk-cream-magnesiumkram","status":"publish","type":"product","link":"https:\/\/www.gymnastica.fi\/sv\/tuote\/gymnova-chalk-cream-magnesiumkram\/","title":{"rendered":"Gymnova Chalk Cream magnesiumkr\u00e4m"},"content":{"rendered":"<p>Gymnova magnesiumkr\u00e4m anv\u00e4nds p\u00e5 h\u00e4nderna och f\u00f6tterna f\u00f6r b\u00e4ttre grepp.\u00a01 st 250 ml flaska.<\/p>\n<p>Magnesiumkr\u00e4men\u00a0har samma f\u00f6rdelar som magnesiumblock och magnesiumpulver, utm\u00e4rkt grepp, men utan att magnesiumdammpartiklarna sprids i gymnastiklokalen.<\/p>\n<p>Cream Chalk har por\u00f6s struktur och ger optimal t\u00e4ckning och ypperligt grepp med bara en liten m\u00e4ngd kr\u00e4m. N\u00e4r alkoholen f\u00f6r\u00e5ngas f\u00f6r\u00e4ndrar kr\u00e4mens struktur p\u00e5 n\u00e5gra sekunder vilket ger k\u00e4nslan av en standard magnesiumblock eller pulver.<\/p>\n<p>Tillverkad i Frankrike med 99,8% ren alkohol. Denna magnesiumkr\u00e4m har samma egenskaper som hydroalkoholiserande geler, vilket hj\u00e4lper till att f\u00f6rhindra spridning av COVID-19.<\/p>\n<p>Anv\u00e4ndning: F\u00f6r att blanda magnesiumkr\u00e4men rekommenderar vi att du skakar flaskan v\u00e4l f\u00f6re anv\u00e4ndning.<br \/>\nTills\u00e4tt inte vatten eller andra \u00e4mnen eftersom det kommer att p\u00e5verka greppet.<\/p>\n<p>Chalk Cream \u00e4r parfymfri, f\u00f6rpackad i v\u00e4xtbaserad 250 ml\u00a0flaska (100% HDPE).<\/p>\n","protected":false},"excerpt":{"rendered":"<p>Gymnova magnesiumkr\u00e4m anv\u00e4nds p\u00e5 h\u00e4nderna och f\u00f6tterna f\u00f6r b\u00e4ttre grepp.\u00a01 st 250 ml flaska. Magnesiumkr\u00e4men\u00a0har samma f\u00f6rdelar som magnesiumblock och magnesiumpulver, utm\u00e4rkt grepp, men utan att magnesiumdammpartiklarna sprids i gymnastiklokalen. Cream Chalk har por\u00f6s struktur och ger optimal t\u00e4ckning och ypperligt grepp med bara en liten m\u00e4ngd kr\u00e4m. N\u00e4r alkoholen f\u00f6r\u00e5ngas f\u00f6r\u00e4ndrar kr\u00e4mens struktur p\u00e5 [&hellip;]<\/p>\n","protected":false},"featured_media":959,"template":"","meta":{"_acf_changed":false,"_relevanssi_hide_post":"","_relevanssi_hide_content":"","_relevanssi_pin_for_all":"","_relevanssi_pin_keywords":"","_relevanssi_unpin_keywords":"","_relevanssi_related_keywords":"","_relevanssi_related_include_ids":"","_relevanssi_related_exclude_ids":"","_relevanssi_related_no_append":"","_relevanssi_related_not_related":"","_relevanssi_related_posts":"","_relevanssi_noindex_reason":""},"product_brand":[],"product_cat":[1654,2648,1709,3692],"product_tag":[],"manufacturers":[],"suppliers":[],"class_list":{"0":"post-39113","1":"product","2":"type-product","3":"status-publish","4":"has-post-thumbnail","6":"product_cat-marken","7":"product_cat-gymnova-sv","8":"product_cat-ovriga-produkter","9":"product_cat-sport-magnesium-ovriga-produkter","11":"first","12":"instock","13":"taxable","14":"shipping-taxable","15":"purchasable","16":"product-type-variable"},"acf":[],"yoast_head":"<!-- This site is optimized with the Yoast SEO plugin v26.8 - https:\/\/yoast.com\/product\/yoast-seo-wordpress\/ -->\n<title>Gymnova Chalk Cream magnesiumkr\u00e4m &#8212; Gymnastica<\/title>\n<meta name=\"robots\" content=\"index, follow, max-snippet:-1, max-image-preview:large, max-video-preview:-1\" \/>\n<link rel=\"canonical\" href=\"https:\/\/www.gymnastica.fi\/sv\/tuote\/gymnova-chalk-cream-magnesiumkram\/\" \/>\n<meta property=\"og:locale\" content=\"sv_SE\" \/>\n<meta property=\"og:type\" content=\"article\" \/>\n<meta property=\"og:title\" content=\"Gymnova Chalk Cream magnesiumkr\u00e4m &#8212; Gymnastica\" \/>\n<meta property=\"og:description\" content=\"Gymnova magnesiumkr\u00e4m anv\u00e4nds p\u00e5 h\u00e4nderna och f\u00f6tterna f\u00f6r b\u00e4ttre grepp.\u00a01 st 250 ml flaska. Magnesiumkr\u00e4men\u00a0har samma f\u00f6rdelar som magnesiumblock och magnesiumpulver, utm\u00e4rkt grepp, men utan att magnesiumdammpartiklarna sprids i gymnastiklokalen. Cream Chalk har por\u00f6s struktur och ger optimal t\u00e4ckning och ypperligt grepp med bara en liten m\u00e4ngd kr\u00e4m. N\u00e4r alkoholen f\u00f6r\u00e5ngas f\u00f6r\u00e4ndrar kr\u00e4mens struktur p\u00e5 [&hellip;]\" \/>\n<meta property=\"og:url\" content=\"https:\/\/www.gymnastica.fi\/sv\/tuote\/gymnova-chalk-cream-magnesiumkram\/\" \/>\n<meta property=\"og:site_name\" content=\"Gymnastica\" \/>\n<meta property=\"og:image\" content=\"https:\/\/www.gymnastica.fi\/app\/uploads\/2021\/05\/GY-2852.jpg\" \/>\n\t<meta property=\"og:image:width\" content=\"346\" \/>\n\t<meta property=\"og:image:height\" content=\"490\" \/>\n\t<meta property=\"og:image:type\" content=\"image\/jpeg\" \/>\n<meta name=\"twitter:card\" content=\"summary_large_image\" \/>\n<meta name=\"twitter:label1\" content=\"Est. reading time\" \/>\n\t<meta name=\"twitter:data1\" content=\"1 minute\" \/>\n<script type=\"application\/ld+json\" class=\"yoast-schema-graph\">{\"@context\":\"https:\/\/schema.org\",\"@graph\":[{\"@type\":\"WebPage\",\"@id\":\"https:\/\/www.gymnastica.fi\/sv\/tuote\/gymnova-chalk-cream-magnesiumkram\/\",\"url\":\"https:\/\/www.gymnastica.fi\/sv\/tuote\/gymnova-chalk-cream-magnesiumkram\/\",\"name\":\"Gymnova Chalk Cream magnesiumkr\u00e4m &#8212; Gymnastica\",\"isPartOf\":{\"@id\":\"https:\/\/www.gymnastica.fi\/#website\"},\"primaryImageOfPage\":{\"@id\":\"https:\/\/www.gymnastica.fi\/sv\/tuote\/gymnova-chalk-cream-magnesiumkram\/#primaryimage\"},\"image\":{\"@id\":\"https:\/\/www.gymnastica.fi\/sv\/tuote\/gymnova-chalk-cream-magnesiumkram\/#primaryimage\"},\"thumbnailUrl\":\"https:\/\/www.gymnastica.fi\/app\/uploads\/2021\/05\/GY-2852.jpg\",\"datePublished\":\"2024-06-11T12:32:07+00:00\",\"breadcrumb\":{\"@id\":\"https:\/\/www.gymnastica.fi\/sv\/tuote\/gymnova-chalk-cream-magnesiumkram\/#breadcrumb\"},\"inLanguage\":\"sv-SE\",\"potentialAction\":[{\"@type\":\"ReadAction\",\"target\":[\"https:\/\/www.gymnastica.fi\/sv\/tuote\/gymnova-chalk-cream-magnesiumkram\/\"]}]},{\"@type\":\"ImageObject\",\"inLanguage\":\"sv-SE\",\"@id\":\"https:\/\/www.gymnastica.fi\/sv\/tuote\/gymnova-chalk-cream-magnesiumkram\/#primaryimage\",\"url\":\"https:\/\/www.gymnastica.fi\/app\/uploads\/2021\/05\/GY-2852.jpg\",\"contentUrl\":\"https:\/\/www.gymnastica.fi\/app\/uploads\/2021\/05\/GY-2852.jpg\",\"width\":346,\"height\":490},{\"@type\":\"BreadcrumbList\",\"@id\":\"https:\/\/www.gymnastica.fi\/sv\/tuote\/gymnova-chalk-cream-magnesiumkram\/#breadcrumb\",\"itemListElement\":[{\"@type\":\"ListItem\",\"position\":1,\"name\":\"Home\",\"item\":\"https:\/\/www.gymnastica.fi\/sv\/\"},{\"@type\":\"ListItem\",\"position\":2,\"name\":\"Butik\",\"item\":\"https:\/\/www.gymnastica.fi\/sv\/butik\/\"},{\"@type\":\"ListItem\",\"position\":3,\"name\":\"Gymnova Chalk Cream magnesiumkr\u00e4m\"}]},{\"@type\":\"WebSite\",\"@id\":\"https:\/\/www.gymnastica.fi\/#website\",\"url\":\"https:\/\/www.gymnastica.fi\/\",\"name\":\"Gymnastica\",\"description\":\"Liikunta- ja urheilutilasuunnittelun ja v\u00e4lineiden asiantuntija\",\"publisher\":{\"@id\":\"https:\/\/www.gymnastica.fi\/#organization\"},\"potentialAction\":[{\"@type\":\"SearchAction\",\"target\":{\"@type\":\"EntryPoint\",\"urlTemplate\":\"https:\/\/www.gymnastica.fi\/?s={search_term_string}\"},\"query-input\":{\"@type\":\"PropertyValueSpecification\",\"valueRequired\":true,\"valueName\":\"search_term_string\"}}],\"inLanguage\":\"sv-SE\"},{\"@type\":\"Organization\",\"@id\":\"https:\/\/www.gymnastica.fi\/#organization\",\"name\":\"Gymnastica\",\"url\":\"https:\/\/www.gymnastica.fi\/\",\"logo\":{\"@type\":\"ImageObject\",\"inLanguage\":\"sv-SE\",\"@id\":\"https:\/\/www.gymnastica.fi\/#\/schema\/logo\/image\/\",\"url\":\"https:\/\/www.gymnastica.fi\/app\/uploads\/2021\/04\/logo.svg\",\"contentUrl\":\"https:\/\/www.gymnastica.fi\/app\/uploads\/2021\/04\/logo.svg\",\"width\":246,\"height\":59,\"caption\":\"Gymnastica\"},\"image\":{\"@id\":\"https:\/\/www.gymnastica.fi\/#\/schema\/logo\/image\/\"}}]}<\/script>\n<!-- \/ Yoast SEO plugin. -->","yoast_head_json":{"title":"Gymnova Chalk Cream magnesiumkr\u00e4m &#8212; Gymnastica","robots":{"index":"index","follow":"follow","max-snippet":"max-snippet:-1","max-image-preview":"max-image-preview:large","max-video-preview":"max-video-preview:-1"},"canonical":"https:\/\/www.gymnastica.fi\/sv\/tuote\/gymnova-chalk-cream-magnesiumkram\/","og_locale":"sv_SE","og_type":"article","og_title":"Gymnova Chalk Cream magnesiumkr\u00e4m &#8212; Gymnastica","og_description":"Gymnova magnesiumkr\u00e4m anv\u00e4nds p\u00e5 h\u00e4nderna och f\u00f6tterna f\u00f6r b\u00e4ttre grepp.\u00a01 st 250 ml flaska. Magnesiumkr\u00e4men\u00a0har samma f\u00f6rdelar som magnesiumblock och magnesiumpulver, utm\u00e4rkt grepp, men utan att magnesiumdammpartiklarna sprids i gymnastiklokalen. Cream Chalk har por\u00f6s struktur och ger optimal t\u00e4ckning och ypperligt grepp med bara en liten m\u00e4ngd kr\u00e4m. N\u00e4r alkoholen f\u00f6r\u00e5ngas f\u00f6r\u00e4ndrar kr\u00e4mens struktur p\u00e5 [&hellip;]","og_url":"https:\/\/www.gymnastica.fi\/sv\/tuote\/gymnova-chalk-cream-magnesiumkram\/","og_site_name":"Gymnastica","og_image":[{"width":346,"height":490,"url":"https:\/\/www.gymnastica.fi\/app\/uploads\/2021\/05\/GY-2852.jpg","type":"image\/jpeg"}],"twitter_card":"summary_large_image","twitter_misc":{"Est. reading time":"1 minute"},"schema":{"@context":"https:\/\/schema.org","@graph":[{"@type":"WebPage","@id":"https:\/\/www.gymnastica.fi\/sv\/tuote\/gymnova-chalk-cream-magnesiumkram\/","url":"https:\/\/www.gymnastica.fi\/sv\/tuote\/gymnova-chalk-cream-magnesiumkram\/","name":"Gymnova Chalk Cream magnesiumkr\u00e4m &#8212; Gymnastica","isPartOf":{"@id":"https:\/\/www.gymnastica.fi\/#website"},"primaryImageOfPage":{"@id":"https:\/\/www.gymnastica.fi\/sv\/tuote\/gymnova-chalk-cream-magnesiumkram\/#primaryimage"},"image":{"@id":"https:\/\/www.gymnastica.fi\/sv\/tuote\/gymnova-chalk-cream-magnesiumkram\/#primaryimage"},"thumbnailUrl":"https:\/\/www.gymnastica.fi\/app\/uploads\/2021\/05\/GY-2852.jpg","datePublished":"2024-06-11T12:32:07+00:00","breadcrumb":{"@id":"https:\/\/www.gymnastica.fi\/sv\/tuote\/gymnova-chalk-cream-magnesiumkram\/#breadcrumb"},"inLanguage":"sv-SE","potentialAction":[{"@type":"ReadAction","target":["https:\/\/www.gymnastica.fi\/sv\/tuote\/gymnova-chalk-cream-magnesiumkram\/"]}]},{"@type":"ImageObject","inLanguage":"sv-SE","@id":"https:\/\/www.gymnastica.fi\/sv\/tuote\/gymnova-chalk-cream-magnesiumkram\/#primaryimage","url":"https:\/\/www.gymnastica.fi\/app\/uploads\/2021\/05\/GY-2852.jpg","contentUrl":"https:\/\/www.gymnastica.fi\/app\/uploads\/2021\/05\/GY-2852.jpg","width":346,"height":490},{"@type":"BreadcrumbList","@id":"https:\/\/www.gymnastica.fi\/sv\/tuote\/gymnova-chalk-cream-magnesiumkram\/#breadcrumb","itemListElement":[{"@type":"ListItem","position":1,"name":"Home","item":"https:\/\/www.gymnastica.fi\/sv\/"},{"@type":"ListItem","position":2,"name":"Butik","item":"https:\/\/www.gymnastica.fi\/sv\/butik\/"},{"@type":"ListItem","position":3,"name":"Gymnova Chalk Cream magnesiumkr\u00e4m"}]},{"@type":"WebSite","@id":"https:\/\/www.gymnastica.fi\/#website","url":"https:\/\/www.gymnastica.fi\/","name":"Gymnastica","description":"Liikunta- ja urheilutilasuunnittelun ja v\u00e4lineiden asiantuntija","publisher":{"@id":"https:\/\/www.gymnastica.fi\/#organization"},"potentialAction":[{"@type":"SearchAction","target":{"@type":"EntryPoint","urlTemplate":"https:\/\/www.gymnastica.fi\/?s={search_term_string}"},"query-input":{"@type":"PropertyValueSpecification","valueRequired":true,"valueName":"search_term_string"}}],"inLanguage":"sv-SE"},{"@type":"Organization","@id":"https:\/\/www.gymnastica.fi\/#organization","name":"Gymnastica","url":"https:\/\/www.gymnastica.fi\/","logo":{"@type":"ImageObject","inLanguage":"sv-SE","@id":"https:\/\/www.gymnastica.fi\/#\/schema\/logo\/image\/","url":"https:\/\/www.gymnastica.fi\/app\/uploads\/2021\/04\/logo.svg","contentUrl":"https:\/\/www.gymnastica.fi\/app\/uploads\/2021\/04\/logo.svg","width":246,"height":59,"caption":"Gymnastica"},"image":{"@id":"https:\/\/www.gymnastica.fi\/#\/schema\/logo\/image\/"}}]}},"_links":{"self":[{"href":"https:\/\/www.gymnastica.fi\/sv\/wp-json\/wp\/v2\/product\/39113","targetHints":{"allow":["GET"]}}],"collection":[{"href":"https:\/\/www.gymnastica.fi\/sv\/wp-json\/wp\/v2\/product"}],"about":[{"href":"https:\/\/www.gymnastica.fi\/sv\/wp-json\/wp\/v2\/types\/product"}],"wp:featuredmedia":[{"embeddable":true,"href":"https:\/\/www.gymnastica.fi\/sv\/wp-json\/wp\/v2\/media\/959"}],"wp:attachment":[{"href":"https:\/\/www.gymnastica.fi\/sv\/wp-json\/wp\/v2\/media?parent=39113"}],"wp:term":[{"taxonomy":"product_brand","embeddable":true,"href":"https:\/\/www.gymnastica.fi\/sv\/wp-json\/wp\/v2\/product_brand?post=39113"},{"taxonomy":"product_cat","embeddable":true,"href":"https:\/\/www.gymnastica.fi\/sv\/wp-json\/wp\/v2\/product_cat?post=39113"},{"taxonomy":"product_tag","embeddable":true,"href":"https:\/\/www.gymnastica.fi\/sv\/wp-json\/wp\/v2\/product_tag?post=39113"},{"taxonomy":"manufacturers","embeddable":true,"href":"https:\/\/www.gymnastica.fi\/sv\/wp-json\/wp\/v2\/manufacturers?post=39113"},{"taxonomy":"suppliers","embeddable":true,"href":"https:\/\/www.gymnastica.fi\/sv\/wp-json\/wp\/v2\/suppliers?post=39113"}],"curies":[{"name":"wp","href":"https:\/\/api.w.org\/{rel}","templated":true}]}}