{"id":39511,"date":"2024-07-09T16:42:00","date_gmt":"2024-07-09T13:42:00","guid":{"rendered":"https:\/\/www.gymnastica.fi\/tuote\/patella-band-cho-pat\/"},"modified":"2024-07-09T16:42:00","modified_gmt":"2024-07-09T13:42:00","slug":"patella-band-cho-pat","status":"publish","type":"product","link":"https:\/\/www.gymnastica.fi\/sv\/tuote\/patella-band-cho-pat\/","title":{"rendered":"Patella band CHO-PAT"},"content":{"rendered":"<p>CHO-PAT 982 patella band i beige. F\u00f6r att lindra belastning av kn\u00e4leden. Designad f\u00f6r att hj\u00e4lpa mot kn\u00e4leds kondromalaci, hopparkn\u00e4 och Osgood Schlatters skada.<\/p>\n<p>S\u00e4ljs styckvis. Justerbart kardborreband. Handtv\u00e4tt.<\/p>\n<p>M\u00e4t omkretsen under kn\u00e4sk\u00e5len.<\/p>\n<p>Storleksguide:<\/p>\n<p>XS: mindre \u00e4n 25,4 cm<\/p>\n<p>S: 26,7 &#8211; 31,8 cm<\/p>\n<p>M: 31,8 &#8211; 36,9 cm<\/p>\n<p>L: 36,9 &#8211; 41,9 cm<\/p>\n","protected":false},"excerpt":{"rendered":"<p>CHO-PAT 982 patella band i beige. F\u00f6r att lindra belastning av kn\u00e4leden. Designad f\u00f6r att hj\u00e4lpa mot kn\u00e4leds kondromalaci, hopparkn\u00e4 och Osgood Schlatters skada. S\u00e4ljs styckvis. Justerbart kardborreband. Handtv\u00e4tt. M\u00e4t omkretsen under kn\u00e4sk\u00e5len. Storleksguide: XS: mindre \u00e4n 25,4 cm S: 26,7 &#8211; 31,8 cm M: 31,8 &#8211; 36,9 cm L: 36,9 &#8211; 41,9 cm<\/p>\n","protected":false},"featured_media":39306,"template":"","meta":{"_acf_changed":false,"_relevanssi_hide_post":"","_relevanssi_hide_content":"","_relevanssi_pin_for_all":"","_relevanssi_pin_keywords":"","_relevanssi_unpin_keywords":"","_relevanssi_related_keywords":"","_relevanssi_related_include_ids":"","_relevanssi_related_exclude_ids":"","_relevanssi_related_no_append":"","_relevanssi_related_not_related":"","_relevanssi_related_posts":"","_relevanssi_noindex_reason":""},"product_brand":[],"product_cat":[1678,3268,1656,2361],"product_tag":[],"manufacturers":[],"suppliers":[],"class_list":{"0":"post-39511","1":"product","2":"type-product","3":"status-publish","4":"has-post-thumbnail","6":"product_cat-herrar","7":"product_cat-halskydd","8":"product_cat-damer","9":"product_cat-hal-och-knaskydd","11":"first","12":"instock","13":"taxable","14":"shipping-taxable","15":"purchasable","16":"product-type-variable"},"acf":[],"yoast_head":"<!-- This site is optimized with the Yoast SEO plugin v26.8 - https:\/\/yoast.com\/product\/yoast-seo-wordpress\/ -->\n<title>Patella band CHO-PAT &#8212; Gymnastica<\/title>\n<meta name=\"robots\" content=\"index, follow, max-snippet:-1, max-image-preview:large, max-video-preview:-1\" \/>\n<link rel=\"canonical\" href=\"https:\/\/www.gymnastica.fi\/sv\/tuote\/patella-band-cho-pat\/\" \/>\n<meta property=\"og:locale\" content=\"sv_SE\" \/>\n<meta property=\"og:type\" content=\"article\" \/>\n<meta property=\"og:title\" content=\"Patella band CHO-PAT &#8212; Gymnastica\" \/>\n<meta property=\"og:description\" content=\"CHO-PAT 982 patella band i beige. F\u00f6r att lindra belastning av kn\u00e4leden. Designad f\u00f6r att hj\u00e4lpa mot kn\u00e4leds kondromalaci, hopparkn\u00e4 och Osgood Schlatters skada. S\u00e4ljs styckvis. Justerbart kardborreband. Handtv\u00e4tt. M\u00e4t omkretsen under kn\u00e4sk\u00e5len. Storleksguide: XS: mindre \u00e4n 25,4 cm S: 26,7 &#8211; 31,8 cm M: 31,8 &#8211; 36,9 cm L: 36,9 &#8211; 41,9 cm\" \/>\n<meta property=\"og:url\" content=\"https:\/\/www.gymnastica.fi\/sv\/tuote\/patella-band-cho-pat\/\" \/>\n<meta property=\"og:site_name\" content=\"Gymnastica\" \/>\n<meta property=\"og:image\" content=\"https:\/\/www.gymnastica.fi\/app\/uploads\/2024\/07\/Cho-Pat.jpeg\" \/>\n\t<meta property=\"og:image:width\" content=\"1000\" \/>\n\t<meta property=\"og:image:height\" content=\"1000\" \/>\n\t<meta property=\"og:image:type\" content=\"image\/jpeg\" \/>\n<meta name=\"twitter:card\" content=\"summary_large_image\" \/>\n<script type=\"application\/ld+json\" class=\"yoast-schema-graph\">{\"@context\":\"https:\/\/schema.org\",\"@graph\":[{\"@type\":\"WebPage\",\"@id\":\"https:\/\/www.gymnastica.fi\/sv\/tuote\/patella-band-cho-pat\/\",\"url\":\"https:\/\/www.gymnastica.fi\/sv\/tuote\/patella-band-cho-pat\/\",\"name\":\"Patella band CHO-PAT &#8212; Gymnastica\",\"isPartOf\":{\"@id\":\"https:\/\/www.gymnastica.fi\/#website\"},\"primaryImageOfPage\":{\"@id\":\"https:\/\/www.gymnastica.fi\/sv\/tuote\/patella-band-cho-pat\/#primaryimage\"},\"image\":{\"@id\":\"https:\/\/www.gymnastica.fi\/sv\/tuote\/patella-band-cho-pat\/#primaryimage\"},\"thumbnailUrl\":\"https:\/\/www.gymnastica.fi\/app\/uploads\/2024\/07\/Cho-Pat.jpeg\",\"datePublished\":\"2024-07-09T13:42:00+00:00\",\"breadcrumb\":{\"@id\":\"https:\/\/www.gymnastica.fi\/sv\/tuote\/patella-band-cho-pat\/#breadcrumb\"},\"inLanguage\":\"sv-SE\",\"potentialAction\":[{\"@type\":\"ReadAction\",\"target\":[\"https:\/\/www.gymnastica.fi\/sv\/tuote\/patella-band-cho-pat\/\"]}]},{\"@type\":\"ImageObject\",\"inLanguage\":\"sv-SE\",\"@id\":\"https:\/\/www.gymnastica.fi\/sv\/tuote\/patella-band-cho-pat\/#primaryimage\",\"url\":\"https:\/\/www.gymnastica.fi\/app\/uploads\/2024\/07\/Cho-Pat.jpeg\",\"contentUrl\":\"https:\/\/www.gymnastica.fi\/app\/uploads\/2024\/07\/Cho-Pat.jpeg\",\"width\":1000,\"height\":1000},{\"@type\":\"BreadcrumbList\",\"@id\":\"https:\/\/www.gymnastica.fi\/sv\/tuote\/patella-band-cho-pat\/#breadcrumb\",\"itemListElement\":[{\"@type\":\"ListItem\",\"position\":1,\"name\":\"Home\",\"item\":\"https:\/\/www.gymnastica.fi\/sv\/\"},{\"@type\":\"ListItem\",\"position\":2,\"name\":\"Butik\",\"item\":\"https:\/\/www.gymnastica.fi\/sv\/butik\/\"},{\"@type\":\"ListItem\",\"position\":3,\"name\":\"Patella band CHO-PAT\"}]},{\"@type\":\"WebSite\",\"@id\":\"https:\/\/www.gymnastica.fi\/#website\",\"url\":\"https:\/\/www.gymnastica.fi\/\",\"name\":\"Gymnastica\",\"description\":\"Liikunta- ja urheilutilasuunnittelun ja v\u00e4lineiden asiantuntija\",\"publisher\":{\"@id\":\"https:\/\/www.gymnastica.fi\/#organization\"},\"potentialAction\":[{\"@type\":\"SearchAction\",\"target\":{\"@type\":\"EntryPoint\",\"urlTemplate\":\"https:\/\/www.gymnastica.fi\/?s={search_term_string}\"},\"query-input\":{\"@type\":\"PropertyValueSpecification\",\"valueRequired\":true,\"valueName\":\"search_term_string\"}}],\"inLanguage\":\"sv-SE\"},{\"@type\":\"Organization\",\"@id\":\"https:\/\/www.gymnastica.fi\/#organization\",\"name\":\"Gymnastica\",\"url\":\"https:\/\/www.gymnastica.fi\/\",\"logo\":{\"@type\":\"ImageObject\",\"inLanguage\":\"sv-SE\",\"@id\":\"https:\/\/www.gymnastica.fi\/#\/schema\/logo\/image\/\",\"url\":\"https:\/\/www.gymnastica.fi\/app\/uploads\/2021\/04\/logo.svg\",\"contentUrl\":\"https:\/\/www.gymnastica.fi\/app\/uploads\/2021\/04\/logo.svg\",\"width\":246,\"height\":59,\"caption\":\"Gymnastica\"},\"image\":{\"@id\":\"https:\/\/www.gymnastica.fi\/#\/schema\/logo\/image\/\"}}]}<\/script>\n<!-- \/ Yoast SEO plugin. -->","yoast_head_json":{"title":"Patella band CHO-PAT &#8212; Gymnastica","robots":{"index":"index","follow":"follow","max-snippet":"max-snippet:-1","max-image-preview":"max-image-preview:large","max-video-preview":"max-video-preview:-1"},"canonical":"https:\/\/www.gymnastica.fi\/sv\/tuote\/patella-band-cho-pat\/","og_locale":"sv_SE","og_type":"article","og_title":"Patella band CHO-PAT &#8212; Gymnastica","og_description":"CHO-PAT 982 patella band i beige. F\u00f6r att lindra belastning av kn\u00e4leden. Designad f\u00f6r att hj\u00e4lpa mot kn\u00e4leds kondromalaci, hopparkn\u00e4 och Osgood Schlatters skada. S\u00e4ljs styckvis. Justerbart kardborreband. Handtv\u00e4tt. M\u00e4t omkretsen under kn\u00e4sk\u00e5len. Storleksguide: XS: mindre \u00e4n 25,4 cm S: 26,7 &#8211; 31,8 cm M: 31,8 &#8211; 36,9 cm L: 36,9 &#8211; 41,9 cm","og_url":"https:\/\/www.gymnastica.fi\/sv\/tuote\/patella-band-cho-pat\/","og_site_name":"Gymnastica","og_image":[{"width":1000,"height":1000,"url":"https:\/\/www.gymnastica.fi\/app\/uploads\/2024\/07\/Cho-Pat.jpeg","type":"image\/jpeg"}],"twitter_card":"summary_large_image","schema":{"@context":"https:\/\/schema.org","@graph":[{"@type":"WebPage","@id":"https:\/\/www.gymnastica.fi\/sv\/tuote\/patella-band-cho-pat\/","url":"https:\/\/www.gymnastica.fi\/sv\/tuote\/patella-band-cho-pat\/","name":"Patella band CHO-PAT &#8212; Gymnastica","isPartOf":{"@id":"https:\/\/www.gymnastica.fi\/#website"},"primaryImageOfPage":{"@id":"https:\/\/www.gymnastica.fi\/sv\/tuote\/patella-band-cho-pat\/#primaryimage"},"image":{"@id":"https:\/\/www.gymnastica.fi\/sv\/tuote\/patella-band-cho-pat\/#primaryimage"},"thumbnailUrl":"https:\/\/www.gymnastica.fi\/app\/uploads\/2024\/07\/Cho-Pat.jpeg","datePublished":"2024-07-09T13:42:00+00:00","breadcrumb":{"@id":"https:\/\/www.gymnastica.fi\/sv\/tuote\/patella-band-cho-pat\/#breadcrumb"},"inLanguage":"sv-SE","potentialAction":[{"@type":"ReadAction","target":["https:\/\/www.gymnastica.fi\/sv\/tuote\/patella-band-cho-pat\/"]}]},{"@type":"ImageObject","inLanguage":"sv-SE","@id":"https:\/\/www.gymnastica.fi\/sv\/tuote\/patella-band-cho-pat\/#primaryimage","url":"https:\/\/www.gymnastica.fi\/app\/uploads\/2024\/07\/Cho-Pat.jpeg","contentUrl":"https:\/\/www.gymnastica.fi\/app\/uploads\/2024\/07\/Cho-Pat.jpeg","width":1000,"height":1000},{"@type":"BreadcrumbList","@id":"https:\/\/www.gymnastica.fi\/sv\/tuote\/patella-band-cho-pat\/#breadcrumb","itemListElement":[{"@type":"ListItem","position":1,"name":"Home","item":"https:\/\/www.gymnastica.fi\/sv\/"},{"@type":"ListItem","position":2,"name":"Butik","item":"https:\/\/www.gymnastica.fi\/sv\/butik\/"},{"@type":"ListItem","position":3,"name":"Patella band CHO-PAT"}]},{"@type":"WebSite","@id":"https:\/\/www.gymnastica.fi\/#website","url":"https:\/\/www.gymnastica.fi\/","name":"Gymnastica","description":"Liikunta- ja urheilutilasuunnittelun ja v\u00e4lineiden asiantuntija","publisher":{"@id":"https:\/\/www.gymnastica.fi\/#organization"},"potentialAction":[{"@type":"SearchAction","target":{"@type":"EntryPoint","urlTemplate":"https:\/\/www.gymnastica.fi\/?s={search_term_string}"},"query-input":{"@type":"PropertyValueSpecification","valueRequired":true,"valueName":"search_term_string"}}],"inLanguage":"sv-SE"},{"@type":"Organization","@id":"https:\/\/www.gymnastica.fi\/#organization","name":"Gymnastica","url":"https:\/\/www.gymnastica.fi\/","logo":{"@type":"ImageObject","inLanguage":"sv-SE","@id":"https:\/\/www.gymnastica.fi\/#\/schema\/logo\/image\/","url":"https:\/\/www.gymnastica.fi\/app\/uploads\/2021\/04\/logo.svg","contentUrl":"https:\/\/www.gymnastica.fi\/app\/uploads\/2021\/04\/logo.svg","width":246,"height":59,"caption":"Gymnastica"},"image":{"@id":"https:\/\/www.gymnastica.fi\/#\/schema\/logo\/image\/"}}]}},"_links":{"self":[{"href":"https:\/\/www.gymnastica.fi\/sv\/wp-json\/wp\/v2\/product\/39511","targetHints":{"allow":["GET"]}}],"collection":[{"href":"https:\/\/www.gymnastica.fi\/sv\/wp-json\/wp\/v2\/product"}],"about":[{"href":"https:\/\/www.gymnastica.fi\/sv\/wp-json\/wp\/v2\/types\/product"}],"wp:featuredmedia":[{"embeddable":true,"href":"https:\/\/www.gymnastica.fi\/sv\/wp-json\/wp\/v2\/media\/39306"}],"wp:attachment":[{"href":"https:\/\/www.gymnastica.fi\/sv\/wp-json\/wp\/v2\/media?parent=39511"}],"wp:term":[{"taxonomy":"product_brand","embeddable":true,"href":"https:\/\/www.gymnastica.fi\/sv\/wp-json\/wp\/v2\/product_brand?post=39511"},{"taxonomy":"product_cat","embeddable":true,"href":"https:\/\/www.gymnastica.fi\/sv\/wp-json\/wp\/v2\/product_cat?post=39511"},{"taxonomy":"product_tag","embeddable":true,"href":"https:\/\/www.gymnastica.fi\/sv\/wp-json\/wp\/v2\/product_tag?post=39511"},{"taxonomy":"manufacturers","embeddable":true,"href":"https:\/\/www.gymnastica.fi\/sv\/wp-json\/wp\/v2\/manufacturers?post=39511"},{"taxonomy":"suppliers","embeddable":true,"href":"https:\/\/www.gymnastica.fi\/sv\/wp-json\/wp\/v2\/suppliers?post=39511"}],"curies":[{"name":"wp","href":"https:\/\/api.w.org\/{rel}","templated":true}]}}