{"id":41609,"date":"2024-12-07T11:35:37","date_gmt":"2024-12-07T09:35:37","guid":{"rendered":"https:\/\/www.gymnastica.fi\/tuote\/amaya-gymnastikmatta-traning-for-estetisk-truppgymnastik-och-rytmisk-gymnastik-victoria-3-storlekar\/"},"modified":"2025-02-19T11:23:44","modified_gmt":"2025-02-19T09:23:44","slug":"amaya-gymnastikmatta-traning-for-estetisk-truppgymnastik-och-rytmisk-gymnastik-victoria-3-storlekar","status":"publish","type":"product","link":"https:\/\/www.gymnastica.fi\/sv\/tuote\/amaya-gymnastikmatta-traning-for-estetisk-truppgymnastik-och-rytmisk-gymnastik-victoria-3-storlekar\/","title":{"rendered":"Amaya gymnastikmatta tr\u00e4ning f\u00f6r estetisk truppgymnastik och rytmisk gymnastik Victoria 3 storlekar AM-300512012"},"content":{"rendered":"<p>Amaya gymnastikmatta tr\u00e4ning f\u00f6r estetisk truppgymnastik och rytmisk gymnastik. Bredd 200 cm och l\u00e4ngd 300 cm. Tjocklek 8 mm. Material 100% polyamid. F\u00e4rg beige. Maximal kvalitet och h\u00e5llbarhet. Designad f\u00f6r kontinuerlig anv\u00e4ndning i flera \u00e5r. Med f\u00f6rst\u00e4rkningar p\u00e5 alla sidor f\u00f6r st\u00f6rre h\u00e5llbarhet. Uppfyller alla officiella krav f\u00f6r ut\u00f6vande av rytmisk gymnastik. F\u00e4rg beige. Tillverkad med tuftsystem av 100% polyamid. Vikt 1800 gr\/m2. Tr\u00e5dvikt 730 gr\/m2. Tr\u00e5dh\u00f6jd 6 mm, totalh\u00f6jd 8 mm. Densitet 190260 tr\u00e5d \/m2. Brands\u00e4ker Cfl s1. Vi rekommenderar att halkskydd anv\u00e4nds under mattan.<\/p>\n","protected":false},"excerpt":{"rendered":"<p>Amaya gymnastikmatta tr\u00e4ning f\u00f6r estetisk truppgymnastik och rytmisk gymnastik. Bredd 200 cm och l\u00e4ngd 300 cm. Tjocklek 8 mm. Material 100% polyamid. F\u00e4rg beige. Maximal kvalitet och h\u00e5llbarhet. Designad f\u00f6r kontinuerlig anv\u00e4ndning i flera \u00e5r. Med f\u00f6rst\u00e4rkningar p\u00e5 alla sidor f\u00f6r st\u00f6rre h\u00e5llbarhet. Uppfyller alla officiella krav f\u00f6r ut\u00f6vande av rytmisk gymnastik. F\u00e4rg beige. Tillverkad [&hellip;]<\/p>\n","protected":false},"featured_media":41567,"template":"","meta":{"_acf_changed":false,"_relevanssi_hide_post":"","_relevanssi_hide_content":"","_relevanssi_pin_for_all":"","_relevanssi_pin_keywords":"","_relevanssi_unpin_keywords":"","_relevanssi_related_keywords":"","_relevanssi_related_include_ids":"","_relevanssi_related_exclude_ids":"","_relevanssi_related_no_append":"","_relevanssi_related_not_related":"","_relevanssi_related_posts":"","_relevanssi_noindex_reason":""},"product_brand":[],"product_cat":[1654,1906,2541,2928],"product_tag":[],"manufacturers":[],"suppliers":[],"class_list":{"0":"post-41609","1":"product","2":"type-product","3":"status-publish","4":"has-post-thumbnail","6":"product_cat-marken","7":"product_cat-amaya-sv","8":"product_cat-rytmisk-och-estetisk-truppgymnastik","9":"product_cat-gymnastikmattor","11":"first","12":"instock","13":"taxable","14":"shipping-taxable","15":"purchasable","16":"product-type-variable"},"acf":[],"yoast_head":"<!-- This site is optimized with the Yoast SEO plugin v26.8 - https:\/\/yoast.com\/product\/yoast-seo-wordpress\/ -->\n<title>Amaya gymnastikmatta tr\u00e4ning f\u00f6r estetisk truppgymnastik och rytmisk gymnastik Victoria 3 storlekar AM-300512012 &#8212; Gymnastica<\/title>\n<meta name=\"robots\" content=\"index, follow, max-snippet:-1, max-image-preview:large, max-video-preview:-1\" \/>\n<link rel=\"canonical\" href=\"https:\/\/www.gymnastica.fi\/sv\/tuote\/amaya-gymnastikmatta-traning-for-estetisk-truppgymnastik-och-rytmisk-gymnastik-victoria-3-storlekar\/\" \/>\n<meta property=\"og:locale\" content=\"sv_SE\" \/>\n<meta property=\"og:type\" content=\"article\" \/>\n<meta property=\"og:title\" content=\"Amaya gymnastikmatta tr\u00e4ning f\u00f6r estetisk truppgymnastik och rytmisk gymnastik Victoria 3 storlekar AM-300512012 &#8212; Gymnastica\" \/>\n<meta property=\"og:description\" content=\"Amaya gymnastikmatta tr\u00e4ning f\u00f6r estetisk truppgymnastik och rytmisk gymnastik. Bredd 200 cm och l\u00e4ngd 300 cm. Tjocklek 8 mm. Material 100% polyamid. F\u00e4rg beige. Maximal kvalitet och h\u00e5llbarhet. Designad f\u00f6r kontinuerlig anv\u00e4ndning i flera \u00e5r. Med f\u00f6rst\u00e4rkningar p\u00e5 alla sidor f\u00f6r st\u00f6rre h\u00e5llbarhet. Uppfyller alla officiella krav f\u00f6r ut\u00f6vande av rytmisk gymnastik. F\u00e4rg beige. Tillverkad [&hellip;]\" \/>\n<meta property=\"og:url\" content=\"https:\/\/www.gymnastica.fi\/sv\/tuote\/amaya-gymnastikmatta-traning-for-estetisk-truppgymnastik-och-rytmisk-gymnastik-victoria-3-storlekar\/\" \/>\n<meta property=\"og:site_name\" content=\"Gymnastica\" \/>\n<meta property=\"article:modified_time\" content=\"2025-02-19T09:23:44+00:00\" \/>\n<meta property=\"og:image\" content=\"https:\/\/www.gymnastica.fi\/app\/uploads\/2024\/12\/AM-300512013.jpg\" \/>\n\t<meta property=\"og:image:width\" content=\"842\" \/>\n\t<meta property=\"og:image:height\" content=\"500\" \/>\n\t<meta property=\"og:image:type\" content=\"image\/jpeg\" \/>\n<meta name=\"twitter:card\" content=\"summary_large_image\" \/>\n<meta name=\"twitter:label1\" content=\"Est. reading time\" \/>\n\t<meta name=\"twitter:data1\" content=\"1 minute\" \/>\n<script type=\"application\/ld+json\" class=\"yoast-schema-graph\">{\"@context\":\"https:\/\/schema.org\",\"@graph\":[{\"@type\":\"WebPage\",\"@id\":\"https:\/\/www.gymnastica.fi\/sv\/tuote\/amaya-gymnastikmatta-traning-for-estetisk-truppgymnastik-och-rytmisk-gymnastik-victoria-3-storlekar\/\",\"url\":\"https:\/\/www.gymnastica.fi\/sv\/tuote\/amaya-gymnastikmatta-traning-for-estetisk-truppgymnastik-och-rytmisk-gymnastik-victoria-3-storlekar\/\",\"name\":\"Amaya gymnastikmatta tr\u00e4ning f\u00f6r estetisk truppgymnastik och rytmisk gymnastik Victoria 3 storlekar AM-300512012 &#8212; Gymnastica\",\"isPartOf\":{\"@id\":\"https:\/\/www.gymnastica.fi\/#website\"},\"primaryImageOfPage\":{\"@id\":\"https:\/\/www.gymnastica.fi\/sv\/tuote\/amaya-gymnastikmatta-traning-for-estetisk-truppgymnastik-och-rytmisk-gymnastik-victoria-3-storlekar\/#primaryimage\"},\"image\":{\"@id\":\"https:\/\/www.gymnastica.fi\/sv\/tuote\/amaya-gymnastikmatta-traning-for-estetisk-truppgymnastik-och-rytmisk-gymnastik-victoria-3-storlekar\/#primaryimage\"},\"thumbnailUrl\":\"https:\/\/www.gymnastica.fi\/app\/uploads\/2024\/12\/AM-300512013.jpg\",\"datePublished\":\"2024-12-07T09:35:37+00:00\",\"dateModified\":\"2025-02-19T09:23:44+00:00\",\"breadcrumb\":{\"@id\":\"https:\/\/www.gymnastica.fi\/sv\/tuote\/amaya-gymnastikmatta-traning-for-estetisk-truppgymnastik-och-rytmisk-gymnastik-victoria-3-storlekar\/#breadcrumb\"},\"inLanguage\":\"sv-SE\",\"potentialAction\":[{\"@type\":\"ReadAction\",\"target\":[\"https:\/\/www.gymnastica.fi\/sv\/tuote\/amaya-gymnastikmatta-traning-for-estetisk-truppgymnastik-och-rytmisk-gymnastik-victoria-3-storlekar\/\"]}]},{\"@type\":\"ImageObject\",\"inLanguage\":\"sv-SE\",\"@id\":\"https:\/\/www.gymnastica.fi\/sv\/tuote\/amaya-gymnastikmatta-traning-for-estetisk-truppgymnastik-och-rytmisk-gymnastik-victoria-3-storlekar\/#primaryimage\",\"url\":\"https:\/\/www.gymnastica.fi\/app\/uploads\/2024\/12\/AM-300512013.jpg\",\"contentUrl\":\"https:\/\/www.gymnastica.fi\/app\/uploads\/2024\/12\/AM-300512013.jpg\",\"width\":842,\"height\":500},{\"@type\":\"BreadcrumbList\",\"@id\":\"https:\/\/www.gymnastica.fi\/sv\/tuote\/amaya-gymnastikmatta-traning-for-estetisk-truppgymnastik-och-rytmisk-gymnastik-victoria-3-storlekar\/#breadcrumb\",\"itemListElement\":[{\"@type\":\"ListItem\",\"position\":1,\"name\":\"Home\",\"item\":\"https:\/\/www.gymnastica.fi\/sv\/\"},{\"@type\":\"ListItem\",\"position\":2,\"name\":\"Butik\",\"item\":\"https:\/\/www.gymnastica.fi\/sv\/butik\/\"},{\"@type\":\"ListItem\",\"position\":3,\"name\":\"Amaya gymnastikmatta tr\u00e4ning f\u00f6r estetisk truppgymnastik och rytmisk gymnastik Victoria 3 storlekar AM-300512012\"}]},{\"@type\":\"WebSite\",\"@id\":\"https:\/\/www.gymnastica.fi\/#website\",\"url\":\"https:\/\/www.gymnastica.fi\/\",\"name\":\"Gymnastica\",\"description\":\"Liikunta- ja urheilutilasuunnittelun ja v\u00e4lineiden asiantuntija\",\"publisher\":{\"@id\":\"https:\/\/www.gymnastica.fi\/#organization\"},\"potentialAction\":[{\"@type\":\"SearchAction\",\"target\":{\"@type\":\"EntryPoint\",\"urlTemplate\":\"https:\/\/www.gymnastica.fi\/?s={search_term_string}\"},\"query-input\":{\"@type\":\"PropertyValueSpecification\",\"valueRequired\":true,\"valueName\":\"search_term_string\"}}],\"inLanguage\":\"sv-SE\"},{\"@type\":\"Organization\",\"@id\":\"https:\/\/www.gymnastica.fi\/#organization\",\"name\":\"Gymnastica\",\"url\":\"https:\/\/www.gymnastica.fi\/\",\"logo\":{\"@type\":\"ImageObject\",\"inLanguage\":\"sv-SE\",\"@id\":\"https:\/\/www.gymnastica.fi\/#\/schema\/logo\/image\/\",\"url\":\"https:\/\/www.gymnastica.fi\/app\/uploads\/2021\/04\/logo.svg\",\"contentUrl\":\"https:\/\/www.gymnastica.fi\/app\/uploads\/2021\/04\/logo.svg\",\"width\":246,\"height\":59,\"caption\":\"Gymnastica\"},\"image\":{\"@id\":\"https:\/\/www.gymnastica.fi\/#\/schema\/logo\/image\/\"}}]}<\/script>\n<!-- \/ Yoast SEO plugin. -->","yoast_head_json":{"title":"Amaya gymnastikmatta tr\u00e4ning f\u00f6r estetisk truppgymnastik och rytmisk gymnastik Victoria 3 storlekar AM-300512012 &#8212; Gymnastica","robots":{"index":"index","follow":"follow","max-snippet":"max-snippet:-1","max-image-preview":"max-image-preview:large","max-video-preview":"max-video-preview:-1"},"canonical":"https:\/\/www.gymnastica.fi\/sv\/tuote\/amaya-gymnastikmatta-traning-for-estetisk-truppgymnastik-och-rytmisk-gymnastik-victoria-3-storlekar\/","og_locale":"sv_SE","og_type":"article","og_title":"Amaya gymnastikmatta tr\u00e4ning f\u00f6r estetisk truppgymnastik och rytmisk gymnastik Victoria 3 storlekar AM-300512012 &#8212; Gymnastica","og_description":"Amaya gymnastikmatta tr\u00e4ning f\u00f6r estetisk truppgymnastik och rytmisk gymnastik. Bredd 200 cm och l\u00e4ngd 300 cm. Tjocklek 8 mm. Material 100% polyamid. F\u00e4rg beige. Maximal kvalitet och h\u00e5llbarhet. Designad f\u00f6r kontinuerlig anv\u00e4ndning i flera \u00e5r. Med f\u00f6rst\u00e4rkningar p\u00e5 alla sidor f\u00f6r st\u00f6rre h\u00e5llbarhet. Uppfyller alla officiella krav f\u00f6r ut\u00f6vande av rytmisk gymnastik. F\u00e4rg beige. Tillverkad [&hellip;]","og_url":"https:\/\/www.gymnastica.fi\/sv\/tuote\/amaya-gymnastikmatta-traning-for-estetisk-truppgymnastik-och-rytmisk-gymnastik-victoria-3-storlekar\/","og_site_name":"Gymnastica","article_modified_time":"2025-02-19T09:23:44+00:00","og_image":[{"width":842,"height":500,"url":"https:\/\/www.gymnastica.fi\/app\/uploads\/2024\/12\/AM-300512013.jpg","type":"image\/jpeg"}],"twitter_card":"summary_large_image","twitter_misc":{"Est. reading time":"1 minute"},"schema":{"@context":"https:\/\/schema.org","@graph":[{"@type":"WebPage","@id":"https:\/\/www.gymnastica.fi\/sv\/tuote\/amaya-gymnastikmatta-traning-for-estetisk-truppgymnastik-och-rytmisk-gymnastik-victoria-3-storlekar\/","url":"https:\/\/www.gymnastica.fi\/sv\/tuote\/amaya-gymnastikmatta-traning-for-estetisk-truppgymnastik-och-rytmisk-gymnastik-victoria-3-storlekar\/","name":"Amaya gymnastikmatta tr\u00e4ning f\u00f6r estetisk truppgymnastik och rytmisk gymnastik Victoria 3 storlekar AM-300512012 &#8212; Gymnastica","isPartOf":{"@id":"https:\/\/www.gymnastica.fi\/#website"},"primaryImageOfPage":{"@id":"https:\/\/www.gymnastica.fi\/sv\/tuote\/amaya-gymnastikmatta-traning-for-estetisk-truppgymnastik-och-rytmisk-gymnastik-victoria-3-storlekar\/#primaryimage"},"image":{"@id":"https:\/\/www.gymnastica.fi\/sv\/tuote\/amaya-gymnastikmatta-traning-for-estetisk-truppgymnastik-och-rytmisk-gymnastik-victoria-3-storlekar\/#primaryimage"},"thumbnailUrl":"https:\/\/www.gymnastica.fi\/app\/uploads\/2024\/12\/AM-300512013.jpg","datePublished":"2024-12-07T09:35:37+00:00","dateModified":"2025-02-19T09:23:44+00:00","breadcrumb":{"@id":"https:\/\/www.gymnastica.fi\/sv\/tuote\/amaya-gymnastikmatta-traning-for-estetisk-truppgymnastik-och-rytmisk-gymnastik-victoria-3-storlekar\/#breadcrumb"},"inLanguage":"sv-SE","potentialAction":[{"@type":"ReadAction","target":["https:\/\/www.gymnastica.fi\/sv\/tuote\/amaya-gymnastikmatta-traning-for-estetisk-truppgymnastik-och-rytmisk-gymnastik-victoria-3-storlekar\/"]}]},{"@type":"ImageObject","inLanguage":"sv-SE","@id":"https:\/\/www.gymnastica.fi\/sv\/tuote\/amaya-gymnastikmatta-traning-for-estetisk-truppgymnastik-och-rytmisk-gymnastik-victoria-3-storlekar\/#primaryimage","url":"https:\/\/www.gymnastica.fi\/app\/uploads\/2024\/12\/AM-300512013.jpg","contentUrl":"https:\/\/www.gymnastica.fi\/app\/uploads\/2024\/12\/AM-300512013.jpg","width":842,"height":500},{"@type":"BreadcrumbList","@id":"https:\/\/www.gymnastica.fi\/sv\/tuote\/amaya-gymnastikmatta-traning-for-estetisk-truppgymnastik-och-rytmisk-gymnastik-victoria-3-storlekar\/#breadcrumb","itemListElement":[{"@type":"ListItem","position":1,"name":"Home","item":"https:\/\/www.gymnastica.fi\/sv\/"},{"@type":"ListItem","position":2,"name":"Butik","item":"https:\/\/www.gymnastica.fi\/sv\/butik\/"},{"@type":"ListItem","position":3,"name":"Amaya gymnastikmatta tr\u00e4ning f\u00f6r estetisk truppgymnastik och rytmisk gymnastik Victoria 3 storlekar AM-300512012"}]},{"@type":"WebSite","@id":"https:\/\/www.gymnastica.fi\/#website","url":"https:\/\/www.gymnastica.fi\/","name":"Gymnastica","description":"Liikunta- ja urheilutilasuunnittelun ja v\u00e4lineiden asiantuntija","publisher":{"@id":"https:\/\/www.gymnastica.fi\/#organization"},"potentialAction":[{"@type":"SearchAction","target":{"@type":"EntryPoint","urlTemplate":"https:\/\/www.gymnastica.fi\/?s={search_term_string}"},"query-input":{"@type":"PropertyValueSpecification","valueRequired":true,"valueName":"search_term_string"}}],"inLanguage":"sv-SE"},{"@type":"Organization","@id":"https:\/\/www.gymnastica.fi\/#organization","name":"Gymnastica","url":"https:\/\/www.gymnastica.fi\/","logo":{"@type":"ImageObject","inLanguage":"sv-SE","@id":"https:\/\/www.gymnastica.fi\/#\/schema\/logo\/image\/","url":"https:\/\/www.gymnastica.fi\/app\/uploads\/2021\/04\/logo.svg","contentUrl":"https:\/\/www.gymnastica.fi\/app\/uploads\/2021\/04\/logo.svg","width":246,"height":59,"caption":"Gymnastica"},"image":{"@id":"https:\/\/www.gymnastica.fi\/#\/schema\/logo\/image\/"}}]}},"_links":{"self":[{"href":"https:\/\/www.gymnastica.fi\/sv\/wp-json\/wp\/v2\/product\/41609","targetHints":{"allow":["GET"]}}],"collection":[{"href":"https:\/\/www.gymnastica.fi\/sv\/wp-json\/wp\/v2\/product"}],"about":[{"href":"https:\/\/www.gymnastica.fi\/sv\/wp-json\/wp\/v2\/types\/product"}],"wp:featuredmedia":[{"embeddable":true,"href":"https:\/\/www.gymnastica.fi\/sv\/wp-json\/wp\/v2\/media\/41567"}],"wp:attachment":[{"href":"https:\/\/www.gymnastica.fi\/sv\/wp-json\/wp\/v2\/media?parent=41609"}],"wp:term":[{"taxonomy":"product_brand","embeddable":true,"href":"https:\/\/www.gymnastica.fi\/sv\/wp-json\/wp\/v2\/product_brand?post=41609"},{"taxonomy":"product_cat","embeddable":true,"href":"https:\/\/www.gymnastica.fi\/sv\/wp-json\/wp\/v2\/product_cat?post=41609"},{"taxonomy":"product_tag","embeddable":true,"href":"https:\/\/www.gymnastica.fi\/sv\/wp-json\/wp\/v2\/product_tag?post=41609"},{"taxonomy":"manufacturers","embeddable":true,"href":"https:\/\/www.gymnastica.fi\/sv\/wp-json\/wp\/v2\/manufacturers?post=41609"},{"taxonomy":"suppliers","embeddable":true,"href":"https:\/\/www.gymnastica.fi\/sv\/wp-json\/wp\/v2\/suppliers?post=41609"}],"curies":[{"name":"wp","href":"https:\/\/api.w.org\/{rel}","templated":true}]}}