{"id":42829,"date":"2025-02-19T13:54:04","date_gmt":"2025-02-19T11:54:04","guid":{"rendered":"https:\/\/www.gymnastica.fi\/tuote\/eurotramp-dampningsmatta-for-trampolin-164-x-113-x-14-cm-eu-28600\/"},"modified":"2025-02-19T13:54:04","modified_gmt":"2025-02-19T11:54:04","slug":"eurotramp-dampningsmatta-for-trampolin-164-x-113-x-14-cm-eu-28600","status":"publish","type":"product","link":"https:\/\/www.gymnastica.fi\/sv\/tuote\/eurotramp-dampningsmatta-for-trampolin-164-x-113-x-14-cm-eu-28600\/","title":{"rendered":"Eurotramp d\u00e4mpningsmatta f\u00f6r trampolin 164 x 113 x 14 cm EU-28600"},"content":{"rendered":"<div class=\"tabs\">\n<div id=\"first\">\n<p>Eurotramp d\u00e4mpningsmatta f\u00f6r trampolin\u00a0164 x 113 x 14 cm. Vikt 8 kg. B\u00e4rhandtag p\u00e5 sidorna.Enligt FIG normer. Utm\u00e4rkta d\u00e4mpningsegenskaper. Vikt optimerad f\u00f6r enklare hantering. Modern design anpassad till Eurotramps produkter. Kanterna \u00e4r rundade f\u00f6r att undvika att st\u00f6ta eller fastna n\u00e4r man hanterar mattan. Ny handtagsdesign f\u00f6r ergonomisk optimering av handposition. Snabba reaktionstider tack vare direkt kraft\u00f6verf\u00f6ring av handtagen. Greppmaterial och yttertyg \u00e4r behagligt f\u00f6r huden.<\/p>\n<\/div>\n<\/div>\n","protected":false},"excerpt":{"rendered":"<p>Eurotramp d\u00e4mpningsmatta f\u00f6r trampolin\u00a0164 x 113 x 14 cm. Vikt 8 kg. B\u00e4rhandtag p\u00e5 sidorna.Enligt FIG normer. Utm\u00e4rkta d\u00e4mpningsegenskaper. Vikt optimerad f\u00f6r enklare hantering. Modern design anpassad till Eurotramps produkter. Kanterna \u00e4r rundade f\u00f6r att undvika att st\u00f6ta eller fastna n\u00e4r man hanterar mattan. Ny handtagsdesign f\u00f6r ergonomisk optimering av handposition. Snabba reaktionstider tack vare [&hellip;]<\/p>\n","protected":false},"featured_media":42803,"template":"","meta":{"_acf_changed":false,"_relevanssi_hide_post":"","_relevanssi_hide_content":"","_relevanssi_pin_for_all":"","_relevanssi_pin_keywords":"","_relevanssi_unpin_keywords":"","_relevanssi_related_keywords":"","_relevanssi_related_include_ids":"","_relevanssi_related_exclude_ids":"","_relevanssi_related_no_append":"","_relevanssi_related_not_related":"","_relevanssi_related_posts":"","_relevanssi_noindex_reason":""},"product_brand":[],"product_cat":[1654,2575,2548,2589],"product_tag":[2576],"manufacturers":[],"suppliers":[],"class_list":{"0":"post-42829","1":"product","2":"type-product","3":"status-publish","4":"has-post-thumbnail","6":"product_cat-marken","7":"product_cat-eurotramp-sv","8":"product_cat-trampolin-gymnastik","9":"product_cat-mattor-och-skydd-sv-5","10":"product_tag-eurotramp-sv","12":"first","13":"instock","14":"taxable","15":"shipping-taxable","16":"product-type-simple"},"acf":[],"yoast_head":"<!-- This site is optimized with the Yoast SEO plugin v26.8 - https:\/\/yoast.com\/product\/yoast-seo-wordpress\/ -->\n<title>Eurotramp d\u00e4mpningsmatta f\u00f6r trampolin 164 x 113 x 14 cm EU-28600 &#8212; Gymnastica<\/title>\n<meta name=\"robots\" content=\"index, follow, max-snippet:-1, max-image-preview:large, max-video-preview:-1\" \/>\n<link rel=\"canonical\" href=\"https:\/\/www.gymnastica.fi\/sv\/tuote\/eurotramp-dampningsmatta-for-trampolin-164-x-113-x-14-cm-eu-28600\/\" \/>\n<meta property=\"og:locale\" content=\"sv_SE\" \/>\n<meta property=\"og:type\" content=\"article\" \/>\n<meta property=\"og:title\" content=\"Eurotramp d\u00e4mpningsmatta f\u00f6r trampolin 164 x 113 x 14 cm EU-28600 &#8212; Gymnastica\" \/>\n<meta property=\"og:description\" content=\"Eurotramp d\u00e4mpningsmatta f\u00f6r trampolin\u00a0164 x 113 x 14 cm. Vikt 8 kg. B\u00e4rhandtag p\u00e5 sidorna.Enligt FIG normer. Utm\u00e4rkta d\u00e4mpningsegenskaper. Vikt optimerad f\u00f6r enklare hantering. Modern design anpassad till Eurotramps produkter. Kanterna \u00e4r rundade f\u00f6r att undvika att st\u00f6ta eller fastna n\u00e4r man hanterar mattan. Ny handtagsdesign f\u00f6r ergonomisk optimering av handposition. Snabba reaktionstider tack vare [&hellip;]\" \/>\n<meta property=\"og:url\" content=\"https:\/\/www.gymnastica.fi\/sv\/tuote\/eurotramp-dampningsmatta-for-trampolin-164-x-113-x-14-cm-eu-28600\/\" \/>\n<meta property=\"og:site_name\" content=\"Gymnastica\" \/>\n<meta property=\"og:image\" content=\"https:\/\/www.gymnastica.fi\/app\/uploads\/2025\/02\/1686569099.jpg\" \/>\n\t<meta property=\"og:image:width\" content=\"1089\" \/>\n\t<meta property=\"og:image:height\" content=\"500\" \/>\n\t<meta property=\"og:image:type\" content=\"image\/jpeg\" \/>\n<meta name=\"twitter:card\" content=\"summary_large_image\" \/>\n<script type=\"application\/ld+json\" class=\"yoast-schema-graph\">{\"@context\":\"https:\/\/schema.org\",\"@graph\":[{\"@type\":\"WebPage\",\"@id\":\"https:\/\/www.gymnastica.fi\/sv\/tuote\/eurotramp-dampningsmatta-for-trampolin-164-x-113-x-14-cm-eu-28600\/\",\"url\":\"https:\/\/www.gymnastica.fi\/sv\/tuote\/eurotramp-dampningsmatta-for-trampolin-164-x-113-x-14-cm-eu-28600\/\",\"name\":\"Eurotramp d\u00e4mpningsmatta f\u00f6r trampolin 164 x 113 x 14 cm EU-28600 &#8212; Gymnastica\",\"isPartOf\":{\"@id\":\"https:\/\/www.gymnastica.fi\/#website\"},\"primaryImageOfPage\":{\"@id\":\"https:\/\/www.gymnastica.fi\/sv\/tuote\/eurotramp-dampningsmatta-for-trampolin-164-x-113-x-14-cm-eu-28600\/#primaryimage\"},\"image\":{\"@id\":\"https:\/\/www.gymnastica.fi\/sv\/tuote\/eurotramp-dampningsmatta-for-trampolin-164-x-113-x-14-cm-eu-28600\/#primaryimage\"},\"thumbnailUrl\":\"https:\/\/www.gymnastica.fi\/app\/uploads\/2025\/02\/1686569099.jpg\",\"datePublished\":\"2025-02-19T11:54:04+00:00\",\"breadcrumb\":{\"@id\":\"https:\/\/www.gymnastica.fi\/sv\/tuote\/eurotramp-dampningsmatta-for-trampolin-164-x-113-x-14-cm-eu-28600\/#breadcrumb\"},\"inLanguage\":\"sv-SE\",\"potentialAction\":[{\"@type\":\"ReadAction\",\"target\":[\"https:\/\/www.gymnastica.fi\/sv\/tuote\/eurotramp-dampningsmatta-for-trampolin-164-x-113-x-14-cm-eu-28600\/\"]}]},{\"@type\":\"ImageObject\",\"inLanguage\":\"sv-SE\",\"@id\":\"https:\/\/www.gymnastica.fi\/sv\/tuote\/eurotramp-dampningsmatta-for-trampolin-164-x-113-x-14-cm-eu-28600\/#primaryimage\",\"url\":\"https:\/\/www.gymnastica.fi\/app\/uploads\/2025\/02\/1686569099.jpg\",\"contentUrl\":\"https:\/\/www.gymnastica.fi\/app\/uploads\/2025\/02\/1686569099.jpg\",\"width\":1089,\"height\":500},{\"@type\":\"BreadcrumbList\",\"@id\":\"https:\/\/www.gymnastica.fi\/sv\/tuote\/eurotramp-dampningsmatta-for-trampolin-164-x-113-x-14-cm-eu-28600\/#breadcrumb\",\"itemListElement\":[{\"@type\":\"ListItem\",\"position\":1,\"name\":\"Home\",\"item\":\"https:\/\/www.gymnastica.fi\/sv\/\"},{\"@type\":\"ListItem\",\"position\":2,\"name\":\"Butik\",\"item\":\"https:\/\/www.gymnastica.fi\/sv\/butik\/\"},{\"@type\":\"ListItem\",\"position\":3,\"name\":\"Eurotramp d\u00e4mpningsmatta f\u00f6r trampolin 164 x 113 x 14 cm EU-28600\"}]},{\"@type\":\"WebSite\",\"@id\":\"https:\/\/www.gymnastica.fi\/#website\",\"url\":\"https:\/\/www.gymnastica.fi\/\",\"name\":\"Gymnastica\",\"description\":\"Liikunta- ja urheilutilasuunnittelun ja v\u00e4lineiden asiantuntija\",\"publisher\":{\"@id\":\"https:\/\/www.gymnastica.fi\/#organization\"},\"potentialAction\":[{\"@type\":\"SearchAction\",\"target\":{\"@type\":\"EntryPoint\",\"urlTemplate\":\"https:\/\/www.gymnastica.fi\/?s={search_term_string}\"},\"query-input\":{\"@type\":\"PropertyValueSpecification\",\"valueRequired\":true,\"valueName\":\"search_term_string\"}}],\"inLanguage\":\"sv-SE\"},{\"@type\":\"Organization\",\"@id\":\"https:\/\/www.gymnastica.fi\/#organization\",\"name\":\"Gymnastica\",\"url\":\"https:\/\/www.gymnastica.fi\/\",\"logo\":{\"@type\":\"ImageObject\",\"inLanguage\":\"sv-SE\",\"@id\":\"https:\/\/www.gymnastica.fi\/#\/schema\/logo\/image\/\",\"url\":\"https:\/\/www.gymnastica.fi\/app\/uploads\/2021\/04\/logo.svg\",\"contentUrl\":\"https:\/\/www.gymnastica.fi\/app\/uploads\/2021\/04\/logo.svg\",\"width\":246,\"height\":59,\"caption\":\"Gymnastica\"},\"image\":{\"@id\":\"https:\/\/www.gymnastica.fi\/#\/schema\/logo\/image\/\"}}]}<\/script>\n<!-- \/ Yoast SEO plugin. -->","yoast_head_json":{"title":"Eurotramp d\u00e4mpningsmatta f\u00f6r trampolin 164 x 113 x 14 cm EU-28600 &#8212; Gymnastica","robots":{"index":"index","follow":"follow","max-snippet":"max-snippet:-1","max-image-preview":"max-image-preview:large","max-video-preview":"max-video-preview:-1"},"canonical":"https:\/\/www.gymnastica.fi\/sv\/tuote\/eurotramp-dampningsmatta-for-trampolin-164-x-113-x-14-cm-eu-28600\/","og_locale":"sv_SE","og_type":"article","og_title":"Eurotramp d\u00e4mpningsmatta f\u00f6r trampolin 164 x 113 x 14 cm EU-28600 &#8212; Gymnastica","og_description":"Eurotramp d\u00e4mpningsmatta f\u00f6r trampolin\u00a0164 x 113 x 14 cm. Vikt 8 kg. B\u00e4rhandtag p\u00e5 sidorna.Enligt FIG normer. Utm\u00e4rkta d\u00e4mpningsegenskaper. Vikt optimerad f\u00f6r enklare hantering. Modern design anpassad till Eurotramps produkter. Kanterna \u00e4r rundade f\u00f6r att undvika att st\u00f6ta eller fastna n\u00e4r man hanterar mattan. Ny handtagsdesign f\u00f6r ergonomisk optimering av handposition. Snabba reaktionstider tack vare [&hellip;]","og_url":"https:\/\/www.gymnastica.fi\/sv\/tuote\/eurotramp-dampningsmatta-for-trampolin-164-x-113-x-14-cm-eu-28600\/","og_site_name":"Gymnastica","og_image":[{"width":1089,"height":500,"url":"https:\/\/www.gymnastica.fi\/app\/uploads\/2025\/02\/1686569099.jpg","type":"image\/jpeg"}],"twitter_card":"summary_large_image","schema":{"@context":"https:\/\/schema.org","@graph":[{"@type":"WebPage","@id":"https:\/\/www.gymnastica.fi\/sv\/tuote\/eurotramp-dampningsmatta-for-trampolin-164-x-113-x-14-cm-eu-28600\/","url":"https:\/\/www.gymnastica.fi\/sv\/tuote\/eurotramp-dampningsmatta-for-trampolin-164-x-113-x-14-cm-eu-28600\/","name":"Eurotramp d\u00e4mpningsmatta f\u00f6r trampolin 164 x 113 x 14 cm EU-28600 &#8212; Gymnastica","isPartOf":{"@id":"https:\/\/www.gymnastica.fi\/#website"},"primaryImageOfPage":{"@id":"https:\/\/www.gymnastica.fi\/sv\/tuote\/eurotramp-dampningsmatta-for-trampolin-164-x-113-x-14-cm-eu-28600\/#primaryimage"},"image":{"@id":"https:\/\/www.gymnastica.fi\/sv\/tuote\/eurotramp-dampningsmatta-for-trampolin-164-x-113-x-14-cm-eu-28600\/#primaryimage"},"thumbnailUrl":"https:\/\/www.gymnastica.fi\/app\/uploads\/2025\/02\/1686569099.jpg","datePublished":"2025-02-19T11:54:04+00:00","breadcrumb":{"@id":"https:\/\/www.gymnastica.fi\/sv\/tuote\/eurotramp-dampningsmatta-for-trampolin-164-x-113-x-14-cm-eu-28600\/#breadcrumb"},"inLanguage":"sv-SE","potentialAction":[{"@type":"ReadAction","target":["https:\/\/www.gymnastica.fi\/sv\/tuote\/eurotramp-dampningsmatta-for-trampolin-164-x-113-x-14-cm-eu-28600\/"]}]},{"@type":"ImageObject","inLanguage":"sv-SE","@id":"https:\/\/www.gymnastica.fi\/sv\/tuote\/eurotramp-dampningsmatta-for-trampolin-164-x-113-x-14-cm-eu-28600\/#primaryimage","url":"https:\/\/www.gymnastica.fi\/app\/uploads\/2025\/02\/1686569099.jpg","contentUrl":"https:\/\/www.gymnastica.fi\/app\/uploads\/2025\/02\/1686569099.jpg","width":1089,"height":500},{"@type":"BreadcrumbList","@id":"https:\/\/www.gymnastica.fi\/sv\/tuote\/eurotramp-dampningsmatta-for-trampolin-164-x-113-x-14-cm-eu-28600\/#breadcrumb","itemListElement":[{"@type":"ListItem","position":1,"name":"Home","item":"https:\/\/www.gymnastica.fi\/sv\/"},{"@type":"ListItem","position":2,"name":"Butik","item":"https:\/\/www.gymnastica.fi\/sv\/butik\/"},{"@type":"ListItem","position":3,"name":"Eurotramp d\u00e4mpningsmatta f\u00f6r trampolin 164 x 113 x 14 cm EU-28600"}]},{"@type":"WebSite","@id":"https:\/\/www.gymnastica.fi\/#website","url":"https:\/\/www.gymnastica.fi\/","name":"Gymnastica","description":"Liikunta- ja urheilutilasuunnittelun ja v\u00e4lineiden asiantuntija","publisher":{"@id":"https:\/\/www.gymnastica.fi\/#organization"},"potentialAction":[{"@type":"SearchAction","target":{"@type":"EntryPoint","urlTemplate":"https:\/\/www.gymnastica.fi\/?s={search_term_string}"},"query-input":{"@type":"PropertyValueSpecification","valueRequired":true,"valueName":"search_term_string"}}],"inLanguage":"sv-SE"},{"@type":"Organization","@id":"https:\/\/www.gymnastica.fi\/#organization","name":"Gymnastica","url":"https:\/\/www.gymnastica.fi\/","logo":{"@type":"ImageObject","inLanguage":"sv-SE","@id":"https:\/\/www.gymnastica.fi\/#\/schema\/logo\/image\/","url":"https:\/\/www.gymnastica.fi\/app\/uploads\/2021\/04\/logo.svg","contentUrl":"https:\/\/www.gymnastica.fi\/app\/uploads\/2021\/04\/logo.svg","width":246,"height":59,"caption":"Gymnastica"},"image":{"@id":"https:\/\/www.gymnastica.fi\/#\/schema\/logo\/image\/"}}]}},"_links":{"self":[{"href":"https:\/\/www.gymnastica.fi\/sv\/wp-json\/wp\/v2\/product\/42829","targetHints":{"allow":["GET"]}}],"collection":[{"href":"https:\/\/www.gymnastica.fi\/sv\/wp-json\/wp\/v2\/product"}],"about":[{"href":"https:\/\/www.gymnastica.fi\/sv\/wp-json\/wp\/v2\/types\/product"}],"wp:featuredmedia":[{"embeddable":true,"href":"https:\/\/www.gymnastica.fi\/sv\/wp-json\/wp\/v2\/media\/42803"}],"wp:attachment":[{"href":"https:\/\/www.gymnastica.fi\/sv\/wp-json\/wp\/v2\/media?parent=42829"}],"wp:term":[{"taxonomy":"product_brand","embeddable":true,"href":"https:\/\/www.gymnastica.fi\/sv\/wp-json\/wp\/v2\/product_brand?post=42829"},{"taxonomy":"product_cat","embeddable":true,"href":"https:\/\/www.gymnastica.fi\/sv\/wp-json\/wp\/v2\/product_cat?post=42829"},{"taxonomy":"product_tag","embeddable":true,"href":"https:\/\/www.gymnastica.fi\/sv\/wp-json\/wp\/v2\/product_tag?post=42829"},{"taxonomy":"manufacturers","embeddable":true,"href":"https:\/\/www.gymnastica.fi\/sv\/wp-json\/wp\/v2\/manufacturers?post=42829"},{"taxonomy":"suppliers","embeddable":true,"href":"https:\/\/www.gymnastica.fi\/sv\/wp-json\/wp\/v2\/suppliers?post=42829"}],"curies":[{"name":"wp","href":"https:\/\/api.w.org\/{rel}","templated":true}]}}