{"id":43885,"date":"2025-05-13T13:42:31","date_gmt":"2025-05-13T10:42:31","guid":{"rendered":"https:\/\/www.gymnastica.fi\/tuote\/eurotramp-eurotramp-bungee-cable-set-eu-e35007\/"},"modified":"2025-05-13T13:42:31","modified_gmt":"2025-05-13T10:42:31","slug":"eurotramp-eurotramp-bungee-cable-set-eu-e35007","status":"publish","type":"product","link":"https:\/\/www.gymnastica.fi\/sv\/tuote\/eurotramp-eurotramp-bungee-cable-set-eu-e35007\/","title":{"rendered":"Eurotramp Eurotramp Bungee kabelset EU-E35007"},"content":{"rendered":"<p>Eurotramp Bungee-kabelset best\u00e5ende av f\u00f6ljande rep: 8&#215;20 kg, 4&#215;10 kg, 2&#215;5 kg. L\u00e4ngd p\u00e5 bungee-snoddarna 150 cm. Volterb\u00e4ltet p\u00e5 bilden ing\u00e5r inte i leveransen.<\/p>\n","protected":false},"excerpt":{"rendered":"<p>Eurotramp Bungee-kabelset best\u00e5ende av f\u00f6ljande rep: 8&#215;20 kg, 4&#215;10 kg, 2&#215;5 kg. L\u00e4ngd p\u00e5 bungee-snoddarna 150 cm. Volterb\u00e4ltet p\u00e5 bilden ing\u00e5r inte i leveransen.<\/p>\n","protected":false},"featured_media":43836,"template":"","meta":{"_acf_changed":false,"_relevanssi_hide_post":"","_relevanssi_hide_content":"","_relevanssi_pin_for_all":"","_relevanssi_pin_keywords":"","_relevanssi_unpin_keywords":"","_relevanssi_related_keywords":"","_relevanssi_related_include_ids":"","_relevanssi_related_exclude_ids":"","_relevanssi_related_no_append":"","_relevanssi_related_not_related":"","_relevanssi_related_posts":"","_relevanssi_noindex_reason":""},"product_brand":[],"product_cat":[1654,2375,1933],"product_tag":[2918],"manufacturers":[3944],"suppliers":[],"class_list":{"0":"post-43885","1":"product","2":"type-product","3":"status-publish","4":"has-post-thumbnail","6":"product_cat-marken","7":"product_cat-euro-gymnastic-equipment-sv","8":"product_cat-sporthallprodukter-2","9":"product_tag-eurotramp-bungee-sv","10":"manufacturers-eurotramp","12":"first","13":"onbackorder","14":"taxable","15":"shipping-taxable","16":"product-type-simple"},"acf":[],"yoast_head":"<!-- This site is optimized with the Yoast SEO plugin v26.8 - https:\/\/yoast.com\/product\/yoast-seo-wordpress\/ -->\n<title>Eurotramp Eurotramp Bungee kabelset EU-E35007 &#8212; Gymnastica<\/title>\n<meta name=\"robots\" content=\"index, follow, max-snippet:-1, max-image-preview:large, max-video-preview:-1\" \/>\n<link rel=\"canonical\" href=\"https:\/\/www.gymnastica.fi\/sv\/tuote\/eurotramp-eurotramp-bungee-cable-set-eu-e35007\/\" \/>\n<meta property=\"og:locale\" content=\"sv_SE\" \/>\n<meta property=\"og:type\" content=\"article\" \/>\n<meta property=\"og:title\" content=\"Eurotramp Eurotramp Bungee kabelset EU-E35007 &#8212; Gymnastica\" \/>\n<meta property=\"og:description\" content=\"Eurotramp Bungee-kabelset best\u00e5ende av f\u00f6ljande rep: 8&#215;20 kg, 4&#215;10 kg, 2&#215;5 kg. L\u00e4ngd p\u00e5 bungee-snoddarna 150 cm. Volterb\u00e4ltet p\u00e5 bilden ing\u00e5r inte i leveransen.\" \/>\n<meta property=\"og:url\" content=\"https:\/\/www.gymnastica.fi\/sv\/tuote\/eurotramp-eurotramp-bungee-cable-set-eu-e35007\/\" \/>\n<meta property=\"og:site_name\" content=\"Gymnastica\" \/>\n<meta property=\"og:image\" content=\"https:\/\/www.gymnastica.fi\/app\/uploads\/2025\/05\/EU-35007.jpg\" \/>\n\t<meta property=\"og:image:width\" content=\"332\" \/>\n\t<meta property=\"og:image:height\" content=\"270\" \/>\n\t<meta property=\"og:image:type\" content=\"image\/jpeg\" \/>\n<meta name=\"twitter:card\" content=\"summary_large_image\" \/>\n<script type=\"application\/ld+json\" class=\"yoast-schema-graph\">{\"@context\":\"https:\/\/schema.org\",\"@graph\":[{\"@type\":\"WebPage\",\"@id\":\"https:\/\/www.gymnastica.fi\/sv\/tuote\/eurotramp-eurotramp-bungee-cable-set-eu-e35007\/\",\"url\":\"https:\/\/www.gymnastica.fi\/sv\/tuote\/eurotramp-eurotramp-bungee-cable-set-eu-e35007\/\",\"name\":\"Eurotramp Eurotramp Bungee kabelset EU-E35007 &#8212; Gymnastica\",\"isPartOf\":{\"@id\":\"https:\/\/www.gymnastica.fi\/#website\"},\"primaryImageOfPage\":{\"@id\":\"https:\/\/www.gymnastica.fi\/sv\/tuote\/eurotramp-eurotramp-bungee-cable-set-eu-e35007\/#primaryimage\"},\"image\":{\"@id\":\"https:\/\/www.gymnastica.fi\/sv\/tuote\/eurotramp-eurotramp-bungee-cable-set-eu-e35007\/#primaryimage\"},\"thumbnailUrl\":\"https:\/\/www.gymnastica.fi\/app\/uploads\/2025\/05\/EU-35007.jpg\",\"datePublished\":\"2025-05-13T10:42:31+00:00\",\"breadcrumb\":{\"@id\":\"https:\/\/www.gymnastica.fi\/sv\/tuote\/eurotramp-eurotramp-bungee-cable-set-eu-e35007\/#breadcrumb\"},\"inLanguage\":\"sv-SE\",\"potentialAction\":[{\"@type\":\"ReadAction\",\"target\":[\"https:\/\/www.gymnastica.fi\/sv\/tuote\/eurotramp-eurotramp-bungee-cable-set-eu-e35007\/\"]}]},{\"@type\":\"ImageObject\",\"inLanguage\":\"sv-SE\",\"@id\":\"https:\/\/www.gymnastica.fi\/sv\/tuote\/eurotramp-eurotramp-bungee-cable-set-eu-e35007\/#primaryimage\",\"url\":\"https:\/\/www.gymnastica.fi\/app\/uploads\/2025\/05\/EU-35007.jpg\",\"contentUrl\":\"https:\/\/www.gymnastica.fi\/app\/uploads\/2025\/05\/EU-35007.jpg\",\"width\":332,\"height\":270},{\"@type\":\"BreadcrumbList\",\"@id\":\"https:\/\/www.gymnastica.fi\/sv\/tuote\/eurotramp-eurotramp-bungee-cable-set-eu-e35007\/#breadcrumb\",\"itemListElement\":[{\"@type\":\"ListItem\",\"position\":1,\"name\":\"Home\",\"item\":\"https:\/\/www.gymnastica.fi\/sv\/\"},{\"@type\":\"ListItem\",\"position\":2,\"name\":\"Butik\",\"item\":\"https:\/\/www.gymnastica.fi\/sv\/butik\/\"},{\"@type\":\"ListItem\",\"position\":3,\"name\":\"Eurotramp Eurotramp Bungee kabelset EU-E35007\"}]},{\"@type\":\"WebSite\",\"@id\":\"https:\/\/www.gymnastica.fi\/#website\",\"url\":\"https:\/\/www.gymnastica.fi\/\",\"name\":\"Gymnastica\",\"description\":\"Liikunta- ja urheilutilasuunnittelun ja v\u00e4lineiden asiantuntija\",\"publisher\":{\"@id\":\"https:\/\/www.gymnastica.fi\/#organization\"},\"potentialAction\":[{\"@type\":\"SearchAction\",\"target\":{\"@type\":\"EntryPoint\",\"urlTemplate\":\"https:\/\/www.gymnastica.fi\/?s={search_term_string}\"},\"query-input\":{\"@type\":\"PropertyValueSpecification\",\"valueRequired\":true,\"valueName\":\"search_term_string\"}}],\"inLanguage\":\"sv-SE\"},{\"@type\":\"Organization\",\"@id\":\"https:\/\/www.gymnastica.fi\/#organization\",\"name\":\"Gymnastica\",\"url\":\"https:\/\/www.gymnastica.fi\/\",\"logo\":{\"@type\":\"ImageObject\",\"inLanguage\":\"sv-SE\",\"@id\":\"https:\/\/www.gymnastica.fi\/#\/schema\/logo\/image\/\",\"url\":\"https:\/\/www.gymnastica.fi\/app\/uploads\/2021\/04\/logo.svg\",\"contentUrl\":\"https:\/\/www.gymnastica.fi\/app\/uploads\/2021\/04\/logo.svg\",\"width\":246,\"height\":59,\"caption\":\"Gymnastica\"},\"image\":{\"@id\":\"https:\/\/www.gymnastica.fi\/#\/schema\/logo\/image\/\"}}]}<\/script>\n<!-- \/ Yoast SEO plugin. -->","yoast_head_json":{"title":"Eurotramp Eurotramp Bungee kabelset EU-E35007 &#8212; Gymnastica","robots":{"index":"index","follow":"follow","max-snippet":"max-snippet:-1","max-image-preview":"max-image-preview:large","max-video-preview":"max-video-preview:-1"},"canonical":"https:\/\/www.gymnastica.fi\/sv\/tuote\/eurotramp-eurotramp-bungee-cable-set-eu-e35007\/","og_locale":"sv_SE","og_type":"article","og_title":"Eurotramp Eurotramp Bungee kabelset EU-E35007 &#8212; Gymnastica","og_description":"Eurotramp Bungee-kabelset best\u00e5ende av f\u00f6ljande rep: 8&#215;20 kg, 4&#215;10 kg, 2&#215;5 kg. L\u00e4ngd p\u00e5 bungee-snoddarna 150 cm. Volterb\u00e4ltet p\u00e5 bilden ing\u00e5r inte i leveransen.","og_url":"https:\/\/www.gymnastica.fi\/sv\/tuote\/eurotramp-eurotramp-bungee-cable-set-eu-e35007\/","og_site_name":"Gymnastica","og_image":[{"width":332,"height":270,"url":"https:\/\/www.gymnastica.fi\/app\/uploads\/2025\/05\/EU-35007.jpg","type":"image\/jpeg"}],"twitter_card":"summary_large_image","schema":{"@context":"https:\/\/schema.org","@graph":[{"@type":"WebPage","@id":"https:\/\/www.gymnastica.fi\/sv\/tuote\/eurotramp-eurotramp-bungee-cable-set-eu-e35007\/","url":"https:\/\/www.gymnastica.fi\/sv\/tuote\/eurotramp-eurotramp-bungee-cable-set-eu-e35007\/","name":"Eurotramp Eurotramp Bungee kabelset EU-E35007 &#8212; Gymnastica","isPartOf":{"@id":"https:\/\/www.gymnastica.fi\/#website"},"primaryImageOfPage":{"@id":"https:\/\/www.gymnastica.fi\/sv\/tuote\/eurotramp-eurotramp-bungee-cable-set-eu-e35007\/#primaryimage"},"image":{"@id":"https:\/\/www.gymnastica.fi\/sv\/tuote\/eurotramp-eurotramp-bungee-cable-set-eu-e35007\/#primaryimage"},"thumbnailUrl":"https:\/\/www.gymnastica.fi\/app\/uploads\/2025\/05\/EU-35007.jpg","datePublished":"2025-05-13T10:42:31+00:00","breadcrumb":{"@id":"https:\/\/www.gymnastica.fi\/sv\/tuote\/eurotramp-eurotramp-bungee-cable-set-eu-e35007\/#breadcrumb"},"inLanguage":"sv-SE","potentialAction":[{"@type":"ReadAction","target":["https:\/\/www.gymnastica.fi\/sv\/tuote\/eurotramp-eurotramp-bungee-cable-set-eu-e35007\/"]}]},{"@type":"ImageObject","inLanguage":"sv-SE","@id":"https:\/\/www.gymnastica.fi\/sv\/tuote\/eurotramp-eurotramp-bungee-cable-set-eu-e35007\/#primaryimage","url":"https:\/\/www.gymnastica.fi\/app\/uploads\/2025\/05\/EU-35007.jpg","contentUrl":"https:\/\/www.gymnastica.fi\/app\/uploads\/2025\/05\/EU-35007.jpg","width":332,"height":270},{"@type":"BreadcrumbList","@id":"https:\/\/www.gymnastica.fi\/sv\/tuote\/eurotramp-eurotramp-bungee-cable-set-eu-e35007\/#breadcrumb","itemListElement":[{"@type":"ListItem","position":1,"name":"Home","item":"https:\/\/www.gymnastica.fi\/sv\/"},{"@type":"ListItem","position":2,"name":"Butik","item":"https:\/\/www.gymnastica.fi\/sv\/butik\/"},{"@type":"ListItem","position":3,"name":"Eurotramp Eurotramp Bungee kabelset EU-E35007"}]},{"@type":"WebSite","@id":"https:\/\/www.gymnastica.fi\/#website","url":"https:\/\/www.gymnastica.fi\/","name":"Gymnastica","description":"Liikunta- ja urheilutilasuunnittelun ja v\u00e4lineiden asiantuntija","publisher":{"@id":"https:\/\/www.gymnastica.fi\/#organization"},"potentialAction":[{"@type":"SearchAction","target":{"@type":"EntryPoint","urlTemplate":"https:\/\/www.gymnastica.fi\/?s={search_term_string}"},"query-input":{"@type":"PropertyValueSpecification","valueRequired":true,"valueName":"search_term_string"}}],"inLanguage":"sv-SE"},{"@type":"Organization","@id":"https:\/\/www.gymnastica.fi\/#organization","name":"Gymnastica","url":"https:\/\/www.gymnastica.fi\/","logo":{"@type":"ImageObject","inLanguage":"sv-SE","@id":"https:\/\/www.gymnastica.fi\/#\/schema\/logo\/image\/","url":"https:\/\/www.gymnastica.fi\/app\/uploads\/2021\/04\/logo.svg","contentUrl":"https:\/\/www.gymnastica.fi\/app\/uploads\/2021\/04\/logo.svg","width":246,"height":59,"caption":"Gymnastica"},"image":{"@id":"https:\/\/www.gymnastica.fi\/#\/schema\/logo\/image\/"}}]}},"_links":{"self":[{"href":"https:\/\/www.gymnastica.fi\/sv\/wp-json\/wp\/v2\/product\/43885","targetHints":{"allow":["GET"]}}],"collection":[{"href":"https:\/\/www.gymnastica.fi\/sv\/wp-json\/wp\/v2\/product"}],"about":[{"href":"https:\/\/www.gymnastica.fi\/sv\/wp-json\/wp\/v2\/types\/product"}],"wp:featuredmedia":[{"embeddable":true,"href":"https:\/\/www.gymnastica.fi\/sv\/wp-json\/wp\/v2\/media\/43836"}],"wp:attachment":[{"href":"https:\/\/www.gymnastica.fi\/sv\/wp-json\/wp\/v2\/media?parent=43885"}],"wp:term":[{"taxonomy":"product_brand","embeddable":true,"href":"https:\/\/www.gymnastica.fi\/sv\/wp-json\/wp\/v2\/product_brand?post=43885"},{"taxonomy":"product_cat","embeddable":true,"href":"https:\/\/www.gymnastica.fi\/sv\/wp-json\/wp\/v2\/product_cat?post=43885"},{"taxonomy":"product_tag","embeddable":true,"href":"https:\/\/www.gymnastica.fi\/sv\/wp-json\/wp\/v2\/product_tag?post=43885"},{"taxonomy":"manufacturers","embeddable":true,"href":"https:\/\/www.gymnastica.fi\/sv\/wp-json\/wp\/v2\/manufacturers?post=43885"},{"taxonomy":"suppliers","embeddable":true,"href":"https:\/\/www.gymnastica.fi\/sv\/wp-json\/wp\/v2\/suppliers?post=43885"}],"curies":[{"name":"wp","href":"https:\/\/api.w.org\/{rel}","templated":true}]}}