{"id":43898,"date":"2025-05-13T12:54:29","date_gmt":"2025-05-13T09:54:29","guid":{"rendered":"https:\/\/www.gymnastica.fi\/tuote\/eurotramp-ultimate-freestyle-trampolin-med-4-x-4-mm-hoppsang-eu-43144\/"},"modified":"2025-05-13T12:54:29","modified_gmt":"2025-05-13T09:54:29","slug":"eurotramp-ultimate-freestyle-trampolin-med-4-x-4-mm-hoppsang-eu-43144","status":"publish","type":"product","link":"https:\/\/www.gymnastica.fi\/sv\/tuote\/eurotramp-ultimate-freestyle-trampolin-med-4-x-4-mm-hoppsang-eu-43144\/","title":{"rendered":"Eurotramp Ultimate Freestyle trampolin med 4 x 4 mm hopps\u00e4ng EU-43144"},"content":{"rendered":"<p>Eurotramp Ultimate Freestyle-trampolin. Starkt ram i storleken 520 x 305 x 115 cm gjort av platt-oval r\u00f6r av specialst\u00e5l, galvaniserat och belagt med svart pulverlack. Svart hoppduk 426 x 213 cm gjord av 4 x 4 mm breda nylonband. 110 st\u00e5lfj\u00e4drar 258 x 29 mm + 8 h\u00f6rnfj\u00e4drar 258 x 39 mm. Svart vikbar d\u00e4mpande och stabil ramvaddering p\u00e5 50 mm tjock.<\/p>\n","protected":false},"excerpt":{"rendered":"<p>Eurotramp Ultimate Freestyle-trampolin. Starkt ram i storleken 520 x 305 x 115 cm gjort av platt-oval r\u00f6r av specialst\u00e5l, galvaniserat och belagt med svart pulverlack. Svart hoppduk 426 x 213 cm gjord av 4 x 4 mm breda nylonband. 110 st\u00e5lfj\u00e4drar 258 x 29 mm + 8 h\u00f6rnfj\u00e4drar 258 x 39 mm. Svart vikbar d\u00e4mpande [&hellip;]<\/p>\n","protected":false},"featured_media":43795,"template":"","meta":{"_acf_changed":false,"_relevanssi_hide_post":"","_relevanssi_hide_content":"","_relevanssi_pin_for_all":"","_relevanssi_pin_keywords":"","_relevanssi_unpin_keywords":"","_relevanssi_related_keywords":"","_relevanssi_related_include_ids":"","_relevanssi_related_exclude_ids":"","_relevanssi_related_no_append":"","_relevanssi_related_not_related":"","_relevanssi_related_posts":"","_relevanssi_noindex_reason":""},"product_brand":[],"product_cat":[1654,2575,1933,2548,2595],"product_tag":[2900,2619],"manufacturers":[3944],"suppliers":[],"class_list":{"0":"post-43898","1":"product","2":"type-product","3":"status-publish","4":"has-post-thumbnail","6":"product_cat-marken","7":"product_cat-eurotramp-sv","8":"product_cat-sporthallprodukter-2","9":"product_cat-trampolin-gymnastik","10":"product_cat-stora-trampoliner","11":"product_tag-eurotramp-ultimate-sv","12":"product_tag-trampolin","13":"manufacturers-eurotramp","15":"first","16":"onbackorder","17":"taxable","18":"shipping-taxable","19":"product-type-simple"},"acf":[],"yoast_head":"<!-- This site is optimized with the Yoast SEO plugin v26.8 - https:\/\/yoast.com\/product\/yoast-seo-wordpress\/ -->\n<title>Eurotramp Ultimate Freestyle trampolin med 4 x 4 mm hopps\u00e4ng EU-43144 &#8212; Gymnastica<\/title>\n<meta name=\"robots\" content=\"index, follow, max-snippet:-1, max-image-preview:large, max-video-preview:-1\" \/>\n<link rel=\"canonical\" href=\"https:\/\/www.gymnastica.fi\/sv\/tuote\/eurotramp-ultimate-freestyle-trampolin-med-4-x-4-mm-hoppsang-eu-43144\/\" \/>\n<meta property=\"og:locale\" content=\"sv_SE\" \/>\n<meta property=\"og:type\" content=\"article\" \/>\n<meta property=\"og:title\" content=\"Eurotramp Ultimate Freestyle trampolin med 4 x 4 mm hopps\u00e4ng EU-43144 &#8212; Gymnastica\" \/>\n<meta property=\"og:description\" content=\"Eurotramp Ultimate Freestyle-trampolin. Starkt ram i storleken 520 x 305 x 115 cm gjort av platt-oval r\u00f6r av specialst\u00e5l, galvaniserat och belagt med svart pulverlack. Svart hoppduk 426 x 213 cm gjord av 4 x 4 mm breda nylonband. 110 st\u00e5lfj\u00e4drar 258 x 29 mm + 8 h\u00f6rnfj\u00e4drar 258 x 39 mm. Svart vikbar d\u00e4mpande [&hellip;]\" \/>\n<meta property=\"og:url\" content=\"https:\/\/www.gymnastica.fi\/sv\/tuote\/eurotramp-ultimate-freestyle-trampolin-med-4-x-4-mm-hoppsang-eu-43144\/\" \/>\n<meta property=\"og:site_name\" content=\"Gymnastica\" \/>\n<meta property=\"og:image\" content=\"https:\/\/www.gymnastica.fi\/app\/uploads\/2025\/05\/EU-43166-1.jpg\" \/>\n\t<meta property=\"og:image:width\" content=\"1240\" \/>\n\t<meta property=\"og:image:height\" content=\"500\" \/>\n\t<meta property=\"og:image:type\" content=\"image\/jpeg\" \/>\n<meta name=\"twitter:card\" content=\"summary_large_image\" \/>\n<script type=\"application\/ld+json\" class=\"yoast-schema-graph\">{\"@context\":\"https:\/\/schema.org\",\"@graph\":[{\"@type\":\"WebPage\",\"@id\":\"https:\/\/www.gymnastica.fi\/sv\/tuote\/eurotramp-ultimate-freestyle-trampolin-med-4-x-4-mm-hoppsang-eu-43144\/\",\"url\":\"https:\/\/www.gymnastica.fi\/sv\/tuote\/eurotramp-ultimate-freestyle-trampolin-med-4-x-4-mm-hoppsang-eu-43144\/\",\"name\":\"Eurotramp Ultimate Freestyle trampolin med 4 x 4 mm hopps\u00e4ng EU-43144 &#8212; Gymnastica\",\"isPartOf\":{\"@id\":\"https:\/\/www.gymnastica.fi\/#website\"},\"primaryImageOfPage\":{\"@id\":\"https:\/\/www.gymnastica.fi\/sv\/tuote\/eurotramp-ultimate-freestyle-trampolin-med-4-x-4-mm-hoppsang-eu-43144\/#primaryimage\"},\"image\":{\"@id\":\"https:\/\/www.gymnastica.fi\/sv\/tuote\/eurotramp-ultimate-freestyle-trampolin-med-4-x-4-mm-hoppsang-eu-43144\/#primaryimage\"},\"thumbnailUrl\":\"https:\/\/www.gymnastica.fi\/app\/uploads\/2025\/05\/EU-43166-1.jpg\",\"datePublished\":\"2025-05-13T09:54:29+00:00\",\"breadcrumb\":{\"@id\":\"https:\/\/www.gymnastica.fi\/sv\/tuote\/eurotramp-ultimate-freestyle-trampolin-med-4-x-4-mm-hoppsang-eu-43144\/#breadcrumb\"},\"inLanguage\":\"sv-SE\",\"potentialAction\":[{\"@type\":\"ReadAction\",\"target\":[\"https:\/\/www.gymnastica.fi\/sv\/tuote\/eurotramp-ultimate-freestyle-trampolin-med-4-x-4-mm-hoppsang-eu-43144\/\"]}]},{\"@type\":\"ImageObject\",\"inLanguage\":\"sv-SE\",\"@id\":\"https:\/\/www.gymnastica.fi\/sv\/tuote\/eurotramp-ultimate-freestyle-trampolin-med-4-x-4-mm-hoppsang-eu-43144\/#primaryimage\",\"url\":\"https:\/\/www.gymnastica.fi\/app\/uploads\/2025\/05\/EU-43166-1.jpg\",\"contentUrl\":\"https:\/\/www.gymnastica.fi\/app\/uploads\/2025\/05\/EU-43166-1.jpg\",\"width\":1240,\"height\":500},{\"@type\":\"BreadcrumbList\",\"@id\":\"https:\/\/www.gymnastica.fi\/sv\/tuote\/eurotramp-ultimate-freestyle-trampolin-med-4-x-4-mm-hoppsang-eu-43144\/#breadcrumb\",\"itemListElement\":[{\"@type\":\"ListItem\",\"position\":1,\"name\":\"Home\",\"item\":\"https:\/\/www.gymnastica.fi\/sv\/\"},{\"@type\":\"ListItem\",\"position\":2,\"name\":\"Butik\",\"item\":\"https:\/\/www.gymnastica.fi\/sv\/butik\/\"},{\"@type\":\"ListItem\",\"position\":3,\"name\":\"Eurotramp Ultimate Freestyle trampolin med 4 x 4 mm hopps\u00e4ng EU-43144\"}]},{\"@type\":\"WebSite\",\"@id\":\"https:\/\/www.gymnastica.fi\/#website\",\"url\":\"https:\/\/www.gymnastica.fi\/\",\"name\":\"Gymnastica\",\"description\":\"Liikunta- ja urheilutilasuunnittelun ja v\u00e4lineiden asiantuntija\",\"publisher\":{\"@id\":\"https:\/\/www.gymnastica.fi\/#organization\"},\"potentialAction\":[{\"@type\":\"SearchAction\",\"target\":{\"@type\":\"EntryPoint\",\"urlTemplate\":\"https:\/\/www.gymnastica.fi\/?s={search_term_string}\"},\"query-input\":{\"@type\":\"PropertyValueSpecification\",\"valueRequired\":true,\"valueName\":\"search_term_string\"}}],\"inLanguage\":\"sv-SE\"},{\"@type\":\"Organization\",\"@id\":\"https:\/\/www.gymnastica.fi\/#organization\",\"name\":\"Gymnastica\",\"url\":\"https:\/\/www.gymnastica.fi\/\",\"logo\":{\"@type\":\"ImageObject\",\"inLanguage\":\"sv-SE\",\"@id\":\"https:\/\/www.gymnastica.fi\/#\/schema\/logo\/image\/\",\"url\":\"https:\/\/www.gymnastica.fi\/app\/uploads\/2021\/04\/logo.svg\",\"contentUrl\":\"https:\/\/www.gymnastica.fi\/app\/uploads\/2021\/04\/logo.svg\",\"width\":246,\"height\":59,\"caption\":\"Gymnastica\"},\"image\":{\"@id\":\"https:\/\/www.gymnastica.fi\/#\/schema\/logo\/image\/\"}}]}<\/script>\n<!-- \/ Yoast SEO plugin. -->","yoast_head_json":{"title":"Eurotramp Ultimate Freestyle trampolin med 4 x 4 mm hopps\u00e4ng EU-43144 &#8212; Gymnastica","robots":{"index":"index","follow":"follow","max-snippet":"max-snippet:-1","max-image-preview":"max-image-preview:large","max-video-preview":"max-video-preview:-1"},"canonical":"https:\/\/www.gymnastica.fi\/sv\/tuote\/eurotramp-ultimate-freestyle-trampolin-med-4-x-4-mm-hoppsang-eu-43144\/","og_locale":"sv_SE","og_type":"article","og_title":"Eurotramp Ultimate Freestyle trampolin med 4 x 4 mm hopps\u00e4ng EU-43144 &#8212; Gymnastica","og_description":"Eurotramp Ultimate Freestyle-trampolin. Starkt ram i storleken 520 x 305 x 115 cm gjort av platt-oval r\u00f6r av specialst\u00e5l, galvaniserat och belagt med svart pulverlack. Svart hoppduk 426 x 213 cm gjord av 4 x 4 mm breda nylonband. 110 st\u00e5lfj\u00e4drar 258 x 29 mm + 8 h\u00f6rnfj\u00e4drar 258 x 39 mm. Svart vikbar d\u00e4mpande [&hellip;]","og_url":"https:\/\/www.gymnastica.fi\/sv\/tuote\/eurotramp-ultimate-freestyle-trampolin-med-4-x-4-mm-hoppsang-eu-43144\/","og_site_name":"Gymnastica","og_image":[{"width":1240,"height":500,"url":"https:\/\/www.gymnastica.fi\/app\/uploads\/2025\/05\/EU-43166-1.jpg","type":"image\/jpeg"}],"twitter_card":"summary_large_image","schema":{"@context":"https:\/\/schema.org","@graph":[{"@type":"WebPage","@id":"https:\/\/www.gymnastica.fi\/sv\/tuote\/eurotramp-ultimate-freestyle-trampolin-med-4-x-4-mm-hoppsang-eu-43144\/","url":"https:\/\/www.gymnastica.fi\/sv\/tuote\/eurotramp-ultimate-freestyle-trampolin-med-4-x-4-mm-hoppsang-eu-43144\/","name":"Eurotramp Ultimate Freestyle trampolin med 4 x 4 mm hopps\u00e4ng EU-43144 &#8212; Gymnastica","isPartOf":{"@id":"https:\/\/www.gymnastica.fi\/#website"},"primaryImageOfPage":{"@id":"https:\/\/www.gymnastica.fi\/sv\/tuote\/eurotramp-ultimate-freestyle-trampolin-med-4-x-4-mm-hoppsang-eu-43144\/#primaryimage"},"image":{"@id":"https:\/\/www.gymnastica.fi\/sv\/tuote\/eurotramp-ultimate-freestyle-trampolin-med-4-x-4-mm-hoppsang-eu-43144\/#primaryimage"},"thumbnailUrl":"https:\/\/www.gymnastica.fi\/app\/uploads\/2025\/05\/EU-43166-1.jpg","datePublished":"2025-05-13T09:54:29+00:00","breadcrumb":{"@id":"https:\/\/www.gymnastica.fi\/sv\/tuote\/eurotramp-ultimate-freestyle-trampolin-med-4-x-4-mm-hoppsang-eu-43144\/#breadcrumb"},"inLanguage":"sv-SE","potentialAction":[{"@type":"ReadAction","target":["https:\/\/www.gymnastica.fi\/sv\/tuote\/eurotramp-ultimate-freestyle-trampolin-med-4-x-4-mm-hoppsang-eu-43144\/"]}]},{"@type":"ImageObject","inLanguage":"sv-SE","@id":"https:\/\/www.gymnastica.fi\/sv\/tuote\/eurotramp-ultimate-freestyle-trampolin-med-4-x-4-mm-hoppsang-eu-43144\/#primaryimage","url":"https:\/\/www.gymnastica.fi\/app\/uploads\/2025\/05\/EU-43166-1.jpg","contentUrl":"https:\/\/www.gymnastica.fi\/app\/uploads\/2025\/05\/EU-43166-1.jpg","width":1240,"height":500},{"@type":"BreadcrumbList","@id":"https:\/\/www.gymnastica.fi\/sv\/tuote\/eurotramp-ultimate-freestyle-trampolin-med-4-x-4-mm-hoppsang-eu-43144\/#breadcrumb","itemListElement":[{"@type":"ListItem","position":1,"name":"Home","item":"https:\/\/www.gymnastica.fi\/sv\/"},{"@type":"ListItem","position":2,"name":"Butik","item":"https:\/\/www.gymnastica.fi\/sv\/butik\/"},{"@type":"ListItem","position":3,"name":"Eurotramp Ultimate Freestyle trampolin med 4 x 4 mm hopps\u00e4ng EU-43144"}]},{"@type":"WebSite","@id":"https:\/\/www.gymnastica.fi\/#website","url":"https:\/\/www.gymnastica.fi\/","name":"Gymnastica","description":"Liikunta- ja urheilutilasuunnittelun ja v\u00e4lineiden asiantuntija","publisher":{"@id":"https:\/\/www.gymnastica.fi\/#organization"},"potentialAction":[{"@type":"SearchAction","target":{"@type":"EntryPoint","urlTemplate":"https:\/\/www.gymnastica.fi\/?s={search_term_string}"},"query-input":{"@type":"PropertyValueSpecification","valueRequired":true,"valueName":"search_term_string"}}],"inLanguage":"sv-SE"},{"@type":"Organization","@id":"https:\/\/www.gymnastica.fi\/#organization","name":"Gymnastica","url":"https:\/\/www.gymnastica.fi\/","logo":{"@type":"ImageObject","inLanguage":"sv-SE","@id":"https:\/\/www.gymnastica.fi\/#\/schema\/logo\/image\/","url":"https:\/\/www.gymnastica.fi\/app\/uploads\/2021\/04\/logo.svg","contentUrl":"https:\/\/www.gymnastica.fi\/app\/uploads\/2021\/04\/logo.svg","width":246,"height":59,"caption":"Gymnastica"},"image":{"@id":"https:\/\/www.gymnastica.fi\/#\/schema\/logo\/image\/"}}]}},"_links":{"self":[{"href":"https:\/\/www.gymnastica.fi\/sv\/wp-json\/wp\/v2\/product\/43898","targetHints":{"allow":["GET"]}}],"collection":[{"href":"https:\/\/www.gymnastica.fi\/sv\/wp-json\/wp\/v2\/product"}],"about":[{"href":"https:\/\/www.gymnastica.fi\/sv\/wp-json\/wp\/v2\/types\/product"}],"wp:featuredmedia":[{"embeddable":true,"href":"https:\/\/www.gymnastica.fi\/sv\/wp-json\/wp\/v2\/media\/43795"}],"wp:attachment":[{"href":"https:\/\/www.gymnastica.fi\/sv\/wp-json\/wp\/v2\/media?parent=43898"}],"wp:term":[{"taxonomy":"product_brand","embeddable":true,"href":"https:\/\/www.gymnastica.fi\/sv\/wp-json\/wp\/v2\/product_brand?post=43898"},{"taxonomy":"product_cat","embeddable":true,"href":"https:\/\/www.gymnastica.fi\/sv\/wp-json\/wp\/v2\/product_cat?post=43898"},{"taxonomy":"product_tag","embeddable":true,"href":"https:\/\/www.gymnastica.fi\/sv\/wp-json\/wp\/v2\/product_tag?post=43898"},{"taxonomy":"manufacturers","embeddable":true,"href":"https:\/\/www.gymnastica.fi\/sv\/wp-json\/wp\/v2\/manufacturers?post=43898"},{"taxonomy":"suppliers","embeddable":true,"href":"https:\/\/www.gymnastica.fi\/sv\/wp-json\/wp\/v2\/suppliers?post=43898"}],"curies":[{"name":"wp","href":"https:\/\/api.w.org\/{rel}","templated":true}]}}