{"id":43901,"date":"2025-05-13T12:51:11","date_gmt":"2025-05-13T09:51:11","guid":{"rendered":"https:\/\/www.gymnastica.fi\/tuote\/eurotramp-ultimate-freestyle-trampolin-med-13-mm-nylon-nat-eu-43113\/"},"modified":"2025-05-13T12:51:11","modified_gmt":"2025-05-13T09:51:11","slug":"eurotramp-ultimate-freestyle-trampolin-med-13-mm-nylon-nat-eu-43113","status":"publish","type":"product","link":"https:\/\/www.gymnastica.fi\/sv\/tuote\/eurotramp-ultimate-freestyle-trampolin-med-13-mm-nylon-nat-eu-43113\/","title":{"rendered":"Eurotramp Ultimate Freestyle trampolin med 13 mm nylon n\u00e4t EU-43113"},"content":{"rendered":"<p>Eurotramp Ultimate Freestyle trampolin med 13 mm nylon n\u00e4t och transportutrustning. 50 mm tjocka svarta kantskydd f\u00f6r att f\u00f6rb\u00e4ttra s\u00e4kerheten f\u00f6r anv\u00e4ndarna. Galvaniserad och pulverlackad svart ram med m\u00e5tten 520 x 305 x 115 cm. Den svarta hoppduken m\u00e4ter 426 x 213 cm. 110 st st\u00e5lspiraler med m\u00e5tten 258 mm \u00d8 29 och 8 st f\u00f6rst\u00e4rkta h\u00f6rnspiraler med m\u00e5tten 258 mm, \u00d8 39 mm. Ny 200% styvare dubbelbensstruktur, vilket g\u00f6r att trampolinens ram \u00e4r mycket h\u00e5llbar och stabil. Inkluderar nylon n\u00e4t med sydda f\u00e4stanor, 50 mm tjocka vadderade kantkydd, st\u00e5lspiraler, gummiga golvskydd och transportutrustning med lyftl\u00e4ttande funktion. L\u00e4gsta transporth\u00f6jd 220 cm. Vikt 260 kg. L\u00e4mplig f\u00f6r anv\u00e4ndning med hjul och br\u00e4dor.<\/p>\n","protected":false},"excerpt":{"rendered":"<p>Eurotramp Ultimate Freestyle trampolin med 13 mm nylon n\u00e4t och transportutrustning. 50 mm tjocka svarta kantskydd f\u00f6r att f\u00f6rb\u00e4ttra s\u00e4kerheten f\u00f6r anv\u00e4ndarna. Galvaniserad och pulverlackad svart ram med m\u00e5tten 520 x 305 x 115 cm. Den svarta hoppduken m\u00e4ter 426 x 213 cm. 110 st st\u00e5lspiraler med m\u00e5tten 258 mm \u00d8 29 och 8 st [&hellip;]<\/p>\n","protected":false},"featured_media":43795,"template":"","meta":{"_acf_changed":false,"_relevanssi_hide_post":"","_relevanssi_hide_content":"","_relevanssi_pin_for_all":"","_relevanssi_pin_keywords":"","_relevanssi_unpin_keywords":"","_relevanssi_related_keywords":"","_relevanssi_related_include_ids":"","_relevanssi_related_exclude_ids":"","_relevanssi_related_no_append":"","_relevanssi_related_not_related":"","_relevanssi_related_posts":"","_relevanssi_noindex_reason":""},"product_brand":[],"product_cat":[1654,2575,1933,2548,2595],"product_tag":[2900,2619],"manufacturers":[],"suppliers":[],"class_list":{"0":"post-43901","1":"product","2":"type-product","3":"status-publish","4":"has-post-thumbnail","6":"product_cat-marken","7":"product_cat-eurotramp-sv","8":"product_cat-sporthallprodukter-2","9":"product_cat-trampolin-gymnastik","10":"product_cat-stora-trampoliner","11":"product_tag-eurotramp-ultimate-sv","12":"product_tag-trampolin","14":"first","15":"onbackorder","16":"taxable","17":"shipping-taxable","18":"product-type-simple"},"acf":[],"yoast_head":"<!-- This site is optimized with the Yoast SEO plugin v26.8 - https:\/\/yoast.com\/product\/yoast-seo-wordpress\/ -->\n<title>Eurotramp Ultimate Freestyle trampolin med 13 mm nylon n\u00e4t EU-43113 &#8212; Gymnastica<\/title>\n<meta name=\"robots\" content=\"index, follow, max-snippet:-1, max-image-preview:large, max-video-preview:-1\" \/>\n<link rel=\"canonical\" href=\"https:\/\/www.gymnastica.fi\/sv\/tuote\/eurotramp-ultimate-freestyle-trampolin-med-13-mm-nylon-nat-eu-43113\/\" \/>\n<meta property=\"og:locale\" content=\"sv_SE\" \/>\n<meta property=\"og:type\" content=\"article\" \/>\n<meta property=\"og:title\" content=\"Eurotramp Ultimate Freestyle trampolin med 13 mm nylon n\u00e4t EU-43113 &#8212; Gymnastica\" \/>\n<meta property=\"og:description\" content=\"Eurotramp Ultimate Freestyle trampolin med 13 mm nylon n\u00e4t och transportutrustning. 50 mm tjocka svarta kantskydd f\u00f6r att f\u00f6rb\u00e4ttra s\u00e4kerheten f\u00f6r anv\u00e4ndarna. Galvaniserad och pulverlackad svart ram med m\u00e5tten 520 x 305 x 115 cm. Den svarta hoppduken m\u00e4ter 426 x 213 cm. 110 st st\u00e5lspiraler med m\u00e5tten 258 mm \u00d8 29 och 8 st [&hellip;]\" \/>\n<meta property=\"og:url\" content=\"https:\/\/www.gymnastica.fi\/sv\/tuote\/eurotramp-ultimate-freestyle-trampolin-med-13-mm-nylon-nat-eu-43113\/\" \/>\n<meta property=\"og:site_name\" content=\"Gymnastica\" \/>\n<meta property=\"og:image\" content=\"https:\/\/www.gymnastica.fi\/app\/uploads\/2025\/05\/EU-43166-1.jpg\" \/>\n\t<meta property=\"og:image:width\" content=\"1240\" \/>\n\t<meta property=\"og:image:height\" content=\"500\" \/>\n\t<meta property=\"og:image:type\" content=\"image\/jpeg\" \/>\n<meta name=\"twitter:card\" content=\"summary_large_image\" \/>\n<meta name=\"twitter:label1\" content=\"Est. reading time\" \/>\n\t<meta name=\"twitter:data1\" content=\"1 minute\" \/>\n<script type=\"application\/ld+json\" class=\"yoast-schema-graph\">{\"@context\":\"https:\/\/schema.org\",\"@graph\":[{\"@type\":\"WebPage\",\"@id\":\"https:\/\/www.gymnastica.fi\/sv\/tuote\/eurotramp-ultimate-freestyle-trampolin-med-13-mm-nylon-nat-eu-43113\/\",\"url\":\"https:\/\/www.gymnastica.fi\/sv\/tuote\/eurotramp-ultimate-freestyle-trampolin-med-13-mm-nylon-nat-eu-43113\/\",\"name\":\"Eurotramp Ultimate Freestyle trampolin med 13 mm nylon n\u00e4t EU-43113 &#8212; Gymnastica\",\"isPartOf\":{\"@id\":\"https:\/\/www.gymnastica.fi\/#website\"},\"primaryImageOfPage\":{\"@id\":\"https:\/\/www.gymnastica.fi\/sv\/tuote\/eurotramp-ultimate-freestyle-trampolin-med-13-mm-nylon-nat-eu-43113\/#primaryimage\"},\"image\":{\"@id\":\"https:\/\/www.gymnastica.fi\/sv\/tuote\/eurotramp-ultimate-freestyle-trampolin-med-13-mm-nylon-nat-eu-43113\/#primaryimage\"},\"thumbnailUrl\":\"https:\/\/www.gymnastica.fi\/app\/uploads\/2025\/05\/EU-43166-1.jpg\",\"datePublished\":\"2025-05-13T09:51:11+00:00\",\"breadcrumb\":{\"@id\":\"https:\/\/www.gymnastica.fi\/sv\/tuote\/eurotramp-ultimate-freestyle-trampolin-med-13-mm-nylon-nat-eu-43113\/#breadcrumb\"},\"inLanguage\":\"sv-SE\",\"potentialAction\":[{\"@type\":\"ReadAction\",\"target\":[\"https:\/\/www.gymnastica.fi\/sv\/tuote\/eurotramp-ultimate-freestyle-trampolin-med-13-mm-nylon-nat-eu-43113\/\"]}]},{\"@type\":\"ImageObject\",\"inLanguage\":\"sv-SE\",\"@id\":\"https:\/\/www.gymnastica.fi\/sv\/tuote\/eurotramp-ultimate-freestyle-trampolin-med-13-mm-nylon-nat-eu-43113\/#primaryimage\",\"url\":\"https:\/\/www.gymnastica.fi\/app\/uploads\/2025\/05\/EU-43166-1.jpg\",\"contentUrl\":\"https:\/\/www.gymnastica.fi\/app\/uploads\/2025\/05\/EU-43166-1.jpg\",\"width\":1240,\"height\":500},{\"@type\":\"BreadcrumbList\",\"@id\":\"https:\/\/www.gymnastica.fi\/sv\/tuote\/eurotramp-ultimate-freestyle-trampolin-med-13-mm-nylon-nat-eu-43113\/#breadcrumb\",\"itemListElement\":[{\"@type\":\"ListItem\",\"position\":1,\"name\":\"Home\",\"item\":\"https:\/\/www.gymnastica.fi\/sv\/\"},{\"@type\":\"ListItem\",\"position\":2,\"name\":\"Butik\",\"item\":\"https:\/\/www.gymnastica.fi\/sv\/butik\/\"},{\"@type\":\"ListItem\",\"position\":3,\"name\":\"Eurotramp Ultimate Freestyle trampolin med 13 mm nylon n\u00e4t EU-43113\"}]},{\"@type\":\"WebSite\",\"@id\":\"https:\/\/www.gymnastica.fi\/#website\",\"url\":\"https:\/\/www.gymnastica.fi\/\",\"name\":\"Gymnastica\",\"description\":\"Liikunta- ja urheilutilasuunnittelun ja v\u00e4lineiden asiantuntija\",\"publisher\":{\"@id\":\"https:\/\/www.gymnastica.fi\/#organization\"},\"potentialAction\":[{\"@type\":\"SearchAction\",\"target\":{\"@type\":\"EntryPoint\",\"urlTemplate\":\"https:\/\/www.gymnastica.fi\/?s={search_term_string}\"},\"query-input\":{\"@type\":\"PropertyValueSpecification\",\"valueRequired\":true,\"valueName\":\"search_term_string\"}}],\"inLanguage\":\"sv-SE\"},{\"@type\":\"Organization\",\"@id\":\"https:\/\/www.gymnastica.fi\/#organization\",\"name\":\"Gymnastica\",\"url\":\"https:\/\/www.gymnastica.fi\/\",\"logo\":{\"@type\":\"ImageObject\",\"inLanguage\":\"sv-SE\",\"@id\":\"https:\/\/www.gymnastica.fi\/#\/schema\/logo\/image\/\",\"url\":\"https:\/\/www.gymnastica.fi\/app\/uploads\/2021\/04\/logo.svg\",\"contentUrl\":\"https:\/\/www.gymnastica.fi\/app\/uploads\/2021\/04\/logo.svg\",\"width\":246,\"height\":59,\"caption\":\"Gymnastica\"},\"image\":{\"@id\":\"https:\/\/www.gymnastica.fi\/#\/schema\/logo\/image\/\"}}]}<\/script>\n<!-- \/ Yoast SEO plugin. -->","yoast_head_json":{"title":"Eurotramp Ultimate Freestyle trampolin med 13 mm nylon n\u00e4t EU-43113 &#8212; Gymnastica","robots":{"index":"index","follow":"follow","max-snippet":"max-snippet:-1","max-image-preview":"max-image-preview:large","max-video-preview":"max-video-preview:-1"},"canonical":"https:\/\/www.gymnastica.fi\/sv\/tuote\/eurotramp-ultimate-freestyle-trampolin-med-13-mm-nylon-nat-eu-43113\/","og_locale":"sv_SE","og_type":"article","og_title":"Eurotramp Ultimate Freestyle trampolin med 13 mm nylon n\u00e4t EU-43113 &#8212; Gymnastica","og_description":"Eurotramp Ultimate Freestyle trampolin med 13 mm nylon n\u00e4t och transportutrustning. 50 mm tjocka svarta kantskydd f\u00f6r att f\u00f6rb\u00e4ttra s\u00e4kerheten f\u00f6r anv\u00e4ndarna. Galvaniserad och pulverlackad svart ram med m\u00e5tten 520 x 305 x 115 cm. Den svarta hoppduken m\u00e4ter 426 x 213 cm. 110 st st\u00e5lspiraler med m\u00e5tten 258 mm \u00d8 29 och 8 st [&hellip;]","og_url":"https:\/\/www.gymnastica.fi\/sv\/tuote\/eurotramp-ultimate-freestyle-trampolin-med-13-mm-nylon-nat-eu-43113\/","og_site_name":"Gymnastica","og_image":[{"width":1240,"height":500,"url":"https:\/\/www.gymnastica.fi\/app\/uploads\/2025\/05\/EU-43166-1.jpg","type":"image\/jpeg"}],"twitter_card":"summary_large_image","twitter_misc":{"Est. reading time":"1 minute"},"schema":{"@context":"https:\/\/schema.org","@graph":[{"@type":"WebPage","@id":"https:\/\/www.gymnastica.fi\/sv\/tuote\/eurotramp-ultimate-freestyle-trampolin-med-13-mm-nylon-nat-eu-43113\/","url":"https:\/\/www.gymnastica.fi\/sv\/tuote\/eurotramp-ultimate-freestyle-trampolin-med-13-mm-nylon-nat-eu-43113\/","name":"Eurotramp Ultimate Freestyle trampolin med 13 mm nylon n\u00e4t EU-43113 &#8212; Gymnastica","isPartOf":{"@id":"https:\/\/www.gymnastica.fi\/#website"},"primaryImageOfPage":{"@id":"https:\/\/www.gymnastica.fi\/sv\/tuote\/eurotramp-ultimate-freestyle-trampolin-med-13-mm-nylon-nat-eu-43113\/#primaryimage"},"image":{"@id":"https:\/\/www.gymnastica.fi\/sv\/tuote\/eurotramp-ultimate-freestyle-trampolin-med-13-mm-nylon-nat-eu-43113\/#primaryimage"},"thumbnailUrl":"https:\/\/www.gymnastica.fi\/app\/uploads\/2025\/05\/EU-43166-1.jpg","datePublished":"2025-05-13T09:51:11+00:00","breadcrumb":{"@id":"https:\/\/www.gymnastica.fi\/sv\/tuote\/eurotramp-ultimate-freestyle-trampolin-med-13-mm-nylon-nat-eu-43113\/#breadcrumb"},"inLanguage":"sv-SE","potentialAction":[{"@type":"ReadAction","target":["https:\/\/www.gymnastica.fi\/sv\/tuote\/eurotramp-ultimate-freestyle-trampolin-med-13-mm-nylon-nat-eu-43113\/"]}]},{"@type":"ImageObject","inLanguage":"sv-SE","@id":"https:\/\/www.gymnastica.fi\/sv\/tuote\/eurotramp-ultimate-freestyle-trampolin-med-13-mm-nylon-nat-eu-43113\/#primaryimage","url":"https:\/\/www.gymnastica.fi\/app\/uploads\/2025\/05\/EU-43166-1.jpg","contentUrl":"https:\/\/www.gymnastica.fi\/app\/uploads\/2025\/05\/EU-43166-1.jpg","width":1240,"height":500},{"@type":"BreadcrumbList","@id":"https:\/\/www.gymnastica.fi\/sv\/tuote\/eurotramp-ultimate-freestyle-trampolin-med-13-mm-nylon-nat-eu-43113\/#breadcrumb","itemListElement":[{"@type":"ListItem","position":1,"name":"Home","item":"https:\/\/www.gymnastica.fi\/sv\/"},{"@type":"ListItem","position":2,"name":"Butik","item":"https:\/\/www.gymnastica.fi\/sv\/butik\/"},{"@type":"ListItem","position":3,"name":"Eurotramp Ultimate Freestyle trampolin med 13 mm nylon n\u00e4t EU-43113"}]},{"@type":"WebSite","@id":"https:\/\/www.gymnastica.fi\/#website","url":"https:\/\/www.gymnastica.fi\/","name":"Gymnastica","description":"Liikunta- ja urheilutilasuunnittelun ja v\u00e4lineiden asiantuntija","publisher":{"@id":"https:\/\/www.gymnastica.fi\/#organization"},"potentialAction":[{"@type":"SearchAction","target":{"@type":"EntryPoint","urlTemplate":"https:\/\/www.gymnastica.fi\/?s={search_term_string}"},"query-input":{"@type":"PropertyValueSpecification","valueRequired":true,"valueName":"search_term_string"}}],"inLanguage":"sv-SE"},{"@type":"Organization","@id":"https:\/\/www.gymnastica.fi\/#organization","name":"Gymnastica","url":"https:\/\/www.gymnastica.fi\/","logo":{"@type":"ImageObject","inLanguage":"sv-SE","@id":"https:\/\/www.gymnastica.fi\/#\/schema\/logo\/image\/","url":"https:\/\/www.gymnastica.fi\/app\/uploads\/2021\/04\/logo.svg","contentUrl":"https:\/\/www.gymnastica.fi\/app\/uploads\/2021\/04\/logo.svg","width":246,"height":59,"caption":"Gymnastica"},"image":{"@id":"https:\/\/www.gymnastica.fi\/#\/schema\/logo\/image\/"}}]}},"_links":{"self":[{"href":"https:\/\/www.gymnastica.fi\/sv\/wp-json\/wp\/v2\/product\/43901","targetHints":{"allow":["GET"]}}],"collection":[{"href":"https:\/\/www.gymnastica.fi\/sv\/wp-json\/wp\/v2\/product"}],"about":[{"href":"https:\/\/www.gymnastica.fi\/sv\/wp-json\/wp\/v2\/types\/product"}],"wp:featuredmedia":[{"embeddable":true,"href":"https:\/\/www.gymnastica.fi\/sv\/wp-json\/wp\/v2\/media\/43795"}],"wp:attachment":[{"href":"https:\/\/www.gymnastica.fi\/sv\/wp-json\/wp\/v2\/media?parent=43901"}],"wp:term":[{"taxonomy":"product_brand","embeddable":true,"href":"https:\/\/www.gymnastica.fi\/sv\/wp-json\/wp\/v2\/product_brand?post=43901"},{"taxonomy":"product_cat","embeddable":true,"href":"https:\/\/www.gymnastica.fi\/sv\/wp-json\/wp\/v2\/product_cat?post=43901"},{"taxonomy":"product_tag","embeddable":true,"href":"https:\/\/www.gymnastica.fi\/sv\/wp-json\/wp\/v2\/product_tag?post=43901"},{"taxonomy":"manufacturers","embeddable":true,"href":"https:\/\/www.gymnastica.fi\/sv\/wp-json\/wp\/v2\/manufacturers?post=43901"},{"taxonomy":"suppliers","embeddable":true,"href":"https:\/\/www.gymnastica.fi\/sv\/wp-json\/wp\/v2\/suppliers?post=43901"}],"curies":[{"name":"wp","href":"https:\/\/api.w.org\/{rel}","templated":true}]}}