{"id":43912,"date":"2025-05-13T12:33:32","date_gmt":"2025-05-13T09:33:32","guid":{"rendered":"https:\/\/www.gymnastica.fi\/tuote\/pe-redskaber-dorado-teamgym-trampett-med-32-stalfjadrar-pe-3044\/"},"modified":"2025-05-13T12:33:32","modified_gmt":"2025-05-13T09:33:32","slug":"pe-redskaber-dorado-teamgym-trampett-med-32-stalfjadrar-pe-3044","status":"publish","type":"product","link":"https:\/\/www.gymnastica.fi\/sv\/tuote\/pe-redskaber-dorado-teamgym-trampett-med-32-stalfjadrar-pe-3044\/","title":{"rendered":"PE-Redskaber Dorado TeamGym trampett med 32 st\u00e5lfj\u00e4drar PE-3044"},"content":{"rendered":"<div class=\"tabs\">\n<div id=\"first\">\n<p>PE-Redskaber Dorado\u00a0TeamGym trampett med 32 st\u00e5lfj\u00e4drar. Storlek 123 x 123 cm. Starka fj\u00e4drar och extremt stark trampolinduk. Svart ramkudde. Vit trampolinduk och bl\u00e5 Justerbara ben med en lasergraverad h\u00f6jdm\u00e4tare. Trampolinen enkelt och snabbt kan vikas ihop utan att anv\u00e4nda verktyg, och utan att skada trampoliduken under transporten. Ramkuddarna t\u00e4cker alltid ramens \u00f6vre kant s\u00e5 att gymnaster inte skadar sig p\u00e5 den. Ramkuddarna kan anv\u00e4ndas flexibelt, d\u00e5 de kan anv\u00e4ndas f\u00f6r att t\u00e4cka hela eller halva ramar beroende p\u00e5 vad gymnasten f\u00f6redrar.\u00a0Officiell UEG-kompatibel TeamGym trampett. Vikt 70 kg.<\/p>\n<\/div>\n<\/div>\n","protected":false},"excerpt":{"rendered":"<p>PE-Redskaber Dorado\u00a0TeamGym trampett med 32 st\u00e5lfj\u00e4drar. Storlek 123 x 123 cm. Starka fj\u00e4drar och extremt stark trampolinduk. Svart ramkudde. Vit trampolinduk och bl\u00e5 Justerbara ben med en lasergraverad h\u00f6jdm\u00e4tare. Trampolinen enkelt och snabbt kan vikas ihop utan att anv\u00e4nda verktyg, och utan att skada trampoliduken under transporten. Ramkuddarna t\u00e4cker alltid ramens \u00f6vre kant s\u00e5 att [&hellip;]<\/p>\n","protected":false},"featured_media":43763,"template":"","meta":{"_acf_changed":false,"_relevanssi_hide_post":"","_relevanssi_hide_content":"","_relevanssi_pin_for_all":"","_relevanssi_pin_keywords":"","_relevanssi_unpin_keywords":"","_relevanssi_related_keywords":"","_relevanssi_related_include_ids":"","_relevanssi_related_exclude_ids":"","_relevanssi_related_no_append":"","_relevanssi_related_not_related":"","_relevanssi_related_posts":"","_relevanssi_noindex_reason":""},"product_brand":[],"product_cat":[1654,1713],"product_tag":[2387],"manufacturers":[1491],"suppliers":[],"class_list":{"0":"post-43912","1":"product","2":"type-product","3":"status-publish","4":"has-post-thumbnail","6":"product_cat-marken","7":"product_cat-g-sv","8":"product_tag-teamgym-sv","9":"manufacturers-g","11":"first","12":"instock","13":"taxable","14":"shipping-taxable","15":"product-type-simple"},"acf":[],"yoast_head":"<!-- This site is optimized with the Yoast SEO plugin v26.8 - https:\/\/yoast.com\/product\/yoast-seo-wordpress\/ -->\n<title>PE-Redskaber Dorado TeamGym trampett med 32 st\u00e5lfj\u00e4drar PE-3044 &#8212; Gymnastica<\/title>\n<meta name=\"robots\" content=\"index, follow, max-snippet:-1, max-image-preview:large, max-video-preview:-1\" \/>\n<link rel=\"canonical\" href=\"https:\/\/www.gymnastica.fi\/sv\/tuote\/pe-redskaber-dorado-teamgym-trampett-med-32-stalfjadrar-pe-3044\/\" \/>\n<meta property=\"og:locale\" content=\"sv_SE\" \/>\n<meta property=\"og:type\" content=\"article\" \/>\n<meta property=\"og:title\" content=\"PE-Redskaber Dorado TeamGym trampett med 32 st\u00e5lfj\u00e4drar PE-3044 &#8212; Gymnastica\" \/>\n<meta property=\"og:description\" content=\"PE-Redskaber Dorado\u00a0TeamGym trampett med 32 st\u00e5lfj\u00e4drar. Storlek 123 x 123 cm. Starka fj\u00e4drar och extremt stark trampolinduk. Svart ramkudde. Vit trampolinduk och bl\u00e5 Justerbara ben med en lasergraverad h\u00f6jdm\u00e4tare. Trampolinen enkelt och snabbt kan vikas ihop utan att anv\u00e4nda verktyg, och utan att skada trampoliduken under transporten. Ramkuddarna t\u00e4cker alltid ramens \u00f6vre kant s\u00e5 att [&hellip;]\" \/>\n<meta property=\"og:url\" content=\"https:\/\/www.gymnastica.fi\/sv\/tuote\/pe-redskaber-dorado-teamgym-trampett-med-32-stalfjadrar-pe-3044\/\" \/>\n<meta property=\"og:site_name\" content=\"Gymnastica\" \/>\n<meta property=\"og:image\" content=\"https:\/\/www.gymnastica.fi\/app\/uploads\/2025\/05\/PE-3044.jpg\" \/>\n\t<meta property=\"og:image:width\" content=\"718\" \/>\n\t<meta property=\"og:image:height\" content=\"500\" \/>\n\t<meta property=\"og:image:type\" content=\"image\/jpeg\" \/>\n<meta name=\"twitter:card\" content=\"summary_large_image\" \/>\n<script type=\"application\/ld+json\" class=\"yoast-schema-graph\">{\"@context\":\"https:\/\/schema.org\",\"@graph\":[{\"@type\":\"WebPage\",\"@id\":\"https:\/\/www.gymnastica.fi\/sv\/tuote\/pe-redskaber-dorado-teamgym-trampett-med-32-stalfjadrar-pe-3044\/\",\"url\":\"https:\/\/www.gymnastica.fi\/sv\/tuote\/pe-redskaber-dorado-teamgym-trampett-med-32-stalfjadrar-pe-3044\/\",\"name\":\"PE-Redskaber Dorado TeamGym trampett med 32 st\u00e5lfj\u00e4drar PE-3044 &#8212; Gymnastica\",\"isPartOf\":{\"@id\":\"https:\/\/www.gymnastica.fi\/#website\"},\"primaryImageOfPage\":{\"@id\":\"https:\/\/www.gymnastica.fi\/sv\/tuote\/pe-redskaber-dorado-teamgym-trampett-med-32-stalfjadrar-pe-3044\/#primaryimage\"},\"image\":{\"@id\":\"https:\/\/www.gymnastica.fi\/sv\/tuote\/pe-redskaber-dorado-teamgym-trampett-med-32-stalfjadrar-pe-3044\/#primaryimage\"},\"thumbnailUrl\":\"https:\/\/www.gymnastica.fi\/app\/uploads\/2025\/05\/PE-3044.jpg\",\"datePublished\":\"2025-05-13T09:33:32+00:00\",\"breadcrumb\":{\"@id\":\"https:\/\/www.gymnastica.fi\/sv\/tuote\/pe-redskaber-dorado-teamgym-trampett-med-32-stalfjadrar-pe-3044\/#breadcrumb\"},\"inLanguage\":\"sv-SE\",\"potentialAction\":[{\"@type\":\"ReadAction\",\"target\":[\"https:\/\/www.gymnastica.fi\/sv\/tuote\/pe-redskaber-dorado-teamgym-trampett-med-32-stalfjadrar-pe-3044\/\"]}]},{\"@type\":\"ImageObject\",\"inLanguage\":\"sv-SE\",\"@id\":\"https:\/\/www.gymnastica.fi\/sv\/tuote\/pe-redskaber-dorado-teamgym-trampett-med-32-stalfjadrar-pe-3044\/#primaryimage\",\"url\":\"https:\/\/www.gymnastica.fi\/app\/uploads\/2025\/05\/PE-3044.jpg\",\"contentUrl\":\"https:\/\/www.gymnastica.fi\/app\/uploads\/2025\/05\/PE-3044.jpg\",\"width\":718,\"height\":500},{\"@type\":\"BreadcrumbList\",\"@id\":\"https:\/\/www.gymnastica.fi\/sv\/tuote\/pe-redskaber-dorado-teamgym-trampett-med-32-stalfjadrar-pe-3044\/#breadcrumb\",\"itemListElement\":[{\"@type\":\"ListItem\",\"position\":1,\"name\":\"Home\",\"item\":\"https:\/\/www.gymnastica.fi\/sv\/\"},{\"@type\":\"ListItem\",\"position\":2,\"name\":\"Butik\",\"item\":\"https:\/\/www.gymnastica.fi\/sv\/butik\/\"},{\"@type\":\"ListItem\",\"position\":3,\"name\":\"PE-Redskaber Dorado TeamGym trampett med 32 st\u00e5lfj\u00e4drar PE-3044\"}]},{\"@type\":\"WebSite\",\"@id\":\"https:\/\/www.gymnastica.fi\/#website\",\"url\":\"https:\/\/www.gymnastica.fi\/\",\"name\":\"Gymnastica\",\"description\":\"Liikunta- ja urheilutilasuunnittelun ja v\u00e4lineiden asiantuntija\",\"publisher\":{\"@id\":\"https:\/\/www.gymnastica.fi\/#organization\"},\"potentialAction\":[{\"@type\":\"SearchAction\",\"target\":{\"@type\":\"EntryPoint\",\"urlTemplate\":\"https:\/\/www.gymnastica.fi\/?s={search_term_string}\"},\"query-input\":{\"@type\":\"PropertyValueSpecification\",\"valueRequired\":true,\"valueName\":\"search_term_string\"}}],\"inLanguage\":\"sv-SE\"},{\"@type\":\"Organization\",\"@id\":\"https:\/\/www.gymnastica.fi\/#organization\",\"name\":\"Gymnastica\",\"url\":\"https:\/\/www.gymnastica.fi\/\",\"logo\":{\"@type\":\"ImageObject\",\"inLanguage\":\"sv-SE\",\"@id\":\"https:\/\/www.gymnastica.fi\/#\/schema\/logo\/image\/\",\"url\":\"https:\/\/www.gymnastica.fi\/app\/uploads\/2021\/04\/logo.svg\",\"contentUrl\":\"https:\/\/www.gymnastica.fi\/app\/uploads\/2021\/04\/logo.svg\",\"width\":246,\"height\":59,\"caption\":\"Gymnastica\"},\"image\":{\"@id\":\"https:\/\/www.gymnastica.fi\/#\/schema\/logo\/image\/\"}}]}<\/script>\n<!-- \/ Yoast SEO plugin. -->","yoast_head_json":{"title":"PE-Redskaber Dorado TeamGym trampett med 32 st\u00e5lfj\u00e4drar PE-3044 &#8212; Gymnastica","robots":{"index":"index","follow":"follow","max-snippet":"max-snippet:-1","max-image-preview":"max-image-preview:large","max-video-preview":"max-video-preview:-1"},"canonical":"https:\/\/www.gymnastica.fi\/sv\/tuote\/pe-redskaber-dorado-teamgym-trampett-med-32-stalfjadrar-pe-3044\/","og_locale":"sv_SE","og_type":"article","og_title":"PE-Redskaber Dorado TeamGym trampett med 32 st\u00e5lfj\u00e4drar PE-3044 &#8212; Gymnastica","og_description":"PE-Redskaber Dorado\u00a0TeamGym trampett med 32 st\u00e5lfj\u00e4drar. Storlek 123 x 123 cm. Starka fj\u00e4drar och extremt stark trampolinduk. Svart ramkudde. Vit trampolinduk och bl\u00e5 Justerbara ben med en lasergraverad h\u00f6jdm\u00e4tare. Trampolinen enkelt och snabbt kan vikas ihop utan att anv\u00e4nda verktyg, och utan att skada trampoliduken under transporten. Ramkuddarna t\u00e4cker alltid ramens \u00f6vre kant s\u00e5 att [&hellip;]","og_url":"https:\/\/www.gymnastica.fi\/sv\/tuote\/pe-redskaber-dorado-teamgym-trampett-med-32-stalfjadrar-pe-3044\/","og_site_name":"Gymnastica","og_image":[{"width":718,"height":500,"url":"https:\/\/www.gymnastica.fi\/app\/uploads\/2025\/05\/PE-3044.jpg","type":"image\/jpeg"}],"twitter_card":"summary_large_image","schema":{"@context":"https:\/\/schema.org","@graph":[{"@type":"WebPage","@id":"https:\/\/www.gymnastica.fi\/sv\/tuote\/pe-redskaber-dorado-teamgym-trampett-med-32-stalfjadrar-pe-3044\/","url":"https:\/\/www.gymnastica.fi\/sv\/tuote\/pe-redskaber-dorado-teamgym-trampett-med-32-stalfjadrar-pe-3044\/","name":"PE-Redskaber Dorado TeamGym trampett med 32 st\u00e5lfj\u00e4drar PE-3044 &#8212; Gymnastica","isPartOf":{"@id":"https:\/\/www.gymnastica.fi\/#website"},"primaryImageOfPage":{"@id":"https:\/\/www.gymnastica.fi\/sv\/tuote\/pe-redskaber-dorado-teamgym-trampett-med-32-stalfjadrar-pe-3044\/#primaryimage"},"image":{"@id":"https:\/\/www.gymnastica.fi\/sv\/tuote\/pe-redskaber-dorado-teamgym-trampett-med-32-stalfjadrar-pe-3044\/#primaryimage"},"thumbnailUrl":"https:\/\/www.gymnastica.fi\/app\/uploads\/2025\/05\/PE-3044.jpg","datePublished":"2025-05-13T09:33:32+00:00","breadcrumb":{"@id":"https:\/\/www.gymnastica.fi\/sv\/tuote\/pe-redskaber-dorado-teamgym-trampett-med-32-stalfjadrar-pe-3044\/#breadcrumb"},"inLanguage":"sv-SE","potentialAction":[{"@type":"ReadAction","target":["https:\/\/www.gymnastica.fi\/sv\/tuote\/pe-redskaber-dorado-teamgym-trampett-med-32-stalfjadrar-pe-3044\/"]}]},{"@type":"ImageObject","inLanguage":"sv-SE","@id":"https:\/\/www.gymnastica.fi\/sv\/tuote\/pe-redskaber-dorado-teamgym-trampett-med-32-stalfjadrar-pe-3044\/#primaryimage","url":"https:\/\/www.gymnastica.fi\/app\/uploads\/2025\/05\/PE-3044.jpg","contentUrl":"https:\/\/www.gymnastica.fi\/app\/uploads\/2025\/05\/PE-3044.jpg","width":718,"height":500},{"@type":"BreadcrumbList","@id":"https:\/\/www.gymnastica.fi\/sv\/tuote\/pe-redskaber-dorado-teamgym-trampett-med-32-stalfjadrar-pe-3044\/#breadcrumb","itemListElement":[{"@type":"ListItem","position":1,"name":"Home","item":"https:\/\/www.gymnastica.fi\/sv\/"},{"@type":"ListItem","position":2,"name":"Butik","item":"https:\/\/www.gymnastica.fi\/sv\/butik\/"},{"@type":"ListItem","position":3,"name":"PE-Redskaber Dorado TeamGym trampett med 32 st\u00e5lfj\u00e4drar PE-3044"}]},{"@type":"WebSite","@id":"https:\/\/www.gymnastica.fi\/#website","url":"https:\/\/www.gymnastica.fi\/","name":"Gymnastica","description":"Liikunta- ja urheilutilasuunnittelun ja v\u00e4lineiden asiantuntija","publisher":{"@id":"https:\/\/www.gymnastica.fi\/#organization"},"potentialAction":[{"@type":"SearchAction","target":{"@type":"EntryPoint","urlTemplate":"https:\/\/www.gymnastica.fi\/?s={search_term_string}"},"query-input":{"@type":"PropertyValueSpecification","valueRequired":true,"valueName":"search_term_string"}}],"inLanguage":"sv-SE"},{"@type":"Organization","@id":"https:\/\/www.gymnastica.fi\/#organization","name":"Gymnastica","url":"https:\/\/www.gymnastica.fi\/","logo":{"@type":"ImageObject","inLanguage":"sv-SE","@id":"https:\/\/www.gymnastica.fi\/#\/schema\/logo\/image\/","url":"https:\/\/www.gymnastica.fi\/app\/uploads\/2021\/04\/logo.svg","contentUrl":"https:\/\/www.gymnastica.fi\/app\/uploads\/2021\/04\/logo.svg","width":246,"height":59,"caption":"Gymnastica"},"image":{"@id":"https:\/\/www.gymnastica.fi\/#\/schema\/logo\/image\/"}}]}},"_links":{"self":[{"href":"https:\/\/www.gymnastica.fi\/sv\/wp-json\/wp\/v2\/product\/43912","targetHints":{"allow":["GET"]}}],"collection":[{"href":"https:\/\/www.gymnastica.fi\/sv\/wp-json\/wp\/v2\/product"}],"about":[{"href":"https:\/\/www.gymnastica.fi\/sv\/wp-json\/wp\/v2\/types\/product"}],"wp:featuredmedia":[{"embeddable":true,"href":"https:\/\/www.gymnastica.fi\/sv\/wp-json\/wp\/v2\/media\/43763"}],"wp:attachment":[{"href":"https:\/\/www.gymnastica.fi\/sv\/wp-json\/wp\/v2\/media?parent=43912"}],"wp:term":[{"taxonomy":"product_brand","embeddable":true,"href":"https:\/\/www.gymnastica.fi\/sv\/wp-json\/wp\/v2\/product_brand?post=43912"},{"taxonomy":"product_cat","embeddable":true,"href":"https:\/\/www.gymnastica.fi\/sv\/wp-json\/wp\/v2\/product_cat?post=43912"},{"taxonomy":"product_tag","embeddable":true,"href":"https:\/\/www.gymnastica.fi\/sv\/wp-json\/wp\/v2\/product_tag?post=43912"},{"taxonomy":"manufacturers","embeddable":true,"href":"https:\/\/www.gymnastica.fi\/sv\/wp-json\/wp\/v2\/manufacturers?post=43912"},{"taxonomy":"suppliers","embeddable":true,"href":"https:\/\/www.gymnastica.fi\/sv\/wp-json\/wp\/v2\/suppliers?post=43912"}],"curies":[{"name":"wp","href":"https:\/\/api.w.org\/{rel}","templated":true}]}}