{"id":43919,"date":"2025-03-13T14:29:22","date_gmt":"2025-03-13T12:29:22","guid":{"rendered":"https:\/\/www.gymnastica.fi\/tuote\/gymnova-ankare-utan-kemisk-baddning-16-st-gy-ex-2016\/"},"modified":"2025-03-13T14:29:22","modified_gmt":"2025-03-13T12:29:22","slug":"gymnova-ankare-utan-kemisk-baddning-16-st-gy-ex-2016","status":"publish","type":"product","link":"https:\/\/www.gymnastica.fi\/sv\/tuote\/gymnova-ankare-utan-kemisk-baddning-16-st-gy-ex-2016\/","title":{"rendered":"Gymnova ankare utan kemisk b\u00e4ddning 16 st GY-EX\/2016"},"content":{"rendered":"<p>Gymnova ankare f\u00f6r kemisk f\u00e4ste med kragar men utan kemisk b\u00e4dd. Set med 16 ankare. Snabb installation i f\u00e4rdiga golv. Undviker murarbeten. OBS: kan endast anv\u00e4ndas i betongplattor av god kvalitet, med en tjocklek p\u00e5 minst 125 mm och en styrka p\u00e5 23 MPA (megapascal). V\u00e4nligen kontakta oss f\u00f6r tunna plattor med en tjocklek mellan 100 mm och 125 mm. Vid installation av oss, levererar vi endast placering av ankare i betongplattan. Eventuellt annat till\u00e4ggsarbete, s\u00e5som kapning av tr\u00e4golv, ing\u00e5r inte i v\u00e5r leverans. V\u00e5r insats m\u00e5ste ske innan tr\u00e4golvet s\u00e4tts upp. Kemisk b\u00e4dd, t.ex. Spit Viper Xtrem, b\u00f6r anv\u00e4ndas f\u00f6r installation av golvankare.<\/p>\n","protected":false},"excerpt":{"rendered":"<p>Gymnova ankare f\u00f6r kemisk f\u00e4ste med kragar men utan kemisk b\u00e4dd. Set med 16 ankare. Snabb installation i f\u00e4rdiga golv. Undviker murarbeten. OBS: kan endast anv\u00e4ndas i betongplattor av god kvalitet, med en tjocklek p\u00e5 minst 125 mm och en styrka p\u00e5 23 MPA (megapascal). V\u00e4nligen kontakta oss f\u00f6r tunna plattor med en tjocklek mellan [&hellip;]<\/p>\n","protected":false},"featured_media":43090,"template":"","meta":{"_acf_changed":false,"_relevanssi_hide_post":"","_relevanssi_hide_content":"","_relevanssi_pin_for_all":"","_relevanssi_pin_keywords":"","_relevanssi_unpin_keywords":"","_relevanssi_related_keywords":"","_relevanssi_related_include_ids":"","_relevanssi_related_exclude_ids":"","_relevanssi_related_no_append":"","_relevanssi_related_not_related":"","_relevanssi_related_posts":"","_relevanssi_noindex_reason":""},"product_brand":[],"product_cat":[1654,2648,1918,2479],"product_tag":[2649,3023],"manufacturers":[],"suppliers":[],"class_list":{"0":"post-43919","1":"product","2":"type-product","3":"status-publish","4":"has-post-thumbnail","6":"product_cat-marken","7":"product_cat-gymnova-sv","8":"product_cat-redskapsgymnastik","9":"product_cat-fastsattningsmetoder","10":"product_tag-gymnova-sv","11":"product_tag-monteringskrokar","13":"first","14":"onbackorder","15":"taxable","16":"shipping-taxable","17":"product-type-simple"},"acf":[],"yoast_head":"<!-- This site is optimized with the Yoast SEO plugin v26.8 - https:\/\/yoast.com\/product\/yoast-seo-wordpress\/ -->\n<title>Gymnova ankare utan kemisk b\u00e4ddning 16 st GY-EX\/2016 &#8212; Gymnastica<\/title>\n<meta name=\"robots\" content=\"index, follow, max-snippet:-1, max-image-preview:large, max-video-preview:-1\" \/>\n<link rel=\"canonical\" href=\"https:\/\/www.gymnastica.fi\/sv\/tuote\/gymnova-ankare-utan-kemisk-baddning-16-st-gy-ex-2016\/\" \/>\n<meta property=\"og:locale\" content=\"sv_SE\" \/>\n<meta property=\"og:type\" content=\"article\" \/>\n<meta property=\"og:title\" content=\"Gymnova ankare utan kemisk b\u00e4ddning 16 st GY-EX\/2016 &#8212; Gymnastica\" \/>\n<meta property=\"og:description\" content=\"Gymnova ankare f\u00f6r kemisk f\u00e4ste med kragar men utan kemisk b\u00e4dd. Set med 16 ankare. Snabb installation i f\u00e4rdiga golv. Undviker murarbeten. OBS: kan endast anv\u00e4ndas i betongplattor av god kvalitet, med en tjocklek p\u00e5 minst 125 mm och en styrka p\u00e5 23 MPA (megapascal). V\u00e4nligen kontakta oss f\u00f6r tunna plattor med en tjocklek mellan [&hellip;]\" \/>\n<meta property=\"og:url\" content=\"https:\/\/www.gymnastica.fi\/sv\/tuote\/gymnova-ankare-utan-kemisk-baddning-16-st-gy-ex-2016\/\" \/>\n<meta property=\"og:site_name\" content=\"Gymnastica\" \/>\n<meta property=\"og:image\" content=\"https:\/\/www.gymnastica.fi\/app\/uploads\/2025\/03\/4.jpg\" \/>\n\t<meta property=\"og:image:width\" content=\"500\" \/>\n\t<meta property=\"og:image:height\" content=\"500\" \/>\n\t<meta property=\"og:image:type\" content=\"image\/jpeg\" \/>\n<meta name=\"twitter:card\" content=\"summary_large_image\" \/>\n<meta name=\"twitter:label1\" content=\"Est. reading time\" \/>\n\t<meta name=\"twitter:data1\" content=\"1 minute\" \/>\n<script type=\"application\/ld+json\" class=\"yoast-schema-graph\">{\"@context\":\"https:\/\/schema.org\",\"@graph\":[{\"@type\":\"WebPage\",\"@id\":\"https:\/\/www.gymnastica.fi\/sv\/tuote\/gymnova-ankare-utan-kemisk-baddning-16-st-gy-ex-2016\/\",\"url\":\"https:\/\/www.gymnastica.fi\/sv\/tuote\/gymnova-ankare-utan-kemisk-baddning-16-st-gy-ex-2016\/\",\"name\":\"Gymnova ankare utan kemisk b\u00e4ddning 16 st GY-EX\/2016 &#8212; Gymnastica\",\"isPartOf\":{\"@id\":\"https:\/\/www.gymnastica.fi\/#website\"},\"primaryImageOfPage\":{\"@id\":\"https:\/\/www.gymnastica.fi\/sv\/tuote\/gymnova-ankare-utan-kemisk-baddning-16-st-gy-ex-2016\/#primaryimage\"},\"image\":{\"@id\":\"https:\/\/www.gymnastica.fi\/sv\/tuote\/gymnova-ankare-utan-kemisk-baddning-16-st-gy-ex-2016\/#primaryimage\"},\"thumbnailUrl\":\"https:\/\/www.gymnastica.fi\/app\/uploads\/2025\/03\/4.jpg\",\"datePublished\":\"2025-03-13T12:29:22+00:00\",\"breadcrumb\":{\"@id\":\"https:\/\/www.gymnastica.fi\/sv\/tuote\/gymnova-ankare-utan-kemisk-baddning-16-st-gy-ex-2016\/#breadcrumb\"},\"inLanguage\":\"sv-SE\",\"potentialAction\":[{\"@type\":\"ReadAction\",\"target\":[\"https:\/\/www.gymnastica.fi\/sv\/tuote\/gymnova-ankare-utan-kemisk-baddning-16-st-gy-ex-2016\/\"]}]},{\"@type\":\"ImageObject\",\"inLanguage\":\"sv-SE\",\"@id\":\"https:\/\/www.gymnastica.fi\/sv\/tuote\/gymnova-ankare-utan-kemisk-baddning-16-st-gy-ex-2016\/#primaryimage\",\"url\":\"https:\/\/www.gymnastica.fi\/app\/uploads\/2025\/03\/4.jpg\",\"contentUrl\":\"https:\/\/www.gymnastica.fi\/app\/uploads\/2025\/03\/4.jpg\",\"width\":500,\"height\":500},{\"@type\":\"BreadcrumbList\",\"@id\":\"https:\/\/www.gymnastica.fi\/sv\/tuote\/gymnova-ankare-utan-kemisk-baddning-16-st-gy-ex-2016\/#breadcrumb\",\"itemListElement\":[{\"@type\":\"ListItem\",\"position\":1,\"name\":\"Home\",\"item\":\"https:\/\/www.gymnastica.fi\/sv\/\"},{\"@type\":\"ListItem\",\"position\":2,\"name\":\"Butik\",\"item\":\"https:\/\/www.gymnastica.fi\/sv\/butik\/\"},{\"@type\":\"ListItem\",\"position\":3,\"name\":\"Gymnova ankare utan kemisk b\u00e4ddning 16 st GY-EX\/2016\"}]},{\"@type\":\"WebSite\",\"@id\":\"https:\/\/www.gymnastica.fi\/#website\",\"url\":\"https:\/\/www.gymnastica.fi\/\",\"name\":\"Gymnastica\",\"description\":\"Liikunta- ja urheilutilasuunnittelun ja v\u00e4lineiden asiantuntija\",\"publisher\":{\"@id\":\"https:\/\/www.gymnastica.fi\/#organization\"},\"potentialAction\":[{\"@type\":\"SearchAction\",\"target\":{\"@type\":\"EntryPoint\",\"urlTemplate\":\"https:\/\/www.gymnastica.fi\/?s={search_term_string}\"},\"query-input\":{\"@type\":\"PropertyValueSpecification\",\"valueRequired\":true,\"valueName\":\"search_term_string\"}}],\"inLanguage\":\"sv-SE\"},{\"@type\":\"Organization\",\"@id\":\"https:\/\/www.gymnastica.fi\/#organization\",\"name\":\"Gymnastica\",\"url\":\"https:\/\/www.gymnastica.fi\/\",\"logo\":{\"@type\":\"ImageObject\",\"inLanguage\":\"sv-SE\",\"@id\":\"https:\/\/www.gymnastica.fi\/#\/schema\/logo\/image\/\",\"url\":\"https:\/\/www.gymnastica.fi\/app\/uploads\/2021\/04\/logo.svg\",\"contentUrl\":\"https:\/\/www.gymnastica.fi\/app\/uploads\/2021\/04\/logo.svg\",\"width\":246,\"height\":59,\"caption\":\"Gymnastica\"},\"image\":{\"@id\":\"https:\/\/www.gymnastica.fi\/#\/schema\/logo\/image\/\"}}]}<\/script>\n<!-- \/ Yoast SEO plugin. -->","yoast_head_json":{"title":"Gymnova ankare utan kemisk b\u00e4ddning 16 st GY-EX\/2016 &#8212; Gymnastica","robots":{"index":"index","follow":"follow","max-snippet":"max-snippet:-1","max-image-preview":"max-image-preview:large","max-video-preview":"max-video-preview:-1"},"canonical":"https:\/\/www.gymnastica.fi\/sv\/tuote\/gymnova-ankare-utan-kemisk-baddning-16-st-gy-ex-2016\/","og_locale":"sv_SE","og_type":"article","og_title":"Gymnova ankare utan kemisk b\u00e4ddning 16 st GY-EX\/2016 &#8212; Gymnastica","og_description":"Gymnova ankare f\u00f6r kemisk f\u00e4ste med kragar men utan kemisk b\u00e4dd. Set med 16 ankare. Snabb installation i f\u00e4rdiga golv. Undviker murarbeten. OBS: kan endast anv\u00e4ndas i betongplattor av god kvalitet, med en tjocklek p\u00e5 minst 125 mm och en styrka p\u00e5 23 MPA (megapascal). V\u00e4nligen kontakta oss f\u00f6r tunna plattor med en tjocklek mellan [&hellip;]","og_url":"https:\/\/www.gymnastica.fi\/sv\/tuote\/gymnova-ankare-utan-kemisk-baddning-16-st-gy-ex-2016\/","og_site_name":"Gymnastica","og_image":[{"width":500,"height":500,"url":"https:\/\/www.gymnastica.fi\/app\/uploads\/2025\/03\/4.jpg","type":"image\/jpeg"}],"twitter_card":"summary_large_image","twitter_misc":{"Est. reading time":"1 minute"},"schema":{"@context":"https:\/\/schema.org","@graph":[{"@type":"WebPage","@id":"https:\/\/www.gymnastica.fi\/sv\/tuote\/gymnova-ankare-utan-kemisk-baddning-16-st-gy-ex-2016\/","url":"https:\/\/www.gymnastica.fi\/sv\/tuote\/gymnova-ankare-utan-kemisk-baddning-16-st-gy-ex-2016\/","name":"Gymnova ankare utan kemisk b\u00e4ddning 16 st GY-EX\/2016 &#8212; Gymnastica","isPartOf":{"@id":"https:\/\/www.gymnastica.fi\/#website"},"primaryImageOfPage":{"@id":"https:\/\/www.gymnastica.fi\/sv\/tuote\/gymnova-ankare-utan-kemisk-baddning-16-st-gy-ex-2016\/#primaryimage"},"image":{"@id":"https:\/\/www.gymnastica.fi\/sv\/tuote\/gymnova-ankare-utan-kemisk-baddning-16-st-gy-ex-2016\/#primaryimage"},"thumbnailUrl":"https:\/\/www.gymnastica.fi\/app\/uploads\/2025\/03\/4.jpg","datePublished":"2025-03-13T12:29:22+00:00","breadcrumb":{"@id":"https:\/\/www.gymnastica.fi\/sv\/tuote\/gymnova-ankare-utan-kemisk-baddning-16-st-gy-ex-2016\/#breadcrumb"},"inLanguage":"sv-SE","potentialAction":[{"@type":"ReadAction","target":["https:\/\/www.gymnastica.fi\/sv\/tuote\/gymnova-ankare-utan-kemisk-baddning-16-st-gy-ex-2016\/"]}]},{"@type":"ImageObject","inLanguage":"sv-SE","@id":"https:\/\/www.gymnastica.fi\/sv\/tuote\/gymnova-ankare-utan-kemisk-baddning-16-st-gy-ex-2016\/#primaryimage","url":"https:\/\/www.gymnastica.fi\/app\/uploads\/2025\/03\/4.jpg","contentUrl":"https:\/\/www.gymnastica.fi\/app\/uploads\/2025\/03\/4.jpg","width":500,"height":500},{"@type":"BreadcrumbList","@id":"https:\/\/www.gymnastica.fi\/sv\/tuote\/gymnova-ankare-utan-kemisk-baddning-16-st-gy-ex-2016\/#breadcrumb","itemListElement":[{"@type":"ListItem","position":1,"name":"Home","item":"https:\/\/www.gymnastica.fi\/sv\/"},{"@type":"ListItem","position":2,"name":"Butik","item":"https:\/\/www.gymnastica.fi\/sv\/butik\/"},{"@type":"ListItem","position":3,"name":"Gymnova ankare utan kemisk b\u00e4ddning 16 st GY-EX\/2016"}]},{"@type":"WebSite","@id":"https:\/\/www.gymnastica.fi\/#website","url":"https:\/\/www.gymnastica.fi\/","name":"Gymnastica","description":"Liikunta- ja urheilutilasuunnittelun ja v\u00e4lineiden asiantuntija","publisher":{"@id":"https:\/\/www.gymnastica.fi\/#organization"},"potentialAction":[{"@type":"SearchAction","target":{"@type":"EntryPoint","urlTemplate":"https:\/\/www.gymnastica.fi\/?s={search_term_string}"},"query-input":{"@type":"PropertyValueSpecification","valueRequired":true,"valueName":"search_term_string"}}],"inLanguage":"sv-SE"},{"@type":"Organization","@id":"https:\/\/www.gymnastica.fi\/#organization","name":"Gymnastica","url":"https:\/\/www.gymnastica.fi\/","logo":{"@type":"ImageObject","inLanguage":"sv-SE","@id":"https:\/\/www.gymnastica.fi\/#\/schema\/logo\/image\/","url":"https:\/\/www.gymnastica.fi\/app\/uploads\/2021\/04\/logo.svg","contentUrl":"https:\/\/www.gymnastica.fi\/app\/uploads\/2021\/04\/logo.svg","width":246,"height":59,"caption":"Gymnastica"},"image":{"@id":"https:\/\/www.gymnastica.fi\/#\/schema\/logo\/image\/"}}]}},"_links":{"self":[{"href":"https:\/\/www.gymnastica.fi\/sv\/wp-json\/wp\/v2\/product\/43919","targetHints":{"allow":["GET"]}}],"collection":[{"href":"https:\/\/www.gymnastica.fi\/sv\/wp-json\/wp\/v2\/product"}],"about":[{"href":"https:\/\/www.gymnastica.fi\/sv\/wp-json\/wp\/v2\/types\/product"}],"wp:featuredmedia":[{"embeddable":true,"href":"https:\/\/www.gymnastica.fi\/sv\/wp-json\/wp\/v2\/media\/43090"}],"wp:attachment":[{"href":"https:\/\/www.gymnastica.fi\/sv\/wp-json\/wp\/v2\/media?parent=43919"}],"wp:term":[{"taxonomy":"product_brand","embeddable":true,"href":"https:\/\/www.gymnastica.fi\/sv\/wp-json\/wp\/v2\/product_brand?post=43919"},{"taxonomy":"product_cat","embeddable":true,"href":"https:\/\/www.gymnastica.fi\/sv\/wp-json\/wp\/v2\/product_cat?post=43919"},{"taxonomy":"product_tag","embeddable":true,"href":"https:\/\/www.gymnastica.fi\/sv\/wp-json\/wp\/v2\/product_tag?post=43919"},{"taxonomy":"manufacturers","embeddable":true,"href":"https:\/\/www.gymnastica.fi\/sv\/wp-json\/wp\/v2\/manufacturers?post=43919"},{"taxonomy":"suppliers","embeddable":true,"href":"https:\/\/www.gymnastica.fi\/sv\/wp-json\/wp\/v2\/suppliers?post=43919"}],"curies":[{"name":"wp","href":"https:\/\/api.w.org\/{rel}","templated":true}]}}