{"id":43926,"date":"2025-05-12T15:35:34","date_gmt":"2025-05-12T12:35:34","guid":{"rendered":"https:\/\/www.gymnastica.fi\/tuote\/gymnova-novatrack-tva-kompletta-tumblingbanor-satsbana-och-landningsomrade-gy-6294-fig\/"},"modified":"2025-05-12T15:35:34","modified_gmt":"2025-05-12T12:35:34","slug":"gymnova-novatrack-tva-kompletta-tumblingbanor-satsbana-och-landningsomrade-gy-6294-fig","status":"publish","type":"product","link":"https:\/\/www.gymnastica.fi\/sv\/tuote\/gymnova-novatrack-tva-kompletta-tumblingbanor-satsbana-och-landningsomrade-gy-6294-fig\/","title":{"rendered":"Gymnova Novatrack &#8211; Tv\u00e5 kompletta tumblingbanor, satsbana och landningsomr\u00e5de GY-6294 FIG"},"content":{"rendered":"<p>Denna av FIG-godk\u00e4nda kompletta tumlabanor erbjuder en milj\u00f6 som fr\u00e4mjar l\u00e4rande, f\u00f6rb\u00e4ttring och t\u00e4vling. Den kompletta banan best\u00e5r av (GY-6198) 25,20 m gymnastikbana med FIG-m\u00e4rkning av zonerna med hj\u00e4lp av krok-och-loopband, (GY-6297) 10,50 m ansatsbana och (GY-6299) 30 cm tjock landningsyta som erbjuder optimal d\u00e4mpning f\u00f6r de slutliga akrobatiska r\u00f6relserna hos tumlare och gymnaster. Fiberglassystemets flexibilitet ger anv\u00e4ndarna dynamik och kontrollerad \u00e5terstuds, vilket m\u00f6jligg\u00f6r upprepade utf\u00f6randen av akrobatiska \u00f6vningar samtidigt som risken f\u00f6r skador och belastningar minimeras. Den \u00f6vergripande designen och de material som anv\u00e4nds s\u00e4kerst\u00e4ller ocks\u00e5 optimal ljudisolering av banan, vilket g\u00f6r den behaglig och tyst att anv\u00e4nda. Komforten tillhandah\u00e5lls av en 38 mm rullbar bana (med en 5 mm n\u00e5lkammad matta flammad p\u00e5 polyeten-skum med enkel densitet) och en andra 25 mm rullbar bana (med en 5 mm n\u00e5lkammad matta p\u00e5 polyeten-skum med dubbel densitet). Banorna \u00e4r f\u00f6rst\u00e4rkta f\u00f6r att f\u00f6rhindra perforeringar och garantera en l\u00e4ngre produktlivsl\u00e4ngd.<\/p>\n","protected":false},"excerpt":{"rendered":"<p>Denna av FIG-godk\u00e4nda kompletta tumlabanor erbjuder en milj\u00f6 som fr\u00e4mjar l\u00e4rande, f\u00f6rb\u00e4ttring och t\u00e4vling. Den kompletta banan best\u00e5r av (GY-6198) 25,20 m gymnastikbana med FIG-m\u00e4rkning av zonerna med hj\u00e4lp av krok-och-loopband, (GY-6297) 10,50 m ansatsbana och (GY-6299) 30 cm tjock landningsyta som erbjuder optimal d\u00e4mpning f\u00f6r de slutliga akrobatiska r\u00f6relserna hos tumlare och gymnaster. Fiberglassystemets [&hellip;]<\/p>\n","protected":false},"featured_media":43721,"template":"","meta":{"_acf_changed":false,"_relevanssi_hide_post":"","_relevanssi_hide_content":"","_relevanssi_pin_for_all":"","_relevanssi_pin_keywords":"","_relevanssi_unpin_keywords":"","_relevanssi_related_keywords":"","_relevanssi_related_include_ids":"","_relevanssi_related_exclude_ids":"","_relevanssi_related_no_append":"","_relevanssi_related_not_related":"","_relevanssi_related_posts":"","_relevanssi_noindex_reason":""},"product_brand":[],"product_cat":[1654,2648,2373,2374,2921,3423,2548,3300],"product_tag":[2915,2707],"manufacturers":[],"suppliers":[],"class_list":{"0":"post-43926","1":"product","2":"type-product","3":"status-publish","4":"has-post-thumbnail","6":"product_cat-marken","7":"product_cat-gymnova-sv","8":"product_cat-teamgym-sv","9":"product_cat-anloppsbana","10":"product_cat-voltbanor","11":"product_cat-ansatsbanor","12":"product_cat-trampolin-gymnastik","13":"product_cat-anloppsbanor","14":"product_tag-ansatsbana","15":"product_tag-voltbana","17":"first","18":"onbackorder","19":"taxable","20":"shipping-taxable","21":"product-type-simple"},"acf":[],"yoast_head":"<!-- This site is optimized with the Yoast SEO plugin v26.8 - https:\/\/yoast.com\/product\/yoast-seo-wordpress\/ -->\n<title>Gymnova Novatrack - Tv\u00e5 kompletta tumblingbanor, satsbana och landningsomr\u00e5de GY-6294 FIG &#8212; Gymnastica<\/title>\n<meta name=\"robots\" content=\"index, follow, max-snippet:-1, max-image-preview:large, max-video-preview:-1\" \/>\n<link rel=\"canonical\" href=\"https:\/\/www.gymnastica.fi\/sv\/tuote\/gymnova-novatrack-tva-kompletta-tumblingbanor-satsbana-och-landningsomrade-gy-6294-fig\/\" \/>\n<meta property=\"og:locale\" content=\"sv_SE\" \/>\n<meta property=\"og:type\" content=\"article\" \/>\n<meta property=\"og:title\" content=\"Gymnova Novatrack - Tv\u00e5 kompletta tumblingbanor, satsbana och landningsomr\u00e5de GY-6294 FIG &#8212; Gymnastica\" \/>\n<meta property=\"og:description\" content=\"Denna av FIG-godk\u00e4nda kompletta tumlabanor erbjuder en milj\u00f6 som fr\u00e4mjar l\u00e4rande, f\u00f6rb\u00e4ttring och t\u00e4vling. Den kompletta banan best\u00e5r av (GY-6198) 25,20 m gymnastikbana med FIG-m\u00e4rkning av zonerna med hj\u00e4lp av krok-och-loopband, (GY-6297) 10,50 m ansatsbana och (GY-6299) 30 cm tjock landningsyta som erbjuder optimal d\u00e4mpning f\u00f6r de slutliga akrobatiska r\u00f6relserna hos tumlare och gymnaster. Fiberglassystemets [&hellip;]\" \/>\n<meta property=\"og:url\" content=\"https:\/\/www.gymnastica.fi\/sv\/tuote\/gymnova-novatrack-tva-kompletta-tumblingbanor-satsbana-och-landningsomrade-gy-6294-fig\/\" \/>\n<meta property=\"og:site_name\" content=\"Gymnastica\" \/>\n<meta property=\"og:image\" content=\"https:\/\/www.gymnastica.fi\/app\/uploads\/2025\/05\/GY-6294.jpg\" \/>\n\t<meta property=\"og:image:width\" content=\"688\" \/>\n\t<meta property=\"og:image:height\" content=\"500\" \/>\n\t<meta property=\"og:image:type\" content=\"image\/jpeg\" \/>\n<meta name=\"twitter:card\" content=\"summary_large_image\" \/>\n<meta name=\"twitter:label1\" content=\"Est. reading time\" \/>\n\t<meta name=\"twitter:data1\" content=\"1 minute\" \/>\n<script type=\"application\/ld+json\" class=\"yoast-schema-graph\">{\"@context\":\"https:\/\/schema.org\",\"@graph\":[{\"@type\":\"WebPage\",\"@id\":\"https:\/\/www.gymnastica.fi\/sv\/tuote\/gymnova-novatrack-tva-kompletta-tumblingbanor-satsbana-och-landningsomrade-gy-6294-fig\/\",\"url\":\"https:\/\/www.gymnastica.fi\/sv\/tuote\/gymnova-novatrack-tva-kompletta-tumblingbanor-satsbana-och-landningsomrade-gy-6294-fig\/\",\"name\":\"Gymnova Novatrack - Tv\u00e5 kompletta tumblingbanor, satsbana och landningsomr\u00e5de GY-6294 FIG &#8212; Gymnastica\",\"isPartOf\":{\"@id\":\"https:\/\/www.gymnastica.fi\/#website\"},\"primaryImageOfPage\":{\"@id\":\"https:\/\/www.gymnastica.fi\/sv\/tuote\/gymnova-novatrack-tva-kompletta-tumblingbanor-satsbana-och-landningsomrade-gy-6294-fig\/#primaryimage\"},\"image\":{\"@id\":\"https:\/\/www.gymnastica.fi\/sv\/tuote\/gymnova-novatrack-tva-kompletta-tumblingbanor-satsbana-och-landningsomrade-gy-6294-fig\/#primaryimage\"},\"thumbnailUrl\":\"https:\/\/www.gymnastica.fi\/app\/uploads\/2025\/05\/GY-6294.jpg\",\"datePublished\":\"2025-05-12T12:35:34+00:00\",\"breadcrumb\":{\"@id\":\"https:\/\/www.gymnastica.fi\/sv\/tuote\/gymnova-novatrack-tva-kompletta-tumblingbanor-satsbana-och-landningsomrade-gy-6294-fig\/#breadcrumb\"},\"inLanguage\":\"sv-SE\",\"potentialAction\":[{\"@type\":\"ReadAction\",\"target\":[\"https:\/\/www.gymnastica.fi\/sv\/tuote\/gymnova-novatrack-tva-kompletta-tumblingbanor-satsbana-och-landningsomrade-gy-6294-fig\/\"]}]},{\"@type\":\"ImageObject\",\"inLanguage\":\"sv-SE\",\"@id\":\"https:\/\/www.gymnastica.fi\/sv\/tuote\/gymnova-novatrack-tva-kompletta-tumblingbanor-satsbana-och-landningsomrade-gy-6294-fig\/#primaryimage\",\"url\":\"https:\/\/www.gymnastica.fi\/app\/uploads\/2025\/05\/GY-6294.jpg\",\"contentUrl\":\"https:\/\/www.gymnastica.fi\/app\/uploads\/2025\/05\/GY-6294.jpg\",\"width\":688,\"height\":500},{\"@type\":\"BreadcrumbList\",\"@id\":\"https:\/\/www.gymnastica.fi\/sv\/tuote\/gymnova-novatrack-tva-kompletta-tumblingbanor-satsbana-och-landningsomrade-gy-6294-fig\/#breadcrumb\",\"itemListElement\":[{\"@type\":\"ListItem\",\"position\":1,\"name\":\"Home\",\"item\":\"https:\/\/www.gymnastica.fi\/sv\/\"},{\"@type\":\"ListItem\",\"position\":2,\"name\":\"Butik\",\"item\":\"https:\/\/www.gymnastica.fi\/sv\/butik\/\"},{\"@type\":\"ListItem\",\"position\":3,\"name\":\"Gymnova Novatrack &#8211; Tv\u00e5 kompletta tumblingbanor, satsbana och landningsomr\u00e5de GY-6294 FIG\"}]},{\"@type\":\"WebSite\",\"@id\":\"https:\/\/www.gymnastica.fi\/#website\",\"url\":\"https:\/\/www.gymnastica.fi\/\",\"name\":\"Gymnastica\",\"description\":\"Liikunta- ja urheilutilasuunnittelun ja v\u00e4lineiden asiantuntija\",\"publisher\":{\"@id\":\"https:\/\/www.gymnastica.fi\/#organization\"},\"potentialAction\":[{\"@type\":\"SearchAction\",\"target\":{\"@type\":\"EntryPoint\",\"urlTemplate\":\"https:\/\/www.gymnastica.fi\/?s={search_term_string}\"},\"query-input\":{\"@type\":\"PropertyValueSpecification\",\"valueRequired\":true,\"valueName\":\"search_term_string\"}}],\"inLanguage\":\"sv-SE\"},{\"@type\":\"Organization\",\"@id\":\"https:\/\/www.gymnastica.fi\/#organization\",\"name\":\"Gymnastica\",\"url\":\"https:\/\/www.gymnastica.fi\/\",\"logo\":{\"@type\":\"ImageObject\",\"inLanguage\":\"sv-SE\",\"@id\":\"https:\/\/www.gymnastica.fi\/#\/schema\/logo\/image\/\",\"url\":\"https:\/\/www.gymnastica.fi\/app\/uploads\/2021\/04\/logo.svg\",\"contentUrl\":\"https:\/\/www.gymnastica.fi\/app\/uploads\/2021\/04\/logo.svg\",\"width\":246,\"height\":59,\"caption\":\"Gymnastica\"},\"image\":{\"@id\":\"https:\/\/www.gymnastica.fi\/#\/schema\/logo\/image\/\"}}]}<\/script>\n<!-- \/ Yoast SEO plugin. -->","yoast_head_json":{"title":"Gymnova Novatrack - Tv\u00e5 kompletta tumblingbanor, satsbana och landningsomr\u00e5de GY-6294 FIG &#8212; Gymnastica","robots":{"index":"index","follow":"follow","max-snippet":"max-snippet:-1","max-image-preview":"max-image-preview:large","max-video-preview":"max-video-preview:-1"},"canonical":"https:\/\/www.gymnastica.fi\/sv\/tuote\/gymnova-novatrack-tva-kompletta-tumblingbanor-satsbana-och-landningsomrade-gy-6294-fig\/","og_locale":"sv_SE","og_type":"article","og_title":"Gymnova Novatrack - Tv\u00e5 kompletta tumblingbanor, satsbana och landningsomr\u00e5de GY-6294 FIG &#8212; Gymnastica","og_description":"Denna av FIG-godk\u00e4nda kompletta tumlabanor erbjuder en milj\u00f6 som fr\u00e4mjar l\u00e4rande, f\u00f6rb\u00e4ttring och t\u00e4vling. Den kompletta banan best\u00e5r av (GY-6198) 25,20 m gymnastikbana med FIG-m\u00e4rkning av zonerna med hj\u00e4lp av krok-och-loopband, (GY-6297) 10,50 m ansatsbana och (GY-6299) 30 cm tjock landningsyta som erbjuder optimal d\u00e4mpning f\u00f6r de slutliga akrobatiska r\u00f6relserna hos tumlare och gymnaster. Fiberglassystemets [&hellip;]","og_url":"https:\/\/www.gymnastica.fi\/sv\/tuote\/gymnova-novatrack-tva-kompletta-tumblingbanor-satsbana-och-landningsomrade-gy-6294-fig\/","og_site_name":"Gymnastica","og_image":[{"width":688,"height":500,"url":"https:\/\/www.gymnastica.fi\/app\/uploads\/2025\/05\/GY-6294.jpg","type":"image\/jpeg"}],"twitter_card":"summary_large_image","twitter_misc":{"Est. reading time":"1 minute"},"schema":{"@context":"https:\/\/schema.org","@graph":[{"@type":"WebPage","@id":"https:\/\/www.gymnastica.fi\/sv\/tuote\/gymnova-novatrack-tva-kompletta-tumblingbanor-satsbana-och-landningsomrade-gy-6294-fig\/","url":"https:\/\/www.gymnastica.fi\/sv\/tuote\/gymnova-novatrack-tva-kompletta-tumblingbanor-satsbana-och-landningsomrade-gy-6294-fig\/","name":"Gymnova Novatrack - Tv\u00e5 kompletta tumblingbanor, satsbana och landningsomr\u00e5de GY-6294 FIG &#8212; Gymnastica","isPartOf":{"@id":"https:\/\/www.gymnastica.fi\/#website"},"primaryImageOfPage":{"@id":"https:\/\/www.gymnastica.fi\/sv\/tuote\/gymnova-novatrack-tva-kompletta-tumblingbanor-satsbana-och-landningsomrade-gy-6294-fig\/#primaryimage"},"image":{"@id":"https:\/\/www.gymnastica.fi\/sv\/tuote\/gymnova-novatrack-tva-kompletta-tumblingbanor-satsbana-och-landningsomrade-gy-6294-fig\/#primaryimage"},"thumbnailUrl":"https:\/\/www.gymnastica.fi\/app\/uploads\/2025\/05\/GY-6294.jpg","datePublished":"2025-05-12T12:35:34+00:00","breadcrumb":{"@id":"https:\/\/www.gymnastica.fi\/sv\/tuote\/gymnova-novatrack-tva-kompletta-tumblingbanor-satsbana-och-landningsomrade-gy-6294-fig\/#breadcrumb"},"inLanguage":"sv-SE","potentialAction":[{"@type":"ReadAction","target":["https:\/\/www.gymnastica.fi\/sv\/tuote\/gymnova-novatrack-tva-kompletta-tumblingbanor-satsbana-och-landningsomrade-gy-6294-fig\/"]}]},{"@type":"ImageObject","inLanguage":"sv-SE","@id":"https:\/\/www.gymnastica.fi\/sv\/tuote\/gymnova-novatrack-tva-kompletta-tumblingbanor-satsbana-och-landningsomrade-gy-6294-fig\/#primaryimage","url":"https:\/\/www.gymnastica.fi\/app\/uploads\/2025\/05\/GY-6294.jpg","contentUrl":"https:\/\/www.gymnastica.fi\/app\/uploads\/2025\/05\/GY-6294.jpg","width":688,"height":500},{"@type":"BreadcrumbList","@id":"https:\/\/www.gymnastica.fi\/sv\/tuote\/gymnova-novatrack-tva-kompletta-tumblingbanor-satsbana-och-landningsomrade-gy-6294-fig\/#breadcrumb","itemListElement":[{"@type":"ListItem","position":1,"name":"Home","item":"https:\/\/www.gymnastica.fi\/sv\/"},{"@type":"ListItem","position":2,"name":"Butik","item":"https:\/\/www.gymnastica.fi\/sv\/butik\/"},{"@type":"ListItem","position":3,"name":"Gymnova Novatrack &#8211; Tv\u00e5 kompletta tumblingbanor, satsbana och landningsomr\u00e5de GY-6294 FIG"}]},{"@type":"WebSite","@id":"https:\/\/www.gymnastica.fi\/#website","url":"https:\/\/www.gymnastica.fi\/","name":"Gymnastica","description":"Liikunta- ja urheilutilasuunnittelun ja v\u00e4lineiden asiantuntija","publisher":{"@id":"https:\/\/www.gymnastica.fi\/#organization"},"potentialAction":[{"@type":"SearchAction","target":{"@type":"EntryPoint","urlTemplate":"https:\/\/www.gymnastica.fi\/?s={search_term_string}"},"query-input":{"@type":"PropertyValueSpecification","valueRequired":true,"valueName":"search_term_string"}}],"inLanguage":"sv-SE"},{"@type":"Organization","@id":"https:\/\/www.gymnastica.fi\/#organization","name":"Gymnastica","url":"https:\/\/www.gymnastica.fi\/","logo":{"@type":"ImageObject","inLanguage":"sv-SE","@id":"https:\/\/www.gymnastica.fi\/#\/schema\/logo\/image\/","url":"https:\/\/www.gymnastica.fi\/app\/uploads\/2021\/04\/logo.svg","contentUrl":"https:\/\/www.gymnastica.fi\/app\/uploads\/2021\/04\/logo.svg","width":246,"height":59,"caption":"Gymnastica"},"image":{"@id":"https:\/\/www.gymnastica.fi\/#\/schema\/logo\/image\/"}}]}},"_links":{"self":[{"href":"https:\/\/www.gymnastica.fi\/sv\/wp-json\/wp\/v2\/product\/43926","targetHints":{"allow":["GET"]}}],"collection":[{"href":"https:\/\/www.gymnastica.fi\/sv\/wp-json\/wp\/v2\/product"}],"about":[{"href":"https:\/\/www.gymnastica.fi\/sv\/wp-json\/wp\/v2\/types\/product"}],"wp:featuredmedia":[{"embeddable":true,"href":"https:\/\/www.gymnastica.fi\/sv\/wp-json\/wp\/v2\/media\/43721"}],"wp:attachment":[{"href":"https:\/\/www.gymnastica.fi\/sv\/wp-json\/wp\/v2\/media?parent=43926"}],"wp:term":[{"taxonomy":"product_brand","embeddable":true,"href":"https:\/\/www.gymnastica.fi\/sv\/wp-json\/wp\/v2\/product_brand?post=43926"},{"taxonomy":"product_cat","embeddable":true,"href":"https:\/\/www.gymnastica.fi\/sv\/wp-json\/wp\/v2\/product_cat?post=43926"},{"taxonomy":"product_tag","embeddable":true,"href":"https:\/\/www.gymnastica.fi\/sv\/wp-json\/wp\/v2\/product_tag?post=43926"},{"taxonomy":"manufacturers","embeddable":true,"href":"https:\/\/www.gymnastica.fi\/sv\/wp-json\/wp\/v2\/manufacturers?post=43926"},{"taxonomy":"suppliers","embeddable":true,"href":"https:\/\/www.gymnastica.fi\/sv\/wp-json\/wp\/v2\/suppliers?post=43926"}],"curies":[{"name":"wp","href":"https:\/\/api.w.org\/{rel}","templated":true}]}}