{"id":43928,"date":"2025-05-12T15:29:03","date_gmt":"2025-05-12T12:29:03","guid":{"rendered":"https:\/\/www.gymnastica.fi\/tuote\/gymnova-ansatsbana-for-novatrack-tva-trampolinbana-gy-6297\/"},"modified":"2025-05-12T15:29:03","modified_gmt":"2025-05-12T12:29:03","slug":"gymnova-ansatsbana-for-novatrack-tva-trampolinbana-gy-6297","status":"publish","type":"product","link":"https:\/\/www.gymnastica.fi\/sv\/tuote\/gymnova-ansatsbana-for-novatrack-tva-trampolinbana-gy-6297\/","title":{"rendered":"Gymnova ansatsbana f\u00f6r Novatrack&#8217; Tv\u00e5 trampolinbana GY-6297"},"content":{"rendered":"<p>Gymnova anspr\u00e5ngsbanor f\u00f6r Novatrack&#8217; Tv\u00e5 kullagerbana GY-6198. L\u00e4ngd 10,5 m, bredd 1,0 m och h\u00f6jd 30 cm. Best\u00e5r av sju tr\u00e4element 150 x 100 x 27,5 cm, ovanp\u00e5 vilka finns en anspr\u00e5ngsmatta p\u00e5 10,5 m x 1 m x 25 mm. \u00d6verytan p\u00e5 mattan \u00e4r slitstark och trevlig stickad filt, som \u00e4r laminerad p\u00e5 polyetenskummets undersida. Halkfri yta p\u00e5 botten. Elementen \u00e4r utrustade med sj\u00e4lvh\u00e4ftande flikar f\u00f6r sammankoppling. Sidorna kantade med r\u00f6da PVC-tyg.<\/p>\n","protected":false},"excerpt":{"rendered":"<p>Gymnova anspr\u00e5ngsbanor f\u00f6r Novatrack&#8217; Tv\u00e5 kullagerbana GY-6198. L\u00e4ngd 10,5 m, bredd 1,0 m och h\u00f6jd 30 cm. Best\u00e5r av sju tr\u00e4element 150 x 100 x 27,5 cm, ovanp\u00e5 vilka finns en anspr\u00e5ngsmatta p\u00e5 10,5 m x 1 m x 25 mm. \u00d6verytan p\u00e5 mattan \u00e4r slitstark och trevlig stickad filt, som \u00e4r laminerad p\u00e5 polyetenskummets [&hellip;]<\/p>\n","protected":false},"featured_media":43717,"template":"","meta":{"_acf_changed":false,"_relevanssi_hide_post":"","_relevanssi_hide_content":"","_relevanssi_pin_for_all":"","_relevanssi_pin_keywords":"","_relevanssi_unpin_keywords":"","_relevanssi_related_keywords":"","_relevanssi_related_include_ids":"","_relevanssi_related_exclude_ids":"","_relevanssi_related_no_append":"","_relevanssi_related_not_related":"","_relevanssi_related_posts":"","_relevanssi_noindex_reason":""},"product_brand":[],"product_cat":[1654,2648,2373,2374,1918,3423,2548,3300],"product_tag":[2915,3986],"manufacturers":[],"suppliers":[],"class_list":{"0":"post-43928","1":"product","2":"type-product","3":"status-publish","4":"has-post-thumbnail","6":"product_cat-marken","7":"product_cat-gymnova-sv","8":"product_cat-teamgym-sv","9":"product_cat-anloppsbana","10":"product_cat-redskapsgymnastik","11":"product_cat-ansatsbanor","12":"product_cat-trampolin-gymnastik","13":"product_cat-anloppsbanor","14":"product_tag-ansatsbana","15":"product_tag-novatra-sv","17":"first","18":"onbackorder","19":"taxable","20":"shipping-taxable","21":"product-type-simple"},"acf":[],"yoast_head":"<!-- This site is optimized with the Yoast SEO plugin v26.8 - https:\/\/yoast.com\/product\/yoast-seo-wordpress\/ -->\n<title>Gymnova ansatsbana f\u00f6r Novatrack&#039; Tv\u00e5 trampolinbana GY-6297 &#8212; Gymnastica<\/title>\n<meta name=\"robots\" content=\"index, follow, max-snippet:-1, max-image-preview:large, max-video-preview:-1\" \/>\n<link rel=\"canonical\" href=\"https:\/\/www.gymnastica.fi\/sv\/tuote\/gymnova-ansatsbana-for-novatrack-tva-trampolinbana-gy-6297\/\" \/>\n<meta property=\"og:locale\" content=\"sv_SE\" \/>\n<meta property=\"og:type\" content=\"article\" \/>\n<meta property=\"og:title\" content=\"Gymnova ansatsbana f\u00f6r Novatrack&#039; Tv\u00e5 trampolinbana GY-6297 &#8212; Gymnastica\" \/>\n<meta property=\"og:description\" content=\"Gymnova anspr\u00e5ngsbanor f\u00f6r Novatrack&#8217; Tv\u00e5 kullagerbana GY-6198. L\u00e4ngd 10,5 m, bredd 1,0 m och h\u00f6jd 30 cm. Best\u00e5r av sju tr\u00e4element 150 x 100 x 27,5 cm, ovanp\u00e5 vilka finns en anspr\u00e5ngsmatta p\u00e5 10,5 m x 1 m x 25 mm. \u00d6verytan p\u00e5 mattan \u00e4r slitstark och trevlig stickad filt, som \u00e4r laminerad p\u00e5 polyetenskummets [&hellip;]\" \/>\n<meta property=\"og:url\" content=\"https:\/\/www.gymnastica.fi\/sv\/tuote\/gymnova-ansatsbana-for-novatrack-tva-trampolinbana-gy-6297\/\" \/>\n<meta property=\"og:site_name\" content=\"Gymnastica\" \/>\n<meta property=\"og:image\" content=\"https:\/\/www.gymnastica.fi\/app\/uploads\/2025\/05\/GY-6297A.jpg\" \/>\n\t<meta property=\"og:image:width\" content=\"1024\" \/>\n\t<meta property=\"og:image:height\" content=\"1024\" \/>\n\t<meta property=\"og:image:type\" content=\"image\/jpeg\" \/>\n<meta name=\"twitter:card\" content=\"summary_large_image\" \/>\n<script type=\"application\/ld+json\" class=\"yoast-schema-graph\">{\"@context\":\"https:\/\/schema.org\",\"@graph\":[{\"@type\":\"WebPage\",\"@id\":\"https:\/\/www.gymnastica.fi\/sv\/tuote\/gymnova-ansatsbana-for-novatrack-tva-trampolinbana-gy-6297\/\",\"url\":\"https:\/\/www.gymnastica.fi\/sv\/tuote\/gymnova-ansatsbana-for-novatrack-tva-trampolinbana-gy-6297\/\",\"name\":\"Gymnova ansatsbana f\u00f6r Novatrack' Tv\u00e5 trampolinbana GY-6297 &#8212; Gymnastica\",\"isPartOf\":{\"@id\":\"https:\/\/www.gymnastica.fi\/#website\"},\"primaryImageOfPage\":{\"@id\":\"https:\/\/www.gymnastica.fi\/sv\/tuote\/gymnova-ansatsbana-for-novatrack-tva-trampolinbana-gy-6297\/#primaryimage\"},\"image\":{\"@id\":\"https:\/\/www.gymnastica.fi\/sv\/tuote\/gymnova-ansatsbana-for-novatrack-tva-trampolinbana-gy-6297\/#primaryimage\"},\"thumbnailUrl\":\"https:\/\/www.gymnastica.fi\/app\/uploads\/2025\/05\/GY-6297A.jpg\",\"datePublished\":\"2025-05-12T12:29:03+00:00\",\"breadcrumb\":{\"@id\":\"https:\/\/www.gymnastica.fi\/sv\/tuote\/gymnova-ansatsbana-for-novatrack-tva-trampolinbana-gy-6297\/#breadcrumb\"},\"inLanguage\":\"sv-SE\",\"potentialAction\":[{\"@type\":\"ReadAction\",\"target\":[\"https:\/\/www.gymnastica.fi\/sv\/tuote\/gymnova-ansatsbana-for-novatrack-tva-trampolinbana-gy-6297\/\"]}]},{\"@type\":\"ImageObject\",\"inLanguage\":\"sv-SE\",\"@id\":\"https:\/\/www.gymnastica.fi\/sv\/tuote\/gymnova-ansatsbana-for-novatrack-tva-trampolinbana-gy-6297\/#primaryimage\",\"url\":\"https:\/\/www.gymnastica.fi\/app\/uploads\/2025\/05\/GY-6297A.jpg\",\"contentUrl\":\"https:\/\/www.gymnastica.fi\/app\/uploads\/2025\/05\/GY-6297A.jpg\",\"width\":1024,\"height\":1024},{\"@type\":\"BreadcrumbList\",\"@id\":\"https:\/\/www.gymnastica.fi\/sv\/tuote\/gymnova-ansatsbana-for-novatrack-tva-trampolinbana-gy-6297\/#breadcrumb\",\"itemListElement\":[{\"@type\":\"ListItem\",\"position\":1,\"name\":\"Home\",\"item\":\"https:\/\/www.gymnastica.fi\/sv\/\"},{\"@type\":\"ListItem\",\"position\":2,\"name\":\"Butik\",\"item\":\"https:\/\/www.gymnastica.fi\/sv\/butik\/\"},{\"@type\":\"ListItem\",\"position\":3,\"name\":\"Gymnova ansatsbana f\u00f6r Novatrack&#8217; Tv\u00e5 trampolinbana GY-6297\"}]},{\"@type\":\"WebSite\",\"@id\":\"https:\/\/www.gymnastica.fi\/#website\",\"url\":\"https:\/\/www.gymnastica.fi\/\",\"name\":\"Gymnastica\",\"description\":\"Liikunta- ja urheilutilasuunnittelun ja v\u00e4lineiden asiantuntija\",\"publisher\":{\"@id\":\"https:\/\/www.gymnastica.fi\/#organization\"},\"potentialAction\":[{\"@type\":\"SearchAction\",\"target\":{\"@type\":\"EntryPoint\",\"urlTemplate\":\"https:\/\/www.gymnastica.fi\/?s={search_term_string}\"},\"query-input\":{\"@type\":\"PropertyValueSpecification\",\"valueRequired\":true,\"valueName\":\"search_term_string\"}}],\"inLanguage\":\"sv-SE\"},{\"@type\":\"Organization\",\"@id\":\"https:\/\/www.gymnastica.fi\/#organization\",\"name\":\"Gymnastica\",\"url\":\"https:\/\/www.gymnastica.fi\/\",\"logo\":{\"@type\":\"ImageObject\",\"inLanguage\":\"sv-SE\",\"@id\":\"https:\/\/www.gymnastica.fi\/#\/schema\/logo\/image\/\",\"url\":\"https:\/\/www.gymnastica.fi\/app\/uploads\/2021\/04\/logo.svg\",\"contentUrl\":\"https:\/\/www.gymnastica.fi\/app\/uploads\/2021\/04\/logo.svg\",\"width\":246,\"height\":59,\"caption\":\"Gymnastica\"},\"image\":{\"@id\":\"https:\/\/www.gymnastica.fi\/#\/schema\/logo\/image\/\"}}]}<\/script>\n<!-- \/ Yoast SEO plugin. -->","yoast_head_json":{"title":"Gymnova ansatsbana f\u00f6r Novatrack' Tv\u00e5 trampolinbana GY-6297 &#8212; Gymnastica","robots":{"index":"index","follow":"follow","max-snippet":"max-snippet:-1","max-image-preview":"max-image-preview:large","max-video-preview":"max-video-preview:-1"},"canonical":"https:\/\/www.gymnastica.fi\/sv\/tuote\/gymnova-ansatsbana-for-novatrack-tva-trampolinbana-gy-6297\/","og_locale":"sv_SE","og_type":"article","og_title":"Gymnova ansatsbana f\u00f6r Novatrack' Tv\u00e5 trampolinbana GY-6297 &#8212; Gymnastica","og_description":"Gymnova anspr\u00e5ngsbanor f\u00f6r Novatrack&#8217; Tv\u00e5 kullagerbana GY-6198. L\u00e4ngd 10,5 m, bredd 1,0 m och h\u00f6jd 30 cm. Best\u00e5r av sju tr\u00e4element 150 x 100 x 27,5 cm, ovanp\u00e5 vilka finns en anspr\u00e5ngsmatta p\u00e5 10,5 m x 1 m x 25 mm. \u00d6verytan p\u00e5 mattan \u00e4r slitstark och trevlig stickad filt, som \u00e4r laminerad p\u00e5 polyetenskummets [&hellip;]","og_url":"https:\/\/www.gymnastica.fi\/sv\/tuote\/gymnova-ansatsbana-for-novatrack-tva-trampolinbana-gy-6297\/","og_site_name":"Gymnastica","og_image":[{"width":1024,"height":1024,"url":"https:\/\/www.gymnastica.fi\/app\/uploads\/2025\/05\/GY-6297A.jpg","type":"image\/jpeg"}],"twitter_card":"summary_large_image","schema":{"@context":"https:\/\/schema.org","@graph":[{"@type":"WebPage","@id":"https:\/\/www.gymnastica.fi\/sv\/tuote\/gymnova-ansatsbana-for-novatrack-tva-trampolinbana-gy-6297\/","url":"https:\/\/www.gymnastica.fi\/sv\/tuote\/gymnova-ansatsbana-for-novatrack-tva-trampolinbana-gy-6297\/","name":"Gymnova ansatsbana f\u00f6r Novatrack' Tv\u00e5 trampolinbana GY-6297 &#8212; Gymnastica","isPartOf":{"@id":"https:\/\/www.gymnastica.fi\/#website"},"primaryImageOfPage":{"@id":"https:\/\/www.gymnastica.fi\/sv\/tuote\/gymnova-ansatsbana-for-novatrack-tva-trampolinbana-gy-6297\/#primaryimage"},"image":{"@id":"https:\/\/www.gymnastica.fi\/sv\/tuote\/gymnova-ansatsbana-for-novatrack-tva-trampolinbana-gy-6297\/#primaryimage"},"thumbnailUrl":"https:\/\/www.gymnastica.fi\/app\/uploads\/2025\/05\/GY-6297A.jpg","datePublished":"2025-05-12T12:29:03+00:00","breadcrumb":{"@id":"https:\/\/www.gymnastica.fi\/sv\/tuote\/gymnova-ansatsbana-for-novatrack-tva-trampolinbana-gy-6297\/#breadcrumb"},"inLanguage":"sv-SE","potentialAction":[{"@type":"ReadAction","target":["https:\/\/www.gymnastica.fi\/sv\/tuote\/gymnova-ansatsbana-for-novatrack-tva-trampolinbana-gy-6297\/"]}]},{"@type":"ImageObject","inLanguage":"sv-SE","@id":"https:\/\/www.gymnastica.fi\/sv\/tuote\/gymnova-ansatsbana-for-novatrack-tva-trampolinbana-gy-6297\/#primaryimage","url":"https:\/\/www.gymnastica.fi\/app\/uploads\/2025\/05\/GY-6297A.jpg","contentUrl":"https:\/\/www.gymnastica.fi\/app\/uploads\/2025\/05\/GY-6297A.jpg","width":1024,"height":1024},{"@type":"BreadcrumbList","@id":"https:\/\/www.gymnastica.fi\/sv\/tuote\/gymnova-ansatsbana-for-novatrack-tva-trampolinbana-gy-6297\/#breadcrumb","itemListElement":[{"@type":"ListItem","position":1,"name":"Home","item":"https:\/\/www.gymnastica.fi\/sv\/"},{"@type":"ListItem","position":2,"name":"Butik","item":"https:\/\/www.gymnastica.fi\/sv\/butik\/"},{"@type":"ListItem","position":3,"name":"Gymnova ansatsbana f\u00f6r Novatrack&#8217; Tv\u00e5 trampolinbana GY-6297"}]},{"@type":"WebSite","@id":"https:\/\/www.gymnastica.fi\/#website","url":"https:\/\/www.gymnastica.fi\/","name":"Gymnastica","description":"Liikunta- ja urheilutilasuunnittelun ja v\u00e4lineiden asiantuntija","publisher":{"@id":"https:\/\/www.gymnastica.fi\/#organization"},"potentialAction":[{"@type":"SearchAction","target":{"@type":"EntryPoint","urlTemplate":"https:\/\/www.gymnastica.fi\/?s={search_term_string}"},"query-input":{"@type":"PropertyValueSpecification","valueRequired":true,"valueName":"search_term_string"}}],"inLanguage":"sv-SE"},{"@type":"Organization","@id":"https:\/\/www.gymnastica.fi\/#organization","name":"Gymnastica","url":"https:\/\/www.gymnastica.fi\/","logo":{"@type":"ImageObject","inLanguage":"sv-SE","@id":"https:\/\/www.gymnastica.fi\/#\/schema\/logo\/image\/","url":"https:\/\/www.gymnastica.fi\/app\/uploads\/2021\/04\/logo.svg","contentUrl":"https:\/\/www.gymnastica.fi\/app\/uploads\/2021\/04\/logo.svg","width":246,"height":59,"caption":"Gymnastica"},"image":{"@id":"https:\/\/www.gymnastica.fi\/#\/schema\/logo\/image\/"}}]}},"_links":{"self":[{"href":"https:\/\/www.gymnastica.fi\/sv\/wp-json\/wp\/v2\/product\/43928","targetHints":{"allow":["GET"]}}],"collection":[{"href":"https:\/\/www.gymnastica.fi\/sv\/wp-json\/wp\/v2\/product"}],"about":[{"href":"https:\/\/www.gymnastica.fi\/sv\/wp-json\/wp\/v2\/types\/product"}],"wp:featuredmedia":[{"embeddable":true,"href":"https:\/\/www.gymnastica.fi\/sv\/wp-json\/wp\/v2\/media\/43717"}],"wp:attachment":[{"href":"https:\/\/www.gymnastica.fi\/sv\/wp-json\/wp\/v2\/media?parent=43928"}],"wp:term":[{"taxonomy":"product_brand","embeddable":true,"href":"https:\/\/www.gymnastica.fi\/sv\/wp-json\/wp\/v2\/product_brand?post=43928"},{"taxonomy":"product_cat","embeddable":true,"href":"https:\/\/www.gymnastica.fi\/sv\/wp-json\/wp\/v2\/product_cat?post=43928"},{"taxonomy":"product_tag","embeddable":true,"href":"https:\/\/www.gymnastica.fi\/sv\/wp-json\/wp\/v2\/product_tag?post=43928"},{"taxonomy":"manufacturers","embeddable":true,"href":"https:\/\/www.gymnastica.fi\/sv\/wp-json\/wp\/v2\/manufacturers?post=43928"},{"taxonomy":"suppliers","embeddable":true,"href":"https:\/\/www.gymnastica.fi\/sv\/wp-json\/wp\/v2\/suppliers?post=43928"}],"curies":[{"name":"wp","href":"https:\/\/api.w.org\/{rel}","templated":true}]}}