{"id":44431,"date":"2025-04-08T13:59:14","date_gmt":"2025-04-08T10:59:14","guid":{"rendered":"https:\/\/www.gymnastica.fi\/tuote\/ojump-lag-bom-300-cm-oj-681\/"},"modified":"2025-04-08T13:59:14","modified_gmt":"2025-04-08T10:59:14","slug":"ojump-lag-bom-300-cm-oj-681","status":"publish","type":"product","link":"https:\/\/www.gymnastica.fi\/sv\/tuote\/ojump-lag-bom-300-cm-oj-681\/","title":{"rendered":"O\u2019Jump l\u00e5g bom 300 cm OJ-681"},"content":{"rendered":"<div class=\"tabs\">\n<div id=\"first\">\n<p>O\u2019Jump\u00a0l\u00e5g \u00f6vningsbom. Fast h\u00f6jd p\u00e5 40 cm, l\u00e4ngd 300 cm, bredd 10 cm. H\u00f6jd 40 cm, s\u00e5 att man kan anv\u00e4nda tjockmatta till. Polyeterstoppning kl\u00e4dd med konstl\u00e4der som absorberar fukt. Formfast och\u00a0stabil aluminiumstomme.\u00a02 st f\u00f6tter med golvskydd.<\/p>\n<\/div>\n<\/div>\n","protected":false},"excerpt":{"rendered":"<p>O\u2019Jump\u00a0l\u00e5g \u00f6vningsbom. Fast h\u00f6jd p\u00e5 40 cm, l\u00e4ngd 300 cm, bredd 10 cm. H\u00f6jd 40 cm, s\u00e5 att man kan anv\u00e4nda tjockmatta till. Polyeterstoppning kl\u00e4dd med konstl\u00e4der som absorberar fukt. Formfast och\u00a0stabil aluminiumstomme.\u00a02 st f\u00f6tter med golvskydd.<\/p>\n","protected":false},"featured_media":43125,"template":"","meta":{"_acf_changed":false,"_relevanssi_hide_post":"","_relevanssi_hide_content":"","_relevanssi_pin_for_all":"","_relevanssi_pin_keywords":"","_relevanssi_unpin_keywords":"","_relevanssi_related_keywords":"","_relevanssi_related_include_ids":"","_relevanssi_related_exclude_ids":"","_relevanssi_related_no_append":"","_relevanssi_related_not_related":"","_relevanssi_related_posts":"","_relevanssi_noindex_reason":""},"product_brand":[],"product_cat":[1654,2397,1918,1919],"product_tag":[2668,2427,3225,1920],"manufacturers":[],"suppliers":[],"class_list":{"0":"post-44431","1":"product","2":"type-product","3":"status-publish","4":"has-post-thumbnail","6":"product_cat-marken","7":"product_cat-ojump-sv","8":"product_cat-redskapsgymnastik","9":"product_cat-bommar","10":"product_tag-bommen","11":"product_tag-gymnova-ojump-sv","12":"product_tag-traningsbom","13":"product_tag-ovningsbom","15":"first","16":"onbackorder","17":"taxable","18":"shipping-taxable","19":"product-type-simple"},"acf":[],"yoast_head":"<!-- This site is optimized with the Yoast SEO plugin v26.8 - https:\/\/yoast.com\/product\/yoast-seo-wordpress\/ -->\n<title>O\u2019Jump l\u00e5g bom 300 cm OJ-681 &#8212; Gymnastica<\/title>\n<meta name=\"robots\" content=\"index, follow, max-snippet:-1, max-image-preview:large, max-video-preview:-1\" \/>\n<link rel=\"canonical\" href=\"https:\/\/www.gymnastica.fi\/sv\/tuote\/ojump-lag-bom-300-cm-oj-681\/\" \/>\n<meta property=\"og:locale\" content=\"sv_SE\" \/>\n<meta property=\"og:type\" content=\"article\" \/>\n<meta property=\"og:title\" content=\"O\u2019Jump l\u00e5g bom 300 cm OJ-681 &#8212; Gymnastica\" \/>\n<meta property=\"og:description\" content=\"O\u2019Jump\u00a0l\u00e5g \u00f6vningsbom. Fast h\u00f6jd p\u00e5 40 cm, l\u00e4ngd 300 cm, bredd 10 cm. H\u00f6jd 40 cm, s\u00e5 att man kan anv\u00e4nda tjockmatta till. Polyeterstoppning kl\u00e4dd med konstl\u00e4der som absorberar fukt. Formfast och\u00a0stabil aluminiumstomme.\u00a02 st f\u00f6tter med golvskydd.\" \/>\n<meta property=\"og:url\" content=\"https:\/\/www.gymnastica.fi\/sv\/tuote\/ojump-lag-bom-300-cm-oj-681\/\" \/>\n<meta property=\"og:site_name\" content=\"Gymnastica\" \/>\n<meta property=\"og:image\" content=\"https:\/\/www.gymnastica.fi\/app\/uploads\/2025\/04\/OJ-681.jpg\" \/>\n\t<meta property=\"og:image:width\" content=\"500\" \/>\n\t<meta property=\"og:image:height\" content=\"500\" \/>\n\t<meta property=\"og:image:type\" content=\"image\/jpeg\" \/>\n<meta name=\"twitter:card\" content=\"summary_large_image\" \/>\n<script type=\"application\/ld+json\" class=\"yoast-schema-graph\">{\"@context\":\"https:\/\/schema.org\",\"@graph\":[{\"@type\":\"WebPage\",\"@id\":\"https:\/\/www.gymnastica.fi\/sv\/tuote\/ojump-lag-bom-300-cm-oj-681\/\",\"url\":\"https:\/\/www.gymnastica.fi\/sv\/tuote\/ojump-lag-bom-300-cm-oj-681\/\",\"name\":\"O\u2019Jump l\u00e5g bom 300 cm OJ-681 &#8212; Gymnastica\",\"isPartOf\":{\"@id\":\"https:\/\/www.gymnastica.fi\/#website\"},\"primaryImageOfPage\":{\"@id\":\"https:\/\/www.gymnastica.fi\/sv\/tuote\/ojump-lag-bom-300-cm-oj-681\/#primaryimage\"},\"image\":{\"@id\":\"https:\/\/www.gymnastica.fi\/sv\/tuote\/ojump-lag-bom-300-cm-oj-681\/#primaryimage\"},\"thumbnailUrl\":\"https:\/\/www.gymnastica.fi\/app\/uploads\/2025\/04\/OJ-681.jpg\",\"datePublished\":\"2025-04-08T10:59:14+00:00\",\"breadcrumb\":{\"@id\":\"https:\/\/www.gymnastica.fi\/sv\/tuote\/ojump-lag-bom-300-cm-oj-681\/#breadcrumb\"},\"inLanguage\":\"sv-SE\",\"potentialAction\":[{\"@type\":\"ReadAction\",\"target\":[\"https:\/\/www.gymnastica.fi\/sv\/tuote\/ojump-lag-bom-300-cm-oj-681\/\"]}]},{\"@type\":\"ImageObject\",\"inLanguage\":\"sv-SE\",\"@id\":\"https:\/\/www.gymnastica.fi\/sv\/tuote\/ojump-lag-bom-300-cm-oj-681\/#primaryimage\",\"url\":\"https:\/\/www.gymnastica.fi\/app\/uploads\/2025\/04\/OJ-681.jpg\",\"contentUrl\":\"https:\/\/www.gymnastica.fi\/app\/uploads\/2025\/04\/OJ-681.jpg\",\"width\":500,\"height\":500},{\"@type\":\"BreadcrumbList\",\"@id\":\"https:\/\/www.gymnastica.fi\/sv\/tuote\/ojump-lag-bom-300-cm-oj-681\/#breadcrumb\",\"itemListElement\":[{\"@type\":\"ListItem\",\"position\":1,\"name\":\"Home\",\"item\":\"https:\/\/www.gymnastica.fi\/sv\/\"},{\"@type\":\"ListItem\",\"position\":2,\"name\":\"Butik\",\"item\":\"https:\/\/www.gymnastica.fi\/sv\/butik\/\"},{\"@type\":\"ListItem\",\"position\":3,\"name\":\"O\u2019Jump l\u00e5g bom 300 cm OJ-681\"}]},{\"@type\":\"WebSite\",\"@id\":\"https:\/\/www.gymnastica.fi\/#website\",\"url\":\"https:\/\/www.gymnastica.fi\/\",\"name\":\"Gymnastica\",\"description\":\"Liikunta- ja urheilutilasuunnittelun ja v\u00e4lineiden asiantuntija\",\"publisher\":{\"@id\":\"https:\/\/www.gymnastica.fi\/#organization\"},\"potentialAction\":[{\"@type\":\"SearchAction\",\"target\":{\"@type\":\"EntryPoint\",\"urlTemplate\":\"https:\/\/www.gymnastica.fi\/?s={search_term_string}\"},\"query-input\":{\"@type\":\"PropertyValueSpecification\",\"valueRequired\":true,\"valueName\":\"search_term_string\"}}],\"inLanguage\":\"sv-SE\"},{\"@type\":\"Organization\",\"@id\":\"https:\/\/www.gymnastica.fi\/#organization\",\"name\":\"Gymnastica\",\"url\":\"https:\/\/www.gymnastica.fi\/\",\"logo\":{\"@type\":\"ImageObject\",\"inLanguage\":\"sv-SE\",\"@id\":\"https:\/\/www.gymnastica.fi\/#\/schema\/logo\/image\/\",\"url\":\"https:\/\/www.gymnastica.fi\/app\/uploads\/2021\/04\/logo.svg\",\"contentUrl\":\"https:\/\/www.gymnastica.fi\/app\/uploads\/2021\/04\/logo.svg\",\"width\":246,\"height\":59,\"caption\":\"Gymnastica\"},\"image\":{\"@id\":\"https:\/\/www.gymnastica.fi\/#\/schema\/logo\/image\/\"}}]}<\/script>\n<!-- \/ Yoast SEO plugin. -->","yoast_head_json":{"title":"O\u2019Jump l\u00e5g bom 300 cm OJ-681 &#8212; Gymnastica","robots":{"index":"index","follow":"follow","max-snippet":"max-snippet:-1","max-image-preview":"max-image-preview:large","max-video-preview":"max-video-preview:-1"},"canonical":"https:\/\/www.gymnastica.fi\/sv\/tuote\/ojump-lag-bom-300-cm-oj-681\/","og_locale":"sv_SE","og_type":"article","og_title":"O\u2019Jump l\u00e5g bom 300 cm OJ-681 &#8212; Gymnastica","og_description":"O\u2019Jump\u00a0l\u00e5g \u00f6vningsbom. Fast h\u00f6jd p\u00e5 40 cm, l\u00e4ngd 300 cm, bredd 10 cm. H\u00f6jd 40 cm, s\u00e5 att man kan anv\u00e4nda tjockmatta till. Polyeterstoppning kl\u00e4dd med konstl\u00e4der som absorberar fukt. Formfast och\u00a0stabil aluminiumstomme.\u00a02 st f\u00f6tter med golvskydd.","og_url":"https:\/\/www.gymnastica.fi\/sv\/tuote\/ojump-lag-bom-300-cm-oj-681\/","og_site_name":"Gymnastica","og_image":[{"width":500,"height":500,"url":"https:\/\/www.gymnastica.fi\/app\/uploads\/2025\/04\/OJ-681.jpg","type":"image\/jpeg"}],"twitter_card":"summary_large_image","schema":{"@context":"https:\/\/schema.org","@graph":[{"@type":"WebPage","@id":"https:\/\/www.gymnastica.fi\/sv\/tuote\/ojump-lag-bom-300-cm-oj-681\/","url":"https:\/\/www.gymnastica.fi\/sv\/tuote\/ojump-lag-bom-300-cm-oj-681\/","name":"O\u2019Jump l\u00e5g bom 300 cm OJ-681 &#8212; Gymnastica","isPartOf":{"@id":"https:\/\/www.gymnastica.fi\/#website"},"primaryImageOfPage":{"@id":"https:\/\/www.gymnastica.fi\/sv\/tuote\/ojump-lag-bom-300-cm-oj-681\/#primaryimage"},"image":{"@id":"https:\/\/www.gymnastica.fi\/sv\/tuote\/ojump-lag-bom-300-cm-oj-681\/#primaryimage"},"thumbnailUrl":"https:\/\/www.gymnastica.fi\/app\/uploads\/2025\/04\/OJ-681.jpg","datePublished":"2025-04-08T10:59:14+00:00","breadcrumb":{"@id":"https:\/\/www.gymnastica.fi\/sv\/tuote\/ojump-lag-bom-300-cm-oj-681\/#breadcrumb"},"inLanguage":"sv-SE","potentialAction":[{"@type":"ReadAction","target":["https:\/\/www.gymnastica.fi\/sv\/tuote\/ojump-lag-bom-300-cm-oj-681\/"]}]},{"@type":"ImageObject","inLanguage":"sv-SE","@id":"https:\/\/www.gymnastica.fi\/sv\/tuote\/ojump-lag-bom-300-cm-oj-681\/#primaryimage","url":"https:\/\/www.gymnastica.fi\/app\/uploads\/2025\/04\/OJ-681.jpg","contentUrl":"https:\/\/www.gymnastica.fi\/app\/uploads\/2025\/04\/OJ-681.jpg","width":500,"height":500},{"@type":"BreadcrumbList","@id":"https:\/\/www.gymnastica.fi\/sv\/tuote\/ojump-lag-bom-300-cm-oj-681\/#breadcrumb","itemListElement":[{"@type":"ListItem","position":1,"name":"Home","item":"https:\/\/www.gymnastica.fi\/sv\/"},{"@type":"ListItem","position":2,"name":"Butik","item":"https:\/\/www.gymnastica.fi\/sv\/butik\/"},{"@type":"ListItem","position":3,"name":"O\u2019Jump l\u00e5g bom 300 cm OJ-681"}]},{"@type":"WebSite","@id":"https:\/\/www.gymnastica.fi\/#website","url":"https:\/\/www.gymnastica.fi\/","name":"Gymnastica","description":"Liikunta- ja urheilutilasuunnittelun ja v\u00e4lineiden asiantuntija","publisher":{"@id":"https:\/\/www.gymnastica.fi\/#organization"},"potentialAction":[{"@type":"SearchAction","target":{"@type":"EntryPoint","urlTemplate":"https:\/\/www.gymnastica.fi\/?s={search_term_string}"},"query-input":{"@type":"PropertyValueSpecification","valueRequired":true,"valueName":"search_term_string"}}],"inLanguage":"sv-SE"},{"@type":"Organization","@id":"https:\/\/www.gymnastica.fi\/#organization","name":"Gymnastica","url":"https:\/\/www.gymnastica.fi\/","logo":{"@type":"ImageObject","inLanguage":"sv-SE","@id":"https:\/\/www.gymnastica.fi\/#\/schema\/logo\/image\/","url":"https:\/\/www.gymnastica.fi\/app\/uploads\/2021\/04\/logo.svg","contentUrl":"https:\/\/www.gymnastica.fi\/app\/uploads\/2021\/04\/logo.svg","width":246,"height":59,"caption":"Gymnastica"},"image":{"@id":"https:\/\/www.gymnastica.fi\/#\/schema\/logo\/image\/"}}]}},"_links":{"self":[{"href":"https:\/\/www.gymnastica.fi\/sv\/wp-json\/wp\/v2\/product\/44431","targetHints":{"allow":["GET"]}}],"collection":[{"href":"https:\/\/www.gymnastica.fi\/sv\/wp-json\/wp\/v2\/product"}],"about":[{"href":"https:\/\/www.gymnastica.fi\/sv\/wp-json\/wp\/v2\/types\/product"}],"wp:featuredmedia":[{"embeddable":true,"href":"https:\/\/www.gymnastica.fi\/sv\/wp-json\/wp\/v2\/media\/43125"}],"wp:attachment":[{"href":"https:\/\/www.gymnastica.fi\/sv\/wp-json\/wp\/v2\/media?parent=44431"}],"wp:term":[{"taxonomy":"product_brand","embeddable":true,"href":"https:\/\/www.gymnastica.fi\/sv\/wp-json\/wp\/v2\/product_brand?post=44431"},{"taxonomy":"product_cat","embeddable":true,"href":"https:\/\/www.gymnastica.fi\/sv\/wp-json\/wp\/v2\/product_cat?post=44431"},{"taxonomy":"product_tag","embeddable":true,"href":"https:\/\/www.gymnastica.fi\/sv\/wp-json\/wp\/v2\/product_tag?post=44431"},{"taxonomy":"manufacturers","embeddable":true,"href":"https:\/\/www.gymnastica.fi\/sv\/wp-json\/wp\/v2\/manufacturers?post=44431"},{"taxonomy":"suppliers","embeddable":true,"href":"https:\/\/www.gymnastica.fi\/sv\/wp-json\/wp\/v2\/suppliers?post=44431"}],"curies":[{"name":"wp","href":"https:\/\/api.w.org\/{rel}","templated":true}]}}