{"id":45170,"date":"2025-03-13T14:20:21","date_gmt":"2025-03-13T12:20:21","guid":{"rendered":"https:\/\/www.gymnastica.fi\/tuote\/gymnova-golvankare-6-st-gy-ex-2006\/"},"modified":"2025-03-13T14:20:21","modified_gmt":"2025-03-13T12:20:21","slug":"gymnova-golvankare-6-st-gy-ex-2006","status":"publish","type":"product","link":"https:\/\/www.gymnastica.fi\/sv\/tuote\/gymnova-golvankare-6-st-gy-ex-2006\/","title":{"rendered":"Gymnova golvankare 6 st GY-EX\/2006"},"content":{"rendered":"<p>Gymnova golvankarsats. Inneh\u00e5ller 6 stycken golvankare f\u00f6r fasts\u00e4ttning med kemisk f\u00e4stmassa p\u00e5 betonggolv. Snabb att installera. Observera! Betonggolvets tjocklek ska vara minst 125 mm och kompressionsstyrka \u2265 23 MPa. Vi ber er att kontakta oss om betonggolvets tjocklek \u00e4r 100-125 mm. Belastningen p\u00e5 golvankarna \u00e4r 800 daN.<\/p>\n<p>Observera. Vid fasts\u00e4ttning av golvankarna ska kemisk f\u00e4stmassa anv\u00e4ndas, t.ex. Spit Viper Xtrem f\u00f6r fasts\u00e4ttning p\u00e5 betonggolv.<\/p>\n","protected":false},"excerpt":{"rendered":"<p>Gymnova golvankarsats. Inneh\u00e5ller 6 stycken golvankare f\u00f6r fasts\u00e4ttning med kemisk f\u00e4stmassa p\u00e5 betonggolv. Snabb att installera. Observera! Betonggolvets tjocklek ska vara minst 125 mm och kompressionsstyrka \u2265 23 MPa. Vi ber er att kontakta oss om betonggolvets tjocklek \u00e4r 100-125 mm. Belastningen p\u00e5 golvankarna \u00e4r 800 daN. Observera. Vid fasts\u00e4ttning av golvankarna ska kemisk f\u00e4stmassa [&hellip;]<\/p>\n","protected":false},"featured_media":43080,"template":"","meta":{"_acf_changed":false,"_relevanssi_hide_post":"","_relevanssi_hide_content":"","_relevanssi_pin_for_all":"","_relevanssi_pin_keywords":"","_relevanssi_unpin_keywords":"","_relevanssi_related_keywords":"","_relevanssi_related_include_ids":"","_relevanssi_related_exclude_ids":"","_relevanssi_related_no_append":"","_relevanssi_related_not_related":"","_relevanssi_related_posts":"","_relevanssi_noindex_reason":""},"product_brand":[],"product_cat":[1654,2648,1918,2479],"product_tag":[],"manufacturers":[],"suppliers":[],"class_list":{"0":"post-45170","1":"product","2":"type-product","3":"status-publish","4":"has-post-thumbnail","6":"product_cat-marken","7":"product_cat-gymnova-sv","8":"product_cat-redskapsgymnastik","9":"product_cat-fastsattningsmetoder","11":"first","12":"onbackorder","13":"taxable","14":"shipping-taxable","15":"product-type-simple"},"acf":[],"yoast_head":"<!-- This site is optimized with the Yoast SEO plugin v26.8 - https:\/\/yoast.com\/product\/yoast-seo-wordpress\/ -->\n<title>Gymnova golvankare 6 st GY-EX\/2006 &#8212; Gymnastica<\/title>\n<meta name=\"robots\" content=\"index, follow, max-snippet:-1, max-image-preview:large, max-video-preview:-1\" \/>\n<link rel=\"canonical\" href=\"https:\/\/www.gymnastica.fi\/sv\/tuote\/gymnova-golvankare-6-st-gy-ex-2006\/\" \/>\n<meta property=\"og:locale\" content=\"sv_SE\" \/>\n<meta property=\"og:type\" content=\"article\" \/>\n<meta property=\"og:title\" content=\"Gymnova golvankare 6 st GY-EX\/2006 &#8212; Gymnastica\" \/>\n<meta property=\"og:description\" content=\"Gymnova golvankarsats. Inneh\u00e5ller 6 stycken golvankare f\u00f6r fasts\u00e4ttning med kemisk f\u00e4stmassa p\u00e5 betonggolv. Snabb att installera. Observera! Betonggolvets tjocklek ska vara minst 125 mm och kompressionsstyrka \u2265 23 MPa. Vi ber er att kontakta oss om betonggolvets tjocklek \u00e4r 100-125 mm. Belastningen p\u00e5 golvankarna \u00e4r 800 daN. Observera. Vid fasts\u00e4ttning av golvankarna ska kemisk f\u00e4stmassa [&hellip;]\" \/>\n<meta property=\"og:url\" content=\"https:\/\/www.gymnastica.fi\/sv\/tuote\/gymnova-golvankare-6-st-gy-ex-2006\/\" \/>\n<meta property=\"og:site_name\" content=\"Gymnastica\" \/>\n<meta property=\"og:image\" content=\"https:\/\/www.gymnastica.fi\/app\/uploads\/2025\/03\/1.jpg\" \/>\n\t<meta property=\"og:image:width\" content=\"500\" \/>\n\t<meta property=\"og:image:height\" content=\"500\" \/>\n\t<meta property=\"og:image:type\" content=\"image\/jpeg\" \/>\n<meta name=\"twitter:card\" content=\"summary_large_image\" \/>\n<script type=\"application\/ld+json\" class=\"yoast-schema-graph\">{\"@context\":\"https:\/\/schema.org\",\"@graph\":[{\"@type\":\"WebPage\",\"@id\":\"https:\/\/www.gymnastica.fi\/sv\/tuote\/gymnova-golvankare-6-st-gy-ex-2006\/\",\"url\":\"https:\/\/www.gymnastica.fi\/sv\/tuote\/gymnova-golvankare-6-st-gy-ex-2006\/\",\"name\":\"Gymnova golvankare 6 st GY-EX\/2006 &#8212; Gymnastica\",\"isPartOf\":{\"@id\":\"https:\/\/www.gymnastica.fi\/#website\"},\"primaryImageOfPage\":{\"@id\":\"https:\/\/www.gymnastica.fi\/sv\/tuote\/gymnova-golvankare-6-st-gy-ex-2006\/#primaryimage\"},\"image\":{\"@id\":\"https:\/\/www.gymnastica.fi\/sv\/tuote\/gymnova-golvankare-6-st-gy-ex-2006\/#primaryimage\"},\"thumbnailUrl\":\"https:\/\/www.gymnastica.fi\/app\/uploads\/2025\/03\/1.jpg\",\"datePublished\":\"2025-03-13T12:20:21+00:00\",\"breadcrumb\":{\"@id\":\"https:\/\/www.gymnastica.fi\/sv\/tuote\/gymnova-golvankare-6-st-gy-ex-2006\/#breadcrumb\"},\"inLanguage\":\"sv-SE\",\"potentialAction\":[{\"@type\":\"ReadAction\",\"target\":[\"https:\/\/www.gymnastica.fi\/sv\/tuote\/gymnova-golvankare-6-st-gy-ex-2006\/\"]}]},{\"@type\":\"ImageObject\",\"inLanguage\":\"sv-SE\",\"@id\":\"https:\/\/www.gymnastica.fi\/sv\/tuote\/gymnova-golvankare-6-st-gy-ex-2006\/#primaryimage\",\"url\":\"https:\/\/www.gymnastica.fi\/app\/uploads\/2025\/03\/1.jpg\",\"contentUrl\":\"https:\/\/www.gymnastica.fi\/app\/uploads\/2025\/03\/1.jpg\",\"width\":500,\"height\":500},{\"@type\":\"BreadcrumbList\",\"@id\":\"https:\/\/www.gymnastica.fi\/sv\/tuote\/gymnova-golvankare-6-st-gy-ex-2006\/#breadcrumb\",\"itemListElement\":[{\"@type\":\"ListItem\",\"position\":1,\"name\":\"Home\",\"item\":\"https:\/\/www.gymnastica.fi\/sv\/\"},{\"@type\":\"ListItem\",\"position\":2,\"name\":\"Butik\",\"item\":\"https:\/\/www.gymnastica.fi\/sv\/butik\/\"},{\"@type\":\"ListItem\",\"position\":3,\"name\":\"Gymnova golvankare 6 st GY-EX\/2006\"}]},{\"@type\":\"WebSite\",\"@id\":\"https:\/\/www.gymnastica.fi\/#website\",\"url\":\"https:\/\/www.gymnastica.fi\/\",\"name\":\"Gymnastica\",\"description\":\"Liikunta- ja urheilutilasuunnittelun ja v\u00e4lineiden asiantuntija\",\"publisher\":{\"@id\":\"https:\/\/www.gymnastica.fi\/#organization\"},\"potentialAction\":[{\"@type\":\"SearchAction\",\"target\":{\"@type\":\"EntryPoint\",\"urlTemplate\":\"https:\/\/www.gymnastica.fi\/?s={search_term_string}\"},\"query-input\":{\"@type\":\"PropertyValueSpecification\",\"valueRequired\":true,\"valueName\":\"search_term_string\"}}],\"inLanguage\":\"sv-SE\"},{\"@type\":\"Organization\",\"@id\":\"https:\/\/www.gymnastica.fi\/#organization\",\"name\":\"Gymnastica\",\"url\":\"https:\/\/www.gymnastica.fi\/\",\"logo\":{\"@type\":\"ImageObject\",\"inLanguage\":\"sv-SE\",\"@id\":\"https:\/\/www.gymnastica.fi\/#\/schema\/logo\/image\/\",\"url\":\"https:\/\/www.gymnastica.fi\/app\/uploads\/2021\/04\/logo.svg\",\"contentUrl\":\"https:\/\/www.gymnastica.fi\/app\/uploads\/2021\/04\/logo.svg\",\"width\":246,\"height\":59,\"caption\":\"Gymnastica\"},\"image\":{\"@id\":\"https:\/\/www.gymnastica.fi\/#\/schema\/logo\/image\/\"}}]}<\/script>\n<!-- \/ Yoast SEO plugin. -->","yoast_head_json":{"title":"Gymnova golvankare 6 st GY-EX\/2006 &#8212; Gymnastica","robots":{"index":"index","follow":"follow","max-snippet":"max-snippet:-1","max-image-preview":"max-image-preview:large","max-video-preview":"max-video-preview:-1"},"canonical":"https:\/\/www.gymnastica.fi\/sv\/tuote\/gymnova-golvankare-6-st-gy-ex-2006\/","og_locale":"sv_SE","og_type":"article","og_title":"Gymnova golvankare 6 st GY-EX\/2006 &#8212; Gymnastica","og_description":"Gymnova golvankarsats. Inneh\u00e5ller 6 stycken golvankare f\u00f6r fasts\u00e4ttning med kemisk f\u00e4stmassa p\u00e5 betonggolv. Snabb att installera. Observera! Betonggolvets tjocklek ska vara minst 125 mm och kompressionsstyrka \u2265 23 MPa. Vi ber er att kontakta oss om betonggolvets tjocklek \u00e4r 100-125 mm. Belastningen p\u00e5 golvankarna \u00e4r 800 daN. Observera. Vid fasts\u00e4ttning av golvankarna ska kemisk f\u00e4stmassa [&hellip;]","og_url":"https:\/\/www.gymnastica.fi\/sv\/tuote\/gymnova-golvankare-6-st-gy-ex-2006\/","og_site_name":"Gymnastica","og_image":[{"width":500,"height":500,"url":"https:\/\/www.gymnastica.fi\/app\/uploads\/2025\/03\/1.jpg","type":"image\/jpeg"}],"twitter_card":"summary_large_image","schema":{"@context":"https:\/\/schema.org","@graph":[{"@type":"WebPage","@id":"https:\/\/www.gymnastica.fi\/sv\/tuote\/gymnova-golvankare-6-st-gy-ex-2006\/","url":"https:\/\/www.gymnastica.fi\/sv\/tuote\/gymnova-golvankare-6-st-gy-ex-2006\/","name":"Gymnova golvankare 6 st GY-EX\/2006 &#8212; Gymnastica","isPartOf":{"@id":"https:\/\/www.gymnastica.fi\/#website"},"primaryImageOfPage":{"@id":"https:\/\/www.gymnastica.fi\/sv\/tuote\/gymnova-golvankare-6-st-gy-ex-2006\/#primaryimage"},"image":{"@id":"https:\/\/www.gymnastica.fi\/sv\/tuote\/gymnova-golvankare-6-st-gy-ex-2006\/#primaryimage"},"thumbnailUrl":"https:\/\/www.gymnastica.fi\/app\/uploads\/2025\/03\/1.jpg","datePublished":"2025-03-13T12:20:21+00:00","breadcrumb":{"@id":"https:\/\/www.gymnastica.fi\/sv\/tuote\/gymnova-golvankare-6-st-gy-ex-2006\/#breadcrumb"},"inLanguage":"sv-SE","potentialAction":[{"@type":"ReadAction","target":["https:\/\/www.gymnastica.fi\/sv\/tuote\/gymnova-golvankare-6-st-gy-ex-2006\/"]}]},{"@type":"ImageObject","inLanguage":"sv-SE","@id":"https:\/\/www.gymnastica.fi\/sv\/tuote\/gymnova-golvankare-6-st-gy-ex-2006\/#primaryimage","url":"https:\/\/www.gymnastica.fi\/app\/uploads\/2025\/03\/1.jpg","contentUrl":"https:\/\/www.gymnastica.fi\/app\/uploads\/2025\/03\/1.jpg","width":500,"height":500},{"@type":"BreadcrumbList","@id":"https:\/\/www.gymnastica.fi\/sv\/tuote\/gymnova-golvankare-6-st-gy-ex-2006\/#breadcrumb","itemListElement":[{"@type":"ListItem","position":1,"name":"Home","item":"https:\/\/www.gymnastica.fi\/sv\/"},{"@type":"ListItem","position":2,"name":"Butik","item":"https:\/\/www.gymnastica.fi\/sv\/butik\/"},{"@type":"ListItem","position":3,"name":"Gymnova golvankare 6 st GY-EX\/2006"}]},{"@type":"WebSite","@id":"https:\/\/www.gymnastica.fi\/#website","url":"https:\/\/www.gymnastica.fi\/","name":"Gymnastica","description":"Liikunta- ja urheilutilasuunnittelun ja v\u00e4lineiden asiantuntija","publisher":{"@id":"https:\/\/www.gymnastica.fi\/#organization"},"potentialAction":[{"@type":"SearchAction","target":{"@type":"EntryPoint","urlTemplate":"https:\/\/www.gymnastica.fi\/?s={search_term_string}"},"query-input":{"@type":"PropertyValueSpecification","valueRequired":true,"valueName":"search_term_string"}}],"inLanguage":"sv-SE"},{"@type":"Organization","@id":"https:\/\/www.gymnastica.fi\/#organization","name":"Gymnastica","url":"https:\/\/www.gymnastica.fi\/","logo":{"@type":"ImageObject","inLanguage":"sv-SE","@id":"https:\/\/www.gymnastica.fi\/#\/schema\/logo\/image\/","url":"https:\/\/www.gymnastica.fi\/app\/uploads\/2021\/04\/logo.svg","contentUrl":"https:\/\/www.gymnastica.fi\/app\/uploads\/2021\/04\/logo.svg","width":246,"height":59,"caption":"Gymnastica"},"image":{"@id":"https:\/\/www.gymnastica.fi\/#\/schema\/logo\/image\/"}}]}},"_links":{"self":[{"href":"https:\/\/www.gymnastica.fi\/sv\/wp-json\/wp\/v2\/product\/45170","targetHints":{"allow":["GET"]}}],"collection":[{"href":"https:\/\/www.gymnastica.fi\/sv\/wp-json\/wp\/v2\/product"}],"about":[{"href":"https:\/\/www.gymnastica.fi\/sv\/wp-json\/wp\/v2\/types\/product"}],"wp:featuredmedia":[{"embeddable":true,"href":"https:\/\/www.gymnastica.fi\/sv\/wp-json\/wp\/v2\/media\/43080"}],"wp:attachment":[{"href":"https:\/\/www.gymnastica.fi\/sv\/wp-json\/wp\/v2\/media?parent=45170"}],"wp:term":[{"taxonomy":"product_brand","embeddable":true,"href":"https:\/\/www.gymnastica.fi\/sv\/wp-json\/wp\/v2\/product_brand?post=45170"},{"taxonomy":"product_cat","embeddable":true,"href":"https:\/\/www.gymnastica.fi\/sv\/wp-json\/wp\/v2\/product_cat?post=45170"},{"taxonomy":"product_tag","embeddable":true,"href":"https:\/\/www.gymnastica.fi\/sv\/wp-json\/wp\/v2\/product_tag?post=45170"},{"taxonomy":"manufacturers","embeddable":true,"href":"https:\/\/www.gymnastica.fi\/sv\/wp-json\/wp\/v2\/manufacturers?post=45170"},{"taxonomy":"suppliers","embeddable":true,"href":"https:\/\/www.gymnastica.fi\/sv\/wp-json\/wp\/v2\/suppliers?post=45170"}],"curies":[{"name":"wp","href":"https:\/\/api.w.org\/{rel}","templated":true}]}}