{"id":45171,"date":"2025-03-13T14:16:30","date_gmt":"2025-03-13T12:16:30","guid":{"rendered":"https:\/\/www.gymnastica.fi\/tuote\/gymnova-rack-med-1-rackstang-2-stolpar-och-2-stolpstall-gy-3104\/"},"modified":"2025-03-13T14:16:30","modified_gmt":"2025-03-13T12:16:30","slug":"gymnova-rack-med-1-rackstang-2-stolpar-och-2-stolpstall-gy-3104","status":"publish","type":"product","link":"https:\/\/www.gymnastica.fi\/sv\/tuote\/gymnova-rack-med-1-rackstang-2-stolpar-och-2-stolpstall-gy-3104\/","title":{"rendered":"Gymnova r\u00e4ck med 1 r\u00e4ckst\u00e5ng, 2 stolpar och 2 stolpst\u00e4ll GY-3104"},"content":{"rendered":"<div class=\"tabs\">\n<div id=\"first\">\n<p><span id=\"&quot;result_box&quot;\" class=\"&quot;hps&quot;\" lang=\"&quot;sv&quot;\">Gymnova r\u00e4ck med 1 r\u00e4ckst\u00e5ng, 2 stolpar och 2 golvhylsor.\u00a0<\/span><span class=\"&quot;hps&quot;\" lang=\"&quot;sv&quot;\">1 st 240 cm l\u00e5ng\u00a0<span id=\"&quot;result_box&quot;\" class=\"&quot;hps&quot;\" lang=\"&quot;sv&quot;\"><span lang=\"&quot;&quot;\">\u00d8 28 mm\u00a0<\/span><\/span>r\u00e4ckst\u00e5ng. 2 st\u00a0<span lang=\"&quot;&quot;\">\u00d8 90 mm\u00a0<\/span>r\u00e4ckstolpar. 2 st stolpst\u00e4ll f\u00f6r golvmontering. Justerbar i h\u00f6jd\u00a0<span lang=\"&quot;&quot;\">95-255 cm<\/span>. Barrst\u00e5ng kan anv\u00e4ndas ist\u00e4llet f\u00f6r r\u00e4ckst\u00e5ng.\u00a0<span id=\"&quot;result_box&quot;\" lang=\"&quot;sv&quot;\">Levereras\u00a0med\u00a0r\u00e4ckst\u00e5ng\u00a0GY-3110,\u00a0och kan\u00a0ocks\u00e5\u00a0anv\u00e4ndas med barrholme\u00a0GY-3260,\u00a0GY-3265\u00a0eller\u00a0GY-3268.<\/span><\/span><\/p>\n<\/div>\n<\/div>\n","protected":false},"excerpt":{"rendered":"<p>Gymnova r\u00e4ck med 1 r\u00e4ckst\u00e5ng, 2 stolpar och 2 golvhylsor.\u00a01 st 240 cm l\u00e5ng\u00a0\u00d8 28 mm\u00a0r\u00e4ckst\u00e5ng. 2 st\u00a0\u00d8 90 mm\u00a0r\u00e4ckstolpar. 2 st stolpst\u00e4ll f\u00f6r golvmontering. Justerbar i h\u00f6jd\u00a095-255 cm. Barrst\u00e5ng kan anv\u00e4ndas ist\u00e4llet f\u00f6r r\u00e4ckst\u00e5ng.\u00a0Levereras\u00a0med\u00a0r\u00e4ckst\u00e5ng\u00a0GY-3110,\u00a0och kan\u00a0ocks\u00e5\u00a0anv\u00e4ndas med barrholme\u00a0GY-3260,\u00a0GY-3265\u00a0eller\u00a0GY-3268.<\/p>\n","protected":false},"featured_media":43052,"template":"","meta":{"_acf_changed":false,"_relevanssi_hide_post":"","_relevanssi_hide_content":"","_relevanssi_pin_for_all":"","_relevanssi_pin_keywords":"","_relevanssi_unpin_keywords":"","_relevanssi_related_keywords":"","_relevanssi_related_include_ids":"","_relevanssi_related_exclude_ids":"","_relevanssi_related_no_append":"","_relevanssi_related_not_related":"","_relevanssi_related_posts":"","_relevanssi_noindex_reason":""},"product_brand":[],"product_cat":[1654,2648,1918,2681],"product_tag":[2649,2978],"manufacturers":[],"suppliers":[],"class_list":{"0":"post-45171","1":"product","2":"type-product","3":"status-publish","4":"has-post-thumbnail","6":"product_cat-marken","7":"product_cat-gymnova-sv","8":"product_cat-redskapsgymnastik","9":"product_cat-rack","10":"product_tag-gymnova-sv","11":"product_tag-rack","13":"first","14":"onbackorder","15":"taxable","16":"shipping-taxable","17":"product-type-simple"},"acf":[],"yoast_head":"<!-- This site is optimized with the Yoast SEO plugin v26.8 - https:\/\/yoast.com\/product\/yoast-seo-wordpress\/ -->\n<title>Gymnova r\u00e4ck med 1 r\u00e4ckst\u00e5ng, 2 stolpar och 2 stolpst\u00e4ll GY-3104 &#8212; Gymnastica<\/title>\n<meta name=\"robots\" content=\"index, follow, max-snippet:-1, max-image-preview:large, max-video-preview:-1\" \/>\n<link rel=\"canonical\" href=\"https:\/\/www.gymnastica.fi\/sv\/tuote\/gymnova-rack-med-1-rackstang-2-stolpar-och-2-stolpstall-gy-3104\/\" \/>\n<meta property=\"og:locale\" content=\"sv_SE\" \/>\n<meta property=\"og:type\" content=\"article\" \/>\n<meta property=\"og:title\" content=\"Gymnova r\u00e4ck med 1 r\u00e4ckst\u00e5ng, 2 stolpar och 2 stolpst\u00e4ll GY-3104 &#8212; Gymnastica\" \/>\n<meta property=\"og:description\" content=\"Gymnova r\u00e4ck med 1 r\u00e4ckst\u00e5ng, 2 stolpar och 2 golvhylsor.\u00a01 st 240 cm l\u00e5ng\u00a0\u00d8 28 mm\u00a0r\u00e4ckst\u00e5ng. 2 st\u00a0\u00d8 90 mm\u00a0r\u00e4ckstolpar. 2 st stolpst\u00e4ll f\u00f6r golvmontering. Justerbar i h\u00f6jd\u00a095-255 cm. Barrst\u00e5ng kan anv\u00e4ndas ist\u00e4llet f\u00f6r r\u00e4ckst\u00e5ng.\u00a0Levereras\u00a0med\u00a0r\u00e4ckst\u00e5ng\u00a0GY-3110,\u00a0och kan\u00a0ocks\u00e5\u00a0anv\u00e4ndas med barrholme\u00a0GY-3260,\u00a0GY-3265\u00a0eller\u00a0GY-3268.\" \/>\n<meta property=\"og:url\" content=\"https:\/\/www.gymnastica.fi\/sv\/tuote\/gymnova-rack-med-1-rackstang-2-stolpar-och-2-stolpstall-gy-3104\/\" \/>\n<meta property=\"og:site_name\" content=\"Gymnastica\" \/>\n<meta property=\"og:image\" content=\"https:\/\/www.gymnastica.fi\/app\/uploads\/2025\/03\/GY-3104.jpg\" \/>\n\t<meta property=\"og:image:width\" content=\"436\" \/>\n\t<meta property=\"og:image:height\" content=\"500\" \/>\n\t<meta property=\"og:image:type\" content=\"image\/jpeg\" \/>\n<meta name=\"twitter:card\" content=\"summary_large_image\" \/>\n<script type=\"application\/ld+json\" class=\"yoast-schema-graph\">{\"@context\":\"https:\/\/schema.org\",\"@graph\":[{\"@type\":\"WebPage\",\"@id\":\"https:\/\/www.gymnastica.fi\/sv\/tuote\/gymnova-rack-med-1-rackstang-2-stolpar-och-2-stolpstall-gy-3104\/\",\"url\":\"https:\/\/www.gymnastica.fi\/sv\/tuote\/gymnova-rack-med-1-rackstang-2-stolpar-och-2-stolpstall-gy-3104\/\",\"name\":\"Gymnova r\u00e4ck med 1 r\u00e4ckst\u00e5ng, 2 stolpar och 2 stolpst\u00e4ll GY-3104 &#8212; Gymnastica\",\"isPartOf\":{\"@id\":\"https:\/\/www.gymnastica.fi\/#website\"},\"primaryImageOfPage\":{\"@id\":\"https:\/\/www.gymnastica.fi\/sv\/tuote\/gymnova-rack-med-1-rackstang-2-stolpar-och-2-stolpstall-gy-3104\/#primaryimage\"},\"image\":{\"@id\":\"https:\/\/www.gymnastica.fi\/sv\/tuote\/gymnova-rack-med-1-rackstang-2-stolpar-och-2-stolpstall-gy-3104\/#primaryimage\"},\"thumbnailUrl\":\"https:\/\/www.gymnastica.fi\/app\/uploads\/2025\/03\/GY-3104.jpg\",\"datePublished\":\"2025-03-13T12:16:30+00:00\",\"breadcrumb\":{\"@id\":\"https:\/\/www.gymnastica.fi\/sv\/tuote\/gymnova-rack-med-1-rackstang-2-stolpar-och-2-stolpstall-gy-3104\/#breadcrumb\"},\"inLanguage\":\"sv-SE\",\"potentialAction\":[{\"@type\":\"ReadAction\",\"target\":[\"https:\/\/www.gymnastica.fi\/sv\/tuote\/gymnova-rack-med-1-rackstang-2-stolpar-och-2-stolpstall-gy-3104\/\"]}]},{\"@type\":\"ImageObject\",\"inLanguage\":\"sv-SE\",\"@id\":\"https:\/\/www.gymnastica.fi\/sv\/tuote\/gymnova-rack-med-1-rackstang-2-stolpar-och-2-stolpstall-gy-3104\/#primaryimage\",\"url\":\"https:\/\/www.gymnastica.fi\/app\/uploads\/2025\/03\/GY-3104.jpg\",\"contentUrl\":\"https:\/\/www.gymnastica.fi\/app\/uploads\/2025\/03\/GY-3104.jpg\",\"width\":436,\"height\":500},{\"@type\":\"BreadcrumbList\",\"@id\":\"https:\/\/www.gymnastica.fi\/sv\/tuote\/gymnova-rack-med-1-rackstang-2-stolpar-och-2-stolpstall-gy-3104\/#breadcrumb\",\"itemListElement\":[{\"@type\":\"ListItem\",\"position\":1,\"name\":\"Home\",\"item\":\"https:\/\/www.gymnastica.fi\/sv\/\"},{\"@type\":\"ListItem\",\"position\":2,\"name\":\"Butik\",\"item\":\"https:\/\/www.gymnastica.fi\/sv\/butik\/\"},{\"@type\":\"ListItem\",\"position\":3,\"name\":\"Gymnova r\u00e4ck med 1 r\u00e4ckst\u00e5ng, 2 stolpar och 2 stolpst\u00e4ll GY-3104\"}]},{\"@type\":\"WebSite\",\"@id\":\"https:\/\/www.gymnastica.fi\/#website\",\"url\":\"https:\/\/www.gymnastica.fi\/\",\"name\":\"Gymnastica\",\"description\":\"Liikunta- ja urheilutilasuunnittelun ja v\u00e4lineiden asiantuntija\",\"publisher\":{\"@id\":\"https:\/\/www.gymnastica.fi\/#organization\"},\"potentialAction\":[{\"@type\":\"SearchAction\",\"target\":{\"@type\":\"EntryPoint\",\"urlTemplate\":\"https:\/\/www.gymnastica.fi\/?s={search_term_string}\"},\"query-input\":{\"@type\":\"PropertyValueSpecification\",\"valueRequired\":true,\"valueName\":\"search_term_string\"}}],\"inLanguage\":\"sv-SE\"},{\"@type\":\"Organization\",\"@id\":\"https:\/\/www.gymnastica.fi\/#organization\",\"name\":\"Gymnastica\",\"url\":\"https:\/\/www.gymnastica.fi\/\",\"logo\":{\"@type\":\"ImageObject\",\"inLanguage\":\"sv-SE\",\"@id\":\"https:\/\/www.gymnastica.fi\/#\/schema\/logo\/image\/\",\"url\":\"https:\/\/www.gymnastica.fi\/app\/uploads\/2021\/04\/logo.svg\",\"contentUrl\":\"https:\/\/www.gymnastica.fi\/app\/uploads\/2021\/04\/logo.svg\",\"width\":246,\"height\":59,\"caption\":\"Gymnastica\"},\"image\":{\"@id\":\"https:\/\/www.gymnastica.fi\/#\/schema\/logo\/image\/\"}}]}<\/script>\n<!-- \/ Yoast SEO plugin. -->","yoast_head_json":{"title":"Gymnova r\u00e4ck med 1 r\u00e4ckst\u00e5ng, 2 stolpar och 2 stolpst\u00e4ll GY-3104 &#8212; Gymnastica","robots":{"index":"index","follow":"follow","max-snippet":"max-snippet:-1","max-image-preview":"max-image-preview:large","max-video-preview":"max-video-preview:-1"},"canonical":"https:\/\/www.gymnastica.fi\/sv\/tuote\/gymnova-rack-med-1-rackstang-2-stolpar-och-2-stolpstall-gy-3104\/","og_locale":"sv_SE","og_type":"article","og_title":"Gymnova r\u00e4ck med 1 r\u00e4ckst\u00e5ng, 2 stolpar och 2 stolpst\u00e4ll GY-3104 &#8212; Gymnastica","og_description":"Gymnova r\u00e4ck med 1 r\u00e4ckst\u00e5ng, 2 stolpar och 2 golvhylsor.\u00a01 st 240 cm l\u00e5ng\u00a0\u00d8 28 mm\u00a0r\u00e4ckst\u00e5ng. 2 st\u00a0\u00d8 90 mm\u00a0r\u00e4ckstolpar. 2 st stolpst\u00e4ll f\u00f6r golvmontering. Justerbar i h\u00f6jd\u00a095-255 cm. Barrst\u00e5ng kan anv\u00e4ndas ist\u00e4llet f\u00f6r r\u00e4ckst\u00e5ng.\u00a0Levereras\u00a0med\u00a0r\u00e4ckst\u00e5ng\u00a0GY-3110,\u00a0och kan\u00a0ocks\u00e5\u00a0anv\u00e4ndas med barrholme\u00a0GY-3260,\u00a0GY-3265\u00a0eller\u00a0GY-3268.","og_url":"https:\/\/www.gymnastica.fi\/sv\/tuote\/gymnova-rack-med-1-rackstang-2-stolpar-och-2-stolpstall-gy-3104\/","og_site_name":"Gymnastica","og_image":[{"width":436,"height":500,"url":"https:\/\/www.gymnastica.fi\/app\/uploads\/2025\/03\/GY-3104.jpg","type":"image\/jpeg"}],"twitter_card":"summary_large_image","schema":{"@context":"https:\/\/schema.org","@graph":[{"@type":"WebPage","@id":"https:\/\/www.gymnastica.fi\/sv\/tuote\/gymnova-rack-med-1-rackstang-2-stolpar-och-2-stolpstall-gy-3104\/","url":"https:\/\/www.gymnastica.fi\/sv\/tuote\/gymnova-rack-med-1-rackstang-2-stolpar-och-2-stolpstall-gy-3104\/","name":"Gymnova r\u00e4ck med 1 r\u00e4ckst\u00e5ng, 2 stolpar och 2 stolpst\u00e4ll GY-3104 &#8212; Gymnastica","isPartOf":{"@id":"https:\/\/www.gymnastica.fi\/#website"},"primaryImageOfPage":{"@id":"https:\/\/www.gymnastica.fi\/sv\/tuote\/gymnova-rack-med-1-rackstang-2-stolpar-och-2-stolpstall-gy-3104\/#primaryimage"},"image":{"@id":"https:\/\/www.gymnastica.fi\/sv\/tuote\/gymnova-rack-med-1-rackstang-2-stolpar-och-2-stolpstall-gy-3104\/#primaryimage"},"thumbnailUrl":"https:\/\/www.gymnastica.fi\/app\/uploads\/2025\/03\/GY-3104.jpg","datePublished":"2025-03-13T12:16:30+00:00","breadcrumb":{"@id":"https:\/\/www.gymnastica.fi\/sv\/tuote\/gymnova-rack-med-1-rackstang-2-stolpar-och-2-stolpstall-gy-3104\/#breadcrumb"},"inLanguage":"sv-SE","potentialAction":[{"@type":"ReadAction","target":["https:\/\/www.gymnastica.fi\/sv\/tuote\/gymnova-rack-med-1-rackstang-2-stolpar-och-2-stolpstall-gy-3104\/"]}]},{"@type":"ImageObject","inLanguage":"sv-SE","@id":"https:\/\/www.gymnastica.fi\/sv\/tuote\/gymnova-rack-med-1-rackstang-2-stolpar-och-2-stolpstall-gy-3104\/#primaryimage","url":"https:\/\/www.gymnastica.fi\/app\/uploads\/2025\/03\/GY-3104.jpg","contentUrl":"https:\/\/www.gymnastica.fi\/app\/uploads\/2025\/03\/GY-3104.jpg","width":436,"height":500},{"@type":"BreadcrumbList","@id":"https:\/\/www.gymnastica.fi\/sv\/tuote\/gymnova-rack-med-1-rackstang-2-stolpar-och-2-stolpstall-gy-3104\/#breadcrumb","itemListElement":[{"@type":"ListItem","position":1,"name":"Home","item":"https:\/\/www.gymnastica.fi\/sv\/"},{"@type":"ListItem","position":2,"name":"Butik","item":"https:\/\/www.gymnastica.fi\/sv\/butik\/"},{"@type":"ListItem","position":3,"name":"Gymnova r\u00e4ck med 1 r\u00e4ckst\u00e5ng, 2 stolpar och 2 stolpst\u00e4ll GY-3104"}]},{"@type":"WebSite","@id":"https:\/\/www.gymnastica.fi\/#website","url":"https:\/\/www.gymnastica.fi\/","name":"Gymnastica","description":"Liikunta- ja urheilutilasuunnittelun ja v\u00e4lineiden asiantuntija","publisher":{"@id":"https:\/\/www.gymnastica.fi\/#organization"},"potentialAction":[{"@type":"SearchAction","target":{"@type":"EntryPoint","urlTemplate":"https:\/\/www.gymnastica.fi\/?s={search_term_string}"},"query-input":{"@type":"PropertyValueSpecification","valueRequired":true,"valueName":"search_term_string"}}],"inLanguage":"sv-SE"},{"@type":"Organization","@id":"https:\/\/www.gymnastica.fi\/#organization","name":"Gymnastica","url":"https:\/\/www.gymnastica.fi\/","logo":{"@type":"ImageObject","inLanguage":"sv-SE","@id":"https:\/\/www.gymnastica.fi\/#\/schema\/logo\/image\/","url":"https:\/\/www.gymnastica.fi\/app\/uploads\/2021\/04\/logo.svg","contentUrl":"https:\/\/www.gymnastica.fi\/app\/uploads\/2021\/04\/logo.svg","width":246,"height":59,"caption":"Gymnastica"},"image":{"@id":"https:\/\/www.gymnastica.fi\/#\/schema\/logo\/image\/"}}]}},"_links":{"self":[{"href":"https:\/\/www.gymnastica.fi\/sv\/wp-json\/wp\/v2\/product\/45171","targetHints":{"allow":["GET"]}}],"collection":[{"href":"https:\/\/www.gymnastica.fi\/sv\/wp-json\/wp\/v2\/product"}],"about":[{"href":"https:\/\/www.gymnastica.fi\/sv\/wp-json\/wp\/v2\/types\/product"}],"wp:featuredmedia":[{"embeddable":true,"href":"https:\/\/www.gymnastica.fi\/sv\/wp-json\/wp\/v2\/media\/43052"}],"wp:attachment":[{"href":"https:\/\/www.gymnastica.fi\/sv\/wp-json\/wp\/v2\/media?parent=45171"}],"wp:term":[{"taxonomy":"product_brand","embeddable":true,"href":"https:\/\/www.gymnastica.fi\/sv\/wp-json\/wp\/v2\/product_brand?post=45171"},{"taxonomy":"product_cat","embeddable":true,"href":"https:\/\/www.gymnastica.fi\/sv\/wp-json\/wp\/v2\/product_cat?post=45171"},{"taxonomy":"product_tag","embeddable":true,"href":"https:\/\/www.gymnastica.fi\/sv\/wp-json\/wp\/v2\/product_tag?post=45171"},{"taxonomy":"manufacturers","embeddable":true,"href":"https:\/\/www.gymnastica.fi\/sv\/wp-json\/wp\/v2\/manufacturers?post=45171"},{"taxonomy":"suppliers","embeddable":true,"href":"https:\/\/www.gymnastica.fi\/sv\/wp-json\/wp\/v2\/suppliers?post=45171"}],"curies":[{"name":"wp","href":"https:\/\/api.w.org\/{rel}","templated":true}]}}