{"id":45219,"date":"2025-03-03T15:54:39","date_gmt":"2025-03-03T13:54:39","guid":{"rendered":"https:\/\/www.gymnastica.fi\/tuote\/kgm-mattvagn-300-x-100-x-135-cm-kg-f265194-l\/"},"modified":"2025-03-03T15:54:39","modified_gmt":"2025-03-03T13:54:39","slug":"kgm-mattvagn-300-x-100-x-135-cm-kg-f265194-l","status":"publish","type":"product","link":"https:\/\/www.gymnastica.fi\/sv\/tuote\/kgm-mattvagn-300-x-100-x-135-cm-kg-f265194-l\/","title":{"rendered":"KGM mattvagn 300 x 100 x 135 cm KG-F265194-L"},"content":{"rendered":"<div class=\"tabs\">\n<div id=\"first\">\n<p>KGM mattovagn l\u00e4ngd 300 cm, bredd 100 cm och h\u00f6jd 135 cm.\u00a0Enkelsidig vagn av st\u00e5lr\u00f6r. Vitlackerad. F\u00f6r 2 st nedslagb\u00e4ddar. \u00d6glor f\u00f6r repomtag. P.g.a lutande bottenplatta \u00e4r h\u00f6jden 23,5 cm (n\u00e4rmast r\u00e4cket) och 32,5 cm som h\u00f6gst, l\u00e4gg sedan till mattans bredd f\u00f6r att f\u00e5 fram vagnens totalh\u00f6jd. Frig\u00e5ng 19 cm (fr\u00e5n golv till underkant bottenplatta).<\/p>\n<\/div>\n<\/div>\n","protected":false},"excerpt":{"rendered":"<p>KGM mattovagn l\u00e4ngd 300 cm, bredd 100 cm och h\u00f6jd 135 cm.\u00a0Enkelsidig vagn av st\u00e5lr\u00f6r. Vitlackerad. F\u00f6r 2 st nedslagb\u00e4ddar. \u00d6glor f\u00f6r repomtag. P.g.a lutande bottenplatta \u00e4r h\u00f6jden 23,5 cm (n\u00e4rmast r\u00e4cket) och 32,5 cm som h\u00f6gst, l\u00e4gg sedan till mattans bredd f\u00f6r att f\u00e5 fram vagnens totalh\u00f6jd. Frig\u00e5ng 19 cm (fr\u00e5n golv till underkant [&hellip;]<\/p>\n","protected":false},"featured_media":42846,"template":"","meta":{"_acf_changed":false,"_relevanssi_hide_post":"","_relevanssi_hide_content":"","_relevanssi_pin_for_all":"","_relevanssi_pin_keywords":"","_relevanssi_unpin_keywords":"","_relevanssi_related_keywords":"","_relevanssi_related_include_ids":"","_relevanssi_related_exclude_ids":"","_relevanssi_related_no_append":"","_relevanssi_related_not_related":"","_relevanssi_related_posts":"","_relevanssi_noindex_reason":""},"product_brand":[],"product_cat":[1654,2442],"product_tag":[2444],"manufacturers":[],"suppliers":[],"class_list":{"0":"post-45219","1":"product","2":"type-product","3":"status-publish","4":"has-post-thumbnail","6":"product_cat-marken","7":"product_cat-kgm-sv","8":"product_tag-kgm-sv","10":"first","11":"onbackorder","12":"taxable","13":"shipping-taxable","14":"product-type-simple"},"acf":[],"yoast_head":"<!-- This site is optimized with the Yoast SEO plugin v26.8 - https:\/\/yoast.com\/product\/yoast-seo-wordpress\/ -->\n<title>KGM mattvagn 300 x 100 x 135 cm KG-F265194-L &#8212; Gymnastica<\/title>\n<meta name=\"robots\" content=\"index, follow, max-snippet:-1, max-image-preview:large, max-video-preview:-1\" \/>\n<link rel=\"canonical\" href=\"https:\/\/www.gymnastica.fi\/sv\/tuote\/kgm-mattvagn-300-x-100-x-135-cm-kg-f265194-l\/\" \/>\n<meta property=\"og:locale\" content=\"sv_SE\" \/>\n<meta property=\"og:type\" content=\"article\" \/>\n<meta property=\"og:title\" content=\"KGM mattvagn 300 x 100 x 135 cm KG-F265194-L &#8212; Gymnastica\" \/>\n<meta property=\"og:description\" content=\"KGM mattovagn l\u00e4ngd 300 cm, bredd 100 cm och h\u00f6jd 135 cm.\u00a0Enkelsidig vagn av st\u00e5lr\u00f6r. Vitlackerad. F\u00f6r 2 st nedslagb\u00e4ddar. \u00d6glor f\u00f6r repomtag. P.g.a lutande bottenplatta \u00e4r h\u00f6jden 23,5 cm (n\u00e4rmast r\u00e4cket) och 32,5 cm som h\u00f6gst, l\u00e4gg sedan till mattans bredd f\u00f6r att f\u00e5 fram vagnens totalh\u00f6jd. Frig\u00e5ng 19 cm (fr\u00e5n golv till underkant [&hellip;]\" \/>\n<meta property=\"og:url\" content=\"https:\/\/www.gymnastica.fi\/sv\/tuote\/kgm-mattvagn-300-x-100-x-135-cm-kg-f265194-l\/\" \/>\n<meta property=\"og:site_name\" content=\"Gymnastica\" \/>\n<meta property=\"og:image\" content=\"https:\/\/www.gymnastica.fi\/app\/uploads\/2025\/03\/KG-F265194.jpg\" \/>\n\t<meta property=\"og:image:width\" content=\"480\" \/>\n\t<meta property=\"og:image:height\" content=\"480\" \/>\n\t<meta property=\"og:image:type\" content=\"image\/jpeg\" \/>\n<meta name=\"twitter:card\" content=\"summary_large_image\" \/>\n<script type=\"application\/ld+json\" class=\"yoast-schema-graph\">{\"@context\":\"https:\/\/schema.org\",\"@graph\":[{\"@type\":\"WebPage\",\"@id\":\"https:\/\/www.gymnastica.fi\/sv\/tuote\/kgm-mattvagn-300-x-100-x-135-cm-kg-f265194-l\/\",\"url\":\"https:\/\/www.gymnastica.fi\/sv\/tuote\/kgm-mattvagn-300-x-100-x-135-cm-kg-f265194-l\/\",\"name\":\"KGM mattvagn 300 x 100 x 135 cm KG-F265194-L &#8212; Gymnastica\",\"isPartOf\":{\"@id\":\"https:\/\/www.gymnastica.fi\/#website\"},\"primaryImageOfPage\":{\"@id\":\"https:\/\/www.gymnastica.fi\/sv\/tuote\/kgm-mattvagn-300-x-100-x-135-cm-kg-f265194-l\/#primaryimage\"},\"image\":{\"@id\":\"https:\/\/www.gymnastica.fi\/sv\/tuote\/kgm-mattvagn-300-x-100-x-135-cm-kg-f265194-l\/#primaryimage\"},\"thumbnailUrl\":\"https:\/\/www.gymnastica.fi\/app\/uploads\/2025\/03\/KG-F265194.jpg\",\"datePublished\":\"2025-03-03T13:54:39+00:00\",\"breadcrumb\":{\"@id\":\"https:\/\/www.gymnastica.fi\/sv\/tuote\/kgm-mattvagn-300-x-100-x-135-cm-kg-f265194-l\/#breadcrumb\"},\"inLanguage\":\"sv-SE\",\"potentialAction\":[{\"@type\":\"ReadAction\",\"target\":[\"https:\/\/www.gymnastica.fi\/sv\/tuote\/kgm-mattvagn-300-x-100-x-135-cm-kg-f265194-l\/\"]}]},{\"@type\":\"ImageObject\",\"inLanguage\":\"sv-SE\",\"@id\":\"https:\/\/www.gymnastica.fi\/sv\/tuote\/kgm-mattvagn-300-x-100-x-135-cm-kg-f265194-l\/#primaryimage\",\"url\":\"https:\/\/www.gymnastica.fi\/app\/uploads\/2025\/03\/KG-F265194.jpg\",\"contentUrl\":\"https:\/\/www.gymnastica.fi\/app\/uploads\/2025\/03\/KG-F265194.jpg\",\"width\":480,\"height\":480},{\"@type\":\"BreadcrumbList\",\"@id\":\"https:\/\/www.gymnastica.fi\/sv\/tuote\/kgm-mattvagn-300-x-100-x-135-cm-kg-f265194-l\/#breadcrumb\",\"itemListElement\":[{\"@type\":\"ListItem\",\"position\":1,\"name\":\"Home\",\"item\":\"https:\/\/www.gymnastica.fi\/sv\/\"},{\"@type\":\"ListItem\",\"position\":2,\"name\":\"Butik\",\"item\":\"https:\/\/www.gymnastica.fi\/sv\/butik\/\"},{\"@type\":\"ListItem\",\"position\":3,\"name\":\"KGM mattvagn 300 x 100 x 135 cm KG-F265194-L\"}]},{\"@type\":\"WebSite\",\"@id\":\"https:\/\/www.gymnastica.fi\/#website\",\"url\":\"https:\/\/www.gymnastica.fi\/\",\"name\":\"Gymnastica\",\"description\":\"Liikunta- ja urheilutilasuunnittelun ja v\u00e4lineiden asiantuntija\",\"publisher\":{\"@id\":\"https:\/\/www.gymnastica.fi\/#organization\"},\"potentialAction\":[{\"@type\":\"SearchAction\",\"target\":{\"@type\":\"EntryPoint\",\"urlTemplate\":\"https:\/\/www.gymnastica.fi\/?s={search_term_string}\"},\"query-input\":{\"@type\":\"PropertyValueSpecification\",\"valueRequired\":true,\"valueName\":\"search_term_string\"}}],\"inLanguage\":\"sv-SE\"},{\"@type\":\"Organization\",\"@id\":\"https:\/\/www.gymnastica.fi\/#organization\",\"name\":\"Gymnastica\",\"url\":\"https:\/\/www.gymnastica.fi\/\",\"logo\":{\"@type\":\"ImageObject\",\"inLanguage\":\"sv-SE\",\"@id\":\"https:\/\/www.gymnastica.fi\/#\/schema\/logo\/image\/\",\"url\":\"https:\/\/www.gymnastica.fi\/app\/uploads\/2021\/04\/logo.svg\",\"contentUrl\":\"https:\/\/www.gymnastica.fi\/app\/uploads\/2021\/04\/logo.svg\",\"width\":246,\"height\":59,\"caption\":\"Gymnastica\"},\"image\":{\"@id\":\"https:\/\/www.gymnastica.fi\/#\/schema\/logo\/image\/\"}}]}<\/script>\n<!-- \/ Yoast SEO plugin. -->","yoast_head_json":{"title":"KGM mattvagn 300 x 100 x 135 cm KG-F265194-L &#8212; Gymnastica","robots":{"index":"index","follow":"follow","max-snippet":"max-snippet:-1","max-image-preview":"max-image-preview:large","max-video-preview":"max-video-preview:-1"},"canonical":"https:\/\/www.gymnastica.fi\/sv\/tuote\/kgm-mattvagn-300-x-100-x-135-cm-kg-f265194-l\/","og_locale":"sv_SE","og_type":"article","og_title":"KGM mattvagn 300 x 100 x 135 cm KG-F265194-L &#8212; Gymnastica","og_description":"KGM mattovagn l\u00e4ngd 300 cm, bredd 100 cm och h\u00f6jd 135 cm.\u00a0Enkelsidig vagn av st\u00e5lr\u00f6r. Vitlackerad. F\u00f6r 2 st nedslagb\u00e4ddar. \u00d6glor f\u00f6r repomtag. P.g.a lutande bottenplatta \u00e4r h\u00f6jden 23,5 cm (n\u00e4rmast r\u00e4cket) och 32,5 cm som h\u00f6gst, l\u00e4gg sedan till mattans bredd f\u00f6r att f\u00e5 fram vagnens totalh\u00f6jd. Frig\u00e5ng 19 cm (fr\u00e5n golv till underkant [&hellip;]","og_url":"https:\/\/www.gymnastica.fi\/sv\/tuote\/kgm-mattvagn-300-x-100-x-135-cm-kg-f265194-l\/","og_site_name":"Gymnastica","og_image":[{"width":480,"height":480,"url":"https:\/\/www.gymnastica.fi\/app\/uploads\/2025\/03\/KG-F265194.jpg","type":"image\/jpeg"}],"twitter_card":"summary_large_image","schema":{"@context":"https:\/\/schema.org","@graph":[{"@type":"WebPage","@id":"https:\/\/www.gymnastica.fi\/sv\/tuote\/kgm-mattvagn-300-x-100-x-135-cm-kg-f265194-l\/","url":"https:\/\/www.gymnastica.fi\/sv\/tuote\/kgm-mattvagn-300-x-100-x-135-cm-kg-f265194-l\/","name":"KGM mattvagn 300 x 100 x 135 cm KG-F265194-L &#8212; Gymnastica","isPartOf":{"@id":"https:\/\/www.gymnastica.fi\/#website"},"primaryImageOfPage":{"@id":"https:\/\/www.gymnastica.fi\/sv\/tuote\/kgm-mattvagn-300-x-100-x-135-cm-kg-f265194-l\/#primaryimage"},"image":{"@id":"https:\/\/www.gymnastica.fi\/sv\/tuote\/kgm-mattvagn-300-x-100-x-135-cm-kg-f265194-l\/#primaryimage"},"thumbnailUrl":"https:\/\/www.gymnastica.fi\/app\/uploads\/2025\/03\/KG-F265194.jpg","datePublished":"2025-03-03T13:54:39+00:00","breadcrumb":{"@id":"https:\/\/www.gymnastica.fi\/sv\/tuote\/kgm-mattvagn-300-x-100-x-135-cm-kg-f265194-l\/#breadcrumb"},"inLanguage":"sv-SE","potentialAction":[{"@type":"ReadAction","target":["https:\/\/www.gymnastica.fi\/sv\/tuote\/kgm-mattvagn-300-x-100-x-135-cm-kg-f265194-l\/"]}]},{"@type":"ImageObject","inLanguage":"sv-SE","@id":"https:\/\/www.gymnastica.fi\/sv\/tuote\/kgm-mattvagn-300-x-100-x-135-cm-kg-f265194-l\/#primaryimage","url":"https:\/\/www.gymnastica.fi\/app\/uploads\/2025\/03\/KG-F265194.jpg","contentUrl":"https:\/\/www.gymnastica.fi\/app\/uploads\/2025\/03\/KG-F265194.jpg","width":480,"height":480},{"@type":"BreadcrumbList","@id":"https:\/\/www.gymnastica.fi\/sv\/tuote\/kgm-mattvagn-300-x-100-x-135-cm-kg-f265194-l\/#breadcrumb","itemListElement":[{"@type":"ListItem","position":1,"name":"Home","item":"https:\/\/www.gymnastica.fi\/sv\/"},{"@type":"ListItem","position":2,"name":"Butik","item":"https:\/\/www.gymnastica.fi\/sv\/butik\/"},{"@type":"ListItem","position":3,"name":"KGM mattvagn 300 x 100 x 135 cm KG-F265194-L"}]},{"@type":"WebSite","@id":"https:\/\/www.gymnastica.fi\/#website","url":"https:\/\/www.gymnastica.fi\/","name":"Gymnastica","description":"Liikunta- ja urheilutilasuunnittelun ja v\u00e4lineiden asiantuntija","publisher":{"@id":"https:\/\/www.gymnastica.fi\/#organization"},"potentialAction":[{"@type":"SearchAction","target":{"@type":"EntryPoint","urlTemplate":"https:\/\/www.gymnastica.fi\/?s={search_term_string}"},"query-input":{"@type":"PropertyValueSpecification","valueRequired":true,"valueName":"search_term_string"}}],"inLanguage":"sv-SE"},{"@type":"Organization","@id":"https:\/\/www.gymnastica.fi\/#organization","name":"Gymnastica","url":"https:\/\/www.gymnastica.fi\/","logo":{"@type":"ImageObject","inLanguage":"sv-SE","@id":"https:\/\/www.gymnastica.fi\/#\/schema\/logo\/image\/","url":"https:\/\/www.gymnastica.fi\/app\/uploads\/2021\/04\/logo.svg","contentUrl":"https:\/\/www.gymnastica.fi\/app\/uploads\/2021\/04\/logo.svg","width":246,"height":59,"caption":"Gymnastica"},"image":{"@id":"https:\/\/www.gymnastica.fi\/#\/schema\/logo\/image\/"}}]}},"_links":{"self":[{"href":"https:\/\/www.gymnastica.fi\/sv\/wp-json\/wp\/v2\/product\/45219","targetHints":{"allow":["GET"]}}],"collection":[{"href":"https:\/\/www.gymnastica.fi\/sv\/wp-json\/wp\/v2\/product"}],"about":[{"href":"https:\/\/www.gymnastica.fi\/sv\/wp-json\/wp\/v2\/types\/product"}],"wp:featuredmedia":[{"embeddable":true,"href":"https:\/\/www.gymnastica.fi\/sv\/wp-json\/wp\/v2\/media\/42846"}],"wp:attachment":[{"href":"https:\/\/www.gymnastica.fi\/sv\/wp-json\/wp\/v2\/media?parent=45219"}],"wp:term":[{"taxonomy":"product_brand","embeddable":true,"href":"https:\/\/www.gymnastica.fi\/sv\/wp-json\/wp\/v2\/product_brand?post=45219"},{"taxonomy":"product_cat","embeddable":true,"href":"https:\/\/www.gymnastica.fi\/sv\/wp-json\/wp\/v2\/product_cat?post=45219"},{"taxonomy":"product_tag","embeddable":true,"href":"https:\/\/www.gymnastica.fi\/sv\/wp-json\/wp\/v2\/product_tag?post=45219"},{"taxonomy":"manufacturers","embeddable":true,"href":"https:\/\/www.gymnastica.fi\/sv\/wp-json\/wp\/v2\/manufacturers?post=45219"},{"taxonomy":"suppliers","embeddable":true,"href":"https:\/\/www.gymnastica.fi\/sv\/wp-json\/wp\/v2\/suppliers?post=45219"}],"curies":[{"name":"wp","href":"https:\/\/api.w.org\/{rel}","templated":true}]}}