{"id":45225,"date":"2025-02-19T13:59:34","date_gmt":"2025-02-19T11:59:34","guid":{"rendered":"https:\/\/www.gymnastica.fi\/tuote\/eurotramp-spieth-skyddsmatta-for-trampolin200-x-200-x-20-cm-eu-28220\/"},"modified":"2025-02-19T13:59:34","modified_gmt":"2025-02-19T11:59:34","slug":"eurotramp-spieth-skyddsmatta-for-trampolin200-x-200-x-20-cm-eu-28220","status":"publish","type":"product","link":"https:\/\/www.gymnastica.fi\/sv\/tuote\/eurotramp-spieth-skyddsmatta-for-trampolin200-x-200-x-20-cm-eu-28220\/","title":{"rendered":"Eurotramp &#8220;Spieth&#8221; skyddsmatta f\u00f6r trampolin200 x 200 x 20 cm EU-28220"},"content":{"rendered":"<p>Tillverkare: Eurotramp<\/p>\n<p>Eurotramp &#8220;Spieth&#8221; s\u00e4kerhetsmatta f\u00f6r runt omkring trampolinen 200 x 200 x 20 cm. Tjock st\u00f6tabsorberande skum. Ovansidan \u00e4r av filtgarn. Helt\u00e4ckande kardborref\u00e4ste f\u00f6r att koppla ihop mattorna. 4 b\u00e4rhandtag. F\u00f6r en Eurotramp Grand eller Eurotramp Ultimate trampolin beh\u00f6vs 6 st EU-28220 200 x 200 x 20 cm och 4 st EU-28330 300 x 200 x 20 cm samt s\u00e4kerhetsmatta.<\/p>\n","protected":false},"excerpt":{"rendered":"<p>Tillverkare: Eurotramp Eurotramp &#8220;Spieth&#8221; s\u00e4kerhetsmatta f\u00f6r runt omkring trampolinen 200 x 200 x 20 cm. Tjock st\u00f6tabsorberande skum. Ovansidan \u00e4r av filtgarn. Helt\u00e4ckande kardborref\u00e4ste f\u00f6r att koppla ihop mattorna. 4 b\u00e4rhandtag. F\u00f6r en Eurotramp Grand eller Eurotramp Ultimate trampolin beh\u00f6vs 6 st EU-28220 200 x 200 x 20 cm och 4 st EU-28330 300 x [&hellip;]<\/p>\n","protected":false},"featured_media":42822,"template":"","meta":{"_acf_changed":false,"_relevanssi_hide_post":"","_relevanssi_hide_content":"","_relevanssi_pin_for_all":"","_relevanssi_pin_keywords":"","_relevanssi_unpin_keywords":"","_relevanssi_related_keywords":"","_relevanssi_related_include_ids":"","_relevanssi_related_exclude_ids":"","_relevanssi_related_no_append":"","_relevanssi_related_not_related":"","_relevanssi_related_posts":"","_relevanssi_noindex_reason":""},"product_brand":[],"product_cat":[1654,2575],"product_tag":[2576,2386],"manufacturers":[],"suppliers":[],"class_list":{"0":"post-45225","1":"product","2":"type-product","3":"status-publish","4":"has-post-thumbnail","6":"product_cat-marken","7":"product_cat-eurotramp-sv","8":"product_tag-eurotramp-sv","9":"product_tag-sakerhetsmatta","11":"first","12":"instock","13":"taxable","14":"shipping-taxable","15":"product-type-simple"},"acf":[],"yoast_head":"<!-- This site is optimized with the Yoast SEO plugin v26.8 - https:\/\/yoast.com\/product\/yoast-seo-wordpress\/ -->\n<title>Eurotramp &quot;Spieth&quot; skyddsmatta f\u00f6r trampolin200 x 200 x 20 cm EU-28220 &#8212; Gymnastica<\/title>\n<meta name=\"robots\" content=\"index, follow, max-snippet:-1, max-image-preview:large, max-video-preview:-1\" \/>\n<link rel=\"canonical\" href=\"https:\/\/www.gymnastica.fi\/sv\/tuote\/eurotramp-spieth-skyddsmatta-for-trampolin200-x-200-x-20-cm-eu-28220\/\" \/>\n<meta property=\"og:locale\" content=\"sv_SE\" \/>\n<meta property=\"og:type\" content=\"article\" \/>\n<meta property=\"og:title\" content=\"Eurotramp &quot;Spieth&quot; skyddsmatta f\u00f6r trampolin200 x 200 x 20 cm EU-28220 &#8212; Gymnastica\" \/>\n<meta property=\"og:description\" content=\"Tillverkare: Eurotramp Eurotramp &#8220;Spieth&#8221; s\u00e4kerhetsmatta f\u00f6r runt omkring trampolinen 200 x 200 x 20 cm. Tjock st\u00f6tabsorberande skum. Ovansidan \u00e4r av filtgarn. Helt\u00e4ckande kardborref\u00e4ste f\u00f6r att koppla ihop mattorna. 4 b\u00e4rhandtag. F\u00f6r en Eurotramp Grand eller Eurotramp Ultimate trampolin beh\u00f6vs 6 st EU-28220 200 x 200 x 20 cm och 4 st EU-28330 300 x [&hellip;]\" \/>\n<meta property=\"og:url\" content=\"https:\/\/www.gymnastica.fi\/sv\/tuote\/eurotramp-spieth-skyddsmatta-for-trampolin200-x-200-x-20-cm-eu-28220\/\" \/>\n<meta property=\"og:site_name\" content=\"Gymnastica\" \/>\n<meta property=\"og:image\" content=\"https:\/\/www.gymnastica.fi\/app\/uploads\/2025\/02\/1668124135.jpg\" \/>\n\t<meta property=\"og:image:width\" content=\"898\" \/>\n\t<meta property=\"og:image:height\" content=\"500\" \/>\n\t<meta property=\"og:image:type\" content=\"image\/jpeg\" \/>\n<meta name=\"twitter:card\" content=\"summary_large_image\" \/>\n<script type=\"application\/ld+json\" class=\"yoast-schema-graph\">{\"@context\":\"https:\/\/schema.org\",\"@graph\":[{\"@type\":\"WebPage\",\"@id\":\"https:\/\/www.gymnastica.fi\/sv\/tuote\/eurotramp-spieth-skyddsmatta-for-trampolin200-x-200-x-20-cm-eu-28220\/\",\"url\":\"https:\/\/www.gymnastica.fi\/sv\/tuote\/eurotramp-spieth-skyddsmatta-for-trampolin200-x-200-x-20-cm-eu-28220\/\",\"name\":\"Eurotramp \\\"Spieth\\\" skyddsmatta f\u00f6r trampolin200 x 200 x 20 cm EU-28220 &#8212; Gymnastica\",\"isPartOf\":{\"@id\":\"https:\/\/www.gymnastica.fi\/#website\"},\"primaryImageOfPage\":{\"@id\":\"https:\/\/www.gymnastica.fi\/sv\/tuote\/eurotramp-spieth-skyddsmatta-for-trampolin200-x-200-x-20-cm-eu-28220\/#primaryimage\"},\"image\":{\"@id\":\"https:\/\/www.gymnastica.fi\/sv\/tuote\/eurotramp-spieth-skyddsmatta-for-trampolin200-x-200-x-20-cm-eu-28220\/#primaryimage\"},\"thumbnailUrl\":\"https:\/\/www.gymnastica.fi\/app\/uploads\/2025\/02\/1668124135.jpg\",\"datePublished\":\"2025-02-19T11:59:34+00:00\",\"breadcrumb\":{\"@id\":\"https:\/\/www.gymnastica.fi\/sv\/tuote\/eurotramp-spieth-skyddsmatta-for-trampolin200-x-200-x-20-cm-eu-28220\/#breadcrumb\"},\"inLanguage\":\"sv-SE\",\"potentialAction\":[{\"@type\":\"ReadAction\",\"target\":[\"https:\/\/www.gymnastica.fi\/sv\/tuote\/eurotramp-spieth-skyddsmatta-for-trampolin200-x-200-x-20-cm-eu-28220\/\"]}]},{\"@type\":\"ImageObject\",\"inLanguage\":\"sv-SE\",\"@id\":\"https:\/\/www.gymnastica.fi\/sv\/tuote\/eurotramp-spieth-skyddsmatta-for-trampolin200-x-200-x-20-cm-eu-28220\/#primaryimage\",\"url\":\"https:\/\/www.gymnastica.fi\/app\/uploads\/2025\/02\/1668124135.jpg\",\"contentUrl\":\"https:\/\/www.gymnastica.fi\/app\/uploads\/2025\/02\/1668124135.jpg\",\"width\":898,\"height\":500},{\"@type\":\"BreadcrumbList\",\"@id\":\"https:\/\/www.gymnastica.fi\/sv\/tuote\/eurotramp-spieth-skyddsmatta-for-trampolin200-x-200-x-20-cm-eu-28220\/#breadcrumb\",\"itemListElement\":[{\"@type\":\"ListItem\",\"position\":1,\"name\":\"Home\",\"item\":\"https:\/\/www.gymnastica.fi\/sv\/\"},{\"@type\":\"ListItem\",\"position\":2,\"name\":\"Butik\",\"item\":\"https:\/\/www.gymnastica.fi\/sv\/butik\/\"},{\"@type\":\"ListItem\",\"position\":3,\"name\":\"Eurotramp &#8220;Spieth&#8221; skyddsmatta f\u00f6r trampolin200 x 200 x 20 cm EU-28220\"}]},{\"@type\":\"WebSite\",\"@id\":\"https:\/\/www.gymnastica.fi\/#website\",\"url\":\"https:\/\/www.gymnastica.fi\/\",\"name\":\"Gymnastica\",\"description\":\"Liikunta- ja urheilutilasuunnittelun ja v\u00e4lineiden asiantuntija\",\"publisher\":{\"@id\":\"https:\/\/www.gymnastica.fi\/#organization\"},\"potentialAction\":[{\"@type\":\"SearchAction\",\"target\":{\"@type\":\"EntryPoint\",\"urlTemplate\":\"https:\/\/www.gymnastica.fi\/?s={search_term_string}\"},\"query-input\":{\"@type\":\"PropertyValueSpecification\",\"valueRequired\":true,\"valueName\":\"search_term_string\"}}],\"inLanguage\":\"sv-SE\"},{\"@type\":\"Organization\",\"@id\":\"https:\/\/www.gymnastica.fi\/#organization\",\"name\":\"Gymnastica\",\"url\":\"https:\/\/www.gymnastica.fi\/\",\"logo\":{\"@type\":\"ImageObject\",\"inLanguage\":\"sv-SE\",\"@id\":\"https:\/\/www.gymnastica.fi\/#\/schema\/logo\/image\/\",\"url\":\"https:\/\/www.gymnastica.fi\/app\/uploads\/2021\/04\/logo.svg\",\"contentUrl\":\"https:\/\/www.gymnastica.fi\/app\/uploads\/2021\/04\/logo.svg\",\"width\":246,\"height\":59,\"caption\":\"Gymnastica\"},\"image\":{\"@id\":\"https:\/\/www.gymnastica.fi\/#\/schema\/logo\/image\/\"}}]}<\/script>\n<!-- \/ Yoast SEO plugin. -->","yoast_head_json":{"title":"Eurotramp \"Spieth\" skyddsmatta f\u00f6r trampolin200 x 200 x 20 cm EU-28220 &#8212; Gymnastica","robots":{"index":"index","follow":"follow","max-snippet":"max-snippet:-1","max-image-preview":"max-image-preview:large","max-video-preview":"max-video-preview:-1"},"canonical":"https:\/\/www.gymnastica.fi\/sv\/tuote\/eurotramp-spieth-skyddsmatta-for-trampolin200-x-200-x-20-cm-eu-28220\/","og_locale":"sv_SE","og_type":"article","og_title":"Eurotramp \"Spieth\" skyddsmatta f\u00f6r trampolin200 x 200 x 20 cm EU-28220 &#8212; Gymnastica","og_description":"Tillverkare: Eurotramp Eurotramp &#8220;Spieth&#8221; s\u00e4kerhetsmatta f\u00f6r runt omkring trampolinen 200 x 200 x 20 cm. Tjock st\u00f6tabsorberande skum. Ovansidan \u00e4r av filtgarn. Helt\u00e4ckande kardborref\u00e4ste f\u00f6r att koppla ihop mattorna. 4 b\u00e4rhandtag. F\u00f6r en Eurotramp Grand eller Eurotramp Ultimate trampolin beh\u00f6vs 6 st EU-28220 200 x 200 x 20 cm och 4 st EU-28330 300 x [&hellip;]","og_url":"https:\/\/www.gymnastica.fi\/sv\/tuote\/eurotramp-spieth-skyddsmatta-for-trampolin200-x-200-x-20-cm-eu-28220\/","og_site_name":"Gymnastica","og_image":[{"width":898,"height":500,"url":"https:\/\/www.gymnastica.fi\/app\/uploads\/2025\/02\/1668124135.jpg","type":"image\/jpeg"}],"twitter_card":"summary_large_image","schema":{"@context":"https:\/\/schema.org","@graph":[{"@type":"WebPage","@id":"https:\/\/www.gymnastica.fi\/sv\/tuote\/eurotramp-spieth-skyddsmatta-for-trampolin200-x-200-x-20-cm-eu-28220\/","url":"https:\/\/www.gymnastica.fi\/sv\/tuote\/eurotramp-spieth-skyddsmatta-for-trampolin200-x-200-x-20-cm-eu-28220\/","name":"Eurotramp \"Spieth\" skyddsmatta f\u00f6r trampolin200 x 200 x 20 cm EU-28220 &#8212; Gymnastica","isPartOf":{"@id":"https:\/\/www.gymnastica.fi\/#website"},"primaryImageOfPage":{"@id":"https:\/\/www.gymnastica.fi\/sv\/tuote\/eurotramp-spieth-skyddsmatta-for-trampolin200-x-200-x-20-cm-eu-28220\/#primaryimage"},"image":{"@id":"https:\/\/www.gymnastica.fi\/sv\/tuote\/eurotramp-spieth-skyddsmatta-for-trampolin200-x-200-x-20-cm-eu-28220\/#primaryimage"},"thumbnailUrl":"https:\/\/www.gymnastica.fi\/app\/uploads\/2025\/02\/1668124135.jpg","datePublished":"2025-02-19T11:59:34+00:00","breadcrumb":{"@id":"https:\/\/www.gymnastica.fi\/sv\/tuote\/eurotramp-spieth-skyddsmatta-for-trampolin200-x-200-x-20-cm-eu-28220\/#breadcrumb"},"inLanguage":"sv-SE","potentialAction":[{"@type":"ReadAction","target":["https:\/\/www.gymnastica.fi\/sv\/tuote\/eurotramp-spieth-skyddsmatta-for-trampolin200-x-200-x-20-cm-eu-28220\/"]}]},{"@type":"ImageObject","inLanguage":"sv-SE","@id":"https:\/\/www.gymnastica.fi\/sv\/tuote\/eurotramp-spieth-skyddsmatta-for-trampolin200-x-200-x-20-cm-eu-28220\/#primaryimage","url":"https:\/\/www.gymnastica.fi\/app\/uploads\/2025\/02\/1668124135.jpg","contentUrl":"https:\/\/www.gymnastica.fi\/app\/uploads\/2025\/02\/1668124135.jpg","width":898,"height":500},{"@type":"BreadcrumbList","@id":"https:\/\/www.gymnastica.fi\/sv\/tuote\/eurotramp-spieth-skyddsmatta-for-trampolin200-x-200-x-20-cm-eu-28220\/#breadcrumb","itemListElement":[{"@type":"ListItem","position":1,"name":"Home","item":"https:\/\/www.gymnastica.fi\/sv\/"},{"@type":"ListItem","position":2,"name":"Butik","item":"https:\/\/www.gymnastica.fi\/sv\/butik\/"},{"@type":"ListItem","position":3,"name":"Eurotramp &#8220;Spieth&#8221; skyddsmatta f\u00f6r trampolin200 x 200 x 20 cm EU-28220"}]},{"@type":"WebSite","@id":"https:\/\/www.gymnastica.fi\/#website","url":"https:\/\/www.gymnastica.fi\/","name":"Gymnastica","description":"Liikunta- ja urheilutilasuunnittelun ja v\u00e4lineiden asiantuntija","publisher":{"@id":"https:\/\/www.gymnastica.fi\/#organization"},"potentialAction":[{"@type":"SearchAction","target":{"@type":"EntryPoint","urlTemplate":"https:\/\/www.gymnastica.fi\/?s={search_term_string}"},"query-input":{"@type":"PropertyValueSpecification","valueRequired":true,"valueName":"search_term_string"}}],"inLanguage":"sv-SE"},{"@type":"Organization","@id":"https:\/\/www.gymnastica.fi\/#organization","name":"Gymnastica","url":"https:\/\/www.gymnastica.fi\/","logo":{"@type":"ImageObject","inLanguage":"sv-SE","@id":"https:\/\/www.gymnastica.fi\/#\/schema\/logo\/image\/","url":"https:\/\/www.gymnastica.fi\/app\/uploads\/2021\/04\/logo.svg","contentUrl":"https:\/\/www.gymnastica.fi\/app\/uploads\/2021\/04\/logo.svg","width":246,"height":59,"caption":"Gymnastica"},"image":{"@id":"https:\/\/www.gymnastica.fi\/#\/schema\/logo\/image\/"}}]}},"_links":{"self":[{"href":"https:\/\/www.gymnastica.fi\/sv\/wp-json\/wp\/v2\/product\/45225","targetHints":{"allow":["GET"]}}],"collection":[{"href":"https:\/\/www.gymnastica.fi\/sv\/wp-json\/wp\/v2\/product"}],"about":[{"href":"https:\/\/www.gymnastica.fi\/sv\/wp-json\/wp\/v2\/types\/product"}],"wp:featuredmedia":[{"embeddable":true,"href":"https:\/\/www.gymnastica.fi\/sv\/wp-json\/wp\/v2\/media\/42822"}],"wp:attachment":[{"href":"https:\/\/www.gymnastica.fi\/sv\/wp-json\/wp\/v2\/media?parent=45225"}],"wp:term":[{"taxonomy":"product_brand","embeddable":true,"href":"https:\/\/www.gymnastica.fi\/sv\/wp-json\/wp\/v2\/product_brand?post=45225"},{"taxonomy":"product_cat","embeddable":true,"href":"https:\/\/www.gymnastica.fi\/sv\/wp-json\/wp\/v2\/product_cat?post=45225"},{"taxonomy":"product_tag","embeddable":true,"href":"https:\/\/www.gymnastica.fi\/sv\/wp-json\/wp\/v2\/product_tag?post=45225"},{"taxonomy":"manufacturers","embeddable":true,"href":"https:\/\/www.gymnastica.fi\/sv\/wp-json\/wp\/v2\/manufacturers?post=45225"},{"taxonomy":"suppliers","embeddable":true,"href":"https:\/\/www.gymnastica.fi\/sv\/wp-json\/wp\/v2\/suppliers?post=45225"}],"curies":[{"name":"wp","href":"https:\/\/api.w.org\/{rel}","templated":true}]}}